{"id":4781,"date":"2025-10-09T08:29:11","date_gmt":"2025-10-09T08:29:11","guid":{"rendered":"https:\/\/www.sdapakuote.lt\/?page_id=4781"},"modified":"2025-10-09T10:50:17","modified_gmt":"2025-10-09T10:50:17","slug":"d-u-k","status":"publish","type":"page","link":"https:\/\/www.sdapakuote.lt\/lv\/d-u-k\/","title":{"rendered":"D.U.K."},"content":{"rendered":"<p style=\"text-align: center;\" data-start=\"232\" data-end=\"628\">Visa noder\u012bg\u0101 inform\u0101cija par <strong data-start=\"262\" data-end=\"342\">iepakojumu, iepako\u0161anu, jaun\u0101kaj\u0101m iepakojuma tendenc\u0113m un nozares jaunumiem<\/strong>.<br data-start=\"343\" data-end=\"346\" \/><br \/>\nM\u0113s cen\u0161amies dal\u012bties ar savu <strong data-start=\"377\" data-end=\"397\">uzkr\u0101to pieredzi<\/strong> \u0161aj\u0101 jom\u0101 ne tikai ar m\u016bsu klientiem, bet ar\u012b ar <strong data-start=\"447\" data-end=\"509\">ikvienu, kur\u0161 iepako, s\u016bta, uzs\u0101k vai att\u012bsta savu biznesu<\/strong>.<br data-start=\"510\" data-end=\"513\" \/><br \/>\nJo <strong data-start=\"516\" data-end=\"580\">neviens bizness nav iedom\u0101jams bez iepakojuma un iepako\u0161anas<\/strong> \u2013 tie ir neat\u0146emama uz\u0146\u0113m\u0113jdarb\u012bbas sast\u0101vda\u013ca.<\/p>\n<p style=\"text-align: center;\" data-start=\"630\" data-end=\"662\"><strong data-start=\"630\" data-end=\"662\">Lai veicas ar iepako\u0161anu! \ud83d\ude0a<\/strong><\/p>\n","protected":false},"excerpt":{"rendered":"<p>Visa noder\u012bg\u0101 inform\u0101cija par iepakojumu, iepako\u0161anu, jaun\u0101kaj\u0101m iepakojuma tendenc\u0113m un nozares jaunumiem. M\u0113s cen\u0161amies dal\u012bties ar savu uzkr\u0101to pieredzi \u0161aj\u0101 jom\u0101 ne tikai ar m\u016bsu klientiem, bet ar\u012b ar ikvienu, kur\u0161 iepako, s\u016bta, uzs\u0101k vai att\u012bsta savu biznesu. Jo neviens bizness nav iedom\u0101jams bez iepakojuma un iepako\u0161anas \u2013 tie ir neat\u0146emama uz\u0146\u0113m\u0113jdarb\u012bbas sast\u0101vda\u013ca. Lai veicas [&hellip;]<\/p>\n","protected":false},"author":2,"featured_media":4783,"parent":0,"menu_order":0,"comment_status":"closed","ping_status":"closed","template":"page-duk.php","meta":{"_acf_changed":false,"footnotes":""},"class_list":["post-4781","page","type-page","status-publish","has-post-thumbnail","hentry"],"acf":[],"yoast_head":"<!-- This site is optimized with the Yoast SEO plugin v27.4 - https:\/\/yoast.com\/product\/yoast-seo-wordpress\/ -->\n<title>D.U.K. - sdapakuote.lt<\/title>\n<meta name=\"description\" content=\"Visa noder\u012bg\u0101 inform\u0101cija par iepakojumu un iepako\u0161anu \u2013 tendences, jaunumi un profesion\u0101li padomi. Dal\u0101mies pieredz\u0113 ar visiem, kam iepakojums ir svar\u012bgs biznes\u0101.\" \/>\n<meta name=\"robots\" content=\"index, follow, max-snippet:-1, max-image-preview:large, max-video-preview:-1\" \/>\n<link rel=\"canonical\" href=\"https:\/\/www.sdapakuote.lt\/lv\/d-u-k\/\" \/>\n<meta property=\"og:locale\" content=\"lv_LV\" \/>\n<meta property=\"og:type\" content=\"article\" \/>\n<meta property=\"og:title\" content=\"D.U.K. - sdapakuote.lt\" \/>\n<meta property=\"og:description\" content=\"Visa noder\u012bg\u0101 inform\u0101cija par iepakojumu un iepako\u0161anu \u2013 tendences, jaunumi un profesion\u0101li padomi. Dal\u0101mies pieredz\u0113 ar visiem, kam iepakojums ir svar\u012bgs biznes\u0101.\" \/>\n<meta property=\"og:url\" content=\"https:\/\/www.sdapakuote.lt\/lv\/d-u-k\/\" \/>\n<meta property=\"og:site_name\" content=\"sdapakuote.lt\" \/>\n<meta property=\"article:modified_time\" content=\"2025-10-09T10:50:17+00:00\" \/>\n<meta property=\"og:image\" content=\"https:\/\/www.sdapakuote.lt\/wp-content\/uploads\/2025\/10\/Labai-didelis-pakavimo-medziagu-pasirinkimas-1024x683.png\" \/>\n\t<meta property=\"og:image:width\" content=\"1024\" \/>\n\t<meta property=\"og:image:height\" content=\"683\" \/>\n\t<meta property=\"og:image:type\" content=\"image\/png\" \/>\n<meta name=\"twitter:card\" content=\"summary_large_image\" \/>\n<meta name=\"twitter:label1\" content=\"Est. reading time\" \/>\n\t<meta name=\"twitter:data1\" content=\"1 minute\" \/>\n<script type=\"application\/ld+json\" class=\"yoast-schema-graph\">{\"@context\":\"https:\\\/\\\/schema.org\",\"@graph\":[{\"@type\":\"WebPage\",\"@id\":\"https:\\\/\\\/www.sdapakuote.lt\\\/lv\\\/d-u-k\\\/\",\"url\":\"https:\\\/\\\/www.sdapakuote.lt\\\/lv\\\/d-u-k\\\/\",\"name\":\"D.U.K. - sdapakuote.lt\",\"isPartOf\":{\"@id\":\"https:\\\/\\\/www.sdapakuote.lt\\\/lv\\\/#website\"},\"primaryImageOfPage\":{\"@id\":\"https:\\\/\\\/www.sdapakuote.lt\\\/lv\\\/d-u-k\\\/#primaryimage\"},\"image\":{\"@id\":\"https:\\\/\\\/www.sdapakuote.lt\\\/lv\\\/d-u-k\\\/#primaryimage\"},\"thumbnailUrl\":\"https:\\\/\\\/www.sdapakuote.lt\\\/wp-content\\\/uploads\\\/2025\\\/10\\\/Labai-didelis-pakavimo-medziagu-pasirinkimas.png\",\"datePublished\":\"2025-10-09T08:29:11+00:00\",\"dateModified\":\"2025-10-09T10:50:17+00:00\",\"description\":\"Visa noder\u012bg\u0101 inform\u0101cija par iepakojumu un iepako\u0161anu \u2013 tendences, jaunumi un profesion\u0101li padomi. Dal\u0101mies pieredz\u0113 ar visiem, kam iepakojums ir svar\u012bgs biznes\u0101.\",\"breadcrumb\":{\"@id\":\"https:\\\/\\\/www.sdapakuote.lt\\\/lv\\\/d-u-k\\\/#breadcrumb\"},\"inLanguage\":\"lv-LV\",\"potentialAction\":[{\"@type\":\"ReadAction\",\"target\":[\"https:\\\/\\\/www.sdapakuote.lt\\\/lv\\\/d-u-k\\\/\"]}]},{\"@type\":\"ImageObject\",\"inLanguage\":\"lv-LV\",\"@id\":\"https:\\\/\\\/www.sdapakuote.lt\\\/lv\\\/d-u-k\\\/#primaryimage\",\"url\":\"https:\\\/\\\/www.sdapakuote.lt\\\/wp-content\\\/uploads\\\/2025\\\/10\\\/Labai-didelis-pakavimo-medziagu-pasirinkimas.png\",\"contentUrl\":\"https:\\\/\\\/www.sdapakuote.lt\\\/wp-content\\\/uploads\\\/2025\\\/10\\\/Labai-didelis-pakavimo-medziagu-pasirinkimas.png\",\"width\":1536,\"height\":1024,\"caption\":\"Pakuo\u010di\u0173 sand\u0117lis \u2013 \u012fvairi\u0173 pakavimo sprendim\u0173 centras\"},{\"@type\":\"BreadcrumbList\",\"@id\":\"https:\\\/\\\/www.sdapakuote.lt\\\/lv\\\/d-u-k\\\/#breadcrumb\",\"itemListElement\":[{\"@type\":\"ListItem\",\"position\":1,\"name\":\"Home\",\"item\":\"https:\\\/\\\/www.sdapakuote.lt\\\/lv\\\/\"},{\"@type\":\"ListItem\",\"position\":2,\"name\":\"D.U.K.\"}]},{\"@type\":\"WebSite\",\"@id\":\"https:\\\/\\\/www.sdapakuote.lt\\\/lv\\\/#website\",\"url\":\"https:\\\/\\\/www.sdapakuote.lt\\\/lv\\\/\",\"name\":\"sdapakuote.lt\",\"description\":\"Kol kas tik dar vienas WordPress tinklalapis\",\"potentialAction\":[{\"@type\":\"SearchAction\",\"target\":{\"@type\":\"EntryPoint\",\"urlTemplate\":\"https:\\\/\\\/www.sdapakuote.lt\\\/lv\\\/?s={search_term_string}\"},\"query-input\":{\"@type\":\"PropertyValueSpecification\",\"valueRequired\":true,\"valueName\":\"search_term_string\"}}],\"inLanguage\":\"lv-LV\"}]}<\/script>\n<!-- \/ Yoast SEO plugin. -->","yoast_head_json":{"title":"D.U.K. - sdapakuote.lt","description":"Visa noder\u012bg\u0101 inform\u0101cija par iepakojumu un iepako\u0161anu \u2013 tendences, jaunumi un profesion\u0101li padomi. Dal\u0101mies pieredz\u0113 ar visiem, kam iepakojums ir svar\u012bgs biznes\u0101.","robots":{"index":"index","follow":"follow","max-snippet":"max-snippet:-1","max-image-preview":"max-image-preview:large","max-video-preview":"max-video-preview:-1"},"canonical":"https:\/\/www.sdapakuote.lt\/lv\/d-u-k\/","og_locale":"lv_LV","og_type":"article","og_title":"D.U.K. - sdapakuote.lt","og_description":"Visa noder\u012bg\u0101 inform\u0101cija par iepakojumu un iepako\u0161anu \u2013 tendences, jaunumi un profesion\u0101li padomi. Dal\u0101mies pieredz\u0113 ar visiem, kam iepakojums ir svar\u012bgs biznes\u0101.","og_url":"https:\/\/www.sdapakuote.lt\/lv\/d-u-k\/","og_site_name":"sdapakuote.lt","article_modified_time":"2025-10-09T10:50:17+00:00","og_image":[{"width":1024,"height":683,"url":"https:\/\/www.sdapakuote.lt\/wp-content\/uploads\/2025\/10\/Labai-didelis-pakavimo-medziagu-pasirinkimas-1024x683.png","type":"image\/png"}],"twitter_card":"summary_large_image","twitter_misc":{"Est. reading time":"1 minute"},"schema":{"@context":"https:\/\/schema.org","@graph":[{"@type":"WebPage","@id":"https:\/\/www.sdapakuote.lt\/lv\/d-u-k\/","url":"https:\/\/www.sdapakuote.lt\/lv\/d-u-k\/","name":"D.U.K. - sdapakuote.lt","isPartOf":{"@id":"https:\/\/www.sdapakuote.lt\/lv\/#website"},"primaryImageOfPage":{"@id":"https:\/\/www.sdapakuote.lt\/lv\/d-u-k\/#primaryimage"},"image":{"@id":"https:\/\/www.sdapakuote.lt\/lv\/d-u-k\/#primaryimage"},"thumbnailUrl":"https:\/\/www.sdapakuote.lt\/wp-content\/uploads\/2025\/10\/Labai-didelis-pakavimo-medziagu-pasirinkimas.png","datePublished":"2025-10-09T08:29:11+00:00","dateModified":"2025-10-09T10:50:17+00:00","description":"Visa noder\u012bg\u0101 inform\u0101cija par iepakojumu un iepako\u0161anu \u2013 tendences, jaunumi un profesion\u0101li padomi. Dal\u0101mies pieredz\u0113 ar visiem, kam iepakojums ir svar\u012bgs biznes\u0101.","breadcrumb":{"@id":"https:\/\/www.sdapakuote.lt\/lv\/d-u-k\/#breadcrumb"},"inLanguage":"lv-LV","potentialAction":[{"@type":"ReadAction","target":["https:\/\/www.sdapakuote.lt\/lv\/d-u-k\/"]}]},{"@type":"ImageObject","inLanguage":"lv-LV","@id":"https:\/\/www.sdapakuote.lt\/lv\/d-u-k\/#primaryimage","url":"https:\/\/www.sdapakuote.lt\/wp-content\/uploads\/2025\/10\/Labai-didelis-pakavimo-medziagu-pasirinkimas.png","contentUrl":"https:\/\/www.sdapakuote.lt\/wp-content\/uploads\/2025\/10\/Labai-didelis-pakavimo-medziagu-pasirinkimas.png","width":1536,"height":1024,"caption":"Pakuo\u010di\u0173 sand\u0117lis \u2013 \u012fvairi\u0173 pakavimo sprendim\u0173 centras"},{"@type":"BreadcrumbList","@id":"https:\/\/www.sdapakuote.lt\/lv\/d-u-k\/#breadcrumb","itemListElement":[{"@type":"ListItem","position":1,"name":"Home","item":"https:\/\/www.sdapakuote.lt\/lv\/"},{"@type":"ListItem","position":2,"name":"D.U.K."}]},{"@type":"WebSite","@id":"https:\/\/www.sdapakuote.lt\/lv\/#website","url":"https:\/\/www.sdapakuote.lt\/lv\/","name":"sdapakuote.lt","description":"Kol kas tik dar vienas WordPress tinklalapis","potentialAction":[{"@type":"SearchAction","target":{"@type":"EntryPoint","urlTemplate":"https:\/\/www.sdapakuote.lt\/lv\/?s={search_term_string}"},"query-input":{"@type":"PropertyValueSpecification","valueRequired":true,"valueName":"search_term_string"}}],"inLanguage":"lv-LV"}]}},"_links":{"self":[{"href":"https:\/\/www.sdapakuote.lt\/lv\/wp-json\/wp\/v2\/pages\/4781","targetHints":{"allow":["GET"]}}],"collection":[{"href":"https:\/\/www.sdapakuote.lt\/lv\/wp-json\/wp\/v2\/pages"}],"about":[{"href":"https:\/\/www.sdapakuote.lt\/lv\/wp-json\/wp\/v2\/types\/page"}],"author":[{"embeddable":true,"href":"https:\/\/www.sdapakuote.lt\/lv\/wp-json\/wp\/v2\/users\/2"}],"replies":[{"embeddable":true,"href":"https:\/\/www.sdapakuote.lt\/lv\/wp-json\/wp\/v2\/comments?post=4781"}],"version-history":[{"count":1,"href":"https:\/\/www.sdapakuote.lt\/lv\/wp-json\/wp\/v2\/pages\/4781\/revisions"}],"predecessor-version":[{"id":4782,"href":"https:\/\/www.sdapakuote.lt\/lv\/wp-json\/wp\/v2\/pages\/4781\/revisions\/4782"}],"wp:featuredmedia":[{"embeddable":true,"href":"https:\/\/www.sdapakuote.lt\/lv\/wp-json\/wp\/v2\/media\/4783"}],"wp:attachment":[{"href":"https:\/\/www.sdapakuote.lt\/lv\/wp-json\/wp\/v2\/media?parent=4781"}],"curies":[{"name":"wp","href":"https:\/\/api.w.org\/{rel}","templated":true}]}}