{"id":4777,"date":"2025-10-09T08:24:06","date_gmt":"2025-10-09T08:24:06","guid":{"rendered":"https:\/\/www.sdapakuote.lt\/?page_id=4777"},"modified":"2025-10-09T08:24:16","modified_gmt":"2025-10-09T08:24:16","slug":"personalizetie-papira-maisini-ar-logotipu-vai-uzrakstiem","status":"publish","type":"page","link":"https:\/\/www.sdapakuote.lt\/lv\/produkti\/personalizets-papira-iepakojums-ar-logotipu-vai-uzrakstiem\/personalizetie-papira-maisini-ar-logotipu-vai-uzrakstiem\/","title":{"rendered":"Personaliz\u0113tie pap\u012bra maisi\u0146i ar logotipu vai uzrakstiem"},"content":{"rendered":"<p><img loading=\"lazy\" decoding=\"async\" class=\"size-medium wp-image-4237 alignleft\" src=\"https:\/\/www.sdapakuote.lt\/wp-content\/uploads\/2025\/10\/Personalizuoti-popieriniai-maiseliai-300x300.png\" alt=\"ersonalizuoti popieriniai mai\u0161eliai su logotipais \u2013 \u012fvairi\u0173 dyd\u017ei\u0173 ir spalv\u0173\" width=\"300\" height=\"300\" srcset=\"https:\/\/www.sdapakuote.lt\/wp-content\/uploads\/2025\/10\/Personalizuoti-popieriniai-maiseliai-300x300.png 300w, https:\/\/www.sdapakuote.lt\/wp-content\/uploads\/2025\/10\/Personalizuoti-popieriniai-maiseliai-150x150.png 150w, https:\/\/www.sdapakuote.lt\/wp-content\/uploads\/2025\/10\/Personalizuoti-popieriniai-maiseliai-768x768.png 768w, https:\/\/www.sdapakuote.lt\/wp-content\/uploads\/2025\/10\/Personalizuoti-popieriniai-maiseliai.png 1024w\" sizes=\"auto, (max-width: 300px) 100vw, 300px\" \/><\/p>\n<p data-start=\"371\" data-end=\"691\"><strong data-start=\"371\" data-end=\"431\">Personaliz\u0113tie pap\u012bra maisi\u0146i ar logotipu vai uzrakstiem<\/strong> \u2013 lielisks veids, k\u0101 reklam\u0113t savu uz\u0146\u0113mumu un vienlaikus pied\u0101v\u0101t klientiem \u0113rtu un videi draudz\u012bgu iepakojumu.<br data-start=\"544\" data-end=\"547\" \/><br \/>\n<strong data-start=\"547\" data-end=\"562\">SDA Pakuot\u0117<\/strong> ra\u017eo augstas kvalit\u0101tes maisi\u0146us, uz kuriem varam uzdruk\u0101t j\u016bsu uz\u0146\u0113muma logotipu, saukli vai jebkuru citu nepiecie\u0161amo dizainu.<\/p>\n<p data-start=\"693\" data-end=\"942\">\u0160\u0101di <strong data-start=\"698\" data-end=\"727\">pap\u012bra maisi\u0146i ar apdruku<\/strong> visbie\u017e\u0101k tiek izmantoti <strong data-start=\"753\" data-end=\"790\">tirdzniec\u012bb\u0101, pas\u0101kumos, izst\u0101d\u0113s<\/strong>, k\u0101 ar\u012b <strong data-start=\"799\" data-end=\"845\">d\u0101vanu un rekl\u0101mas produkcijas iepako\u0161anai<\/strong>. Tie ir ne tikai praktiski, bet ar\u012b pal\u012bdz veidot <strong data-start=\"896\" data-end=\"941\">profesion\u0101lu un atpaz\u012bstamu uz\u0146\u0113muma t\u0113lu<\/strong>.<\/p>\n<p data-start=\"944\" data-end=\"1340\">Maisi\u0146us varam izgatavot <strong data-start=\"969\" data-end=\"1008\">da\u017e\u0101dos izm\u0113ros, kr\u0101s\u0101s un biezumos<\/strong>, piel\u0101gojot gan <strong data-start=\"1025\" data-end=\"1052\">maz\u0101m s\u016bt\u012bjumu vien\u012bb\u0101m<\/strong>, gan <strong data-start=\"1058\" data-end=\"1084\">liel\u0101kiem iepakojumiem<\/strong>.<br data-start=\"1085\" data-end=\"1088\" \/><br \/>\nRa\u017eo\u0161an\u0101 izmantojam <strong data-start=\"1108\" data-end=\"1155\">ekolo\u0123iskas, uz \u016bdens b\u0101zes veidotas kr\u0101sas<\/strong>, t\u0101d\u0113j\u0101di nodro\u0161inot, ka produkcija ir <strong data-start=\"1195\" data-end=\"1214\">videi draudz\u012bga<\/strong>.<br data-start=\"1215\" data-end=\"1218\" \/><br \/>\nPas\u016bt\u012bjumus izpild\u0101m gan <strong data-start=\"1243\" data-end=\"1265\">vairumtirdzniec\u012bb\u0101<\/strong>, gan <strong data-start=\"1271\" data-end=\"1292\">maz\u0101kos daudzumos<\/strong> \u2013 no da\u017eiem gabaliem l\u012bdz vair\u0101kiem t\u016bksto\u0161iem.<\/p>\n<p data-start=\"1342\" data-end=\"1514\">Izv\u0113loties <strong data-start=\"1353\" data-end=\"1368\">SDA Pakuot\u0117<\/strong>, j\u016bs ieg\u016bstat <strong data-start=\"1383\" data-end=\"1417\">personaliz\u0113tus pap\u012bra maisi\u0146us<\/strong>, kas izce\u013cas ar <strong data-start=\"1434\" data-end=\"1466\">kvalit\u0101ti, est\u0113tisku izskatu<\/strong> un pie\u0161\u0137ir j\u016bsu produktiem <strong data-start=\"1494\" data-end=\"1513\">papildu v\u0113rt\u012bbu<\/strong>.<\/p>\n","protected":false},"excerpt":{"rendered":"<p>Personaliz\u0113tie pap\u012bra maisi\u0146i ar logotipu vai uzrakstiem \u2013 lielisks veids, k\u0101 reklam\u0113t savu uz\u0146\u0113mumu un vienlaikus pied\u0101v\u0101t klientiem \u0113rtu un videi draudz\u012bgu iepakojumu. SDA Pakuot\u0117 ra\u017eo augstas kvalit\u0101tes maisi\u0146us, uz kuriem varam uzdruk\u0101t j\u016bsu uz\u0146\u0113muma logotipu, saukli vai jebkuru citu nepiecie\u0161amo dizainu. \u0160\u0101di pap\u012bra maisi\u0146i ar apdruku visbie\u017e\u0101k tiek izmantoti tirdzniec\u012bb\u0101, pas\u0101kumos, izst\u0101d\u0113s, k\u0101 ar\u012b [&hellip;]<\/p>\n","protected":false},"author":2,"featured_media":0,"parent":4706,"menu_order":0,"comment_status":"closed","ping_status":"closed","template":"page-products.php","meta":{"_acf_changed":false,"footnotes":""},"class_list":["post-4777","page","type-page","status-publish","hentry"],"acf":[],"yoast_head":"<!-- This site is optimized with the Yoast SEO plugin v27.4 - https:\/\/yoast.com\/product\/yoast-seo-wordpress\/ -->\n<title>Personaliz\u0113tie pap\u012bra maisi\u0146i ar logotipu vai uzrakstiem - sdapakuote.lt<\/title>\n<meta name=\"description\" content=\"personaliz\u0113tie pap\u012bra maisi\u0146i, ar logotipu, rekl\u0101mas iepakojums, d\u0101vanu maisi\u0146i, ekolo\u0123isks iepakojums, pap\u012bra maisi\u0146u ra\u017eo\u0161ana, maisi\u0146i pas\u0101kumiem un tirdzniec\u012bbai.\" \/>\n<meta name=\"robots\" content=\"index, follow, max-snippet:-1, max-image-preview:large, max-video-preview:-1\" \/>\n<link rel=\"canonical\" href=\"https:\/\/www.sdapakuote.lt\/lv\/produkti\/personalizets-papira-iepakojums-ar-logotipu-vai-uzrakstiem\/personalizetie-papira-maisini-ar-logotipu-vai-uzrakstiem\/\" \/>\n<meta property=\"og:locale\" content=\"lv_LV\" \/>\n<meta property=\"og:type\" content=\"article\" \/>\n<meta property=\"og:title\" content=\"Personaliz\u0113tie pap\u012bra maisi\u0146i ar logotipu vai uzrakstiem - sdapakuote.lt\" \/>\n<meta property=\"og:description\" content=\"personaliz\u0113tie pap\u012bra maisi\u0146i, ar logotipu, rekl\u0101mas iepakojums, d\u0101vanu maisi\u0146i, ekolo\u0123isks iepakojums, pap\u012bra maisi\u0146u ra\u017eo\u0161ana, maisi\u0146i pas\u0101kumiem un tirdzniec\u012bbai.\" \/>\n<meta property=\"og:url\" content=\"https:\/\/www.sdapakuote.lt\/lv\/produkti\/personalizets-papira-iepakojums-ar-logotipu-vai-uzrakstiem\/personalizetie-papira-maisini-ar-logotipu-vai-uzrakstiem\/\" \/>\n<meta property=\"og:site_name\" content=\"sdapakuote.lt\" \/>\n<meta property=\"article:modified_time\" content=\"2025-10-09T08:24:16+00:00\" \/>\n<meta property=\"og:image\" content=\"https:\/\/www.sdapakuote.lt\/wp-content\/uploads\/2025\/10\/Personalizuoti-popieriniai-maiseliai.png\" \/>\n\t<meta property=\"og:image:width\" content=\"1024\" \/>\n\t<meta property=\"og:image:height\" content=\"1024\" \/>\n\t<meta property=\"og:image:type\" content=\"image\/png\" \/>\n<meta name=\"twitter:card\" content=\"summary_large_image\" \/>\n<meta name=\"twitter:label1\" content=\"Est. reading time\" \/>\n\t<meta name=\"twitter:data1\" content=\"1 minute\" \/>\n<script type=\"application\/ld+json\" class=\"yoast-schema-graph\">{\"@context\":\"https:\\\/\\\/schema.org\",\"@graph\":[{\"@type\":\"WebPage\",\"@id\":\"https:\\\/\\\/www.sdapakuote.lt\\\/lv\\\/produkti\\\/personalizets-papira-iepakojums-ar-logotipu-vai-uzrakstiem\\\/personalizetie-papira-maisini-ar-logotipu-vai-uzrakstiem\\\/\",\"url\":\"https:\\\/\\\/www.sdapakuote.lt\\\/lv\\\/produkti\\\/personalizets-papira-iepakojums-ar-logotipu-vai-uzrakstiem\\\/personalizetie-papira-maisini-ar-logotipu-vai-uzrakstiem\\\/\",\"name\":\"Personaliz\u0113tie pap\u012bra maisi\u0146i ar logotipu vai uzrakstiem - sdapakuote.lt\",\"isPartOf\":{\"@id\":\"https:\\\/\\\/www.sdapakuote.lt\\\/lv\\\/#website\"},\"primaryImageOfPage\":{\"@id\":\"https:\\\/\\\/www.sdapakuote.lt\\\/lv\\\/produkti\\\/personalizets-papira-iepakojums-ar-logotipu-vai-uzrakstiem\\\/personalizetie-papira-maisini-ar-logotipu-vai-uzrakstiem\\\/#primaryimage\"},\"image\":{\"@id\":\"https:\\\/\\\/www.sdapakuote.lt\\\/lv\\\/produkti\\\/personalizets-papira-iepakojums-ar-logotipu-vai-uzrakstiem\\\/personalizetie-papira-maisini-ar-logotipu-vai-uzrakstiem\\\/#primaryimage\"},\"thumbnailUrl\":\"https:\\\/\\\/www.sdapakuote.lt\\\/wp-content\\\/uploads\\\/2025\\\/10\\\/Personalizuoti-popieriniai-maiseliai-300x300.png\",\"datePublished\":\"2025-10-09T08:24:06+00:00\",\"dateModified\":\"2025-10-09T08:24:16+00:00\",\"description\":\"personaliz\u0113tie pap\u012bra maisi\u0146i, ar logotipu, rekl\u0101mas iepakojums, d\u0101vanu maisi\u0146i, ekolo\u0123isks iepakojums, pap\u012bra maisi\u0146u ra\u017eo\u0161ana, maisi\u0146i pas\u0101kumiem un tirdzniec\u012bbai.\",\"breadcrumb\":{\"@id\":\"https:\\\/\\\/www.sdapakuote.lt\\\/lv\\\/produkti\\\/personalizets-papira-iepakojums-ar-logotipu-vai-uzrakstiem\\\/personalizetie-papira-maisini-ar-logotipu-vai-uzrakstiem\\\/#breadcrumb\"},\"inLanguage\":\"lv-LV\",\"potentialAction\":[{\"@type\":\"ReadAction\",\"target\":[\"https:\\\/\\\/www.sdapakuote.lt\\\/lv\\\/produkti\\\/personalizets-papira-iepakojums-ar-logotipu-vai-uzrakstiem\\\/personalizetie-papira-maisini-ar-logotipu-vai-uzrakstiem\\\/\"]}]},{\"@type\":\"ImageObject\",\"inLanguage\":\"lv-LV\",\"@id\":\"https:\\\/\\\/www.sdapakuote.lt\\\/lv\\\/produkti\\\/personalizets-papira-iepakojums-ar-logotipu-vai-uzrakstiem\\\/personalizetie-papira-maisini-ar-logotipu-vai-uzrakstiem\\\/#primaryimage\",\"url\":\"https:\\\/\\\/www.sdapakuote.lt\\\/wp-content\\\/uploads\\\/2025\\\/10\\\/Personalizuoti-popieriniai-maiseliai-300x300.png\",\"contentUrl\":\"https:\\\/\\\/www.sdapakuote.lt\\\/wp-content\\\/uploads\\\/2025\\\/10\\\/Personalizuoti-popieriniai-maiseliai-300x300.png\"},{\"@type\":\"BreadcrumbList\",\"@id\":\"https:\\\/\\\/www.sdapakuote.lt\\\/lv\\\/produkti\\\/personalizets-papira-iepakojums-ar-logotipu-vai-uzrakstiem\\\/personalizetie-papira-maisini-ar-logotipu-vai-uzrakstiem\\\/#breadcrumb\",\"itemListElement\":[{\"@type\":\"ListItem\",\"position\":1,\"name\":\"Home\",\"item\":\"https:\\\/\\\/www.sdapakuote.lt\\\/lv\\\/\"},{\"@type\":\"ListItem\",\"position\":2,\"name\":\"Produkti\",\"item\":\"https:\\\/\\\/www.sdapakuote.lt\\\/lv\\\/produkti\\\/\"},{\"@type\":\"ListItem\",\"position\":3,\"name\":\"Personaliz\u0113ts pap\u012bra iepakojums ar logotipu vai uzrakstiem\",\"item\":\"https:\\\/\\\/www.sdapakuote.lt\\\/lv\\\/produkti\\\/personalizets-papira-iepakojums-ar-logotipu-vai-uzrakstiem\\\/\"},{\"@type\":\"ListItem\",\"position\":4,\"name\":\"Personaliz\u0113tie pap\u012bra maisi\u0146i ar logotipu vai uzrakstiem\"}]},{\"@type\":\"WebSite\",\"@id\":\"https:\\\/\\\/www.sdapakuote.lt\\\/lv\\\/#website\",\"url\":\"https:\\\/\\\/www.sdapakuote.lt\\\/lv\\\/\",\"name\":\"sdapakuote.lt\",\"description\":\"Kol kas tik dar vienas WordPress tinklalapis\",\"potentialAction\":[{\"@type\":\"SearchAction\",\"target\":{\"@type\":\"EntryPoint\",\"urlTemplate\":\"https:\\\/\\\/www.sdapakuote.lt\\\/lv\\\/?s={search_term_string}\"},\"query-input\":{\"@type\":\"PropertyValueSpecification\",\"valueRequired\":true,\"valueName\":\"search_term_string\"}}],\"inLanguage\":\"lv-LV\"}]}<\/script>\n<!-- \/ Yoast SEO plugin. -->","yoast_head_json":{"title":"Personaliz\u0113tie pap\u012bra maisi\u0146i ar logotipu vai uzrakstiem - sdapakuote.lt","description":"personaliz\u0113tie pap\u012bra maisi\u0146i, ar logotipu, rekl\u0101mas iepakojums, d\u0101vanu maisi\u0146i, ekolo\u0123isks iepakojums, pap\u012bra maisi\u0146u ra\u017eo\u0161ana, maisi\u0146i pas\u0101kumiem un tirdzniec\u012bbai.","robots":{"index":"index","follow":"follow","max-snippet":"max-snippet:-1","max-image-preview":"max-image-preview:large","max-video-preview":"max-video-preview:-1"},"canonical":"https:\/\/www.sdapakuote.lt\/lv\/produkti\/personalizets-papira-iepakojums-ar-logotipu-vai-uzrakstiem\/personalizetie-papira-maisini-ar-logotipu-vai-uzrakstiem\/","og_locale":"lv_LV","og_type":"article","og_title":"Personaliz\u0113tie pap\u012bra maisi\u0146i ar logotipu vai uzrakstiem - sdapakuote.lt","og_description":"personaliz\u0113tie pap\u012bra maisi\u0146i, ar logotipu, rekl\u0101mas iepakojums, d\u0101vanu maisi\u0146i, ekolo\u0123isks iepakojums, pap\u012bra maisi\u0146u ra\u017eo\u0161ana, maisi\u0146i pas\u0101kumiem un tirdzniec\u012bbai.","og_url":"https:\/\/www.sdapakuote.lt\/lv\/produkti\/personalizets-papira-iepakojums-ar-logotipu-vai-uzrakstiem\/personalizetie-papira-maisini-ar-logotipu-vai-uzrakstiem\/","og_site_name":"sdapakuote.lt","article_modified_time":"2025-10-09T08:24:16+00:00","og_image":[{"width":1024,"height":1024,"url":"https:\/\/www.sdapakuote.lt\/wp-content\/uploads\/2025\/10\/Personalizuoti-popieriniai-maiseliai.png","type":"image\/png"}],"twitter_card":"summary_large_image","twitter_misc":{"Est. reading time":"1 minute"},"schema":{"@context":"https:\/\/schema.org","@graph":[{"@type":"WebPage","@id":"https:\/\/www.sdapakuote.lt\/lv\/produkti\/personalizets-papira-iepakojums-ar-logotipu-vai-uzrakstiem\/personalizetie-papira-maisini-ar-logotipu-vai-uzrakstiem\/","url":"https:\/\/www.sdapakuote.lt\/lv\/produkti\/personalizets-papira-iepakojums-ar-logotipu-vai-uzrakstiem\/personalizetie-papira-maisini-ar-logotipu-vai-uzrakstiem\/","name":"Personaliz\u0113tie pap\u012bra maisi\u0146i ar logotipu vai uzrakstiem - sdapakuote.lt","isPartOf":{"@id":"https:\/\/www.sdapakuote.lt\/lv\/#website"},"primaryImageOfPage":{"@id":"https:\/\/www.sdapakuote.lt\/lv\/produkti\/personalizets-papira-iepakojums-ar-logotipu-vai-uzrakstiem\/personalizetie-papira-maisini-ar-logotipu-vai-uzrakstiem\/#primaryimage"},"image":{"@id":"https:\/\/www.sdapakuote.lt\/lv\/produkti\/personalizets-papira-iepakojums-ar-logotipu-vai-uzrakstiem\/personalizetie-papira-maisini-ar-logotipu-vai-uzrakstiem\/#primaryimage"},"thumbnailUrl":"https:\/\/www.sdapakuote.lt\/wp-content\/uploads\/2025\/10\/Personalizuoti-popieriniai-maiseliai-300x300.png","datePublished":"2025-10-09T08:24:06+00:00","dateModified":"2025-10-09T08:24:16+00:00","description":"personaliz\u0113tie pap\u012bra maisi\u0146i, ar logotipu, rekl\u0101mas iepakojums, d\u0101vanu maisi\u0146i, ekolo\u0123isks iepakojums, pap\u012bra maisi\u0146u ra\u017eo\u0161ana, maisi\u0146i pas\u0101kumiem un tirdzniec\u012bbai.","breadcrumb":{"@id":"https:\/\/www.sdapakuote.lt\/lv\/produkti\/personalizets-papira-iepakojums-ar-logotipu-vai-uzrakstiem\/personalizetie-papira-maisini-ar-logotipu-vai-uzrakstiem\/#breadcrumb"},"inLanguage":"lv-LV","potentialAction":[{"@type":"ReadAction","target":["https:\/\/www.sdapakuote.lt\/lv\/produkti\/personalizets-papira-iepakojums-ar-logotipu-vai-uzrakstiem\/personalizetie-papira-maisini-ar-logotipu-vai-uzrakstiem\/"]}]},{"@type":"ImageObject","inLanguage":"lv-LV","@id":"https:\/\/www.sdapakuote.lt\/lv\/produkti\/personalizets-papira-iepakojums-ar-logotipu-vai-uzrakstiem\/personalizetie-papira-maisini-ar-logotipu-vai-uzrakstiem\/#primaryimage","url":"https:\/\/www.sdapakuote.lt\/wp-content\/uploads\/2025\/10\/Personalizuoti-popieriniai-maiseliai-300x300.png","contentUrl":"https:\/\/www.sdapakuote.lt\/wp-content\/uploads\/2025\/10\/Personalizuoti-popieriniai-maiseliai-300x300.png"},{"@type":"BreadcrumbList","@id":"https:\/\/www.sdapakuote.lt\/lv\/produkti\/personalizets-papira-iepakojums-ar-logotipu-vai-uzrakstiem\/personalizetie-papira-maisini-ar-logotipu-vai-uzrakstiem\/#breadcrumb","itemListElement":[{"@type":"ListItem","position":1,"name":"Home","item":"https:\/\/www.sdapakuote.lt\/lv\/"},{"@type":"ListItem","position":2,"name":"Produkti","item":"https:\/\/www.sdapakuote.lt\/lv\/produkti\/"},{"@type":"ListItem","position":3,"name":"Personaliz\u0113ts pap\u012bra iepakojums ar logotipu vai uzrakstiem","item":"https:\/\/www.sdapakuote.lt\/lv\/produkti\/personalizets-papira-iepakojums-ar-logotipu-vai-uzrakstiem\/"},{"@type":"ListItem","position":4,"name":"Personaliz\u0113tie pap\u012bra maisi\u0146i ar logotipu vai uzrakstiem"}]},{"@type":"WebSite","@id":"https:\/\/www.sdapakuote.lt\/lv\/#website","url":"https:\/\/www.sdapakuote.lt\/lv\/","name":"sdapakuote.lt","description":"Kol kas tik dar vienas WordPress tinklalapis","potentialAction":[{"@type":"SearchAction","target":{"@type":"EntryPoint","urlTemplate":"https:\/\/www.sdapakuote.lt\/lv\/?s={search_term_string}"},"query-input":{"@type":"PropertyValueSpecification","valueRequired":true,"valueName":"search_term_string"}}],"inLanguage":"lv-LV"}]}},"_links":{"self":[{"href":"https:\/\/www.sdapakuote.lt\/lv\/wp-json\/wp\/v2\/pages\/4777","targetHints":{"allow":["GET"]}}],"collection":[{"href":"https:\/\/www.sdapakuote.lt\/lv\/wp-json\/wp\/v2\/pages"}],"about":[{"href":"https:\/\/www.sdapakuote.lt\/lv\/wp-json\/wp\/v2\/types\/page"}],"author":[{"embeddable":true,"href":"https:\/\/www.sdapakuote.lt\/lv\/wp-json\/wp\/v2\/users\/2"}],"replies":[{"embeddable":true,"href":"https:\/\/www.sdapakuote.lt\/lv\/wp-json\/wp\/v2\/comments?post=4777"}],"version-history":[{"count":3,"href":"https:\/\/www.sdapakuote.lt\/lv\/wp-json\/wp\/v2\/pages\/4777\/revisions"}],"predecessor-version":[{"id":4780,"href":"https:\/\/www.sdapakuote.lt\/lv\/wp-json\/wp\/v2\/pages\/4777\/revisions\/4780"}],"up":[{"embeddable":true,"href":"https:\/\/www.sdapakuote.lt\/lv\/wp-json\/wp\/v2\/pages\/4706"}],"wp:attachment":[{"href":"https:\/\/www.sdapakuote.lt\/lv\/wp-json\/wp\/v2\/media?parent=4777"}],"curies":[{"name":"wp","href":"https:\/\/api.w.org\/{rel}","templated":true}]}}