{"id":4755,"date":"2025-10-09T07:00:31","date_gmt":"2025-10-09T07:00:31","guid":{"rendered":"https:\/\/www.sdapakuote.lt\/?page_id=4755"},"modified":"2025-10-09T07:00:40","modified_gmt":"2025-10-09T07:00:40","slug":"vairumtirdznieciba-ar-balinatu-puspergamenta","status":"publish","type":"page","link":"https:\/\/www.sdapakuote.lt\/lv\/produkti\/personalizets-papira-iepakojums-ar-logotipu-vai-uzrakstiem\/papirs-cepsanai-iepakosanai-un-zivim\/vairumtirdznieciba-ar-balinatu-puspergamenta\/","title":{"rendered":"Vairumtirdzniec\u012bba ar balin\u0101tu puspergamenta"},"content":{"rendered":"<h2 data-start=\"593\" data-end=\"731\"><strong data-start=\"601\" data-end=\"731\">Vairumtirdzniec\u012bba ar balin\u0101tu puspergamenta cepamo pap\u012bru ru\u013c\u013cos \u2013 profesion\u0101ls risin\u0101jums p\u0101rtikas ra\u017eo\u0161anai un konditorejai<\/strong><\/h2>\n<p data-start=\"733\" data-end=\"1038\"><strong data-start=\"733\" data-end=\"748\">SDA Pakuot\u0117<\/strong> pied\u0101v\u0101 augstas kvalit\u0101tes <strong data-start=\"776\" data-end=\"823\">balin\u0101tu puspergamenta cepamo pap\u012bru ru\u013c\u013cos<\/strong>, kas paredz\u0113ts <strong data-start=\"839\" data-end=\"900\">profesion\u0101lai cep\u0161anai, iepako\u0161anai un p\u0101rtikas ra\u017eo\u0161anai<\/strong>.<br data-start=\"901\" data-end=\"904\" \/><br \/>\nTas ir daudzpus\u012bgs un ekonomisks risin\u0101jums, ko pla\u0161i izmanto <strong data-start=\"966\" data-end=\"1037\">maizn\u012bc\u0101s, konditorej\u0101s, restor\u0101nos un p\u0101rtikas ra\u017eo\u0161anas uz\u0146\u0113mumos<\/strong>.<\/p>\n<hr data-start=\"1040\" data-end=\"1043\" \/>\n<h3 data-start=\"1045\" data-end=\"1084\"><strong data-start=\"1049\" data-end=\"1084\">Pieejamie izm\u0113ri un iepakojums:<\/strong><\/h3>\n<ul data-start=\"1085\" data-end=\"1174\">\n<li data-start=\"1085\" data-end=\"1129\">\n<p data-start=\"1087\" data-end=\"1129\"><strong data-start=\"1087\" data-end=\"1127\">42 cm platuma ru\u013c\u013ci (aptuveni 10 kg)<\/strong><\/p>\n<\/li>\n<li data-start=\"1130\" data-end=\"1174\">\n<p data-start=\"1132\" data-end=\"1174\"><strong data-start=\"1132\" data-end=\"1172\">84 cm platuma ru\u013c\u013ci (aptuveni 20 kg)<\/strong><\/p>\n<\/li>\n<\/ul>\n<p data-start=\"1176\" data-end=\"1387\">P\u0113c klienta piepras\u012bjuma varam <strong data-start=\"1207\" data-end=\"1251\">sagriezt ru\u013c\u013cus vajadz\u012bg\u0101 garuma loksn\u0113s<\/strong>, lai tie piln\u012bb\u0101 atbilstu j\u016bsu ra\u017eo\u0161anas vai iepako\u0161anas procesiem.<br data-start=\"1319\" data-end=\"1322\" \/><br \/>\nTas pal\u012bdz samazin\u0101t materi\u0101la zudumus un optimiz\u0113t darba pl\u016bsmu.<\/p>\n<hr data-start=\"1389\" data-end=\"1392\" \/>\n<h3 data-start=\"1394\" data-end=\"1450\"><strong data-start=\"1398\" data-end=\"1450\">Galven\u0101s balin\u0101t\u0101 puspergamenta pap\u012bra \u012bpa\u0161\u012bbas:<\/strong><\/h3>\n<ul data-start=\"1451\" data-end=\"1894\">\n<li data-start=\"1451\" data-end=\"1533\">\n<p data-start=\"1453\" data-end=\"1533\"><strong data-start=\"1453\" data-end=\"1486\">Balin\u0101ts, nesilikon\u0113ts pap\u012brs<\/strong>, izgatavots no augstas kvalit\u0101tes celulozes.<\/p>\n<\/li>\n<li data-start=\"1534\" data-end=\"1640\">\n<p data-start=\"1536\" data-end=\"1640\"><strong data-start=\"1536\" data-end=\"1572\">Iztur\u012bgs pret augstu temperat\u016bru<\/strong> \u2013 lieliski piem\u0113rots cep\u0161anai kr\u0101sn\u012bs un r\u016bpnieciskaj\u0101s iek\u0101rt\u0101s.<\/p>\n<\/li>\n<li data-start=\"1641\" data-end=\"1739\">\n<p data-start=\"1643\" data-end=\"1739\"><strong data-start=\"1643\" data-end=\"1681\">Ne\u013cauj izpl\u016bst taukiem un mitrumam<\/strong>, uztur higi\u0113nu un pasarg\u0101 iepakojumu no e\u013c\u013cas traipiem.<\/p>\n<\/li>\n<li data-start=\"1740\" data-end=\"1813\">\n<p data-start=\"1742\" data-end=\"1813\"><strong data-start=\"1742\" data-end=\"1770\">Dro\u0161s saskar\u0113 ar p\u0101rtiku<\/strong> \u2013 atbilst p\u0101rtikas dro\u0161\u012bbas standartiem.<\/p>\n<\/li>\n<li data-start=\"1814\" data-end=\"1894\">\n<p data-start=\"1816\" data-end=\"1894\"><strong data-start=\"1816\" data-end=\"1836\">\u0112rti piel\u0101gojams<\/strong> \u2013 piem\u0113rots gan manu\u0101lai, gan automatiz\u0113tai lieto\u0161anai.<\/p>\n<\/li>\n<\/ul>\n<hr data-start=\"1896\" data-end=\"1899\" \/>\n<h3 data-start=\"1901\" data-end=\"1931\"><strong data-start=\"1905\" data-end=\"1931\">Izmanto\u0161anas iesp\u0113jas:<\/strong><\/h3>\n<ul data-start=\"1932\" data-end=\"2264\">\n<li data-start=\"1932\" data-end=\"2005\">\n<p data-start=\"1934\" data-end=\"2005\"><strong data-start=\"1934\" data-end=\"1963\">Maizn\u012bc\u0101s un konditorej\u0101s<\/strong> \u2013 cepumiem, k\u016bk\u0101m, maizei un desertiem.<\/p>\n<\/li>\n<li data-start=\"2006\" data-end=\"2083\">\n<p data-start=\"2008\" data-end=\"2083\"><strong data-start=\"2008\" data-end=\"2029\">P\u0101rtikas ra\u017eo\u0161an\u0101<\/strong> \u2013 produktu gatavo\u0161anai un cep\u0161anai bez pielip\u0161anas.<\/p>\n<\/li>\n<li data-start=\"2084\" data-end=\"2169\">\n<p data-start=\"2086\" data-end=\"2169\"><strong data-start=\"2086\" data-end=\"2116\">Zivju un ga\u013cas iepako\u0161anai<\/strong> \u2013 uztur svaigumu un aizsarg\u0101 pret tauku izpl\u016b\u0161anu.<\/p>\n<\/li>\n<li data-start=\"2170\" data-end=\"2264\">\n<p data-start=\"2172\" data-end=\"2264\"><strong data-start=\"2172\" data-end=\"2227\">Kastu izkl\u0101\u0161anai un riebalainu produktu iepako\u0161anai<\/strong> \u2013 nodro\u0161ina t\u012br\u012bbu un aizsardz\u012bbu.<\/p>\n<\/li>\n<\/ul>\n<hr data-start=\"2266\" data-end=\"2269\" \/>\n<h3 data-start=\"2271\" data-end=\"2329\"><strong data-start=\"2275\" data-end=\"2329\">K\u0101p\u0113c izv\u0113l\u0113ties SDA Pakuot\u0117 puspergamenta pap\u012bru:<\/strong><\/h3>\n<ul data-start=\"2330\" data-end=\"2667\">\n<li data-start=\"2330\" data-end=\"2412\">\n<p data-start=\"2332\" data-end=\"2412\"><strong data-start=\"2332\" data-end=\"2368\">Vairumtirdzniec\u012bba no noliktavas<\/strong> \u2013 \u0101tra pieg\u0101de un konkur\u0113tsp\u0113j\u012bgas cenas.<\/p>\n<\/li>\n<li data-start=\"2413\" data-end=\"2486\">\n<p data-start=\"2415\" data-end=\"2486\"><strong data-start=\"2415\" data-end=\"2443\">Piel\u0101gots p\u0113c pas\u016bt\u012bjuma<\/strong> \u2013 ru\u013c\u013cu sagrie\u0161ana p\u0113c klienta izm\u0113riem.<\/p>\n<\/li>\n<li data-start=\"2487\" data-end=\"2573\">\n<p data-start=\"2489\" data-end=\"2573\"><strong data-start=\"2489\" data-end=\"2520\">Augsta kvalit\u0101te un dro\u0161\u012bba<\/strong> \u2013 pap\u012brs atbilst higi\u0113nas un p\u0101rtikas standartiem.<\/p>\n<\/li>\n<li data-start=\"2574\" data-end=\"2667\">\n<p data-start=\"2576\" data-end=\"2667\"><strong data-start=\"2576\" data-end=\"2616\">Ekonomisks un ilgtsp\u0113j\u012bgs risin\u0101jums<\/strong> \u2013 piem\u0113rots atk\u0101rtotai lieto\u0161anai un p\u0101rstr\u0101dei.<\/p>\n<\/li>\n<\/ul>\n<hr data-start=\"2669\" data-end=\"2672\" \/>\n<p data-start=\"2674\" data-end=\"2950\"><strong data-start=\"2674\" data-end=\"2723\">Balin\u0101ts puspergamenta cepamais pap\u012brs ru\u013c\u013cos<\/strong> ir <strong data-start=\"2727\" data-end=\"2773\">profesion\u0101ls, dro\u0161s un uzticams risin\u0101jums<\/strong>, kas piem\u0113rots ikdienas lieto\u0161anai p\u0101rtikas r\u016bpniec\u012bb\u0101.<br data-start=\"2829\" data-end=\"2832\" \/><br \/>\nIzv\u0113loties <strong data-start=\"2843\" data-end=\"2858\">SDA Pakuot\u0117<\/strong>, j\u016bs ieg\u016bstat stabilu pieg\u0101di, augstu kvalit\u0101ti un produktu, kas piel\u0101gots j\u016bsu vajadz\u012bb\u0101m.<\/p>\n","protected":false},"excerpt":{"rendered":"<p>Vairumtirdzniec\u012bba ar balin\u0101tu puspergamenta cepamo pap\u012bru ru\u013c\u013cos \u2013 profesion\u0101ls risin\u0101jums p\u0101rtikas ra\u017eo\u0161anai un konditorejai SDA Pakuot\u0117 pied\u0101v\u0101 augstas kvalit\u0101tes balin\u0101tu puspergamenta cepamo pap\u012bru ru\u013c\u013cos, kas paredz\u0113ts profesion\u0101lai cep\u0161anai, iepako\u0161anai un p\u0101rtikas ra\u017eo\u0161anai. Tas ir daudzpus\u012bgs un ekonomisks risin\u0101jums, ko pla\u0161i izmanto maizn\u012bc\u0101s, konditorej\u0101s, restor\u0101nos un p\u0101rtikas ra\u017eo\u0161anas uz\u0146\u0113mumos. Pieejamie izm\u0113ri un iepakojums: 42 cm platuma [&hellip;]<\/p>\n","protected":false},"author":2,"featured_media":4756,"parent":4743,"menu_order":0,"comment_status":"closed","ping_status":"closed","template":"page-single-product.php","meta":{"_acf_changed":false,"footnotes":""},"class_list":["post-4755","page","type-page","status-publish","has-post-thumbnail","hentry"],"acf":[],"yoast_head":"<!-- This site is optimized with the Yoast SEO plugin v27.5 - https:\/\/yoast.com\/product\/yoast-seo-wordpress\/ -->\n<title>Vairumtirdzniec\u012bba ar balin\u0101tu puspergamenta - sdapakuote.lt<\/title>\n<meta name=\"description\" content=\"cepamais pap\u012brs ru\u013c\u013cos, pergamenta pap\u012brs p\u0101rtikai, karstumiztur\u012bgs pap\u012brs, p\u0101rtikas iepakojuma pap\u012brs, pergamenta ru\u013c\u013ci, pap\u012brs ziv\u012bm un kast\u0113m, vairumtirdzniec\u012bba ar cepamo pap\u012bru.\" \/>\n<meta name=\"robots\" content=\"index, follow, max-snippet:-1, max-image-preview:large, max-video-preview:-1\" \/>\n<link rel=\"canonical\" href=\"https:\/\/www.sdapakuote.lt\/lv\/produkti\/personalizets-papira-iepakojums-ar-logotipu-vai-uzrakstiem\/papirs-cepsanai-iepakosanai-un-zivim\/vairumtirdznieciba-ar-balinatu-puspergamenta\/\" \/>\n<meta property=\"og:locale\" content=\"lv_LV\" \/>\n<meta property=\"og:type\" content=\"article\" \/>\n<meta property=\"og:title\" content=\"Vairumtirdzniec\u012bba ar balin\u0101tu puspergamenta - sdapakuote.lt\" \/>\n<meta property=\"og:description\" content=\"cepamais pap\u012brs ru\u013c\u013cos, pergamenta pap\u012brs p\u0101rtikai, karstumiztur\u012bgs pap\u012brs, p\u0101rtikas iepakojuma pap\u012brs, pergamenta ru\u013c\u013ci, pap\u012brs ziv\u012bm un kast\u0113m, vairumtirdzniec\u012bba ar cepamo pap\u012bru.\" \/>\n<meta property=\"og:url\" content=\"https:\/\/www.sdapakuote.lt\/lv\/produkti\/personalizets-papira-iepakojums-ar-logotipu-vai-uzrakstiem\/papirs-cepsanai-iepakosanai-un-zivim\/vairumtirdznieciba-ar-balinatu-puspergamenta\/\" \/>\n<meta property=\"og:site_name\" content=\"sdapakuote.lt\" \/>\n<meta property=\"article:modified_time\" content=\"2025-10-09T07:00:40+00:00\" \/>\n<meta property=\"og:image\" content=\"https:\/\/www.sdapakuote.lt\/wp-content\/uploads\/2021\/09\/kepimo-popierius-rulonais-1024x807.jpg\" \/>\n\t<meta property=\"og:image:width\" content=\"1024\" \/>\n\t<meta property=\"og:image:height\" content=\"807\" \/>\n\t<meta property=\"og:image:type\" content=\"image\/jpeg\" \/>\n<meta name=\"twitter:card\" content=\"summary_large_image\" \/>\n<meta name=\"twitter:label1\" content=\"Est. reading time\" \/>\n\t<meta name=\"twitter:data1\" content=\"2 minutes\" \/>\n<script type=\"application\/ld+json\" class=\"yoast-schema-graph\">{\"@context\":\"https:\\\/\\\/schema.org\",\"@graph\":[{\"@type\":\"WebPage\",\"@id\":\"https:\\\/\\\/www.sdapakuote.lt\\\/lv\\\/produkti\\\/personalizets-papira-iepakojums-ar-logotipu-vai-uzrakstiem\\\/papirs-cepsanai-iepakosanai-un-zivim\\\/vairumtirdznieciba-ar-balinatu-puspergamenta\\\/\",\"url\":\"https:\\\/\\\/www.sdapakuote.lt\\\/lv\\\/produkti\\\/personalizets-papira-iepakojums-ar-logotipu-vai-uzrakstiem\\\/papirs-cepsanai-iepakosanai-un-zivim\\\/vairumtirdznieciba-ar-balinatu-puspergamenta\\\/\",\"name\":\"Vairumtirdzniec\u012bba ar balin\u0101tu puspergamenta - sdapakuote.lt\",\"isPartOf\":{\"@id\":\"https:\\\/\\\/www.sdapakuote.lt\\\/lv\\\/#website\"},\"primaryImageOfPage\":{\"@id\":\"https:\\\/\\\/www.sdapakuote.lt\\\/lv\\\/produkti\\\/personalizets-papira-iepakojums-ar-logotipu-vai-uzrakstiem\\\/papirs-cepsanai-iepakosanai-un-zivim\\\/vairumtirdznieciba-ar-balinatu-puspergamenta\\\/#primaryimage\"},\"image\":{\"@id\":\"https:\\\/\\\/www.sdapakuote.lt\\\/lv\\\/produkti\\\/personalizets-papira-iepakojums-ar-logotipu-vai-uzrakstiem\\\/papirs-cepsanai-iepakosanai-un-zivim\\\/vairumtirdznieciba-ar-balinatu-puspergamenta\\\/#primaryimage\"},\"thumbnailUrl\":\"https:\\\/\\\/www.sdapakuote.lt\\\/wp-content\\\/uploads\\\/2021\\\/09\\\/kepimo-popierius-rulonais.jpg\",\"datePublished\":\"2025-10-09T07:00:31+00:00\",\"dateModified\":\"2025-10-09T07:00:40+00:00\",\"description\":\"cepamais pap\u012brs ru\u013c\u013cos, pergamenta pap\u012brs p\u0101rtikai, karstumiztur\u012bgs pap\u012brs, p\u0101rtikas iepakojuma pap\u012brs, pergamenta ru\u013c\u013ci, pap\u012brs ziv\u012bm un kast\u0113m, vairumtirdzniec\u012bba ar cepamo pap\u012bru.\",\"breadcrumb\":{\"@id\":\"https:\\\/\\\/www.sdapakuote.lt\\\/lv\\\/produkti\\\/personalizets-papira-iepakojums-ar-logotipu-vai-uzrakstiem\\\/papirs-cepsanai-iepakosanai-un-zivim\\\/vairumtirdznieciba-ar-balinatu-puspergamenta\\\/#breadcrumb\"},\"inLanguage\":\"lv-LV\",\"potentialAction\":[{\"@type\":\"ReadAction\",\"target\":[\"https:\\\/\\\/www.sdapakuote.lt\\\/lv\\\/produkti\\\/personalizets-papira-iepakojums-ar-logotipu-vai-uzrakstiem\\\/papirs-cepsanai-iepakosanai-un-zivim\\\/vairumtirdznieciba-ar-balinatu-puspergamenta\\\/\"]}]},{\"@type\":\"ImageObject\",\"inLanguage\":\"lv-LV\",\"@id\":\"https:\\\/\\\/www.sdapakuote.lt\\\/lv\\\/produkti\\\/personalizets-papira-iepakojums-ar-logotipu-vai-uzrakstiem\\\/papirs-cepsanai-iepakosanai-un-zivim\\\/vairumtirdznieciba-ar-balinatu-puspergamenta\\\/#primaryimage\",\"url\":\"https:\\\/\\\/www.sdapakuote.lt\\\/wp-content\\\/uploads\\\/2021\\\/09\\\/kepimo-popierius-rulonais.jpg\",\"contentUrl\":\"https:\\\/\\\/www.sdapakuote.lt\\\/wp-content\\\/uploads\\\/2021\\\/09\\\/kepimo-popierius-rulonais.jpg\",\"width\":2484,\"height\":1958,\"caption\":\"Kepimo popierius rulonais\"},{\"@type\":\"BreadcrumbList\",\"@id\":\"https:\\\/\\\/www.sdapakuote.lt\\\/lv\\\/produkti\\\/personalizets-papira-iepakojums-ar-logotipu-vai-uzrakstiem\\\/papirs-cepsanai-iepakosanai-un-zivim\\\/vairumtirdznieciba-ar-balinatu-puspergamenta\\\/#breadcrumb\",\"itemListElement\":[{\"@type\":\"ListItem\",\"position\":1,\"name\":\"Home\",\"item\":\"https:\\\/\\\/www.sdapakuote.lt\\\/lv\\\/\"},{\"@type\":\"ListItem\",\"position\":2,\"name\":\"Produkti\",\"item\":\"https:\\\/\\\/www.sdapakuote.lt\\\/lv\\\/produkti\\\/\"},{\"@type\":\"ListItem\",\"position\":3,\"name\":\"Personaliz\u0113ts pap\u012bra iepakojums ar logotipu vai uzrakstiem\",\"item\":\"https:\\\/\\\/www.sdapakuote.lt\\\/lv\\\/produkti\\\/personalizets-papira-iepakojums-ar-logotipu-vai-uzrakstiem\\\/\"},{\"@type\":\"ListItem\",\"position\":4,\"name\":\"Pap\u012brs cep\u0161anai, iepako\u0161anai un ziv\u012bm\",\"item\":\"https:\\\/\\\/www.sdapakuote.lt\\\/lv\\\/produkti\\\/personalizets-papira-iepakojums-ar-logotipu-vai-uzrakstiem\\\/papirs-cepsanai-iepakosanai-un-zivim\\\/\"},{\"@type\":\"ListItem\",\"position\":5,\"name\":\"Vairumtirdzniec\u012bba ar balin\u0101tu puspergamenta\"}]},{\"@type\":\"WebSite\",\"@id\":\"https:\\\/\\\/www.sdapakuote.lt\\\/lv\\\/#website\",\"url\":\"https:\\\/\\\/www.sdapakuote.lt\\\/lv\\\/\",\"name\":\"sdapakuote.lt\",\"description\":\"Kol kas tik dar vienas WordPress tinklalapis\",\"potentialAction\":[{\"@type\":\"SearchAction\",\"target\":{\"@type\":\"EntryPoint\",\"urlTemplate\":\"https:\\\/\\\/www.sdapakuote.lt\\\/lv\\\/?s={search_term_string}\"},\"query-input\":{\"@type\":\"PropertyValueSpecification\",\"valueRequired\":true,\"valueName\":\"search_term_string\"}}],\"inLanguage\":\"lv-LV\"}]}<\/script>\n<!-- \/ Yoast SEO plugin. -->","yoast_head_json":{"title":"Vairumtirdzniec\u012bba ar balin\u0101tu puspergamenta - sdapakuote.lt","description":"cepamais pap\u012brs ru\u013c\u013cos, pergamenta pap\u012brs p\u0101rtikai, karstumiztur\u012bgs pap\u012brs, p\u0101rtikas iepakojuma pap\u012brs, pergamenta ru\u013c\u013ci, pap\u012brs ziv\u012bm un kast\u0113m, vairumtirdzniec\u012bba ar cepamo pap\u012bru.","robots":{"index":"index","follow":"follow","max-snippet":"max-snippet:-1","max-image-preview":"max-image-preview:large","max-video-preview":"max-video-preview:-1"},"canonical":"https:\/\/www.sdapakuote.lt\/lv\/produkti\/personalizets-papira-iepakojums-ar-logotipu-vai-uzrakstiem\/papirs-cepsanai-iepakosanai-un-zivim\/vairumtirdznieciba-ar-balinatu-puspergamenta\/","og_locale":"lv_LV","og_type":"article","og_title":"Vairumtirdzniec\u012bba ar balin\u0101tu puspergamenta - sdapakuote.lt","og_description":"cepamais pap\u012brs ru\u013c\u013cos, pergamenta pap\u012brs p\u0101rtikai, karstumiztur\u012bgs pap\u012brs, p\u0101rtikas iepakojuma pap\u012brs, pergamenta ru\u013c\u013ci, pap\u012brs ziv\u012bm un kast\u0113m, vairumtirdzniec\u012bba ar cepamo pap\u012bru.","og_url":"https:\/\/www.sdapakuote.lt\/lv\/produkti\/personalizets-papira-iepakojums-ar-logotipu-vai-uzrakstiem\/papirs-cepsanai-iepakosanai-un-zivim\/vairumtirdznieciba-ar-balinatu-puspergamenta\/","og_site_name":"sdapakuote.lt","article_modified_time":"2025-10-09T07:00:40+00:00","og_image":[{"width":1024,"height":807,"url":"https:\/\/www.sdapakuote.lt\/wp-content\/uploads\/2021\/09\/kepimo-popierius-rulonais-1024x807.jpg","type":"image\/jpeg"}],"twitter_card":"summary_large_image","twitter_misc":{"Est. reading time":"2 minutes"},"schema":{"@context":"https:\/\/schema.org","@graph":[{"@type":"WebPage","@id":"https:\/\/www.sdapakuote.lt\/lv\/produkti\/personalizets-papira-iepakojums-ar-logotipu-vai-uzrakstiem\/papirs-cepsanai-iepakosanai-un-zivim\/vairumtirdznieciba-ar-balinatu-puspergamenta\/","url":"https:\/\/www.sdapakuote.lt\/lv\/produkti\/personalizets-papira-iepakojums-ar-logotipu-vai-uzrakstiem\/papirs-cepsanai-iepakosanai-un-zivim\/vairumtirdznieciba-ar-balinatu-puspergamenta\/","name":"Vairumtirdzniec\u012bba ar balin\u0101tu puspergamenta - sdapakuote.lt","isPartOf":{"@id":"https:\/\/www.sdapakuote.lt\/lv\/#website"},"primaryImageOfPage":{"@id":"https:\/\/www.sdapakuote.lt\/lv\/produkti\/personalizets-papira-iepakojums-ar-logotipu-vai-uzrakstiem\/papirs-cepsanai-iepakosanai-un-zivim\/vairumtirdznieciba-ar-balinatu-puspergamenta\/#primaryimage"},"image":{"@id":"https:\/\/www.sdapakuote.lt\/lv\/produkti\/personalizets-papira-iepakojums-ar-logotipu-vai-uzrakstiem\/papirs-cepsanai-iepakosanai-un-zivim\/vairumtirdznieciba-ar-balinatu-puspergamenta\/#primaryimage"},"thumbnailUrl":"https:\/\/www.sdapakuote.lt\/wp-content\/uploads\/2021\/09\/kepimo-popierius-rulonais.jpg","datePublished":"2025-10-09T07:00:31+00:00","dateModified":"2025-10-09T07:00:40+00:00","description":"cepamais pap\u012brs ru\u013c\u013cos, pergamenta pap\u012brs p\u0101rtikai, karstumiztur\u012bgs pap\u012brs, p\u0101rtikas iepakojuma pap\u012brs, pergamenta ru\u013c\u013ci, pap\u012brs ziv\u012bm un kast\u0113m, vairumtirdzniec\u012bba ar cepamo pap\u012bru.","breadcrumb":{"@id":"https:\/\/www.sdapakuote.lt\/lv\/produkti\/personalizets-papira-iepakojums-ar-logotipu-vai-uzrakstiem\/papirs-cepsanai-iepakosanai-un-zivim\/vairumtirdznieciba-ar-balinatu-puspergamenta\/#breadcrumb"},"inLanguage":"lv-LV","potentialAction":[{"@type":"ReadAction","target":["https:\/\/www.sdapakuote.lt\/lv\/produkti\/personalizets-papira-iepakojums-ar-logotipu-vai-uzrakstiem\/papirs-cepsanai-iepakosanai-un-zivim\/vairumtirdznieciba-ar-balinatu-puspergamenta\/"]}]},{"@type":"ImageObject","inLanguage":"lv-LV","@id":"https:\/\/www.sdapakuote.lt\/lv\/produkti\/personalizets-papira-iepakojums-ar-logotipu-vai-uzrakstiem\/papirs-cepsanai-iepakosanai-un-zivim\/vairumtirdznieciba-ar-balinatu-puspergamenta\/#primaryimage","url":"https:\/\/www.sdapakuote.lt\/wp-content\/uploads\/2021\/09\/kepimo-popierius-rulonais.jpg","contentUrl":"https:\/\/www.sdapakuote.lt\/wp-content\/uploads\/2021\/09\/kepimo-popierius-rulonais.jpg","width":2484,"height":1958,"caption":"Kepimo popierius rulonais"},{"@type":"BreadcrumbList","@id":"https:\/\/www.sdapakuote.lt\/lv\/produkti\/personalizets-papira-iepakojums-ar-logotipu-vai-uzrakstiem\/papirs-cepsanai-iepakosanai-un-zivim\/vairumtirdznieciba-ar-balinatu-puspergamenta\/#breadcrumb","itemListElement":[{"@type":"ListItem","position":1,"name":"Home","item":"https:\/\/www.sdapakuote.lt\/lv\/"},{"@type":"ListItem","position":2,"name":"Produkti","item":"https:\/\/www.sdapakuote.lt\/lv\/produkti\/"},{"@type":"ListItem","position":3,"name":"Personaliz\u0113ts pap\u012bra iepakojums ar logotipu vai uzrakstiem","item":"https:\/\/www.sdapakuote.lt\/lv\/produkti\/personalizets-papira-iepakojums-ar-logotipu-vai-uzrakstiem\/"},{"@type":"ListItem","position":4,"name":"Pap\u012brs cep\u0161anai, iepako\u0161anai un ziv\u012bm","item":"https:\/\/www.sdapakuote.lt\/lv\/produkti\/personalizets-papira-iepakojums-ar-logotipu-vai-uzrakstiem\/papirs-cepsanai-iepakosanai-un-zivim\/"},{"@type":"ListItem","position":5,"name":"Vairumtirdzniec\u012bba ar balin\u0101tu puspergamenta"}]},{"@type":"WebSite","@id":"https:\/\/www.sdapakuote.lt\/lv\/#website","url":"https:\/\/www.sdapakuote.lt\/lv\/","name":"sdapakuote.lt","description":"Kol kas tik dar vienas WordPress tinklalapis","potentialAction":[{"@type":"SearchAction","target":{"@type":"EntryPoint","urlTemplate":"https:\/\/www.sdapakuote.lt\/lv\/?s={search_term_string}"},"query-input":{"@type":"PropertyValueSpecification","valueRequired":true,"valueName":"search_term_string"}}],"inLanguage":"lv-LV"}]}},"_links":{"self":[{"href":"https:\/\/www.sdapakuote.lt\/lv\/wp-json\/wp\/v2\/pages\/4755","targetHints":{"allow":["GET"]}}],"collection":[{"href":"https:\/\/www.sdapakuote.lt\/lv\/wp-json\/wp\/v2\/pages"}],"about":[{"href":"https:\/\/www.sdapakuote.lt\/lv\/wp-json\/wp\/v2\/types\/page"}],"author":[{"embeddable":true,"href":"https:\/\/www.sdapakuote.lt\/lv\/wp-json\/wp\/v2\/users\/2"}],"replies":[{"embeddable":true,"href":"https:\/\/www.sdapakuote.lt\/lv\/wp-json\/wp\/v2\/comments?post=4755"}],"version-history":[{"count":0,"href":"https:\/\/www.sdapakuote.lt\/lv\/wp-json\/wp\/v2\/pages\/4755\/revisions"}],"up":[{"embeddable":true,"href":"https:\/\/www.sdapakuote.lt\/lv\/wp-json\/wp\/v2\/pages\/4743"}],"wp:featuredmedia":[{"embeddable":true,"href":"https:\/\/www.sdapakuote.lt\/lv\/wp-json\/wp\/v2\/media\/4756"}],"wp:attachment":[{"href":"https:\/\/www.sdapakuote.lt\/lv\/wp-json\/wp\/v2\/media?parent=4755"}],"curies":[{"name":"wp","href":"https:\/\/api.w.org\/{rel}","templated":true}]}}