{"id":4743,"date":"2025-10-09T06:51:48","date_gmt":"2025-10-09T06:51:48","guid":{"rendered":"https:\/\/www.sdapakuote.lt\/?page_id=4743"},"modified":"2025-10-09T06:54:08","modified_gmt":"2025-10-09T06:54:08","slug":"papirs-cepsanai-iepakosanai-un-zivim","status":"publish","type":"page","link":"https:\/\/www.sdapakuote.lt\/lv\/produkti\/personalizets-papira-iepakojums-ar-logotipu-vai-uzrakstiem\/papirs-cepsanai-iepakosanai-un-zivim\/","title":{"rendered":"Pap\u012brs cep\u0161anai, iepako\u0161anai un ziv\u012bm"},"content":{"rendered":"<p><img loading=\"lazy\" decoding=\"async\" class=\"size-medium wp-image-4246 alignleft\" src=\"https:\/\/www.sdapakuote.lt\/wp-content\/uploads\/2025\/10\/Kepimo-popierius-pramonei-300x300.png\" alt=\"pap\u012brs cep\u0161anai un iepako\u0161anai\" width=\"300\" height=\"300\" srcset=\"https:\/\/www.sdapakuote.lt\/wp-content\/uploads\/2025\/10\/Kepimo-popierius-pramonei-300x300.png 300w, https:\/\/www.sdapakuote.lt\/wp-content\/uploads\/2025\/10\/Kepimo-popierius-pramonei-150x150.png 150w, https:\/\/www.sdapakuote.lt\/wp-content\/uploads\/2025\/10\/Kepimo-popierius-pramonei-768x768.png 768w, https:\/\/www.sdapakuote.lt\/wp-content\/uploads\/2025\/10\/Kepimo-popierius-pramonei.png 1024w\" sizes=\"auto, (max-width: 300px) 100vw, 300px\" \/><\/p>\n<h2 data-start=\"479\" data-end=\"549\">\u00a0<\/h2>\n<h2 data-start=\"479\" data-end=\"549\"><strong data-start=\"487\" data-end=\"549\">Pap\u012brs cep\u0161anai, iepako\u0161anai un ziv\u012bm \u2013 loksn\u0113s vai ru\u013c\u013cos<\/strong><\/h2>\n<p data-start=\"551\" data-end=\"861\"><strong data-start=\"551\" data-end=\"566\">SDA Pakuot\u0117<\/strong> pied\u0101v\u0101 pla\u0161u <strong data-start=\"581\" data-end=\"622\">pap\u012bra kl\u0101stu cep\u0161anai un iepako\u0161anai<\/strong>, kas ir <strong data-start=\"631\" data-end=\"674\">praktisks un videi draudz\u012bgs risin\u0101jums<\/strong> p\u0101rtikas ra\u017eo\u0161anai, tirdzniec\u012bbai un m\u0101jas lieto\u0161anai.<br data-start=\"729\" data-end=\"732\" \/><br \/>\nM\u016bsu produkcija ir piem\u0113rota gan <strong data-start=\"765\" data-end=\"807\">profesion\u0101l\u0101m virtuv\u0113m un konditorej\u0101m<\/strong>, gan <strong data-start=\"813\" data-end=\"860\">mazajiem uz\u0146\u0113mumiem un ikdienas lietot\u0101jiem<\/strong>.<\/p>\n<h3 data-start=\"863\" data-end=\"888\">\u00a0<\/h3>\n<h3 data-start=\"863\" data-end=\"888\">\u00a0<\/h3>\n<h3 data-start=\"863\" data-end=\"888\"><strong data-start=\"867\" data-end=\"888\">M\u016bsu pied\u0101v\u0101jums:<\/strong><\/h3>\n<ul data-start=\"889\" data-end=\"1173\">\n<li data-start=\"889\" data-end=\"984\">\n<p data-start=\"891\" data-end=\"984\"><strong data-start=\"891\" data-end=\"910\">Cep\u0161anas pap\u012brs<\/strong>, kas paredz\u0113ts lieto\u0161anai konditorej\u0101s, maizn\u012bc\u0101s un p\u0101rtikas ra\u017eo\u0161an\u0101,<\/p>\n<\/li>\n<li data-start=\"985\" data-end=\"1089\">\n<p data-start=\"987\" data-end=\"1089\"><strong data-start=\"987\" data-end=\"1008\">Iepakojuma pap\u012brs<\/strong>, kas piem\u0113rots da\u017e\u0101du pre\u010du iepako\u0161anai un aizsardz\u012bbai transport\u0113\u0161anas laik\u0101,<\/p>\n<\/li>\n<li data-start=\"1090\" data-end=\"1173\">\n<p data-start=\"1092\" data-end=\"1173\"><strong data-start=\"1092\" data-end=\"1117\">Speci\u0101ls pap\u012brs ziv\u012bm<\/strong>, kas nodro\u0161ina higi\u0113nu, herm\u0113tiskumu un \u0113rtu lieto\u0161anu.<\/p>\n<\/li>\n<\/ul>\n<p data-start=\"1175\" data-end=\"1419\">Visi m\u016bsu pap\u012bra veidi ir pieejami <strong data-start=\"1210\" data-end=\"1236\">lok\u0161\u0146u vai ru\u013c\u013cu form\u0101<\/strong>, t\u0101p\u0113c tos var viegli piel\u0101got <strong data-start=\"1268\" data-end=\"1309\">da\u017e\u0101d\u0101m ra\u017eo\u0161anas jaud\u0101m un procesiem<\/strong>.<br data-start=\"1310\" data-end=\"1313\" \/><br \/>\nP\u0113c piepras\u012bjuma pied\u0101v\u0101jam pap\u012bru <strong data-start=\"1348\" data-end=\"1387\">da\u017e\u0101dos izm\u0113ros, biezumos un kr\u0101s\u0101s<\/strong>, atbilsto\u0161i klienta vajadz\u012bb\u0101m.<\/p>\n<p data-start=\"1421\" data-end=\"1632\"><strong data-start=\"1421\" data-end=\"1455\">SDA Pakuot\u0117 pieg\u0101d\u0101tais pap\u012brs<\/strong> ir uzticams, \u0113rts lieto\u0161an\u0101 un atbilst <strong data-start=\"1495\" data-end=\"1542\">augstiem kvalit\u0101tes un higi\u0113nas standartiem<\/strong>.<br data-start=\"1543\" data-end=\"1546\" \/><br \/>\nTas ir dro\u0161s saskar\u0113 ar p\u0101rtiku un piem\u0113rots <strong data-start=\"1591\" data-end=\"1631\">ekolo\u0123iskiem iepakojuma risin\u0101jumiem<\/strong>.<\/p>\n","protected":false},"excerpt":{"rendered":"<p>\u00a0 Pap\u012brs cep\u0161anai, iepako\u0161anai un ziv\u012bm \u2013 loksn\u0113s vai ru\u013c\u013cos SDA Pakuot\u0117 pied\u0101v\u0101 pla\u0161u pap\u012bra kl\u0101stu cep\u0161anai un iepako\u0161anai, kas ir praktisks un videi draudz\u012bgs risin\u0101jums p\u0101rtikas ra\u017eo\u0161anai, tirdzniec\u012bbai un m\u0101jas lieto\u0161anai. M\u016bsu produkcija ir piem\u0113rota gan profesion\u0101l\u0101m virtuv\u0113m un konditorej\u0101m, gan mazajiem uz\u0146\u0113mumiem un ikdienas lietot\u0101jiem. \u00a0 \u00a0 M\u016bsu pied\u0101v\u0101jums: Cep\u0161anas pap\u012brs, kas paredz\u0113ts [&hellip;]<\/p>\n","protected":false},"author":2,"featured_media":0,"parent":4706,"menu_order":0,"comment_status":"closed","ping_status":"closed","template":"","meta":{"_acf_changed":false,"footnotes":""},"class_list":["post-4743","page","type-page","status-publish","hentry"],"acf":[],"yoast_head":"<!-- This site is optimized with the Yoast SEO plugin v27.5 - https:\/\/yoast.com\/product\/yoast-seo-wordpress\/ -->\n<title>Pap\u012brs cep\u0161anai, iepako\u0161anai un ziv\u012bm - sdapakuote.lt<\/title>\n<meta name=\"description\" content=\"iepakojuma pap\u012brs, pap\u012brs p\u0101rtikai, pap\u012brs ziv\u012bm, cep\u0161anas pap\u012brs loksn\u0113s un ru\u013c\u013cos, p\u0101rtikas iepakojuma materi\u0101li, ekolo\u0123isks pap\u012brs p\u0101rtikas ra\u017eo\u0161anai.\" \/>\n<meta name=\"robots\" content=\"index, follow, max-snippet:-1, max-image-preview:large, max-video-preview:-1\" \/>\n<link rel=\"canonical\" href=\"https:\/\/www.sdapakuote.lt\/lv\/produkti\/personalizets-papira-iepakojums-ar-logotipu-vai-uzrakstiem\/papirs-cepsanai-iepakosanai-un-zivim\/\" \/>\n<meta property=\"og:locale\" content=\"lv_LV\" \/>\n<meta property=\"og:type\" content=\"article\" \/>\n<meta property=\"og:title\" content=\"Pap\u012brs cep\u0161anai, iepako\u0161anai un ziv\u012bm - sdapakuote.lt\" \/>\n<meta property=\"og:description\" content=\"iepakojuma pap\u012brs, pap\u012brs p\u0101rtikai, pap\u012brs ziv\u012bm, cep\u0161anas pap\u012brs loksn\u0113s un ru\u013c\u013cos, p\u0101rtikas iepakojuma materi\u0101li, ekolo\u0123isks pap\u012brs p\u0101rtikas ra\u017eo\u0161anai.\" \/>\n<meta property=\"og:url\" content=\"https:\/\/www.sdapakuote.lt\/lv\/produkti\/personalizets-papira-iepakojums-ar-logotipu-vai-uzrakstiem\/papirs-cepsanai-iepakosanai-un-zivim\/\" \/>\n<meta property=\"og:site_name\" content=\"sdapakuote.lt\" \/>\n<meta property=\"article:modified_time\" content=\"2025-10-09T06:54:08+00:00\" \/>\n<meta property=\"og:image\" content=\"https:\/\/www.sdapakuote.lt\/wp-content\/uploads\/2025\/10\/Kepimo-popierius-pramonei.png\" \/>\n\t<meta property=\"og:image:width\" content=\"1024\" \/>\n\t<meta property=\"og:image:height\" content=\"1024\" \/>\n\t<meta property=\"og:image:type\" content=\"image\/png\" \/>\n<meta name=\"twitter:card\" content=\"summary_large_image\" \/>\n<meta name=\"twitter:label1\" content=\"Est. reading time\" \/>\n\t<meta name=\"twitter:data1\" content=\"1 minute\" \/>\n<script type=\"application\/ld+json\" class=\"yoast-schema-graph\">{\"@context\":\"https:\\\/\\\/schema.org\",\"@graph\":[{\"@type\":\"WebPage\",\"@id\":\"https:\\\/\\\/www.sdapakuote.lt\\\/lv\\\/produkti\\\/personalizets-papira-iepakojums-ar-logotipu-vai-uzrakstiem\\\/papirs-cepsanai-iepakosanai-un-zivim\\\/\",\"url\":\"https:\\\/\\\/www.sdapakuote.lt\\\/lv\\\/produkti\\\/personalizets-papira-iepakojums-ar-logotipu-vai-uzrakstiem\\\/papirs-cepsanai-iepakosanai-un-zivim\\\/\",\"name\":\"Pap\u012brs cep\u0161anai, iepako\u0161anai un ziv\u012bm - sdapakuote.lt\",\"isPartOf\":{\"@id\":\"https:\\\/\\\/www.sdapakuote.lt\\\/lv\\\/#website\"},\"primaryImageOfPage\":{\"@id\":\"https:\\\/\\\/www.sdapakuote.lt\\\/lv\\\/produkti\\\/personalizets-papira-iepakojums-ar-logotipu-vai-uzrakstiem\\\/papirs-cepsanai-iepakosanai-un-zivim\\\/#primaryimage\"},\"image\":{\"@id\":\"https:\\\/\\\/www.sdapakuote.lt\\\/lv\\\/produkti\\\/personalizets-papira-iepakojums-ar-logotipu-vai-uzrakstiem\\\/papirs-cepsanai-iepakosanai-un-zivim\\\/#primaryimage\"},\"thumbnailUrl\":\"https:\\\/\\\/www.sdapakuote.lt\\\/wp-content\\\/uploads\\\/2025\\\/10\\\/Kepimo-popierius-pramonei-300x300.png\",\"datePublished\":\"2025-10-09T06:51:48+00:00\",\"dateModified\":\"2025-10-09T06:54:08+00:00\",\"description\":\"iepakojuma pap\u012brs, pap\u012brs p\u0101rtikai, pap\u012brs ziv\u012bm, cep\u0161anas pap\u012brs loksn\u0113s un ru\u013c\u013cos, p\u0101rtikas iepakojuma materi\u0101li, ekolo\u0123isks pap\u012brs p\u0101rtikas ra\u017eo\u0161anai.\",\"breadcrumb\":{\"@id\":\"https:\\\/\\\/www.sdapakuote.lt\\\/lv\\\/produkti\\\/personalizets-papira-iepakojums-ar-logotipu-vai-uzrakstiem\\\/papirs-cepsanai-iepakosanai-un-zivim\\\/#breadcrumb\"},\"inLanguage\":\"lv-LV\",\"potentialAction\":[{\"@type\":\"ReadAction\",\"target\":[\"https:\\\/\\\/www.sdapakuote.lt\\\/lv\\\/produkti\\\/personalizets-papira-iepakojums-ar-logotipu-vai-uzrakstiem\\\/papirs-cepsanai-iepakosanai-un-zivim\\\/\"]}]},{\"@type\":\"ImageObject\",\"inLanguage\":\"lv-LV\",\"@id\":\"https:\\\/\\\/www.sdapakuote.lt\\\/lv\\\/produkti\\\/personalizets-papira-iepakojums-ar-logotipu-vai-uzrakstiem\\\/papirs-cepsanai-iepakosanai-un-zivim\\\/#primaryimage\",\"url\":\"https:\\\/\\\/www.sdapakuote.lt\\\/wp-content\\\/uploads\\\/2025\\\/10\\\/Kepimo-popierius-pramonei-300x300.png\",\"contentUrl\":\"https:\\\/\\\/www.sdapakuote.lt\\\/wp-content\\\/uploads\\\/2025\\\/10\\\/Kepimo-popierius-pramonei-300x300.png\"},{\"@type\":\"BreadcrumbList\",\"@id\":\"https:\\\/\\\/www.sdapakuote.lt\\\/lv\\\/produkti\\\/personalizets-papira-iepakojums-ar-logotipu-vai-uzrakstiem\\\/papirs-cepsanai-iepakosanai-un-zivim\\\/#breadcrumb\",\"itemListElement\":[{\"@type\":\"ListItem\",\"position\":1,\"name\":\"Home\",\"item\":\"https:\\\/\\\/www.sdapakuote.lt\\\/lv\\\/\"},{\"@type\":\"ListItem\",\"position\":2,\"name\":\"Produkti\",\"item\":\"https:\\\/\\\/www.sdapakuote.lt\\\/lv\\\/produkti\\\/\"},{\"@type\":\"ListItem\",\"position\":3,\"name\":\"Personaliz\u0113ts pap\u012bra iepakojums ar logotipu vai uzrakstiem\",\"item\":\"https:\\\/\\\/www.sdapakuote.lt\\\/lv\\\/produkti\\\/personalizets-papira-iepakojums-ar-logotipu-vai-uzrakstiem\\\/\"},{\"@type\":\"ListItem\",\"position\":4,\"name\":\"Pap\u012brs cep\u0161anai, iepako\u0161anai un ziv\u012bm\"}]},{\"@type\":\"WebSite\",\"@id\":\"https:\\\/\\\/www.sdapakuote.lt\\\/lv\\\/#website\",\"url\":\"https:\\\/\\\/www.sdapakuote.lt\\\/lv\\\/\",\"name\":\"sdapakuote.lt\",\"description\":\"Kol kas tik dar vienas WordPress tinklalapis\",\"potentialAction\":[{\"@type\":\"SearchAction\",\"target\":{\"@type\":\"EntryPoint\",\"urlTemplate\":\"https:\\\/\\\/www.sdapakuote.lt\\\/lv\\\/?s={search_term_string}\"},\"query-input\":{\"@type\":\"PropertyValueSpecification\",\"valueRequired\":true,\"valueName\":\"search_term_string\"}}],\"inLanguage\":\"lv-LV\"}]}<\/script>\n<!-- \/ Yoast SEO plugin. -->","yoast_head_json":{"title":"Pap\u012brs cep\u0161anai, iepako\u0161anai un ziv\u012bm - sdapakuote.lt","description":"iepakojuma pap\u012brs, pap\u012brs p\u0101rtikai, pap\u012brs ziv\u012bm, cep\u0161anas pap\u012brs loksn\u0113s un ru\u013c\u013cos, p\u0101rtikas iepakojuma materi\u0101li, ekolo\u0123isks pap\u012brs p\u0101rtikas ra\u017eo\u0161anai.","robots":{"index":"index","follow":"follow","max-snippet":"max-snippet:-1","max-image-preview":"max-image-preview:large","max-video-preview":"max-video-preview:-1"},"canonical":"https:\/\/www.sdapakuote.lt\/lv\/produkti\/personalizets-papira-iepakojums-ar-logotipu-vai-uzrakstiem\/papirs-cepsanai-iepakosanai-un-zivim\/","og_locale":"lv_LV","og_type":"article","og_title":"Pap\u012brs cep\u0161anai, iepako\u0161anai un ziv\u012bm - sdapakuote.lt","og_description":"iepakojuma pap\u012brs, pap\u012brs p\u0101rtikai, pap\u012brs ziv\u012bm, cep\u0161anas pap\u012brs loksn\u0113s un ru\u013c\u013cos, p\u0101rtikas iepakojuma materi\u0101li, ekolo\u0123isks pap\u012brs p\u0101rtikas ra\u017eo\u0161anai.","og_url":"https:\/\/www.sdapakuote.lt\/lv\/produkti\/personalizets-papira-iepakojums-ar-logotipu-vai-uzrakstiem\/papirs-cepsanai-iepakosanai-un-zivim\/","og_site_name":"sdapakuote.lt","article_modified_time":"2025-10-09T06:54:08+00:00","og_image":[{"width":1024,"height":1024,"url":"https:\/\/www.sdapakuote.lt\/wp-content\/uploads\/2025\/10\/Kepimo-popierius-pramonei.png","type":"image\/png"}],"twitter_card":"summary_large_image","twitter_misc":{"Est. reading time":"1 minute"},"schema":{"@context":"https:\/\/schema.org","@graph":[{"@type":"WebPage","@id":"https:\/\/www.sdapakuote.lt\/lv\/produkti\/personalizets-papira-iepakojums-ar-logotipu-vai-uzrakstiem\/papirs-cepsanai-iepakosanai-un-zivim\/","url":"https:\/\/www.sdapakuote.lt\/lv\/produkti\/personalizets-papira-iepakojums-ar-logotipu-vai-uzrakstiem\/papirs-cepsanai-iepakosanai-un-zivim\/","name":"Pap\u012brs cep\u0161anai, iepako\u0161anai un ziv\u012bm - sdapakuote.lt","isPartOf":{"@id":"https:\/\/www.sdapakuote.lt\/lv\/#website"},"primaryImageOfPage":{"@id":"https:\/\/www.sdapakuote.lt\/lv\/produkti\/personalizets-papira-iepakojums-ar-logotipu-vai-uzrakstiem\/papirs-cepsanai-iepakosanai-un-zivim\/#primaryimage"},"image":{"@id":"https:\/\/www.sdapakuote.lt\/lv\/produkti\/personalizets-papira-iepakojums-ar-logotipu-vai-uzrakstiem\/papirs-cepsanai-iepakosanai-un-zivim\/#primaryimage"},"thumbnailUrl":"https:\/\/www.sdapakuote.lt\/wp-content\/uploads\/2025\/10\/Kepimo-popierius-pramonei-300x300.png","datePublished":"2025-10-09T06:51:48+00:00","dateModified":"2025-10-09T06:54:08+00:00","description":"iepakojuma pap\u012brs, pap\u012brs p\u0101rtikai, pap\u012brs ziv\u012bm, cep\u0161anas pap\u012brs loksn\u0113s un ru\u013c\u013cos, p\u0101rtikas iepakojuma materi\u0101li, ekolo\u0123isks pap\u012brs p\u0101rtikas ra\u017eo\u0161anai.","breadcrumb":{"@id":"https:\/\/www.sdapakuote.lt\/lv\/produkti\/personalizets-papira-iepakojums-ar-logotipu-vai-uzrakstiem\/papirs-cepsanai-iepakosanai-un-zivim\/#breadcrumb"},"inLanguage":"lv-LV","potentialAction":[{"@type":"ReadAction","target":["https:\/\/www.sdapakuote.lt\/lv\/produkti\/personalizets-papira-iepakojums-ar-logotipu-vai-uzrakstiem\/papirs-cepsanai-iepakosanai-un-zivim\/"]}]},{"@type":"ImageObject","inLanguage":"lv-LV","@id":"https:\/\/www.sdapakuote.lt\/lv\/produkti\/personalizets-papira-iepakojums-ar-logotipu-vai-uzrakstiem\/papirs-cepsanai-iepakosanai-un-zivim\/#primaryimage","url":"https:\/\/www.sdapakuote.lt\/wp-content\/uploads\/2025\/10\/Kepimo-popierius-pramonei-300x300.png","contentUrl":"https:\/\/www.sdapakuote.lt\/wp-content\/uploads\/2025\/10\/Kepimo-popierius-pramonei-300x300.png"},{"@type":"BreadcrumbList","@id":"https:\/\/www.sdapakuote.lt\/lv\/produkti\/personalizets-papira-iepakojums-ar-logotipu-vai-uzrakstiem\/papirs-cepsanai-iepakosanai-un-zivim\/#breadcrumb","itemListElement":[{"@type":"ListItem","position":1,"name":"Home","item":"https:\/\/www.sdapakuote.lt\/lv\/"},{"@type":"ListItem","position":2,"name":"Produkti","item":"https:\/\/www.sdapakuote.lt\/lv\/produkti\/"},{"@type":"ListItem","position":3,"name":"Personaliz\u0113ts pap\u012bra iepakojums ar logotipu vai uzrakstiem","item":"https:\/\/www.sdapakuote.lt\/lv\/produkti\/personalizets-papira-iepakojums-ar-logotipu-vai-uzrakstiem\/"},{"@type":"ListItem","position":4,"name":"Pap\u012brs cep\u0161anai, iepako\u0161anai un ziv\u012bm"}]},{"@type":"WebSite","@id":"https:\/\/www.sdapakuote.lt\/lv\/#website","url":"https:\/\/www.sdapakuote.lt\/lv\/","name":"sdapakuote.lt","description":"Kol kas tik dar vienas WordPress tinklalapis","potentialAction":[{"@type":"SearchAction","target":{"@type":"EntryPoint","urlTemplate":"https:\/\/www.sdapakuote.lt\/lv\/?s={search_term_string}"},"query-input":{"@type":"PropertyValueSpecification","valueRequired":true,"valueName":"search_term_string"}}],"inLanguage":"lv-LV"}]}},"_links":{"self":[{"href":"https:\/\/www.sdapakuote.lt\/lv\/wp-json\/wp\/v2\/pages\/4743","targetHints":{"allow":["GET"]}}],"collection":[{"href":"https:\/\/www.sdapakuote.lt\/lv\/wp-json\/wp\/v2\/pages"}],"about":[{"href":"https:\/\/www.sdapakuote.lt\/lv\/wp-json\/wp\/v2\/types\/page"}],"author":[{"embeddable":true,"href":"https:\/\/www.sdapakuote.lt\/lv\/wp-json\/wp\/v2\/users\/2"}],"replies":[{"embeddable":true,"href":"https:\/\/www.sdapakuote.lt\/lv\/wp-json\/wp\/v2\/comments?post=4743"}],"version-history":[{"count":0,"href":"https:\/\/www.sdapakuote.lt\/lv\/wp-json\/wp\/v2\/pages\/4743\/revisions"}],"up":[{"embeddable":true,"href":"https:\/\/www.sdapakuote.lt\/lv\/wp-json\/wp\/v2\/pages\/4706"}],"wp:attachment":[{"href":"https:\/\/www.sdapakuote.lt\/lv\/wp-json\/wp\/v2\/media?parent=4743"}],"curies":[{"name":"wp","href":"https:\/\/api.w.org\/{rel}","templated":true}]}}