{"id":4738,"date":"2025-10-09T06:47:51","date_gmt":"2025-10-09T06:47:51","guid":{"rendered":"https:\/\/www.sdapakuote.lt\/?page_id=4738"},"modified":"2025-10-09T06:49:10","modified_gmt":"2025-10-09T06:49:10","slug":"personalizeta-druka-uz-sutijumu-kastem","status":"publish","type":"page","link":"https:\/\/www.sdapakuote.lt\/lv\/produkti\/personalizets-papira-iepakojums-ar-logotipu-vai-uzrakstiem\/personalizeta-druka-uz-sutijumu-kastem\/","title":{"rendered":"Personaliz\u0113ta druka uz s\u016bt\u012bjumu kast\u0113m"},"content":{"rendered":"<h2 data-start=\"571\" data-end=\"674\">\u00a0<\/h2>\n<p><img loading=\"lazy\" decoding=\"async\" class=\"size-medium wp-image-3824 alignleft\" src=\"https:\/\/www.sdapakuote.lt\/wp-content\/uploads\/2023\/05\/Ekologiskos-dezutes-300x300.jpg\" alt=\"Siuntini\u0173 d\u0117\u017e\u0117s su individualia spauda ir u\u017era\u0161ais\" width=\"300\" height=\"300\" srcset=\"https:\/\/www.sdapakuote.lt\/wp-content\/uploads\/2023\/05\/Ekologiskos-dezutes-300x300.jpg 300w, https:\/\/www.sdapakuote.lt\/wp-content\/uploads\/2023\/05\/Ekologiskos-dezutes-1024x1024.jpg 1024w, https:\/\/www.sdapakuote.lt\/wp-content\/uploads\/2023\/05\/Ekologiskos-dezutes-150x150.jpg 150w, https:\/\/www.sdapakuote.lt\/wp-content\/uploads\/2023\/05\/Ekologiskos-dezutes-768x768.jpg 768w, https:\/\/www.sdapakuote.lt\/wp-content\/uploads\/2023\/05\/Ekologiskos-dezutes-1536x1536.jpg 1536w, https:\/\/www.sdapakuote.lt\/wp-content\/uploads\/2023\/05\/Ekologiskos-dezutes-2048x2048.jpg 2048w\" sizes=\"auto, (max-width: 300px) 100vw, 300px\" \/><\/p>\n<h2 style=\"text-align: left;\" data-start=\"571\" data-end=\"674\"><strong data-start=\"579\" data-end=\"674\">Personaliz\u0113ta druka uz s\u016bt\u012bjumu kast\u0113m \u2013 profesion\u0101ls un atpaz\u012bstams j\u016bsu z\u012bmola iepakojums<\/strong><\/h2>\n<p style=\"text-align: left;\" data-start=\"676\" data-end=\"1036\"><strong data-start=\"676\" data-end=\"691\">SDA Pakuot\u0117<\/strong> ra\u017eo un pieg\u0101d\u0101 <strong data-start=\"708\" data-end=\"764\">da\u017e\u0101da izm\u0113ra s\u016bt\u012bjumu kastes ar personaliz\u0113tu druku<\/strong>, kas ir piel\u0101gotas <strong data-start=\"784\" data-end=\"814\">pasta autom\u0101tiem (S, M, L)<\/strong> un citiem s\u016bt\u012bjumu risin\u0101jumiem.<br data-start=\"847\" data-end=\"850\" \/><br \/>\nTas ir ide\u0101ls iepakojuma risin\u0101jums e-komercijas, lo\u0123istikas un ra\u017eo\u0161anas uz\u0146\u0113mumiem, kas v\u0113las stiprin\u0101t <strong data-start=\"956\" data-end=\"980\">z\u012bmola atpaz\u012bstam\u012bbu<\/strong> un pie\u0161\u0137irt saviem s\u016bt\u012bjumiem <strong data-start=\"1011\" data-end=\"1035\">profesion\u0101lu izskatu<\/strong>.<\/p>\n<hr data-start=\"1038\" data-end=\"1041\" \/>\n<h3 style=\"text-align: left;\" data-start=\"1043\" data-end=\"1098\"><strong data-start=\"1047\" data-end=\"1098\">S\u016bt\u012bjumu kastes ar druku \u2013 j\u016bsu z\u012bmola v\u0113stne\u0161i<\/strong><\/h3>\n<p style=\"text-align: left;\" data-start=\"1099\" data-end=\"1338\">M\u016bsdienu e-komercij\u0101 iepakojums ir ne tikai aizsardz\u012bba, bet ar\u012b <strong data-start=\"1164\" data-end=\"1190\">m\u0101rketinga instruments<\/strong>.<br data-start=\"1191\" data-end=\"1194\" \/><br \/>\n<strong data-start=\"1194\" data-end=\"1227\">Personaliz\u0113ta druka uz kast\u0113m<\/strong> p\u0101rv\u0113r\u0161 katru s\u016bt\u012bjumu par <strong data-start=\"1255\" data-end=\"1274\">rekl\u0101mas nes\u0113ju<\/strong>, kas non\u0101k tie\u0161i klienta rok\u0101s.<br data-start=\"1306\" data-end=\"1309\" \/><br \/>\nUz kast\u0113m iesp\u0113jams uzdruk\u0101t:<\/p>\n<ul style=\"text-align: left;\" data-start=\"1339\" data-end=\"1516\">\n<li data-start=\"1339\" data-end=\"1365\">\n<p data-start=\"1341\" data-end=\"1365\">uz\u0146\u0113muma <strong data-start=\"1350\" data-end=\"1362\">logotipu<\/strong>,<\/p>\n<\/li>\n<li data-start=\"1366\" data-end=\"1414\">\n<p data-start=\"1368\" data-end=\"1414\"><strong data-start=\"1368\" data-end=\"1411\">z\u012bmola identit\u0101ti vai dizaina elementus<\/strong>,<\/p>\n<\/li>\n<li data-start=\"1415\" data-end=\"1477\">\n<p data-start=\"1417\" data-end=\"1477\"><strong data-start=\"1417\" data-end=\"1474\">kontaktinform\u0101ciju, sauk\u013cus vai soci\u0101lo t\u012bklu adreses<\/strong>,<\/p>\n<\/li>\n<li data-start=\"1478\" data-end=\"1516\">\n<p data-start=\"1480\" data-end=\"1516\"><strong data-start=\"1480\" data-end=\"1515\">QR kodus vai rekl\u0101mas zi\u0146ojumus<\/strong>.<\/p>\n<\/li>\n<\/ul>\n<p style=\"text-align: left;\" data-start=\"1518\" data-end=\"1759\">Drukai tiek izmantotas <strong data-start=\"1541\" data-end=\"1579\">ekolo\u0123iskas, uz \u016bdens b\u0101zes kr\u0101sas<\/strong>, kas nodro\u0161ina izteiksm\u012bgu un est\u0113tisku rezult\u0101tu, vienlaikus saudz\u0113jot vidi.<br data-start=\"1657\" data-end=\"1660\" \/><br \/>\nKatra dizaina druka tiek piel\u0101gota individu\u0101li \u2013 j\u016bsu kastes k\u013c\u016bs par z\u012bmola neat\u0146emamu sast\u0101vda\u013cu.<\/p>\n<hr data-start=\"1761\" data-end=\"1764\" \/>\n<h3 style=\"text-align: left;\" data-start=\"1766\" data-end=\"1797\"><strong data-start=\"1770\" data-end=\"1797\">Pied\u0101v\u0101tie kastes tipi:<\/strong><\/h3>\n<ul style=\"text-align: left;\" data-start=\"1798\" data-end=\"2007\">\n<li data-start=\"1798\" data-end=\"1892\">\n<p data-start=\"1800\" data-end=\"1892\"><strong data-start=\"1800\" data-end=\"1828\">\u0100tr\u0101s aizv\u0113r\u0161anas kastes<\/strong> \u2013 \u0113rtas lieto\u0161an\u0101, neprasa l\u012bmlenti, aizveras dro\u0161i un cie\u0161i.<\/p>\n<\/li>\n<li data-start=\"1893\" data-end=\"2007\">\n<p data-start=\"1895\" data-end=\"2007\"><strong data-start=\"1895\" data-end=\"1912\">Klapju kastes<\/strong> \u2013 univers\u0101ls un iztur\u012bgs risin\u0101jums, piem\u0113rots gan pasta autom\u0101tiem, gan kurjeru s\u016bt\u012bjumiem.<\/p>\n<\/li>\n<\/ul>\n<p style=\"text-align: left;\" data-start=\"2009\" data-end=\"2142\">Visas kastes tiek izgatavotas no <strong data-start=\"2042\" data-end=\"2080\">augstas kvalit\u0101tes gofr\u0113t\u0101 kartona<\/strong>, kas nodro\u0161ina iztur\u012bbu un aizsardz\u012bbu transport\u0113\u0161anas laik\u0101.<\/p>\n<hr data-start=\"2144\" data-end=\"2147\" \/>\n<h3 style=\"text-align: left;\" data-start=\"2149\" data-end=\"2189\"><strong data-start=\"2153\" data-end=\"2189\">Pieejamie izm\u0113ri un piel\u0101go\u0161ana:<\/strong><\/h3>\n<p style=\"text-align: left;\" data-start=\"2190\" data-end=\"2403\">Ra\u017eojam kastes <strong data-start=\"2205\" data-end=\"2255\">atbilsto\u0161i pasta autom\u0101tu izm\u0113riem \u2013 S, M un L<\/strong>, k\u0101 ar\u012b p\u0113c individu\u0101liem pas\u016bt\u012bjumiem.<br data-start=\"2295\" data-end=\"2298\" \/><br \/>\nPiel\u0101gojam iepakojumu da\u017e\u0101da veida produktiem \u2013 no neliel\u0101m prec\u0113m l\u012bdz liel\u0101kiem komplektiem un d\u0101van\u0101m.<\/p>\n<hr data-start=\"2405\" data-end=\"2408\" \/>\n<h3 style=\"text-align: left;\" data-start=\"2410\" data-end=\"2477\"><strong data-start=\"2414\" data-end=\"2477\">K\u0101p\u0113c izv\u0113l\u0113ties SDA Pakuot\u0117 personaliz\u0113to druku uz kast\u0113m:<\/strong><\/h3>\n<ul style=\"text-align: left;\" data-start=\"2478\" data-end=\"2890\">\n<li data-start=\"2478\" data-end=\"2563\">\n<p data-start=\"2480\" data-end=\"2563\"><strong data-start=\"2480\" data-end=\"2524\">Druka uz visiem s\u016bt\u012bjumu kastes izm\u0113riem<\/strong> \u2013 S, M, L un nestandarta risin\u0101jumi.<\/p>\n<\/li>\n<li data-start=\"2564\" data-end=\"2651\">\n<p data-start=\"2566\" data-end=\"2651\"><strong data-start=\"2566\" data-end=\"2598\">Ra\u017eojam ar\u012b neliel\u0101s tir\u0101\u017e\u0101s<\/strong>, piem\u0113rots gan mazajiem, gan lielajiem uz\u0146\u0113mumiem.<\/p>\n<\/li>\n<li data-start=\"2652\" data-end=\"2752\">\n<p data-start=\"2654\" data-end=\"2752\"><strong data-start=\"2654\" data-end=\"2686\">Profesion\u0101la dizaina komanda<\/strong> pal\u012bdz izveidot vizu\u0101li pievilc\u012bgu un z\u012bmolam atbilsto\u0161u druku.<\/p>\n<\/li>\n<li data-start=\"2753\" data-end=\"2799\">\n<p data-start=\"2755\" data-end=\"2799\"><strong data-start=\"2755\" data-end=\"2797\">\u0100tra ra\u017eo\u0161ana un pieg\u0101de vis\u0101 Latvij\u0101.<\/strong><\/p>\n<\/li>\n<li data-start=\"2800\" data-end=\"2890\">\n<p data-start=\"2802\" data-end=\"2890\"><strong data-start=\"2802\" data-end=\"2828\">Videi draudz\u012bga pieeja<\/strong> \u2013 izmantojam p\u0101rstr\u0101d\u0101jamus materi\u0101lus un \u016bdens b\u0101zes kr\u0101sas.<\/p>\n<\/li>\n<\/ul>\n<hr data-start=\"2892\" data-end=\"2895\" \/>\n<h3 style=\"text-align: left;\" data-start=\"2897\" data-end=\"2915\"><strong data-start=\"2901\" data-end=\"2915\">Piem\u0113rots:<\/strong><\/h3>\n<ul style=\"text-align: left;\" data-start=\"2916\" data-end=\"3103\">\n<li data-start=\"2916\" data-end=\"2944\">\n<p data-start=\"2918\" data-end=\"2944\">e-komercijas uz\u0146\u0113mumiem,<\/p>\n<\/li>\n<li data-start=\"2945\" data-end=\"2977\">\n<p data-start=\"2947\" data-end=\"2977\">ra\u017eot\u0101jiem un izplat\u012bt\u0101jiem,<\/p>\n<\/li>\n<li data-start=\"2978\" data-end=\"3031\">\n<p data-start=\"2980\" data-end=\"3031\">lo\u0123istikas un transporta pakalpojumu sniedz\u0113jiem,<\/p>\n<\/li>\n<li data-start=\"3032\" data-end=\"3103\">\n<p data-start=\"3034\" data-end=\"3103\">z\u012bmoliem, kas v\u0113las profesion\u0101lu un vizu\u0101li atpaz\u012bstamu iepakojumu.<\/p>\n<\/li>\n<\/ul>\n<hr data-start=\"3105\" data-end=\"3108\" \/>\n<p style=\"text-align: left;\" data-start=\"3110\" data-end=\"3289\"><strong data-start=\"3110\" data-end=\"3153\">Personaliz\u0113tas s\u016bt\u012bjumu kastes ar druku<\/strong> \u2013 t\u0101 ir ne tikai praktiska, bet ar\u012b efekt\u012bva <strong data-start=\"3199\" data-end=\"3235\">rekl\u0101mas invest\u012bcija j\u016bsu z\u012bmol\u0101<\/strong>.<br data-start=\"3236\" data-end=\"3239\" \/><br \/>\nKatrs s\u016bt\u012bjums k\u013c\u016bst par j\u016bsu uz\u0146\u0113muma viz\u012btkarti!<\/p>\n","protected":false},"excerpt":{"rendered":"<p>\u00a0 Personaliz\u0113ta druka uz s\u016bt\u012bjumu kast\u0113m \u2013 profesion\u0101ls un atpaz\u012bstams j\u016bsu z\u012bmola iepakojums SDA Pakuot\u0117 ra\u017eo un pieg\u0101d\u0101 da\u017e\u0101da izm\u0113ra s\u016bt\u012bjumu kastes ar personaliz\u0113tu druku, kas ir piel\u0101gotas pasta autom\u0101tiem (S, M, L) un citiem s\u016bt\u012bjumu risin\u0101jumiem. Tas ir ide\u0101ls iepakojuma risin\u0101jums e-komercijas, lo\u0123istikas un ra\u017eo\u0161anas uz\u0146\u0113mumiem, kas v\u0113las stiprin\u0101t z\u012bmola atpaz\u012bstam\u012bbu un pie\u0161\u0137irt saviem [&hellip;]<\/p>\n","protected":false},"author":2,"featured_media":3849,"parent":4706,"menu_order":0,"comment_status":"closed","ping_status":"closed","template":"page-products.php","meta":{"_acf_changed":false,"footnotes":""},"class_list":["post-4738","page","type-page","status-publish","has-post-thumbnail","hentry"],"acf":[],"yoast_head":"<!-- This site is optimized with the Yoast SEO plugin v27.4 - https:\/\/yoast.com\/product\/yoast-seo-wordpress\/ -->\n<title>Personaliz\u0113ta druka uz s\u016bt\u012bjumu kast\u0113m - sdapakuote.lt<\/title>\n<meta name=\"description\" content=\"personaliz\u0113tas kastes, kartona kastes ar logotipu, pasta autom\u0101tu kastes S M L, \u0101tr\u0101s aizv\u0113r\u0161anas kastes, klapju kastes, z\u012bmola iepakojums, druka uz iepakojuma.\" \/>\n<meta name=\"robots\" content=\"index, follow, max-snippet:-1, max-image-preview:large, max-video-preview:-1\" \/>\n<link rel=\"canonical\" href=\"https:\/\/www.sdapakuote.lt\/lv\/produkti\/personalizets-papira-iepakojums-ar-logotipu-vai-uzrakstiem\/personalizeta-druka-uz-sutijumu-kastem\/\" \/>\n<meta property=\"og:locale\" content=\"lv_LV\" \/>\n<meta property=\"og:type\" content=\"article\" \/>\n<meta property=\"og:title\" content=\"Personaliz\u0113ta druka uz s\u016bt\u012bjumu kast\u0113m - sdapakuote.lt\" \/>\n<meta property=\"og:description\" content=\"personaliz\u0113tas kastes, kartona kastes ar logotipu, pasta autom\u0101tu kastes S M L, \u0101tr\u0101s aizv\u0113r\u0161anas kastes, klapju kastes, z\u012bmola iepakojums, druka uz iepakojuma.\" \/>\n<meta property=\"og:url\" content=\"https:\/\/www.sdapakuote.lt\/lv\/produkti\/personalizets-papira-iepakojums-ar-logotipu-vai-uzrakstiem\/personalizeta-druka-uz-sutijumu-kastem\/\" \/>\n<meta property=\"og:site_name\" content=\"sdapakuote.lt\" \/>\n<meta property=\"article:modified_time\" content=\"2025-10-09T06:49:10+00:00\" \/>\n<meta property=\"og:image\" content=\"https:\/\/www.sdapakuote.lt\/wp-content\/uploads\/2024\/12\/Popierines-dezutes-siuntoms-Design-by-Reda.png\" \/>\n\t<meta property=\"og:image:width\" content=\"1000\" \/>\n\t<meta property=\"og:image:height\" content=\"780\" \/>\n\t<meta property=\"og:image:type\" content=\"image\/png\" \/>\n<meta name=\"twitter:card\" content=\"summary_large_image\" \/>\n<meta name=\"twitter:label1\" content=\"Est. reading time\" \/>\n\t<meta name=\"twitter:data1\" content=\"3 minutes\" \/>\n<script type=\"application\/ld+json\" class=\"yoast-schema-graph\">{\"@context\":\"https:\\\/\\\/schema.org\",\"@graph\":[{\"@type\":\"WebPage\",\"@id\":\"https:\\\/\\\/www.sdapakuote.lt\\\/lv\\\/produkti\\\/personalizets-papira-iepakojums-ar-logotipu-vai-uzrakstiem\\\/personalizeta-druka-uz-sutijumu-kastem\\\/\",\"url\":\"https:\\\/\\\/www.sdapakuote.lt\\\/lv\\\/produkti\\\/personalizets-papira-iepakojums-ar-logotipu-vai-uzrakstiem\\\/personalizeta-druka-uz-sutijumu-kastem\\\/\",\"name\":\"Personaliz\u0113ta druka uz s\u016bt\u012bjumu kast\u0113m - sdapakuote.lt\",\"isPartOf\":{\"@id\":\"https:\\\/\\\/www.sdapakuote.lt\\\/lv\\\/#website\"},\"primaryImageOfPage\":{\"@id\":\"https:\\\/\\\/www.sdapakuote.lt\\\/lv\\\/produkti\\\/personalizets-papira-iepakojums-ar-logotipu-vai-uzrakstiem\\\/personalizeta-druka-uz-sutijumu-kastem\\\/#primaryimage\"},\"image\":{\"@id\":\"https:\\\/\\\/www.sdapakuote.lt\\\/lv\\\/produkti\\\/personalizets-papira-iepakojums-ar-logotipu-vai-uzrakstiem\\\/personalizeta-druka-uz-sutijumu-kastem\\\/#primaryimage\"},\"thumbnailUrl\":\"https:\\\/\\\/www.sdapakuote.lt\\\/wp-content\\\/uploads\\\/2024\\\/12\\\/Popierines-dezutes-siuntoms-Design-by-Reda.png\",\"datePublished\":\"2025-10-09T06:47:51+00:00\",\"dateModified\":\"2025-10-09T06:49:10+00:00\",\"description\":\"personaliz\u0113tas kastes, kartona kastes ar logotipu, pasta autom\u0101tu kastes S M L, \u0101tr\u0101s aizv\u0113r\u0161anas kastes, klapju kastes, z\u012bmola iepakojums, druka uz iepakojuma.\",\"breadcrumb\":{\"@id\":\"https:\\\/\\\/www.sdapakuote.lt\\\/lv\\\/produkti\\\/personalizets-papira-iepakojums-ar-logotipu-vai-uzrakstiem\\\/personalizeta-druka-uz-sutijumu-kastem\\\/#breadcrumb\"},\"inLanguage\":\"lv-LV\",\"potentialAction\":[{\"@type\":\"ReadAction\",\"target\":[\"https:\\\/\\\/www.sdapakuote.lt\\\/lv\\\/produkti\\\/personalizets-papira-iepakojums-ar-logotipu-vai-uzrakstiem\\\/personalizeta-druka-uz-sutijumu-kastem\\\/\"]}]},{\"@type\":\"ImageObject\",\"inLanguage\":\"lv-LV\",\"@id\":\"https:\\\/\\\/www.sdapakuote.lt\\\/lv\\\/produkti\\\/personalizets-papira-iepakojums-ar-logotipu-vai-uzrakstiem\\\/personalizeta-druka-uz-sutijumu-kastem\\\/#primaryimage\",\"url\":\"https:\\\/\\\/www.sdapakuote.lt\\\/wp-content\\\/uploads\\\/2024\\\/12\\\/Popierines-dezutes-siuntoms-Design-by-Reda.png\",\"contentUrl\":\"https:\\\/\\\/www.sdapakuote.lt\\\/wp-content\\\/uploads\\\/2024\\\/12\\\/Popierines-dezutes-siuntoms-Design-by-Reda.png\",\"width\":1000,\"height\":780,\"caption\":\"Popierin\u0117s d\u0117\u017eut\u0117s su spauda \\\"Design by Reda\\\"\"},{\"@type\":\"BreadcrumbList\",\"@id\":\"https:\\\/\\\/www.sdapakuote.lt\\\/lv\\\/produkti\\\/personalizets-papira-iepakojums-ar-logotipu-vai-uzrakstiem\\\/personalizeta-druka-uz-sutijumu-kastem\\\/#breadcrumb\",\"itemListElement\":[{\"@type\":\"ListItem\",\"position\":1,\"name\":\"Home\",\"item\":\"https:\\\/\\\/www.sdapakuote.lt\\\/lv\\\/\"},{\"@type\":\"ListItem\",\"position\":2,\"name\":\"Produkti\",\"item\":\"https:\\\/\\\/www.sdapakuote.lt\\\/lv\\\/produkti\\\/\"},{\"@type\":\"ListItem\",\"position\":3,\"name\":\"Personaliz\u0113ts pap\u012bra iepakojums ar logotipu vai uzrakstiem\",\"item\":\"https:\\\/\\\/www.sdapakuote.lt\\\/lv\\\/produkti\\\/personalizets-papira-iepakojums-ar-logotipu-vai-uzrakstiem\\\/\"},{\"@type\":\"ListItem\",\"position\":4,\"name\":\"Personaliz\u0113ta druka uz s\u016bt\u012bjumu kast\u0113m\"}]},{\"@type\":\"WebSite\",\"@id\":\"https:\\\/\\\/www.sdapakuote.lt\\\/lv\\\/#website\",\"url\":\"https:\\\/\\\/www.sdapakuote.lt\\\/lv\\\/\",\"name\":\"sdapakuote.lt\",\"description\":\"Kol kas tik dar vienas WordPress tinklalapis\",\"potentialAction\":[{\"@type\":\"SearchAction\",\"target\":{\"@type\":\"EntryPoint\",\"urlTemplate\":\"https:\\\/\\\/www.sdapakuote.lt\\\/lv\\\/?s={search_term_string}\"},\"query-input\":{\"@type\":\"PropertyValueSpecification\",\"valueRequired\":true,\"valueName\":\"search_term_string\"}}],\"inLanguage\":\"lv-LV\"}]}<\/script>\n<!-- \/ Yoast SEO plugin. -->","yoast_head_json":{"title":"Personaliz\u0113ta druka uz s\u016bt\u012bjumu kast\u0113m - sdapakuote.lt","description":"personaliz\u0113tas kastes, kartona kastes ar logotipu, pasta autom\u0101tu kastes S M L, \u0101tr\u0101s aizv\u0113r\u0161anas kastes, klapju kastes, z\u012bmola iepakojums, druka uz iepakojuma.","robots":{"index":"index","follow":"follow","max-snippet":"max-snippet:-1","max-image-preview":"max-image-preview:large","max-video-preview":"max-video-preview:-1"},"canonical":"https:\/\/www.sdapakuote.lt\/lv\/produkti\/personalizets-papira-iepakojums-ar-logotipu-vai-uzrakstiem\/personalizeta-druka-uz-sutijumu-kastem\/","og_locale":"lv_LV","og_type":"article","og_title":"Personaliz\u0113ta druka uz s\u016bt\u012bjumu kast\u0113m - sdapakuote.lt","og_description":"personaliz\u0113tas kastes, kartona kastes ar logotipu, pasta autom\u0101tu kastes S M L, \u0101tr\u0101s aizv\u0113r\u0161anas kastes, klapju kastes, z\u012bmola iepakojums, druka uz iepakojuma.","og_url":"https:\/\/www.sdapakuote.lt\/lv\/produkti\/personalizets-papira-iepakojums-ar-logotipu-vai-uzrakstiem\/personalizeta-druka-uz-sutijumu-kastem\/","og_site_name":"sdapakuote.lt","article_modified_time":"2025-10-09T06:49:10+00:00","og_image":[{"width":1000,"height":780,"url":"https:\/\/www.sdapakuote.lt\/wp-content\/uploads\/2024\/12\/Popierines-dezutes-siuntoms-Design-by-Reda.png","type":"image\/png"}],"twitter_card":"summary_large_image","twitter_misc":{"Est. reading time":"3 minutes"},"schema":{"@context":"https:\/\/schema.org","@graph":[{"@type":"WebPage","@id":"https:\/\/www.sdapakuote.lt\/lv\/produkti\/personalizets-papira-iepakojums-ar-logotipu-vai-uzrakstiem\/personalizeta-druka-uz-sutijumu-kastem\/","url":"https:\/\/www.sdapakuote.lt\/lv\/produkti\/personalizets-papira-iepakojums-ar-logotipu-vai-uzrakstiem\/personalizeta-druka-uz-sutijumu-kastem\/","name":"Personaliz\u0113ta druka uz s\u016bt\u012bjumu kast\u0113m - sdapakuote.lt","isPartOf":{"@id":"https:\/\/www.sdapakuote.lt\/lv\/#website"},"primaryImageOfPage":{"@id":"https:\/\/www.sdapakuote.lt\/lv\/produkti\/personalizets-papira-iepakojums-ar-logotipu-vai-uzrakstiem\/personalizeta-druka-uz-sutijumu-kastem\/#primaryimage"},"image":{"@id":"https:\/\/www.sdapakuote.lt\/lv\/produkti\/personalizets-papira-iepakojums-ar-logotipu-vai-uzrakstiem\/personalizeta-druka-uz-sutijumu-kastem\/#primaryimage"},"thumbnailUrl":"https:\/\/www.sdapakuote.lt\/wp-content\/uploads\/2024\/12\/Popierines-dezutes-siuntoms-Design-by-Reda.png","datePublished":"2025-10-09T06:47:51+00:00","dateModified":"2025-10-09T06:49:10+00:00","description":"personaliz\u0113tas kastes, kartona kastes ar logotipu, pasta autom\u0101tu kastes S M L, \u0101tr\u0101s aizv\u0113r\u0161anas kastes, klapju kastes, z\u012bmola iepakojums, druka uz iepakojuma.","breadcrumb":{"@id":"https:\/\/www.sdapakuote.lt\/lv\/produkti\/personalizets-papira-iepakojums-ar-logotipu-vai-uzrakstiem\/personalizeta-druka-uz-sutijumu-kastem\/#breadcrumb"},"inLanguage":"lv-LV","potentialAction":[{"@type":"ReadAction","target":["https:\/\/www.sdapakuote.lt\/lv\/produkti\/personalizets-papira-iepakojums-ar-logotipu-vai-uzrakstiem\/personalizeta-druka-uz-sutijumu-kastem\/"]}]},{"@type":"ImageObject","inLanguage":"lv-LV","@id":"https:\/\/www.sdapakuote.lt\/lv\/produkti\/personalizets-papira-iepakojums-ar-logotipu-vai-uzrakstiem\/personalizeta-druka-uz-sutijumu-kastem\/#primaryimage","url":"https:\/\/www.sdapakuote.lt\/wp-content\/uploads\/2024\/12\/Popierines-dezutes-siuntoms-Design-by-Reda.png","contentUrl":"https:\/\/www.sdapakuote.lt\/wp-content\/uploads\/2024\/12\/Popierines-dezutes-siuntoms-Design-by-Reda.png","width":1000,"height":780,"caption":"Popierin\u0117s d\u0117\u017eut\u0117s su spauda \"Design by Reda\""},{"@type":"BreadcrumbList","@id":"https:\/\/www.sdapakuote.lt\/lv\/produkti\/personalizets-papira-iepakojums-ar-logotipu-vai-uzrakstiem\/personalizeta-druka-uz-sutijumu-kastem\/#breadcrumb","itemListElement":[{"@type":"ListItem","position":1,"name":"Home","item":"https:\/\/www.sdapakuote.lt\/lv\/"},{"@type":"ListItem","position":2,"name":"Produkti","item":"https:\/\/www.sdapakuote.lt\/lv\/produkti\/"},{"@type":"ListItem","position":3,"name":"Personaliz\u0113ts pap\u012bra iepakojums ar logotipu vai uzrakstiem","item":"https:\/\/www.sdapakuote.lt\/lv\/produkti\/personalizets-papira-iepakojums-ar-logotipu-vai-uzrakstiem\/"},{"@type":"ListItem","position":4,"name":"Personaliz\u0113ta druka uz s\u016bt\u012bjumu kast\u0113m"}]},{"@type":"WebSite","@id":"https:\/\/www.sdapakuote.lt\/lv\/#website","url":"https:\/\/www.sdapakuote.lt\/lv\/","name":"sdapakuote.lt","description":"Kol kas tik dar vienas WordPress tinklalapis","potentialAction":[{"@type":"SearchAction","target":{"@type":"EntryPoint","urlTemplate":"https:\/\/www.sdapakuote.lt\/lv\/?s={search_term_string}"},"query-input":{"@type":"PropertyValueSpecification","valueRequired":true,"valueName":"search_term_string"}}],"inLanguage":"lv-LV"}]}},"_links":{"self":[{"href":"https:\/\/www.sdapakuote.lt\/lv\/wp-json\/wp\/v2\/pages\/4738","targetHints":{"allow":["GET"]}}],"collection":[{"href":"https:\/\/www.sdapakuote.lt\/lv\/wp-json\/wp\/v2\/pages"}],"about":[{"href":"https:\/\/www.sdapakuote.lt\/lv\/wp-json\/wp\/v2\/types\/page"}],"author":[{"embeddable":true,"href":"https:\/\/www.sdapakuote.lt\/lv\/wp-json\/wp\/v2\/users\/2"}],"replies":[{"embeddable":true,"href":"https:\/\/www.sdapakuote.lt\/lv\/wp-json\/wp\/v2\/comments?post=4738"}],"version-history":[{"count":3,"href":"https:\/\/www.sdapakuote.lt\/lv\/wp-json\/wp\/v2\/pages\/4738\/revisions"}],"predecessor-version":[{"id":4741,"href":"https:\/\/www.sdapakuote.lt\/lv\/wp-json\/wp\/v2\/pages\/4738\/revisions\/4741"}],"up":[{"embeddable":true,"href":"https:\/\/www.sdapakuote.lt\/lv\/wp-json\/wp\/v2\/pages\/4706"}],"wp:featuredmedia":[{"embeddable":true,"href":"https:\/\/www.sdapakuote.lt\/lv\/wp-json\/wp\/v2\/media\/3849"}],"wp:attachment":[{"href":"https:\/\/www.sdapakuote.lt\/lv\/wp-json\/wp\/v2\/media?parent=4738"}],"curies":[{"name":"wp","href":"https:\/\/api.w.org\/{rel}","templated":true}]}}