{"id":4731,"date":"2025-10-09T06:28:13","date_gmt":"2025-10-09T06:28:13","guid":{"rendered":"https:\/\/www.sdapakuote.lt\/?page_id=4731"},"modified":"2025-10-09T06:28:23","modified_gmt":"2025-10-09T06:28:23","slug":"individuals-papira-un-auduma-iepakojums-ar-uzrakstiem","status":"publish","type":"page","link":"https:\/\/www.sdapakuote.lt\/lv\/produkti\/personalizets-papira-iepakojums-ar-logotipu-vai-uzrakstiem\/personalizetie-papira-maisini-ar-logotipu-vai-uzrakstiem\/individuals-papira-un-auduma-iepakojums-ar-uzrakstiem\/","title":{"rendered":"Individu\u0101ls pap\u012bra un auduma iepakojums ar uzrakstiem"},"content":{"rendered":"<h2 data-start=\"482\" data-end=\"559\"><strong data-start=\"490\" data-end=\"559\">Individu\u0101ls pap\u012bra un auduma iepakojums ar uzrakstiem un logotipu<\/strong><\/h2>\n<p data-start=\"561\" data-end=\"857\"><strong data-start=\"561\" data-end=\"576\">SDA Pakuot\u0117<\/strong> ra\u017eo <strong data-start=\"582\" data-end=\"665\">ekolo\u0123isku pap\u012bra un auduma iepakojumu ar uzrakstiem, logotipiem vai z\u012bm\u0113jumiem<\/strong>, kas tiek veidots p\u0113c klientu individu\u0101liem pas\u016bt\u012bjumiem.<br data-start=\"723\" data-end=\"726\" \/><br \/>\nDrukai izmantojam <strong data-start=\"744\" data-end=\"782\">ekolo\u0123iskas, uz \u016bdens b\u0101zes kr\u0101sas<\/strong>, kas ir dro\u0161as videi un nodro\u0161ina augstas kvalit\u0101tes, est\u0113tisku rezult\u0101tu.<\/p>\n<p data-start=\"859\" data-end=\"1058\">\u0160\u0101da veida <strong data-start=\"870\" data-end=\"898\">personaliz\u0113ts iepakojums<\/strong> ir piem\u0113rots ne tikai uz\u0146\u0113mumiem, kas v\u0113las uzsv\u0113rt savu z\u012bmolu, bet ar\u012b <strong data-start=\"972\" data-end=\"990\">priv\u0101tperson\u0101m<\/strong>, kuras mekl\u0113 unik\u0101lus risin\u0101jumus sv\u0113tkiem vai d\u0101vanu iesai\u0146o\u0161anai.<\/p>\n<h3 data-start=\"1060\" data-end=\"1085\"><strong data-start=\"1064\" data-end=\"1085\">M\u016bsu pied\u0101v\u0101jums:<\/strong><\/h3>\n<ul data-start=\"1086\" data-end=\"1292\">\n<li data-start=\"1086\" data-end=\"1150\">\n<p data-start=\"1088\" data-end=\"1150\"><strong data-start=\"1088\" data-end=\"1106\">Pap\u012bra maisi\u0146i<\/strong> ar individu\u0101liem uzrakstiem vai logotipu,<\/p>\n<\/li>\n<li data-start=\"1151\" data-end=\"1196\">\n<p data-start=\"1153\" data-end=\"1196\"><strong data-start=\"1153\" data-end=\"1171\">Auduma maisi\u0146i<\/strong> ar ekolo\u0123isku apdruku,<\/p>\n<\/li>\n<li data-start=\"1197\" data-end=\"1292\">\n<p data-start=\"1199\" data-end=\"1292\">Gatavs <strong data-start=\"1206\" data-end=\"1260\">iepakojums ar univers\u0101liem uzrakstiem un dizainiem<\/strong> da\u017e\u0101diem notikumiem un d\u0101van\u0101m.<\/p>\n<\/li>\n<\/ul>\n<p data-start=\"1294\" data-end=\"1498\">Izv\u0113loties <strong data-start=\"1305\" data-end=\"1320\">SDA Pakuot\u0117<\/strong>, j\u016bs ieg\u016bstat <strong data-start=\"1335\" data-end=\"1387\">ilgtsp\u0113j\u012bgu, kvalitat\u012bvu un est\u0113tisku iepakojumu<\/strong>, kas tiek ra\u017eots ar\u012b <strong data-start=\"1409\" data-end=\"1429\">nelielos tir\u0101\u017eos<\/strong> \u2013 piem\u0113rots gan mazajiem uz\u0146\u0113mumiem, gan individu\u0101liem pas\u016bt\u012bjumiem.<\/p>\n","protected":false},"excerpt":{"rendered":"<p>Individu\u0101ls pap\u012bra un auduma iepakojums ar uzrakstiem un logotipu SDA Pakuot\u0117 ra\u017eo ekolo\u0123isku pap\u012bra un auduma iepakojumu ar uzrakstiem, logotipiem vai z\u012bm\u0113jumiem, kas tiek veidots p\u0113c klientu individu\u0101liem pas\u016bt\u012bjumiem. Drukai izmantojam ekolo\u0123iskas, uz \u016bdens b\u0101zes kr\u0101sas, kas ir dro\u0161as videi un nodro\u0161ina augstas kvalit\u0101tes, est\u0113tisku rezult\u0101tu. \u0160\u0101da veida personaliz\u0113ts iepakojums ir piem\u0113rots ne tikai uz\u0146\u0113mumiem, [&hellip;]<\/p>\n","protected":false},"author":2,"featured_media":4732,"parent":4777,"menu_order":0,"comment_status":"closed","ping_status":"closed","template":"","meta":{"_acf_changed":false,"footnotes":""},"class_list":["post-4731","page","type-page","status-publish","has-post-thumbnail","hentry"],"acf":[],"yoast_head":"<!-- This site is optimized with the Yoast SEO plugin v27.4 - https:\/\/yoast.com\/product\/yoast-seo-wordpress\/ -->\n<title>Individu\u0101ls pap\u012bra un auduma iepakojums ar uzrakstiem - sdapakuote.lt<\/title>\n<meta name=\"description\" content=\"personaliz\u0113ts iepakojums, pap\u012bra maisi\u0146i ar uzrakstiem, auduma maisi\u0146i ar apdruku, ekolo\u0123isks iepakojums, rekl\u0101mas maisi\u0146i, druka uz iepakojuma.\" \/>\n<meta name=\"robots\" content=\"index, follow, max-snippet:-1, max-image-preview:large, max-video-preview:-1\" \/>\n<link rel=\"canonical\" href=\"https:\/\/www.sdapakuote.lt\/lv\/produkti\/personalizets-papira-iepakojums-ar-logotipu-vai-uzrakstiem\/personalizetie-papira-maisini-ar-logotipu-vai-uzrakstiem\/individuals-papira-un-auduma-iepakojums-ar-uzrakstiem\/\" \/>\n<meta property=\"og:locale\" content=\"lv_LV\" \/>\n<meta property=\"og:type\" content=\"article\" \/>\n<meta property=\"og:title\" content=\"Individu\u0101ls pap\u012bra un auduma iepakojums ar uzrakstiem - sdapakuote.lt\" \/>\n<meta property=\"og:description\" content=\"personaliz\u0113ts iepakojums, pap\u012bra maisi\u0146i ar uzrakstiem, auduma maisi\u0146i ar apdruku, ekolo\u0123isks iepakojums, rekl\u0101mas maisi\u0146i, druka uz iepakojuma.\" \/>\n<meta property=\"og:url\" content=\"https:\/\/www.sdapakuote.lt\/lv\/produkti\/personalizets-papira-iepakojums-ar-logotipu-vai-uzrakstiem\/personalizetie-papira-maisini-ar-logotipu-vai-uzrakstiem\/individuals-papira-un-auduma-iepakojums-ar-uzrakstiem\/\" \/>\n<meta property=\"og:site_name\" content=\"sdapakuote.lt\" \/>\n<meta property=\"article:modified_time\" content=\"2025-10-09T06:28:23+00:00\" \/>\n<meta property=\"og:image\" content=\"https:\/\/www.sdapakuote.lt\/wp-content\/uploads\/2024\/07\/popieriniai-su-spaudabaneris-pdf.io_.png\" \/>\n\t<meta property=\"og:image:width\" content=\"583\" \/>\n\t<meta property=\"og:image:height\" content=\"583\" \/>\n\t<meta property=\"og:image:type\" content=\"image\/png\" \/>\n<meta name=\"twitter:card\" content=\"summary_large_image\" \/>\n<meta name=\"twitter:label1\" content=\"Est. reading time\" \/>\n\t<meta name=\"twitter:data1\" content=\"1 minute\" \/>\n<script type=\"application\/ld+json\" class=\"yoast-schema-graph\">{\"@context\":\"https:\\\/\\\/schema.org\",\"@graph\":[{\"@type\":\"WebPage\",\"@id\":\"https:\\\/\\\/www.sdapakuote.lt\\\/lv\\\/produkti\\\/personalizets-papira-iepakojums-ar-logotipu-vai-uzrakstiem\\\/personalizetie-papira-maisini-ar-logotipu-vai-uzrakstiem\\\/individuals-papira-un-auduma-iepakojums-ar-uzrakstiem\\\/\",\"url\":\"https:\\\/\\\/www.sdapakuote.lt\\\/lv\\\/produkti\\\/personalizets-papira-iepakojums-ar-logotipu-vai-uzrakstiem\\\/personalizetie-papira-maisini-ar-logotipu-vai-uzrakstiem\\\/individuals-papira-un-auduma-iepakojums-ar-uzrakstiem\\\/\",\"name\":\"Individu\u0101ls pap\u012bra un auduma iepakojums ar uzrakstiem - sdapakuote.lt\",\"isPartOf\":{\"@id\":\"https:\\\/\\\/www.sdapakuote.lt\\\/lv\\\/#website\"},\"primaryImageOfPage\":{\"@id\":\"https:\\\/\\\/www.sdapakuote.lt\\\/lv\\\/produkti\\\/personalizets-papira-iepakojums-ar-logotipu-vai-uzrakstiem\\\/personalizetie-papira-maisini-ar-logotipu-vai-uzrakstiem\\\/individuals-papira-un-auduma-iepakojums-ar-uzrakstiem\\\/#primaryimage\"},\"image\":{\"@id\":\"https:\\\/\\\/www.sdapakuote.lt\\\/lv\\\/produkti\\\/personalizets-papira-iepakojums-ar-logotipu-vai-uzrakstiem\\\/personalizetie-papira-maisini-ar-logotipu-vai-uzrakstiem\\\/individuals-papira-un-auduma-iepakojums-ar-uzrakstiem\\\/#primaryimage\"},\"thumbnailUrl\":\"https:\\\/\\\/www.sdapakuote.lt\\\/wp-content\\\/uploads\\\/2024\\\/07\\\/popieriniai-su-spaudabaneris-pdf.io_.png\",\"datePublished\":\"2025-10-09T06:28:13+00:00\",\"dateModified\":\"2025-10-09T06:28:23+00:00\",\"description\":\"personaliz\u0113ts iepakojums, pap\u012bra maisi\u0146i ar uzrakstiem, auduma maisi\u0146i ar apdruku, ekolo\u0123isks iepakojums, rekl\u0101mas maisi\u0146i, druka uz iepakojuma.\",\"breadcrumb\":{\"@id\":\"https:\\\/\\\/www.sdapakuote.lt\\\/lv\\\/produkti\\\/personalizets-papira-iepakojums-ar-logotipu-vai-uzrakstiem\\\/personalizetie-papira-maisini-ar-logotipu-vai-uzrakstiem\\\/individuals-papira-un-auduma-iepakojums-ar-uzrakstiem\\\/#breadcrumb\"},\"inLanguage\":\"lv-LV\",\"potentialAction\":[{\"@type\":\"ReadAction\",\"target\":[\"https:\\\/\\\/www.sdapakuote.lt\\\/lv\\\/produkti\\\/personalizets-papira-iepakojums-ar-logotipu-vai-uzrakstiem\\\/personalizetie-papira-maisini-ar-logotipu-vai-uzrakstiem\\\/individuals-papira-un-auduma-iepakojums-ar-uzrakstiem\\\/\"]}]},{\"@type\":\"ImageObject\",\"inLanguage\":\"lv-LV\",\"@id\":\"https:\\\/\\\/www.sdapakuote.lt\\\/lv\\\/produkti\\\/personalizets-papira-iepakojums-ar-logotipu-vai-uzrakstiem\\\/personalizetie-papira-maisini-ar-logotipu-vai-uzrakstiem\\\/individuals-papira-un-auduma-iepakojums-ar-uzrakstiem\\\/#primaryimage\",\"url\":\"https:\\\/\\\/www.sdapakuote.lt\\\/wp-content\\\/uploads\\\/2024\\\/07\\\/popieriniai-su-spaudabaneris-pdf.io_.png\",\"contentUrl\":\"https:\\\/\\\/www.sdapakuote.lt\\\/wp-content\\\/uploads\\\/2024\\\/07\\\/popieriniai-su-spaudabaneris-pdf.io_.png\",\"width\":583,\"height\":583,\"caption\":\"popieriniai su spauda\"},{\"@type\":\"BreadcrumbList\",\"@id\":\"https:\\\/\\\/www.sdapakuote.lt\\\/lv\\\/produkti\\\/personalizets-papira-iepakojums-ar-logotipu-vai-uzrakstiem\\\/personalizetie-papira-maisini-ar-logotipu-vai-uzrakstiem\\\/individuals-papira-un-auduma-iepakojums-ar-uzrakstiem\\\/#breadcrumb\",\"itemListElement\":[{\"@type\":\"ListItem\",\"position\":1,\"name\":\"Home\",\"item\":\"https:\\\/\\\/www.sdapakuote.lt\\\/lv\\\/\"},{\"@type\":\"ListItem\",\"position\":2,\"name\":\"Individu\u0101ls pap\u012bra un auduma iepakojums ar uzrakstiem\"}]},{\"@type\":\"WebSite\",\"@id\":\"https:\\\/\\\/www.sdapakuote.lt\\\/lv\\\/#website\",\"url\":\"https:\\\/\\\/www.sdapakuote.lt\\\/lv\\\/\",\"name\":\"sdapakuote.lt\",\"description\":\"Kol kas tik dar vienas WordPress tinklalapis\",\"potentialAction\":[{\"@type\":\"SearchAction\",\"target\":{\"@type\":\"EntryPoint\",\"urlTemplate\":\"https:\\\/\\\/www.sdapakuote.lt\\\/lv\\\/?s={search_term_string}\"},\"query-input\":{\"@type\":\"PropertyValueSpecification\",\"valueRequired\":true,\"valueName\":\"search_term_string\"}}],\"inLanguage\":\"lv-LV\"}]}<\/script>\n<!-- \/ Yoast SEO plugin. -->","yoast_head_json":{"title":"Individu\u0101ls pap\u012bra un auduma iepakojums ar uzrakstiem - sdapakuote.lt","description":"personaliz\u0113ts iepakojums, pap\u012bra maisi\u0146i ar uzrakstiem, auduma maisi\u0146i ar apdruku, ekolo\u0123isks iepakojums, rekl\u0101mas maisi\u0146i, druka uz iepakojuma.","robots":{"index":"index","follow":"follow","max-snippet":"max-snippet:-1","max-image-preview":"max-image-preview:large","max-video-preview":"max-video-preview:-1"},"canonical":"https:\/\/www.sdapakuote.lt\/lv\/produkti\/personalizets-papira-iepakojums-ar-logotipu-vai-uzrakstiem\/personalizetie-papira-maisini-ar-logotipu-vai-uzrakstiem\/individuals-papira-un-auduma-iepakojums-ar-uzrakstiem\/","og_locale":"lv_LV","og_type":"article","og_title":"Individu\u0101ls pap\u012bra un auduma iepakojums ar uzrakstiem - sdapakuote.lt","og_description":"personaliz\u0113ts iepakojums, pap\u012bra maisi\u0146i ar uzrakstiem, auduma maisi\u0146i ar apdruku, ekolo\u0123isks iepakojums, rekl\u0101mas maisi\u0146i, druka uz iepakojuma.","og_url":"https:\/\/www.sdapakuote.lt\/lv\/produkti\/personalizets-papira-iepakojums-ar-logotipu-vai-uzrakstiem\/personalizetie-papira-maisini-ar-logotipu-vai-uzrakstiem\/individuals-papira-un-auduma-iepakojums-ar-uzrakstiem\/","og_site_name":"sdapakuote.lt","article_modified_time":"2025-10-09T06:28:23+00:00","og_image":[{"width":583,"height":583,"url":"https:\/\/www.sdapakuote.lt\/wp-content\/uploads\/2024\/07\/popieriniai-su-spaudabaneris-pdf.io_.png","type":"image\/png"}],"twitter_card":"summary_large_image","twitter_misc":{"Est. reading time":"1 minute"},"schema":{"@context":"https:\/\/schema.org","@graph":[{"@type":"WebPage","@id":"https:\/\/www.sdapakuote.lt\/lv\/produkti\/personalizets-papira-iepakojums-ar-logotipu-vai-uzrakstiem\/personalizetie-papira-maisini-ar-logotipu-vai-uzrakstiem\/individuals-papira-un-auduma-iepakojums-ar-uzrakstiem\/","url":"https:\/\/www.sdapakuote.lt\/lv\/produkti\/personalizets-papira-iepakojums-ar-logotipu-vai-uzrakstiem\/personalizetie-papira-maisini-ar-logotipu-vai-uzrakstiem\/individuals-papira-un-auduma-iepakojums-ar-uzrakstiem\/","name":"Individu\u0101ls pap\u012bra un auduma iepakojums ar uzrakstiem - sdapakuote.lt","isPartOf":{"@id":"https:\/\/www.sdapakuote.lt\/lv\/#website"},"primaryImageOfPage":{"@id":"https:\/\/www.sdapakuote.lt\/lv\/produkti\/personalizets-papira-iepakojums-ar-logotipu-vai-uzrakstiem\/personalizetie-papira-maisini-ar-logotipu-vai-uzrakstiem\/individuals-papira-un-auduma-iepakojums-ar-uzrakstiem\/#primaryimage"},"image":{"@id":"https:\/\/www.sdapakuote.lt\/lv\/produkti\/personalizets-papira-iepakojums-ar-logotipu-vai-uzrakstiem\/personalizetie-papira-maisini-ar-logotipu-vai-uzrakstiem\/individuals-papira-un-auduma-iepakojums-ar-uzrakstiem\/#primaryimage"},"thumbnailUrl":"https:\/\/www.sdapakuote.lt\/wp-content\/uploads\/2024\/07\/popieriniai-su-spaudabaneris-pdf.io_.png","datePublished":"2025-10-09T06:28:13+00:00","dateModified":"2025-10-09T06:28:23+00:00","description":"personaliz\u0113ts iepakojums, pap\u012bra maisi\u0146i ar uzrakstiem, auduma maisi\u0146i ar apdruku, ekolo\u0123isks iepakojums, rekl\u0101mas maisi\u0146i, druka uz iepakojuma.","breadcrumb":{"@id":"https:\/\/www.sdapakuote.lt\/lv\/produkti\/personalizets-papira-iepakojums-ar-logotipu-vai-uzrakstiem\/personalizetie-papira-maisini-ar-logotipu-vai-uzrakstiem\/individuals-papira-un-auduma-iepakojums-ar-uzrakstiem\/#breadcrumb"},"inLanguage":"lv-LV","potentialAction":[{"@type":"ReadAction","target":["https:\/\/www.sdapakuote.lt\/lv\/produkti\/personalizets-papira-iepakojums-ar-logotipu-vai-uzrakstiem\/personalizetie-papira-maisini-ar-logotipu-vai-uzrakstiem\/individuals-papira-un-auduma-iepakojums-ar-uzrakstiem\/"]}]},{"@type":"ImageObject","inLanguage":"lv-LV","@id":"https:\/\/www.sdapakuote.lt\/lv\/produkti\/personalizets-papira-iepakojums-ar-logotipu-vai-uzrakstiem\/personalizetie-papira-maisini-ar-logotipu-vai-uzrakstiem\/individuals-papira-un-auduma-iepakojums-ar-uzrakstiem\/#primaryimage","url":"https:\/\/www.sdapakuote.lt\/wp-content\/uploads\/2024\/07\/popieriniai-su-spaudabaneris-pdf.io_.png","contentUrl":"https:\/\/www.sdapakuote.lt\/wp-content\/uploads\/2024\/07\/popieriniai-su-spaudabaneris-pdf.io_.png","width":583,"height":583,"caption":"popieriniai su spauda"},{"@type":"BreadcrumbList","@id":"https:\/\/www.sdapakuote.lt\/lv\/produkti\/personalizets-papira-iepakojums-ar-logotipu-vai-uzrakstiem\/personalizetie-papira-maisini-ar-logotipu-vai-uzrakstiem\/individuals-papira-un-auduma-iepakojums-ar-uzrakstiem\/#breadcrumb","itemListElement":[{"@type":"ListItem","position":1,"name":"Home","item":"https:\/\/www.sdapakuote.lt\/lv\/"},{"@type":"ListItem","position":2,"name":"Individu\u0101ls pap\u012bra un auduma iepakojums ar uzrakstiem"}]},{"@type":"WebSite","@id":"https:\/\/www.sdapakuote.lt\/lv\/#website","url":"https:\/\/www.sdapakuote.lt\/lv\/","name":"sdapakuote.lt","description":"Kol kas tik dar vienas WordPress tinklalapis","potentialAction":[{"@type":"SearchAction","target":{"@type":"EntryPoint","urlTemplate":"https:\/\/www.sdapakuote.lt\/lv\/?s={search_term_string}"},"query-input":{"@type":"PropertyValueSpecification","valueRequired":true,"valueName":"search_term_string"}}],"inLanguage":"lv-LV"}]}},"_links":{"self":[{"href":"https:\/\/www.sdapakuote.lt\/lv\/wp-json\/wp\/v2\/pages\/4731","targetHints":{"allow":["GET"]}}],"collection":[{"href":"https:\/\/www.sdapakuote.lt\/lv\/wp-json\/wp\/v2\/pages"}],"about":[{"href":"https:\/\/www.sdapakuote.lt\/lv\/wp-json\/wp\/v2\/types\/page"}],"author":[{"embeddable":true,"href":"https:\/\/www.sdapakuote.lt\/lv\/wp-json\/wp\/v2\/users\/2"}],"replies":[{"embeddable":true,"href":"https:\/\/www.sdapakuote.lt\/lv\/wp-json\/wp\/v2\/comments?post=4731"}],"version-history":[{"count":1,"href":"https:\/\/www.sdapakuote.lt\/lv\/wp-json\/wp\/v2\/pages\/4731\/revisions"}],"predecessor-version":[{"id":4733,"href":"https:\/\/www.sdapakuote.lt\/lv\/wp-json\/wp\/v2\/pages\/4731\/revisions\/4733"}],"up":[{"embeddable":true,"href":"https:\/\/www.sdapakuote.lt\/lv\/wp-json\/wp\/v2\/pages\/4777"}],"wp:featuredmedia":[{"embeddable":true,"href":"https:\/\/www.sdapakuote.lt\/lv\/wp-json\/wp\/v2\/media\/4732"}],"wp:attachment":[{"href":"https:\/\/www.sdapakuote.lt\/lv\/wp-json\/wp\/v2\/media?parent=4731"}],"curies":[{"name":"wp","href":"https:\/\/api.w.org\/{rel}","templated":true}]}}