{"id":4727,"date":"2025-10-09T06:25:11","date_gmt":"2025-10-09T06:25:11","guid":{"rendered":"https:\/\/www.sdapakuote.lt\/?page_id=4727"},"modified":"2025-10-09T06:25:16","modified_gmt":"2025-10-09T06:25:16","slug":"kraft-papira-aploksnes-tipa-maisini-ar-logotipu","status":"publish","type":"page","link":"https:\/\/www.sdapakuote.lt\/lv\/produkti\/personalizets-papira-iepakojums-ar-logotipu-vai-uzrakstiem\/personalizetie-papira-maisini-ar-logotipu-vai-uzrakstiem\/kraft-papira-aploksnes-tipa-maisini-ar-logotipu\/","title":{"rendered":"Kraft pap\u012bra aploksnes tipa maisi\u0146i ar logotipu"},"content":{"rendered":"<h2 data-start=\"506\" data-end=\"598\"><strong data-start=\"514\" data-end=\"598\">Kraft pap\u012bra aploksnes tipa maisi\u0146i ar logotipu \u2013 iztur\u012bgs un piem\u0113rots p\u0101rtikai<\/strong><\/h2>\n<p data-start=\"600\" data-end=\"912\"><strong data-start=\"600\" data-end=\"615\">SDA Pakuot\u0117<\/strong> ra\u017eo <strong data-start=\"621\" data-end=\"721\">aploksnes tipa kraft pap\u012bra maisi\u0146us ar j\u016bsu uz\u0146\u0113muma logotipu, produkta inform\u0101ciju vai sast\u0101vu<\/strong>, kas paredz\u0113ti da\u017e\u0101du p\u0101rtikas produktu iepako\u0161anai.<br data-start=\"774\" data-end=\"777\" \/><br \/>\n\u0160ie <strong data-start=\"781\" data-end=\"811\">pl\u0101n\u0101 kraft pap\u012bra maisi\u0146i<\/strong> ir ide\u0101li piem\u0113roti <strong data-start=\"832\" data-end=\"899\">ga\u013cas, konditorejas izstr\u0101d\u0101jumu, maizes un citu p\u0101rtikas pre\u010du<\/strong> iepako\u0161anai.<\/p>\n<p data-start=\"914\" data-end=\"1250\">Kraft pap\u012brs ir paz\u012bstams ar savu \u012bpa\u0161o iztur\u012bbu \u2013 t\u0101 ra\u017eo\u0161anas proces\u0101 tiek izmantota unik\u0101la tehnolo\u0123ija, kas nodro\u0161ina pap\u012bra meh\u0101nisko stipr\u012bbu un notur\u012bbu.<br data-start=\"1074\" data-end=\"1077\" \/><br \/>\nTurkl\u0101t <strong data-start=\"1085\" data-end=\"1150\">kraft iepakojums ir videi draudz\u012bgs, dro\u0161s saskar\u0113 ar p\u0101rtiku<\/strong> un piln\u012bb\u0101 p\u0101rstr\u0101d\u0101jams, t\u0101p\u0113c tas ir lieliska izv\u0113le uz\u0146\u0113mumiem, kas v\u0113las darboties ilgtsp\u0113j\u012bgi.<\/p>\n<h3 data-start=\"1252\" data-end=\"1314\"><strong data-start=\"1256\" data-end=\"1314\">K\u0101p\u0113c izv\u0113l\u0113ties kraft pap\u012bra aploksnes tipa maisi\u0146us:<\/strong><\/h3>\n<ul data-start=\"1315\" data-end=\"1668\">\n<li data-start=\"1315\" data-end=\"1401\">\n<p data-start=\"1317\" data-end=\"1401\">Izgatavoti no <strong data-start=\"1331\" data-end=\"1363\">iztur\u012bga, pl\u0101na kraft pap\u012bra<\/strong>, kas piem\u0113rots p\u0101rtikas produktiem.<\/p>\n<\/li>\n<li data-start=\"1402\" data-end=\"1470\">\n<p data-start=\"1404\" data-end=\"1470\">Var <strong data-start=\"1408\" data-end=\"1467\">uzdruk\u0101t j\u016bsu logotipu, z\u012bmolu vai produkta inform\u0101ciju<\/strong>.<\/p>\n<\/li>\n<li data-start=\"1471\" data-end=\"1548\">\n<p data-start=\"1473\" data-end=\"1548\">Piem\u0113roti <strong data-start=\"1483\" data-end=\"1533\">ga\u013cas, konditorejas, maizes, saldumu un uzkodu<\/strong> iepako\u0161anai.<\/p>\n<\/li>\n<li data-start=\"1549\" data-end=\"1612\">\n<p data-start=\"1551\" data-end=\"1612\">Iesp\u0113jams pas\u016bt\u012bt <strong data-start=\"1569\" data-end=\"1589\">nelielos tir\u0101\u017eos<\/strong> \u2013 s\u0101kot no 1 gabala.<\/p>\n<\/li>\n<li data-start=\"1613\" data-end=\"1668\">\n<p data-start=\"1615\" data-end=\"1668\">Pieejami ar\u012b <strong data-start=\"1628\" data-end=\"1644\">bez apdrukas<\/strong> \u2013 no noliktavas uzreiz.<\/p>\n<\/li>\n<\/ul>\n<h3 data-start=\"1670\" data-end=\"1695\"><strong data-start=\"1674\" data-end=\"1695\">Pieejamie izm\u0113ri:<\/strong><\/h3>\n<p data-start=\"1696\" data-end=\"1835\">100 \u00d7 50 \u00d7 150 mm<br data-start=\"1713\" data-end=\"1716\" \/><br \/>\n120 \u00d7 50 \u00d7 270 mm<br data-start=\"1733\" data-end=\"1736\" \/><br \/>\n130 \u00d7 70 \u00d7 340 mm<br data-start=\"1753\" data-end=\"1756\" \/><br \/>\n150 \u00d7 65 \u00d7 290 mm<br data-start=\"1773\" data-end=\"1776\" \/><br \/>\n150 \u00d7 90 \u00d7 340 mm<br data-start=\"1793\" data-end=\"1796\" \/><br \/>\n180 \u00d7 80 \u00d7 370 mm<br data-start=\"1813\" data-end=\"1816\" \/><br \/>\n240 \u00d7 80 \u00d7 410 mm<\/p>\n<p data-start=\"1837\" data-end=\"2116\">Pied\u0101v\u0101jam <strong data-start=\"1848\" data-end=\"1888\">personaliz\u0113tus kraft pap\u012bra maisi\u0146us<\/strong> p\u0113c j\u016bsu vajadz\u012bb\u0101m \u2013 izv\u0113lieties izm\u0113ru, kr\u0101su, pap\u012bra biezumu un drukas dizainu.<br data-start=\"1971\" data-end=\"1974\" \/><br \/>\n\u0160ie <strong data-start=\"1978\" data-end=\"2022\">aploksnes tipa kraft maisi\u0146i ar logotipu<\/strong> ir lielisks veids, k\u0101 padar\u012bt j\u016bsu produktu atpaz\u012bstamu un pie\u0161\u0137irt tam profesion\u0101lu izskatu.<\/p>\n","protected":false},"excerpt":{"rendered":"<p>Kraft pap\u012bra aploksnes tipa maisi\u0146i ar logotipu \u2013 iztur\u012bgs un piem\u0113rots p\u0101rtikai SDA Pakuot\u0117 ra\u017eo aploksnes tipa kraft pap\u012bra maisi\u0146us ar j\u016bsu uz\u0146\u0113muma logotipu, produkta inform\u0101ciju vai sast\u0101vu, kas paredz\u0113ti da\u017e\u0101du p\u0101rtikas produktu iepako\u0161anai. \u0160ie pl\u0101n\u0101 kraft pap\u012bra maisi\u0146i ir ide\u0101li piem\u0113roti ga\u013cas, konditorejas izstr\u0101d\u0101jumu, maizes un citu p\u0101rtikas pre\u010du iepako\u0161anai. Kraft pap\u012brs ir paz\u012bstams [&hellip;]<\/p>\n","protected":false},"author":2,"featured_media":3798,"parent":4777,"menu_order":0,"comment_status":"closed","ping_status":"closed","template":"page-single-product.php","meta":{"_acf_changed":false,"footnotes":""},"class_list":["post-4727","page","type-page","status-publish","has-post-thumbnail","hentry"],"acf":[],"yoast_head":"<!-- This site is optimized with the Yoast SEO plugin v27.4 - https:\/\/yoast.com\/product\/yoast-seo-wordpress\/ -->\n<title>Kraft pap\u012bra aploksnes tipa maisi\u0146i ar logotipu - sdapakuote.lt<\/title>\n<meta name=\"description\" content=\"aploksnes tipa maisi\u0146i, personaliz\u0113ti maisi\u0146i p\u0101rtikai, pap\u012bra maisi\u0146i ar apdruku, kraft iepakojums p\u0101rtikai, ekolo\u0123iski maisi\u0146i, p\u0101rtikas iepakojums ar logotipu.\" \/>\n<meta name=\"robots\" content=\"index, follow, max-snippet:-1, max-image-preview:large, max-video-preview:-1\" \/>\n<link rel=\"canonical\" href=\"https:\/\/www.sdapakuote.lt\/lv\/produkti\/personalizets-papira-iepakojums-ar-logotipu-vai-uzrakstiem\/personalizetie-papira-maisini-ar-logotipu-vai-uzrakstiem\/kraft-papira-aploksnes-tipa-maisini-ar-logotipu\/\" \/>\n<meta property=\"og:locale\" content=\"lv_LV\" \/>\n<meta property=\"og:type\" content=\"article\" \/>\n<meta property=\"og:title\" content=\"Kraft pap\u012bra aploksnes tipa maisi\u0146i ar logotipu - sdapakuote.lt\" \/>\n<meta property=\"og:description\" content=\"aploksnes tipa maisi\u0146i, personaliz\u0113ti maisi\u0146i p\u0101rtikai, pap\u012bra maisi\u0146i ar apdruku, kraft iepakojums p\u0101rtikai, ekolo\u0123iski maisi\u0146i, p\u0101rtikas iepakojums ar logotipu.\" \/>\n<meta property=\"og:url\" content=\"https:\/\/www.sdapakuote.lt\/lv\/produkti\/personalizets-papira-iepakojums-ar-logotipu-vai-uzrakstiem\/personalizetie-papira-maisini-ar-logotipu-vai-uzrakstiem\/kraft-papira-aploksnes-tipa-maisini-ar-logotipu\/\" \/>\n<meta property=\"og:site_name\" content=\"sdapakuote.lt\" \/>\n<meta property=\"article:modified_time\" content=\"2025-10-09T06:25:16+00:00\" \/>\n<meta property=\"og:image\" content=\"https:\/\/www.sdapakuote.lt\/wp-content\/uploads\/2022\/05\/Maiseliai-vokai-su-logo-23-scaled.jpg\" \/>\n\t<meta property=\"og:image:width\" content=\"2560\" \/>\n\t<meta property=\"og:image:height\" content=\"2560\" \/>\n\t<meta property=\"og:image:type\" content=\"image\/jpeg\" \/>\n<meta name=\"twitter:card\" content=\"summary_large_image\" \/>\n<meta name=\"twitter:label1\" content=\"Est. reading time\" \/>\n\t<meta name=\"twitter:data1\" content=\"2 minutes\" \/>\n<script type=\"application\/ld+json\" class=\"yoast-schema-graph\">{\"@context\":\"https:\\\/\\\/schema.org\",\"@graph\":[{\"@type\":\"WebPage\",\"@id\":\"https:\\\/\\\/www.sdapakuote.lt\\\/lv\\\/produkti\\\/personalizets-papira-iepakojums-ar-logotipu-vai-uzrakstiem\\\/personalizetie-papira-maisini-ar-logotipu-vai-uzrakstiem\\\/kraft-papira-aploksnes-tipa-maisini-ar-logotipu\\\/\",\"url\":\"https:\\\/\\\/www.sdapakuote.lt\\\/lv\\\/produkti\\\/personalizets-papira-iepakojums-ar-logotipu-vai-uzrakstiem\\\/personalizetie-papira-maisini-ar-logotipu-vai-uzrakstiem\\\/kraft-papira-aploksnes-tipa-maisini-ar-logotipu\\\/\",\"name\":\"Kraft pap\u012bra aploksnes tipa maisi\u0146i ar logotipu - sdapakuote.lt\",\"isPartOf\":{\"@id\":\"https:\\\/\\\/www.sdapakuote.lt\\\/lv\\\/#website\"},\"primaryImageOfPage\":{\"@id\":\"https:\\\/\\\/www.sdapakuote.lt\\\/lv\\\/produkti\\\/personalizets-papira-iepakojums-ar-logotipu-vai-uzrakstiem\\\/personalizetie-papira-maisini-ar-logotipu-vai-uzrakstiem\\\/kraft-papira-aploksnes-tipa-maisini-ar-logotipu\\\/#primaryimage\"},\"image\":{\"@id\":\"https:\\\/\\\/www.sdapakuote.lt\\\/lv\\\/produkti\\\/personalizets-papira-iepakojums-ar-logotipu-vai-uzrakstiem\\\/personalizetie-papira-maisini-ar-logotipu-vai-uzrakstiem\\\/kraft-papira-aploksnes-tipa-maisini-ar-logotipu\\\/#primaryimage\"},\"thumbnailUrl\":\"https:\\\/\\\/www.sdapakuote.lt\\\/wp-content\\\/uploads\\\/2022\\\/05\\\/Maiseliai-vokai-su-logo-23-scaled.jpg\",\"datePublished\":\"2025-10-09T06:25:11+00:00\",\"dateModified\":\"2025-10-09T06:25:16+00:00\",\"description\":\"aploksnes tipa maisi\u0146i, personaliz\u0113ti maisi\u0146i p\u0101rtikai, pap\u012bra maisi\u0146i ar apdruku, kraft iepakojums p\u0101rtikai, ekolo\u0123iski maisi\u0146i, p\u0101rtikas iepakojums ar logotipu.\",\"breadcrumb\":{\"@id\":\"https:\\\/\\\/www.sdapakuote.lt\\\/lv\\\/produkti\\\/personalizets-papira-iepakojums-ar-logotipu-vai-uzrakstiem\\\/personalizetie-papira-maisini-ar-logotipu-vai-uzrakstiem\\\/kraft-papira-aploksnes-tipa-maisini-ar-logotipu\\\/#breadcrumb\"},\"inLanguage\":\"lv-LV\",\"potentialAction\":[{\"@type\":\"ReadAction\",\"target\":[\"https:\\\/\\\/www.sdapakuote.lt\\\/lv\\\/produkti\\\/personalizets-papira-iepakojums-ar-logotipu-vai-uzrakstiem\\\/personalizetie-papira-maisini-ar-logotipu-vai-uzrakstiem\\\/kraft-papira-aploksnes-tipa-maisini-ar-logotipu\\\/\"]}]},{\"@type\":\"ImageObject\",\"inLanguage\":\"lv-LV\",\"@id\":\"https:\\\/\\\/www.sdapakuote.lt\\\/lv\\\/produkti\\\/personalizets-papira-iepakojums-ar-logotipu-vai-uzrakstiem\\\/personalizetie-papira-maisini-ar-logotipu-vai-uzrakstiem\\\/kraft-papira-aploksnes-tipa-maisini-ar-logotipu\\\/#primaryimage\",\"url\":\"https:\\\/\\\/www.sdapakuote.lt\\\/wp-content\\\/uploads\\\/2022\\\/05\\\/Maiseliai-vokai-su-logo-23-scaled.jpg\",\"contentUrl\":\"https:\\\/\\\/www.sdapakuote.lt\\\/wp-content\\\/uploads\\\/2022\\\/05\\\/Maiseliai-vokai-su-logo-23-scaled.jpg\",\"width\":2560,\"height\":2560,\"caption\":\"Mai\u0161eliai vokai su Logo\"},{\"@type\":\"BreadcrumbList\",\"@id\":\"https:\\\/\\\/www.sdapakuote.lt\\\/lv\\\/produkti\\\/personalizets-papira-iepakojums-ar-logotipu-vai-uzrakstiem\\\/personalizetie-papira-maisini-ar-logotipu-vai-uzrakstiem\\\/kraft-papira-aploksnes-tipa-maisini-ar-logotipu\\\/#breadcrumb\",\"itemListElement\":[{\"@type\":\"ListItem\",\"position\":1,\"name\":\"Home\",\"item\":\"https:\\\/\\\/www.sdapakuote.lt\\\/lv\\\/\"},{\"@type\":\"ListItem\",\"position\":2,\"name\":\"Kraft pap\u012bra aploksnes tipa maisi\u0146i ar logotipu\"}]},{\"@type\":\"WebSite\",\"@id\":\"https:\\\/\\\/www.sdapakuote.lt\\\/lv\\\/#website\",\"url\":\"https:\\\/\\\/www.sdapakuote.lt\\\/lv\\\/\",\"name\":\"sdapakuote.lt\",\"description\":\"Kol kas tik dar vienas WordPress tinklalapis\",\"potentialAction\":[{\"@type\":\"SearchAction\",\"target\":{\"@type\":\"EntryPoint\",\"urlTemplate\":\"https:\\\/\\\/www.sdapakuote.lt\\\/lv\\\/?s={search_term_string}\"},\"query-input\":{\"@type\":\"PropertyValueSpecification\",\"valueRequired\":true,\"valueName\":\"search_term_string\"}}],\"inLanguage\":\"lv-LV\"}]}<\/script>\n<!-- \/ Yoast SEO plugin. -->","yoast_head_json":{"title":"Kraft pap\u012bra aploksnes tipa maisi\u0146i ar logotipu - sdapakuote.lt","description":"aploksnes tipa maisi\u0146i, personaliz\u0113ti maisi\u0146i p\u0101rtikai, pap\u012bra maisi\u0146i ar apdruku, kraft iepakojums p\u0101rtikai, ekolo\u0123iski maisi\u0146i, p\u0101rtikas iepakojums ar logotipu.","robots":{"index":"index","follow":"follow","max-snippet":"max-snippet:-1","max-image-preview":"max-image-preview:large","max-video-preview":"max-video-preview:-1"},"canonical":"https:\/\/www.sdapakuote.lt\/lv\/produkti\/personalizets-papira-iepakojums-ar-logotipu-vai-uzrakstiem\/personalizetie-papira-maisini-ar-logotipu-vai-uzrakstiem\/kraft-papira-aploksnes-tipa-maisini-ar-logotipu\/","og_locale":"lv_LV","og_type":"article","og_title":"Kraft pap\u012bra aploksnes tipa maisi\u0146i ar logotipu - sdapakuote.lt","og_description":"aploksnes tipa maisi\u0146i, personaliz\u0113ti maisi\u0146i p\u0101rtikai, pap\u012bra maisi\u0146i ar apdruku, kraft iepakojums p\u0101rtikai, ekolo\u0123iski maisi\u0146i, p\u0101rtikas iepakojums ar logotipu.","og_url":"https:\/\/www.sdapakuote.lt\/lv\/produkti\/personalizets-papira-iepakojums-ar-logotipu-vai-uzrakstiem\/personalizetie-papira-maisini-ar-logotipu-vai-uzrakstiem\/kraft-papira-aploksnes-tipa-maisini-ar-logotipu\/","og_site_name":"sdapakuote.lt","article_modified_time":"2025-10-09T06:25:16+00:00","og_image":[{"width":2560,"height":2560,"url":"https:\/\/www.sdapakuote.lt\/wp-content\/uploads\/2022\/05\/Maiseliai-vokai-su-logo-23-scaled.jpg","type":"image\/jpeg"}],"twitter_card":"summary_large_image","twitter_misc":{"Est. reading time":"2 minutes"},"schema":{"@context":"https:\/\/schema.org","@graph":[{"@type":"WebPage","@id":"https:\/\/www.sdapakuote.lt\/lv\/produkti\/personalizets-papira-iepakojums-ar-logotipu-vai-uzrakstiem\/personalizetie-papira-maisini-ar-logotipu-vai-uzrakstiem\/kraft-papira-aploksnes-tipa-maisini-ar-logotipu\/","url":"https:\/\/www.sdapakuote.lt\/lv\/produkti\/personalizets-papira-iepakojums-ar-logotipu-vai-uzrakstiem\/personalizetie-papira-maisini-ar-logotipu-vai-uzrakstiem\/kraft-papira-aploksnes-tipa-maisini-ar-logotipu\/","name":"Kraft pap\u012bra aploksnes tipa maisi\u0146i ar logotipu - sdapakuote.lt","isPartOf":{"@id":"https:\/\/www.sdapakuote.lt\/lv\/#website"},"primaryImageOfPage":{"@id":"https:\/\/www.sdapakuote.lt\/lv\/produkti\/personalizets-papira-iepakojums-ar-logotipu-vai-uzrakstiem\/personalizetie-papira-maisini-ar-logotipu-vai-uzrakstiem\/kraft-papira-aploksnes-tipa-maisini-ar-logotipu\/#primaryimage"},"image":{"@id":"https:\/\/www.sdapakuote.lt\/lv\/produkti\/personalizets-papira-iepakojums-ar-logotipu-vai-uzrakstiem\/personalizetie-papira-maisini-ar-logotipu-vai-uzrakstiem\/kraft-papira-aploksnes-tipa-maisini-ar-logotipu\/#primaryimage"},"thumbnailUrl":"https:\/\/www.sdapakuote.lt\/wp-content\/uploads\/2022\/05\/Maiseliai-vokai-su-logo-23-scaled.jpg","datePublished":"2025-10-09T06:25:11+00:00","dateModified":"2025-10-09T06:25:16+00:00","description":"aploksnes tipa maisi\u0146i, personaliz\u0113ti maisi\u0146i p\u0101rtikai, pap\u012bra maisi\u0146i ar apdruku, kraft iepakojums p\u0101rtikai, ekolo\u0123iski maisi\u0146i, p\u0101rtikas iepakojums ar logotipu.","breadcrumb":{"@id":"https:\/\/www.sdapakuote.lt\/lv\/produkti\/personalizets-papira-iepakojums-ar-logotipu-vai-uzrakstiem\/personalizetie-papira-maisini-ar-logotipu-vai-uzrakstiem\/kraft-papira-aploksnes-tipa-maisini-ar-logotipu\/#breadcrumb"},"inLanguage":"lv-LV","potentialAction":[{"@type":"ReadAction","target":["https:\/\/www.sdapakuote.lt\/lv\/produkti\/personalizets-papira-iepakojums-ar-logotipu-vai-uzrakstiem\/personalizetie-papira-maisini-ar-logotipu-vai-uzrakstiem\/kraft-papira-aploksnes-tipa-maisini-ar-logotipu\/"]}]},{"@type":"ImageObject","inLanguage":"lv-LV","@id":"https:\/\/www.sdapakuote.lt\/lv\/produkti\/personalizets-papira-iepakojums-ar-logotipu-vai-uzrakstiem\/personalizetie-papira-maisini-ar-logotipu-vai-uzrakstiem\/kraft-papira-aploksnes-tipa-maisini-ar-logotipu\/#primaryimage","url":"https:\/\/www.sdapakuote.lt\/wp-content\/uploads\/2022\/05\/Maiseliai-vokai-su-logo-23-scaled.jpg","contentUrl":"https:\/\/www.sdapakuote.lt\/wp-content\/uploads\/2022\/05\/Maiseliai-vokai-su-logo-23-scaled.jpg","width":2560,"height":2560,"caption":"Mai\u0161eliai vokai su Logo"},{"@type":"BreadcrumbList","@id":"https:\/\/www.sdapakuote.lt\/lv\/produkti\/personalizets-papira-iepakojums-ar-logotipu-vai-uzrakstiem\/personalizetie-papira-maisini-ar-logotipu-vai-uzrakstiem\/kraft-papira-aploksnes-tipa-maisini-ar-logotipu\/#breadcrumb","itemListElement":[{"@type":"ListItem","position":1,"name":"Home","item":"https:\/\/www.sdapakuote.lt\/lv\/"},{"@type":"ListItem","position":2,"name":"Kraft pap\u012bra aploksnes tipa maisi\u0146i ar logotipu"}]},{"@type":"WebSite","@id":"https:\/\/www.sdapakuote.lt\/lv\/#website","url":"https:\/\/www.sdapakuote.lt\/lv\/","name":"sdapakuote.lt","description":"Kol kas tik dar vienas WordPress tinklalapis","potentialAction":[{"@type":"SearchAction","target":{"@type":"EntryPoint","urlTemplate":"https:\/\/www.sdapakuote.lt\/lv\/?s={search_term_string}"},"query-input":{"@type":"PropertyValueSpecification","valueRequired":true,"valueName":"search_term_string"}}],"inLanguage":"lv-LV"}]}},"_links":{"self":[{"href":"https:\/\/www.sdapakuote.lt\/lv\/wp-json\/wp\/v2\/pages\/4727","targetHints":{"allow":["GET"]}}],"collection":[{"href":"https:\/\/www.sdapakuote.lt\/lv\/wp-json\/wp\/v2\/pages"}],"about":[{"href":"https:\/\/www.sdapakuote.lt\/lv\/wp-json\/wp\/v2\/types\/page"}],"author":[{"embeddable":true,"href":"https:\/\/www.sdapakuote.lt\/lv\/wp-json\/wp\/v2\/users\/2"}],"replies":[{"embeddable":true,"href":"https:\/\/www.sdapakuote.lt\/lv\/wp-json\/wp\/v2\/comments?post=4727"}],"version-history":[{"count":1,"href":"https:\/\/www.sdapakuote.lt\/lv\/wp-json\/wp\/v2\/pages\/4727\/revisions"}],"predecessor-version":[{"id":4730,"href":"https:\/\/www.sdapakuote.lt\/lv\/wp-json\/wp\/v2\/pages\/4727\/revisions\/4730"}],"up":[{"embeddable":true,"href":"https:\/\/www.sdapakuote.lt\/lv\/wp-json\/wp\/v2\/pages\/4777"}],"wp:featuredmedia":[{"embeddable":true,"href":"https:\/\/www.sdapakuote.lt\/lv\/wp-json\/wp\/v2\/media\/3798"}],"wp:attachment":[{"href":"https:\/\/www.sdapakuote.lt\/lv\/wp-json\/wp\/v2\/media?parent=4727"}],"curies":[{"name":"wp","href":"https:\/\/api.w.org\/{rel}","templated":true}]}}