{"id":4717,"date":"2025-10-09T06:15:36","date_gmt":"2025-10-09T06:15:36","guid":{"rendered":"https:\/\/www.sdapakuote.lt\/?page_id=4717"},"modified":"2025-10-09T06:16:09","modified_gmt":"2025-10-09T06:16:09","slug":"doy-pack-kraft-maisini-ar-zip-aizdari","status":"publish","type":"page","link":"https:\/\/www.sdapakuote.lt\/lv\/produkti\/personalizets-papira-iepakojums-ar-logotipu-vai-uzrakstiem\/personalizetie-papira-maisini-ar-logotipu-vai-uzrakstiem\/doy-pack-kraft-maisini-ar-zip-aizdari\/","title":{"rendered":"Doy-pack kraft maisi\u0146i ar zip aizdari"},"content":{"rendered":"<h2 data-start=\"551\" data-end=\"647\"><strong data-start=\"559\" data-end=\"647\">Doy-pack kraft maisi\u0146i ar zip aizdari \u2013 moderna un videi draudz\u012bga iepakojuma izv\u0113le<\/strong><\/h2>\n<p data-start=\"649\" data-end=\"997\"><strong data-start=\"649\" data-end=\"664\">SDA Pakuot\u0117<\/strong> ra\u017eo un pieg\u0101d\u0101 <strong data-start=\"681\" data-end=\"709\">doy-pack st\u0101vus maisi\u0146us<\/strong>, kas izgatavoti no <strong data-start=\"729\" data-end=\"756\">ekolo\u0123iska kraft pap\u012bra<\/strong>.<br data-start=\"757\" data-end=\"760\" \/><br \/>\n\u0160ie maisi\u0146i ir ne tikai est\u0113tiski pievilc\u012bgi, bet ar\u012b \u0101rk\u0101rt\u012bgi funkcion\u0101li \u2013 pateicoties <strong data-start=\"850\" data-end=\"881\">lamin\u0113tajai iek\u0161\u0113jai k\u0101rtai<\/strong>, tie ir piem\u0113roti gan <strong data-start=\"904\" data-end=\"927\">beramiem produktiem<\/strong> (t\u0113jai, kafijai, gar\u0161viel\u0101m, riekstiem), gan <strong data-start=\"973\" data-end=\"996\">\u0161\u0137idriem produktiem<\/strong>.<\/p>\n<h3 data-start=\"999\" data-end=\"1025\"><strong data-start=\"1003\" data-end=\"1025\">Galven\u0101s \u012bpa\u0161\u012bbas:<\/strong><\/h3>\n<ul data-start=\"1026\" data-end=\"1349\">\n<li data-start=\"1026\" data-end=\"1101\">\n<p data-start=\"1028\" data-end=\"1101\"><strong data-start=\"1028\" data-end=\"1065\">St\u0101vmais\u0101 konstrukcija (doy-pack)<\/strong> nodro\u0161ina stabilit\u0101ti uz virsmas,<\/p>\n<\/li>\n<li data-start=\"1102\" data-end=\"1211\">\n<p data-start=\"1104\" data-end=\"1211\"><strong data-start=\"1104\" data-end=\"1142\">Zip aizdare (stringa aiztais\u012b\u0161ana)<\/strong> \u013cauj maisi\u0146u \u0113rti atv\u0113rt un aizv\u0113rt, saglab\u0101jot produkta svaigumu,<\/p>\n<\/li>\n<li data-start=\"1212\" data-end=\"1255\">\n<p data-start=\"1214\" data-end=\"1255\">piem\u0113roti da\u017e\u0101diem p\u0101rtikas produktiem,<\/p>\n<\/li>\n<li data-start=\"1256\" data-end=\"1349\">\n<p data-start=\"1258\" data-end=\"1349\">izgatavoti no <strong data-start=\"1272\" data-end=\"1309\">kraft pap\u012bra ar lamin\u0113tu iek\u0161pusi<\/strong>, kas padara tos iztur\u012bgus pret mitrumu.<\/p>\n<\/li>\n<\/ul>\n<h3 data-start=\"1351\" data-end=\"1386\"><strong data-start=\"1355\" data-end=\"1386\">Pieejamie izm\u0113ri noliktav\u0101:<\/strong><\/h3>\n<ul data-start=\"1387\" data-end=\"1466\">\n<li data-start=\"1387\" data-end=\"1398\">\n<p data-start=\"1389\" data-end=\"1398\">250 ml,<\/p>\n<\/li>\n<li data-start=\"1399\" data-end=\"1410\">\n<p data-start=\"1401\" data-end=\"1410\">500 ml,<\/p>\n<\/li>\n<li data-start=\"1411\" data-end=\"1422\">\n<p data-start=\"1413\" data-end=\"1422\">750 ml,<\/p>\n<\/li>\n<li data-start=\"1423\" data-end=\"1466\">\n<p data-start=\"1425\" data-end=\"1466\">un citi popul\u0101ri izm\u0113ri p\u0113c piepras\u012bjuma.<\/p>\n<\/li>\n<\/ul>\n<p data-start=\"1468\" data-end=\"1734\">Pied\u0101v\u0101jam iesp\u0113ju izgatavot <strong data-start=\"1497\" data-end=\"1583\">individu\u0101lus kraft maisi\u0146us ar j\u016bsu uz\u0146\u0113muma logotipu, z\u012bmolu vai citu inform\u0101ciju<\/strong>.<br data-start=\"1584\" data-end=\"1587\" \/><br \/>\n<strong data-start=\"1587\" data-end=\"1612\">Personaliz\u0113ta apdruka<\/strong> iesp\u0113jama <strong data-start=\"1623\" data-end=\"1642\">no viena gabala<\/strong>, t\u0101p\u0113c \u0161is risin\u0101jums ir piem\u0113rots gan <strong data-start=\"1682\" data-end=\"1705\">mazajiem ra\u017eot\u0101jiem<\/strong>, gan <strong data-start=\"1711\" data-end=\"1733\">lieliem uz\u0146\u0113mumiem<\/strong>.<\/p>\n","protected":false},"excerpt":{"rendered":"<p>Doy-pack kraft maisi\u0146i ar zip aizdari \u2013 moderna un videi draudz\u012bga iepakojuma izv\u0113le SDA Pakuot\u0117 ra\u017eo un pieg\u0101d\u0101 doy-pack st\u0101vus maisi\u0146us, kas izgatavoti no ekolo\u0123iska kraft pap\u012bra. \u0160ie maisi\u0146i ir ne tikai est\u0113tiski pievilc\u012bgi, bet ar\u012b \u0101rk\u0101rt\u012bgi funkcion\u0101li \u2013 pateicoties lamin\u0113tajai iek\u0161\u0113jai k\u0101rtai, tie ir piem\u0113roti gan beramiem produktiem (t\u0113jai, kafijai, gar\u0161viel\u0101m, riekstiem), gan \u0161\u0137idriem [&hellip;]<\/p>\n","protected":false},"author":2,"featured_media":4719,"parent":4777,"menu_order":0,"comment_status":"closed","ping_status":"closed","template":"page-single-product.php","meta":{"_acf_changed":false,"footnotes":""},"class_list":["post-4717","page","type-page","status-publish","has-post-thumbnail","hentry"],"acf":[],"yoast_head":"<!-- This site is optimized with the Yoast SEO plugin v27.5 - https:\/\/yoast.com\/product\/yoast-seo-wordpress\/ -->\n<title>Doy-pack kraft maisi\u0146i ar zip aizdari - sdapakuote.lt<\/title>\n<meta name=\"description\" content=\"kraft maisi\u0146i ar zip aizdari, doypack maisi\u0146i p\u0101rtikai, st\u0101vmais\u0101 iepakojums, ekolo\u0123isks kraft iepakojums, kraft maisi\u0146i ar logotipu, p\u0101rtikas iepakojums ar apdruku.\" \/>\n<meta name=\"robots\" content=\"index, follow, max-snippet:-1, max-image-preview:large, max-video-preview:-1\" \/>\n<link rel=\"canonical\" href=\"https:\/\/www.sdapakuote.lt\/lv\/produkti\/personalizets-papira-iepakojums-ar-logotipu-vai-uzrakstiem\/personalizetie-papira-maisini-ar-logotipu-vai-uzrakstiem\/doy-pack-kraft-maisini-ar-zip-aizdari\/\" \/>\n<meta property=\"og:locale\" content=\"lv_LV\" \/>\n<meta property=\"og:type\" content=\"article\" \/>\n<meta property=\"og:title\" content=\"Doy-pack kraft maisi\u0146i ar zip aizdari - sdapakuote.lt\" \/>\n<meta property=\"og:description\" content=\"kraft maisi\u0146i ar zip aizdari, doypack maisi\u0146i p\u0101rtikai, st\u0101vmais\u0101 iepakojums, ekolo\u0123isks kraft iepakojums, kraft maisi\u0146i ar logotipu, p\u0101rtikas iepakojums ar apdruku.\" \/>\n<meta property=\"og:url\" content=\"https:\/\/www.sdapakuote.lt\/lv\/produkti\/personalizets-papira-iepakojums-ar-logotipu-vai-uzrakstiem\/personalizetie-papira-maisini-ar-logotipu-vai-uzrakstiem\/doy-pack-kraft-maisini-ar-zip-aizdari\/\" \/>\n<meta property=\"og:site_name\" content=\"sdapakuote.lt\" \/>\n<meta property=\"article:modified_time\" content=\"2025-10-09T06:16:09+00:00\" \/>\n<meta property=\"og:image\" content=\"https:\/\/www.sdapakuote.lt\/wp-content\/uploads\/2022\/05\/DOY-PACK-su-logotipu-scaled.jpg\" \/>\n\t<meta property=\"og:image:width\" content=\"2560\" \/>\n\t<meta property=\"og:image:height\" content=\"2560\" \/>\n\t<meta property=\"og:image:type\" content=\"image\/jpeg\" \/>\n<meta name=\"twitter:card\" content=\"summary_large_image\" \/>\n<meta name=\"twitter:label1\" content=\"Est. reading time\" \/>\n\t<meta name=\"twitter:data1\" content=\"1 minute\" \/>\n<script type=\"application\/ld+json\" class=\"yoast-schema-graph\">{\"@context\":\"https:\\\/\\\/schema.org\",\"@graph\":[{\"@type\":\"WebPage\",\"@id\":\"https:\\\/\\\/www.sdapakuote.lt\\\/lv\\\/produkti\\\/personalizets-papira-iepakojums-ar-logotipu-vai-uzrakstiem\\\/personalizetie-papira-maisini-ar-logotipu-vai-uzrakstiem\\\/doy-pack-kraft-maisini-ar-zip-aizdari\\\/\",\"url\":\"https:\\\/\\\/www.sdapakuote.lt\\\/lv\\\/produkti\\\/personalizets-papira-iepakojums-ar-logotipu-vai-uzrakstiem\\\/personalizetie-papira-maisini-ar-logotipu-vai-uzrakstiem\\\/doy-pack-kraft-maisini-ar-zip-aizdari\\\/\",\"name\":\"Doy-pack kraft maisi\u0146i ar zip aizdari - sdapakuote.lt\",\"isPartOf\":{\"@id\":\"https:\\\/\\\/www.sdapakuote.lt\\\/lv\\\/#website\"},\"primaryImageOfPage\":{\"@id\":\"https:\\\/\\\/www.sdapakuote.lt\\\/lv\\\/produkti\\\/personalizets-papira-iepakojums-ar-logotipu-vai-uzrakstiem\\\/personalizetie-papira-maisini-ar-logotipu-vai-uzrakstiem\\\/doy-pack-kraft-maisini-ar-zip-aizdari\\\/#primaryimage\"},\"image\":{\"@id\":\"https:\\\/\\\/www.sdapakuote.lt\\\/lv\\\/produkti\\\/personalizets-papira-iepakojums-ar-logotipu-vai-uzrakstiem\\\/personalizetie-papira-maisini-ar-logotipu-vai-uzrakstiem\\\/doy-pack-kraft-maisini-ar-zip-aizdari\\\/#primaryimage\"},\"thumbnailUrl\":\"https:\\\/\\\/www.sdapakuote.lt\\\/wp-content\\\/uploads\\\/2022\\\/05\\\/DOY-PACK-su-logotipu-scaled.jpg\",\"datePublished\":\"2025-10-09T06:15:36+00:00\",\"dateModified\":\"2025-10-09T06:16:09+00:00\",\"description\":\"kraft maisi\u0146i ar zip aizdari, doypack maisi\u0146i p\u0101rtikai, st\u0101vmais\u0101 iepakojums, ekolo\u0123isks kraft iepakojums, kraft maisi\u0146i ar logotipu, p\u0101rtikas iepakojums ar apdruku.\",\"breadcrumb\":{\"@id\":\"https:\\\/\\\/www.sdapakuote.lt\\\/lv\\\/produkti\\\/personalizets-papira-iepakojums-ar-logotipu-vai-uzrakstiem\\\/personalizetie-papira-maisini-ar-logotipu-vai-uzrakstiem\\\/doy-pack-kraft-maisini-ar-zip-aizdari\\\/#breadcrumb\"},\"inLanguage\":\"lv-LV\",\"potentialAction\":[{\"@type\":\"ReadAction\",\"target\":[\"https:\\\/\\\/www.sdapakuote.lt\\\/lv\\\/produkti\\\/personalizets-papira-iepakojums-ar-logotipu-vai-uzrakstiem\\\/personalizetie-papira-maisini-ar-logotipu-vai-uzrakstiem\\\/doy-pack-kraft-maisini-ar-zip-aizdari\\\/\"]}]},{\"@type\":\"ImageObject\",\"inLanguage\":\"lv-LV\",\"@id\":\"https:\\\/\\\/www.sdapakuote.lt\\\/lv\\\/produkti\\\/personalizets-papira-iepakojums-ar-logotipu-vai-uzrakstiem\\\/personalizetie-papira-maisini-ar-logotipu-vai-uzrakstiem\\\/doy-pack-kraft-maisini-ar-zip-aizdari\\\/#primaryimage\",\"url\":\"https:\\\/\\\/www.sdapakuote.lt\\\/wp-content\\\/uploads\\\/2022\\\/05\\\/DOY-PACK-su-logotipu-scaled.jpg\",\"contentUrl\":\"https:\\\/\\\/www.sdapakuote.lt\\\/wp-content\\\/uploads\\\/2022\\\/05\\\/DOY-PACK-su-logotipu-scaled.jpg\",\"width\":2560,\"height\":2560,\"caption\":\"DOY PACK su logotipu\"},{\"@type\":\"BreadcrumbList\",\"@id\":\"https:\\\/\\\/www.sdapakuote.lt\\\/lv\\\/produkti\\\/personalizets-papira-iepakojums-ar-logotipu-vai-uzrakstiem\\\/personalizetie-papira-maisini-ar-logotipu-vai-uzrakstiem\\\/doy-pack-kraft-maisini-ar-zip-aizdari\\\/#breadcrumb\",\"itemListElement\":[{\"@type\":\"ListItem\",\"position\":1,\"name\":\"Home\",\"item\":\"https:\\\/\\\/www.sdapakuote.lt\\\/lv\\\/\"},{\"@type\":\"ListItem\",\"position\":2,\"name\":\"Doy-pack kraft maisi\u0146i ar zip aizdari\"}]},{\"@type\":\"WebSite\",\"@id\":\"https:\\\/\\\/www.sdapakuote.lt\\\/lv\\\/#website\",\"url\":\"https:\\\/\\\/www.sdapakuote.lt\\\/lv\\\/\",\"name\":\"sdapakuote.lt\",\"description\":\"Kol kas tik dar vienas WordPress tinklalapis\",\"potentialAction\":[{\"@type\":\"SearchAction\",\"target\":{\"@type\":\"EntryPoint\",\"urlTemplate\":\"https:\\\/\\\/www.sdapakuote.lt\\\/lv\\\/?s={search_term_string}\"},\"query-input\":{\"@type\":\"PropertyValueSpecification\",\"valueRequired\":true,\"valueName\":\"search_term_string\"}}],\"inLanguage\":\"lv-LV\"}]}<\/script>\n<!-- \/ Yoast SEO plugin. -->","yoast_head_json":{"title":"Doy-pack kraft maisi\u0146i ar zip aizdari - sdapakuote.lt","description":"kraft maisi\u0146i ar zip aizdari, doypack maisi\u0146i p\u0101rtikai, st\u0101vmais\u0101 iepakojums, ekolo\u0123isks kraft iepakojums, kraft maisi\u0146i ar logotipu, p\u0101rtikas iepakojums ar apdruku.","robots":{"index":"index","follow":"follow","max-snippet":"max-snippet:-1","max-image-preview":"max-image-preview:large","max-video-preview":"max-video-preview:-1"},"canonical":"https:\/\/www.sdapakuote.lt\/lv\/produkti\/personalizets-papira-iepakojums-ar-logotipu-vai-uzrakstiem\/personalizetie-papira-maisini-ar-logotipu-vai-uzrakstiem\/doy-pack-kraft-maisini-ar-zip-aizdari\/","og_locale":"lv_LV","og_type":"article","og_title":"Doy-pack kraft maisi\u0146i ar zip aizdari - sdapakuote.lt","og_description":"kraft maisi\u0146i ar zip aizdari, doypack maisi\u0146i p\u0101rtikai, st\u0101vmais\u0101 iepakojums, ekolo\u0123isks kraft iepakojums, kraft maisi\u0146i ar logotipu, p\u0101rtikas iepakojums ar apdruku.","og_url":"https:\/\/www.sdapakuote.lt\/lv\/produkti\/personalizets-papira-iepakojums-ar-logotipu-vai-uzrakstiem\/personalizetie-papira-maisini-ar-logotipu-vai-uzrakstiem\/doy-pack-kraft-maisini-ar-zip-aizdari\/","og_site_name":"sdapakuote.lt","article_modified_time":"2025-10-09T06:16:09+00:00","og_image":[{"width":2560,"height":2560,"url":"https:\/\/www.sdapakuote.lt\/wp-content\/uploads\/2022\/05\/DOY-PACK-su-logotipu-scaled.jpg","type":"image\/jpeg"}],"twitter_card":"summary_large_image","twitter_misc":{"Est. reading time":"1 minute"},"schema":{"@context":"https:\/\/schema.org","@graph":[{"@type":"WebPage","@id":"https:\/\/www.sdapakuote.lt\/lv\/produkti\/personalizets-papira-iepakojums-ar-logotipu-vai-uzrakstiem\/personalizetie-papira-maisini-ar-logotipu-vai-uzrakstiem\/doy-pack-kraft-maisini-ar-zip-aizdari\/","url":"https:\/\/www.sdapakuote.lt\/lv\/produkti\/personalizets-papira-iepakojums-ar-logotipu-vai-uzrakstiem\/personalizetie-papira-maisini-ar-logotipu-vai-uzrakstiem\/doy-pack-kraft-maisini-ar-zip-aizdari\/","name":"Doy-pack kraft maisi\u0146i ar zip aizdari - sdapakuote.lt","isPartOf":{"@id":"https:\/\/www.sdapakuote.lt\/lv\/#website"},"primaryImageOfPage":{"@id":"https:\/\/www.sdapakuote.lt\/lv\/produkti\/personalizets-papira-iepakojums-ar-logotipu-vai-uzrakstiem\/personalizetie-papira-maisini-ar-logotipu-vai-uzrakstiem\/doy-pack-kraft-maisini-ar-zip-aizdari\/#primaryimage"},"image":{"@id":"https:\/\/www.sdapakuote.lt\/lv\/produkti\/personalizets-papira-iepakojums-ar-logotipu-vai-uzrakstiem\/personalizetie-papira-maisini-ar-logotipu-vai-uzrakstiem\/doy-pack-kraft-maisini-ar-zip-aizdari\/#primaryimage"},"thumbnailUrl":"https:\/\/www.sdapakuote.lt\/wp-content\/uploads\/2022\/05\/DOY-PACK-su-logotipu-scaled.jpg","datePublished":"2025-10-09T06:15:36+00:00","dateModified":"2025-10-09T06:16:09+00:00","description":"kraft maisi\u0146i ar zip aizdari, doypack maisi\u0146i p\u0101rtikai, st\u0101vmais\u0101 iepakojums, ekolo\u0123isks kraft iepakojums, kraft maisi\u0146i ar logotipu, p\u0101rtikas iepakojums ar apdruku.","breadcrumb":{"@id":"https:\/\/www.sdapakuote.lt\/lv\/produkti\/personalizets-papira-iepakojums-ar-logotipu-vai-uzrakstiem\/personalizetie-papira-maisini-ar-logotipu-vai-uzrakstiem\/doy-pack-kraft-maisini-ar-zip-aizdari\/#breadcrumb"},"inLanguage":"lv-LV","potentialAction":[{"@type":"ReadAction","target":["https:\/\/www.sdapakuote.lt\/lv\/produkti\/personalizets-papira-iepakojums-ar-logotipu-vai-uzrakstiem\/personalizetie-papira-maisini-ar-logotipu-vai-uzrakstiem\/doy-pack-kraft-maisini-ar-zip-aizdari\/"]}]},{"@type":"ImageObject","inLanguage":"lv-LV","@id":"https:\/\/www.sdapakuote.lt\/lv\/produkti\/personalizets-papira-iepakojums-ar-logotipu-vai-uzrakstiem\/personalizetie-papira-maisini-ar-logotipu-vai-uzrakstiem\/doy-pack-kraft-maisini-ar-zip-aizdari\/#primaryimage","url":"https:\/\/www.sdapakuote.lt\/wp-content\/uploads\/2022\/05\/DOY-PACK-su-logotipu-scaled.jpg","contentUrl":"https:\/\/www.sdapakuote.lt\/wp-content\/uploads\/2022\/05\/DOY-PACK-su-logotipu-scaled.jpg","width":2560,"height":2560,"caption":"DOY PACK su logotipu"},{"@type":"BreadcrumbList","@id":"https:\/\/www.sdapakuote.lt\/lv\/produkti\/personalizets-papira-iepakojums-ar-logotipu-vai-uzrakstiem\/personalizetie-papira-maisini-ar-logotipu-vai-uzrakstiem\/doy-pack-kraft-maisini-ar-zip-aizdari\/#breadcrumb","itemListElement":[{"@type":"ListItem","position":1,"name":"Home","item":"https:\/\/www.sdapakuote.lt\/lv\/"},{"@type":"ListItem","position":2,"name":"Doy-pack kraft maisi\u0146i ar zip aizdari"}]},{"@type":"WebSite","@id":"https:\/\/www.sdapakuote.lt\/lv\/#website","url":"https:\/\/www.sdapakuote.lt\/lv\/","name":"sdapakuote.lt","description":"Kol kas tik dar vienas WordPress tinklalapis","potentialAction":[{"@type":"SearchAction","target":{"@type":"EntryPoint","urlTemplate":"https:\/\/www.sdapakuote.lt\/lv\/?s={search_term_string}"},"query-input":{"@type":"PropertyValueSpecification","valueRequired":true,"valueName":"search_term_string"}}],"inLanguage":"lv-LV"}]}},"_links":{"self":[{"href":"https:\/\/www.sdapakuote.lt\/lv\/wp-json\/wp\/v2\/pages\/4717","targetHints":{"allow":["GET"]}}],"collection":[{"href":"https:\/\/www.sdapakuote.lt\/lv\/wp-json\/wp\/v2\/pages"}],"about":[{"href":"https:\/\/www.sdapakuote.lt\/lv\/wp-json\/wp\/v2\/types\/page"}],"author":[{"embeddable":true,"href":"https:\/\/www.sdapakuote.lt\/lv\/wp-json\/wp\/v2\/users\/2"}],"replies":[{"embeddable":true,"href":"https:\/\/www.sdapakuote.lt\/lv\/wp-json\/wp\/v2\/comments?post=4717"}],"version-history":[{"count":0,"href":"https:\/\/www.sdapakuote.lt\/lv\/wp-json\/wp\/v2\/pages\/4717\/revisions"}],"up":[{"embeddable":true,"href":"https:\/\/www.sdapakuote.lt\/lv\/wp-json\/wp\/v2\/pages\/4777"}],"wp:featuredmedia":[{"embeddable":true,"href":"https:\/\/www.sdapakuote.lt\/lv\/wp-json\/wp\/v2\/media\/4719"}],"wp:attachment":[{"href":"https:\/\/www.sdapakuote.lt\/lv\/wp-json\/wp\/v2\/media?parent=4717"}],"curies":[{"name":"wp","href":"https:\/\/api.w.org\/{rel}","templated":true}]}}