{"id":4704,"date":"2025-10-09T06:06:14","date_gmt":"2025-10-09T06:06:14","guid":{"rendered":"https:\/\/www.sdapakuote.lt\/?page_id=4704"},"modified":"2025-10-09T06:06:34","modified_gmt":"2025-10-09T06:06:34","slug":"maisi-koka-granulam","status":"publish","type":"page","link":"https:\/\/www.sdapakuote.lt\/lv\/produkti\/polietilena-maisini\/maisi-koka-granulam\/","title":{"rendered":"Maisi koka granul\u0101m"},"content":{"rendered":"<p data-start=\"437\" data-end=\"701\"><strong data-start=\"437\" data-end=\"452\">SDA Pakuot\u0117<\/strong> ra\u017eo augstas kvalit\u0101tes <strong data-start=\"477\" data-end=\"503\">maisi\u0146us koka granul\u0101m<\/strong>, kas paredz\u0113ti gan r\u016bpnieciskai, gan mazumtirdzniec\u012bbas iepako\u0161anai.<br data-start=\"572\" data-end=\"575\" \/><br \/>\nMaisi tiek izgatavoti no <strong data-start=\"600\" data-end=\"636\">HDPE vai LDPE polietil\u0113na pl\u0113ves<\/strong>, kas nodro\u0161ina iztur\u012bbu, elast\u012bbu un augstu pretest\u012bbu pl\u012b\u0161anai.<\/p>\n<h3 data-start=\"703\" data-end=\"726\"><strong data-start=\"707\" data-end=\"726\">M\u0113s pied\u0101v\u0101jam:<\/strong><\/h3>\n<ul data-start=\"727\" data-end=\"888\">\n<li data-start=\"727\" data-end=\"765\">\n<p data-start=\"729\" data-end=\"765\">caursp\u012bd\u012bgus vai kr\u0101sainus maisus,<\/p>\n<\/li>\n<li data-start=\"766\" data-end=\"826\">\n<p data-start=\"768\" data-end=\"826\">ar apdruku (logotipu, produkta inform\u0101ciju) vai bez t\u0101s,<\/p>\n<\/li>\n<li data-start=\"827\" data-end=\"888\">\n<p data-start=\"829\" data-end=\"888\">da\u017e\u0101du izm\u0113ru, biezumu un tilpumu \u2013 no <strong data-start=\"868\" data-end=\"887\">5 kg l\u012bdz 25 kg<\/strong>.<\/p>\n<\/li>\n<\/ul>\n<h3 data-start=\"890\" data-end=\"913\"><strong data-start=\"894\" data-end=\"913\">Maisu \u012bpa\u0161\u012bbas:<\/strong><\/h3>\n<ul data-start=\"914\" data-end=\"1139\">\n<li data-start=\"914\" data-end=\"955\">\n<p data-start=\"916\" data-end=\"955\">iztur\u012bgi pret meh\u0101niskiem boj\u0101jumiem,<\/p>\n<\/li>\n<li data-start=\"956\" data-end=\"1012\">\n<p data-start=\"958\" data-end=\"1012\">paredz\u0113ti granulu svaram un uzglab\u0101\u0161anai uz palet\u0113m,<\/p>\n<\/li>\n<li data-start=\"1013\" data-end=\"1084\">\n<p data-start=\"1015\" data-end=\"1084\">iesp\u0113jama <strong data-start=\"1025\" data-end=\"1081\">herm\u0113tiska aizkaus\u0113\u0161ana vai perfor\u0101cija ventil\u0101cijai<\/strong>,<\/p>\n<\/li>\n<li data-start=\"1085\" data-end=\"1139\">\n<p data-start=\"1087\" data-end=\"1139\">piem\u0113roti gan autom\u0101tiskai, gan manu\u0101lai pild\u012b\u0161anai.<\/p>\n<\/li>\n<\/ul>\n<h3 data-start=\"1141\" data-end=\"1178\"><strong data-start=\"1145\" data-end=\"1178\">K\u0101p\u0113c izv\u0113l\u0113ties SDA Pakuot\u0117:<\/strong><\/h3>\n<ul data-start=\"1179\" data-end=\"1357\">\n<li data-start=\"1179\" data-end=\"1224\">\n<p data-start=\"1181\" data-end=\"1224\">m\u0113s esam <strong data-start=\"1190\" data-end=\"1221\">ra\u017eot\u0101ji un vairumtirgot\u0101ji<\/strong>,<\/p>\n<\/li>\n<li data-start=\"1225\" data-end=\"1289\">\n<p data-start=\"1227\" data-end=\"1289\">nodro\u0161in\u0101m <strong data-start=\"1238\" data-end=\"1286\">augstu kvalit\u0101ti un \u0101trus ra\u017eo\u0161anas termi\u0146us<\/strong>,<\/p>\n<\/li>\n<li data-start=\"1290\" data-end=\"1357\">\n<p data-start=\"1292\" data-end=\"1357\">pied\u0101v\u0101jam <strong data-start=\"1303\" data-end=\"1326\">individu\u0101lu apdruku<\/strong> atbilsto\u0161i klienta vajadz\u012bb\u0101m.<\/p>\n<\/li>\n<\/ul>\n<p data-start=\"1359\" data-end=\"1535\"><strong data-start=\"1359\" data-end=\"1382\">Maisi koka granul\u0101m<\/strong> no LDPE vai HDPE pl\u0113ves ir dro\u0161s, iztur\u012bgs un est\u0113tisks iepakojuma risin\u0101jums, kas nodro\u0161ina produkta aizsardz\u012bbu transport\u0113\u0161anas un uzglab\u0101\u0161anas laik\u0101.<\/p>\n","protected":false},"excerpt":{"rendered":"<p>SDA Pakuot\u0117 ra\u017eo augstas kvalit\u0101tes maisi\u0146us koka granul\u0101m, kas paredz\u0113ti gan r\u016bpnieciskai, gan mazumtirdzniec\u012bbas iepako\u0161anai. Maisi tiek izgatavoti no HDPE vai LDPE polietil\u0113na pl\u0113ves, kas nodro\u0161ina iztur\u012bbu, elast\u012bbu un augstu pretest\u012bbu pl\u012b\u0161anai. M\u0113s pied\u0101v\u0101jam: caursp\u012bd\u012bgus vai kr\u0101sainus maisus, ar apdruku (logotipu, produkta inform\u0101ciju) vai bez t\u0101s, da\u017e\u0101du izm\u0113ru, biezumu un tilpumu \u2013 no 5 kg [&hellip;]<\/p>\n","protected":false},"author":2,"featured_media":4359,"parent":4434,"menu_order":0,"comment_status":"closed","ping_status":"closed","template":"page-single-product.php","meta":{"_acf_changed":false,"footnotes":""},"class_list":["post-4704","page","type-page","status-publish","has-post-thumbnail","hentry"],"acf":[],"yoast_head":"<!-- This site is optimized with the Yoast SEO plugin v27.4 - https:\/\/yoast.com\/product\/yoast-seo-wordpress\/ -->\n<title>Maisi koka granul\u0101m - sdapakuote.lt<\/title>\n<meta name=\"description\" content=\"LDPE maisi granul\u0101m, HDPE maisi, koka granulu iepakojums, granulu maisi ar apdruku, iepakojums granul\u0101m, polietil\u0113na maisi.\" \/>\n<meta name=\"robots\" content=\"index, follow, max-snippet:-1, max-image-preview:large, max-video-preview:-1\" \/>\n<link rel=\"canonical\" href=\"https:\/\/www.sdapakuote.lt\/lv\/produkti\/polietilena-maisini\/maisi-koka-granulam\/\" \/>\n<meta property=\"og:locale\" content=\"lv_LV\" \/>\n<meta property=\"og:type\" content=\"article\" \/>\n<meta property=\"og:title\" content=\"Maisi koka granul\u0101m - sdapakuote.lt\" \/>\n<meta property=\"og:description\" content=\"LDPE maisi granul\u0101m, HDPE maisi, koka granulu iepakojums, granulu maisi ar apdruku, iepakojums granul\u0101m, polietil\u0113na maisi.\" \/>\n<meta property=\"og:url\" content=\"https:\/\/www.sdapakuote.lt\/lv\/produkti\/polietilena-maisini\/maisi-koka-granulam\/\" \/>\n<meta property=\"og:site_name\" content=\"sdapakuote.lt\" \/>\n<meta property=\"article:modified_time\" content=\"2025-10-09T06:06:34+00:00\" \/>\n<meta property=\"og:image\" content=\"https:\/\/www.sdapakuote.lt\/wp-content\/uploads\/2025\/10\/Maisai-medzio-granulems.png\" \/>\n\t<meta property=\"og:image:width\" content=\"1024\" \/>\n\t<meta property=\"og:image:height\" content=\"1024\" \/>\n\t<meta property=\"og:image:type\" content=\"image\/png\" \/>\n<meta name=\"twitter:card\" content=\"summary_large_image\" \/>\n<meta name=\"twitter:label1\" content=\"Est. reading time\" \/>\n\t<meta name=\"twitter:data1\" content=\"1 minute\" \/>\n<script type=\"application\/ld+json\" class=\"yoast-schema-graph\">{\"@context\":\"https:\\\/\\\/schema.org\",\"@graph\":[{\"@type\":\"WebPage\",\"@id\":\"https:\\\/\\\/www.sdapakuote.lt\\\/lv\\\/produkti\\\/polietilena-maisini\\\/maisi-koka-granulam\\\/\",\"url\":\"https:\\\/\\\/www.sdapakuote.lt\\\/lv\\\/produkti\\\/polietilena-maisini\\\/maisi-koka-granulam\\\/\",\"name\":\"Maisi koka granul\u0101m - sdapakuote.lt\",\"isPartOf\":{\"@id\":\"https:\\\/\\\/www.sdapakuote.lt\\\/lv\\\/#website\"},\"primaryImageOfPage\":{\"@id\":\"https:\\\/\\\/www.sdapakuote.lt\\\/lv\\\/produkti\\\/polietilena-maisini\\\/maisi-koka-granulam\\\/#primaryimage\"},\"image\":{\"@id\":\"https:\\\/\\\/www.sdapakuote.lt\\\/lv\\\/produkti\\\/polietilena-maisini\\\/maisi-koka-granulam\\\/#primaryimage\"},\"thumbnailUrl\":\"https:\\\/\\\/www.sdapakuote.lt\\\/wp-content\\\/uploads\\\/2025\\\/10\\\/Maisai-medzio-granulems.png\",\"datePublished\":\"2025-10-09T06:06:14+00:00\",\"dateModified\":\"2025-10-09T06:06:34+00:00\",\"description\":\"LDPE maisi granul\u0101m, HDPE maisi, koka granulu iepakojums, granulu maisi ar apdruku, iepakojums granul\u0101m, polietil\u0113na maisi.\",\"breadcrumb\":{\"@id\":\"https:\\\/\\\/www.sdapakuote.lt\\\/lv\\\/produkti\\\/polietilena-maisini\\\/maisi-koka-granulam\\\/#breadcrumb\"},\"inLanguage\":\"lv-LV\",\"potentialAction\":[{\"@type\":\"ReadAction\",\"target\":[\"https:\\\/\\\/www.sdapakuote.lt\\\/lv\\\/produkti\\\/polietilena-maisini\\\/maisi-koka-granulam\\\/\"]}]},{\"@type\":\"ImageObject\",\"inLanguage\":\"lv-LV\",\"@id\":\"https:\\\/\\\/www.sdapakuote.lt\\\/lv\\\/produkti\\\/polietilena-maisini\\\/maisi-koka-granulam\\\/#primaryimage\",\"url\":\"https:\\\/\\\/www.sdapakuote.lt\\\/wp-content\\\/uploads\\\/2025\\\/10\\\/Maisai-medzio-granulems.png\",\"contentUrl\":\"https:\\\/\\\/www.sdapakuote.lt\\\/wp-content\\\/uploads\\\/2025\\\/10\\\/Maisai-medzio-granulems.png\",\"width\":1024,\"height\":1024,\"caption\":\"Mai\u0161ai med\u017eio granul\u0117ms\"},{\"@type\":\"BreadcrumbList\",\"@id\":\"https:\\\/\\\/www.sdapakuote.lt\\\/lv\\\/produkti\\\/polietilena-maisini\\\/maisi-koka-granulam\\\/#breadcrumb\",\"itemListElement\":[{\"@type\":\"ListItem\",\"position\":1,\"name\":\"Home\",\"item\":\"https:\\\/\\\/www.sdapakuote.lt\\\/lv\\\/\"},{\"@type\":\"ListItem\",\"position\":2,\"name\":\"Produkti\",\"item\":\"https:\\\/\\\/www.sdapakuote.lt\\\/lv\\\/produkti\\\/\"},{\"@type\":\"ListItem\",\"position\":3,\"name\":\"Polietil\u0113na maisi\u0146i\",\"item\":\"https:\\\/\\\/www.sdapakuote.lt\\\/lv\\\/produkti\\\/polietilena-maisini\\\/\"},{\"@type\":\"ListItem\",\"position\":4,\"name\":\"Maisi koka granul\u0101m\"}]},{\"@type\":\"WebSite\",\"@id\":\"https:\\\/\\\/www.sdapakuote.lt\\\/lv\\\/#website\",\"url\":\"https:\\\/\\\/www.sdapakuote.lt\\\/lv\\\/\",\"name\":\"sdapakuote.lt\",\"description\":\"Kol kas tik dar vienas WordPress tinklalapis\",\"potentialAction\":[{\"@type\":\"SearchAction\",\"target\":{\"@type\":\"EntryPoint\",\"urlTemplate\":\"https:\\\/\\\/www.sdapakuote.lt\\\/lv\\\/?s={search_term_string}\"},\"query-input\":{\"@type\":\"PropertyValueSpecification\",\"valueRequired\":true,\"valueName\":\"search_term_string\"}}],\"inLanguage\":\"lv-LV\"}]}<\/script>\n<!-- \/ Yoast SEO plugin. -->","yoast_head_json":{"title":"Maisi koka granul\u0101m - sdapakuote.lt","description":"LDPE maisi granul\u0101m, HDPE maisi, koka granulu iepakojums, granulu maisi ar apdruku, iepakojums granul\u0101m, polietil\u0113na maisi.","robots":{"index":"index","follow":"follow","max-snippet":"max-snippet:-1","max-image-preview":"max-image-preview:large","max-video-preview":"max-video-preview:-1"},"canonical":"https:\/\/www.sdapakuote.lt\/lv\/produkti\/polietilena-maisini\/maisi-koka-granulam\/","og_locale":"lv_LV","og_type":"article","og_title":"Maisi koka granul\u0101m - sdapakuote.lt","og_description":"LDPE maisi granul\u0101m, HDPE maisi, koka granulu iepakojums, granulu maisi ar apdruku, iepakojums granul\u0101m, polietil\u0113na maisi.","og_url":"https:\/\/www.sdapakuote.lt\/lv\/produkti\/polietilena-maisini\/maisi-koka-granulam\/","og_site_name":"sdapakuote.lt","article_modified_time":"2025-10-09T06:06:34+00:00","og_image":[{"width":1024,"height":1024,"url":"https:\/\/www.sdapakuote.lt\/wp-content\/uploads\/2025\/10\/Maisai-medzio-granulems.png","type":"image\/png"}],"twitter_card":"summary_large_image","twitter_misc":{"Est. reading time":"1 minute"},"schema":{"@context":"https:\/\/schema.org","@graph":[{"@type":"WebPage","@id":"https:\/\/www.sdapakuote.lt\/lv\/produkti\/polietilena-maisini\/maisi-koka-granulam\/","url":"https:\/\/www.sdapakuote.lt\/lv\/produkti\/polietilena-maisini\/maisi-koka-granulam\/","name":"Maisi koka granul\u0101m - sdapakuote.lt","isPartOf":{"@id":"https:\/\/www.sdapakuote.lt\/lv\/#website"},"primaryImageOfPage":{"@id":"https:\/\/www.sdapakuote.lt\/lv\/produkti\/polietilena-maisini\/maisi-koka-granulam\/#primaryimage"},"image":{"@id":"https:\/\/www.sdapakuote.lt\/lv\/produkti\/polietilena-maisini\/maisi-koka-granulam\/#primaryimage"},"thumbnailUrl":"https:\/\/www.sdapakuote.lt\/wp-content\/uploads\/2025\/10\/Maisai-medzio-granulems.png","datePublished":"2025-10-09T06:06:14+00:00","dateModified":"2025-10-09T06:06:34+00:00","description":"LDPE maisi granul\u0101m, HDPE maisi, koka granulu iepakojums, granulu maisi ar apdruku, iepakojums granul\u0101m, polietil\u0113na maisi.","breadcrumb":{"@id":"https:\/\/www.sdapakuote.lt\/lv\/produkti\/polietilena-maisini\/maisi-koka-granulam\/#breadcrumb"},"inLanguage":"lv-LV","potentialAction":[{"@type":"ReadAction","target":["https:\/\/www.sdapakuote.lt\/lv\/produkti\/polietilena-maisini\/maisi-koka-granulam\/"]}]},{"@type":"ImageObject","inLanguage":"lv-LV","@id":"https:\/\/www.sdapakuote.lt\/lv\/produkti\/polietilena-maisini\/maisi-koka-granulam\/#primaryimage","url":"https:\/\/www.sdapakuote.lt\/wp-content\/uploads\/2025\/10\/Maisai-medzio-granulems.png","contentUrl":"https:\/\/www.sdapakuote.lt\/wp-content\/uploads\/2025\/10\/Maisai-medzio-granulems.png","width":1024,"height":1024,"caption":"Mai\u0161ai med\u017eio granul\u0117ms"},{"@type":"BreadcrumbList","@id":"https:\/\/www.sdapakuote.lt\/lv\/produkti\/polietilena-maisini\/maisi-koka-granulam\/#breadcrumb","itemListElement":[{"@type":"ListItem","position":1,"name":"Home","item":"https:\/\/www.sdapakuote.lt\/lv\/"},{"@type":"ListItem","position":2,"name":"Produkti","item":"https:\/\/www.sdapakuote.lt\/lv\/produkti\/"},{"@type":"ListItem","position":3,"name":"Polietil\u0113na maisi\u0146i","item":"https:\/\/www.sdapakuote.lt\/lv\/produkti\/polietilena-maisini\/"},{"@type":"ListItem","position":4,"name":"Maisi koka granul\u0101m"}]},{"@type":"WebSite","@id":"https:\/\/www.sdapakuote.lt\/lv\/#website","url":"https:\/\/www.sdapakuote.lt\/lv\/","name":"sdapakuote.lt","description":"Kol kas tik dar vienas WordPress tinklalapis","potentialAction":[{"@type":"SearchAction","target":{"@type":"EntryPoint","urlTemplate":"https:\/\/www.sdapakuote.lt\/lv\/?s={search_term_string}"},"query-input":{"@type":"PropertyValueSpecification","valueRequired":true,"valueName":"search_term_string"}}],"inLanguage":"lv-LV"}]}},"_links":{"self":[{"href":"https:\/\/www.sdapakuote.lt\/lv\/wp-json\/wp\/v2\/pages\/4704","targetHints":{"allow":["GET"]}}],"collection":[{"href":"https:\/\/www.sdapakuote.lt\/lv\/wp-json\/wp\/v2\/pages"}],"about":[{"href":"https:\/\/www.sdapakuote.lt\/lv\/wp-json\/wp\/v2\/types\/page"}],"author":[{"embeddable":true,"href":"https:\/\/www.sdapakuote.lt\/lv\/wp-json\/wp\/v2\/users\/2"}],"replies":[{"embeddable":true,"href":"https:\/\/www.sdapakuote.lt\/lv\/wp-json\/wp\/v2\/comments?post=4704"}],"version-history":[{"count":1,"href":"https:\/\/www.sdapakuote.lt\/lv\/wp-json\/wp\/v2\/pages\/4704\/revisions"}],"predecessor-version":[{"id":4705,"href":"https:\/\/www.sdapakuote.lt\/lv\/wp-json\/wp\/v2\/pages\/4704\/revisions\/4705"}],"up":[{"embeddable":true,"href":"https:\/\/www.sdapakuote.lt\/lv\/wp-json\/wp\/v2\/pages\/4434"}],"wp:featuredmedia":[{"embeddable":true,"href":"https:\/\/www.sdapakuote.lt\/lv\/wp-json\/wp\/v2\/media\/4359"}],"wp:attachment":[{"href":"https:\/\/www.sdapakuote.lt\/lv\/wp-json\/wp\/v2\/media?parent=4704"}],"curies":[{"name":"wp","href":"https:\/\/api.w.org\/{rel}","templated":true}]}}