{"id":4701,"date":"2025-10-09T05:50:07","date_gmt":"2025-10-09T05:50:07","guid":{"rendered":"https:\/\/www.sdapakuote.lt\/?page_id=4701"},"modified":"2025-10-09T05:50:21","modified_gmt":"2025-10-09T05:50:21","slug":"atkritumu-maisini-no-parstradatas-ldpe-pleves","status":"publish","type":"page","link":"https:\/\/www.sdapakuote.lt\/lv\/produkti\/polietilena-maisini\/ldpe-maisini\/atkritumu-maisini-no-parstradatas-ldpe-pleves\/","title":{"rendered":"Atkritumu maisi\u0146i no p\u0101rstr\u0101d\u0101tas LDPE pl\u0113ves"},"content":{"rendered":"<p data-start=\"576\" data-end=\"871\"><strong data-start=\"576\" data-end=\"591\">SDA Pakuot\u0117<\/strong> pied\u0101v\u0101 da\u017e\u0101du izm\u0113ru un tilpumu <strong data-start=\"625\" data-end=\"647\">atkritumu maisi\u0146us<\/strong>, kas izgatavoti no <strong data-start=\"667\" data-end=\"707\">p\u0101rstr\u0101d\u0101tas LDPE polietil\u0113na pl\u0113ves<\/strong>.<br data-start=\"708\" data-end=\"711\" \/><br \/>\nTas ir <strong data-start=\"718\" data-end=\"777\">praktisks, iztur\u012bgs un ekolo\u0123isks iepakojuma risin\u0101jums<\/strong>, kas lieliski piem\u0113rots atkritumu sav\u0101k\u0161anai m\u0101jsaimniec\u012bb\u0101s, birojos un r\u016bpniecisk\u0101s telp\u0101s.<\/p>\n<p data-start=\"873\" data-end=\"1215\">\u0160ie <strong data-start=\"877\" data-end=\"917\">LDPE maisi\u0146i no otrreiz\u0113j\u0101 materi\u0101la<\/strong> izce\u013cas ar augstu iztur\u012bbu pret pl\u012b\u0161anu un labu herm\u0113tiskumu. Tie tiek ra\u017eoti no p\u0101rstr\u0101d\u0101tas plastmasas, t\u0101d\u0113j\u0101di pal\u012bdzot samazin\u0101t jaunas plastmasas pat\u0113ri\u0146u un pies\u0101r\u0146ojumu vid\u0113.<br data-start=\"1100\" data-end=\"1103\" \/><br \/>\nT\u0101 ir <strong data-start=\"1109\" data-end=\"1142\">ekonomiska un uzticama izv\u0113le<\/strong> uz\u0146\u0113mumiem un priv\u0101tperson\u0101m, kas v\u0113las apvienot kvalit\u0101ti ar ilgtsp\u0113ju.<\/p>\n<h3 data-start=\"1217\" data-end=\"1243\"><strong data-start=\"1221\" data-end=\"1243\">Galven\u0101s \u012bpa\u0161\u012bbas:<\/strong><\/h3>\n<ul data-start=\"1244\" data-end=\"1550\">\n<li data-start=\"1244\" data-end=\"1291\">\n<p data-start=\"1246\" data-end=\"1291\">Izgatavoti no <strong data-start=\"1260\" data-end=\"1288\">p\u0101rstr\u0101d\u0101tas LDPE pl\u0113ves<\/strong>.<\/p>\n<\/li>\n<li data-start=\"1292\" data-end=\"1345\">\n<p data-start=\"1294\" data-end=\"1345\">Iztur\u012bgi pret pl\u012b\u0161anu, mitrumu un liel\u0101m slodz\u0113m.<\/p>\n<\/li>\n<li data-start=\"1346\" data-end=\"1411\">\n<p data-start=\"1348\" data-end=\"1411\">Piem\u0113roti gan sadz\u012bves, gan r\u016bpniecisko atkritumu sav\u0101k\u0161anai.<\/p>\n<\/li>\n<li data-start=\"1412\" data-end=\"1476\">\n<p data-start=\"1414\" data-end=\"1476\">Pieejami da\u017e\u0101di izm\u0113ri \u2013 no 30 l l\u012bdz 240 l tilpuma maisiem.<\/p>\n<\/li>\n<li data-start=\"1477\" data-end=\"1550\">\n<p data-start=\"1479\" data-end=\"1550\">Herm\u0113tiski un \u0113rti lieto\u0161anai ar da\u017e\u0101d\u0101m atkritumu sav\u0101k\u0161anas sist\u0113m\u0101m.<\/p>\n<\/li>\n<\/ul>\n<h3 data-start=\"1552\" data-end=\"1624\"><strong data-start=\"1556\" data-end=\"1624\">K\u0101p\u0113c izv\u0113l\u0113ties atkritumu maisi\u0146us no p\u0101rstr\u0101d\u0101tas LDPE pl\u0113ves?<\/strong><\/h3>\n<ul data-start=\"1625\" data-end=\"1910\">\n<li data-start=\"1625\" data-end=\"1695\">\n<p data-start=\"1627\" data-end=\"1695\"><strong data-start=\"1627\" data-end=\"1656\">Ekonomiski un ilgtsp\u0113j\u012bgi<\/strong> \u2013 ra\u017eoti no p\u0101rstr\u0101d\u0101tas plastmasas.<\/p>\n<\/li>\n<li data-start=\"1696\" data-end=\"1753\">\n<p data-start=\"1698\" data-end=\"1753\"><strong data-start=\"1698\" data-end=\"1719\">Iztur\u012bgi un dro\u0161i<\/strong> \u2013 nepl\u012bst un notur lielu svaru.<\/p>\n<\/li>\n<li data-start=\"1754\" data-end=\"1827\">\n<p data-start=\"1756\" data-end=\"1827\"><strong data-start=\"1756\" data-end=\"1770\">Univers\u0101li<\/strong> \u2013 piem\u0113roti m\u0101j\u0101m, birojiem, ra\u017eo\u0161anai vai noliktav\u0101m.<\/p>\n<\/li>\n<li data-start=\"1828\" data-end=\"1910\">\n<p data-start=\"1830\" data-end=\"1910\"><strong data-start=\"1830\" data-end=\"1849\">Videi draudz\u012bgi<\/strong> \u2013 samazina plastmasas atkritumu daudzumu un ietekmi uz vidi.<\/p>\n<\/li>\n<\/ul>\n<p data-start=\"1912\" data-end=\"2132\">\u0160os <strong data-start=\"1916\" data-end=\"1938\">atkritumu maisi\u0146us<\/strong> iesp\u0113jams ieg\u0101d\u0101ties m\u016bsu <strong data-start=\"1965\" data-end=\"1986\">interneta veikal\u0101<\/strong> \u2013 noklik\u0161\u0137iniet uz saites zem\u0101k un izv\u0113lieties piem\u0113rot\u0101ko izm\u0113ru vai tilpumu j\u016bsu vajadz\u012bb\u0101m.<\/p>\n","protected":false},"excerpt":{"rendered":"<p>SDA Pakuot\u0117 pied\u0101v\u0101 da\u017e\u0101du izm\u0113ru un tilpumu atkritumu maisi\u0146us, kas izgatavoti no p\u0101rstr\u0101d\u0101tas LDPE polietil\u0113na pl\u0113ves. Tas ir praktisks, iztur\u012bgs un ekolo\u0123isks iepakojuma risin\u0101jums, kas lieliski piem\u0113rots atkritumu sav\u0101k\u0161anai m\u0101jsaimniec\u012bb\u0101s, birojos un r\u016bpniecisk\u0101s telp\u0101s. \u0160ie LDPE maisi\u0146i no otrreiz\u0113j\u0101 materi\u0101la izce\u013cas ar augstu iztur\u012bbu pret pl\u012b\u0161anu un labu herm\u0113tiskumu. Tie tiek ra\u017eoti no p\u0101rstr\u0101d\u0101tas plastmasas, [&hellip;]<\/p>\n","protected":false},"author":2,"featured_media":4702,"parent":4668,"menu_order":0,"comment_status":"closed","ping_status":"closed","template":"page-single-product.php","meta":{"_acf_changed":false,"footnotes":""},"class_list":["post-4701","page","type-page","status-publish","has-post-thumbnail","hentry"],"acf":[],"yoast_head":"<!-- This site is optimized with the Yoast SEO plugin v27.4 - https:\/\/yoast.com\/product\/yoast-seo-wordpress\/ -->\n<title>Atkritumu maisi\u0146i no p\u0101rstr\u0101d\u0101tas LDPE pl\u0113ves - sdapakuote.lt<\/title>\n<meta name=\"description\" content=\"LDPE atkritumu maisi\u0146i, p\u0101rstr\u0101d\u0101tas plastmasas maisi, ekolo\u0123iski maisi\u0146i atkritumiem, polietil\u0113na atkritumu maisi, videi draudz\u012bgs iepakojums.\" \/>\n<meta name=\"robots\" content=\"index, follow, max-snippet:-1, max-image-preview:large, max-video-preview:-1\" \/>\n<link rel=\"canonical\" href=\"https:\/\/www.sdapakuote.lt\/lv\/produkti\/polietilena-maisini\/ldpe-maisini\/atkritumu-maisini-no-parstradatas-ldpe-pleves\/\" \/>\n<meta property=\"og:locale\" content=\"lv_LV\" \/>\n<meta property=\"og:type\" content=\"article\" \/>\n<meta property=\"og:title\" content=\"Atkritumu maisi\u0146i no p\u0101rstr\u0101d\u0101tas LDPE pl\u0113ves - sdapakuote.lt\" \/>\n<meta property=\"og:description\" content=\"LDPE atkritumu maisi\u0146i, p\u0101rstr\u0101d\u0101tas plastmasas maisi, ekolo\u0123iski maisi\u0146i atkritumiem, polietil\u0113na atkritumu maisi, videi draudz\u012bgs iepakojums.\" \/>\n<meta property=\"og:url\" content=\"https:\/\/www.sdapakuote.lt\/lv\/produkti\/polietilena-maisini\/ldpe-maisini\/atkritumu-maisini-no-parstradatas-ldpe-pleves\/\" \/>\n<meta property=\"og:site_name\" content=\"sdapakuote.lt\" \/>\n<meta property=\"article:modified_time\" content=\"2025-10-09T05:50:21+00:00\" \/>\n<meta property=\"og:image\" content=\"https:\/\/www.sdapakuote.lt\/wp-content\/uploads\/2023\/06\/Maisai-siukslems.jpg\" \/>\n\t<meta property=\"og:image:width\" content=\"2138\" \/>\n\t<meta property=\"og:image:height\" content=\"1595\" \/>\n\t<meta property=\"og:image:type\" content=\"image\/jpeg\" \/>\n<meta name=\"twitter:card\" content=\"summary_large_image\" \/>\n<meta name=\"twitter:label1\" content=\"Est. reading time\" \/>\n\t<meta name=\"twitter:data1\" content=\"2 minutes\" \/>\n<script type=\"application\/ld+json\" class=\"yoast-schema-graph\">{\"@context\":\"https:\\\/\\\/schema.org\",\"@graph\":[{\"@type\":\"WebPage\",\"@id\":\"https:\\\/\\\/www.sdapakuote.lt\\\/lv\\\/produkti\\\/polietilena-maisini\\\/ldpe-maisini\\\/atkritumu-maisini-no-parstradatas-ldpe-pleves\\\/\",\"url\":\"https:\\\/\\\/www.sdapakuote.lt\\\/lv\\\/produkti\\\/polietilena-maisini\\\/ldpe-maisini\\\/atkritumu-maisini-no-parstradatas-ldpe-pleves\\\/\",\"name\":\"Atkritumu maisi\u0146i no p\u0101rstr\u0101d\u0101tas LDPE pl\u0113ves - sdapakuote.lt\",\"isPartOf\":{\"@id\":\"https:\\\/\\\/www.sdapakuote.lt\\\/lv\\\/#website\"},\"primaryImageOfPage\":{\"@id\":\"https:\\\/\\\/www.sdapakuote.lt\\\/lv\\\/produkti\\\/polietilena-maisini\\\/ldpe-maisini\\\/atkritumu-maisini-no-parstradatas-ldpe-pleves\\\/#primaryimage\"},\"image\":{\"@id\":\"https:\\\/\\\/www.sdapakuote.lt\\\/lv\\\/produkti\\\/polietilena-maisini\\\/ldpe-maisini\\\/atkritumu-maisini-no-parstradatas-ldpe-pleves\\\/#primaryimage\"},\"thumbnailUrl\":\"https:\\\/\\\/www.sdapakuote.lt\\\/wp-content\\\/uploads\\\/2023\\\/06\\\/Maisai-siukslems.jpg\",\"datePublished\":\"2025-10-09T05:50:07+00:00\",\"dateModified\":\"2025-10-09T05:50:21+00:00\",\"description\":\"LDPE atkritumu maisi\u0146i, p\u0101rstr\u0101d\u0101tas plastmasas maisi, ekolo\u0123iski maisi\u0146i atkritumiem, polietil\u0113na atkritumu maisi, videi draudz\u012bgs iepakojums.\",\"breadcrumb\":{\"@id\":\"https:\\\/\\\/www.sdapakuote.lt\\\/lv\\\/produkti\\\/polietilena-maisini\\\/ldpe-maisini\\\/atkritumu-maisini-no-parstradatas-ldpe-pleves\\\/#breadcrumb\"},\"inLanguage\":\"lv-LV\",\"potentialAction\":[{\"@type\":\"ReadAction\",\"target\":[\"https:\\\/\\\/www.sdapakuote.lt\\\/lv\\\/produkti\\\/polietilena-maisini\\\/ldpe-maisini\\\/atkritumu-maisini-no-parstradatas-ldpe-pleves\\\/\"]}]},{\"@type\":\"ImageObject\",\"inLanguage\":\"lv-LV\",\"@id\":\"https:\\\/\\\/www.sdapakuote.lt\\\/lv\\\/produkti\\\/polietilena-maisini\\\/ldpe-maisini\\\/atkritumu-maisini-no-parstradatas-ldpe-pleves\\\/#primaryimage\",\"url\":\"https:\\\/\\\/www.sdapakuote.lt\\\/wp-content\\\/uploads\\\/2023\\\/06\\\/Maisai-siukslems.jpg\",\"contentUrl\":\"https:\\\/\\\/www.sdapakuote.lt\\\/wp-content\\\/uploads\\\/2023\\\/06\\\/Maisai-siukslems.jpg\",\"width\":2138,\"height\":1595,\"caption\":\"\u0160iuk\u0161li\u0173 mai\u0161ai\"},{\"@type\":\"BreadcrumbList\",\"@id\":\"https:\\\/\\\/www.sdapakuote.lt\\\/lv\\\/produkti\\\/polietilena-maisini\\\/ldpe-maisini\\\/atkritumu-maisini-no-parstradatas-ldpe-pleves\\\/#breadcrumb\",\"itemListElement\":[{\"@type\":\"ListItem\",\"position\":1,\"name\":\"Home\",\"item\":\"https:\\\/\\\/www.sdapakuote.lt\\\/lv\\\/\"},{\"@type\":\"ListItem\",\"position\":2,\"name\":\"Produkti\",\"item\":\"https:\\\/\\\/www.sdapakuote.lt\\\/lv\\\/produkti\\\/\"},{\"@type\":\"ListItem\",\"position\":3,\"name\":\"Polietil\u0113na maisi\u0146i\",\"item\":\"https:\\\/\\\/www.sdapakuote.lt\\\/lv\\\/produkti\\\/polietilena-maisini\\\/\"},{\"@type\":\"ListItem\",\"position\":4,\"name\":\"LDPE maisi\u0146i\",\"item\":\"https:\\\/\\\/www.sdapakuote.lt\\\/lv\\\/produkti\\\/polietilena-maisini\\\/ldpe-maisini\\\/\"},{\"@type\":\"ListItem\",\"position\":5,\"name\":\"Atkritumu maisi\u0146i no p\u0101rstr\u0101d\u0101tas LDPE pl\u0113ves\"}]},{\"@type\":\"WebSite\",\"@id\":\"https:\\\/\\\/www.sdapakuote.lt\\\/lv\\\/#website\",\"url\":\"https:\\\/\\\/www.sdapakuote.lt\\\/lv\\\/\",\"name\":\"sdapakuote.lt\",\"description\":\"Kol kas tik dar vienas WordPress tinklalapis\",\"potentialAction\":[{\"@type\":\"SearchAction\",\"target\":{\"@type\":\"EntryPoint\",\"urlTemplate\":\"https:\\\/\\\/www.sdapakuote.lt\\\/lv\\\/?s={search_term_string}\"},\"query-input\":{\"@type\":\"PropertyValueSpecification\",\"valueRequired\":true,\"valueName\":\"search_term_string\"}}],\"inLanguage\":\"lv-LV\"}]}<\/script>\n<!-- \/ Yoast SEO plugin. -->","yoast_head_json":{"title":"Atkritumu maisi\u0146i no p\u0101rstr\u0101d\u0101tas LDPE pl\u0113ves - sdapakuote.lt","description":"LDPE atkritumu maisi\u0146i, p\u0101rstr\u0101d\u0101tas plastmasas maisi, ekolo\u0123iski maisi\u0146i atkritumiem, polietil\u0113na atkritumu maisi, videi draudz\u012bgs iepakojums.","robots":{"index":"index","follow":"follow","max-snippet":"max-snippet:-1","max-image-preview":"max-image-preview:large","max-video-preview":"max-video-preview:-1"},"canonical":"https:\/\/www.sdapakuote.lt\/lv\/produkti\/polietilena-maisini\/ldpe-maisini\/atkritumu-maisini-no-parstradatas-ldpe-pleves\/","og_locale":"lv_LV","og_type":"article","og_title":"Atkritumu maisi\u0146i no p\u0101rstr\u0101d\u0101tas LDPE pl\u0113ves - sdapakuote.lt","og_description":"LDPE atkritumu maisi\u0146i, p\u0101rstr\u0101d\u0101tas plastmasas maisi, ekolo\u0123iski maisi\u0146i atkritumiem, polietil\u0113na atkritumu maisi, videi draudz\u012bgs iepakojums.","og_url":"https:\/\/www.sdapakuote.lt\/lv\/produkti\/polietilena-maisini\/ldpe-maisini\/atkritumu-maisini-no-parstradatas-ldpe-pleves\/","og_site_name":"sdapakuote.lt","article_modified_time":"2025-10-09T05:50:21+00:00","og_image":[{"width":2138,"height":1595,"url":"https:\/\/www.sdapakuote.lt\/wp-content\/uploads\/2023\/06\/Maisai-siukslems.jpg","type":"image\/jpeg"}],"twitter_card":"summary_large_image","twitter_misc":{"Est. reading time":"2 minutes"},"schema":{"@context":"https:\/\/schema.org","@graph":[{"@type":"WebPage","@id":"https:\/\/www.sdapakuote.lt\/lv\/produkti\/polietilena-maisini\/ldpe-maisini\/atkritumu-maisini-no-parstradatas-ldpe-pleves\/","url":"https:\/\/www.sdapakuote.lt\/lv\/produkti\/polietilena-maisini\/ldpe-maisini\/atkritumu-maisini-no-parstradatas-ldpe-pleves\/","name":"Atkritumu maisi\u0146i no p\u0101rstr\u0101d\u0101tas LDPE pl\u0113ves - sdapakuote.lt","isPartOf":{"@id":"https:\/\/www.sdapakuote.lt\/lv\/#website"},"primaryImageOfPage":{"@id":"https:\/\/www.sdapakuote.lt\/lv\/produkti\/polietilena-maisini\/ldpe-maisini\/atkritumu-maisini-no-parstradatas-ldpe-pleves\/#primaryimage"},"image":{"@id":"https:\/\/www.sdapakuote.lt\/lv\/produkti\/polietilena-maisini\/ldpe-maisini\/atkritumu-maisini-no-parstradatas-ldpe-pleves\/#primaryimage"},"thumbnailUrl":"https:\/\/www.sdapakuote.lt\/wp-content\/uploads\/2023\/06\/Maisai-siukslems.jpg","datePublished":"2025-10-09T05:50:07+00:00","dateModified":"2025-10-09T05:50:21+00:00","description":"LDPE atkritumu maisi\u0146i, p\u0101rstr\u0101d\u0101tas plastmasas maisi, ekolo\u0123iski maisi\u0146i atkritumiem, polietil\u0113na atkritumu maisi, videi draudz\u012bgs iepakojums.","breadcrumb":{"@id":"https:\/\/www.sdapakuote.lt\/lv\/produkti\/polietilena-maisini\/ldpe-maisini\/atkritumu-maisini-no-parstradatas-ldpe-pleves\/#breadcrumb"},"inLanguage":"lv-LV","potentialAction":[{"@type":"ReadAction","target":["https:\/\/www.sdapakuote.lt\/lv\/produkti\/polietilena-maisini\/ldpe-maisini\/atkritumu-maisini-no-parstradatas-ldpe-pleves\/"]}]},{"@type":"ImageObject","inLanguage":"lv-LV","@id":"https:\/\/www.sdapakuote.lt\/lv\/produkti\/polietilena-maisini\/ldpe-maisini\/atkritumu-maisini-no-parstradatas-ldpe-pleves\/#primaryimage","url":"https:\/\/www.sdapakuote.lt\/wp-content\/uploads\/2023\/06\/Maisai-siukslems.jpg","contentUrl":"https:\/\/www.sdapakuote.lt\/wp-content\/uploads\/2023\/06\/Maisai-siukslems.jpg","width":2138,"height":1595,"caption":"\u0160iuk\u0161li\u0173 mai\u0161ai"},{"@type":"BreadcrumbList","@id":"https:\/\/www.sdapakuote.lt\/lv\/produkti\/polietilena-maisini\/ldpe-maisini\/atkritumu-maisini-no-parstradatas-ldpe-pleves\/#breadcrumb","itemListElement":[{"@type":"ListItem","position":1,"name":"Home","item":"https:\/\/www.sdapakuote.lt\/lv\/"},{"@type":"ListItem","position":2,"name":"Produkti","item":"https:\/\/www.sdapakuote.lt\/lv\/produkti\/"},{"@type":"ListItem","position":3,"name":"Polietil\u0113na maisi\u0146i","item":"https:\/\/www.sdapakuote.lt\/lv\/produkti\/polietilena-maisini\/"},{"@type":"ListItem","position":4,"name":"LDPE maisi\u0146i","item":"https:\/\/www.sdapakuote.lt\/lv\/produkti\/polietilena-maisini\/ldpe-maisini\/"},{"@type":"ListItem","position":5,"name":"Atkritumu maisi\u0146i no p\u0101rstr\u0101d\u0101tas LDPE pl\u0113ves"}]},{"@type":"WebSite","@id":"https:\/\/www.sdapakuote.lt\/lv\/#website","url":"https:\/\/www.sdapakuote.lt\/lv\/","name":"sdapakuote.lt","description":"Kol kas tik dar vienas WordPress tinklalapis","potentialAction":[{"@type":"SearchAction","target":{"@type":"EntryPoint","urlTemplate":"https:\/\/www.sdapakuote.lt\/lv\/?s={search_term_string}"},"query-input":{"@type":"PropertyValueSpecification","valueRequired":true,"valueName":"search_term_string"}}],"inLanguage":"lv-LV"}]}},"_links":{"self":[{"href":"https:\/\/www.sdapakuote.lt\/lv\/wp-json\/wp\/v2\/pages\/4701","targetHints":{"allow":["GET"]}}],"collection":[{"href":"https:\/\/www.sdapakuote.lt\/lv\/wp-json\/wp\/v2\/pages"}],"about":[{"href":"https:\/\/www.sdapakuote.lt\/lv\/wp-json\/wp\/v2\/types\/page"}],"author":[{"embeddable":true,"href":"https:\/\/www.sdapakuote.lt\/lv\/wp-json\/wp\/v2\/users\/2"}],"replies":[{"embeddable":true,"href":"https:\/\/www.sdapakuote.lt\/lv\/wp-json\/wp\/v2\/comments?post=4701"}],"version-history":[{"count":1,"href":"https:\/\/www.sdapakuote.lt\/lv\/wp-json\/wp\/v2\/pages\/4701\/revisions"}],"predecessor-version":[{"id":4703,"href":"https:\/\/www.sdapakuote.lt\/lv\/wp-json\/wp\/v2\/pages\/4701\/revisions\/4703"}],"up":[{"embeddable":true,"href":"https:\/\/www.sdapakuote.lt\/lv\/wp-json\/wp\/v2\/pages\/4668"}],"wp:featuredmedia":[{"embeddable":true,"href":"https:\/\/www.sdapakuote.lt\/lv\/wp-json\/wp\/v2\/media\/4702"}],"wp:attachment":[{"href":"https:\/\/www.sdapakuote.lt\/lv\/wp-json\/wp\/v2\/media?parent=4701"}],"curies":[{"name":"wp","href":"https:\/\/api.w.org\/{rel}","templated":true}]}}