{"id":4695,"date":"2025-10-09T05:45:59","date_gmt":"2025-10-09T05:45:59","guid":{"rendered":"https:\/\/www.sdapakuote.lt\/?page_id=4695"},"modified":"2025-10-09T05:46:15","modified_gmt":"2025-10-09T05:46:15","slug":"maisini-no-parstradata-ldpe","status":"publish","type":"page","link":"https:\/\/www.sdapakuote.lt\/lv\/produkti\/polietilena-maisini\/ldpe-maisini\/maisini-no-parstradata-ldpe\/","title":{"rendered":"Maisi\u0146i no p\u0101rstr\u0101d\u0101ta LDPE"},"content":{"rendered":"<p data-start=\"512\" data-end=\"714\"><strong data-start=\"512\" data-end=\"527\">SDA Pakuot\u0117<\/strong> ra\u017eo da\u017e\u0101du izm\u0113ru un kr\u0101su <strong data-start=\"556\" data-end=\"611\">maisi\u0146us no p\u0101rstr\u0101d\u0101ta (otrreiz\u0113ja) LDPE materi\u0101la<\/strong>.<br data-start=\"612\" data-end=\"615\" \/><br \/>\n\u0160ie maisi\u0146i ir iztur\u012bgs un uzticams iepakojuma risin\u0101jums, kas paredz\u0113ts <strong data-start=\"688\" data-end=\"713\">nep\u0101rtikas produktiem<\/strong>.<\/p>\n<h3 data-start=\"716\" data-end=\"733\"><strong data-start=\"720\" data-end=\"733\">Iesp\u0113jas:<\/strong><\/h3>\n<ul data-start=\"734\" data-end=\"981\">\n<li data-start=\"734\" data-end=\"796\">\n<p data-start=\"736\" data-end=\"796\">maisi\u0146i var b\u016bt caursp\u012bd\u012bgi vai izgatavoti da\u017e\u0101d\u0101s kr\u0101s\u0101s,<\/p>\n<\/li>\n<li data-start=\"797\" data-end=\"867\">\n<p data-start=\"799\" data-end=\"867\">iesp\u0113jams izgatavot ar pa\u0161l\u012bm\u0113jo\u0161u joslu aizl\u012bm\u0113\u0161anai vai bez t\u0101s,<\/p>\n<\/li>\n<li data-start=\"868\" data-end=\"981\">\n<p data-start=\"870\" data-end=\"981\">visi tehniskie parametri \u2013 iztur\u012bba, biezums un elast\u012bba \u2013 ir t\u0101di pa\u0161i k\u0101 maisi\u0146iem no prim\u0101r\u0101 LDPE materi\u0101la.<\/p>\n<\/li>\n<\/ul>\n<h3 data-start=\"983\" data-end=\"1005\"><strong data-start=\"987\" data-end=\"1005\">Svar\u012bgi zin\u0101t:<\/strong><\/h3>\n<p data-start=\"1006\" data-end=\"1314\">\u0160is produkts <strong data-start=\"1019\" data-end=\"1055\">nav paredz\u0113ts saskar\u0113 ar p\u0101rtiku<\/strong>, ta\u010du ir lieliska izv\u0113le <strong data-start=\"1081\" data-end=\"1131\">tehnisk\u0101m, noliktavas un lo\u0123istikas vajadz\u012bb\u0101m<\/strong>.<br data-start=\"1132\" data-end=\"1135\" \/><br \/>\nMaisi\u0146i no p\u0101rstr\u0101d\u0101ta LDPE ir <strong data-start=\"1166\" data-end=\"1232\">ekonomisks, videi draudz\u012bgs un praktisks iepakojuma risin\u0101jums<\/strong>, kas pal\u012bdz samazin\u0101t plastmasas pat\u0113ri\u0146u un atbalsta ilgtsp\u0113j\u012bgu uz\u0146\u0113m\u0113jdarb\u012bbu.<\/p>\n","protected":false},"excerpt":{"rendered":"<p>SDA Pakuot\u0117 ra\u017eo da\u017e\u0101du izm\u0113ru un kr\u0101su maisi\u0146us no p\u0101rstr\u0101d\u0101ta (otrreiz\u0113ja) LDPE materi\u0101la. \u0160ie maisi\u0146i ir iztur\u012bgs un uzticams iepakojuma risin\u0101jums, kas paredz\u0113ts nep\u0101rtikas produktiem. Iesp\u0113jas: maisi\u0146i var b\u016bt caursp\u012bd\u012bgi vai izgatavoti da\u017e\u0101d\u0101s kr\u0101s\u0101s, iesp\u0113jams izgatavot ar pa\u0161l\u012bm\u0113jo\u0161u joslu aizl\u012bm\u0113\u0161anai vai bez t\u0101s, visi tehniskie parametri \u2013 iztur\u012bba, biezums un elast\u012bba \u2013 ir t\u0101di pa\u0161i [&hellip;]<\/p>\n","protected":false},"author":2,"featured_media":4696,"parent":4668,"menu_order":0,"comment_status":"closed","ping_status":"closed","template":"page-single-product.php","meta":{"_acf_changed":false,"footnotes":""},"class_list":["post-4695","page","type-page","status-publish","has-post-thumbnail","hentry"],"acf":[],"yoast_head":"<!-- This site is optimized with the Yoast SEO plugin v27.4 - https:\/\/yoast.com\/product\/yoast-seo-wordpress\/ -->\n<title>Maisi\u0146i no p\u0101rstr\u0101d\u0101ta LDPE - sdapakuote.lt<\/title>\n<meta name=\"description\" content=\"Maisi\u0146i no p\u0101rstr\u0101d\u0101ta LDPE \u2013 ekonomisks un videi draudz\u012bgs iepakojums nep\u0101rtikas produktiem. Pieejami da\u017e\u0101di izm\u0113ri, kr\u0101sas un ar l\u012bmlentes aizdari.\" \/>\n<meta name=\"robots\" content=\"index, follow, max-snippet:-1, max-image-preview:large, max-video-preview:-1\" \/>\n<link rel=\"canonical\" href=\"https:\/\/www.sdapakuote.lt\/lv\/produkti\/polietilena-maisini\/ldpe-maisini\/maisini-no-parstradata-ldpe\/\" \/>\n<meta property=\"og:locale\" content=\"lv_LV\" \/>\n<meta property=\"og:type\" content=\"article\" \/>\n<meta property=\"og:title\" content=\"Maisi\u0146i no p\u0101rstr\u0101d\u0101ta LDPE - sdapakuote.lt\" \/>\n<meta property=\"og:description\" content=\"Maisi\u0146i no p\u0101rstr\u0101d\u0101ta LDPE \u2013 ekonomisks un videi draudz\u012bgs iepakojums nep\u0101rtikas produktiem. Pieejami da\u017e\u0101di izm\u0113ri, kr\u0101sas un ar l\u012bmlentes aizdari.\" \/>\n<meta property=\"og:url\" content=\"https:\/\/www.sdapakuote.lt\/lv\/produkti\/polietilena-maisini\/ldpe-maisini\/maisini-no-parstradata-ldpe\/\" \/>\n<meta property=\"og:site_name\" content=\"sdapakuote.lt\" \/>\n<meta property=\"article:modified_time\" content=\"2025-10-09T05:46:15+00:00\" \/>\n<meta property=\"og:image\" content=\"https:\/\/www.sdapakuote.lt\/wp-content\/uploads\/2022\/03\/perdirbtos-medziagos-maiseliai-scaled.jpg\" \/>\n\t<meta property=\"og:image:width\" content=\"2560\" \/>\n\t<meta property=\"og:image:height\" content=\"1481\" \/>\n\t<meta property=\"og:image:type\" content=\"image\/jpeg\" \/>\n<meta name=\"twitter:card\" content=\"summary_large_image\" \/>\n<meta name=\"twitter:label1\" content=\"Est. reading time\" \/>\n\t<meta name=\"twitter:data1\" content=\"1 minute\" \/>\n<script type=\"application\/ld+json\" class=\"yoast-schema-graph\">{\"@context\":\"https:\\\/\\\/schema.org\",\"@graph\":[{\"@type\":\"WebPage\",\"@id\":\"https:\\\/\\\/www.sdapakuote.lt\\\/lv\\\/produkti\\\/polietilena-maisini\\\/ldpe-maisini\\\/maisini-no-parstradata-ldpe\\\/\",\"url\":\"https:\\\/\\\/www.sdapakuote.lt\\\/lv\\\/produkti\\\/polietilena-maisini\\\/ldpe-maisini\\\/maisini-no-parstradata-ldpe\\\/\",\"name\":\"Maisi\u0146i no p\u0101rstr\u0101d\u0101ta LDPE - sdapakuote.lt\",\"isPartOf\":{\"@id\":\"https:\\\/\\\/www.sdapakuote.lt\\\/lv\\\/#website\"},\"primaryImageOfPage\":{\"@id\":\"https:\\\/\\\/www.sdapakuote.lt\\\/lv\\\/produkti\\\/polietilena-maisini\\\/ldpe-maisini\\\/maisini-no-parstradata-ldpe\\\/#primaryimage\"},\"image\":{\"@id\":\"https:\\\/\\\/www.sdapakuote.lt\\\/lv\\\/produkti\\\/polietilena-maisini\\\/ldpe-maisini\\\/maisini-no-parstradata-ldpe\\\/#primaryimage\"},\"thumbnailUrl\":\"https:\\\/\\\/www.sdapakuote.lt\\\/wp-content\\\/uploads\\\/2022\\\/03\\\/perdirbtos-medziagos-maiseliai-scaled.jpg\",\"datePublished\":\"2025-10-09T05:45:59+00:00\",\"dateModified\":\"2025-10-09T05:46:15+00:00\",\"description\":\"Maisi\u0146i no p\u0101rstr\u0101d\u0101ta LDPE \u2013 ekonomisks un videi draudz\u012bgs iepakojums nep\u0101rtikas produktiem. Pieejami da\u017e\u0101di izm\u0113ri, kr\u0101sas un ar l\u012bmlentes aizdari.\",\"breadcrumb\":{\"@id\":\"https:\\\/\\\/www.sdapakuote.lt\\\/lv\\\/produkti\\\/polietilena-maisini\\\/ldpe-maisini\\\/maisini-no-parstradata-ldpe\\\/#breadcrumb\"},\"inLanguage\":\"lv-LV\",\"potentialAction\":[{\"@type\":\"ReadAction\",\"target\":[\"https:\\\/\\\/www.sdapakuote.lt\\\/lv\\\/produkti\\\/polietilena-maisini\\\/ldpe-maisini\\\/maisini-no-parstradata-ldpe\\\/\"]}]},{\"@type\":\"ImageObject\",\"inLanguage\":\"lv-LV\",\"@id\":\"https:\\\/\\\/www.sdapakuote.lt\\\/lv\\\/produkti\\\/polietilena-maisini\\\/ldpe-maisini\\\/maisini-no-parstradata-ldpe\\\/#primaryimage\",\"url\":\"https:\\\/\\\/www.sdapakuote.lt\\\/wp-content\\\/uploads\\\/2022\\\/03\\\/perdirbtos-medziagos-maiseliai-scaled.jpg\",\"contentUrl\":\"https:\\\/\\\/www.sdapakuote.lt\\\/wp-content\\\/uploads\\\/2022\\\/03\\\/perdirbtos-medziagos-maiseliai-scaled.jpg\",\"width\":2560,\"height\":1481,\"caption\":\"Perdirbtos med\u017eiagos mai\u0161ai\"},{\"@type\":\"BreadcrumbList\",\"@id\":\"https:\\\/\\\/www.sdapakuote.lt\\\/lv\\\/produkti\\\/polietilena-maisini\\\/ldpe-maisini\\\/maisini-no-parstradata-ldpe\\\/#breadcrumb\",\"itemListElement\":[{\"@type\":\"ListItem\",\"position\":1,\"name\":\"Home\",\"item\":\"https:\\\/\\\/www.sdapakuote.lt\\\/lv\\\/\"},{\"@type\":\"ListItem\",\"position\":2,\"name\":\"Produkti\",\"item\":\"https:\\\/\\\/www.sdapakuote.lt\\\/lv\\\/produkti\\\/\"},{\"@type\":\"ListItem\",\"position\":3,\"name\":\"Polietil\u0113na maisi\u0146i\",\"item\":\"https:\\\/\\\/www.sdapakuote.lt\\\/lv\\\/produkti\\\/polietilena-maisini\\\/\"},{\"@type\":\"ListItem\",\"position\":4,\"name\":\"LDPE maisi\u0146i\",\"item\":\"https:\\\/\\\/www.sdapakuote.lt\\\/lv\\\/produkti\\\/polietilena-maisini\\\/ldpe-maisini\\\/\"},{\"@type\":\"ListItem\",\"position\":5,\"name\":\"Maisi\u0146i no p\u0101rstr\u0101d\u0101ta LDPE\"}]},{\"@type\":\"WebSite\",\"@id\":\"https:\\\/\\\/www.sdapakuote.lt\\\/lv\\\/#website\",\"url\":\"https:\\\/\\\/www.sdapakuote.lt\\\/lv\\\/\",\"name\":\"sdapakuote.lt\",\"description\":\"Kol kas tik dar vienas WordPress tinklalapis\",\"potentialAction\":[{\"@type\":\"SearchAction\",\"target\":{\"@type\":\"EntryPoint\",\"urlTemplate\":\"https:\\\/\\\/www.sdapakuote.lt\\\/lv\\\/?s={search_term_string}\"},\"query-input\":{\"@type\":\"PropertyValueSpecification\",\"valueRequired\":true,\"valueName\":\"search_term_string\"}}],\"inLanguage\":\"lv-LV\"}]}<\/script>\n<!-- \/ Yoast SEO plugin. -->","yoast_head_json":{"title":"Maisi\u0146i no p\u0101rstr\u0101d\u0101ta LDPE - sdapakuote.lt","description":"Maisi\u0146i no p\u0101rstr\u0101d\u0101ta LDPE \u2013 ekonomisks un videi draudz\u012bgs iepakojums nep\u0101rtikas produktiem. Pieejami da\u017e\u0101di izm\u0113ri, kr\u0101sas un ar l\u012bmlentes aizdari.","robots":{"index":"index","follow":"follow","max-snippet":"max-snippet:-1","max-image-preview":"max-image-preview:large","max-video-preview":"max-video-preview:-1"},"canonical":"https:\/\/www.sdapakuote.lt\/lv\/produkti\/polietilena-maisini\/ldpe-maisini\/maisini-no-parstradata-ldpe\/","og_locale":"lv_LV","og_type":"article","og_title":"Maisi\u0146i no p\u0101rstr\u0101d\u0101ta LDPE - sdapakuote.lt","og_description":"Maisi\u0146i no p\u0101rstr\u0101d\u0101ta LDPE \u2013 ekonomisks un videi draudz\u012bgs iepakojums nep\u0101rtikas produktiem. Pieejami da\u017e\u0101di izm\u0113ri, kr\u0101sas un ar l\u012bmlentes aizdari.","og_url":"https:\/\/www.sdapakuote.lt\/lv\/produkti\/polietilena-maisini\/ldpe-maisini\/maisini-no-parstradata-ldpe\/","og_site_name":"sdapakuote.lt","article_modified_time":"2025-10-09T05:46:15+00:00","og_image":[{"width":2560,"height":1481,"url":"https:\/\/www.sdapakuote.lt\/wp-content\/uploads\/2022\/03\/perdirbtos-medziagos-maiseliai-scaled.jpg","type":"image\/jpeg"}],"twitter_card":"summary_large_image","twitter_misc":{"Est. reading time":"1 minute"},"schema":{"@context":"https:\/\/schema.org","@graph":[{"@type":"WebPage","@id":"https:\/\/www.sdapakuote.lt\/lv\/produkti\/polietilena-maisini\/ldpe-maisini\/maisini-no-parstradata-ldpe\/","url":"https:\/\/www.sdapakuote.lt\/lv\/produkti\/polietilena-maisini\/ldpe-maisini\/maisini-no-parstradata-ldpe\/","name":"Maisi\u0146i no p\u0101rstr\u0101d\u0101ta LDPE - sdapakuote.lt","isPartOf":{"@id":"https:\/\/www.sdapakuote.lt\/lv\/#website"},"primaryImageOfPage":{"@id":"https:\/\/www.sdapakuote.lt\/lv\/produkti\/polietilena-maisini\/ldpe-maisini\/maisini-no-parstradata-ldpe\/#primaryimage"},"image":{"@id":"https:\/\/www.sdapakuote.lt\/lv\/produkti\/polietilena-maisini\/ldpe-maisini\/maisini-no-parstradata-ldpe\/#primaryimage"},"thumbnailUrl":"https:\/\/www.sdapakuote.lt\/wp-content\/uploads\/2022\/03\/perdirbtos-medziagos-maiseliai-scaled.jpg","datePublished":"2025-10-09T05:45:59+00:00","dateModified":"2025-10-09T05:46:15+00:00","description":"Maisi\u0146i no p\u0101rstr\u0101d\u0101ta LDPE \u2013 ekonomisks un videi draudz\u012bgs iepakojums nep\u0101rtikas produktiem. Pieejami da\u017e\u0101di izm\u0113ri, kr\u0101sas un ar l\u012bmlentes aizdari.","breadcrumb":{"@id":"https:\/\/www.sdapakuote.lt\/lv\/produkti\/polietilena-maisini\/ldpe-maisini\/maisini-no-parstradata-ldpe\/#breadcrumb"},"inLanguage":"lv-LV","potentialAction":[{"@type":"ReadAction","target":["https:\/\/www.sdapakuote.lt\/lv\/produkti\/polietilena-maisini\/ldpe-maisini\/maisini-no-parstradata-ldpe\/"]}]},{"@type":"ImageObject","inLanguage":"lv-LV","@id":"https:\/\/www.sdapakuote.lt\/lv\/produkti\/polietilena-maisini\/ldpe-maisini\/maisini-no-parstradata-ldpe\/#primaryimage","url":"https:\/\/www.sdapakuote.lt\/wp-content\/uploads\/2022\/03\/perdirbtos-medziagos-maiseliai-scaled.jpg","contentUrl":"https:\/\/www.sdapakuote.lt\/wp-content\/uploads\/2022\/03\/perdirbtos-medziagos-maiseliai-scaled.jpg","width":2560,"height":1481,"caption":"Perdirbtos med\u017eiagos mai\u0161ai"},{"@type":"BreadcrumbList","@id":"https:\/\/www.sdapakuote.lt\/lv\/produkti\/polietilena-maisini\/ldpe-maisini\/maisini-no-parstradata-ldpe\/#breadcrumb","itemListElement":[{"@type":"ListItem","position":1,"name":"Home","item":"https:\/\/www.sdapakuote.lt\/lv\/"},{"@type":"ListItem","position":2,"name":"Produkti","item":"https:\/\/www.sdapakuote.lt\/lv\/produkti\/"},{"@type":"ListItem","position":3,"name":"Polietil\u0113na maisi\u0146i","item":"https:\/\/www.sdapakuote.lt\/lv\/produkti\/polietilena-maisini\/"},{"@type":"ListItem","position":4,"name":"LDPE maisi\u0146i","item":"https:\/\/www.sdapakuote.lt\/lv\/produkti\/polietilena-maisini\/ldpe-maisini\/"},{"@type":"ListItem","position":5,"name":"Maisi\u0146i no p\u0101rstr\u0101d\u0101ta LDPE"}]},{"@type":"WebSite","@id":"https:\/\/www.sdapakuote.lt\/lv\/#website","url":"https:\/\/www.sdapakuote.lt\/lv\/","name":"sdapakuote.lt","description":"Kol kas tik dar vienas WordPress tinklalapis","potentialAction":[{"@type":"SearchAction","target":{"@type":"EntryPoint","urlTemplate":"https:\/\/www.sdapakuote.lt\/lv\/?s={search_term_string}"},"query-input":{"@type":"PropertyValueSpecification","valueRequired":true,"valueName":"search_term_string"}}],"inLanguage":"lv-LV"}]}},"_links":{"self":[{"href":"https:\/\/www.sdapakuote.lt\/lv\/wp-json\/wp\/v2\/pages\/4695","targetHints":{"allow":["GET"]}}],"collection":[{"href":"https:\/\/www.sdapakuote.lt\/lv\/wp-json\/wp\/v2\/pages"}],"about":[{"href":"https:\/\/www.sdapakuote.lt\/lv\/wp-json\/wp\/v2\/types\/page"}],"author":[{"embeddable":true,"href":"https:\/\/www.sdapakuote.lt\/lv\/wp-json\/wp\/v2\/users\/2"}],"replies":[{"embeddable":true,"href":"https:\/\/www.sdapakuote.lt\/lv\/wp-json\/wp\/v2\/comments?post=4695"}],"version-history":[{"count":1,"href":"https:\/\/www.sdapakuote.lt\/lv\/wp-json\/wp\/v2\/pages\/4695\/revisions"}],"predecessor-version":[{"id":4697,"href":"https:\/\/www.sdapakuote.lt\/lv\/wp-json\/wp\/v2\/pages\/4695\/revisions\/4697"}],"up":[{"embeddable":true,"href":"https:\/\/www.sdapakuote.lt\/lv\/wp-json\/wp\/v2\/pages\/4668"}],"wp:featuredmedia":[{"embeddable":true,"href":"https:\/\/www.sdapakuote.lt\/lv\/wp-json\/wp\/v2\/media\/4696"}],"wp:attachment":[{"href":"https:\/\/www.sdapakuote.lt\/lv\/wp-json\/wp\/v2\/media?parent=4695"}],"curies":[{"name":"wp","href":"https:\/\/api.w.org\/{rel}","templated":true}]}}