{"id":4688,"date":"2025-10-09T05:41:07","date_gmt":"2025-10-09T05:41:07","guid":{"rendered":"https:\/\/www.sdapakuote.lt\/?page_id=4688"},"modified":"2025-10-09T05:41:15","modified_gmt":"2025-10-09T05:41:15","slug":"maisini-ar-izgrieztu-rokturi","status":"publish","type":"page","link":"https:\/\/www.sdapakuote.lt\/lv\/produkti\/polietilena-maisini\/ldpe-maisini\/maisini-ar-izgrieztu-rokturi\/","title":{"rendered":"Maisi\u0146i ar izgrieztu rokturi"},"content":{"rendered":"<p data-start=\"342\" data-end=\"607\"><strong data-start=\"342\" data-end=\"357\">SDA Pakuot\u0117<\/strong> pied\u0101v\u0101 da\u017e\u0101du izm\u0113ru un biezumu <strong data-start=\"391\" data-end=\"424\">maisi\u0146us ar izgrieztu rokturi<\/strong>, kas ir \u012bpa\u0161i popul\u0101ri mazumtirdzniec\u012bb\u0101.<br data-start=\"466\" data-end=\"469\" \/><br \/>\nOv\u0101las formas rokturis, kur\u0101 \u0113rti ietilpst \u010detri pirksti, nodro\u0161ina komfortu klientam, savuk\u0101rt pa\u0161i maisi\u0146i ir iztur\u012bgi un \u0113rti n\u0113s\u0101jami.<\/p>\n<h3 data-start=\"609\" data-end=\"654\"><strong data-start=\"613\" data-end=\"654\">\u0160ie maisi\u0146i visbie\u017e\u0101k tiek izmantoti:<\/strong><\/h3>\n<ul data-start=\"655\" data-end=\"827\">\n<li data-start=\"655\" data-end=\"709\">\n<p data-start=\"657\" data-end=\"709\">ap\u0123\u0113rbu, apavu, bi\u017eut\u0113rijas un d\u0101vanu iepako\u0161anai,<\/p>\n<\/li>\n<li data-start=\"710\" data-end=\"751\">\n<p data-start=\"712\" data-end=\"751\">kafijas, t\u0113jas un gar\u0161vielu veikalos,<\/p>\n<\/li>\n<li data-start=\"752\" data-end=\"827\">\n<p data-start=\"754\" data-end=\"827\">specializ\u0113t\u0101s tirdzniec\u012bbas viet\u0101s, kur svar\u012bgs gan \u0113rtums, gan est\u0113tika.<\/p>\n<\/li>\n<\/ul>\n<h3 data-start=\"829\" data-end=\"869\"><strong data-start=\"833\" data-end=\"869\">Ra\u017eo\u0161an\u0101 izmantojamie materi\u0101li:<\/strong><\/h3>\n<ul data-start=\"870\" data-end=\"1024\">\n<li data-start=\"870\" data-end=\"942\">\n<p data-start=\"872\" data-end=\"942\"><strong data-start=\"872\" data-end=\"900\">Prim\u0101rais LDPE materi\u0101ls<\/strong> \u2013 caursp\u012bd\u012bg\u0101ki un est\u0113tisk\u0101ki maisi\u0146i,<\/p>\n<\/li>\n<li data-start=\"943\" data-end=\"1024\">\n<p data-start=\"945\" data-end=\"1024\"><strong data-start=\"945\" data-end=\"976\">Otrreiz\u0113jais LDPE materi\u0101ls<\/strong> \u2013 ekonomisk\u0101ks un videi draudz\u012bg\u0101ks risin\u0101jums.<\/p>\n<\/li>\n<\/ul>\n<p data-start=\"1026\" data-end=\"1228\">Atkar\u012bb\u0101 no izv\u0113l\u0113t\u0101s pl\u0113ves biezuma un tipa, maisi\u0146i var b\u016bt <strong data-start=\"1088\" data-end=\"1132\">puscaursp\u012bd\u012bgi vai piln\u012bb\u0101 necaursp\u012bd\u012bgi<\/strong>.<br data-start=\"1133\" data-end=\"1136\" \/><br \/>\nStandarta kr\u0101sa \u2013 <strong data-start=\"1154\" data-end=\"1163\">balta<\/strong>, ta\u010du p\u0113c pas\u016bt\u012bjuma pied\u0101v\u0101jam ar\u012b citas kr\u0101sas un risin\u0101jumus.<\/p>\n<h3 data-start=\"1230\" data-end=\"1262\"><strong data-start=\"1234\" data-end=\"1262\">Druka un personaliz\u0101cija<\/strong><\/h3>\n<p data-start=\"1263\" data-end=\"1586\">Pied\u0101v\u0101jam iesp\u0113ju izgatavot <strong data-start=\"1292\" data-end=\"1359\">maisi\u0146us ar j\u016bsu uz\u0146\u0113muma logotipu, apdruku vai rekl\u0101mas tekstu<\/strong>, k\u0101 ar\u012b bez t\u0101s.<br data-start=\"1376\" data-end=\"1379\" \/><br \/>\nT\u0101 ir praktiska iepakojuma izv\u0113le, kas vienlaikus kalpo k\u0101 efekt\u012bvs <strong data-start=\"1447\" data-end=\"1476\">j\u016bsu z\u012bmola rekl\u0101mas r\u012bks<\/strong>.<br data-start=\"1477\" data-end=\"1480\" \/><br \/>\n\ud83d\udc49 <a class=\"decorated-link\" href=\"https:\/\/www.sdapakuote.lt\/lv\/pakalpojumi\/polietilena-iepakojums-ar-apdruku\/\" target=\"_new\" rel=\"noopener\" data-start=\"1483\" data-end=\"1586\">Polietil\u0113na iepakojums ar apdruku<\/a><\/p>\n","protected":false},"excerpt":{"rendered":"<p>SDA Pakuot\u0117 pied\u0101v\u0101 da\u017e\u0101du izm\u0113ru un biezumu maisi\u0146us ar izgrieztu rokturi, kas ir \u012bpa\u0161i popul\u0101ri mazumtirdzniec\u012bb\u0101. Ov\u0101las formas rokturis, kur\u0101 \u0113rti ietilpst \u010detri pirksti, nodro\u0161ina komfortu klientam, savuk\u0101rt pa\u0161i maisi\u0146i ir iztur\u012bgi un \u0113rti n\u0113s\u0101jami. \u0160ie maisi\u0146i visbie\u017e\u0101k tiek izmantoti: ap\u0123\u0113rbu, apavu, bi\u017eut\u0113rijas un d\u0101vanu iepako\u0161anai, kafijas, t\u0113jas un gar\u0161vielu veikalos, specializ\u0113t\u0101s tirdzniec\u012bbas viet\u0101s, kur [&hellip;]<\/p>\n","protected":false},"author":2,"featured_media":3732,"parent":4668,"menu_order":0,"comment_status":"closed","ping_status":"closed","template":"page-single-product.php","meta":{"_acf_changed":false,"footnotes":""},"class_list":["post-4688","page","type-page","status-publish","has-post-thumbnail","hentry"],"acf":[],"yoast_head":"<!-- This site is optimized with the Yoast SEO plugin v27.4 - https:\/\/yoast.com\/product\/yoast-seo-wordpress\/ -->\n<title>Maisi\u0146i ar izgrieztu rokturi - sdapakuote.lt<\/title>\n<meta name=\"description\" content=\"Maisi\u0146i ar izgrieztu rokturi \u2013 \u0113rts un est\u0113tisks iepakojums ap\u0123\u0113rbiem, d\u0101van\u0101m un prec\u0113m. Pieejami da\u017e\u0101di izm\u0113ri, biezumi un iesp\u0113ja druk\u0101t logotipu.\" \/>\n<meta name=\"robots\" content=\"index, follow, max-snippet:-1, max-image-preview:large, max-video-preview:-1\" \/>\n<link rel=\"canonical\" href=\"https:\/\/www.sdapakuote.lt\/lv\/produkti\/polietilena-maisini\/ldpe-maisini\/maisini-ar-izgrieztu-rokturi\/\" \/>\n<meta property=\"og:locale\" content=\"lv_LV\" \/>\n<meta property=\"og:type\" content=\"article\" \/>\n<meta property=\"og:title\" content=\"Maisi\u0146i ar izgrieztu rokturi - sdapakuote.lt\" \/>\n<meta property=\"og:description\" content=\"Maisi\u0146i ar izgrieztu rokturi \u2013 \u0113rts un est\u0113tisks iepakojums ap\u0123\u0113rbiem, d\u0101van\u0101m un prec\u0113m. Pieejami da\u017e\u0101di izm\u0113ri, biezumi un iesp\u0113ja druk\u0101t logotipu.\" \/>\n<meta property=\"og:url\" content=\"https:\/\/www.sdapakuote.lt\/lv\/produkti\/polietilena-maisini\/ldpe-maisini\/maisini-ar-izgrieztu-rokturi\/\" \/>\n<meta property=\"og:site_name\" content=\"sdapakuote.lt\" \/>\n<meta property=\"article:modified_time\" content=\"2025-10-09T05:41:15+00:00\" \/>\n<meta property=\"og:image\" content=\"https:\/\/www.sdapakuote.lt\/wp-content\/uploads\/2022\/09\/Antrines-zaliavos-maiseliai-su-spauda-scaled.jpg\" \/>\n\t<meta property=\"og:image:width\" content=\"2560\" \/>\n\t<meta property=\"og:image:height\" content=\"1551\" \/>\n\t<meta property=\"og:image:type\" content=\"image\/jpeg\" \/>\n<meta name=\"twitter:card\" content=\"summary_large_image\" \/>\n<meta name=\"twitter:label1\" content=\"Est. reading time\" \/>\n\t<meta name=\"twitter:data1\" content=\"1 minute\" \/>\n<script type=\"application\/ld+json\" class=\"yoast-schema-graph\">{\"@context\":\"https:\\\/\\\/schema.org\",\"@graph\":[{\"@type\":\"WebPage\",\"@id\":\"https:\\\/\\\/www.sdapakuote.lt\\\/lv\\\/produkti\\\/polietilena-maisini\\\/ldpe-maisini\\\/maisini-ar-izgrieztu-rokturi\\\/\",\"url\":\"https:\\\/\\\/www.sdapakuote.lt\\\/lv\\\/produkti\\\/polietilena-maisini\\\/ldpe-maisini\\\/maisini-ar-izgrieztu-rokturi\\\/\",\"name\":\"Maisi\u0146i ar izgrieztu rokturi - sdapakuote.lt\",\"isPartOf\":{\"@id\":\"https:\\\/\\\/www.sdapakuote.lt\\\/lv\\\/#website\"},\"primaryImageOfPage\":{\"@id\":\"https:\\\/\\\/www.sdapakuote.lt\\\/lv\\\/produkti\\\/polietilena-maisini\\\/ldpe-maisini\\\/maisini-ar-izgrieztu-rokturi\\\/#primaryimage\"},\"image\":{\"@id\":\"https:\\\/\\\/www.sdapakuote.lt\\\/lv\\\/produkti\\\/polietilena-maisini\\\/ldpe-maisini\\\/maisini-ar-izgrieztu-rokturi\\\/#primaryimage\"},\"thumbnailUrl\":\"https:\\\/\\\/www.sdapakuote.lt\\\/wp-content\\\/uploads\\\/2022\\\/09\\\/Antrines-zaliavos-maiseliai-su-spauda-scaled.jpg\",\"datePublished\":\"2025-10-09T05:41:07+00:00\",\"dateModified\":\"2025-10-09T05:41:15+00:00\",\"description\":\"Maisi\u0146i ar izgrieztu rokturi \u2013 \u0113rts un est\u0113tisks iepakojums ap\u0123\u0113rbiem, d\u0101van\u0101m un prec\u0113m. Pieejami da\u017e\u0101di izm\u0113ri, biezumi un iesp\u0113ja druk\u0101t logotipu.\",\"breadcrumb\":{\"@id\":\"https:\\\/\\\/www.sdapakuote.lt\\\/lv\\\/produkti\\\/polietilena-maisini\\\/ldpe-maisini\\\/maisini-ar-izgrieztu-rokturi\\\/#breadcrumb\"},\"inLanguage\":\"lv-LV\",\"potentialAction\":[{\"@type\":\"ReadAction\",\"target\":[\"https:\\\/\\\/www.sdapakuote.lt\\\/lv\\\/produkti\\\/polietilena-maisini\\\/ldpe-maisini\\\/maisini-ar-izgrieztu-rokturi\\\/\"]}]},{\"@type\":\"ImageObject\",\"inLanguage\":\"lv-LV\",\"@id\":\"https:\\\/\\\/www.sdapakuote.lt\\\/lv\\\/produkti\\\/polietilena-maisini\\\/ldpe-maisini\\\/maisini-ar-izgrieztu-rokturi\\\/#primaryimage\",\"url\":\"https:\\\/\\\/www.sdapakuote.lt\\\/wp-content\\\/uploads\\\/2022\\\/09\\\/Antrines-zaliavos-maiseliai-su-spauda-scaled.jpg\",\"contentUrl\":\"https:\\\/\\\/www.sdapakuote.lt\\\/wp-content\\\/uploads\\\/2022\\\/09\\\/Antrines-zaliavos-maiseliai-su-spauda-scaled.jpg\",\"width\":2560,\"height\":1551,\"caption\":\"Antrin\u0117s \u017ealiavos mai\u0161eliai su spauda\"},{\"@type\":\"BreadcrumbList\",\"@id\":\"https:\\\/\\\/www.sdapakuote.lt\\\/lv\\\/produkti\\\/polietilena-maisini\\\/ldpe-maisini\\\/maisini-ar-izgrieztu-rokturi\\\/#breadcrumb\",\"itemListElement\":[{\"@type\":\"ListItem\",\"position\":1,\"name\":\"Home\",\"item\":\"https:\\\/\\\/www.sdapakuote.lt\\\/lv\\\/\"},{\"@type\":\"ListItem\",\"position\":2,\"name\":\"Produkti\",\"item\":\"https:\\\/\\\/www.sdapakuote.lt\\\/lv\\\/produkti\\\/\"},{\"@type\":\"ListItem\",\"position\":3,\"name\":\"Polietil\u0113na maisi\u0146i\",\"item\":\"https:\\\/\\\/www.sdapakuote.lt\\\/lv\\\/produkti\\\/polietilena-maisini\\\/\"},{\"@type\":\"ListItem\",\"position\":4,\"name\":\"LDPE maisi\u0146i\",\"item\":\"https:\\\/\\\/www.sdapakuote.lt\\\/lv\\\/produkti\\\/polietilena-maisini\\\/ldpe-maisini\\\/\"},{\"@type\":\"ListItem\",\"position\":5,\"name\":\"Maisi\u0146i ar izgrieztu rokturi\"}]},{\"@type\":\"WebSite\",\"@id\":\"https:\\\/\\\/www.sdapakuote.lt\\\/lv\\\/#website\",\"url\":\"https:\\\/\\\/www.sdapakuote.lt\\\/lv\\\/\",\"name\":\"sdapakuote.lt\",\"description\":\"Kol kas tik dar vienas WordPress tinklalapis\",\"potentialAction\":[{\"@type\":\"SearchAction\",\"target\":{\"@type\":\"EntryPoint\",\"urlTemplate\":\"https:\\\/\\\/www.sdapakuote.lt\\\/lv\\\/?s={search_term_string}\"},\"query-input\":{\"@type\":\"PropertyValueSpecification\",\"valueRequired\":true,\"valueName\":\"search_term_string\"}}],\"inLanguage\":\"lv-LV\"}]}<\/script>\n<!-- \/ Yoast SEO plugin. -->","yoast_head_json":{"title":"Maisi\u0146i ar izgrieztu rokturi - sdapakuote.lt","description":"Maisi\u0146i ar izgrieztu rokturi \u2013 \u0113rts un est\u0113tisks iepakojums ap\u0123\u0113rbiem, d\u0101van\u0101m un prec\u0113m. Pieejami da\u017e\u0101di izm\u0113ri, biezumi un iesp\u0113ja druk\u0101t logotipu.","robots":{"index":"index","follow":"follow","max-snippet":"max-snippet:-1","max-image-preview":"max-image-preview:large","max-video-preview":"max-video-preview:-1"},"canonical":"https:\/\/www.sdapakuote.lt\/lv\/produkti\/polietilena-maisini\/ldpe-maisini\/maisini-ar-izgrieztu-rokturi\/","og_locale":"lv_LV","og_type":"article","og_title":"Maisi\u0146i ar izgrieztu rokturi - sdapakuote.lt","og_description":"Maisi\u0146i ar izgrieztu rokturi \u2013 \u0113rts un est\u0113tisks iepakojums ap\u0123\u0113rbiem, d\u0101van\u0101m un prec\u0113m. Pieejami da\u017e\u0101di izm\u0113ri, biezumi un iesp\u0113ja druk\u0101t logotipu.","og_url":"https:\/\/www.sdapakuote.lt\/lv\/produkti\/polietilena-maisini\/ldpe-maisini\/maisini-ar-izgrieztu-rokturi\/","og_site_name":"sdapakuote.lt","article_modified_time":"2025-10-09T05:41:15+00:00","og_image":[{"width":2560,"height":1551,"url":"https:\/\/www.sdapakuote.lt\/wp-content\/uploads\/2022\/09\/Antrines-zaliavos-maiseliai-su-spauda-scaled.jpg","type":"image\/jpeg"}],"twitter_card":"summary_large_image","twitter_misc":{"Est. reading time":"1 minute"},"schema":{"@context":"https:\/\/schema.org","@graph":[{"@type":"WebPage","@id":"https:\/\/www.sdapakuote.lt\/lv\/produkti\/polietilena-maisini\/ldpe-maisini\/maisini-ar-izgrieztu-rokturi\/","url":"https:\/\/www.sdapakuote.lt\/lv\/produkti\/polietilena-maisini\/ldpe-maisini\/maisini-ar-izgrieztu-rokturi\/","name":"Maisi\u0146i ar izgrieztu rokturi - sdapakuote.lt","isPartOf":{"@id":"https:\/\/www.sdapakuote.lt\/lv\/#website"},"primaryImageOfPage":{"@id":"https:\/\/www.sdapakuote.lt\/lv\/produkti\/polietilena-maisini\/ldpe-maisini\/maisini-ar-izgrieztu-rokturi\/#primaryimage"},"image":{"@id":"https:\/\/www.sdapakuote.lt\/lv\/produkti\/polietilena-maisini\/ldpe-maisini\/maisini-ar-izgrieztu-rokturi\/#primaryimage"},"thumbnailUrl":"https:\/\/www.sdapakuote.lt\/wp-content\/uploads\/2022\/09\/Antrines-zaliavos-maiseliai-su-spauda-scaled.jpg","datePublished":"2025-10-09T05:41:07+00:00","dateModified":"2025-10-09T05:41:15+00:00","description":"Maisi\u0146i ar izgrieztu rokturi \u2013 \u0113rts un est\u0113tisks iepakojums ap\u0123\u0113rbiem, d\u0101van\u0101m un prec\u0113m. Pieejami da\u017e\u0101di izm\u0113ri, biezumi un iesp\u0113ja druk\u0101t logotipu.","breadcrumb":{"@id":"https:\/\/www.sdapakuote.lt\/lv\/produkti\/polietilena-maisini\/ldpe-maisini\/maisini-ar-izgrieztu-rokturi\/#breadcrumb"},"inLanguage":"lv-LV","potentialAction":[{"@type":"ReadAction","target":["https:\/\/www.sdapakuote.lt\/lv\/produkti\/polietilena-maisini\/ldpe-maisini\/maisini-ar-izgrieztu-rokturi\/"]}]},{"@type":"ImageObject","inLanguage":"lv-LV","@id":"https:\/\/www.sdapakuote.lt\/lv\/produkti\/polietilena-maisini\/ldpe-maisini\/maisini-ar-izgrieztu-rokturi\/#primaryimage","url":"https:\/\/www.sdapakuote.lt\/wp-content\/uploads\/2022\/09\/Antrines-zaliavos-maiseliai-su-spauda-scaled.jpg","contentUrl":"https:\/\/www.sdapakuote.lt\/wp-content\/uploads\/2022\/09\/Antrines-zaliavos-maiseliai-su-spauda-scaled.jpg","width":2560,"height":1551,"caption":"Antrin\u0117s \u017ealiavos mai\u0161eliai su spauda"},{"@type":"BreadcrumbList","@id":"https:\/\/www.sdapakuote.lt\/lv\/produkti\/polietilena-maisini\/ldpe-maisini\/maisini-ar-izgrieztu-rokturi\/#breadcrumb","itemListElement":[{"@type":"ListItem","position":1,"name":"Home","item":"https:\/\/www.sdapakuote.lt\/lv\/"},{"@type":"ListItem","position":2,"name":"Produkti","item":"https:\/\/www.sdapakuote.lt\/lv\/produkti\/"},{"@type":"ListItem","position":3,"name":"Polietil\u0113na maisi\u0146i","item":"https:\/\/www.sdapakuote.lt\/lv\/produkti\/polietilena-maisini\/"},{"@type":"ListItem","position":4,"name":"LDPE maisi\u0146i","item":"https:\/\/www.sdapakuote.lt\/lv\/produkti\/polietilena-maisini\/ldpe-maisini\/"},{"@type":"ListItem","position":5,"name":"Maisi\u0146i ar izgrieztu rokturi"}]},{"@type":"WebSite","@id":"https:\/\/www.sdapakuote.lt\/lv\/#website","url":"https:\/\/www.sdapakuote.lt\/lv\/","name":"sdapakuote.lt","description":"Kol kas tik dar vienas WordPress tinklalapis","potentialAction":[{"@type":"SearchAction","target":{"@type":"EntryPoint","urlTemplate":"https:\/\/www.sdapakuote.lt\/lv\/?s={search_term_string}"},"query-input":{"@type":"PropertyValueSpecification","valueRequired":true,"valueName":"search_term_string"}}],"inLanguage":"lv-LV"}]}},"_links":{"self":[{"href":"https:\/\/www.sdapakuote.lt\/lv\/wp-json\/wp\/v2\/pages\/4688","targetHints":{"allow":["GET"]}}],"collection":[{"href":"https:\/\/www.sdapakuote.lt\/lv\/wp-json\/wp\/v2\/pages"}],"about":[{"href":"https:\/\/www.sdapakuote.lt\/lv\/wp-json\/wp\/v2\/types\/page"}],"author":[{"embeddable":true,"href":"https:\/\/www.sdapakuote.lt\/lv\/wp-json\/wp\/v2\/users\/2"}],"replies":[{"embeddable":true,"href":"https:\/\/www.sdapakuote.lt\/lv\/wp-json\/wp\/v2\/comments?post=4688"}],"version-history":[{"count":2,"href":"https:\/\/www.sdapakuote.lt\/lv\/wp-json\/wp\/v2\/pages\/4688\/revisions"}],"predecessor-version":[{"id":4690,"href":"https:\/\/www.sdapakuote.lt\/lv\/wp-json\/wp\/v2\/pages\/4688\/revisions\/4690"}],"up":[{"embeddable":true,"href":"https:\/\/www.sdapakuote.lt\/lv\/wp-json\/wp\/v2\/pages\/4668"}],"wp:featuredmedia":[{"embeddable":true,"href":"https:\/\/www.sdapakuote.lt\/lv\/wp-json\/wp\/v2\/media\/3732"}],"wp:attachment":[{"href":"https:\/\/www.sdapakuote.lt\/lv\/wp-json\/wp\/v2\/media?parent=4688"}],"curies":[{"name":"wp","href":"https:\/\/api.w.org\/{rel}","templated":true}]}}