{"id":4678,"date":"2025-10-08T11:34:55","date_gmt":"2025-10-08T11:34:55","guid":{"rendered":"https:\/\/www.sdapakuote.lt\/?page_id=4678"},"modified":"2025-10-08T11:35:12","modified_gmt":"2025-10-08T11:35:12","slug":"maisi-apgerbiem-parklasanai","status":"publish","type":"page","link":"https:\/\/www.sdapakuote.lt\/lv\/produkti\/polietilena-maisini\/ldpe-maisini\/maisi-apgerbiem-parklasanai\/","title":{"rendered":"Maisi ap\u0123\u0113rbiem p\u0101rkl\u0101\u0161anai"},"content":{"rendered":"<p data-start=\"293\" data-end=\"561\"><strong data-start=\"293\" data-end=\"308\">SDA Pakuot\u0117<\/strong> pied\u0101v\u0101 augstas caursp\u012bd\u012bbas <strong data-start=\"338\" data-end=\"370\">LDPE pl\u0113ves maisus ap\u0123\u0113rbiem<\/strong>, kas paredz\u0113ti dr\u0113bju aizsardz\u012bbai transport\u0113\u0161anas un uzglab\u0101\u0161anas laik\u0101.<br data-start=\"444\" data-end=\"447\" \/><br \/>\n\u0160ie maisi\u0146i ir piln\u012bgi caursp\u012bd\u012bgi, t\u0101p\u0113c ap\u0123\u0113rbs ir labi redzams, nodro\u0161inot \u0113rt\u012bbu gan veikaliem, gan klientiem.<\/p>\n<p data-start=\"563\" data-end=\"585\"><strong data-start=\"563\" data-end=\"585\">Galven\u0101s \u012bpa\u0161\u012bbas:<\/strong><\/p>\n<ul data-start=\"586\" data-end=\"855\">\n<li data-start=\"586\" data-end=\"629\">\n<p data-start=\"588\" data-end=\"629\">izgatavoti no caursp\u012bd\u012bgas LDPE pl\u0113ves,<\/p>\n<\/li>\n<li data-start=\"630\" data-end=\"713\">\n<p data-start=\"632\" data-end=\"713\">aug\u0161pus\u0113 ir atvere pakaramajam, lai dr\u0113bes var\u0113tu \u0113rti pakarin\u0101t kop\u0101 ar maisu,<\/p>\n<\/li>\n<li data-start=\"714\" data-end=\"777\">\n<p data-start=\"716\" data-end=\"777\">piln\u012bgi caursp\u012bd\u012bgi \u2013 \u013cauj skaidri redz\u0113t ap\u0123\u0113rbu iek\u0161pus\u0113,<\/p>\n<\/li>\n<li data-start=\"778\" data-end=\"855\">\n<p data-start=\"780\" data-end=\"855\">est\u0113tiski un praktiski \u2013 nodro\u0161ina, ka dr\u0113bes saglab\u0101jas t\u012bras un k\u0101rt\u012bgas.<\/p>\n<\/li>\n<\/ul>\n<p data-start=\"857\" data-end=\"1028\">\u0160ie <strong data-start=\"861\" data-end=\"883\">LDPE ap\u0123\u0113rbu maisi<\/strong> ir \u012bpa\u0161i popul\u0101ri ap\u0123\u0113rbu veikalos, \u0137\u012bmiskaj\u0101s t\u012br\u012btav\u0101s un \u0161\u016b\u0161anas darbn\u012bc\u0101s, kur svar\u012bgi, lai ap\u0123\u0113rbs b\u016btu aizsarg\u0101ts, bet vienlaikus redzams.<\/p>\n","protected":false},"excerpt":{"rendered":"<p>SDA Pakuot\u0117 pied\u0101v\u0101 augstas caursp\u012bd\u012bbas LDPE pl\u0113ves maisus ap\u0123\u0113rbiem, kas paredz\u0113ti dr\u0113bju aizsardz\u012bbai transport\u0113\u0161anas un uzglab\u0101\u0161anas laik\u0101. \u0160ie maisi\u0146i ir piln\u012bgi caursp\u012bd\u012bgi, t\u0101p\u0113c ap\u0123\u0113rbs ir labi redzams, nodro\u0161inot \u0113rt\u012bbu gan veikaliem, gan klientiem. Galven\u0101s \u012bpa\u0161\u012bbas: izgatavoti no caursp\u012bd\u012bgas LDPE pl\u0113ves, aug\u0161pus\u0113 ir atvere pakaramajam, lai dr\u0113bes var\u0113tu \u0113rti pakarin\u0101t kop\u0101 ar maisu, piln\u012bgi caursp\u012bd\u012bgi \u2013 [&hellip;]<\/p>\n","protected":false},"author":2,"featured_media":4679,"parent":4668,"menu_order":0,"comment_status":"closed","ping_status":"closed","template":"page-single-product.php","meta":{"_acf_changed":false,"footnotes":""},"class_list":["post-4678","page","type-page","status-publish","has-post-thumbnail","hentry"],"acf":[],"yoast_head":"<!-- This site is optimized with the Yoast SEO plugin v27.4 - https:\/\/yoast.com\/product\/yoast-seo-wordpress\/ -->\n<title>Maisi ap\u0123\u0113rbiem p\u0101rkl\u0101\u0161anai - sdapakuote.lt<\/title>\n<meta name=\"description\" content=\"Caursp\u012bd\u012bgi LDPE ap\u0123\u0113rbu maisi \u2013 praktiska un est\u0113tiska aizsardz\u012bba dr\u0113b\u0113m transport\u0113\u0161anai un glab\u0101\u0161anai. Ar atveri pakaramajam, piln\u012bgi caursp\u012bd\u012bgi un iztur\u012bgi.\" \/>\n<meta name=\"robots\" content=\"index, follow, max-snippet:-1, max-image-preview:large, max-video-preview:-1\" \/>\n<link rel=\"canonical\" href=\"https:\/\/www.sdapakuote.lt\/lv\/produkti\/polietilena-maisini\/ldpe-maisini\/maisi-apgerbiem-parklasanai\/\" \/>\n<meta property=\"og:locale\" content=\"lv_LV\" \/>\n<meta property=\"og:type\" content=\"article\" \/>\n<meta property=\"og:title\" content=\"Maisi ap\u0123\u0113rbiem p\u0101rkl\u0101\u0161anai - sdapakuote.lt\" \/>\n<meta property=\"og:description\" content=\"Caursp\u012bd\u012bgi LDPE ap\u0123\u0113rbu maisi \u2013 praktiska un est\u0113tiska aizsardz\u012bba dr\u0113b\u0113m transport\u0113\u0161anai un glab\u0101\u0161anai. Ar atveri pakaramajam, piln\u012bgi caursp\u012bd\u012bgi un iztur\u012bgi.\" \/>\n<meta property=\"og:url\" content=\"https:\/\/www.sdapakuote.lt\/lv\/produkti\/polietilena-maisini\/ldpe-maisini\/maisi-apgerbiem-parklasanai\/\" \/>\n<meta property=\"og:site_name\" content=\"sdapakuote.lt\" \/>\n<meta property=\"article:modified_time\" content=\"2025-10-08T11:35:12+00:00\" \/>\n<meta property=\"og:image\" content=\"https:\/\/www.sdapakuote.lt\/wp-content\/uploads\/2021\/09\/masai-rubams-apvilkti-ldpe.jpg\" \/>\n\t<meta property=\"og:image:width\" content=\"709\" \/>\n\t<meta property=\"og:image:height\" content=\"1000\" \/>\n\t<meta property=\"og:image:type\" content=\"image\/jpeg\" \/>\n<meta name=\"twitter:card\" content=\"summary_large_image\" \/>\n<meta name=\"twitter:label1\" content=\"Est. reading time\" \/>\n\t<meta name=\"twitter:data1\" content=\"1 minute\" \/>\n<script type=\"application\/ld+json\" class=\"yoast-schema-graph\">{\"@context\":\"https:\\\/\\\/schema.org\",\"@graph\":[{\"@type\":\"WebPage\",\"@id\":\"https:\\\/\\\/www.sdapakuote.lt\\\/lv\\\/produkti\\\/polietilena-maisini\\\/ldpe-maisini\\\/maisi-apgerbiem-parklasanai\\\/\",\"url\":\"https:\\\/\\\/www.sdapakuote.lt\\\/lv\\\/produkti\\\/polietilena-maisini\\\/ldpe-maisini\\\/maisi-apgerbiem-parklasanai\\\/\",\"name\":\"Maisi ap\u0123\u0113rbiem p\u0101rkl\u0101\u0161anai - sdapakuote.lt\",\"isPartOf\":{\"@id\":\"https:\\\/\\\/www.sdapakuote.lt\\\/lv\\\/#website\"},\"primaryImageOfPage\":{\"@id\":\"https:\\\/\\\/www.sdapakuote.lt\\\/lv\\\/produkti\\\/polietilena-maisini\\\/ldpe-maisini\\\/maisi-apgerbiem-parklasanai\\\/#primaryimage\"},\"image\":{\"@id\":\"https:\\\/\\\/www.sdapakuote.lt\\\/lv\\\/produkti\\\/polietilena-maisini\\\/ldpe-maisini\\\/maisi-apgerbiem-parklasanai\\\/#primaryimage\"},\"thumbnailUrl\":\"https:\\\/\\\/www.sdapakuote.lt\\\/wp-content\\\/uploads\\\/2021\\\/09\\\/masai-rubams-apvilkti-ldpe.jpg\",\"datePublished\":\"2025-10-08T11:34:55+00:00\",\"dateModified\":\"2025-10-08T11:35:12+00:00\",\"description\":\"Caursp\u012bd\u012bgi LDPE ap\u0123\u0113rbu maisi \u2013 praktiska un est\u0113tiska aizsardz\u012bba dr\u0113b\u0113m transport\u0113\u0161anai un glab\u0101\u0161anai. Ar atveri pakaramajam, piln\u012bgi caursp\u012bd\u012bgi un iztur\u012bgi.\",\"breadcrumb\":{\"@id\":\"https:\\\/\\\/www.sdapakuote.lt\\\/lv\\\/produkti\\\/polietilena-maisini\\\/ldpe-maisini\\\/maisi-apgerbiem-parklasanai\\\/#breadcrumb\"},\"inLanguage\":\"lv-LV\",\"potentialAction\":[{\"@type\":\"ReadAction\",\"target\":[\"https:\\\/\\\/www.sdapakuote.lt\\\/lv\\\/produkti\\\/polietilena-maisini\\\/ldpe-maisini\\\/maisi-apgerbiem-parklasanai\\\/\"]}]},{\"@type\":\"ImageObject\",\"inLanguage\":\"lv-LV\",\"@id\":\"https:\\\/\\\/www.sdapakuote.lt\\\/lv\\\/produkti\\\/polietilena-maisini\\\/ldpe-maisini\\\/maisi-apgerbiem-parklasanai\\\/#primaryimage\",\"url\":\"https:\\\/\\\/www.sdapakuote.lt\\\/wp-content\\\/uploads\\\/2021\\\/09\\\/masai-rubams-apvilkti-ldpe.jpg\",\"contentUrl\":\"https:\\\/\\\/www.sdapakuote.lt\\\/wp-content\\\/uploads\\\/2021\\\/09\\\/masai-rubams-apvilkti-ldpe.jpg\",\"width\":709,\"height\":1000,\"caption\":\"Mai\u0161ai r\u016bbams apvilkti LDPE\"},{\"@type\":\"BreadcrumbList\",\"@id\":\"https:\\\/\\\/www.sdapakuote.lt\\\/lv\\\/produkti\\\/polietilena-maisini\\\/ldpe-maisini\\\/maisi-apgerbiem-parklasanai\\\/#breadcrumb\",\"itemListElement\":[{\"@type\":\"ListItem\",\"position\":1,\"name\":\"Home\",\"item\":\"https:\\\/\\\/www.sdapakuote.lt\\\/lv\\\/\"},{\"@type\":\"ListItem\",\"position\":2,\"name\":\"Produkti\",\"item\":\"https:\\\/\\\/www.sdapakuote.lt\\\/lv\\\/produkti\\\/\"},{\"@type\":\"ListItem\",\"position\":3,\"name\":\"Polietil\u0113na maisi\u0146i\",\"item\":\"https:\\\/\\\/www.sdapakuote.lt\\\/lv\\\/produkti\\\/polietilena-maisini\\\/\"},{\"@type\":\"ListItem\",\"position\":4,\"name\":\"LDPE maisi\u0146i\",\"item\":\"https:\\\/\\\/www.sdapakuote.lt\\\/lv\\\/produkti\\\/polietilena-maisini\\\/ldpe-maisini\\\/\"},{\"@type\":\"ListItem\",\"position\":5,\"name\":\"Maisi ap\u0123\u0113rbiem p\u0101rkl\u0101\u0161anai\"}]},{\"@type\":\"WebSite\",\"@id\":\"https:\\\/\\\/www.sdapakuote.lt\\\/lv\\\/#website\",\"url\":\"https:\\\/\\\/www.sdapakuote.lt\\\/lv\\\/\",\"name\":\"sdapakuote.lt\",\"description\":\"Kol kas tik dar vienas WordPress tinklalapis\",\"potentialAction\":[{\"@type\":\"SearchAction\",\"target\":{\"@type\":\"EntryPoint\",\"urlTemplate\":\"https:\\\/\\\/www.sdapakuote.lt\\\/lv\\\/?s={search_term_string}\"},\"query-input\":{\"@type\":\"PropertyValueSpecification\",\"valueRequired\":true,\"valueName\":\"search_term_string\"}}],\"inLanguage\":\"lv-LV\"}]}<\/script>\n<!-- \/ Yoast SEO plugin. -->","yoast_head_json":{"title":"Maisi ap\u0123\u0113rbiem p\u0101rkl\u0101\u0161anai - sdapakuote.lt","description":"Caursp\u012bd\u012bgi LDPE ap\u0123\u0113rbu maisi \u2013 praktiska un est\u0113tiska aizsardz\u012bba dr\u0113b\u0113m transport\u0113\u0161anai un glab\u0101\u0161anai. Ar atveri pakaramajam, piln\u012bgi caursp\u012bd\u012bgi un iztur\u012bgi.","robots":{"index":"index","follow":"follow","max-snippet":"max-snippet:-1","max-image-preview":"max-image-preview:large","max-video-preview":"max-video-preview:-1"},"canonical":"https:\/\/www.sdapakuote.lt\/lv\/produkti\/polietilena-maisini\/ldpe-maisini\/maisi-apgerbiem-parklasanai\/","og_locale":"lv_LV","og_type":"article","og_title":"Maisi ap\u0123\u0113rbiem p\u0101rkl\u0101\u0161anai - sdapakuote.lt","og_description":"Caursp\u012bd\u012bgi LDPE ap\u0123\u0113rbu maisi \u2013 praktiska un est\u0113tiska aizsardz\u012bba dr\u0113b\u0113m transport\u0113\u0161anai un glab\u0101\u0161anai. Ar atveri pakaramajam, piln\u012bgi caursp\u012bd\u012bgi un iztur\u012bgi.","og_url":"https:\/\/www.sdapakuote.lt\/lv\/produkti\/polietilena-maisini\/ldpe-maisini\/maisi-apgerbiem-parklasanai\/","og_site_name":"sdapakuote.lt","article_modified_time":"2025-10-08T11:35:12+00:00","og_image":[{"width":709,"height":1000,"url":"https:\/\/www.sdapakuote.lt\/wp-content\/uploads\/2021\/09\/masai-rubams-apvilkti-ldpe.jpg","type":"image\/jpeg"}],"twitter_card":"summary_large_image","twitter_misc":{"Est. reading time":"1 minute"},"schema":{"@context":"https:\/\/schema.org","@graph":[{"@type":"WebPage","@id":"https:\/\/www.sdapakuote.lt\/lv\/produkti\/polietilena-maisini\/ldpe-maisini\/maisi-apgerbiem-parklasanai\/","url":"https:\/\/www.sdapakuote.lt\/lv\/produkti\/polietilena-maisini\/ldpe-maisini\/maisi-apgerbiem-parklasanai\/","name":"Maisi ap\u0123\u0113rbiem p\u0101rkl\u0101\u0161anai - sdapakuote.lt","isPartOf":{"@id":"https:\/\/www.sdapakuote.lt\/lv\/#website"},"primaryImageOfPage":{"@id":"https:\/\/www.sdapakuote.lt\/lv\/produkti\/polietilena-maisini\/ldpe-maisini\/maisi-apgerbiem-parklasanai\/#primaryimage"},"image":{"@id":"https:\/\/www.sdapakuote.lt\/lv\/produkti\/polietilena-maisini\/ldpe-maisini\/maisi-apgerbiem-parklasanai\/#primaryimage"},"thumbnailUrl":"https:\/\/www.sdapakuote.lt\/wp-content\/uploads\/2021\/09\/masai-rubams-apvilkti-ldpe.jpg","datePublished":"2025-10-08T11:34:55+00:00","dateModified":"2025-10-08T11:35:12+00:00","description":"Caursp\u012bd\u012bgi LDPE ap\u0123\u0113rbu maisi \u2013 praktiska un est\u0113tiska aizsardz\u012bba dr\u0113b\u0113m transport\u0113\u0161anai un glab\u0101\u0161anai. Ar atveri pakaramajam, piln\u012bgi caursp\u012bd\u012bgi un iztur\u012bgi.","breadcrumb":{"@id":"https:\/\/www.sdapakuote.lt\/lv\/produkti\/polietilena-maisini\/ldpe-maisini\/maisi-apgerbiem-parklasanai\/#breadcrumb"},"inLanguage":"lv-LV","potentialAction":[{"@type":"ReadAction","target":["https:\/\/www.sdapakuote.lt\/lv\/produkti\/polietilena-maisini\/ldpe-maisini\/maisi-apgerbiem-parklasanai\/"]}]},{"@type":"ImageObject","inLanguage":"lv-LV","@id":"https:\/\/www.sdapakuote.lt\/lv\/produkti\/polietilena-maisini\/ldpe-maisini\/maisi-apgerbiem-parklasanai\/#primaryimage","url":"https:\/\/www.sdapakuote.lt\/wp-content\/uploads\/2021\/09\/masai-rubams-apvilkti-ldpe.jpg","contentUrl":"https:\/\/www.sdapakuote.lt\/wp-content\/uploads\/2021\/09\/masai-rubams-apvilkti-ldpe.jpg","width":709,"height":1000,"caption":"Mai\u0161ai r\u016bbams apvilkti LDPE"},{"@type":"BreadcrumbList","@id":"https:\/\/www.sdapakuote.lt\/lv\/produkti\/polietilena-maisini\/ldpe-maisini\/maisi-apgerbiem-parklasanai\/#breadcrumb","itemListElement":[{"@type":"ListItem","position":1,"name":"Home","item":"https:\/\/www.sdapakuote.lt\/lv\/"},{"@type":"ListItem","position":2,"name":"Produkti","item":"https:\/\/www.sdapakuote.lt\/lv\/produkti\/"},{"@type":"ListItem","position":3,"name":"Polietil\u0113na maisi\u0146i","item":"https:\/\/www.sdapakuote.lt\/lv\/produkti\/polietilena-maisini\/"},{"@type":"ListItem","position":4,"name":"LDPE maisi\u0146i","item":"https:\/\/www.sdapakuote.lt\/lv\/produkti\/polietilena-maisini\/ldpe-maisini\/"},{"@type":"ListItem","position":5,"name":"Maisi ap\u0123\u0113rbiem p\u0101rkl\u0101\u0161anai"}]},{"@type":"WebSite","@id":"https:\/\/www.sdapakuote.lt\/lv\/#website","url":"https:\/\/www.sdapakuote.lt\/lv\/","name":"sdapakuote.lt","description":"Kol kas tik dar vienas WordPress tinklalapis","potentialAction":[{"@type":"SearchAction","target":{"@type":"EntryPoint","urlTemplate":"https:\/\/www.sdapakuote.lt\/lv\/?s={search_term_string}"},"query-input":{"@type":"PropertyValueSpecification","valueRequired":true,"valueName":"search_term_string"}}],"inLanguage":"lv-LV"}]}},"_links":{"self":[{"href":"https:\/\/www.sdapakuote.lt\/lv\/wp-json\/wp\/v2\/pages\/4678","targetHints":{"allow":["GET"]}}],"collection":[{"href":"https:\/\/www.sdapakuote.lt\/lv\/wp-json\/wp\/v2\/pages"}],"about":[{"href":"https:\/\/www.sdapakuote.lt\/lv\/wp-json\/wp\/v2\/types\/page"}],"author":[{"embeddable":true,"href":"https:\/\/www.sdapakuote.lt\/lv\/wp-json\/wp\/v2\/users\/2"}],"replies":[{"embeddable":true,"href":"https:\/\/www.sdapakuote.lt\/lv\/wp-json\/wp\/v2\/comments?post=4678"}],"version-history":[{"count":2,"href":"https:\/\/www.sdapakuote.lt\/lv\/wp-json\/wp\/v2\/pages\/4678\/revisions"}],"predecessor-version":[{"id":4681,"href":"https:\/\/www.sdapakuote.lt\/lv\/wp-json\/wp\/v2\/pages\/4678\/revisions\/4681"}],"up":[{"embeddable":true,"href":"https:\/\/www.sdapakuote.lt\/lv\/wp-json\/wp\/v2\/pages\/4668"}],"wp:featuredmedia":[{"embeddable":true,"href":"https:\/\/www.sdapakuote.lt\/lv\/wp-json\/wp\/v2\/media\/4679"}],"wp:attachment":[{"href":"https:\/\/www.sdapakuote.lt\/lv\/wp-json\/wp\/v2\/media?parent=4678"}],"curies":[{"name":"wp","href":"https:\/\/api.w.org\/{rel}","templated":true}]}}