{"id":4668,"date":"2025-10-08T11:25:11","date_gmt":"2025-10-08T11:25:11","guid":{"rendered":"https:\/\/www.sdapakuote.lt\/?page_id=4668"},"modified":"2025-10-08T11:26:57","modified_gmt":"2025-10-08T11:26:57","slug":"ldpe-maisini","status":"publish","type":"page","link":"https:\/\/www.sdapakuote.lt\/lv\/produkti\/polietilena-maisini\/ldpe-maisini\/","title":{"rendered":"LDPE maisi\u0146i"},"content":{"rendered":"<p><img loading=\"lazy\" decoding=\"async\" class=\"size-medium wp-image-4226 alignleft\" src=\"https:\/\/www.sdapakuote.lt\/wp-content\/uploads\/2025\/10\/LDPE-tipo-maiseliai-300x300.png\" alt=\"LDPE maisi\u0146i \u2013 iztur\u012bgi, elast\u012bgi un dro\u0161i saskar\u0113 ar p\u0101rtiku. Ra\u017eo\u0161ana un pieg\u0101de p\u0113c pas\u016bt\u012bjuma: da\u017e\u0101di izm\u0113ri, kr\u0101sas un apdruka ar j\u016bsu logotipu.\" width=\"300\" height=\"300\" srcset=\"https:\/\/www.sdapakuote.lt\/wp-content\/uploads\/2025\/10\/LDPE-tipo-maiseliai-300x300.png 300w, https:\/\/www.sdapakuote.lt\/wp-content\/uploads\/2025\/10\/LDPE-tipo-maiseliai-150x150.png 150w, https:\/\/www.sdapakuote.lt\/wp-content\/uploads\/2025\/10\/LDPE-tipo-maiseliai-768x768.png 768w, https:\/\/www.sdapakuote.lt\/wp-content\/uploads\/2025\/10\/LDPE-tipo-maiseliai.png 1024w\" sizes=\"auto, (max-width: 300px) 100vw, 300px\" \/><\/p>\n<p data-start=\"282\" data-end=\"580\"><strong data-start=\"282\" data-end=\"297\">SDA Pakuot\u0117<\/strong> ra\u017eo un pieg\u0101d\u0101 <strong data-start=\"314\" data-end=\"331\">LDPE maisi\u0146us<\/strong>, kas tiek pla\u0161i izmantoti gan p\u0101rtikas r\u016bpniec\u012bb\u0101, gan tirdzniec\u012bb\u0101 un ra\u017eo\u0161anas procesos.<br data-start=\"422\" data-end=\"425\" \/><br \/>\n<strong data-start=\"425\" data-end=\"460\">LDPE (low-density polyethylene)<\/strong> maisi\u0146i ir m\u012bksti, elast\u012bgi un iztur\u012bgi pret pl\u012b\u0161anu, t\u0101p\u0113c tie ir univers\u0101ls iepakojuma risin\u0101jums da\u017e\u0101d\u0101m vajadz\u012bb\u0101m.<\/p>\n<p data-start=\"582\" data-end=\"839\"><strong data-start=\"582\" data-end=\"598\">LDPE maisi\u0146i<\/strong> visbie\u017e\u0101k tiek izmantoti p\u0101rtikas produktu iepako\u0161anai, jo tie ir dro\u0161i saskar\u0113 ar p\u0101rtiku. Pieejami caursp\u012bd\u012bgi vai kr\u0101saini, ar apdruku vai bez t\u0101s. Pateicoties elast\u012bgumam, tie ir piem\u0113roti gan neliel\u0101m, gan liel\u0101k\u0101m iepakojuma vien\u012bb\u0101m.<\/p>\n<p data-start=\"841\" data-end=\"1085\">P\u0113c pas\u016bt\u012bjuma m\u0113s varam izgatavot maisi\u0146us da\u017e\u0101dos izm\u0113ros, biezumos un kr\u0101s\u0101s, piel\u0101gojot tos j\u016bsu uz\u0146\u0113muma darb\u012bbas jomai.<br data-start=\"966\" data-end=\"969\" \/><br \/>\nT\u0101pat pied\u0101v\u0101jam <strong data-start=\"986\" data-end=\"1048\">maisi\u0146us ar uz\u0146\u0113muma logotipu vai nepiecie\u0161amo inform\u0101ciju<\/strong>, lai j\u016bsu produkcija izceltos tirg\u016b.<\/p>\n<p data-start=\"1087\" data-end=\"1237\">Izv\u0113loties <strong data-start=\"1098\" data-end=\"1113\">SDA Pakuot\u0117<\/strong>, j\u016bs ieg\u016bstat ne tikai augstas kvalit\u0101tes <strong data-start=\"1156\" data-end=\"1173\">LDPE maisi\u0146us<\/strong>, bet ar\u012b individu\u0101lus risin\u0101jumus, kas atbilst j\u016bsu vajadz\u012bb\u0101m.<\/p>\n","protected":false},"excerpt":{"rendered":"<p>SDA Pakuot\u0117 ra\u017eo un pieg\u0101d\u0101 LDPE maisi\u0146us, kas tiek pla\u0161i izmantoti gan p\u0101rtikas r\u016bpniec\u012bb\u0101, gan tirdzniec\u012bb\u0101 un ra\u017eo\u0161anas procesos. LDPE (low-density polyethylene) maisi\u0146i ir m\u012bksti, elast\u012bgi un iztur\u012bgi pret pl\u012b\u0161anu, t\u0101p\u0113c tie ir univers\u0101ls iepakojuma risin\u0101jums da\u017e\u0101d\u0101m vajadz\u012bb\u0101m. LDPE maisi\u0146i visbie\u017e\u0101k tiek izmantoti p\u0101rtikas produktu iepako\u0161anai, jo tie ir dro\u0161i saskar\u0113 ar p\u0101rtiku. Pieejami caursp\u012bd\u012bgi [&hellip;]<\/p>\n","protected":false},"author":2,"featured_media":0,"parent":4434,"menu_order":0,"comment_status":"closed","ping_status":"closed","template":"page-products-category.php","meta":{"_acf_changed":false,"footnotes":""},"class_list":["post-4668","page","type-page","status-publish","hentry"],"acf":[],"yoast_head":"<!-- This site is optimized with the Yoast SEO plugin v27.4 - https:\/\/yoast.com\/product\/yoast-seo-wordpress\/ -->\n<title>LDPE maisi\u0146i - sdapakuote.lt<\/title>\n<meta name=\"description\" content=\"LDPE maisi\u0146i \u2013 iztur\u012bgi, elast\u012bgi un dro\u0161i saskar\u0113 ar p\u0101rtiku. Ra\u017eo\u0161ana un pieg\u0101de p\u0113c pas\u016bt\u012bjuma: da\u017e\u0101di izm\u0113ri, kr\u0101sas un apdruka ar j\u016bsu logotipu.\" \/>\n<meta name=\"robots\" content=\"index, follow, max-snippet:-1, max-image-preview:large, max-video-preview:-1\" \/>\n<link rel=\"canonical\" href=\"https:\/\/www.sdapakuote.lt\/lv\/produkti\/polietilena-maisini\/ldpe-maisini\/\" \/>\n<meta property=\"og:locale\" content=\"lv_LV\" \/>\n<meta property=\"og:type\" content=\"article\" \/>\n<meta property=\"og:title\" content=\"LDPE maisi\u0146i - sdapakuote.lt\" \/>\n<meta property=\"og:description\" content=\"LDPE maisi\u0146i \u2013 iztur\u012bgi, elast\u012bgi un dro\u0161i saskar\u0113 ar p\u0101rtiku. Ra\u017eo\u0161ana un pieg\u0101de p\u0113c pas\u016bt\u012bjuma: da\u017e\u0101di izm\u0113ri, kr\u0101sas un apdruka ar j\u016bsu logotipu.\" \/>\n<meta property=\"og:url\" content=\"https:\/\/www.sdapakuote.lt\/lv\/produkti\/polietilena-maisini\/ldpe-maisini\/\" \/>\n<meta property=\"og:site_name\" content=\"sdapakuote.lt\" \/>\n<meta property=\"article:modified_time\" content=\"2025-10-08T11:26:57+00:00\" \/>\n<meta property=\"og:image\" content=\"https:\/\/www.sdapakuote.lt\/wp-content\/uploads\/2025\/10\/LDPE-tipo-maiseliai.png\" \/>\n\t<meta property=\"og:image:width\" content=\"1024\" \/>\n\t<meta property=\"og:image:height\" content=\"1024\" \/>\n\t<meta property=\"og:image:type\" content=\"image\/png\" \/>\n<meta name=\"twitter:card\" content=\"summary_large_image\" \/>\n<meta name=\"twitter:label1\" content=\"Est. reading time\" \/>\n\t<meta name=\"twitter:data1\" content=\"1 minute\" \/>\n<script type=\"application\/ld+json\" class=\"yoast-schema-graph\">{\"@context\":\"https:\\\/\\\/schema.org\",\"@graph\":[{\"@type\":\"WebPage\",\"@id\":\"https:\\\/\\\/www.sdapakuote.lt\\\/lv\\\/produkti\\\/polietilena-maisini\\\/ldpe-maisini\\\/\",\"url\":\"https:\\\/\\\/www.sdapakuote.lt\\\/lv\\\/produkti\\\/polietilena-maisini\\\/ldpe-maisini\\\/\",\"name\":\"LDPE maisi\u0146i - sdapakuote.lt\",\"isPartOf\":{\"@id\":\"https:\\\/\\\/www.sdapakuote.lt\\\/lv\\\/#website\"},\"primaryImageOfPage\":{\"@id\":\"https:\\\/\\\/www.sdapakuote.lt\\\/lv\\\/produkti\\\/polietilena-maisini\\\/ldpe-maisini\\\/#primaryimage\"},\"image\":{\"@id\":\"https:\\\/\\\/www.sdapakuote.lt\\\/lv\\\/produkti\\\/polietilena-maisini\\\/ldpe-maisini\\\/#primaryimage\"},\"thumbnailUrl\":\"https:\\\/\\\/www.sdapakuote.lt\\\/wp-content\\\/uploads\\\/2025\\\/10\\\/LDPE-tipo-maiseliai-300x300.png\",\"datePublished\":\"2025-10-08T11:25:11+00:00\",\"dateModified\":\"2025-10-08T11:26:57+00:00\",\"description\":\"LDPE maisi\u0146i \u2013 iztur\u012bgi, elast\u012bgi un dro\u0161i saskar\u0113 ar p\u0101rtiku. Ra\u017eo\u0161ana un pieg\u0101de p\u0113c pas\u016bt\u012bjuma: da\u017e\u0101di izm\u0113ri, kr\u0101sas un apdruka ar j\u016bsu logotipu.\",\"breadcrumb\":{\"@id\":\"https:\\\/\\\/www.sdapakuote.lt\\\/lv\\\/produkti\\\/polietilena-maisini\\\/ldpe-maisini\\\/#breadcrumb\"},\"inLanguage\":\"lv-LV\",\"potentialAction\":[{\"@type\":\"ReadAction\",\"target\":[\"https:\\\/\\\/www.sdapakuote.lt\\\/lv\\\/produkti\\\/polietilena-maisini\\\/ldpe-maisini\\\/\"]}]},{\"@type\":\"ImageObject\",\"inLanguage\":\"lv-LV\",\"@id\":\"https:\\\/\\\/www.sdapakuote.lt\\\/lv\\\/produkti\\\/polietilena-maisini\\\/ldpe-maisini\\\/#primaryimage\",\"url\":\"https:\\\/\\\/www.sdapakuote.lt\\\/wp-content\\\/uploads\\\/2025\\\/10\\\/LDPE-tipo-maiseliai-300x300.png\",\"contentUrl\":\"https:\\\/\\\/www.sdapakuote.lt\\\/wp-content\\\/uploads\\\/2025\\\/10\\\/LDPE-tipo-maiseliai-300x300.png\"},{\"@type\":\"BreadcrumbList\",\"@id\":\"https:\\\/\\\/www.sdapakuote.lt\\\/lv\\\/produkti\\\/polietilena-maisini\\\/ldpe-maisini\\\/#breadcrumb\",\"itemListElement\":[{\"@type\":\"ListItem\",\"position\":1,\"name\":\"Home\",\"item\":\"https:\\\/\\\/www.sdapakuote.lt\\\/lv\\\/\"},{\"@type\":\"ListItem\",\"position\":2,\"name\":\"Produkti\",\"item\":\"https:\\\/\\\/www.sdapakuote.lt\\\/lv\\\/produkti\\\/\"},{\"@type\":\"ListItem\",\"position\":3,\"name\":\"Polietil\u0113na maisi\u0146i\",\"item\":\"https:\\\/\\\/www.sdapakuote.lt\\\/lv\\\/produkti\\\/polietilena-maisini\\\/\"},{\"@type\":\"ListItem\",\"position\":4,\"name\":\"LDPE maisi\u0146i\"}]},{\"@type\":\"WebSite\",\"@id\":\"https:\\\/\\\/www.sdapakuote.lt\\\/lv\\\/#website\",\"url\":\"https:\\\/\\\/www.sdapakuote.lt\\\/lv\\\/\",\"name\":\"sdapakuote.lt\",\"description\":\"Kol kas tik dar vienas WordPress tinklalapis\",\"potentialAction\":[{\"@type\":\"SearchAction\",\"target\":{\"@type\":\"EntryPoint\",\"urlTemplate\":\"https:\\\/\\\/www.sdapakuote.lt\\\/lv\\\/?s={search_term_string}\"},\"query-input\":{\"@type\":\"PropertyValueSpecification\",\"valueRequired\":true,\"valueName\":\"search_term_string\"}}],\"inLanguage\":\"lv-LV\"}]}<\/script>\n<!-- \/ Yoast SEO plugin. -->","yoast_head_json":{"title":"LDPE maisi\u0146i - sdapakuote.lt","description":"LDPE maisi\u0146i \u2013 iztur\u012bgi, elast\u012bgi un dro\u0161i saskar\u0113 ar p\u0101rtiku. Ra\u017eo\u0161ana un pieg\u0101de p\u0113c pas\u016bt\u012bjuma: da\u017e\u0101di izm\u0113ri, kr\u0101sas un apdruka ar j\u016bsu logotipu.","robots":{"index":"index","follow":"follow","max-snippet":"max-snippet:-1","max-image-preview":"max-image-preview:large","max-video-preview":"max-video-preview:-1"},"canonical":"https:\/\/www.sdapakuote.lt\/lv\/produkti\/polietilena-maisini\/ldpe-maisini\/","og_locale":"lv_LV","og_type":"article","og_title":"LDPE maisi\u0146i - sdapakuote.lt","og_description":"LDPE maisi\u0146i \u2013 iztur\u012bgi, elast\u012bgi un dro\u0161i saskar\u0113 ar p\u0101rtiku. Ra\u017eo\u0161ana un pieg\u0101de p\u0113c pas\u016bt\u012bjuma: da\u017e\u0101di izm\u0113ri, kr\u0101sas un apdruka ar j\u016bsu logotipu.","og_url":"https:\/\/www.sdapakuote.lt\/lv\/produkti\/polietilena-maisini\/ldpe-maisini\/","og_site_name":"sdapakuote.lt","article_modified_time":"2025-10-08T11:26:57+00:00","og_image":[{"width":1024,"height":1024,"url":"https:\/\/www.sdapakuote.lt\/wp-content\/uploads\/2025\/10\/LDPE-tipo-maiseliai.png","type":"image\/png"}],"twitter_card":"summary_large_image","twitter_misc":{"Est. reading time":"1 minute"},"schema":{"@context":"https:\/\/schema.org","@graph":[{"@type":"WebPage","@id":"https:\/\/www.sdapakuote.lt\/lv\/produkti\/polietilena-maisini\/ldpe-maisini\/","url":"https:\/\/www.sdapakuote.lt\/lv\/produkti\/polietilena-maisini\/ldpe-maisini\/","name":"LDPE maisi\u0146i - sdapakuote.lt","isPartOf":{"@id":"https:\/\/www.sdapakuote.lt\/lv\/#website"},"primaryImageOfPage":{"@id":"https:\/\/www.sdapakuote.lt\/lv\/produkti\/polietilena-maisini\/ldpe-maisini\/#primaryimage"},"image":{"@id":"https:\/\/www.sdapakuote.lt\/lv\/produkti\/polietilena-maisini\/ldpe-maisini\/#primaryimage"},"thumbnailUrl":"https:\/\/www.sdapakuote.lt\/wp-content\/uploads\/2025\/10\/LDPE-tipo-maiseliai-300x300.png","datePublished":"2025-10-08T11:25:11+00:00","dateModified":"2025-10-08T11:26:57+00:00","description":"LDPE maisi\u0146i \u2013 iztur\u012bgi, elast\u012bgi un dro\u0161i saskar\u0113 ar p\u0101rtiku. Ra\u017eo\u0161ana un pieg\u0101de p\u0113c pas\u016bt\u012bjuma: da\u017e\u0101di izm\u0113ri, kr\u0101sas un apdruka ar j\u016bsu logotipu.","breadcrumb":{"@id":"https:\/\/www.sdapakuote.lt\/lv\/produkti\/polietilena-maisini\/ldpe-maisini\/#breadcrumb"},"inLanguage":"lv-LV","potentialAction":[{"@type":"ReadAction","target":["https:\/\/www.sdapakuote.lt\/lv\/produkti\/polietilena-maisini\/ldpe-maisini\/"]}]},{"@type":"ImageObject","inLanguage":"lv-LV","@id":"https:\/\/www.sdapakuote.lt\/lv\/produkti\/polietilena-maisini\/ldpe-maisini\/#primaryimage","url":"https:\/\/www.sdapakuote.lt\/wp-content\/uploads\/2025\/10\/LDPE-tipo-maiseliai-300x300.png","contentUrl":"https:\/\/www.sdapakuote.lt\/wp-content\/uploads\/2025\/10\/LDPE-tipo-maiseliai-300x300.png"},{"@type":"BreadcrumbList","@id":"https:\/\/www.sdapakuote.lt\/lv\/produkti\/polietilena-maisini\/ldpe-maisini\/#breadcrumb","itemListElement":[{"@type":"ListItem","position":1,"name":"Home","item":"https:\/\/www.sdapakuote.lt\/lv\/"},{"@type":"ListItem","position":2,"name":"Produkti","item":"https:\/\/www.sdapakuote.lt\/lv\/produkti\/"},{"@type":"ListItem","position":3,"name":"Polietil\u0113na maisi\u0146i","item":"https:\/\/www.sdapakuote.lt\/lv\/produkti\/polietilena-maisini\/"},{"@type":"ListItem","position":4,"name":"LDPE maisi\u0146i"}]},{"@type":"WebSite","@id":"https:\/\/www.sdapakuote.lt\/lv\/#website","url":"https:\/\/www.sdapakuote.lt\/lv\/","name":"sdapakuote.lt","description":"Kol kas tik dar vienas WordPress tinklalapis","potentialAction":[{"@type":"SearchAction","target":{"@type":"EntryPoint","urlTemplate":"https:\/\/www.sdapakuote.lt\/lv\/?s={search_term_string}"},"query-input":{"@type":"PropertyValueSpecification","valueRequired":true,"valueName":"search_term_string"}}],"inLanguage":"lv-LV"}]}},"_links":{"self":[{"href":"https:\/\/www.sdapakuote.lt\/lv\/wp-json\/wp\/v2\/pages\/4668","targetHints":{"allow":["GET"]}}],"collection":[{"href":"https:\/\/www.sdapakuote.lt\/lv\/wp-json\/wp\/v2\/pages"}],"about":[{"href":"https:\/\/www.sdapakuote.lt\/lv\/wp-json\/wp\/v2\/types\/page"}],"author":[{"embeddable":true,"href":"https:\/\/www.sdapakuote.lt\/lv\/wp-json\/wp\/v2\/users\/2"}],"replies":[{"embeddable":true,"href":"https:\/\/www.sdapakuote.lt\/lv\/wp-json\/wp\/v2\/comments?post=4668"}],"version-history":[{"count":3,"href":"https:\/\/www.sdapakuote.lt\/lv\/wp-json\/wp\/v2\/pages\/4668\/revisions"}],"predecessor-version":[{"id":4670,"href":"https:\/\/www.sdapakuote.lt\/lv\/wp-json\/wp\/v2\/pages\/4668\/revisions\/4670"}],"up":[{"embeddable":true,"href":"https:\/\/www.sdapakuote.lt\/lv\/wp-json\/wp\/v2\/pages\/4434"}],"wp:attachment":[{"href":"https:\/\/www.sdapakuote.lt\/lv\/wp-json\/wp\/v2\/media?parent=4668"}],"curies":[{"name":"wp","href":"https:\/\/api.w.org\/{rel}","templated":true}]}}