{"id":4666,"date":"2025-10-08T11:21:47","date_gmt":"2025-10-08T11:21:47","guid":{"rendered":"https:\/\/www.sdapakuote.lt\/?page_id=4666"},"modified":"2025-10-08T11:22:01","modified_gmt":"2025-10-08T11:22:01","slug":"ldpe-maisi-granulam","status":"publish","type":"page","link":"https:\/\/www.sdapakuote.lt\/lv\/produkti\/polietilena-maisini\/ldpe-maisi-granulam\/","title":{"rendered":"LDPE maisi granul\u0101m"},"content":{"rendered":"<h3 data-start=\"311\" data-end=\"371\"><strong data-start=\"315\" data-end=\"371\">LDPE maisi granul\u0101m \u2013 ra\u017eo\u0161ana un vairumtirdzniec\u012bba<\/strong><\/h3>\n<p data-start=\"373\" data-end=\"628\"><strong data-start=\"373\" data-end=\"388\">SDA Pakuot\u0117<\/strong> ra\u017eo un pieg\u0101d\u0101 <strong data-start=\"405\" data-end=\"441\">LDPE polietil\u0113na maisus granul\u0101m<\/strong>, kas paredz\u0113ti \u0113rtai un dro\u0161ai produktu fas\u0113\u0161anai.<br data-start=\"492\" data-end=\"495\" \/><br \/>\n\u0160ie maisi ir \u012bpa\u0161i piepras\u012bti gan r\u016bpniec\u012bb\u0101, gan mazumtirdzniec\u012bb\u0101, jo tie nodro\u0161ina izstr\u0101d\u0101juma aizsardz\u012bbu un k\u0101rt\u012bgu iepakojumu.<\/p>\n<p data-start=\"630\" data-end=\"651\"><strong data-start=\"630\" data-end=\"651\">M\u016bsu pied\u0101v\u0101jums:<\/strong><\/p>\n<ul data-start=\"652\" data-end=\"846\">\n<li data-start=\"652\" data-end=\"720\">\n<p data-start=\"654\" data-end=\"720\">caursp\u012bd\u012bgi LDPE maisi granul\u0101m \u2013 \u013cauj redz\u0113t iepakoto produktu,<\/p>\n<\/li>\n<li data-start=\"721\" data-end=\"801\">\n<p data-start=\"723\" data-end=\"801\">maisi ar logotipu vai uzrakstiem \u2013 individu\u0101la druka p\u0113c klienta pas\u016bt\u012bjuma,<\/p>\n<\/li>\n<li data-start=\"802\" data-end=\"846\">\n<p data-start=\"804\" data-end=\"846\">pieejami da\u017e\u0101di izm\u0113ri, biezumi un kr\u0101sas.<\/p>\n<\/li>\n<\/ul>\n<p data-start=\"848\" data-end=\"873\"><strong data-start=\"848\" data-end=\"873\">K\u0101p\u0113c izv\u0113l\u0113ties m\u016bs:<\/strong><\/p>\n<ul data-start=\"874\" data-end=\"1116\">\n<li data-start=\"874\" data-end=\"932\">\n<p data-start=\"876\" data-end=\"932\">m\u0113s esam ne tikai pieg\u0101d\u0101t\u0101ji, bet ar\u012b maisu ra\u017eot\u0101ji,<\/p>\n<\/li>\n<li data-start=\"933\" data-end=\"1022\">\n<p data-start=\"935\" data-end=\"1022\">specializ\u0113jamies vairumtirdzniec\u012bb\u0101, nodro\u0161inot lab\u0101ko cenas un kvalit\u0101tes attiec\u012bbu,<\/p>\n<\/li>\n<li data-start=\"1023\" data-end=\"1116\">\n<p data-start=\"1025\" data-end=\"1116\">ra\u017eojam maisus, kas piem\u0113roti granul\u0101m, briket\u0113m, beramaj\u0101m izejviel\u0101m un cit\u0101m vajadz\u012bb\u0101m.<\/p>\n<\/li>\n<\/ul>\n<p data-start=\"1118\" data-end=\"1278\">Izv\u0113loties <strong data-start=\"1129\" data-end=\"1144\">SDA Pakuot\u0117<\/strong>, j\u016bs ieg\u016bstat uzticamu partneri, kas sp\u0113j pied\u0101v\u0101t gan standarta LDPE maisus, gan individu\u0101li izgatavotus risin\u0101jumus ar j\u016bsu z\u012bmolu.<\/p>\n","protected":false},"excerpt":{"rendered":"<p>LDPE maisi granul\u0101m \u2013 ra\u017eo\u0161ana un vairumtirdzniec\u012bba SDA Pakuot\u0117 ra\u017eo un pieg\u0101d\u0101 LDPE polietil\u0113na maisus granul\u0101m, kas paredz\u0113ti \u0113rtai un dro\u0161ai produktu fas\u0113\u0161anai. \u0160ie maisi ir \u012bpa\u0161i piepras\u012bti gan r\u016bpniec\u012bb\u0101, gan mazumtirdzniec\u012bb\u0101, jo tie nodro\u0161ina izstr\u0101d\u0101juma aizsardz\u012bbu un k\u0101rt\u012bgu iepakojumu. M\u016bsu pied\u0101v\u0101jums: caursp\u012bd\u012bgi LDPE maisi granul\u0101m \u2013 \u013cauj redz\u0113t iepakoto produktu, maisi ar logotipu vai [&hellip;]<\/p>\n","protected":false},"author":2,"featured_media":4343,"parent":4434,"menu_order":0,"comment_status":"closed","ping_status":"closed","template":"page-single-product.php","meta":{"_acf_changed":false,"footnotes":""},"class_list":["post-4666","page","type-page","status-publish","has-post-thumbnail","hentry"],"acf":[],"yoast_head":"<!-- This site is optimized with the Yoast SEO plugin v27.4 - https:\/\/yoast.com\/product\/yoast-seo-wordpress\/ -->\n<title>LDPE maisi granul\u0101m - sdapakuote.lt<\/title>\n<meta name=\"description\" content=\"LDPE maisi granul\u0101m \u2013 ra\u017eo\u0161ana un vairumtirdzniec\u012bba. Augstas kvalit\u0101tes polietil\u0113na maisi ar iesp\u0113ju druk\u0101t logotipu. Caursp\u012bd\u012bgi, iztur\u012bgi un uzticami risin\u0101jumi.\" \/>\n<meta name=\"robots\" content=\"index, follow, max-snippet:-1, max-image-preview:large, max-video-preview:-1\" \/>\n<link rel=\"canonical\" href=\"https:\/\/www.sdapakuote.lt\/lv\/produkti\/polietilena-maisini\/ldpe-maisi-granulam\/\" \/>\n<meta property=\"og:locale\" content=\"lv_LV\" \/>\n<meta property=\"og:type\" content=\"article\" \/>\n<meta property=\"og:title\" content=\"LDPE maisi granul\u0101m - sdapakuote.lt\" \/>\n<meta property=\"og:description\" content=\"LDPE maisi granul\u0101m \u2013 ra\u017eo\u0161ana un vairumtirdzniec\u012bba. Augstas kvalit\u0101tes polietil\u0113na maisi ar iesp\u0113ju druk\u0101t logotipu. Caursp\u012bd\u012bgi, iztur\u012bgi un uzticami risin\u0101jumi.\" \/>\n<meta property=\"og:url\" content=\"https:\/\/www.sdapakuote.lt\/lv\/produkti\/polietilena-maisini\/ldpe-maisi-granulam\/\" \/>\n<meta property=\"og:site_name\" content=\"sdapakuote.lt\" \/>\n<meta property=\"article:modified_time\" content=\"2025-10-08T11:22:01+00:00\" \/>\n<meta property=\"og:image\" content=\"https:\/\/www.sdapakuote.lt\/wp-content\/uploads\/2025\/10\/LDPE-Maisai-granulems-1024x683.png\" \/>\n\t<meta property=\"og:image:width\" content=\"1024\" \/>\n\t<meta property=\"og:image:height\" content=\"683\" \/>\n\t<meta property=\"og:image:type\" content=\"image\/png\" \/>\n<meta name=\"twitter:card\" content=\"summary_large_image\" \/>\n<meta name=\"twitter:label1\" content=\"Est. reading time\" \/>\n\t<meta name=\"twitter:data1\" content=\"1 minute\" \/>\n<script type=\"application\/ld+json\" class=\"yoast-schema-graph\">{\"@context\":\"https:\\\/\\\/schema.org\",\"@graph\":[{\"@type\":\"WebPage\",\"@id\":\"https:\\\/\\\/www.sdapakuote.lt\\\/lv\\\/produkti\\\/polietilena-maisini\\\/ldpe-maisi-granulam\\\/\",\"url\":\"https:\\\/\\\/www.sdapakuote.lt\\\/lv\\\/produkti\\\/polietilena-maisini\\\/ldpe-maisi-granulam\\\/\",\"name\":\"LDPE maisi granul\u0101m - sdapakuote.lt\",\"isPartOf\":{\"@id\":\"https:\\\/\\\/www.sdapakuote.lt\\\/lv\\\/#website\"},\"primaryImageOfPage\":{\"@id\":\"https:\\\/\\\/www.sdapakuote.lt\\\/lv\\\/produkti\\\/polietilena-maisini\\\/ldpe-maisi-granulam\\\/#primaryimage\"},\"image\":{\"@id\":\"https:\\\/\\\/www.sdapakuote.lt\\\/lv\\\/produkti\\\/polietilena-maisini\\\/ldpe-maisi-granulam\\\/#primaryimage\"},\"thumbnailUrl\":\"https:\\\/\\\/www.sdapakuote.lt\\\/wp-content\\\/uploads\\\/2025\\\/10\\\/LDPE-Maisai-granulems.png\",\"datePublished\":\"2025-10-08T11:21:47+00:00\",\"dateModified\":\"2025-10-08T11:22:01+00:00\",\"description\":\"LDPE maisi granul\u0101m \u2013 ra\u017eo\u0161ana un vairumtirdzniec\u012bba. Augstas kvalit\u0101tes polietil\u0113na maisi ar iesp\u0113ju druk\u0101t logotipu. Caursp\u012bd\u012bgi, iztur\u012bgi un uzticami risin\u0101jumi.\",\"breadcrumb\":{\"@id\":\"https:\\\/\\\/www.sdapakuote.lt\\\/lv\\\/produkti\\\/polietilena-maisini\\\/ldpe-maisi-granulam\\\/#breadcrumb\"},\"inLanguage\":\"lv-LV\",\"potentialAction\":[{\"@type\":\"ReadAction\",\"target\":[\"https:\\\/\\\/www.sdapakuote.lt\\\/lv\\\/produkti\\\/polietilena-maisini\\\/ldpe-maisi-granulam\\\/\"]}]},{\"@type\":\"ImageObject\",\"inLanguage\":\"lv-LV\",\"@id\":\"https:\\\/\\\/www.sdapakuote.lt\\\/lv\\\/produkti\\\/polietilena-maisini\\\/ldpe-maisi-granulam\\\/#primaryimage\",\"url\":\"https:\\\/\\\/www.sdapakuote.lt\\\/wp-content\\\/uploads\\\/2025\\\/10\\\/LDPE-Maisai-granulems.png\",\"contentUrl\":\"https:\\\/\\\/www.sdapakuote.lt\\\/wp-content\\\/uploads\\\/2025\\\/10\\\/LDPE-Maisai-granulems.png\",\"width\":1536,\"height\":1024,\"caption\":\"LDPE Mai\u0161ai granul\u0117ms\"},{\"@type\":\"BreadcrumbList\",\"@id\":\"https:\\\/\\\/www.sdapakuote.lt\\\/lv\\\/produkti\\\/polietilena-maisini\\\/ldpe-maisi-granulam\\\/#breadcrumb\",\"itemListElement\":[{\"@type\":\"ListItem\",\"position\":1,\"name\":\"Home\",\"item\":\"https:\\\/\\\/www.sdapakuote.lt\\\/lv\\\/\"},{\"@type\":\"ListItem\",\"position\":2,\"name\":\"Produkti\",\"item\":\"https:\\\/\\\/www.sdapakuote.lt\\\/lv\\\/produkti\\\/\"},{\"@type\":\"ListItem\",\"position\":3,\"name\":\"Polietil\u0113na maisi\u0146i\",\"item\":\"https:\\\/\\\/www.sdapakuote.lt\\\/lv\\\/produkti\\\/polietilena-maisini\\\/\"},{\"@type\":\"ListItem\",\"position\":4,\"name\":\"LDPE maisi granul\u0101m\"}]},{\"@type\":\"WebSite\",\"@id\":\"https:\\\/\\\/www.sdapakuote.lt\\\/lv\\\/#website\",\"url\":\"https:\\\/\\\/www.sdapakuote.lt\\\/lv\\\/\",\"name\":\"sdapakuote.lt\",\"description\":\"Kol kas tik dar vienas WordPress tinklalapis\",\"potentialAction\":[{\"@type\":\"SearchAction\",\"target\":{\"@type\":\"EntryPoint\",\"urlTemplate\":\"https:\\\/\\\/www.sdapakuote.lt\\\/lv\\\/?s={search_term_string}\"},\"query-input\":{\"@type\":\"PropertyValueSpecification\",\"valueRequired\":true,\"valueName\":\"search_term_string\"}}],\"inLanguage\":\"lv-LV\"}]}<\/script>\n<!-- \/ Yoast SEO plugin. -->","yoast_head_json":{"title":"LDPE maisi granul\u0101m - sdapakuote.lt","description":"LDPE maisi granul\u0101m \u2013 ra\u017eo\u0161ana un vairumtirdzniec\u012bba. Augstas kvalit\u0101tes polietil\u0113na maisi ar iesp\u0113ju druk\u0101t logotipu. Caursp\u012bd\u012bgi, iztur\u012bgi un uzticami risin\u0101jumi.","robots":{"index":"index","follow":"follow","max-snippet":"max-snippet:-1","max-image-preview":"max-image-preview:large","max-video-preview":"max-video-preview:-1"},"canonical":"https:\/\/www.sdapakuote.lt\/lv\/produkti\/polietilena-maisini\/ldpe-maisi-granulam\/","og_locale":"lv_LV","og_type":"article","og_title":"LDPE maisi granul\u0101m - sdapakuote.lt","og_description":"LDPE maisi granul\u0101m \u2013 ra\u017eo\u0161ana un vairumtirdzniec\u012bba. Augstas kvalit\u0101tes polietil\u0113na maisi ar iesp\u0113ju druk\u0101t logotipu. Caursp\u012bd\u012bgi, iztur\u012bgi un uzticami risin\u0101jumi.","og_url":"https:\/\/www.sdapakuote.lt\/lv\/produkti\/polietilena-maisini\/ldpe-maisi-granulam\/","og_site_name":"sdapakuote.lt","article_modified_time":"2025-10-08T11:22:01+00:00","og_image":[{"width":1024,"height":683,"url":"https:\/\/www.sdapakuote.lt\/wp-content\/uploads\/2025\/10\/LDPE-Maisai-granulems-1024x683.png","type":"image\/png"}],"twitter_card":"summary_large_image","twitter_misc":{"Est. reading time":"1 minute"},"schema":{"@context":"https:\/\/schema.org","@graph":[{"@type":"WebPage","@id":"https:\/\/www.sdapakuote.lt\/lv\/produkti\/polietilena-maisini\/ldpe-maisi-granulam\/","url":"https:\/\/www.sdapakuote.lt\/lv\/produkti\/polietilena-maisini\/ldpe-maisi-granulam\/","name":"LDPE maisi granul\u0101m - sdapakuote.lt","isPartOf":{"@id":"https:\/\/www.sdapakuote.lt\/lv\/#website"},"primaryImageOfPage":{"@id":"https:\/\/www.sdapakuote.lt\/lv\/produkti\/polietilena-maisini\/ldpe-maisi-granulam\/#primaryimage"},"image":{"@id":"https:\/\/www.sdapakuote.lt\/lv\/produkti\/polietilena-maisini\/ldpe-maisi-granulam\/#primaryimage"},"thumbnailUrl":"https:\/\/www.sdapakuote.lt\/wp-content\/uploads\/2025\/10\/LDPE-Maisai-granulems.png","datePublished":"2025-10-08T11:21:47+00:00","dateModified":"2025-10-08T11:22:01+00:00","description":"LDPE maisi granul\u0101m \u2013 ra\u017eo\u0161ana un vairumtirdzniec\u012bba. Augstas kvalit\u0101tes polietil\u0113na maisi ar iesp\u0113ju druk\u0101t logotipu. Caursp\u012bd\u012bgi, iztur\u012bgi un uzticami risin\u0101jumi.","breadcrumb":{"@id":"https:\/\/www.sdapakuote.lt\/lv\/produkti\/polietilena-maisini\/ldpe-maisi-granulam\/#breadcrumb"},"inLanguage":"lv-LV","potentialAction":[{"@type":"ReadAction","target":["https:\/\/www.sdapakuote.lt\/lv\/produkti\/polietilena-maisini\/ldpe-maisi-granulam\/"]}]},{"@type":"ImageObject","inLanguage":"lv-LV","@id":"https:\/\/www.sdapakuote.lt\/lv\/produkti\/polietilena-maisini\/ldpe-maisi-granulam\/#primaryimage","url":"https:\/\/www.sdapakuote.lt\/wp-content\/uploads\/2025\/10\/LDPE-Maisai-granulems.png","contentUrl":"https:\/\/www.sdapakuote.lt\/wp-content\/uploads\/2025\/10\/LDPE-Maisai-granulems.png","width":1536,"height":1024,"caption":"LDPE Mai\u0161ai granul\u0117ms"},{"@type":"BreadcrumbList","@id":"https:\/\/www.sdapakuote.lt\/lv\/produkti\/polietilena-maisini\/ldpe-maisi-granulam\/#breadcrumb","itemListElement":[{"@type":"ListItem","position":1,"name":"Home","item":"https:\/\/www.sdapakuote.lt\/lv\/"},{"@type":"ListItem","position":2,"name":"Produkti","item":"https:\/\/www.sdapakuote.lt\/lv\/produkti\/"},{"@type":"ListItem","position":3,"name":"Polietil\u0113na maisi\u0146i","item":"https:\/\/www.sdapakuote.lt\/lv\/produkti\/polietilena-maisini\/"},{"@type":"ListItem","position":4,"name":"LDPE maisi granul\u0101m"}]},{"@type":"WebSite","@id":"https:\/\/www.sdapakuote.lt\/lv\/#website","url":"https:\/\/www.sdapakuote.lt\/lv\/","name":"sdapakuote.lt","description":"Kol kas tik dar vienas WordPress tinklalapis","potentialAction":[{"@type":"SearchAction","target":{"@type":"EntryPoint","urlTemplate":"https:\/\/www.sdapakuote.lt\/lv\/?s={search_term_string}"},"query-input":{"@type":"PropertyValueSpecification","valueRequired":true,"valueName":"search_term_string"}}],"inLanguage":"lv-LV"}]}},"_links":{"self":[{"href":"https:\/\/www.sdapakuote.lt\/lv\/wp-json\/wp\/v2\/pages\/4666","targetHints":{"allow":["GET"]}}],"collection":[{"href":"https:\/\/www.sdapakuote.lt\/lv\/wp-json\/wp\/v2\/pages"}],"about":[{"href":"https:\/\/www.sdapakuote.lt\/lv\/wp-json\/wp\/v2\/types\/page"}],"author":[{"embeddable":true,"href":"https:\/\/www.sdapakuote.lt\/lv\/wp-json\/wp\/v2\/users\/2"}],"replies":[{"embeddable":true,"href":"https:\/\/www.sdapakuote.lt\/lv\/wp-json\/wp\/v2\/comments?post=4666"}],"version-history":[{"count":1,"href":"https:\/\/www.sdapakuote.lt\/lv\/wp-json\/wp\/v2\/pages\/4666\/revisions"}],"predecessor-version":[{"id":4667,"href":"https:\/\/www.sdapakuote.lt\/lv\/wp-json\/wp\/v2\/pages\/4666\/revisions\/4667"}],"up":[{"embeddable":true,"href":"https:\/\/www.sdapakuote.lt\/lv\/wp-json\/wp\/v2\/pages\/4434"}],"wp:featuredmedia":[{"embeddable":true,"href":"https:\/\/www.sdapakuote.lt\/lv\/wp-json\/wp\/v2\/media\/4343"}],"wp:attachment":[{"href":"https:\/\/www.sdapakuote.lt\/lv\/wp-json\/wp\/v2\/media?parent=4666"}],"curies":[{"name":"wp","href":"https:\/\/api.w.org\/{rel}","templated":true}]}}