{"id":4662,"date":"2025-10-08T11:14:37","date_gmt":"2025-10-08T11:14:37","guid":{"rendered":"https:\/\/www.sdapakuote.lt\/?page_id=4662"},"modified":"2025-10-08T11:18:57","modified_gmt":"2025-10-08T11:18:57","slug":"tiklinmaisi","status":"publish","type":"page","link":"https:\/\/www.sdapakuote.lt\/lv\/produkti\/polietilena-maisini\/maisi-no-dazadiem-materialiem\/tiklinmaisi\/","title":{"rendered":"T\u012bkli\u0146maisi"},"content":{"rendered":"<h3 data-start=\"171\" data-end=\"234\"><strong data-start=\"175\" data-end=\"234\">T\u012bkli\u0146maisi kartupe\u013ciem, d\u0101rze\u0146iem un citai produkcijai<\/strong><\/h3>\n<p data-start=\"236\" data-end=\"501\"><strong data-start=\"236\" data-end=\"251\">SDA Pakuot\u0117<\/strong> pied\u0101v\u0101 augstas kvalit\u0101tes t\u012bkli\u0146maisi\u0146us, kas paredz\u0113ti kartupe\u013cu, burk\u0101nu, s\u012bpolu, k\u0101postu un citu d\u0101rze\u0146u fas\u0113\u0161anai.<br data-start=\"371\" data-end=\"374\" \/><br \/>\nTas ir uzticams un praktisks risin\u0101jums, kas nodro\u0161ina optim\u0101lu gaisa cirkul\u0101ciju, lai produkti saglab\u0101tos svaigi ilg\u0101ku laiku.<\/p>\n<p data-start=\"503\" data-end=\"525\"><strong data-start=\"503\" data-end=\"525\">Galven\u0101s \u012bpa\u0161\u012bbas:<\/strong><\/p>\n<ul data-start=\"526\" data-end=\"695\">\n<li data-start=\"526\" data-end=\"569\">\n<p data-start=\"528\" data-end=\"569\">piem\u0113roti fas\u0113\u0161anai pa 10, 25 un 50 kg,<\/p>\n<\/li>\n<li data-start=\"570\" data-end=\"607\">\n<p data-start=\"572\" data-end=\"607\">maisi\u0146i iepakoti pa 100 gabaliem,<\/p>\n<\/li>\n<li data-start=\"608\" data-end=\"646\">\n<p data-start=\"610\" data-end=\"646\">iztur\u012bgi un notur\u012bgi pret pl\u012b\u0161anu,<\/p>\n<\/li>\n<li data-start=\"647\" data-end=\"695\">\n<p data-start=\"649\" data-end=\"695\">t\u012bkla strukt\u016bra nodro\u0161ina d\u0101rze\u0146u ventil\u0101ciju.<\/p>\n<\/li>\n<\/ul>\n<p data-start=\"697\" data-end=\"738\"><strong data-start=\"697\" data-end=\"738\">Pieejamie izm\u0113ri un kr\u0101sas noliktav\u0101:<\/strong><\/p>\n<ul data-start=\"739\" data-end=\"815\">\n<li data-start=\"739\" data-end=\"763\">\n<p data-start=\"741\" data-end=\"763\">35 \u00d7 55 cm \u2013 oran\u017ei,<\/p>\n<\/li>\n<li data-start=\"764\" data-end=\"789\">\n<p data-start=\"766\" data-end=\"789\">50 \u00d7 65 cm \u2013 violeti,<\/p>\n<\/li>\n<li data-start=\"790\" data-end=\"815\">\n<p data-start=\"792\" data-end=\"815\">50 \u00d7 80 cm \u2013 violeti.<\/p>\n<\/li>\n<\/ul>\n<p data-start=\"817\" data-end=\"986\">\u0160ie <strong data-start=\"821\" data-end=\"861\">t\u012bkli\u0146maisi d\u0101rze\u0146iem un kartupe\u013ciem<\/strong> ir \u012bpa\u0161i iecien\u012bti saimniec\u012bb\u0101s, tirdzniec\u012bbas viet\u0101s un noliktav\u0101s, pateicoties to uzticam\u012bbai, ietilp\u012bbai un praktiskumam.<\/p>\n","protected":false},"excerpt":{"rendered":"<p>T\u012bkli\u0146maisi kartupe\u013ciem, d\u0101rze\u0146iem un citai produkcijai SDA Pakuot\u0117 pied\u0101v\u0101 augstas kvalit\u0101tes t\u012bkli\u0146maisi\u0146us, kas paredz\u0113ti kartupe\u013cu, burk\u0101nu, s\u012bpolu, k\u0101postu un citu d\u0101rze\u0146u fas\u0113\u0161anai. Tas ir uzticams un praktisks risin\u0101jums, kas nodro\u0161ina optim\u0101lu gaisa cirkul\u0101ciju, lai produkti saglab\u0101tos svaigi ilg\u0101ku laiku. Galven\u0101s \u012bpa\u0161\u012bbas: piem\u0113roti fas\u0113\u0161anai pa 10, 25 un 50 kg, maisi\u0146i iepakoti pa 100 gabaliem, iztur\u012bgi [&hellip;]<\/p>\n","protected":false},"author":2,"featured_media":4663,"parent":4543,"menu_order":0,"comment_status":"closed","ping_status":"closed","template":"page-single-product.php","meta":{"_acf_changed":false,"footnotes":""},"class_list":["post-4662","page","type-page","status-publish","has-post-thumbnail","hentry"],"acf":[],"yoast_head":"<!-- This site is optimized with the Yoast SEO plugin v27.4 - https:\/\/yoast.com\/product\/yoast-seo-wordpress\/ -->\n<title>T\u012bkli\u0146maisi - sdapakuote.lt<\/title>\n<meta name=\"description\" content=\"Augstas kvalit\u0101tes t\u012bkli\u0146maisi d\u0101rze\u0146iem un kartupe\u013ciem \u2013 iztur\u012bgi, praktiski un nodro\u0161ina lielisku gaisa cirkul\u0101ciju. Pieejami da\u017e\u0101di izm\u0113ri un kr\u0101sas noliktav\u0101.\" \/>\n<meta name=\"robots\" content=\"index, follow, max-snippet:-1, max-image-preview:large, max-video-preview:-1\" \/>\n<link rel=\"canonical\" href=\"https:\/\/www.sdapakuote.lt\/lv\/produkti\/polietilena-maisini\/maisi-no-dazadiem-materialiem\/tiklinmaisi\/\" \/>\n<meta property=\"og:locale\" content=\"lv_LV\" \/>\n<meta property=\"og:type\" content=\"article\" \/>\n<meta property=\"og:title\" content=\"T\u012bkli\u0146maisi - sdapakuote.lt\" \/>\n<meta property=\"og:description\" content=\"Augstas kvalit\u0101tes t\u012bkli\u0146maisi d\u0101rze\u0146iem un kartupe\u013ciem \u2013 iztur\u012bgi, praktiski un nodro\u0161ina lielisku gaisa cirkul\u0101ciju. Pieejami da\u017e\u0101di izm\u0113ri un kr\u0101sas noliktav\u0101.\" \/>\n<meta property=\"og:url\" content=\"https:\/\/www.sdapakuote.lt\/lv\/produkti\/polietilena-maisini\/maisi-no-dazadiem-materialiem\/tiklinmaisi\/\" \/>\n<meta property=\"og:site_name\" content=\"sdapakuote.lt\" \/>\n<meta property=\"article:modified_time\" content=\"2025-10-08T11:18:57+00:00\" \/>\n<meta property=\"og:image\" content=\"https:\/\/www.sdapakuote.lt\/wp-content\/uploads\/2022\/02\/20220209_095332-scaled.jpg\" \/>\n\t<meta property=\"og:image:width\" content=\"2560\" \/>\n\t<meta property=\"og:image:height\" content=\"1649\" \/>\n\t<meta property=\"og:image:type\" content=\"image\/jpeg\" \/>\n<meta name=\"twitter:card\" content=\"summary_large_image\" \/>\n<meta name=\"twitter:label1\" content=\"Est. reading time\" \/>\n\t<meta name=\"twitter:data1\" content=\"1 minute\" \/>\n<script type=\"application\/ld+json\" class=\"yoast-schema-graph\">{\"@context\":\"https:\\\/\\\/schema.org\",\"@graph\":[{\"@type\":\"WebPage\",\"@id\":\"https:\\\/\\\/www.sdapakuote.lt\\\/lv\\\/produkti\\\/polietilena-maisini\\\/maisi-no-dazadiem-materialiem\\\/tiklinmaisi\\\/\",\"url\":\"https:\\\/\\\/www.sdapakuote.lt\\\/lv\\\/produkti\\\/polietilena-maisini\\\/maisi-no-dazadiem-materialiem\\\/tiklinmaisi\\\/\",\"name\":\"T\u012bkli\u0146maisi - sdapakuote.lt\",\"isPartOf\":{\"@id\":\"https:\\\/\\\/www.sdapakuote.lt\\\/lv\\\/#website\"},\"primaryImageOfPage\":{\"@id\":\"https:\\\/\\\/www.sdapakuote.lt\\\/lv\\\/produkti\\\/polietilena-maisini\\\/maisi-no-dazadiem-materialiem\\\/tiklinmaisi\\\/#primaryimage\"},\"image\":{\"@id\":\"https:\\\/\\\/www.sdapakuote.lt\\\/lv\\\/produkti\\\/polietilena-maisini\\\/maisi-no-dazadiem-materialiem\\\/tiklinmaisi\\\/#primaryimage\"},\"thumbnailUrl\":\"https:\\\/\\\/www.sdapakuote.lt\\\/wp-content\\\/uploads\\\/2022\\\/02\\\/20220209_095332-scaled.jpg\",\"datePublished\":\"2025-10-08T11:14:37+00:00\",\"dateModified\":\"2025-10-08T11:18:57+00:00\",\"description\":\"Augstas kvalit\u0101tes t\u012bkli\u0146maisi d\u0101rze\u0146iem un kartupe\u013ciem \u2013 iztur\u012bgi, praktiski un nodro\u0161ina lielisku gaisa cirkul\u0101ciju. Pieejami da\u017e\u0101di izm\u0113ri un kr\u0101sas noliktav\u0101.\",\"breadcrumb\":{\"@id\":\"https:\\\/\\\/www.sdapakuote.lt\\\/lv\\\/produkti\\\/polietilena-maisini\\\/maisi-no-dazadiem-materialiem\\\/tiklinmaisi\\\/#breadcrumb\"},\"inLanguage\":\"lv-LV\",\"potentialAction\":[{\"@type\":\"ReadAction\",\"target\":[\"https:\\\/\\\/www.sdapakuote.lt\\\/lv\\\/produkti\\\/polietilena-maisini\\\/maisi-no-dazadiem-materialiem\\\/tiklinmaisi\\\/\"]}]},{\"@type\":\"ImageObject\",\"inLanguage\":\"lv-LV\",\"@id\":\"https:\\\/\\\/www.sdapakuote.lt\\\/lv\\\/produkti\\\/polietilena-maisini\\\/maisi-no-dazadiem-materialiem\\\/tiklinmaisi\\\/#primaryimage\",\"url\":\"https:\\\/\\\/www.sdapakuote.lt\\\/wp-content\\\/uploads\\\/2022\\\/02\\\/20220209_095332-scaled.jpg\",\"contentUrl\":\"https:\\\/\\\/www.sdapakuote.lt\\\/wp-content\\\/uploads\\\/2022\\\/02\\\/20220209_095332-scaled.jpg\",\"width\":2560,\"height\":1649,\"caption\":\"Tinkliniai mai\u0161ai dar\u017eov\u0117ms\"},{\"@type\":\"BreadcrumbList\",\"@id\":\"https:\\\/\\\/www.sdapakuote.lt\\\/lv\\\/produkti\\\/polietilena-maisini\\\/maisi-no-dazadiem-materialiem\\\/tiklinmaisi\\\/#breadcrumb\",\"itemListElement\":[{\"@type\":\"ListItem\",\"position\":1,\"name\":\"Home\",\"item\":\"https:\\\/\\\/www.sdapakuote.lt\\\/lv\\\/\"},{\"@type\":\"ListItem\",\"position\":2,\"name\":\"Produkti\",\"item\":\"https:\\\/\\\/www.sdapakuote.lt\\\/lv\\\/produkti\\\/\"},{\"@type\":\"ListItem\",\"position\":3,\"name\":\"Polietil\u0113na maisi\u0146i\",\"item\":\"https:\\\/\\\/www.sdapakuote.lt\\\/lv\\\/produkti\\\/polietilena-maisini\\\/\"},{\"@type\":\"ListItem\",\"position\":4,\"name\":\"Maisi no da\u017e\u0101diem materi\u0101liem\",\"item\":\"https:\\\/\\\/www.sdapakuote.lt\\\/lv\\\/produkti\\\/polietilena-maisini\\\/maisi-no-dazadiem-materialiem\\\/\"},{\"@type\":\"ListItem\",\"position\":5,\"name\":\"T\u012bkli\u0146maisi\"}]},{\"@type\":\"WebSite\",\"@id\":\"https:\\\/\\\/www.sdapakuote.lt\\\/lv\\\/#website\",\"url\":\"https:\\\/\\\/www.sdapakuote.lt\\\/lv\\\/\",\"name\":\"sdapakuote.lt\",\"description\":\"Kol kas tik dar vienas WordPress tinklalapis\",\"potentialAction\":[{\"@type\":\"SearchAction\",\"target\":{\"@type\":\"EntryPoint\",\"urlTemplate\":\"https:\\\/\\\/www.sdapakuote.lt\\\/lv\\\/?s={search_term_string}\"},\"query-input\":{\"@type\":\"PropertyValueSpecification\",\"valueRequired\":true,\"valueName\":\"search_term_string\"}}],\"inLanguage\":\"lv-LV\"}]}<\/script>\n<!-- \/ Yoast SEO plugin. -->","yoast_head_json":{"title":"T\u012bkli\u0146maisi - sdapakuote.lt","description":"Augstas kvalit\u0101tes t\u012bkli\u0146maisi d\u0101rze\u0146iem un kartupe\u013ciem \u2013 iztur\u012bgi, praktiski un nodro\u0161ina lielisku gaisa cirkul\u0101ciju. Pieejami da\u017e\u0101di izm\u0113ri un kr\u0101sas noliktav\u0101.","robots":{"index":"index","follow":"follow","max-snippet":"max-snippet:-1","max-image-preview":"max-image-preview:large","max-video-preview":"max-video-preview:-1"},"canonical":"https:\/\/www.sdapakuote.lt\/lv\/produkti\/polietilena-maisini\/maisi-no-dazadiem-materialiem\/tiklinmaisi\/","og_locale":"lv_LV","og_type":"article","og_title":"T\u012bkli\u0146maisi - sdapakuote.lt","og_description":"Augstas kvalit\u0101tes t\u012bkli\u0146maisi d\u0101rze\u0146iem un kartupe\u013ciem \u2013 iztur\u012bgi, praktiski un nodro\u0161ina lielisku gaisa cirkul\u0101ciju. Pieejami da\u017e\u0101di izm\u0113ri un kr\u0101sas noliktav\u0101.","og_url":"https:\/\/www.sdapakuote.lt\/lv\/produkti\/polietilena-maisini\/maisi-no-dazadiem-materialiem\/tiklinmaisi\/","og_site_name":"sdapakuote.lt","article_modified_time":"2025-10-08T11:18:57+00:00","og_image":[{"width":2560,"height":1649,"url":"https:\/\/www.sdapakuote.lt\/wp-content\/uploads\/2022\/02\/20220209_095332-scaled.jpg","type":"image\/jpeg"}],"twitter_card":"summary_large_image","twitter_misc":{"Est. reading time":"1 minute"},"schema":{"@context":"https:\/\/schema.org","@graph":[{"@type":"WebPage","@id":"https:\/\/www.sdapakuote.lt\/lv\/produkti\/polietilena-maisini\/maisi-no-dazadiem-materialiem\/tiklinmaisi\/","url":"https:\/\/www.sdapakuote.lt\/lv\/produkti\/polietilena-maisini\/maisi-no-dazadiem-materialiem\/tiklinmaisi\/","name":"T\u012bkli\u0146maisi - sdapakuote.lt","isPartOf":{"@id":"https:\/\/www.sdapakuote.lt\/lv\/#website"},"primaryImageOfPage":{"@id":"https:\/\/www.sdapakuote.lt\/lv\/produkti\/polietilena-maisini\/maisi-no-dazadiem-materialiem\/tiklinmaisi\/#primaryimage"},"image":{"@id":"https:\/\/www.sdapakuote.lt\/lv\/produkti\/polietilena-maisini\/maisi-no-dazadiem-materialiem\/tiklinmaisi\/#primaryimage"},"thumbnailUrl":"https:\/\/www.sdapakuote.lt\/wp-content\/uploads\/2022\/02\/20220209_095332-scaled.jpg","datePublished":"2025-10-08T11:14:37+00:00","dateModified":"2025-10-08T11:18:57+00:00","description":"Augstas kvalit\u0101tes t\u012bkli\u0146maisi d\u0101rze\u0146iem un kartupe\u013ciem \u2013 iztur\u012bgi, praktiski un nodro\u0161ina lielisku gaisa cirkul\u0101ciju. Pieejami da\u017e\u0101di izm\u0113ri un kr\u0101sas noliktav\u0101.","breadcrumb":{"@id":"https:\/\/www.sdapakuote.lt\/lv\/produkti\/polietilena-maisini\/maisi-no-dazadiem-materialiem\/tiklinmaisi\/#breadcrumb"},"inLanguage":"lv-LV","potentialAction":[{"@type":"ReadAction","target":["https:\/\/www.sdapakuote.lt\/lv\/produkti\/polietilena-maisini\/maisi-no-dazadiem-materialiem\/tiklinmaisi\/"]}]},{"@type":"ImageObject","inLanguage":"lv-LV","@id":"https:\/\/www.sdapakuote.lt\/lv\/produkti\/polietilena-maisini\/maisi-no-dazadiem-materialiem\/tiklinmaisi\/#primaryimage","url":"https:\/\/www.sdapakuote.lt\/wp-content\/uploads\/2022\/02\/20220209_095332-scaled.jpg","contentUrl":"https:\/\/www.sdapakuote.lt\/wp-content\/uploads\/2022\/02\/20220209_095332-scaled.jpg","width":2560,"height":1649,"caption":"Tinkliniai mai\u0161ai dar\u017eov\u0117ms"},{"@type":"BreadcrumbList","@id":"https:\/\/www.sdapakuote.lt\/lv\/produkti\/polietilena-maisini\/maisi-no-dazadiem-materialiem\/tiklinmaisi\/#breadcrumb","itemListElement":[{"@type":"ListItem","position":1,"name":"Home","item":"https:\/\/www.sdapakuote.lt\/lv\/"},{"@type":"ListItem","position":2,"name":"Produkti","item":"https:\/\/www.sdapakuote.lt\/lv\/produkti\/"},{"@type":"ListItem","position":3,"name":"Polietil\u0113na maisi\u0146i","item":"https:\/\/www.sdapakuote.lt\/lv\/produkti\/polietilena-maisini\/"},{"@type":"ListItem","position":4,"name":"Maisi no da\u017e\u0101diem materi\u0101liem","item":"https:\/\/www.sdapakuote.lt\/lv\/produkti\/polietilena-maisini\/maisi-no-dazadiem-materialiem\/"},{"@type":"ListItem","position":5,"name":"T\u012bkli\u0146maisi"}]},{"@type":"WebSite","@id":"https:\/\/www.sdapakuote.lt\/lv\/#website","url":"https:\/\/www.sdapakuote.lt\/lv\/","name":"sdapakuote.lt","description":"Kol kas tik dar vienas WordPress tinklalapis","potentialAction":[{"@type":"SearchAction","target":{"@type":"EntryPoint","urlTemplate":"https:\/\/www.sdapakuote.lt\/lv\/?s={search_term_string}"},"query-input":{"@type":"PropertyValueSpecification","valueRequired":true,"valueName":"search_term_string"}}],"inLanguage":"lv-LV"}]}},"_links":{"self":[{"href":"https:\/\/www.sdapakuote.lt\/lv\/wp-json\/wp\/v2\/pages\/4662","targetHints":{"allow":["GET"]}}],"collection":[{"href":"https:\/\/www.sdapakuote.lt\/lv\/wp-json\/wp\/v2\/pages"}],"about":[{"href":"https:\/\/www.sdapakuote.lt\/lv\/wp-json\/wp\/v2\/types\/page"}],"author":[{"embeddable":true,"href":"https:\/\/www.sdapakuote.lt\/lv\/wp-json\/wp\/v2\/users\/2"}],"replies":[{"embeddable":true,"href":"https:\/\/www.sdapakuote.lt\/lv\/wp-json\/wp\/v2\/comments?post=4662"}],"version-history":[{"count":2,"href":"https:\/\/www.sdapakuote.lt\/lv\/wp-json\/wp\/v2\/pages\/4662\/revisions"}],"predecessor-version":[{"id":4665,"href":"https:\/\/www.sdapakuote.lt\/lv\/wp-json\/wp\/v2\/pages\/4662\/revisions\/4665"}],"up":[{"embeddable":true,"href":"https:\/\/www.sdapakuote.lt\/lv\/wp-json\/wp\/v2\/pages\/4543"}],"wp:featuredmedia":[{"embeddable":true,"href":"https:\/\/www.sdapakuote.lt\/lv\/wp-json\/wp\/v2\/media\/4663"}],"wp:attachment":[{"href":"https:\/\/www.sdapakuote.lt\/lv\/wp-json\/wp\/v2\/media?parent=4662"}],"curies":[{"name":"wp","href":"https:\/\/api.w.org\/{rel}","templated":true}]}}