{"id":4650,"date":"2025-10-08T10:54:18","date_gmt":"2025-10-08T10:54:18","guid":{"rendered":"https:\/\/www.sdapakuote.lt\/?page_id=4650"},"modified":"2025-10-08T10:54:36","modified_gmt":"2025-10-08T10:54:36","slug":"ekologiski-auduma-maisini-ar-apdruku","status":"publish","type":"page","link":"https:\/\/www.sdapakuote.lt\/lv\/produkti\/polietilena-maisini\/maisi-no-dazadiem-materialiem\/ekologiski-auduma-maisini-ar-apdruku\/","title":{"rendered":"Ekolo\u0123iski auduma maisi\u0146i ar apdruku"},"content":{"rendered":"<p><img loading=\"lazy\" decoding=\"async\" class=\"size-medium wp-image-4651 alignleft\" src=\"https:\/\/www.sdapakuote.lt\/wp-content\/uploads\/2025\/01\/20250123_143925-1-173x300.jpg\" alt=\"Ekolo\u0123iski auduma maisi\u0146i ar apdruku\" width=\"173\" height=\"300\" srcset=\"https:\/\/www.sdapakuote.lt\/wp-content\/uploads\/2025\/01\/20250123_143925-1-173x300.jpg 173w, https:\/\/www.sdapakuote.lt\/wp-content\/uploads\/2025\/01\/20250123_143925-1-591x1024.jpg 591w, https:\/\/www.sdapakuote.lt\/wp-content\/uploads\/2025\/01\/20250123_143925-1-768x1332.jpg 768w, https:\/\/www.sdapakuote.lt\/wp-content\/uploads\/2025\/01\/20250123_143925-1-886x1536.jpg 886w, https:\/\/www.sdapakuote.lt\/wp-content\/uploads\/2025\/01\/20250123_143925-1.jpg 1000w\" sizes=\"auto, (max-width: 173px) 100vw, 173px\" \/><\/p>\n<p data-start=\"314\" data-end=\"603\"><strong data-start=\"314\" data-end=\"329\">SDA Pakuot\u0117<\/strong> pied\u0101v\u0101 <strong data-start=\"338\" data-end=\"380\">ekolo\u0123iskus auduma maisi\u0146us ar apdruku<\/strong>, kas ir lieliska izv\u0113le uz\u0146\u0113mumiem un priv\u0101tperson\u0101m, kuri nov\u0113rt\u0113 ilgtsp\u0113ju, kvalit\u0101ti un est\u0113tiku.<br data-start=\"481\" data-end=\"484\" \/><br \/>\nTas ir ne tikai praktisks, bet ar\u012b elegants iepakojuma un rekl\u0101mas risin\u0101jums, kas pal\u012bdz j\u016bsu z\u012bmolam izcelties tirg\u016b.<\/p>\n<p data-start=\"605\" data-end=\"866\"><strong data-start=\"605\" data-end=\"631\">Ekolo\u0123isks risin\u0101jums:<\/strong><br data-start=\"631\" data-end=\"634\" \/><br \/>\nM\u0113s druk\u0101jam ar <strong data-start=\"650\" data-end=\"677\">videi draudz\u012bg\u0101m kr\u0101s\u0101m<\/strong> uz atk\u0101rtoti izmantojamiem kokvilnas (auduma) maisi\u0146iem, t\u0101d\u0113j\u0101di samazinot plastmasas pat\u0113ri\u0146u un saudz\u0113jot dabu.<br data-start=\"792\" data-end=\"795\" \/><br \/>\nKatrs maisi\u0146\u0161 simboliz\u0113 atbild\u012bgu pat\u0113ri\u0146u un r\u016bpes par apk\u0101rt\u0113jo vidi.<\/p>\n<p data-start=\"868\" data-end=\"1148\"><strong data-start=\"868\" data-end=\"926\">Izgatavots no dab\u012bgiem un p\u0101rstr\u0101d\u0101jamiem materi\u0101liem:<\/strong><br data-start=\"926\" data-end=\"929\" \/><br \/>\nMaisi\u0146i tiek izgatavoti no augstas kvalit\u0101tes kokvilnas auduma, kas ir iztur\u012bgs, pat\u012bkams taustei un piem\u0113rots ilgsto\u0161ai lieto\u0161anai.<br data-start=\"1061\" data-end=\"1064\" \/><br \/>\nIzv\u0113loties m\u016bsu produkciju, j\u016bs pal\u012bdzat veidot <strong data-start=\"1112\" data-end=\"1147\">za\u013c\u0101ku un ilgtsp\u0113j\u012bg\u0101ku n\u0101kotni<\/strong>.<\/p>\n<p data-start=\"1150\" data-end=\"1351\"><strong data-start=\"1150\" data-end=\"1180\">Mazs vai liels pas\u016bt\u012bjums:<\/strong><br data-start=\"1180\" data-end=\"1183\" \/><br \/>\nM\u0113s varam izgatavot un apdruk\u0101t <strong data-start=\"1215\" data-end=\"1232\">no 1 vien\u012bbas<\/strong> l\u012bdz vair\u0101kiem t\u016bksto\u0161iem maisi\u0146u \u2013 piel\u0101gojam ra\u017eo\u0161anu gan maziem uz\u0146\u0113mumiem, gan lieliem korporat\u012bviem pas\u016bt\u012bjumiem.<\/p>\n<p data-start=\"1353\" data-end=\"1600\"><strong data-start=\"1353\" data-end=\"1379\">Personaliz\u0113ta apdruka:<\/strong><br data-start=\"1379\" data-end=\"1382\" \/><br \/>\nDruk\u0101jam j\u016bsu <strong data-start=\"1396\" data-end=\"1455\">logotipu, rekl\u0101mas saukli, dizainu vai unik\u0101lu uzrakstu<\/strong> \u2013 tie\u0161i t\u0101, k\u0101 v\u0113laties.<br data-start=\"1480\" data-end=\"1483\" \/><br \/>\nKokvilnas virsma lieliski piem\u0113rota spilgtai un kvalitat\u012bvai apdrukai, kas neizbal\u0113 un saglab\u0101 savu izskatu ilgsto\u0161i.<\/p>\n<p data-start=\"1602\" data-end=\"1618\"><strong data-start=\"1602\" data-end=\"1616\">Piem\u0113roti:<\/strong><\/p>\n<ul data-start=\"1619\" data-end=\"1761\">\n<li data-start=\"1619\" data-end=\"1658\">\n<p data-start=\"1621\" data-end=\"1658\">uz\u0146\u0113mumu rekl\u0101mai un prezent\u0101cij\u0101m,<\/p>\n<\/li>\n<li data-start=\"1659\" data-end=\"1679\">\n<p data-start=\"1661\" data-end=\"1679\">klientu d\u0101van\u0101m,<\/p>\n<\/li>\n<li data-start=\"1680\" data-end=\"1720\">\n<p data-start=\"1682\" data-end=\"1720\">pas\u0101kumiem, konferenc\u0113m un izst\u0101d\u0113m,<\/p>\n<\/li>\n<li data-start=\"1721\" data-end=\"1761\">\n<p data-start=\"1723\" data-end=\"1761\">person\u012bg\u0101m vai korporat\u012bv\u0101m d\u0101van\u0101m.<\/p>\n<\/li>\n<\/ul>\n<p data-start=\"1763\" data-end=\"1952\">\ud83c\udf3f <strong data-start=\"1766\" data-end=\"1830\">Izv\u0113l\u0113simies ilgtsp\u0113j\u012bgus risin\u0101jumus \u2013 saudz\u0113sim dabu kop\u0101!<\/strong><br data-start=\"1830\" data-end=\"1833\" \/><br \/>\nPar\u0101diet savu ideju, un m\u0113s to p\u0101rv\u0113rt\u012bsim realit\u0101t\u0113 \u2013 sazinieties ar mums un pas\u016btiet savu unik\u0101lo maisi\u0146u jau \u0161odien!<\/p>\n","protected":false},"excerpt":{"rendered":"<p>SDA Pakuot\u0117 pied\u0101v\u0101 ekolo\u0123iskus auduma maisi\u0146us ar apdruku, kas ir lieliska izv\u0113le uz\u0146\u0113mumiem un priv\u0101tperson\u0101m, kuri nov\u0113rt\u0113 ilgtsp\u0113ju, kvalit\u0101ti un est\u0113tiku. Tas ir ne tikai praktisks, bet ar\u012b elegants iepakojuma un rekl\u0101mas risin\u0101jums, kas pal\u012bdz j\u016bsu z\u012bmolam izcelties tirg\u016b. Ekolo\u0123isks risin\u0101jums: M\u0113s druk\u0101jam ar videi draudz\u012bg\u0101m kr\u0101s\u0101m uz atk\u0101rtoti izmantojamiem kokvilnas (auduma) maisi\u0146iem, t\u0101d\u0113j\u0101di samazinot [&hellip;]<\/p>\n","protected":false},"author":2,"featured_media":0,"parent":4543,"menu_order":0,"comment_status":"closed","ping_status":"closed","template":"page-single-product.php","meta":{"_acf_changed":false,"footnotes":""},"class_list":["post-4650","page","type-page","status-publish","hentry"],"acf":[],"yoast_head":"<!-- This site is optimized with the Yoast SEO plugin v27.4 - https:\/\/yoast.com\/product\/yoast-seo-wordpress\/ -->\n<title>Ekolo\u0123iski auduma maisi\u0146i ar apdruku - sdapakuote.lt<\/title>\n<meta name=\"description\" content=\"Ekolo\u0123iski kokvilnas maisi\u0146i ar apdruku. Druk\u0101jam ar videi draudz\u012bg\u0101m kr\u0101s\u0101m \u2013 no 1 gab. l\u012bdz lieliem pas\u016bt\u012bjumiem. SDA Pakuot\u0117 \u2013 ilgtsp\u0113j\u012bgs risin\u0101jums!\" \/>\n<meta name=\"robots\" content=\"index, follow, max-snippet:-1, max-image-preview:large, max-video-preview:-1\" \/>\n<link rel=\"canonical\" href=\"https:\/\/www.sdapakuote.lt\/lv\/produkti\/polietilena-maisini\/maisi-no-dazadiem-materialiem\/ekologiski-auduma-maisini-ar-apdruku\/\" \/>\n<meta property=\"og:locale\" content=\"lv_LV\" \/>\n<meta property=\"og:type\" content=\"article\" \/>\n<meta property=\"og:title\" content=\"Ekolo\u0123iski auduma maisi\u0146i ar apdruku - sdapakuote.lt\" \/>\n<meta property=\"og:description\" content=\"Ekolo\u0123iski kokvilnas maisi\u0146i ar apdruku. Druk\u0101jam ar videi draudz\u012bg\u0101m kr\u0101s\u0101m \u2013 no 1 gab. l\u012bdz lieliem pas\u016bt\u012bjumiem. SDA Pakuot\u0117 \u2013 ilgtsp\u0113j\u012bgs risin\u0101jums!\" \/>\n<meta property=\"og:url\" content=\"https:\/\/www.sdapakuote.lt\/lv\/produkti\/polietilena-maisini\/maisi-no-dazadiem-materialiem\/ekologiski-auduma-maisini-ar-apdruku\/\" \/>\n<meta property=\"og:site_name\" content=\"sdapakuote.lt\" \/>\n<meta property=\"article:modified_time\" content=\"2025-10-08T10:54:36+00:00\" \/>\n<meta property=\"og:image\" content=\"https:\/\/www.sdapakuote.lt\/wp-content\/uploads\/2025\/01\/20250123_143925-1.jpg\" \/>\n\t<meta property=\"og:image:width\" content=\"1000\" \/>\n\t<meta property=\"og:image:height\" content=\"1734\" \/>\n\t<meta property=\"og:image:type\" content=\"image\/jpeg\" \/>\n<meta name=\"twitter:card\" content=\"summary_large_image\" \/>\n<meta name=\"twitter:label1\" content=\"Est. reading time\" \/>\n\t<meta name=\"twitter:data1\" content=\"2 minutes\" \/>\n<script type=\"application\/ld+json\" class=\"yoast-schema-graph\">{\"@context\":\"https:\\\/\\\/schema.org\",\"@graph\":[{\"@type\":\"WebPage\",\"@id\":\"https:\\\/\\\/www.sdapakuote.lt\\\/lv\\\/produkti\\\/polietilena-maisini\\\/maisi-no-dazadiem-materialiem\\\/ekologiski-auduma-maisini-ar-apdruku\\\/\",\"url\":\"https:\\\/\\\/www.sdapakuote.lt\\\/lv\\\/produkti\\\/polietilena-maisini\\\/maisi-no-dazadiem-materialiem\\\/ekologiski-auduma-maisini-ar-apdruku\\\/\",\"name\":\"Ekolo\u0123iski auduma maisi\u0146i ar apdruku - sdapakuote.lt\",\"isPartOf\":{\"@id\":\"https:\\\/\\\/www.sdapakuote.lt\\\/lv\\\/#website\"},\"primaryImageOfPage\":{\"@id\":\"https:\\\/\\\/www.sdapakuote.lt\\\/lv\\\/produkti\\\/polietilena-maisini\\\/maisi-no-dazadiem-materialiem\\\/ekologiski-auduma-maisini-ar-apdruku\\\/#primaryimage\"},\"image\":{\"@id\":\"https:\\\/\\\/www.sdapakuote.lt\\\/lv\\\/produkti\\\/polietilena-maisini\\\/maisi-no-dazadiem-materialiem\\\/ekologiski-auduma-maisini-ar-apdruku\\\/#primaryimage\"},\"thumbnailUrl\":\"https:\\\/\\\/www.sdapakuote.lt\\\/wp-content\\\/uploads\\\/2025\\\/01\\\/20250123_143925-1-173x300.jpg\",\"datePublished\":\"2025-10-08T10:54:18+00:00\",\"dateModified\":\"2025-10-08T10:54:36+00:00\",\"description\":\"Ekolo\u0123iski kokvilnas maisi\u0146i ar apdruku. Druk\u0101jam ar videi draudz\u012bg\u0101m kr\u0101s\u0101m \u2013 no 1 gab. l\u012bdz lieliem pas\u016bt\u012bjumiem. SDA Pakuot\u0117 \u2013 ilgtsp\u0113j\u012bgs risin\u0101jums!\",\"breadcrumb\":{\"@id\":\"https:\\\/\\\/www.sdapakuote.lt\\\/lv\\\/produkti\\\/polietilena-maisini\\\/maisi-no-dazadiem-materialiem\\\/ekologiski-auduma-maisini-ar-apdruku\\\/#breadcrumb\"},\"inLanguage\":\"lv-LV\",\"potentialAction\":[{\"@type\":\"ReadAction\",\"target\":[\"https:\\\/\\\/www.sdapakuote.lt\\\/lv\\\/produkti\\\/polietilena-maisini\\\/maisi-no-dazadiem-materialiem\\\/ekologiski-auduma-maisini-ar-apdruku\\\/\"]}]},{\"@type\":\"ImageObject\",\"inLanguage\":\"lv-LV\",\"@id\":\"https:\\\/\\\/www.sdapakuote.lt\\\/lv\\\/produkti\\\/polietilena-maisini\\\/maisi-no-dazadiem-materialiem\\\/ekologiski-auduma-maisini-ar-apdruku\\\/#primaryimage\",\"url\":\"https:\\\/\\\/www.sdapakuote.lt\\\/wp-content\\\/uploads\\\/2025\\\/01\\\/20250123_143925-1-173x300.jpg\",\"contentUrl\":\"https:\\\/\\\/www.sdapakuote.lt\\\/wp-content\\\/uploads\\\/2025\\\/01\\\/20250123_143925-1-173x300.jpg\"},{\"@type\":\"BreadcrumbList\",\"@id\":\"https:\\\/\\\/www.sdapakuote.lt\\\/lv\\\/produkti\\\/polietilena-maisini\\\/maisi-no-dazadiem-materialiem\\\/ekologiski-auduma-maisini-ar-apdruku\\\/#breadcrumb\",\"itemListElement\":[{\"@type\":\"ListItem\",\"position\":1,\"name\":\"Home\",\"item\":\"https:\\\/\\\/www.sdapakuote.lt\\\/lv\\\/\"},{\"@type\":\"ListItem\",\"position\":2,\"name\":\"Produkti\",\"item\":\"https:\\\/\\\/www.sdapakuote.lt\\\/lv\\\/produkti\\\/\"},{\"@type\":\"ListItem\",\"position\":3,\"name\":\"Polietil\u0113na maisi\u0146i\",\"item\":\"https:\\\/\\\/www.sdapakuote.lt\\\/lv\\\/produkti\\\/polietilena-maisini\\\/\"},{\"@type\":\"ListItem\",\"position\":4,\"name\":\"Maisi no da\u017e\u0101diem materi\u0101liem\",\"item\":\"https:\\\/\\\/www.sdapakuote.lt\\\/lv\\\/produkti\\\/polietilena-maisini\\\/maisi-no-dazadiem-materialiem\\\/\"},{\"@type\":\"ListItem\",\"position\":5,\"name\":\"Ekolo\u0123iski auduma maisi\u0146i ar apdruku\"}]},{\"@type\":\"WebSite\",\"@id\":\"https:\\\/\\\/www.sdapakuote.lt\\\/lv\\\/#website\",\"url\":\"https:\\\/\\\/www.sdapakuote.lt\\\/lv\\\/\",\"name\":\"sdapakuote.lt\",\"description\":\"Kol kas tik dar vienas WordPress tinklalapis\",\"potentialAction\":[{\"@type\":\"SearchAction\",\"target\":{\"@type\":\"EntryPoint\",\"urlTemplate\":\"https:\\\/\\\/www.sdapakuote.lt\\\/lv\\\/?s={search_term_string}\"},\"query-input\":{\"@type\":\"PropertyValueSpecification\",\"valueRequired\":true,\"valueName\":\"search_term_string\"}}],\"inLanguage\":\"lv-LV\"}]}<\/script>\n<!-- \/ Yoast SEO plugin. -->","yoast_head_json":{"title":"Ekolo\u0123iski auduma maisi\u0146i ar apdruku - sdapakuote.lt","description":"Ekolo\u0123iski kokvilnas maisi\u0146i ar apdruku. Druk\u0101jam ar videi draudz\u012bg\u0101m kr\u0101s\u0101m \u2013 no 1 gab. l\u012bdz lieliem pas\u016bt\u012bjumiem. SDA Pakuot\u0117 \u2013 ilgtsp\u0113j\u012bgs risin\u0101jums!","robots":{"index":"index","follow":"follow","max-snippet":"max-snippet:-1","max-image-preview":"max-image-preview:large","max-video-preview":"max-video-preview:-1"},"canonical":"https:\/\/www.sdapakuote.lt\/lv\/produkti\/polietilena-maisini\/maisi-no-dazadiem-materialiem\/ekologiski-auduma-maisini-ar-apdruku\/","og_locale":"lv_LV","og_type":"article","og_title":"Ekolo\u0123iski auduma maisi\u0146i ar apdruku - sdapakuote.lt","og_description":"Ekolo\u0123iski kokvilnas maisi\u0146i ar apdruku. Druk\u0101jam ar videi draudz\u012bg\u0101m kr\u0101s\u0101m \u2013 no 1 gab. l\u012bdz lieliem pas\u016bt\u012bjumiem. SDA Pakuot\u0117 \u2013 ilgtsp\u0113j\u012bgs risin\u0101jums!","og_url":"https:\/\/www.sdapakuote.lt\/lv\/produkti\/polietilena-maisini\/maisi-no-dazadiem-materialiem\/ekologiski-auduma-maisini-ar-apdruku\/","og_site_name":"sdapakuote.lt","article_modified_time":"2025-10-08T10:54:36+00:00","og_image":[{"width":1000,"height":1734,"url":"https:\/\/www.sdapakuote.lt\/wp-content\/uploads\/2025\/01\/20250123_143925-1.jpg","type":"image\/jpeg"}],"twitter_card":"summary_large_image","twitter_misc":{"Est. reading time":"2 minutes"},"schema":{"@context":"https:\/\/schema.org","@graph":[{"@type":"WebPage","@id":"https:\/\/www.sdapakuote.lt\/lv\/produkti\/polietilena-maisini\/maisi-no-dazadiem-materialiem\/ekologiski-auduma-maisini-ar-apdruku\/","url":"https:\/\/www.sdapakuote.lt\/lv\/produkti\/polietilena-maisini\/maisi-no-dazadiem-materialiem\/ekologiski-auduma-maisini-ar-apdruku\/","name":"Ekolo\u0123iski auduma maisi\u0146i ar apdruku - sdapakuote.lt","isPartOf":{"@id":"https:\/\/www.sdapakuote.lt\/lv\/#website"},"primaryImageOfPage":{"@id":"https:\/\/www.sdapakuote.lt\/lv\/produkti\/polietilena-maisini\/maisi-no-dazadiem-materialiem\/ekologiski-auduma-maisini-ar-apdruku\/#primaryimage"},"image":{"@id":"https:\/\/www.sdapakuote.lt\/lv\/produkti\/polietilena-maisini\/maisi-no-dazadiem-materialiem\/ekologiski-auduma-maisini-ar-apdruku\/#primaryimage"},"thumbnailUrl":"https:\/\/www.sdapakuote.lt\/wp-content\/uploads\/2025\/01\/20250123_143925-1-173x300.jpg","datePublished":"2025-10-08T10:54:18+00:00","dateModified":"2025-10-08T10:54:36+00:00","description":"Ekolo\u0123iski kokvilnas maisi\u0146i ar apdruku. Druk\u0101jam ar videi draudz\u012bg\u0101m kr\u0101s\u0101m \u2013 no 1 gab. l\u012bdz lieliem pas\u016bt\u012bjumiem. SDA Pakuot\u0117 \u2013 ilgtsp\u0113j\u012bgs risin\u0101jums!","breadcrumb":{"@id":"https:\/\/www.sdapakuote.lt\/lv\/produkti\/polietilena-maisini\/maisi-no-dazadiem-materialiem\/ekologiski-auduma-maisini-ar-apdruku\/#breadcrumb"},"inLanguage":"lv-LV","potentialAction":[{"@type":"ReadAction","target":["https:\/\/www.sdapakuote.lt\/lv\/produkti\/polietilena-maisini\/maisi-no-dazadiem-materialiem\/ekologiski-auduma-maisini-ar-apdruku\/"]}]},{"@type":"ImageObject","inLanguage":"lv-LV","@id":"https:\/\/www.sdapakuote.lt\/lv\/produkti\/polietilena-maisini\/maisi-no-dazadiem-materialiem\/ekologiski-auduma-maisini-ar-apdruku\/#primaryimage","url":"https:\/\/www.sdapakuote.lt\/wp-content\/uploads\/2025\/01\/20250123_143925-1-173x300.jpg","contentUrl":"https:\/\/www.sdapakuote.lt\/wp-content\/uploads\/2025\/01\/20250123_143925-1-173x300.jpg"},{"@type":"BreadcrumbList","@id":"https:\/\/www.sdapakuote.lt\/lv\/produkti\/polietilena-maisini\/maisi-no-dazadiem-materialiem\/ekologiski-auduma-maisini-ar-apdruku\/#breadcrumb","itemListElement":[{"@type":"ListItem","position":1,"name":"Home","item":"https:\/\/www.sdapakuote.lt\/lv\/"},{"@type":"ListItem","position":2,"name":"Produkti","item":"https:\/\/www.sdapakuote.lt\/lv\/produkti\/"},{"@type":"ListItem","position":3,"name":"Polietil\u0113na maisi\u0146i","item":"https:\/\/www.sdapakuote.lt\/lv\/produkti\/polietilena-maisini\/"},{"@type":"ListItem","position":4,"name":"Maisi no da\u017e\u0101diem materi\u0101liem","item":"https:\/\/www.sdapakuote.lt\/lv\/produkti\/polietilena-maisini\/maisi-no-dazadiem-materialiem\/"},{"@type":"ListItem","position":5,"name":"Ekolo\u0123iski auduma maisi\u0146i ar apdruku"}]},{"@type":"WebSite","@id":"https:\/\/www.sdapakuote.lt\/lv\/#website","url":"https:\/\/www.sdapakuote.lt\/lv\/","name":"sdapakuote.lt","description":"Kol kas tik dar vienas WordPress tinklalapis","potentialAction":[{"@type":"SearchAction","target":{"@type":"EntryPoint","urlTemplate":"https:\/\/www.sdapakuote.lt\/lv\/?s={search_term_string}"},"query-input":{"@type":"PropertyValueSpecification","valueRequired":true,"valueName":"search_term_string"}}],"inLanguage":"lv-LV"}]}},"_links":{"self":[{"href":"https:\/\/www.sdapakuote.lt\/lv\/wp-json\/wp\/v2\/pages\/4650","targetHints":{"allow":["GET"]}}],"collection":[{"href":"https:\/\/www.sdapakuote.lt\/lv\/wp-json\/wp\/v2\/pages"}],"about":[{"href":"https:\/\/www.sdapakuote.lt\/lv\/wp-json\/wp\/v2\/types\/page"}],"author":[{"embeddable":true,"href":"https:\/\/www.sdapakuote.lt\/lv\/wp-json\/wp\/v2\/users\/2"}],"replies":[{"embeddable":true,"href":"https:\/\/www.sdapakuote.lt\/lv\/wp-json\/wp\/v2\/comments?post=4650"}],"version-history":[{"count":3,"href":"https:\/\/www.sdapakuote.lt\/lv\/wp-json\/wp\/v2\/pages\/4650\/revisions"}],"predecessor-version":[{"id":4654,"href":"https:\/\/www.sdapakuote.lt\/lv\/wp-json\/wp\/v2\/pages\/4650\/revisions\/4654"}],"up":[{"embeddable":true,"href":"https:\/\/www.sdapakuote.lt\/lv\/wp-json\/wp\/v2\/pages\/4543"}],"wp:attachment":[{"href":"https:\/\/www.sdapakuote.lt\/lv\/wp-json\/wp\/v2\/media?parent=4650"}],"curies":[{"name":"wp","href":"https:\/\/api.w.org\/{rel}","templated":true}]}}