{"id":4646,"date":"2025-10-08T10:46:02","date_gmt":"2025-10-08T10:46:02","guid":{"rendered":"https:\/\/www.sdapakuote.lt\/?page_id=4646"},"modified":"2025-10-08T10:46:02","modified_gmt":"2025-10-08T10:46:02","slug":"maisini-ar-izgrieztu-rokturi","status":"publish","type":"page","link":"https:\/\/www.sdapakuote.lt\/lv\/produkti\/polietilena-maisini\/hdpe-mdpe-maisini\/maisini-ar-izgrieztu-rokturi\/","title":{"rendered":"Maisi\u0146i ar izgrieztu rokturi"},"content":{"rendered":"<p data-start=\"350\" data-end=\"637\"><strong data-start=\"350\" data-end=\"365\">SDA Pakuot\u0117<\/strong> ra\u017eo da\u017e\u0101da izm\u0113ra un biezuma <strong data-start=\"396\" data-end=\"429\">maisi\u0146us ar izgrieztu rokturi<\/strong>, kas ir ide\u0101li piem\u0113roti mazumtirdzniec\u012bbai un rekl\u0101mas nol\u016bkiem.<br data-start=\"495\" data-end=\"498\" \/><br \/>\nOv\u0101las formas rokturis, kur\u0101 \u0113rti ietilpst \u010detri pirksti, nodro\u0161ina komfortu klientam, bet maisi\u0146\u0161 saglab\u0101 iztur\u012bbu pat ar smag\u0101ku preci.<\/p>\n<p data-start=\"639\" data-end=\"674\">\u0160ie maisi\u0146i tiek pla\u0161i izmantoti:<\/p>\n<ul data-start=\"675\" data-end=\"865\">\n<li data-start=\"675\" data-end=\"747\">\n<p data-start=\"677\" data-end=\"747\"><strong data-start=\"677\" data-end=\"710\">ap\u0123\u0113rbu, apavu un bi\u017eut\u0113rijas<\/strong> izstr\u0101d\u0101jumu iepako\u0161anai veikalos,<\/p>\n<\/li>\n<li data-start=\"748\" data-end=\"809\">\n<p data-start=\"750\" data-end=\"809\"><strong data-start=\"750\" data-end=\"797\">specializ\u0113tajos t\u0113jas, kafijas un gar\u0161vielu<\/strong> veikalos,<\/p>\n<\/li>\n<li data-start=\"810\" data-end=\"865\">\n<p data-start=\"812\" data-end=\"865\"><strong data-start=\"812\" data-end=\"850\">maz\u0101ku d\u0101vanu un rekl\u0101mas produktu<\/strong> iepako\u0161anai.<\/p>\n<\/li>\n<\/ul>\n<p data-start=\"867\" data-end=\"1017\">Maisi\u0146i ar izgrieztu rokturi tiek ra\u017eoti gan no <strong data-start=\"915\" data-end=\"942\">prim\u0101rajiem materi\u0101liem<\/strong>, gan no <strong data-start=\"951\" data-end=\"986\">otrreiz p\u0101rstr\u0101d\u0101tas izejvielas<\/strong>. P\u0113c vajadz\u012bbas tie var b\u016bt:<\/p>\n<ul data-start=\"1018\" data-end=\"1174\">\n<li data-start=\"1018\" data-end=\"1086\">\n<p data-start=\"1020\" data-end=\"1086\"><strong data-start=\"1020\" data-end=\"1045\">piln\u012bgi necaursp\u012bd\u012bgi<\/strong> (piem\u0113ram, balti vai piln\u012bb\u0101 kr\u0101soti),<\/p>\n<\/li>\n<li data-start=\"1087\" data-end=\"1174\">\n<p data-start=\"1089\" data-end=\"1174\">vai <strong data-start=\"1093\" data-end=\"1115\">da\u013c\u0113ji caursp\u012bd\u012bgi<\/strong>, kad nepiecie\u0161ams, lai produkts b\u016btu redzams caur pl\u0113vi.<\/p>\n<\/li>\n<\/ul>\n<p data-start=\"1176\" data-end=\"1377\">Pied\u0101v\u0101jam iesp\u0113ju izgatavot maisi\u0146us ar j\u016bsu <strong data-start=\"1222\" data-end=\"1274\">uz\u0146\u0113muma logotipu, rekl\u0101mas druku vai uzrakstiem<\/strong>, k\u0101 ar\u012b bez tiem.<br data-start=\"1292\" data-end=\"1295\" \/><br \/>\nTas ir ne tikai praktisks iepakojums, bet ar\u012b efekt\u012bvs rekl\u0101mas r\u012bks j\u016bsu z\u012bmolam.<\/p>\n","protected":false},"excerpt":{"rendered":"<p>SDA Pakuot\u0117 ra\u017eo da\u017e\u0101da izm\u0113ra un biezuma maisi\u0146us ar izgrieztu rokturi, kas ir ide\u0101li piem\u0113roti mazumtirdzniec\u012bbai un rekl\u0101mas nol\u016bkiem. Ov\u0101las formas rokturis, kur\u0101 \u0113rti ietilpst \u010detri pirksti, nodro\u0161ina komfortu klientam, bet maisi\u0146\u0161 saglab\u0101 iztur\u012bbu pat ar smag\u0101ku preci. \u0160ie maisi\u0146i tiek pla\u0161i izmantoti: ap\u0123\u0113rbu, apavu un bi\u017eut\u0113rijas izstr\u0101d\u0101jumu iepako\u0161anai veikalos, specializ\u0113tajos t\u0113jas, kafijas un gar\u0161vielu [&hellip;]<\/p>\n","protected":false},"author":2,"featured_media":3732,"parent":4485,"menu_order":0,"comment_status":"closed","ping_status":"closed","template":"page-single-product.php","meta":{"_acf_changed":false,"footnotes":""},"class_list":["post-4646","page","type-page","status-publish","has-post-thumbnail","hentry"],"acf":[],"yoast_head":"<!-- This site is optimized with the Yoast SEO plugin v27.4 - https:\/\/yoast.com\/product\/yoast-seo-wordpress\/ -->\n<title>Maisi\u0146i ar izgrieztu rokturi - sdapakuote.lt<\/title>\n<meta name=\"description\" content=\"Iztur\u012bgi maisi\u0146i ar izgrieztu rokturi \u2013 ide\u0101li ap\u0123\u0113rbu, d\u0101vanu un rekl\u0101mas produktu iepako\u0161anai. Pieejami ar logotipu un da\u017e\u0101d\u0101s kr\u0101s\u0101s.\" \/>\n<meta name=\"robots\" content=\"index, follow, max-snippet:-1, max-image-preview:large, max-video-preview:-1\" \/>\n<link rel=\"canonical\" href=\"https:\/\/www.sdapakuote.lt\/lv\/produkti\/polietilena-maisini\/hdpe-mdpe-maisini\/maisini-ar-izgrieztu-rokturi\/\" \/>\n<meta property=\"og:locale\" content=\"lv_LV\" \/>\n<meta property=\"og:type\" content=\"article\" \/>\n<meta property=\"og:title\" content=\"Maisi\u0146i ar izgrieztu rokturi - sdapakuote.lt\" \/>\n<meta property=\"og:description\" content=\"Iztur\u012bgi maisi\u0146i ar izgrieztu rokturi \u2013 ide\u0101li ap\u0123\u0113rbu, d\u0101vanu un rekl\u0101mas produktu iepako\u0161anai. Pieejami ar logotipu un da\u017e\u0101d\u0101s kr\u0101s\u0101s.\" \/>\n<meta property=\"og:url\" content=\"https:\/\/www.sdapakuote.lt\/lv\/produkti\/polietilena-maisini\/hdpe-mdpe-maisini\/maisini-ar-izgrieztu-rokturi\/\" \/>\n<meta property=\"og:site_name\" content=\"sdapakuote.lt\" \/>\n<meta property=\"og:image\" content=\"https:\/\/www.sdapakuote.lt\/wp-content\/uploads\/2022\/09\/Antrines-zaliavos-maiseliai-su-spauda-scaled.jpg\" \/>\n\t<meta property=\"og:image:width\" content=\"2560\" \/>\n\t<meta property=\"og:image:height\" content=\"1551\" \/>\n\t<meta property=\"og:image:type\" content=\"image\/jpeg\" \/>\n<meta name=\"twitter:card\" content=\"summary_large_image\" \/>\n<meta name=\"twitter:label1\" content=\"Est. reading time\" \/>\n\t<meta name=\"twitter:data1\" content=\"1 minute\" \/>\n<script type=\"application\/ld+json\" class=\"yoast-schema-graph\">{\"@context\":\"https:\\\/\\\/schema.org\",\"@graph\":[{\"@type\":\"WebPage\",\"@id\":\"https:\\\/\\\/www.sdapakuote.lt\\\/lv\\\/produkti\\\/polietilena-maisini\\\/hdpe-mdpe-maisini\\\/maisini-ar-izgrieztu-rokturi\\\/\",\"url\":\"https:\\\/\\\/www.sdapakuote.lt\\\/lv\\\/produkti\\\/polietilena-maisini\\\/hdpe-mdpe-maisini\\\/maisini-ar-izgrieztu-rokturi\\\/\",\"name\":\"Maisi\u0146i ar izgrieztu rokturi - sdapakuote.lt\",\"isPartOf\":{\"@id\":\"https:\\\/\\\/www.sdapakuote.lt\\\/lv\\\/#website\"},\"primaryImageOfPage\":{\"@id\":\"https:\\\/\\\/www.sdapakuote.lt\\\/lv\\\/produkti\\\/polietilena-maisini\\\/hdpe-mdpe-maisini\\\/maisini-ar-izgrieztu-rokturi\\\/#primaryimage\"},\"image\":{\"@id\":\"https:\\\/\\\/www.sdapakuote.lt\\\/lv\\\/produkti\\\/polietilena-maisini\\\/hdpe-mdpe-maisini\\\/maisini-ar-izgrieztu-rokturi\\\/#primaryimage\"},\"thumbnailUrl\":\"https:\\\/\\\/www.sdapakuote.lt\\\/wp-content\\\/uploads\\\/2022\\\/09\\\/Antrines-zaliavos-maiseliai-su-spauda-scaled.jpg\",\"datePublished\":\"2025-10-08T10:46:02+00:00\",\"description\":\"Iztur\u012bgi maisi\u0146i ar izgrieztu rokturi \u2013 ide\u0101li ap\u0123\u0113rbu, d\u0101vanu un rekl\u0101mas produktu iepako\u0161anai. Pieejami ar logotipu un da\u017e\u0101d\u0101s kr\u0101s\u0101s.\",\"breadcrumb\":{\"@id\":\"https:\\\/\\\/www.sdapakuote.lt\\\/lv\\\/produkti\\\/polietilena-maisini\\\/hdpe-mdpe-maisini\\\/maisini-ar-izgrieztu-rokturi\\\/#breadcrumb\"},\"inLanguage\":\"lv-LV\",\"potentialAction\":[{\"@type\":\"ReadAction\",\"target\":[\"https:\\\/\\\/www.sdapakuote.lt\\\/lv\\\/produkti\\\/polietilena-maisini\\\/hdpe-mdpe-maisini\\\/maisini-ar-izgrieztu-rokturi\\\/\"]}]},{\"@type\":\"ImageObject\",\"inLanguage\":\"lv-LV\",\"@id\":\"https:\\\/\\\/www.sdapakuote.lt\\\/lv\\\/produkti\\\/polietilena-maisini\\\/hdpe-mdpe-maisini\\\/maisini-ar-izgrieztu-rokturi\\\/#primaryimage\",\"url\":\"https:\\\/\\\/www.sdapakuote.lt\\\/wp-content\\\/uploads\\\/2022\\\/09\\\/Antrines-zaliavos-maiseliai-su-spauda-scaled.jpg\",\"contentUrl\":\"https:\\\/\\\/www.sdapakuote.lt\\\/wp-content\\\/uploads\\\/2022\\\/09\\\/Antrines-zaliavos-maiseliai-su-spauda-scaled.jpg\",\"width\":2560,\"height\":1551,\"caption\":\"Antrin\u0117s \u017ealiavos mai\u0161eliai su spauda\"},{\"@type\":\"BreadcrumbList\",\"@id\":\"https:\\\/\\\/www.sdapakuote.lt\\\/lv\\\/produkti\\\/polietilena-maisini\\\/hdpe-mdpe-maisini\\\/maisini-ar-izgrieztu-rokturi\\\/#breadcrumb\",\"itemListElement\":[{\"@type\":\"ListItem\",\"position\":1,\"name\":\"Home\",\"item\":\"https:\\\/\\\/www.sdapakuote.lt\\\/lv\\\/\"},{\"@type\":\"ListItem\",\"position\":2,\"name\":\"Produkti\",\"item\":\"https:\\\/\\\/www.sdapakuote.lt\\\/lv\\\/produkti\\\/\"},{\"@type\":\"ListItem\",\"position\":3,\"name\":\"Polietil\u0113na maisi\u0146i\",\"item\":\"https:\\\/\\\/www.sdapakuote.lt\\\/lv\\\/produkti\\\/polietilena-maisini\\\/\"},{\"@type\":\"ListItem\",\"position\":4,\"name\":\"HDPE \\\/ MDPE maisi\u0146i\",\"item\":\"https:\\\/\\\/www.sdapakuote.lt\\\/lv\\\/produkti\\\/polietilena-maisini\\\/hdpe-mdpe-maisini\\\/\"},{\"@type\":\"ListItem\",\"position\":5,\"name\":\"Maisi\u0146i ar izgrieztu rokturi\"}]},{\"@type\":\"WebSite\",\"@id\":\"https:\\\/\\\/www.sdapakuote.lt\\\/lv\\\/#website\",\"url\":\"https:\\\/\\\/www.sdapakuote.lt\\\/lv\\\/\",\"name\":\"sdapakuote.lt\",\"description\":\"Kol kas tik dar vienas WordPress tinklalapis\",\"potentialAction\":[{\"@type\":\"SearchAction\",\"target\":{\"@type\":\"EntryPoint\",\"urlTemplate\":\"https:\\\/\\\/www.sdapakuote.lt\\\/lv\\\/?s={search_term_string}\"},\"query-input\":{\"@type\":\"PropertyValueSpecification\",\"valueRequired\":true,\"valueName\":\"search_term_string\"}}],\"inLanguage\":\"lv-LV\"}]}<\/script>\n<!-- \/ Yoast SEO plugin. -->","yoast_head_json":{"title":"Maisi\u0146i ar izgrieztu rokturi - sdapakuote.lt","description":"Iztur\u012bgi maisi\u0146i ar izgrieztu rokturi \u2013 ide\u0101li ap\u0123\u0113rbu, d\u0101vanu un rekl\u0101mas produktu iepako\u0161anai. Pieejami ar logotipu un da\u017e\u0101d\u0101s kr\u0101s\u0101s.","robots":{"index":"index","follow":"follow","max-snippet":"max-snippet:-1","max-image-preview":"max-image-preview:large","max-video-preview":"max-video-preview:-1"},"canonical":"https:\/\/www.sdapakuote.lt\/lv\/produkti\/polietilena-maisini\/hdpe-mdpe-maisini\/maisini-ar-izgrieztu-rokturi\/","og_locale":"lv_LV","og_type":"article","og_title":"Maisi\u0146i ar izgrieztu rokturi - sdapakuote.lt","og_description":"Iztur\u012bgi maisi\u0146i ar izgrieztu rokturi \u2013 ide\u0101li ap\u0123\u0113rbu, d\u0101vanu un rekl\u0101mas produktu iepako\u0161anai. Pieejami ar logotipu un da\u017e\u0101d\u0101s kr\u0101s\u0101s.","og_url":"https:\/\/www.sdapakuote.lt\/lv\/produkti\/polietilena-maisini\/hdpe-mdpe-maisini\/maisini-ar-izgrieztu-rokturi\/","og_site_name":"sdapakuote.lt","og_image":[{"width":2560,"height":1551,"url":"https:\/\/www.sdapakuote.lt\/wp-content\/uploads\/2022\/09\/Antrines-zaliavos-maiseliai-su-spauda-scaled.jpg","type":"image\/jpeg"}],"twitter_card":"summary_large_image","twitter_misc":{"Est. reading time":"1 minute"},"schema":{"@context":"https:\/\/schema.org","@graph":[{"@type":"WebPage","@id":"https:\/\/www.sdapakuote.lt\/lv\/produkti\/polietilena-maisini\/hdpe-mdpe-maisini\/maisini-ar-izgrieztu-rokturi\/","url":"https:\/\/www.sdapakuote.lt\/lv\/produkti\/polietilena-maisini\/hdpe-mdpe-maisini\/maisini-ar-izgrieztu-rokturi\/","name":"Maisi\u0146i ar izgrieztu rokturi - sdapakuote.lt","isPartOf":{"@id":"https:\/\/www.sdapakuote.lt\/lv\/#website"},"primaryImageOfPage":{"@id":"https:\/\/www.sdapakuote.lt\/lv\/produkti\/polietilena-maisini\/hdpe-mdpe-maisini\/maisini-ar-izgrieztu-rokturi\/#primaryimage"},"image":{"@id":"https:\/\/www.sdapakuote.lt\/lv\/produkti\/polietilena-maisini\/hdpe-mdpe-maisini\/maisini-ar-izgrieztu-rokturi\/#primaryimage"},"thumbnailUrl":"https:\/\/www.sdapakuote.lt\/wp-content\/uploads\/2022\/09\/Antrines-zaliavos-maiseliai-su-spauda-scaled.jpg","datePublished":"2025-10-08T10:46:02+00:00","description":"Iztur\u012bgi maisi\u0146i ar izgrieztu rokturi \u2013 ide\u0101li ap\u0123\u0113rbu, d\u0101vanu un rekl\u0101mas produktu iepako\u0161anai. Pieejami ar logotipu un da\u017e\u0101d\u0101s kr\u0101s\u0101s.","breadcrumb":{"@id":"https:\/\/www.sdapakuote.lt\/lv\/produkti\/polietilena-maisini\/hdpe-mdpe-maisini\/maisini-ar-izgrieztu-rokturi\/#breadcrumb"},"inLanguage":"lv-LV","potentialAction":[{"@type":"ReadAction","target":["https:\/\/www.sdapakuote.lt\/lv\/produkti\/polietilena-maisini\/hdpe-mdpe-maisini\/maisini-ar-izgrieztu-rokturi\/"]}]},{"@type":"ImageObject","inLanguage":"lv-LV","@id":"https:\/\/www.sdapakuote.lt\/lv\/produkti\/polietilena-maisini\/hdpe-mdpe-maisini\/maisini-ar-izgrieztu-rokturi\/#primaryimage","url":"https:\/\/www.sdapakuote.lt\/wp-content\/uploads\/2022\/09\/Antrines-zaliavos-maiseliai-su-spauda-scaled.jpg","contentUrl":"https:\/\/www.sdapakuote.lt\/wp-content\/uploads\/2022\/09\/Antrines-zaliavos-maiseliai-su-spauda-scaled.jpg","width":2560,"height":1551,"caption":"Antrin\u0117s \u017ealiavos mai\u0161eliai su spauda"},{"@type":"BreadcrumbList","@id":"https:\/\/www.sdapakuote.lt\/lv\/produkti\/polietilena-maisini\/hdpe-mdpe-maisini\/maisini-ar-izgrieztu-rokturi\/#breadcrumb","itemListElement":[{"@type":"ListItem","position":1,"name":"Home","item":"https:\/\/www.sdapakuote.lt\/lv\/"},{"@type":"ListItem","position":2,"name":"Produkti","item":"https:\/\/www.sdapakuote.lt\/lv\/produkti\/"},{"@type":"ListItem","position":3,"name":"Polietil\u0113na maisi\u0146i","item":"https:\/\/www.sdapakuote.lt\/lv\/produkti\/polietilena-maisini\/"},{"@type":"ListItem","position":4,"name":"HDPE \/ MDPE maisi\u0146i","item":"https:\/\/www.sdapakuote.lt\/lv\/produkti\/polietilena-maisini\/hdpe-mdpe-maisini\/"},{"@type":"ListItem","position":5,"name":"Maisi\u0146i ar izgrieztu rokturi"}]},{"@type":"WebSite","@id":"https:\/\/www.sdapakuote.lt\/lv\/#website","url":"https:\/\/www.sdapakuote.lt\/lv\/","name":"sdapakuote.lt","description":"Kol kas tik dar vienas WordPress tinklalapis","potentialAction":[{"@type":"SearchAction","target":{"@type":"EntryPoint","urlTemplate":"https:\/\/www.sdapakuote.lt\/lv\/?s={search_term_string}"},"query-input":{"@type":"PropertyValueSpecification","valueRequired":true,"valueName":"search_term_string"}}],"inLanguage":"lv-LV"}]}},"_links":{"self":[{"href":"https:\/\/www.sdapakuote.lt\/lv\/wp-json\/wp\/v2\/pages\/4646","targetHints":{"allow":["GET"]}}],"collection":[{"href":"https:\/\/www.sdapakuote.lt\/lv\/wp-json\/wp\/v2\/pages"}],"about":[{"href":"https:\/\/www.sdapakuote.lt\/lv\/wp-json\/wp\/v2\/types\/page"}],"author":[{"embeddable":true,"href":"https:\/\/www.sdapakuote.lt\/lv\/wp-json\/wp\/v2\/users\/2"}],"replies":[{"embeddable":true,"href":"https:\/\/www.sdapakuote.lt\/lv\/wp-json\/wp\/v2\/comments?post=4646"}],"version-history":[{"count":1,"href":"https:\/\/www.sdapakuote.lt\/lv\/wp-json\/wp\/v2\/pages\/4646\/revisions"}],"predecessor-version":[{"id":4648,"href":"https:\/\/www.sdapakuote.lt\/lv\/wp-json\/wp\/v2\/pages\/4646\/revisions\/4648"}],"up":[{"embeddable":true,"href":"https:\/\/www.sdapakuote.lt\/lv\/wp-json\/wp\/v2\/pages\/4485"}],"wp:featuredmedia":[{"embeddable":true,"href":"https:\/\/www.sdapakuote.lt\/lv\/wp-json\/wp\/v2\/media\/3732"}],"wp:attachment":[{"href":"https:\/\/www.sdapakuote.lt\/lv\/wp-json\/wp\/v2\/media?parent=4646"}],"curies":[{"name":"wp","href":"https:\/\/api.w.org\/{rel}","templated":true}]}}