{"id":4637,"date":"2025-10-08T07:49:14","date_gmt":"2025-10-08T07:49:14","guid":{"rendered":"https:\/\/www.sdapakuote.lt\/?page_id=4637"},"modified":"2025-10-08T07:49:33","modified_gmt":"2025-10-08T07:49:33","slug":"rokas-euro-pakaramo-caurumduris","status":"publish","type":"page","link":"https:\/\/www.sdapakuote.lt\/lv\/produkti\/iepakosanas-instrumenti-un-iekartas\/rokas-euro-pakaramo-caurumduris\/","title":{"rendered":"Rokas euro pakaramo caurumd\u016bris"},"content":{"rendered":"<p data-start=\"289\" data-end=\"602\"><strong data-start=\"289\" data-end=\"304\">SDA Pakuot\u0117<\/strong> pied\u0101v\u0101 <strong data-start=\"313\" data-end=\"348\">rokas euro pakaramo caurumd\u016brus<\/strong>, kas paredz\u0113ti da\u017e\u0101du iepakojuma veidu perfor\u0113\u0161anai un pakarin\u0101mo caurumu izveidei.<br data-start=\"432\" data-end=\"435\" \/><br \/>\n\u0160is instruments ir ide\u0101li piem\u0113rots <strong data-start=\"471\" data-end=\"559\">neliel\u0101m tir\u0101\u017e\u0101m, individu\u0101liem pas\u016bt\u012bjumiem vai nestandarta iepakojuma risin\u0101jumiem<\/strong>, kad nav nepiecie\u0161ama autom\u0101tiska iek\u0101rta.<\/p>\n<p data-start=\"604\" data-end=\"823\">Rokas <strong data-start=\"610\" data-end=\"639\">euro pakaramo caurumd\u016bris<\/strong> viegli izdur caurumus gan <strong data-start=\"666\" data-end=\"694\">biez\u0101, gan pl\u0101n\u0101 karton\u0101<\/strong>, k\u0101 ar\u012b <strong data-start=\"703\" data-end=\"725\">karton\u0101 ar maisi\u0146u<\/strong>.<br data-start=\"726\" data-end=\"729\" \/><br \/>\nTas ir <strong data-start=\"736\" data-end=\"766\">iztur\u012bgs, smags un stabils<\/strong>, kas nodro\u0161ina prec\u012bzu un t\u012bru griezumu katr\u0101 darb\u012bb\u0101.<\/p>\n<p data-start=\"825\" data-end=\"851\"><strong data-start=\"825\" data-end=\"849\">Tehniskie parametri:<\/strong><\/p>\n<ul data-start=\"852\" data-end=\"1066\">\n<li data-start=\"852\" data-end=\"889\">\n<p data-start=\"854\" data-end=\"889\">Euro pakaram\u0101 garums \u2013 <strong data-start=\"877\" data-end=\"886\">30 mm<\/strong>;<\/p>\n<\/li>\n<li data-start=\"890\" data-end=\"925\">\n<p data-start=\"892\" data-end=\"925\">Augstums ar degunu \u2013 <strong data-start=\"913\" data-end=\"922\">10 mm<\/strong>;<\/p>\n<\/li>\n<li data-start=\"926\" data-end=\"1008\">\n<p data-start=\"928\" data-end=\"1008\">Piem\u0113rots da\u017e\u0101da tipa iepakojumam (maisi\u0146iem, kartona ielikt\u0146iem, blisteriem);<\/p>\n<\/li>\n<li data-start=\"1009\" data-end=\"1066\">\n<p data-start=\"1011\" data-end=\"1066\">\u0112rta manu\u0101la darb\u012bba \u2013 nav vajadz\u012bga papildu tehnika.<\/p>\n<\/li>\n<\/ul>\n<p data-start=\"1068\" data-end=\"1319\">\u0160is caurumd\u016bris ir <strong data-start=\"1087\" data-end=\"1163\">neaizst\u0101jams maz\u0101s ra\u017eo\u0161anas s\u0113rij\u0101s, roku darbos un dizaina iepakojumos<\/strong>, kur svar\u012bgs ir kvalitat\u012bvs un profesion\u0101ls rezult\u0101ts.<br data-start=\"1218\" data-end=\"1221\" \/><br \/>\nIde\u0101la izv\u0113le uz\u0146\u0113mumiem, kas nov\u0113rt\u0113 <strong data-start=\"1259\" data-end=\"1294\">elast\u012bbu, \u0101trumu un precizit\u0101ti<\/strong> iepakojuma sagatavo\u0161an\u0101.<\/p>\n<p data-start=\"1321\" data-end=\"1430\">\ud83d\udc49 Skatiet demonstr\u0101cijas video:<br data-start=\"1353\" data-end=\"1356\" \/><br \/>\n<a class=\"decorated-link\" href=\"https:\/\/www.youtube.com\/watch?v=uaPS9AIjV4M\" target=\"_new\" rel=\"noopener\" data-start=\"1356\" data-end=\"1430\">Noskat\u012bties \u201eYouTube\u201c video<\/a><\/p>\n","protected":false},"excerpt":{"rendered":"<p>SDA Pakuot\u0117 pied\u0101v\u0101 rokas euro pakaramo caurumd\u016brus, kas paredz\u0113ti da\u017e\u0101du iepakojuma veidu perfor\u0113\u0161anai un pakarin\u0101mo caurumu izveidei. \u0160is instruments ir ide\u0101li piem\u0113rots neliel\u0101m tir\u0101\u017e\u0101m, individu\u0101liem pas\u016bt\u012bjumiem vai nestandarta iepakojuma risin\u0101jumiem, kad nav nepiecie\u0161ama autom\u0101tiska iek\u0101rta. Rokas euro pakaramo caurumd\u016bris viegli izdur caurumus gan biez\u0101, gan pl\u0101n\u0101 karton\u0101, k\u0101 ar\u012b karton\u0101 ar maisi\u0146u. Tas ir iztur\u012bgs, [&hellip;]<\/p>\n","protected":false},"author":2,"featured_media":4638,"parent":4603,"menu_order":0,"comment_status":"closed","ping_status":"closed","template":"page-single-product.php","meta":{"_acf_changed":false,"footnotes":""},"class_list":["post-4637","page","type-page","status-publish","has-post-thumbnail","hentry"],"acf":[],"yoast_head":"<!-- This site is optimized with the Yoast SEO plugin v27.4 - https:\/\/yoast.com\/product\/yoast-seo-wordpress\/ -->\n<title>Rokas euro pakaramo caurumd\u016bris - sdapakuote.lt<\/title>\n<meta name=\"description\" content=\"Iztur\u012bgs rokas euro caurumd\u016bris iepakojumam. Der kartonam un maisi\u0146iem. 30 mm garums, 10 mm augstums. Prec\u012bzs un \u0113rts lieto\u0161an\u0101.\" \/>\n<meta name=\"robots\" content=\"index, follow, max-snippet:-1, max-image-preview:large, max-video-preview:-1\" \/>\n<link rel=\"canonical\" href=\"https:\/\/www.sdapakuote.lt\/lv\/produkti\/iepakosanas-instrumenti-un-iekartas\/rokas-euro-pakaramo-caurumduris\/\" \/>\n<meta property=\"og:locale\" content=\"lv_LV\" \/>\n<meta property=\"og:type\" content=\"article\" \/>\n<meta property=\"og:title\" content=\"Rokas euro pakaramo caurumd\u016bris - sdapakuote.lt\" \/>\n<meta property=\"og:description\" content=\"Iztur\u012bgs rokas euro caurumd\u016bris iepakojumam. Der kartonam un maisi\u0146iem. 30 mm garums, 10 mm augstums. Prec\u012bzs un \u0113rts lieto\u0161an\u0101.\" \/>\n<meta property=\"og:url\" content=\"https:\/\/www.sdapakuote.lt\/lv\/produkti\/iepakosanas-instrumenti-un-iekartas\/rokas-euro-pakaramo-caurumduris\/\" \/>\n<meta property=\"og:site_name\" content=\"sdapakuote.lt\" \/>\n<meta property=\"article:modified_time\" content=\"2025-10-08T07:49:33+00:00\" \/>\n<meta property=\"og:image\" content=\"https:\/\/www.sdapakuote.lt\/wp-content\/uploads\/2022\/10\/20221031_094520-scaled.jpg\" \/>\n\t<meta property=\"og:image:width\" content=\"2560\" \/>\n\t<meta property=\"og:image:height\" content=\"2560\" \/>\n\t<meta property=\"og:image:type\" content=\"image\/jpeg\" \/>\n<meta name=\"twitter:card\" content=\"summary_large_image\" \/>\n<meta name=\"twitter:label1\" content=\"Est. reading time\" \/>\n\t<meta name=\"twitter:data1\" content=\"1 minute\" \/>\n<script type=\"application\/ld+json\" class=\"yoast-schema-graph\">{\"@context\":\"https:\\\/\\\/schema.org\",\"@graph\":[{\"@type\":\"WebPage\",\"@id\":\"https:\\\/\\\/www.sdapakuote.lt\\\/lv\\\/produkti\\\/iepakosanas-instrumenti-un-iekartas\\\/rokas-euro-pakaramo-caurumduris\\\/\",\"url\":\"https:\\\/\\\/www.sdapakuote.lt\\\/lv\\\/produkti\\\/iepakosanas-instrumenti-un-iekartas\\\/rokas-euro-pakaramo-caurumduris\\\/\",\"name\":\"Rokas euro pakaramo caurumd\u016bris - sdapakuote.lt\",\"isPartOf\":{\"@id\":\"https:\\\/\\\/www.sdapakuote.lt\\\/lv\\\/#website\"},\"primaryImageOfPage\":{\"@id\":\"https:\\\/\\\/www.sdapakuote.lt\\\/lv\\\/produkti\\\/iepakosanas-instrumenti-un-iekartas\\\/rokas-euro-pakaramo-caurumduris\\\/#primaryimage\"},\"image\":{\"@id\":\"https:\\\/\\\/www.sdapakuote.lt\\\/lv\\\/produkti\\\/iepakosanas-instrumenti-un-iekartas\\\/rokas-euro-pakaramo-caurumduris\\\/#primaryimage\"},\"thumbnailUrl\":\"https:\\\/\\\/www.sdapakuote.lt\\\/wp-content\\\/uploads\\\/2022\\\/10\\\/20221031_094520-scaled.jpg\",\"datePublished\":\"2025-10-08T07:49:14+00:00\",\"dateModified\":\"2025-10-08T07:49:33+00:00\",\"description\":\"Iztur\u012bgs rokas euro caurumd\u016bris iepakojumam. Der kartonam un maisi\u0146iem. 30 mm garums, 10 mm augstums. Prec\u012bzs un \u0113rts lieto\u0161an\u0101.\",\"breadcrumb\":{\"@id\":\"https:\\\/\\\/www.sdapakuote.lt\\\/lv\\\/produkti\\\/iepakosanas-instrumenti-un-iekartas\\\/rokas-euro-pakaramo-caurumduris\\\/#breadcrumb\"},\"inLanguage\":\"lv-LV\",\"potentialAction\":[{\"@type\":\"ReadAction\",\"target\":[\"https:\\\/\\\/www.sdapakuote.lt\\\/lv\\\/produkti\\\/iepakosanas-instrumenti-un-iekartas\\\/rokas-euro-pakaramo-caurumduris\\\/\"]}]},{\"@type\":\"ImageObject\",\"inLanguage\":\"lv-LV\",\"@id\":\"https:\\\/\\\/www.sdapakuote.lt\\\/lv\\\/produkti\\\/iepakosanas-instrumenti-un-iekartas\\\/rokas-euro-pakaramo-caurumduris\\\/#primaryimage\",\"url\":\"https:\\\/\\\/www.sdapakuote.lt\\\/wp-content\\\/uploads\\\/2022\\\/10\\\/20221031_094520-scaled.jpg\",\"contentUrl\":\"https:\\\/\\\/www.sdapakuote.lt\\\/wp-content\\\/uploads\\\/2022\\\/10\\\/20221031_094520-scaled.jpg\",\"width\":2560,\"height\":2560,\"caption\":\"Euro pakabuk\u0173 skylamu\u0161is\"},{\"@type\":\"BreadcrumbList\",\"@id\":\"https:\\\/\\\/www.sdapakuote.lt\\\/lv\\\/produkti\\\/iepakosanas-instrumenti-un-iekartas\\\/rokas-euro-pakaramo-caurumduris\\\/#breadcrumb\",\"itemListElement\":[{\"@type\":\"ListItem\",\"position\":1,\"name\":\"Home\",\"item\":\"https:\\\/\\\/www.sdapakuote.lt\\\/lv\\\/\"},{\"@type\":\"ListItem\",\"position\":2,\"name\":\"Produkti\",\"item\":\"https:\\\/\\\/www.sdapakuote.lt\\\/lv\\\/produkti\\\/\"},{\"@type\":\"ListItem\",\"position\":3,\"name\":\"Iepako\u0161anas instrumenti un iek\u0101rtas\",\"item\":\"https:\\\/\\\/www.sdapakuote.lt\\\/lv\\\/produkti\\\/iepakosanas-instrumenti-un-iekartas\\\/\"},{\"@type\":\"ListItem\",\"position\":4,\"name\":\"Rokas euro pakaramo caurumd\u016bris\"}]},{\"@type\":\"WebSite\",\"@id\":\"https:\\\/\\\/www.sdapakuote.lt\\\/lv\\\/#website\",\"url\":\"https:\\\/\\\/www.sdapakuote.lt\\\/lv\\\/\",\"name\":\"sdapakuote.lt\",\"description\":\"Kol kas tik dar vienas WordPress tinklalapis\",\"potentialAction\":[{\"@type\":\"SearchAction\",\"target\":{\"@type\":\"EntryPoint\",\"urlTemplate\":\"https:\\\/\\\/www.sdapakuote.lt\\\/lv\\\/?s={search_term_string}\"},\"query-input\":{\"@type\":\"PropertyValueSpecification\",\"valueRequired\":true,\"valueName\":\"search_term_string\"}}],\"inLanguage\":\"lv-LV\"}]}<\/script>\n<!-- \/ Yoast SEO plugin. -->","yoast_head_json":{"title":"Rokas euro pakaramo caurumd\u016bris - sdapakuote.lt","description":"Iztur\u012bgs rokas euro caurumd\u016bris iepakojumam. Der kartonam un maisi\u0146iem. 30 mm garums, 10 mm augstums. Prec\u012bzs un \u0113rts lieto\u0161an\u0101.","robots":{"index":"index","follow":"follow","max-snippet":"max-snippet:-1","max-image-preview":"max-image-preview:large","max-video-preview":"max-video-preview:-1"},"canonical":"https:\/\/www.sdapakuote.lt\/lv\/produkti\/iepakosanas-instrumenti-un-iekartas\/rokas-euro-pakaramo-caurumduris\/","og_locale":"lv_LV","og_type":"article","og_title":"Rokas euro pakaramo caurumd\u016bris - sdapakuote.lt","og_description":"Iztur\u012bgs rokas euro caurumd\u016bris iepakojumam. Der kartonam un maisi\u0146iem. 30 mm garums, 10 mm augstums. Prec\u012bzs un \u0113rts lieto\u0161an\u0101.","og_url":"https:\/\/www.sdapakuote.lt\/lv\/produkti\/iepakosanas-instrumenti-un-iekartas\/rokas-euro-pakaramo-caurumduris\/","og_site_name":"sdapakuote.lt","article_modified_time":"2025-10-08T07:49:33+00:00","og_image":[{"width":2560,"height":2560,"url":"https:\/\/www.sdapakuote.lt\/wp-content\/uploads\/2022\/10\/20221031_094520-scaled.jpg","type":"image\/jpeg"}],"twitter_card":"summary_large_image","twitter_misc":{"Est. reading time":"1 minute"},"schema":{"@context":"https:\/\/schema.org","@graph":[{"@type":"WebPage","@id":"https:\/\/www.sdapakuote.lt\/lv\/produkti\/iepakosanas-instrumenti-un-iekartas\/rokas-euro-pakaramo-caurumduris\/","url":"https:\/\/www.sdapakuote.lt\/lv\/produkti\/iepakosanas-instrumenti-un-iekartas\/rokas-euro-pakaramo-caurumduris\/","name":"Rokas euro pakaramo caurumd\u016bris - sdapakuote.lt","isPartOf":{"@id":"https:\/\/www.sdapakuote.lt\/lv\/#website"},"primaryImageOfPage":{"@id":"https:\/\/www.sdapakuote.lt\/lv\/produkti\/iepakosanas-instrumenti-un-iekartas\/rokas-euro-pakaramo-caurumduris\/#primaryimage"},"image":{"@id":"https:\/\/www.sdapakuote.lt\/lv\/produkti\/iepakosanas-instrumenti-un-iekartas\/rokas-euro-pakaramo-caurumduris\/#primaryimage"},"thumbnailUrl":"https:\/\/www.sdapakuote.lt\/wp-content\/uploads\/2022\/10\/20221031_094520-scaled.jpg","datePublished":"2025-10-08T07:49:14+00:00","dateModified":"2025-10-08T07:49:33+00:00","description":"Iztur\u012bgs rokas euro caurumd\u016bris iepakojumam. Der kartonam un maisi\u0146iem. 30 mm garums, 10 mm augstums. Prec\u012bzs un \u0113rts lieto\u0161an\u0101.","breadcrumb":{"@id":"https:\/\/www.sdapakuote.lt\/lv\/produkti\/iepakosanas-instrumenti-un-iekartas\/rokas-euro-pakaramo-caurumduris\/#breadcrumb"},"inLanguage":"lv-LV","potentialAction":[{"@type":"ReadAction","target":["https:\/\/www.sdapakuote.lt\/lv\/produkti\/iepakosanas-instrumenti-un-iekartas\/rokas-euro-pakaramo-caurumduris\/"]}]},{"@type":"ImageObject","inLanguage":"lv-LV","@id":"https:\/\/www.sdapakuote.lt\/lv\/produkti\/iepakosanas-instrumenti-un-iekartas\/rokas-euro-pakaramo-caurumduris\/#primaryimage","url":"https:\/\/www.sdapakuote.lt\/wp-content\/uploads\/2022\/10\/20221031_094520-scaled.jpg","contentUrl":"https:\/\/www.sdapakuote.lt\/wp-content\/uploads\/2022\/10\/20221031_094520-scaled.jpg","width":2560,"height":2560,"caption":"Euro pakabuk\u0173 skylamu\u0161is"},{"@type":"BreadcrumbList","@id":"https:\/\/www.sdapakuote.lt\/lv\/produkti\/iepakosanas-instrumenti-un-iekartas\/rokas-euro-pakaramo-caurumduris\/#breadcrumb","itemListElement":[{"@type":"ListItem","position":1,"name":"Home","item":"https:\/\/www.sdapakuote.lt\/lv\/"},{"@type":"ListItem","position":2,"name":"Produkti","item":"https:\/\/www.sdapakuote.lt\/lv\/produkti\/"},{"@type":"ListItem","position":3,"name":"Iepako\u0161anas instrumenti un iek\u0101rtas","item":"https:\/\/www.sdapakuote.lt\/lv\/produkti\/iepakosanas-instrumenti-un-iekartas\/"},{"@type":"ListItem","position":4,"name":"Rokas euro pakaramo caurumd\u016bris"}]},{"@type":"WebSite","@id":"https:\/\/www.sdapakuote.lt\/lv\/#website","url":"https:\/\/www.sdapakuote.lt\/lv\/","name":"sdapakuote.lt","description":"Kol kas tik dar vienas WordPress tinklalapis","potentialAction":[{"@type":"SearchAction","target":{"@type":"EntryPoint","urlTemplate":"https:\/\/www.sdapakuote.lt\/lv\/?s={search_term_string}"},"query-input":{"@type":"PropertyValueSpecification","valueRequired":true,"valueName":"search_term_string"}}],"inLanguage":"lv-LV"}]}},"_links":{"self":[{"href":"https:\/\/www.sdapakuote.lt\/lv\/wp-json\/wp\/v2\/pages\/4637","targetHints":{"allow":["GET"]}}],"collection":[{"href":"https:\/\/www.sdapakuote.lt\/lv\/wp-json\/wp\/v2\/pages"}],"about":[{"href":"https:\/\/www.sdapakuote.lt\/lv\/wp-json\/wp\/v2\/types\/page"}],"author":[{"embeddable":true,"href":"https:\/\/www.sdapakuote.lt\/lv\/wp-json\/wp\/v2\/users\/2"}],"replies":[{"embeddable":true,"href":"https:\/\/www.sdapakuote.lt\/lv\/wp-json\/wp\/v2\/comments?post=4637"}],"version-history":[{"count":2,"href":"https:\/\/www.sdapakuote.lt\/lv\/wp-json\/wp\/v2\/pages\/4637\/revisions"}],"predecessor-version":[{"id":4640,"href":"https:\/\/www.sdapakuote.lt\/lv\/wp-json\/wp\/v2\/pages\/4637\/revisions\/4640"}],"up":[{"embeddable":true,"href":"https:\/\/www.sdapakuote.lt\/lv\/wp-json\/wp\/v2\/pages\/4603"}],"wp:featuredmedia":[{"embeddable":true,"href":"https:\/\/www.sdapakuote.lt\/lv\/wp-json\/wp\/v2\/media\/4638"}],"wp:attachment":[{"href":"https:\/\/www.sdapakuote.lt\/lv\/wp-json\/wp\/v2\/media?parent=4637"}],"curies":[{"name":"wp","href":"https:\/\/api.w.org\/{rel}","templated":true}]}}