{"id":4631,"date":"2025-10-08T07:43:47","date_gmt":"2025-10-08T07:43:47","guid":{"rendered":"https:\/\/www.sdapakuote.lt\/?page_id=4631"},"modified":"2025-10-08T07:44:20","modified_gmt":"2025-10-08T07:44:20","slug":"4631-2","status":"publish","type":"page","link":"https:\/\/www.sdapakuote.lt\/lv\/produkti\/iepakosanas-instrumenti-un-iekartas\/4631-2\/","title":{"rendered":"Stiepjam\u0101s pl\u0113ves rokturis"},"content":{"rendered":"<p data-start=\"308\" data-end=\"631\"><strong data-start=\"308\" data-end=\"323\">SDA Pakuot\u0117<\/strong> pied\u0101v\u0101 <strong data-start=\"332\" data-end=\"384\">profesion\u0101lu stiepjam\u0101s (stretch) pl\u0113ves rokturi<\/strong>, kas paredz\u0113ts <strong data-start=\"400\" data-end=\"420\">450 mm un 500 mm<\/strong> platas elast\u012bg\u0101s pl\u0113ves tin\u0161anai ap palet\u0113m un krav\u0101m.<br data-start=\"475\" data-end=\"478\" \/><br \/>\n\u0160is rokturis ir ide\u0101ls risin\u0101jums efekt\u012bvai un dro\u0161ai iepako\u0161anai \u2013 tas nodro\u0161ina \u0113rtu satv\u0113rienu, vienm\u0113r\u012bgu pl\u0113ves spriegojumu un \u0101tru darba procesu.<\/p>\n<p data-start=\"633\" data-end=\"880\">Roktura <strong data-start=\"641\" data-end=\"675\">augstumu un spriegojuma pak\u0101pi<\/strong> var regul\u0113t, t\u0101p\u0113c tas piel\u0101gojas da\u017e\u0101da augstuma ru\u013c\u013ciem un lieto\u0161anas vajadz\u012bb\u0101m.<br data-start=\"759\" data-end=\"762\" \/><br \/>\nIzgatavots no <strong data-start=\"776\" data-end=\"795\">iztur\u012bga met\u0101la<\/strong>, \u0161is tur\u0113t\u0101js garant\u0113 ilgm\u016b\u017e\u012bbu un uzticam\u012bbu pat intens\u012bvas lieto\u0161anas apst\u0101k\u013cos.<\/p>\n<p data-start=\"882\" data-end=\"911\"><strong data-start=\"882\" data-end=\"909\">Galven\u0101s priek\u0161roc\u012bbas:<\/strong><\/p>\n<ul data-start=\"912\" data-end=\"1218\">\n<li data-start=\"912\" data-end=\"974\">\n<p data-start=\"914\" data-end=\"974\">Piem\u0113rots <strong data-start=\"924\" data-end=\"944\">450 mm un 500 mm<\/strong> plat\u0101m stiepjamaj\u0101m pl\u0113v\u0113m;<\/p>\n<\/li>\n<li data-start=\"975\" data-end=\"1029\">\n<p data-start=\"977\" data-end=\"1029\">Regul\u0113jams pl\u0113ves spriegojums un roktura augstums;<\/p>\n<\/li>\n<li data-start=\"1030\" data-end=\"1074\">\n<p data-start=\"1032\" data-end=\"1074\">Met\u0101la konstrukcija \u2013 iztur\u012bga un dro\u0161a;<\/p>\n<\/li>\n<li data-start=\"1075\" data-end=\"1134\">\n<p data-start=\"1077\" data-end=\"1134\">Samazina roku nogurumu un palielina darba efektivit\u0101ti;<\/p>\n<\/li>\n<li data-start=\"1135\" data-end=\"1166\">\n<p data-start=\"1137\" data-end=\"1166\">\u0112rta un \u0101tra ru\u013c\u013ca nomai\u0146a;<\/p>\n<\/li>\n<li data-start=\"1167\" data-end=\"1218\">\n<p data-start=\"1169\" data-end=\"1218\">Nodro\u0161ina dro\u0161u un profesion\u0101lu kravu apt\u012b\u0161anu.<\/p>\n<\/li>\n<\/ul>\n<p data-start=\"1220\" data-end=\"1380\"><strong data-start=\"1220\" data-end=\"1257\">Met\u0101la stiepjam\u0101s pl\u0113ves rokturis<\/strong> ir neaizst\u0101jams pal\u012bgs noliktav\u0101s, ra\u017eo\u0161an\u0101 un lo\u0123istik\u0101, kur nepiecie\u0161ams uzticams un ergonomisks iepako\u0161anas risin\u0101jums.<\/p>\n","protected":false},"excerpt":{"rendered":"<p>SDA Pakuot\u0117 pied\u0101v\u0101 profesion\u0101lu stiepjam\u0101s (stretch) pl\u0113ves rokturi, kas paredz\u0113ts 450 mm un 500 mm platas elast\u012bg\u0101s pl\u0113ves tin\u0161anai ap palet\u0113m un krav\u0101m. \u0160is rokturis ir ide\u0101ls risin\u0101jums efekt\u012bvai un dro\u0161ai iepako\u0161anai \u2013 tas nodro\u0161ina \u0113rtu satv\u0113rienu, vienm\u0113r\u012bgu pl\u0113ves spriegojumu un \u0101tru darba procesu. Roktura augstumu un spriegojuma pak\u0101pi var regul\u0113t, t\u0101p\u0113c tas piel\u0101gojas da\u017e\u0101da [&hellip;]<\/p>\n","protected":false},"author":2,"featured_media":4632,"parent":4603,"menu_order":0,"comment_status":"closed","ping_status":"closed","template":"page-single-product.php","meta":{"_acf_changed":false,"footnotes":""},"class_list":["post-4631","page","type-page","status-publish","has-post-thumbnail","hentry"],"acf":[],"yoast_head":"<!-- This site is optimized with the Yoast SEO plugin v27.4 - https:\/\/yoast.com\/product\/yoast-seo-wordpress\/ -->\n<title>Stiepjam\u0101s pl\u0113ves rokturis - sdapakuote.lt<\/title>\n<meta name=\"description\" content=\"Met\u0101la stiepjam\u0101s pl\u0113ves rokturis ar regul\u0113jamu augstumu un spriegojumu. Piem\u0113rots 450\u2013500 mm pl\u0113vei. Iztur\u012bgs, ergonomisks, efekt\u012bvai iepako\u0161anai.\" \/>\n<meta name=\"robots\" content=\"index, follow, max-snippet:-1, max-image-preview:large, max-video-preview:-1\" \/>\n<link rel=\"canonical\" href=\"https:\/\/www.sdapakuote.lt\/lv\/produkti\/iepakosanas-instrumenti-un-iekartas\/4631-2\/\" \/>\n<meta property=\"og:locale\" content=\"lv_LV\" \/>\n<meta property=\"og:type\" content=\"article\" \/>\n<meta property=\"og:title\" content=\"Stiepjam\u0101s pl\u0113ves rokturis - sdapakuote.lt\" \/>\n<meta property=\"og:description\" content=\"Met\u0101la stiepjam\u0101s pl\u0113ves rokturis ar regul\u0113jamu augstumu un spriegojumu. Piem\u0113rots 450\u2013500 mm pl\u0113vei. Iztur\u012bgs, ergonomisks, efekt\u012bvai iepako\u0161anai.\" \/>\n<meta property=\"og:url\" content=\"https:\/\/www.sdapakuote.lt\/lv\/produkti\/iepakosanas-instrumenti-un-iekartas\/4631-2\/\" \/>\n<meta property=\"og:site_name\" content=\"sdapakuote.lt\" \/>\n<meta property=\"article:modified_time\" content=\"2025-10-08T07:44:20+00:00\" \/>\n<meta property=\"og:image\" content=\"https:\/\/www.sdapakuote.lt\/wp-content\/uploads\/2021\/12\/pleveles-vyniojimo-irankis-scaled.jpg\" \/>\n\t<meta property=\"og:image:width\" content=\"1620\" \/>\n\t<meta property=\"og:image:height\" content=\"2560\" \/>\n\t<meta property=\"og:image:type\" content=\"image\/jpeg\" \/>\n<meta name=\"twitter:card\" content=\"summary_large_image\" \/>\n<meta name=\"twitter:label1\" content=\"Est. reading time\" \/>\n\t<meta name=\"twitter:data1\" content=\"1 minute\" \/>\n<script type=\"application\/ld+json\" class=\"yoast-schema-graph\">{\"@context\":\"https:\\\/\\\/schema.org\",\"@graph\":[{\"@type\":\"WebPage\",\"@id\":\"https:\\\/\\\/www.sdapakuote.lt\\\/lv\\\/produkti\\\/iepakosanas-instrumenti-un-iekartas\\\/4631-2\\\/\",\"url\":\"https:\\\/\\\/www.sdapakuote.lt\\\/lv\\\/produkti\\\/iepakosanas-instrumenti-un-iekartas\\\/4631-2\\\/\",\"name\":\"Stiepjam\u0101s pl\u0113ves rokturis - sdapakuote.lt\",\"isPartOf\":{\"@id\":\"https:\\\/\\\/www.sdapakuote.lt\\\/lv\\\/#website\"},\"primaryImageOfPage\":{\"@id\":\"https:\\\/\\\/www.sdapakuote.lt\\\/lv\\\/produkti\\\/iepakosanas-instrumenti-un-iekartas\\\/4631-2\\\/#primaryimage\"},\"image\":{\"@id\":\"https:\\\/\\\/www.sdapakuote.lt\\\/lv\\\/produkti\\\/iepakosanas-instrumenti-un-iekartas\\\/4631-2\\\/#primaryimage\"},\"thumbnailUrl\":\"https:\\\/\\\/www.sdapakuote.lt\\\/wp-content\\\/uploads\\\/2021\\\/12\\\/pleveles-vyniojimo-irankis-scaled.jpg\",\"datePublished\":\"2025-10-08T07:43:47+00:00\",\"dateModified\":\"2025-10-08T07:44:20+00:00\",\"description\":\"Met\u0101la stiepjam\u0101s pl\u0113ves rokturis ar regul\u0113jamu augstumu un spriegojumu. Piem\u0113rots 450\u2013500 mm pl\u0113vei. Iztur\u012bgs, ergonomisks, efekt\u012bvai iepako\u0161anai.\",\"breadcrumb\":{\"@id\":\"https:\\\/\\\/www.sdapakuote.lt\\\/lv\\\/produkti\\\/iepakosanas-instrumenti-un-iekartas\\\/4631-2\\\/#breadcrumb\"},\"inLanguage\":\"lv-LV\",\"potentialAction\":[{\"@type\":\"ReadAction\",\"target\":[\"https:\\\/\\\/www.sdapakuote.lt\\\/lv\\\/produkti\\\/iepakosanas-instrumenti-un-iekartas\\\/4631-2\\\/\"]}]},{\"@type\":\"ImageObject\",\"inLanguage\":\"lv-LV\",\"@id\":\"https:\\\/\\\/www.sdapakuote.lt\\\/lv\\\/produkti\\\/iepakosanas-instrumenti-un-iekartas\\\/4631-2\\\/#primaryimage\",\"url\":\"https:\\\/\\\/www.sdapakuote.lt\\\/wp-content\\\/uploads\\\/2021\\\/12\\\/pleveles-vyniojimo-irankis-scaled.jpg\",\"contentUrl\":\"https:\\\/\\\/www.sdapakuote.lt\\\/wp-content\\\/uploads\\\/2021\\\/12\\\/pleveles-vyniojimo-irankis-scaled.jpg\",\"width\":1620,\"height\":2560,\"caption\":\"Pl\u0117vel\u0117s vyniojimo rankena\"},{\"@type\":\"BreadcrumbList\",\"@id\":\"https:\\\/\\\/www.sdapakuote.lt\\\/lv\\\/produkti\\\/iepakosanas-instrumenti-un-iekartas\\\/4631-2\\\/#breadcrumb\",\"itemListElement\":[{\"@type\":\"ListItem\",\"position\":1,\"name\":\"Home\",\"item\":\"https:\\\/\\\/www.sdapakuote.lt\\\/lv\\\/\"},{\"@type\":\"ListItem\",\"position\":2,\"name\":\"Produkti\",\"item\":\"https:\\\/\\\/www.sdapakuote.lt\\\/lv\\\/produkti\\\/\"},{\"@type\":\"ListItem\",\"position\":3,\"name\":\"Iepako\u0161anas instrumenti un iek\u0101rtas\",\"item\":\"https:\\\/\\\/www.sdapakuote.lt\\\/lv\\\/produkti\\\/iepakosanas-instrumenti-un-iekartas\\\/\"},{\"@type\":\"ListItem\",\"position\":4,\"name\":\"Stiepjam\u0101s pl\u0113ves rokturis\"}]},{\"@type\":\"WebSite\",\"@id\":\"https:\\\/\\\/www.sdapakuote.lt\\\/lv\\\/#website\",\"url\":\"https:\\\/\\\/www.sdapakuote.lt\\\/lv\\\/\",\"name\":\"sdapakuote.lt\",\"description\":\"Kol kas tik dar vienas WordPress tinklalapis\",\"potentialAction\":[{\"@type\":\"SearchAction\",\"target\":{\"@type\":\"EntryPoint\",\"urlTemplate\":\"https:\\\/\\\/www.sdapakuote.lt\\\/lv\\\/?s={search_term_string}\"},\"query-input\":{\"@type\":\"PropertyValueSpecification\",\"valueRequired\":true,\"valueName\":\"search_term_string\"}}],\"inLanguage\":\"lv-LV\"}]}<\/script>\n<!-- \/ Yoast SEO plugin. -->","yoast_head_json":{"title":"Stiepjam\u0101s pl\u0113ves rokturis - sdapakuote.lt","description":"Met\u0101la stiepjam\u0101s pl\u0113ves rokturis ar regul\u0113jamu augstumu un spriegojumu. Piem\u0113rots 450\u2013500 mm pl\u0113vei. Iztur\u012bgs, ergonomisks, efekt\u012bvai iepako\u0161anai.","robots":{"index":"index","follow":"follow","max-snippet":"max-snippet:-1","max-image-preview":"max-image-preview:large","max-video-preview":"max-video-preview:-1"},"canonical":"https:\/\/www.sdapakuote.lt\/lv\/produkti\/iepakosanas-instrumenti-un-iekartas\/4631-2\/","og_locale":"lv_LV","og_type":"article","og_title":"Stiepjam\u0101s pl\u0113ves rokturis - sdapakuote.lt","og_description":"Met\u0101la stiepjam\u0101s pl\u0113ves rokturis ar regul\u0113jamu augstumu un spriegojumu. Piem\u0113rots 450\u2013500 mm pl\u0113vei. Iztur\u012bgs, ergonomisks, efekt\u012bvai iepako\u0161anai.","og_url":"https:\/\/www.sdapakuote.lt\/lv\/produkti\/iepakosanas-instrumenti-un-iekartas\/4631-2\/","og_site_name":"sdapakuote.lt","article_modified_time":"2025-10-08T07:44:20+00:00","og_image":[{"width":1620,"height":2560,"url":"https:\/\/www.sdapakuote.lt\/wp-content\/uploads\/2021\/12\/pleveles-vyniojimo-irankis-scaled.jpg","type":"image\/jpeg"}],"twitter_card":"summary_large_image","twitter_misc":{"Est. reading time":"1 minute"},"schema":{"@context":"https:\/\/schema.org","@graph":[{"@type":"WebPage","@id":"https:\/\/www.sdapakuote.lt\/lv\/produkti\/iepakosanas-instrumenti-un-iekartas\/4631-2\/","url":"https:\/\/www.sdapakuote.lt\/lv\/produkti\/iepakosanas-instrumenti-un-iekartas\/4631-2\/","name":"Stiepjam\u0101s pl\u0113ves rokturis - sdapakuote.lt","isPartOf":{"@id":"https:\/\/www.sdapakuote.lt\/lv\/#website"},"primaryImageOfPage":{"@id":"https:\/\/www.sdapakuote.lt\/lv\/produkti\/iepakosanas-instrumenti-un-iekartas\/4631-2\/#primaryimage"},"image":{"@id":"https:\/\/www.sdapakuote.lt\/lv\/produkti\/iepakosanas-instrumenti-un-iekartas\/4631-2\/#primaryimage"},"thumbnailUrl":"https:\/\/www.sdapakuote.lt\/wp-content\/uploads\/2021\/12\/pleveles-vyniojimo-irankis-scaled.jpg","datePublished":"2025-10-08T07:43:47+00:00","dateModified":"2025-10-08T07:44:20+00:00","description":"Met\u0101la stiepjam\u0101s pl\u0113ves rokturis ar regul\u0113jamu augstumu un spriegojumu. Piem\u0113rots 450\u2013500 mm pl\u0113vei. Iztur\u012bgs, ergonomisks, efekt\u012bvai iepako\u0161anai.","breadcrumb":{"@id":"https:\/\/www.sdapakuote.lt\/lv\/produkti\/iepakosanas-instrumenti-un-iekartas\/4631-2\/#breadcrumb"},"inLanguage":"lv-LV","potentialAction":[{"@type":"ReadAction","target":["https:\/\/www.sdapakuote.lt\/lv\/produkti\/iepakosanas-instrumenti-un-iekartas\/4631-2\/"]}]},{"@type":"ImageObject","inLanguage":"lv-LV","@id":"https:\/\/www.sdapakuote.lt\/lv\/produkti\/iepakosanas-instrumenti-un-iekartas\/4631-2\/#primaryimage","url":"https:\/\/www.sdapakuote.lt\/wp-content\/uploads\/2021\/12\/pleveles-vyniojimo-irankis-scaled.jpg","contentUrl":"https:\/\/www.sdapakuote.lt\/wp-content\/uploads\/2021\/12\/pleveles-vyniojimo-irankis-scaled.jpg","width":1620,"height":2560,"caption":"Pl\u0117vel\u0117s vyniojimo rankena"},{"@type":"BreadcrumbList","@id":"https:\/\/www.sdapakuote.lt\/lv\/produkti\/iepakosanas-instrumenti-un-iekartas\/4631-2\/#breadcrumb","itemListElement":[{"@type":"ListItem","position":1,"name":"Home","item":"https:\/\/www.sdapakuote.lt\/lv\/"},{"@type":"ListItem","position":2,"name":"Produkti","item":"https:\/\/www.sdapakuote.lt\/lv\/produkti\/"},{"@type":"ListItem","position":3,"name":"Iepako\u0161anas instrumenti un iek\u0101rtas","item":"https:\/\/www.sdapakuote.lt\/lv\/produkti\/iepakosanas-instrumenti-un-iekartas\/"},{"@type":"ListItem","position":4,"name":"Stiepjam\u0101s pl\u0113ves rokturis"}]},{"@type":"WebSite","@id":"https:\/\/www.sdapakuote.lt\/lv\/#website","url":"https:\/\/www.sdapakuote.lt\/lv\/","name":"sdapakuote.lt","description":"Kol kas tik dar vienas WordPress tinklalapis","potentialAction":[{"@type":"SearchAction","target":{"@type":"EntryPoint","urlTemplate":"https:\/\/www.sdapakuote.lt\/lv\/?s={search_term_string}"},"query-input":{"@type":"PropertyValueSpecification","valueRequired":true,"valueName":"search_term_string"}}],"inLanguage":"lv-LV"}]}},"_links":{"self":[{"href":"https:\/\/www.sdapakuote.lt\/lv\/wp-json\/wp\/v2\/pages\/4631","targetHints":{"allow":["GET"]}}],"collection":[{"href":"https:\/\/www.sdapakuote.lt\/lv\/wp-json\/wp\/v2\/pages"}],"about":[{"href":"https:\/\/www.sdapakuote.lt\/lv\/wp-json\/wp\/v2\/types\/page"}],"author":[{"embeddable":true,"href":"https:\/\/www.sdapakuote.lt\/lv\/wp-json\/wp\/v2\/users\/2"}],"replies":[{"embeddable":true,"href":"https:\/\/www.sdapakuote.lt\/lv\/wp-json\/wp\/v2\/comments?post=4631"}],"version-history":[{"count":2,"href":"https:\/\/www.sdapakuote.lt\/lv\/wp-json\/wp\/v2\/pages\/4631\/revisions"}],"predecessor-version":[{"id":4634,"href":"https:\/\/www.sdapakuote.lt\/lv\/wp-json\/wp\/v2\/pages\/4631\/revisions\/4634"}],"up":[{"embeddable":true,"href":"https:\/\/www.sdapakuote.lt\/lv\/wp-json\/wp\/v2\/pages\/4603"}],"wp:featuredmedia":[{"embeddable":true,"href":"https:\/\/www.sdapakuote.lt\/lv\/wp-json\/wp\/v2\/media\/4632"}],"wp:attachment":[{"href":"https:\/\/www.sdapakuote.lt\/lv\/wp-json\/wp\/v2\/media?parent=4631"}],"curies":[{"name":"wp","href":"https:\/\/api.w.org\/{rel}","templated":true}]}}