{"id":4625,"date":"2025-10-08T07:37:03","date_gmt":"2025-10-08T07:37:03","guid":{"rendered":"https:\/\/www.sdapakuote.lt\/?page_id=4625"},"modified":"2025-10-08T07:38:22","modified_gmt":"2025-10-08T07:38:22","slug":"rokturis-stiepjamas-pleves-tinsanai","status":"publish","type":"page","link":"https:\/\/www.sdapakuote.lt\/lv\/produkti\/iepakosanas-instrumenti-un-iekartas\/rokturis-stiepjamas-pleves-tinsanai\/","title":{"rendered":"Rokturis stiepjam\u0101s pl\u0113ves tin\u0161anai (mini)"},"content":{"rendered":"<p data-start=\"288\" data-end=\"593\"><strong data-start=\"288\" data-end=\"303\">SDA Pakuot\u0117<\/strong> pied\u0101v\u0101 <strong data-start=\"312\" data-end=\"356\">mini stiepjam\u0101s pl\u0113ves tin\u0161anas rokturus<\/strong>, kas nodro\u0161ina \u0113rtu, \u0101tru un dro\u0161u iepako\u0161anas procesu.<br data-start=\"412\" data-end=\"415\" \/><br \/>\n\u0160is plastmasas rokturis paredz\u0113ts <strong data-start=\"449\" data-end=\"496\">10\u201320 cm platas stiepjam\u0101s (stretch) pl\u0113ves<\/strong> lieto\u0161anai un ir neaizst\u0101jams pal\u012bginstruments noliktav\u0101s, ra\u017eo\u0161anas vai lo\u0123istikas uz\u0146\u0113mumos.<\/p>\n<p data-start=\"595\" data-end=\"823\">Roktura konstrukcija \u013cauj vienm\u0113r\u012bgi apt\u012bt pl\u0113vi ap prec\u0113m vai krav\u0101m, samazinot roku nogurumu un uzlabojot darba efektivit\u0101ti. Ergonomiskais dizains nodro\u0161ina \u0113rtu satv\u0113rienu un vienm\u0113r\u012bgu pl\u0113ves sadali vis\u0101 tin\u0161anas proces\u0101.<\/p>\n<p data-start=\"825\" data-end=\"854\"><strong data-start=\"825\" data-end=\"852\">Galven\u0101s priek\u0161roc\u012bbas:<\/strong><\/p>\n<ul data-start=\"855\" data-end=\"1068\">\n<li data-start=\"855\" data-end=\"899\">\n<p data-start=\"857\" data-end=\"899\">Viegls, bet iztur\u012bgs plastmasas korpuss;<\/p>\n<\/li>\n<li data-start=\"900\" data-end=\"960\">\n<p data-start=\"902\" data-end=\"960\">Piem\u0113rots <strong data-start=\"912\" data-end=\"957\">mini stiepjamai pl\u0113vei (10\u201320 cm platum\u0101)<\/strong>;<\/p>\n<\/li>\n<li data-start=\"961\" data-end=\"1007\">\n<p data-start=\"963\" data-end=\"1007\">Palielina iepako\u0161anas \u0101trumu un kvalit\u0101ti;<\/p>\n<\/li>\n<li data-start=\"1008\" data-end=\"1068\">\n<p data-start=\"1010\" data-end=\"1068\">Nov\u0113r\u0161 pl\u0113ves sa\u0137er\u0161anos un samazina materi\u0101la pat\u0113ri\u0146u.<\/p>\n<\/li>\n<\/ul>\n<p data-start=\"1070\" data-end=\"1228\">\u0160is <strong data-start=\"1074\" data-end=\"1104\">rokturis stiepjamai pl\u0113vei<\/strong> ir ide\u0101la izv\u0113le uz\u0146\u0113mumiem, kas v\u0113las str\u0101d\u0101t \u0101tr\u0101k, dro\u0161\u0101k un ergonomisk\u0101k, saglab\u0101jot profesion\u0101lu iepakojuma kvalit\u0101ti.<\/p>\n","protected":false},"excerpt":{"rendered":"<p>SDA Pakuot\u0117 pied\u0101v\u0101 mini stiepjam\u0101s pl\u0113ves tin\u0161anas rokturus, kas nodro\u0161ina \u0113rtu, \u0101tru un dro\u0161u iepako\u0161anas procesu. \u0160is plastmasas rokturis paredz\u0113ts 10\u201320 cm platas stiepjam\u0101s (stretch) pl\u0113ves lieto\u0161anai un ir neaizst\u0101jams pal\u012bginstruments noliktav\u0101s, ra\u017eo\u0161anas vai lo\u0123istikas uz\u0146\u0113mumos. Roktura konstrukcija \u013cauj vienm\u0113r\u012bgi apt\u012bt pl\u0113vi ap prec\u0113m vai krav\u0101m, samazinot roku nogurumu un uzlabojot darba efektivit\u0101ti. Ergonomiskais dizains [&hellip;]<\/p>\n","protected":false},"author":2,"featured_media":4626,"parent":4603,"menu_order":0,"comment_status":"closed","ping_status":"closed","template":"page-single-product.php","meta":{"_acf_changed":false,"footnotes":""},"class_list":["post-4625","page","type-page","status-publish","has-post-thumbnail","hentry"],"acf":[],"yoast_head":"<!-- This site is optimized with the Yoast SEO plugin v27.4 - https:\/\/yoast.com\/product\/yoast-seo-wordpress\/ -->\n<title>Rokturis stiepjam\u0101s pl\u0113ves tin\u0161anai (mini) - sdapakuote.lt<\/title>\n<meta name=\"description\" content=\"Plastmasas rokturis mini stretch pl\u0113vei (10\u201320 cm). \u0112rts un uzticams r\u012bks efekt\u012bvai iepako\u0161anai. Iztur\u012bgs, ergonomisks un viegli lietojams.\" \/>\n<meta name=\"robots\" content=\"index, follow, max-snippet:-1, max-image-preview:large, max-video-preview:-1\" \/>\n<link rel=\"canonical\" href=\"https:\/\/www.sdapakuote.lt\/lv\/produkti\/iepakosanas-instrumenti-un-iekartas\/rokturis-stiepjamas-pleves-tinsanai\/\" \/>\n<meta property=\"og:locale\" content=\"lv_LV\" \/>\n<meta property=\"og:type\" content=\"article\" \/>\n<meta property=\"og:title\" content=\"Rokturis stiepjam\u0101s pl\u0113ves tin\u0161anai (mini) - sdapakuote.lt\" \/>\n<meta property=\"og:description\" content=\"Plastmasas rokturis mini stretch pl\u0113vei (10\u201320 cm). \u0112rts un uzticams r\u012bks efekt\u012bvai iepako\u0161anai. Iztur\u012bgs, ergonomisks un viegli lietojams.\" \/>\n<meta property=\"og:url\" content=\"https:\/\/www.sdapakuote.lt\/lv\/produkti\/iepakosanas-instrumenti-un-iekartas\/rokturis-stiepjamas-pleves-tinsanai\/\" \/>\n<meta property=\"og:site_name\" content=\"sdapakuote.lt\" \/>\n<meta property=\"article:modified_time\" content=\"2025-10-08T07:38:22+00:00\" \/>\n<meta property=\"og:image\" content=\"https:\/\/www.sdapakuote.lt\/wp-content\/uploads\/2021\/12\/Rankena-mini-stretch.jpg\" \/>\n\t<meta property=\"og:image:width\" content=\"2240\" \/>\n\t<meta property=\"og:image:height\" content=\"1442\" \/>\n\t<meta property=\"og:image:type\" content=\"image\/jpeg\" \/>\n<meta name=\"twitter:card\" content=\"summary_large_image\" \/>\n<meta name=\"twitter:label1\" content=\"Est. reading time\" \/>\n\t<meta name=\"twitter:data1\" content=\"1 minute\" \/>\n<script type=\"application\/ld+json\" class=\"yoast-schema-graph\">{\"@context\":\"https:\\\/\\\/schema.org\",\"@graph\":[{\"@type\":\"WebPage\",\"@id\":\"https:\\\/\\\/www.sdapakuote.lt\\\/lv\\\/produkti\\\/iepakosanas-instrumenti-un-iekartas\\\/rokturis-stiepjamas-pleves-tinsanai\\\/\",\"url\":\"https:\\\/\\\/www.sdapakuote.lt\\\/lv\\\/produkti\\\/iepakosanas-instrumenti-un-iekartas\\\/rokturis-stiepjamas-pleves-tinsanai\\\/\",\"name\":\"Rokturis stiepjam\u0101s pl\u0113ves tin\u0161anai (mini) - sdapakuote.lt\",\"isPartOf\":{\"@id\":\"https:\\\/\\\/www.sdapakuote.lt\\\/lv\\\/#website\"},\"primaryImageOfPage\":{\"@id\":\"https:\\\/\\\/www.sdapakuote.lt\\\/lv\\\/produkti\\\/iepakosanas-instrumenti-un-iekartas\\\/rokturis-stiepjamas-pleves-tinsanai\\\/#primaryimage\"},\"image\":{\"@id\":\"https:\\\/\\\/www.sdapakuote.lt\\\/lv\\\/produkti\\\/iepakosanas-instrumenti-un-iekartas\\\/rokturis-stiepjamas-pleves-tinsanai\\\/#primaryimage\"},\"thumbnailUrl\":\"https:\\\/\\\/www.sdapakuote.lt\\\/wp-content\\\/uploads\\\/2021\\\/12\\\/Rankena-mini-stretch.jpg\",\"datePublished\":\"2025-10-08T07:37:03+00:00\",\"dateModified\":\"2025-10-08T07:38:22+00:00\",\"description\":\"Plastmasas rokturis mini stretch pl\u0113vei (10\u201320 cm). \u0112rts un uzticams r\u012bks efekt\u012bvai iepako\u0161anai. Iztur\u012bgs, ergonomisks un viegli lietojams.\",\"breadcrumb\":{\"@id\":\"https:\\\/\\\/www.sdapakuote.lt\\\/lv\\\/produkti\\\/iepakosanas-instrumenti-un-iekartas\\\/rokturis-stiepjamas-pleves-tinsanai\\\/#breadcrumb\"},\"inLanguage\":\"lv-LV\",\"potentialAction\":[{\"@type\":\"ReadAction\",\"target\":[\"https:\\\/\\\/www.sdapakuote.lt\\\/lv\\\/produkti\\\/iepakosanas-instrumenti-un-iekartas\\\/rokturis-stiepjamas-pleves-tinsanai\\\/\"]}]},{\"@type\":\"ImageObject\",\"inLanguage\":\"lv-LV\",\"@id\":\"https:\\\/\\\/www.sdapakuote.lt\\\/lv\\\/produkti\\\/iepakosanas-instrumenti-un-iekartas\\\/rokturis-stiepjamas-pleves-tinsanai\\\/#primaryimage\",\"url\":\"https:\\\/\\\/www.sdapakuote.lt\\\/wp-content\\\/uploads\\\/2021\\\/12\\\/Rankena-mini-stretch.jpg\",\"contentUrl\":\"https:\\\/\\\/www.sdapakuote.lt\\\/wp-content\\\/uploads\\\/2021\\\/12\\\/Rankena-mini-stretch.jpg\",\"width\":2240,\"height\":1442,\"caption\":\"Rankena mini stretch pl\u0117velei\"},{\"@type\":\"BreadcrumbList\",\"@id\":\"https:\\\/\\\/www.sdapakuote.lt\\\/lv\\\/produkti\\\/iepakosanas-instrumenti-un-iekartas\\\/rokturis-stiepjamas-pleves-tinsanai\\\/#breadcrumb\",\"itemListElement\":[{\"@type\":\"ListItem\",\"position\":1,\"name\":\"Home\",\"item\":\"https:\\\/\\\/www.sdapakuote.lt\\\/lv\\\/\"},{\"@type\":\"ListItem\",\"position\":2,\"name\":\"Produkti\",\"item\":\"https:\\\/\\\/www.sdapakuote.lt\\\/lv\\\/produkti\\\/\"},{\"@type\":\"ListItem\",\"position\":3,\"name\":\"Iepako\u0161anas instrumenti un iek\u0101rtas\",\"item\":\"https:\\\/\\\/www.sdapakuote.lt\\\/lv\\\/produkti\\\/iepakosanas-instrumenti-un-iekartas\\\/\"},{\"@type\":\"ListItem\",\"position\":4,\"name\":\"Rokturis stiepjam\u0101s pl\u0113ves tin\u0161anai (mini)\"}]},{\"@type\":\"WebSite\",\"@id\":\"https:\\\/\\\/www.sdapakuote.lt\\\/lv\\\/#website\",\"url\":\"https:\\\/\\\/www.sdapakuote.lt\\\/lv\\\/\",\"name\":\"sdapakuote.lt\",\"description\":\"Kol kas tik dar vienas WordPress tinklalapis\",\"potentialAction\":[{\"@type\":\"SearchAction\",\"target\":{\"@type\":\"EntryPoint\",\"urlTemplate\":\"https:\\\/\\\/www.sdapakuote.lt\\\/lv\\\/?s={search_term_string}\"},\"query-input\":{\"@type\":\"PropertyValueSpecification\",\"valueRequired\":true,\"valueName\":\"search_term_string\"}}],\"inLanguage\":\"lv-LV\"}]}<\/script>\n<!-- \/ Yoast SEO plugin. -->","yoast_head_json":{"title":"Rokturis stiepjam\u0101s pl\u0113ves tin\u0161anai (mini) - sdapakuote.lt","description":"Plastmasas rokturis mini stretch pl\u0113vei (10\u201320 cm). \u0112rts un uzticams r\u012bks efekt\u012bvai iepako\u0161anai. Iztur\u012bgs, ergonomisks un viegli lietojams.","robots":{"index":"index","follow":"follow","max-snippet":"max-snippet:-1","max-image-preview":"max-image-preview:large","max-video-preview":"max-video-preview:-1"},"canonical":"https:\/\/www.sdapakuote.lt\/lv\/produkti\/iepakosanas-instrumenti-un-iekartas\/rokturis-stiepjamas-pleves-tinsanai\/","og_locale":"lv_LV","og_type":"article","og_title":"Rokturis stiepjam\u0101s pl\u0113ves tin\u0161anai (mini) - sdapakuote.lt","og_description":"Plastmasas rokturis mini stretch pl\u0113vei (10\u201320 cm). \u0112rts un uzticams r\u012bks efekt\u012bvai iepako\u0161anai. Iztur\u012bgs, ergonomisks un viegli lietojams.","og_url":"https:\/\/www.sdapakuote.lt\/lv\/produkti\/iepakosanas-instrumenti-un-iekartas\/rokturis-stiepjamas-pleves-tinsanai\/","og_site_name":"sdapakuote.lt","article_modified_time":"2025-10-08T07:38:22+00:00","og_image":[{"width":2240,"height":1442,"url":"https:\/\/www.sdapakuote.lt\/wp-content\/uploads\/2021\/12\/Rankena-mini-stretch.jpg","type":"image\/jpeg"}],"twitter_card":"summary_large_image","twitter_misc":{"Est. reading time":"1 minute"},"schema":{"@context":"https:\/\/schema.org","@graph":[{"@type":"WebPage","@id":"https:\/\/www.sdapakuote.lt\/lv\/produkti\/iepakosanas-instrumenti-un-iekartas\/rokturis-stiepjamas-pleves-tinsanai\/","url":"https:\/\/www.sdapakuote.lt\/lv\/produkti\/iepakosanas-instrumenti-un-iekartas\/rokturis-stiepjamas-pleves-tinsanai\/","name":"Rokturis stiepjam\u0101s pl\u0113ves tin\u0161anai (mini) - sdapakuote.lt","isPartOf":{"@id":"https:\/\/www.sdapakuote.lt\/lv\/#website"},"primaryImageOfPage":{"@id":"https:\/\/www.sdapakuote.lt\/lv\/produkti\/iepakosanas-instrumenti-un-iekartas\/rokturis-stiepjamas-pleves-tinsanai\/#primaryimage"},"image":{"@id":"https:\/\/www.sdapakuote.lt\/lv\/produkti\/iepakosanas-instrumenti-un-iekartas\/rokturis-stiepjamas-pleves-tinsanai\/#primaryimage"},"thumbnailUrl":"https:\/\/www.sdapakuote.lt\/wp-content\/uploads\/2021\/12\/Rankena-mini-stretch.jpg","datePublished":"2025-10-08T07:37:03+00:00","dateModified":"2025-10-08T07:38:22+00:00","description":"Plastmasas rokturis mini stretch pl\u0113vei (10\u201320 cm). \u0112rts un uzticams r\u012bks efekt\u012bvai iepako\u0161anai. Iztur\u012bgs, ergonomisks un viegli lietojams.","breadcrumb":{"@id":"https:\/\/www.sdapakuote.lt\/lv\/produkti\/iepakosanas-instrumenti-un-iekartas\/rokturis-stiepjamas-pleves-tinsanai\/#breadcrumb"},"inLanguage":"lv-LV","potentialAction":[{"@type":"ReadAction","target":["https:\/\/www.sdapakuote.lt\/lv\/produkti\/iepakosanas-instrumenti-un-iekartas\/rokturis-stiepjamas-pleves-tinsanai\/"]}]},{"@type":"ImageObject","inLanguage":"lv-LV","@id":"https:\/\/www.sdapakuote.lt\/lv\/produkti\/iepakosanas-instrumenti-un-iekartas\/rokturis-stiepjamas-pleves-tinsanai\/#primaryimage","url":"https:\/\/www.sdapakuote.lt\/wp-content\/uploads\/2021\/12\/Rankena-mini-stretch.jpg","contentUrl":"https:\/\/www.sdapakuote.lt\/wp-content\/uploads\/2021\/12\/Rankena-mini-stretch.jpg","width":2240,"height":1442,"caption":"Rankena mini stretch pl\u0117velei"},{"@type":"BreadcrumbList","@id":"https:\/\/www.sdapakuote.lt\/lv\/produkti\/iepakosanas-instrumenti-un-iekartas\/rokturis-stiepjamas-pleves-tinsanai\/#breadcrumb","itemListElement":[{"@type":"ListItem","position":1,"name":"Home","item":"https:\/\/www.sdapakuote.lt\/lv\/"},{"@type":"ListItem","position":2,"name":"Produkti","item":"https:\/\/www.sdapakuote.lt\/lv\/produkti\/"},{"@type":"ListItem","position":3,"name":"Iepako\u0161anas instrumenti un iek\u0101rtas","item":"https:\/\/www.sdapakuote.lt\/lv\/produkti\/iepakosanas-instrumenti-un-iekartas\/"},{"@type":"ListItem","position":4,"name":"Rokturis stiepjam\u0101s pl\u0113ves tin\u0161anai (mini)"}]},{"@type":"WebSite","@id":"https:\/\/www.sdapakuote.lt\/lv\/#website","url":"https:\/\/www.sdapakuote.lt\/lv\/","name":"sdapakuote.lt","description":"Kol kas tik dar vienas WordPress tinklalapis","potentialAction":[{"@type":"SearchAction","target":{"@type":"EntryPoint","urlTemplate":"https:\/\/www.sdapakuote.lt\/lv\/?s={search_term_string}"},"query-input":{"@type":"PropertyValueSpecification","valueRequired":true,"valueName":"search_term_string"}}],"inLanguage":"lv-LV"}]}},"_links":{"self":[{"href":"https:\/\/www.sdapakuote.lt\/lv\/wp-json\/wp\/v2\/pages\/4625","targetHints":{"allow":["GET"]}}],"collection":[{"href":"https:\/\/www.sdapakuote.lt\/lv\/wp-json\/wp\/v2\/pages"}],"about":[{"href":"https:\/\/www.sdapakuote.lt\/lv\/wp-json\/wp\/v2\/types\/page"}],"author":[{"embeddable":true,"href":"https:\/\/www.sdapakuote.lt\/lv\/wp-json\/wp\/v2\/users\/2"}],"replies":[{"embeddable":true,"href":"https:\/\/www.sdapakuote.lt\/lv\/wp-json\/wp\/v2\/comments?post=4625"}],"version-history":[{"count":3,"href":"https:\/\/www.sdapakuote.lt\/lv\/wp-json\/wp\/v2\/pages\/4625\/revisions"}],"predecessor-version":[{"id":4629,"href":"https:\/\/www.sdapakuote.lt\/lv\/wp-json\/wp\/v2\/pages\/4625\/revisions\/4629"}],"up":[{"embeddable":true,"href":"https:\/\/www.sdapakuote.lt\/lv\/wp-json\/wp\/v2\/pages\/4603"}],"wp:featuredmedia":[{"embeddable":true,"href":"https:\/\/www.sdapakuote.lt\/lv\/wp-json\/wp\/v2\/media\/4626"}],"wp:attachment":[{"href":"https:\/\/www.sdapakuote.lt\/lv\/wp-json\/wp\/v2\/media?parent=4625"}],"curies":[{"name":"wp","href":"https:\/\/api.w.org\/{rel}","templated":true}]}}