{"id":4614,"date":"2025-10-08T07:25:55","date_gmt":"2025-10-08T07:25:55","guid":{"rendered":"https:\/\/www.sdapakuote.lt\/?page_id=4614"},"modified":"2025-10-08T07:26:30","modified_gmt":"2025-10-08T07:26:30","slug":"limlentes-aparati-45-50mm","status":"publish","type":"page","link":"https:\/\/www.sdapakuote.lt\/lv\/produkti\/iepakosanas-instrumenti-un-iekartas\/limlentes-aparati-45-50mm\/","title":{"rendered":"L\u012bmlentes apar\u0101ti 45 &#8211; 50mm"},"content":{"rendered":"<h2 data-start=\"105\" data-end=\"157\"><strong data-start=\"108\" data-end=\"157\">L\u012bmlentes apar\u0101ti \u2013 profesion\u0101lai iepako\u0161anai<\/strong><\/h2>\n<p data-start=\"159\" data-end=\"458\"><strong data-start=\"159\" data-end=\"174\">SDA Pakuot\u0117<\/strong> pied\u0101v\u0101 <strong data-start=\"183\" data-end=\"224\">augstas kvalit\u0101tes l\u012bmlentes apar\u0101tus<\/strong>, kas paredz\u0113ti <strong data-start=\"240\" data-end=\"269\">45\u201350 mm platas l\u012bmlentes<\/strong> lieto\u0161anai.<br data-start=\"281\" data-end=\"284\" \/><br \/>\n\u0160ie apar\u0101ti nodro\u0161ina <strong data-start=\"306\" data-end=\"351\">\u0113rtu, prec\u012bzu un \u0101tru iepako\u0161anas procesu<\/strong>, t\u0101p\u0113c tie ir lieliski piem\u0113roti noliktav\u0101m, lo\u0123istikas centriem, tirdzniec\u012bbai un ra\u017eo\u0161anas uz\u0146\u0113mumiem.<\/p>\n<p data-start=\"460\" data-end=\"511\">M\u016bsu pied\u0101v\u0101tie <strong data-start=\"476\" data-end=\"497\">l\u012bmlentes apar\u0101ti<\/strong> izce\u013cas ar:<\/p>\n<ul data-start=\"512\" data-end=\"784\">\n<li data-start=\"512\" data-end=\"575\">\n<p data-start=\"514\" data-end=\"575\"><strong data-start=\"514\" data-end=\"533\">met\u0101la cilindru<\/strong>, kas nodro\u0161ina iztur\u012bbu un stabilit\u0101ti;<\/p>\n<\/li>\n<li data-start=\"576\" data-end=\"679\">\n<p data-start=\"578\" data-end=\"679\"><strong data-start=\"578\" data-end=\"611\">met\u0101la spriegojuma regul\u0113t\u0101ju<\/strong>, kas \u013cauj piel\u0101got lentes sasprindzin\u0101jumu atbilsto\u0161i materi\u0101lam;<\/p>\n<\/li>\n<li data-start=\"680\" data-end=\"784\">\n<p data-start=\"682\" data-end=\"784\"><strong data-start=\"682\" data-end=\"721\">stingru un ergonomisku konstrukciju<\/strong>, kas nodro\u0161ina \u0113rtu lieto\u0161anu ar\u012b intens\u012bva darba apst\u0101k\u013cos.<\/p>\n<\/li>\n<\/ul>\n<p data-start=\"786\" data-end=\"953\">\u0160is modelis ir <strong data-start=\"801\" data-end=\"825\">augst\u0101kas kvalit\u0101tes<\/strong> nek\u0101 standarta apar\u0101ti \u2013 nedaudz smag\u0101ks, ta\u010du iev\u0113rojami iztur\u012bg\u0101ks, un t\u0101p\u0113c ide\u0101li piem\u0113rots <strong data-start=\"922\" data-end=\"950\">profesion\u0101lai lieto\u0161anai<\/strong>.<\/p>\n<hr data-start=\"955\" data-end=\"958\" \/>\n<h3 data-start=\"960\" data-end=\"989\">\ud83d\udd39 <strong data-start=\"967\" data-end=\"989\">Galven\u0101s \u012bpa\u0161\u012bbas:<\/strong><\/h3>\n<ul data-start=\"990\" data-end=\"1149\">\n<li data-start=\"990\" data-end=\"1030\">\n<p data-start=\"992\" data-end=\"1030\">Piem\u0113rots 45\u201350 mm plat\u0101m l\u012bmlent\u0113m;<\/p>\n<\/li>\n<li data-start=\"1031\" data-end=\"1071\">\n<p data-start=\"1033\" data-end=\"1071\">Met\u0101la cilindrs un iztur\u012bgs korpuss;<\/p>\n<\/li>\n<li data-start=\"1072\" data-end=\"1106\">\n<p data-start=\"1074\" data-end=\"1106\">Regul\u0113jams lentes spriegojums;<\/p>\n<\/li>\n<li data-start=\"1107\" data-end=\"1149\">\n<p data-start=\"1109\" data-end=\"1149\">Ilgm\u016b\u017e\u012bgs, uzticams un \u0113rts lieto\u0161an\u0101.<\/p>\n<\/li>\n<\/ul>\n<hr data-start=\"1151\" data-end=\"1154\" \/>\n<p data-start=\"1156\" data-end=\"1384\"><strong data-start=\"1156\" data-end=\"1177\">L\u012bmlentes apar\u0101ti<\/strong> ir <strong data-start=\"1181\" data-end=\"1209\">nepiecie\u0161ams instruments<\/strong> jebkuram uz\u0146\u0113mumam, kas v\u0113las nodro\u0161in\u0101t \u0101tru un kvalitat\u012bvu iepako\u0161anu.<br data-start=\"1282\" data-end=\"1285\" \/><br \/>\nTo ergonomiskais dizains un met\u0101la konstrukcija nodro\u0161ina efekt\u012bvu darbu un ilgtermi\u0146a ekonomiju.<\/p>\n","protected":false},"excerpt":{"rendered":"<p>L\u012bmlentes apar\u0101ti \u2013 profesion\u0101lai iepako\u0161anai SDA Pakuot\u0117 pied\u0101v\u0101 augstas kvalit\u0101tes l\u012bmlentes apar\u0101tus, kas paredz\u0113ti 45\u201350 mm platas l\u012bmlentes lieto\u0161anai. \u0160ie apar\u0101ti nodro\u0161ina \u0113rtu, prec\u012bzu un \u0101tru iepako\u0161anas procesu, t\u0101p\u0113c tie ir lieliski piem\u0113roti noliktav\u0101m, lo\u0123istikas centriem, tirdzniec\u012bbai un ra\u017eo\u0161anas uz\u0146\u0113mumiem. M\u016bsu pied\u0101v\u0101tie l\u012bmlentes apar\u0101ti izce\u013cas ar: met\u0101la cilindru, kas nodro\u0161ina iztur\u012bbu un stabilit\u0101ti; met\u0101la spriegojuma [&hellip;]<\/p>\n","protected":false},"author":2,"featured_media":4615,"parent":4603,"menu_order":0,"comment_status":"closed","ping_status":"closed","template":"page-single-product.php","meta":{"_acf_changed":false,"footnotes":""},"class_list":["post-4614","page","type-page","status-publish","has-post-thumbnail","hentry"],"acf":[],"yoast_head":"<!-- This site is optimized with the Yoast SEO plugin v27.4 - https:\/\/yoast.com\/product\/yoast-seo-wordpress\/ -->\n<title>L\u012bmlentes apar\u0101ti 45 - 50mm - sdapakuote.lt<\/title>\n<meta name=\"description\" content=\"Augstas kvalit\u0101tes l\u012bmlentes apar\u0101ti ar met\u0101la cilindru un spriegojuma regul\u0113\u0161anu. Piem\u0113roti 45\u201350 mm lent\u0113m.\" \/>\n<meta name=\"robots\" content=\"index, follow, max-snippet:-1, max-image-preview:large, max-video-preview:-1\" \/>\n<link rel=\"canonical\" href=\"https:\/\/www.sdapakuote.lt\/lv\/produkti\/iepakosanas-instrumenti-un-iekartas\/limlentes-aparati-45-50mm\/\" \/>\n<meta property=\"og:locale\" content=\"lv_LV\" \/>\n<meta property=\"og:type\" content=\"article\" \/>\n<meta property=\"og:title\" content=\"L\u012bmlentes apar\u0101ti 45 - 50mm - sdapakuote.lt\" \/>\n<meta property=\"og:description\" content=\"Augstas kvalit\u0101tes l\u012bmlentes apar\u0101ti ar met\u0101la cilindru un spriegojuma regul\u0113\u0161anu. Piem\u0113roti 45\u201350 mm lent\u0113m.\" \/>\n<meta property=\"og:url\" content=\"https:\/\/www.sdapakuote.lt\/lv\/produkti\/iepakosanas-instrumenti-un-iekartas\/limlentes-aparati-45-50mm\/\" \/>\n<meta property=\"og:site_name\" content=\"sdapakuote.lt\" \/>\n<meta property=\"article:modified_time\" content=\"2025-10-08T07:26:30+00:00\" \/>\n<meta property=\"og:image\" content=\"https:\/\/www.sdapakuote.lt\/wp-content\/uploads\/2021\/09\/lipnios-juostos-aparatas.jpg\" \/>\n\t<meta property=\"og:image:width\" content=\"2480\" \/>\n\t<meta property=\"og:image:height\" content=\"1816\" \/>\n\t<meta property=\"og:image:type\" content=\"image\/jpeg\" \/>\n<meta name=\"twitter:card\" content=\"summary_large_image\" \/>\n<meta name=\"twitter:label1\" content=\"Est. reading time\" \/>\n\t<meta name=\"twitter:data1\" content=\"1 minute\" \/>\n<script type=\"application\/ld+json\" class=\"yoast-schema-graph\">{\"@context\":\"https:\\\/\\\/schema.org\",\"@graph\":[{\"@type\":\"WebPage\",\"@id\":\"https:\\\/\\\/www.sdapakuote.lt\\\/lv\\\/produkti\\\/iepakosanas-instrumenti-un-iekartas\\\/limlentes-aparati-45-50mm\\\/\",\"url\":\"https:\\\/\\\/www.sdapakuote.lt\\\/lv\\\/produkti\\\/iepakosanas-instrumenti-un-iekartas\\\/limlentes-aparati-45-50mm\\\/\",\"name\":\"L\u012bmlentes apar\u0101ti 45 - 50mm - sdapakuote.lt\",\"isPartOf\":{\"@id\":\"https:\\\/\\\/www.sdapakuote.lt\\\/lv\\\/#website\"},\"primaryImageOfPage\":{\"@id\":\"https:\\\/\\\/www.sdapakuote.lt\\\/lv\\\/produkti\\\/iepakosanas-instrumenti-un-iekartas\\\/limlentes-aparati-45-50mm\\\/#primaryimage\"},\"image\":{\"@id\":\"https:\\\/\\\/www.sdapakuote.lt\\\/lv\\\/produkti\\\/iepakosanas-instrumenti-un-iekartas\\\/limlentes-aparati-45-50mm\\\/#primaryimage\"},\"thumbnailUrl\":\"https:\\\/\\\/www.sdapakuote.lt\\\/wp-content\\\/uploads\\\/2021\\\/09\\\/lipnios-juostos-aparatas.jpg\",\"datePublished\":\"2025-10-08T07:25:55+00:00\",\"dateModified\":\"2025-10-08T07:26:30+00:00\",\"description\":\"Augstas kvalit\u0101tes l\u012bmlentes apar\u0101ti ar met\u0101la cilindru un spriegojuma regul\u0113\u0161anu. Piem\u0113roti 45\u201350 mm lent\u0113m.\",\"breadcrumb\":{\"@id\":\"https:\\\/\\\/www.sdapakuote.lt\\\/lv\\\/produkti\\\/iepakosanas-instrumenti-un-iekartas\\\/limlentes-aparati-45-50mm\\\/#breadcrumb\"},\"inLanguage\":\"lv-LV\",\"potentialAction\":[{\"@type\":\"ReadAction\",\"target\":[\"https:\\\/\\\/www.sdapakuote.lt\\\/lv\\\/produkti\\\/iepakosanas-instrumenti-un-iekartas\\\/limlentes-aparati-45-50mm\\\/\"]}]},{\"@type\":\"ImageObject\",\"inLanguage\":\"lv-LV\",\"@id\":\"https:\\\/\\\/www.sdapakuote.lt\\\/lv\\\/produkti\\\/iepakosanas-instrumenti-un-iekartas\\\/limlentes-aparati-45-50mm\\\/#primaryimage\",\"url\":\"https:\\\/\\\/www.sdapakuote.lt\\\/wp-content\\\/uploads\\\/2021\\\/09\\\/lipnios-juostos-aparatas.jpg\",\"contentUrl\":\"https:\\\/\\\/www.sdapakuote.lt\\\/wp-content\\\/uploads\\\/2021\\\/09\\\/lipnios-juostos-aparatas.jpg\",\"width\":2480,\"height\":1816,\"caption\":\"Lipnios juostos aparatas\"},{\"@type\":\"BreadcrumbList\",\"@id\":\"https:\\\/\\\/www.sdapakuote.lt\\\/lv\\\/produkti\\\/iepakosanas-instrumenti-un-iekartas\\\/limlentes-aparati-45-50mm\\\/#breadcrumb\",\"itemListElement\":[{\"@type\":\"ListItem\",\"position\":1,\"name\":\"Home\",\"item\":\"https:\\\/\\\/www.sdapakuote.lt\\\/lv\\\/\"},{\"@type\":\"ListItem\",\"position\":2,\"name\":\"Produkti\",\"item\":\"https:\\\/\\\/www.sdapakuote.lt\\\/lv\\\/produkti\\\/\"},{\"@type\":\"ListItem\",\"position\":3,\"name\":\"Iepako\u0161anas instrumenti un iek\u0101rtas\",\"item\":\"https:\\\/\\\/www.sdapakuote.lt\\\/lv\\\/produkti\\\/iepakosanas-instrumenti-un-iekartas\\\/\"},{\"@type\":\"ListItem\",\"position\":4,\"name\":\"L\u012bmlentes apar\u0101ti 45 &#8211; 50mm\"}]},{\"@type\":\"WebSite\",\"@id\":\"https:\\\/\\\/www.sdapakuote.lt\\\/lv\\\/#website\",\"url\":\"https:\\\/\\\/www.sdapakuote.lt\\\/lv\\\/\",\"name\":\"sdapakuote.lt\",\"description\":\"Kol kas tik dar vienas WordPress tinklalapis\",\"potentialAction\":[{\"@type\":\"SearchAction\",\"target\":{\"@type\":\"EntryPoint\",\"urlTemplate\":\"https:\\\/\\\/www.sdapakuote.lt\\\/lv\\\/?s={search_term_string}\"},\"query-input\":{\"@type\":\"PropertyValueSpecification\",\"valueRequired\":true,\"valueName\":\"search_term_string\"}}],\"inLanguage\":\"lv-LV\"}]}<\/script>\n<!-- \/ Yoast SEO plugin. -->","yoast_head_json":{"title":"L\u012bmlentes apar\u0101ti 45 - 50mm - sdapakuote.lt","description":"Augstas kvalit\u0101tes l\u012bmlentes apar\u0101ti ar met\u0101la cilindru un spriegojuma regul\u0113\u0161anu. Piem\u0113roti 45\u201350 mm lent\u0113m.","robots":{"index":"index","follow":"follow","max-snippet":"max-snippet:-1","max-image-preview":"max-image-preview:large","max-video-preview":"max-video-preview:-1"},"canonical":"https:\/\/www.sdapakuote.lt\/lv\/produkti\/iepakosanas-instrumenti-un-iekartas\/limlentes-aparati-45-50mm\/","og_locale":"lv_LV","og_type":"article","og_title":"L\u012bmlentes apar\u0101ti 45 - 50mm - sdapakuote.lt","og_description":"Augstas kvalit\u0101tes l\u012bmlentes apar\u0101ti ar met\u0101la cilindru un spriegojuma regul\u0113\u0161anu. Piem\u0113roti 45\u201350 mm lent\u0113m.","og_url":"https:\/\/www.sdapakuote.lt\/lv\/produkti\/iepakosanas-instrumenti-un-iekartas\/limlentes-aparati-45-50mm\/","og_site_name":"sdapakuote.lt","article_modified_time":"2025-10-08T07:26:30+00:00","og_image":[{"width":2480,"height":1816,"url":"https:\/\/www.sdapakuote.lt\/wp-content\/uploads\/2021\/09\/lipnios-juostos-aparatas.jpg","type":"image\/jpeg"}],"twitter_card":"summary_large_image","twitter_misc":{"Est. reading time":"1 minute"},"schema":{"@context":"https:\/\/schema.org","@graph":[{"@type":"WebPage","@id":"https:\/\/www.sdapakuote.lt\/lv\/produkti\/iepakosanas-instrumenti-un-iekartas\/limlentes-aparati-45-50mm\/","url":"https:\/\/www.sdapakuote.lt\/lv\/produkti\/iepakosanas-instrumenti-un-iekartas\/limlentes-aparati-45-50mm\/","name":"L\u012bmlentes apar\u0101ti 45 - 50mm - sdapakuote.lt","isPartOf":{"@id":"https:\/\/www.sdapakuote.lt\/lv\/#website"},"primaryImageOfPage":{"@id":"https:\/\/www.sdapakuote.lt\/lv\/produkti\/iepakosanas-instrumenti-un-iekartas\/limlentes-aparati-45-50mm\/#primaryimage"},"image":{"@id":"https:\/\/www.sdapakuote.lt\/lv\/produkti\/iepakosanas-instrumenti-un-iekartas\/limlentes-aparati-45-50mm\/#primaryimage"},"thumbnailUrl":"https:\/\/www.sdapakuote.lt\/wp-content\/uploads\/2021\/09\/lipnios-juostos-aparatas.jpg","datePublished":"2025-10-08T07:25:55+00:00","dateModified":"2025-10-08T07:26:30+00:00","description":"Augstas kvalit\u0101tes l\u012bmlentes apar\u0101ti ar met\u0101la cilindru un spriegojuma regul\u0113\u0161anu. Piem\u0113roti 45\u201350 mm lent\u0113m.","breadcrumb":{"@id":"https:\/\/www.sdapakuote.lt\/lv\/produkti\/iepakosanas-instrumenti-un-iekartas\/limlentes-aparati-45-50mm\/#breadcrumb"},"inLanguage":"lv-LV","potentialAction":[{"@type":"ReadAction","target":["https:\/\/www.sdapakuote.lt\/lv\/produkti\/iepakosanas-instrumenti-un-iekartas\/limlentes-aparati-45-50mm\/"]}]},{"@type":"ImageObject","inLanguage":"lv-LV","@id":"https:\/\/www.sdapakuote.lt\/lv\/produkti\/iepakosanas-instrumenti-un-iekartas\/limlentes-aparati-45-50mm\/#primaryimage","url":"https:\/\/www.sdapakuote.lt\/wp-content\/uploads\/2021\/09\/lipnios-juostos-aparatas.jpg","contentUrl":"https:\/\/www.sdapakuote.lt\/wp-content\/uploads\/2021\/09\/lipnios-juostos-aparatas.jpg","width":2480,"height":1816,"caption":"Lipnios juostos aparatas"},{"@type":"BreadcrumbList","@id":"https:\/\/www.sdapakuote.lt\/lv\/produkti\/iepakosanas-instrumenti-un-iekartas\/limlentes-aparati-45-50mm\/#breadcrumb","itemListElement":[{"@type":"ListItem","position":1,"name":"Home","item":"https:\/\/www.sdapakuote.lt\/lv\/"},{"@type":"ListItem","position":2,"name":"Produkti","item":"https:\/\/www.sdapakuote.lt\/lv\/produkti\/"},{"@type":"ListItem","position":3,"name":"Iepako\u0161anas instrumenti un iek\u0101rtas","item":"https:\/\/www.sdapakuote.lt\/lv\/produkti\/iepakosanas-instrumenti-un-iekartas\/"},{"@type":"ListItem","position":4,"name":"L\u012bmlentes apar\u0101ti 45 &#8211; 50mm"}]},{"@type":"WebSite","@id":"https:\/\/www.sdapakuote.lt\/lv\/#website","url":"https:\/\/www.sdapakuote.lt\/lv\/","name":"sdapakuote.lt","description":"Kol kas tik dar vienas WordPress tinklalapis","potentialAction":[{"@type":"SearchAction","target":{"@type":"EntryPoint","urlTemplate":"https:\/\/www.sdapakuote.lt\/lv\/?s={search_term_string}"},"query-input":{"@type":"PropertyValueSpecification","valueRequired":true,"valueName":"search_term_string"}}],"inLanguage":"lv-LV"}]}},"_links":{"self":[{"href":"https:\/\/www.sdapakuote.lt\/lv\/wp-json\/wp\/v2\/pages\/4614","targetHints":{"allow":["GET"]}}],"collection":[{"href":"https:\/\/www.sdapakuote.lt\/lv\/wp-json\/wp\/v2\/pages"}],"about":[{"href":"https:\/\/www.sdapakuote.lt\/lv\/wp-json\/wp\/v2\/types\/page"}],"author":[{"embeddable":true,"href":"https:\/\/www.sdapakuote.lt\/lv\/wp-json\/wp\/v2\/users\/2"}],"replies":[{"embeddable":true,"href":"https:\/\/www.sdapakuote.lt\/lv\/wp-json\/wp\/v2\/comments?post=4614"}],"version-history":[{"count":2,"href":"https:\/\/www.sdapakuote.lt\/lv\/wp-json\/wp\/v2\/pages\/4614\/revisions"}],"predecessor-version":[{"id":4617,"href":"https:\/\/www.sdapakuote.lt\/lv\/wp-json\/wp\/v2\/pages\/4614\/revisions\/4617"}],"up":[{"embeddable":true,"href":"https:\/\/www.sdapakuote.lt\/lv\/wp-json\/wp\/v2\/pages\/4603"}],"wp:featuredmedia":[{"embeddable":true,"href":"https:\/\/www.sdapakuote.lt\/lv\/wp-json\/wp\/v2\/media\/4615"}],"wp:attachment":[{"href":"https:\/\/www.sdapakuote.lt\/lv\/wp-json\/wp\/v2\/media?parent=4614"}],"curies":[{"name":"wp","href":"https:\/\/api.w.org\/{rel}","templated":true}]}}