{"id":4610,"date":"2025-10-08T07:22:09","date_gmt":"2025-10-08T07:22:09","guid":{"rendered":"https:\/\/www.sdapakuote.lt\/?page_id=4610"},"modified":"2025-10-08T07:22:20","modified_gmt":"2025-10-08T07:22:20","slug":"limlentes-aparati","status":"publish","type":"page","link":"https:\/\/www.sdapakuote.lt\/lv\/produkti\/iepakosanas-instrumenti-un-iekartas\/limlentes-aparati\/","title":{"rendered":"L\u012bmlentes apar\u0101ti"},"content":{"rendered":"<h2 data-start=\"107\" data-end=\"166\"><strong data-start=\"110\" data-end=\"166\">L\u012bmlentes apar\u0101ti \u2013 \u0113rti un \u0101tri iepako\u0161anas darbiem<\/strong><\/h2>\n<p data-start=\"168\" data-end=\"408\"><strong data-start=\"168\" data-end=\"183\">SDA Pakuot\u0117<\/strong> pied\u0101v\u0101 <strong data-start=\"192\" data-end=\"214\">l\u012bmlentes apar\u0101tus<\/strong>, kas paredz\u0113ti <strong data-start=\"230\" data-end=\"258\">9\u201312 mm platas l\u012bmlentes<\/strong> lieto\u0161anai.<br data-start=\"270\" data-end=\"273\" \/><br \/>\n\u0160\u012b ier\u012bce ir <strong data-start=\"286\" data-end=\"319\">\u0113rta, funkcion\u0101la un uzticama<\/strong>, pal\u012bdz <strong data-start=\"328\" data-end=\"361\">pa\u0101trin\u0101t iepako\u0161anas procesu<\/strong> un nodro\u0161ina k\u0101rt\u012bgu iepakojuma aizl\u012bm\u0113\u0161anu.<\/p>\n<p data-start=\"410\" data-end=\"696\">Apar\u0101ts apr\u012bkots ar <strong data-start=\"430\" data-end=\"442\">asu nazi<\/strong>, kas \u013cauj <strong data-start=\"453\" data-end=\"484\">nogriezt lieko maisi\u0146a da\u013cu<\/strong>, t\u0101d\u0113j\u0101di iepako\u0161ana k\u013c\u016bst <strong data-start=\"512\" data-end=\"543\">\u0101tr\u0101ka, t\u012br\u0101ka un prec\u012bz\u0101ka<\/strong>.<br data-start=\"544\" data-end=\"547\" \/><br \/>\nIde\u0101li piem\u0113rots <strong data-start=\"564\" data-end=\"588\">p\u0101rtikas r\u016bpniec\u012bbai<\/strong>, <strong data-start=\"590\" data-end=\"603\">veikaliem<\/strong>, <strong data-start=\"605\" data-end=\"619\">noliktav\u0101m<\/strong> un <strong data-start=\"623\" data-end=\"649\">s\u016bt\u012bjumu sagatavo\u0161anai<\/strong>, kur nepiecie\u0161ams efekt\u012bvs un \u0113rts risin\u0101jums.<\/p>\n<hr data-start=\"698\" data-end=\"701\" \/>\n<h3 data-start=\"703\" data-end=\"746\">\ud83d\udd39 <strong data-start=\"710\" data-end=\"746\">L\u012bmlentes apar\u0101ta priek\u0161roc\u012bbas:<\/strong><\/h3>\n<ul data-start=\"747\" data-end=\"981\">\n<li data-start=\"747\" data-end=\"786\">\n<p data-start=\"749\" data-end=\"786\">Piem\u0113rots 9\u201312 mm plat\u0101m l\u012bmlent\u0113m;<\/p>\n<\/li>\n<li data-start=\"787\" data-end=\"834\">\n<p data-start=\"789\" data-end=\"834\">Apr\u012bkots ar nazi liek\u0101s pl\u0113ves nogrie\u0161anai;<\/p>\n<\/li>\n<li data-start=\"835\" data-end=\"867\">\n<p data-start=\"837\" data-end=\"867\">\u0112rts un ergonomisks dizains;<\/p>\n<\/li>\n<li data-start=\"868\" data-end=\"927\">\n<p data-start=\"870\" data-end=\"927\">Samazina iepako\u0161anas laiku un palielina produktivit\u0101ti;<\/p>\n<\/li>\n<li data-start=\"928\" data-end=\"981\">\n<p data-start=\"930\" data-end=\"981\">Piem\u0113rots gan mazajiem, gan lielajiem uz\u0146\u0113mumiem.<\/p>\n<\/li>\n<\/ul>\n<hr data-start=\"983\" data-end=\"986\" \/>\n<p data-start=\"988\" data-end=\"1147\"><strong data-start=\"988\" data-end=\"1009\">L\u012bmlentes apar\u0101ti<\/strong> ir <strong data-start=\"1013\" data-end=\"1041\">neaizst\u0101jams instruments<\/strong> katr\u0101 iepako\u0161anas proces\u0101 \u2013 tie pal\u012bdz ietaup\u012bt laiku, samazina k\u013c\u016bdu risku un uzlabo darba efektivit\u0101ti.<\/p>\n","protected":false},"excerpt":{"rendered":"<p>L\u012bmlentes apar\u0101ti \u2013 \u0113rti un \u0101tri iepako\u0161anas darbiem SDA Pakuot\u0117 pied\u0101v\u0101 l\u012bmlentes apar\u0101tus, kas paredz\u0113ti 9\u201312 mm platas l\u012bmlentes lieto\u0161anai. \u0160\u012b ier\u012bce ir \u0113rta, funkcion\u0101la un uzticama, pal\u012bdz pa\u0101trin\u0101t iepako\u0161anas procesu un nodro\u0161ina k\u0101rt\u012bgu iepakojuma aizl\u012bm\u0113\u0161anu. Apar\u0101ts apr\u012bkots ar asu nazi, kas \u013cauj nogriezt lieko maisi\u0146a da\u013cu, t\u0101d\u0113j\u0101di iepako\u0161ana k\u013c\u016bst \u0101tr\u0101ka, t\u012br\u0101ka un prec\u012bz\u0101ka. Ide\u0101li [&hellip;]<\/p>\n","protected":false},"author":2,"featured_media":4611,"parent":4603,"menu_order":0,"comment_status":"closed","ping_status":"closed","template":"page-single-product.php","meta":{"_acf_changed":false,"footnotes":""},"class_list":["post-4610","page","type-page","status-publish","has-post-thumbnail","hentry"],"acf":[],"yoast_head":"<!-- This site is optimized with the Yoast SEO plugin v27.4 - https:\/\/yoast.com\/product\/yoast-seo-wordpress\/ -->\n<title>L\u012bmlentes apar\u0101ti - sdapakuote.lt<\/title>\n<meta name=\"description\" content=\"L\u012bmlentes apar\u0101ti ar nazi. Piem\u0113roti 9\u201312 mm lent\u0113m. \u0112rti lieto\u0161anai, pa\u0101trina iepako\u0161anas darbus.\" \/>\n<meta name=\"robots\" content=\"index, follow, max-snippet:-1, max-image-preview:large, max-video-preview:-1\" \/>\n<link rel=\"canonical\" href=\"https:\/\/www.sdapakuote.lt\/lv\/produkti\/iepakosanas-instrumenti-un-iekartas\/limlentes-aparati\/\" \/>\n<meta property=\"og:locale\" content=\"lv_LV\" \/>\n<meta property=\"og:type\" content=\"article\" \/>\n<meta property=\"og:title\" content=\"L\u012bmlentes apar\u0101ti - sdapakuote.lt\" \/>\n<meta property=\"og:description\" content=\"L\u012bmlentes apar\u0101ti ar nazi. Piem\u0113roti 9\u201312 mm lent\u0113m. \u0112rti lieto\u0161anai, pa\u0101trina iepako\u0161anas darbus.\" \/>\n<meta property=\"og:url\" content=\"https:\/\/www.sdapakuote.lt\/lv\/produkti\/iepakosanas-instrumenti-un-iekartas\/limlentes-aparati\/\" \/>\n<meta property=\"og:site_name\" content=\"sdapakuote.lt\" \/>\n<meta property=\"article:modified_time\" content=\"2025-10-08T07:22:20+00:00\" \/>\n<meta property=\"og:image\" content=\"https:\/\/www.sdapakuote.lt\/wp-content\/uploads\/2022\/03\/lipnios-juostos-aparatas-9-12.jpeg\" \/>\n\t<meta property=\"og:image:width\" content=\"1024\" \/>\n\t<meta property=\"og:image:height\" content=\"966\" \/>\n\t<meta property=\"og:image:type\" content=\"image\/jpeg\" \/>\n<meta name=\"twitter:card\" content=\"summary_large_image\" \/>\n<meta name=\"twitter:label1\" content=\"Est. reading time\" \/>\n\t<meta name=\"twitter:data1\" content=\"1 minute\" \/>\n<script type=\"application\/ld+json\" class=\"yoast-schema-graph\">{\"@context\":\"https:\\\/\\\/schema.org\",\"@graph\":[{\"@type\":\"WebPage\",\"@id\":\"https:\\\/\\\/www.sdapakuote.lt\\\/lv\\\/produkti\\\/iepakosanas-instrumenti-un-iekartas\\\/limlentes-aparati\\\/\",\"url\":\"https:\\\/\\\/www.sdapakuote.lt\\\/lv\\\/produkti\\\/iepakosanas-instrumenti-un-iekartas\\\/limlentes-aparati\\\/\",\"name\":\"L\u012bmlentes apar\u0101ti - sdapakuote.lt\",\"isPartOf\":{\"@id\":\"https:\\\/\\\/www.sdapakuote.lt\\\/lv\\\/#website\"},\"primaryImageOfPage\":{\"@id\":\"https:\\\/\\\/www.sdapakuote.lt\\\/lv\\\/produkti\\\/iepakosanas-instrumenti-un-iekartas\\\/limlentes-aparati\\\/#primaryimage\"},\"image\":{\"@id\":\"https:\\\/\\\/www.sdapakuote.lt\\\/lv\\\/produkti\\\/iepakosanas-instrumenti-un-iekartas\\\/limlentes-aparati\\\/#primaryimage\"},\"thumbnailUrl\":\"https:\\\/\\\/www.sdapakuote.lt\\\/wp-content\\\/uploads\\\/2022\\\/03\\\/lipnios-juostos-aparatas-9-12.jpeg\",\"datePublished\":\"2025-10-08T07:22:09+00:00\",\"dateModified\":\"2025-10-08T07:22:20+00:00\",\"description\":\"L\u012bmlentes apar\u0101ti ar nazi. Piem\u0113roti 9\u201312 mm lent\u0113m. \u0112rti lieto\u0161anai, pa\u0101trina iepako\u0161anas darbus.\",\"breadcrumb\":{\"@id\":\"https:\\\/\\\/www.sdapakuote.lt\\\/lv\\\/produkti\\\/iepakosanas-instrumenti-un-iekartas\\\/limlentes-aparati\\\/#breadcrumb\"},\"inLanguage\":\"lv-LV\",\"potentialAction\":[{\"@type\":\"ReadAction\",\"target\":[\"https:\\\/\\\/www.sdapakuote.lt\\\/lv\\\/produkti\\\/iepakosanas-instrumenti-un-iekartas\\\/limlentes-aparati\\\/\"]}]},{\"@type\":\"ImageObject\",\"inLanguage\":\"lv-LV\",\"@id\":\"https:\\\/\\\/www.sdapakuote.lt\\\/lv\\\/produkti\\\/iepakosanas-instrumenti-un-iekartas\\\/limlentes-aparati\\\/#primaryimage\",\"url\":\"https:\\\/\\\/www.sdapakuote.lt\\\/wp-content\\\/uploads\\\/2022\\\/03\\\/lipnios-juostos-aparatas-9-12.jpeg\",\"contentUrl\":\"https:\\\/\\\/www.sdapakuote.lt\\\/wp-content\\\/uploads\\\/2022\\\/03\\\/lipnios-juostos-aparatas-9-12.jpeg\",\"width\":1024,\"height\":966,\"caption\":\"Aparatas 9-12mm lipniai juostai\"},{\"@type\":\"BreadcrumbList\",\"@id\":\"https:\\\/\\\/www.sdapakuote.lt\\\/lv\\\/produkti\\\/iepakosanas-instrumenti-un-iekartas\\\/limlentes-aparati\\\/#breadcrumb\",\"itemListElement\":[{\"@type\":\"ListItem\",\"position\":1,\"name\":\"Home\",\"item\":\"https:\\\/\\\/www.sdapakuote.lt\\\/lv\\\/\"},{\"@type\":\"ListItem\",\"position\":2,\"name\":\"Produkti\",\"item\":\"https:\\\/\\\/www.sdapakuote.lt\\\/lv\\\/produkti\\\/\"},{\"@type\":\"ListItem\",\"position\":3,\"name\":\"Iepako\u0161anas instrumenti un iek\u0101rtas\",\"item\":\"https:\\\/\\\/www.sdapakuote.lt\\\/lv\\\/produkti\\\/iepakosanas-instrumenti-un-iekartas\\\/\"},{\"@type\":\"ListItem\",\"position\":4,\"name\":\"L\u012bmlentes apar\u0101ti\"}]},{\"@type\":\"WebSite\",\"@id\":\"https:\\\/\\\/www.sdapakuote.lt\\\/lv\\\/#website\",\"url\":\"https:\\\/\\\/www.sdapakuote.lt\\\/lv\\\/\",\"name\":\"sdapakuote.lt\",\"description\":\"Kol kas tik dar vienas WordPress tinklalapis\",\"potentialAction\":[{\"@type\":\"SearchAction\",\"target\":{\"@type\":\"EntryPoint\",\"urlTemplate\":\"https:\\\/\\\/www.sdapakuote.lt\\\/lv\\\/?s={search_term_string}\"},\"query-input\":{\"@type\":\"PropertyValueSpecification\",\"valueRequired\":true,\"valueName\":\"search_term_string\"}}],\"inLanguage\":\"lv-LV\"}]}<\/script>\n<!-- \/ Yoast SEO plugin. -->","yoast_head_json":{"title":"L\u012bmlentes apar\u0101ti - sdapakuote.lt","description":"L\u012bmlentes apar\u0101ti ar nazi. Piem\u0113roti 9\u201312 mm lent\u0113m. \u0112rti lieto\u0161anai, pa\u0101trina iepako\u0161anas darbus.","robots":{"index":"index","follow":"follow","max-snippet":"max-snippet:-1","max-image-preview":"max-image-preview:large","max-video-preview":"max-video-preview:-1"},"canonical":"https:\/\/www.sdapakuote.lt\/lv\/produkti\/iepakosanas-instrumenti-un-iekartas\/limlentes-aparati\/","og_locale":"lv_LV","og_type":"article","og_title":"L\u012bmlentes apar\u0101ti - sdapakuote.lt","og_description":"L\u012bmlentes apar\u0101ti ar nazi. Piem\u0113roti 9\u201312 mm lent\u0113m. \u0112rti lieto\u0161anai, pa\u0101trina iepako\u0161anas darbus.","og_url":"https:\/\/www.sdapakuote.lt\/lv\/produkti\/iepakosanas-instrumenti-un-iekartas\/limlentes-aparati\/","og_site_name":"sdapakuote.lt","article_modified_time":"2025-10-08T07:22:20+00:00","og_image":[{"width":1024,"height":966,"url":"https:\/\/www.sdapakuote.lt\/wp-content\/uploads\/2022\/03\/lipnios-juostos-aparatas-9-12.jpeg","type":"image\/jpeg"}],"twitter_card":"summary_large_image","twitter_misc":{"Est. reading time":"1 minute"},"schema":{"@context":"https:\/\/schema.org","@graph":[{"@type":"WebPage","@id":"https:\/\/www.sdapakuote.lt\/lv\/produkti\/iepakosanas-instrumenti-un-iekartas\/limlentes-aparati\/","url":"https:\/\/www.sdapakuote.lt\/lv\/produkti\/iepakosanas-instrumenti-un-iekartas\/limlentes-aparati\/","name":"L\u012bmlentes apar\u0101ti - sdapakuote.lt","isPartOf":{"@id":"https:\/\/www.sdapakuote.lt\/lv\/#website"},"primaryImageOfPage":{"@id":"https:\/\/www.sdapakuote.lt\/lv\/produkti\/iepakosanas-instrumenti-un-iekartas\/limlentes-aparati\/#primaryimage"},"image":{"@id":"https:\/\/www.sdapakuote.lt\/lv\/produkti\/iepakosanas-instrumenti-un-iekartas\/limlentes-aparati\/#primaryimage"},"thumbnailUrl":"https:\/\/www.sdapakuote.lt\/wp-content\/uploads\/2022\/03\/lipnios-juostos-aparatas-9-12.jpeg","datePublished":"2025-10-08T07:22:09+00:00","dateModified":"2025-10-08T07:22:20+00:00","description":"L\u012bmlentes apar\u0101ti ar nazi. Piem\u0113roti 9\u201312 mm lent\u0113m. \u0112rti lieto\u0161anai, pa\u0101trina iepako\u0161anas darbus.","breadcrumb":{"@id":"https:\/\/www.sdapakuote.lt\/lv\/produkti\/iepakosanas-instrumenti-un-iekartas\/limlentes-aparati\/#breadcrumb"},"inLanguage":"lv-LV","potentialAction":[{"@type":"ReadAction","target":["https:\/\/www.sdapakuote.lt\/lv\/produkti\/iepakosanas-instrumenti-un-iekartas\/limlentes-aparati\/"]}]},{"@type":"ImageObject","inLanguage":"lv-LV","@id":"https:\/\/www.sdapakuote.lt\/lv\/produkti\/iepakosanas-instrumenti-un-iekartas\/limlentes-aparati\/#primaryimage","url":"https:\/\/www.sdapakuote.lt\/wp-content\/uploads\/2022\/03\/lipnios-juostos-aparatas-9-12.jpeg","contentUrl":"https:\/\/www.sdapakuote.lt\/wp-content\/uploads\/2022\/03\/lipnios-juostos-aparatas-9-12.jpeg","width":1024,"height":966,"caption":"Aparatas 9-12mm lipniai juostai"},{"@type":"BreadcrumbList","@id":"https:\/\/www.sdapakuote.lt\/lv\/produkti\/iepakosanas-instrumenti-un-iekartas\/limlentes-aparati\/#breadcrumb","itemListElement":[{"@type":"ListItem","position":1,"name":"Home","item":"https:\/\/www.sdapakuote.lt\/lv\/"},{"@type":"ListItem","position":2,"name":"Produkti","item":"https:\/\/www.sdapakuote.lt\/lv\/produkti\/"},{"@type":"ListItem","position":3,"name":"Iepako\u0161anas instrumenti un iek\u0101rtas","item":"https:\/\/www.sdapakuote.lt\/lv\/produkti\/iepakosanas-instrumenti-un-iekartas\/"},{"@type":"ListItem","position":4,"name":"L\u012bmlentes apar\u0101ti"}]},{"@type":"WebSite","@id":"https:\/\/www.sdapakuote.lt\/lv\/#website","url":"https:\/\/www.sdapakuote.lt\/lv\/","name":"sdapakuote.lt","description":"Kol kas tik dar vienas WordPress tinklalapis","potentialAction":[{"@type":"SearchAction","target":{"@type":"EntryPoint","urlTemplate":"https:\/\/www.sdapakuote.lt\/lv\/?s={search_term_string}"},"query-input":{"@type":"PropertyValueSpecification","valueRequired":true,"valueName":"search_term_string"}}],"inLanguage":"lv-LV"}]}},"_links":{"self":[{"href":"https:\/\/www.sdapakuote.lt\/lv\/wp-json\/wp\/v2\/pages\/4610","targetHints":{"allow":["GET"]}}],"collection":[{"href":"https:\/\/www.sdapakuote.lt\/lv\/wp-json\/wp\/v2\/pages"}],"about":[{"href":"https:\/\/www.sdapakuote.lt\/lv\/wp-json\/wp\/v2\/types\/page"}],"author":[{"embeddable":true,"href":"https:\/\/www.sdapakuote.lt\/lv\/wp-json\/wp\/v2\/users\/2"}],"replies":[{"embeddable":true,"href":"https:\/\/www.sdapakuote.lt\/lv\/wp-json\/wp\/v2\/comments?post=4610"}],"version-history":[{"count":1,"href":"https:\/\/www.sdapakuote.lt\/lv\/wp-json\/wp\/v2\/pages\/4610\/revisions"}],"predecessor-version":[{"id":4612,"href":"https:\/\/www.sdapakuote.lt\/lv\/wp-json\/wp\/v2\/pages\/4610\/revisions\/4612"}],"up":[{"embeddable":true,"href":"https:\/\/www.sdapakuote.lt\/lv\/wp-json\/wp\/v2\/pages\/4603"}],"wp:featuredmedia":[{"embeddable":true,"href":"https:\/\/www.sdapakuote.lt\/lv\/wp-json\/wp\/v2\/media\/4611"}],"wp:attachment":[{"href":"https:\/\/www.sdapakuote.lt\/lv\/wp-json\/wp\/v2\/media?parent=4610"}],"curies":[{"name":"wp","href":"https:\/\/api.w.org\/{rel}","templated":true}]}}