{"id":4603,"date":"2025-10-08T07:13:23","date_gmt":"2025-10-08T07:13:23","guid":{"rendered":"https:\/\/www.sdapakuote.lt\/?page_id=4603"},"modified":"2025-10-08T07:14:20","modified_gmt":"2025-10-08T07:14:20","slug":"iepakosanas-instrumenti-un-iekartas","status":"publish","type":"page","link":"https:\/\/www.sdapakuote.lt\/lv\/produkti\/iepakosanas-instrumenti-un-iekartas\/","title":{"rendered":"Iepako\u0161anas instrumenti un iek\u0101rtas"},"content":{"rendered":"<h2 data-start=\"85\" data-end=\"144\">\ud83d\udce6 <strong data-start=\"91\" data-end=\"144\">Iepako\u0161anas instrumenti un iek\u0101rtas j\u016bsu biznesam<\/strong><\/h2>\n<p data-start=\"146\" data-end=\"429\"><strong data-start=\"146\" data-end=\"161\">SDA Pakuot\u0117<\/strong> pied\u0101v\u0101 pla\u0161u <strong data-start=\"176\" data-end=\"221\">iepako\u0161anas instrumentu un iek\u0101rtu kl\u0101stu<\/strong>, kas paredz\u0113ts \u0113rtam un efekt\u012bvam iepako\u0161anas procesam.<br data-start=\"277\" data-end=\"280\" \/><br \/>\nM\u0113s pied\u0101v\u0101jam tikai <strong data-start=\"301\" data-end=\"344\">p\u0101rbaud\u012btus un kvalitat\u012bvus risin\u0101jumus<\/strong>, kas nodro\u0161ina, ka katrs iepakojums tiek sagatavots <strong data-start=\"397\" data-end=\"428\">\u0101tri, dro\u0161i un profesion\u0101li<\/strong>.<\/p>\n<p data-start=\"431\" data-end=\"780\">Iepako\u0161anas process prasa ne tikai pareizos materi\u0101lus, bet ar\u012b uzticamus instrumentus.<br data-start=\"518\" data-end=\"521\" \/><br \/>\nT\u0101p\u0113c saviem klientiem pied\u0101v\u0101jam r\u016bp\u012bgi atlas\u012btu apr\u012bkojumu, kas pal\u012bdz str\u0101d\u0101t <strong data-start=\"602\" data-end=\"634\">\u0101tr\u0101k, dro\u0161\u0101k un ekonomisk\u0101k<\/strong>.<br data-start=\"635\" data-end=\"638\" \/><br \/>\nPareizi izv\u0113l\u0113ti iepako\u0161anas instrumenti samazina k\u013c\u016bdu un zaud\u0113jumu risku, nodro\u0161ina k\u0101rt\u012bgu pre\u010du sagatavo\u0161anu un efekt\u012bv\u0101ku darba pl\u016bsmu.<\/p>\n<p data-start=\"782\" data-end=\"910\"><strong data-start=\"782\" data-end=\"910\">Invest\u0113jot kvalitat\u012bv\u0101 iepako\u0161anas iek\u0101rt\u0101, j\u016bs ieg\u016bstat uzticam\u012bbu, efektivit\u0101ti un ilgtsp\u0113j\u012bgu risin\u0101jumu savam uz\u0146\u0113mumam.<\/strong><\/p>\n<p data-start=\"912\" data-end=\"1036\"><strong data-start=\"912\" data-end=\"927\">SDA Pakuot\u0117<\/strong> past\u0101v\u012bgi papla\u0161ina savu sortimentu, lai pied\u0101v\u0101tu <strong data-start=\"979\" data-end=\"1018\">modernus un p\u0101rbaud\u012btus risin\u0101jumus<\/strong> katram uz\u0146\u0113mumam.<\/p>\n<hr data-start=\"1038\" data-end=\"1041\" \/>\n<h3 data-start=\"1043\" data-end=\"1071\">\ud83d\udd39 <strong data-start=\"1050\" data-end=\"1071\">M\u016bsu pied\u0101v\u0101jum\u0101:<\/strong><\/h3>\n<ul data-start=\"1073\" data-end=\"1428\">\n<li data-start=\"1073\" data-end=\"1150\">\n<p data-start=\"1075\" data-end=\"1150\"><strong data-start=\"1075\" data-end=\"1096\">L\u012bmlentes apar\u0101ti<\/strong> \u2013 dro\u0161ai kastes un kartona iepakojuma aizl\u012bm\u0113\u0161anai;<\/p>\n<\/li>\n<li data-start=\"1151\" data-end=\"1242\">\n<p data-start=\"1153\" data-end=\"1242\"><strong data-start=\"1153\" data-end=\"1187\">Maisi\u0146u aizz\u012bmogo\u0161anas apar\u0101ti<\/strong> \u2013 herm\u0113tiskai p\u0101rtikas un citu produktu iepako\u0161anai;<\/p>\n<\/li>\n<li data-start=\"1243\" data-end=\"1341\">\n<p data-start=\"1245\" data-end=\"1341\"><strong data-start=\"1245\" data-end=\"1288\">Stiep\u0161anas un stiprin\u0101\u0161anas instrumenti<\/strong> \u2013 kravu nostiprin\u0101\u0161anai un dro\u0161ai transport\u0113\u0161anai;<\/p>\n<\/li>\n<li data-start=\"1342\" data-end=\"1428\">\n<p data-start=\"1344\" data-end=\"1428\"><strong data-start=\"1344\" data-end=\"1374\">Iepakojuma drukas iek\u0101rtas<\/strong> \u2013 logotipa vai inform\u0101cijas uzdrukai uz iepakojuma.<\/p>\n<\/li>\n<\/ul>\n<hr data-start=\"1430\" data-end=\"1433\" \/>\n<p data-start=\"1435\" data-end=\"1735\">Ar daudzu gadu pieredzi iepako\u0161anas nozar\u0113 m\u0113s pied\u0101v\u0101jam tikai <strong data-start=\"1499\" data-end=\"1552\">uzticamus, efekt\u012bvus un kvalitat\u012bvus instrumentus<\/strong>.<br data-start=\"1553\" data-end=\"1556\" \/><br \/>\nVisi m\u016bsu iepako\u0161anas risin\u0101jumi apvieno <strong data-start=\"1597\" data-end=\"1635\">labu cenas un kvalit\u0101tes attiec\u012bbu<\/strong>, t\u0101p\u0113c ir piem\u0113roti gan <strong data-start=\"1660\" data-end=\"1683\">mazajiem uz\u0146\u0113mumiem<\/strong>, gan <strong data-start=\"1689\" data-end=\"1734\">liel\u0101m ra\u017eo\u0161anas un lo\u0123istikas komp\u0101nij\u0101m<\/strong>.<\/p>\n<p data-start=\"1737\" data-end=\"1870\">Izv\u0113loties <strong data-start=\"1748\" data-end=\"1763\">SDA Pakuot\u0117<\/strong>, j\u016bs ieg\u016bstat partneri, kas r\u016bp\u0113jas, lai j\u016bsu <strong data-start=\"1810\" data-end=\"1870\">iepako\u0161anas procesi b\u016btu vienk\u0101r\u0161i, ekonomiski un dro\u0161i.<\/strong><\/p>\n","protected":false},"excerpt":{"rendered":"<p>\ud83d\udce6 Iepako\u0161anas instrumenti un iek\u0101rtas j\u016bsu biznesam SDA Pakuot\u0117 pied\u0101v\u0101 pla\u0161u iepako\u0161anas instrumentu un iek\u0101rtu kl\u0101stu, kas paredz\u0113ts \u0113rtam un efekt\u012bvam iepako\u0161anas procesam. M\u0113s pied\u0101v\u0101jam tikai p\u0101rbaud\u012btus un kvalitat\u012bvus risin\u0101jumus, kas nodro\u0161ina, ka katrs iepakojums tiek sagatavots \u0101tri, dro\u0161i un profesion\u0101li. Iepako\u0161anas process prasa ne tikai pareizos materi\u0101lus, bet ar\u012b uzticamus instrumentus. T\u0101p\u0113c saviem klientiem [&hellip;]<\/p>\n","protected":false},"author":2,"featured_media":0,"parent":4370,"menu_order":0,"comment_status":"closed","ping_status":"closed","template":"page-products-category.php","meta":{"_acf_changed":false,"footnotes":""},"class_list":["post-4603","page","type-page","status-publish","hentry"],"acf":[],"yoast_head":"<!-- This site is optimized with the Yoast SEO plugin v27.4 - https:\/\/yoast.com\/product\/yoast-seo-wordpress\/ -->\n<title>Iepako\u0161anas instrumenti un iek\u0101rtas - sdapakuote.lt<\/title>\n<meta name=\"description\" content=\"Pla\u0161s iepako\u0161anas instrumentu un iek\u0101rtu kl\u0101sts \u2013 l\u012bmlentes apar\u0101ti, maisi\u0146u aizz\u012bmogo\u0161anas un stiep\u0161anas r\u012bki. Uzticami risin\u0101jumi biznesam.\" \/>\n<meta name=\"robots\" content=\"index, follow, max-snippet:-1, max-image-preview:large, max-video-preview:-1\" \/>\n<link rel=\"canonical\" href=\"https:\/\/www.sdapakuote.lt\/lv\/produkti\/iepakosanas-instrumenti-un-iekartas\/\" \/>\n<meta property=\"og:locale\" content=\"lv_LV\" \/>\n<meta property=\"og:type\" content=\"article\" \/>\n<meta property=\"og:title\" content=\"Iepako\u0161anas instrumenti un iek\u0101rtas - sdapakuote.lt\" \/>\n<meta property=\"og:description\" content=\"Pla\u0161s iepako\u0161anas instrumentu un iek\u0101rtu kl\u0101sts \u2013 l\u012bmlentes apar\u0101ti, maisi\u0146u aizz\u012bmogo\u0161anas un stiep\u0161anas r\u012bki. Uzticami risin\u0101jumi biznesam.\" \/>\n<meta property=\"og:url\" content=\"https:\/\/www.sdapakuote.lt\/lv\/produkti\/iepakosanas-instrumenti-un-iekartas\/\" \/>\n<meta property=\"og:site_name\" content=\"sdapakuote.lt\" \/>\n<meta property=\"article:modified_time\" content=\"2025-10-08T07:14:20+00:00\" \/>\n<meta name=\"twitter:card\" content=\"summary_large_image\" \/>\n<meta name=\"twitter:label1\" content=\"Est. reading time\" \/>\n\t<meta name=\"twitter:data1\" content=\"2 minutes\" \/>\n<script type=\"application\/ld+json\" class=\"yoast-schema-graph\">{\"@context\":\"https:\\\/\\\/schema.org\",\"@graph\":[{\"@type\":\"WebPage\",\"@id\":\"https:\\\/\\\/www.sdapakuote.lt\\\/lv\\\/produkti\\\/iepakosanas-instrumenti-un-iekartas\\\/\",\"url\":\"https:\\\/\\\/www.sdapakuote.lt\\\/lv\\\/produkti\\\/iepakosanas-instrumenti-un-iekartas\\\/\",\"name\":\"Iepako\u0161anas instrumenti un iek\u0101rtas - sdapakuote.lt\",\"isPartOf\":{\"@id\":\"https:\\\/\\\/www.sdapakuote.lt\\\/lv\\\/#website\"},\"datePublished\":\"2025-10-08T07:13:23+00:00\",\"dateModified\":\"2025-10-08T07:14:20+00:00\",\"description\":\"Pla\u0161s iepako\u0161anas instrumentu un iek\u0101rtu kl\u0101sts \u2013 l\u012bmlentes apar\u0101ti, maisi\u0146u aizz\u012bmogo\u0161anas un stiep\u0161anas r\u012bki. Uzticami risin\u0101jumi biznesam.\",\"breadcrumb\":{\"@id\":\"https:\\\/\\\/www.sdapakuote.lt\\\/lv\\\/produkti\\\/iepakosanas-instrumenti-un-iekartas\\\/#breadcrumb\"},\"inLanguage\":\"lv-LV\",\"potentialAction\":[{\"@type\":\"ReadAction\",\"target\":[\"https:\\\/\\\/www.sdapakuote.lt\\\/lv\\\/produkti\\\/iepakosanas-instrumenti-un-iekartas\\\/\"]}]},{\"@type\":\"BreadcrumbList\",\"@id\":\"https:\\\/\\\/www.sdapakuote.lt\\\/lv\\\/produkti\\\/iepakosanas-instrumenti-un-iekartas\\\/#breadcrumb\",\"itemListElement\":[{\"@type\":\"ListItem\",\"position\":1,\"name\":\"Home\",\"item\":\"https:\\\/\\\/www.sdapakuote.lt\\\/lv\\\/\"},{\"@type\":\"ListItem\",\"position\":2,\"name\":\"Produkti\",\"item\":\"https:\\\/\\\/www.sdapakuote.lt\\\/lv\\\/produkti\\\/\"},{\"@type\":\"ListItem\",\"position\":3,\"name\":\"Iepako\u0161anas instrumenti un iek\u0101rtas\"}]},{\"@type\":\"WebSite\",\"@id\":\"https:\\\/\\\/www.sdapakuote.lt\\\/lv\\\/#website\",\"url\":\"https:\\\/\\\/www.sdapakuote.lt\\\/lv\\\/\",\"name\":\"sdapakuote.lt\",\"description\":\"Kol kas tik dar vienas WordPress tinklalapis\",\"potentialAction\":[{\"@type\":\"SearchAction\",\"target\":{\"@type\":\"EntryPoint\",\"urlTemplate\":\"https:\\\/\\\/www.sdapakuote.lt\\\/lv\\\/?s={search_term_string}\"},\"query-input\":{\"@type\":\"PropertyValueSpecification\",\"valueRequired\":true,\"valueName\":\"search_term_string\"}}],\"inLanguage\":\"lv-LV\"}]}<\/script>\n<!-- \/ Yoast SEO plugin. -->","yoast_head_json":{"title":"Iepako\u0161anas instrumenti un iek\u0101rtas - sdapakuote.lt","description":"Pla\u0161s iepako\u0161anas instrumentu un iek\u0101rtu kl\u0101sts \u2013 l\u012bmlentes apar\u0101ti, maisi\u0146u aizz\u012bmogo\u0161anas un stiep\u0161anas r\u012bki. Uzticami risin\u0101jumi biznesam.","robots":{"index":"index","follow":"follow","max-snippet":"max-snippet:-1","max-image-preview":"max-image-preview:large","max-video-preview":"max-video-preview:-1"},"canonical":"https:\/\/www.sdapakuote.lt\/lv\/produkti\/iepakosanas-instrumenti-un-iekartas\/","og_locale":"lv_LV","og_type":"article","og_title":"Iepako\u0161anas instrumenti un iek\u0101rtas - sdapakuote.lt","og_description":"Pla\u0161s iepako\u0161anas instrumentu un iek\u0101rtu kl\u0101sts \u2013 l\u012bmlentes apar\u0101ti, maisi\u0146u aizz\u012bmogo\u0161anas un stiep\u0161anas r\u012bki. Uzticami risin\u0101jumi biznesam.","og_url":"https:\/\/www.sdapakuote.lt\/lv\/produkti\/iepakosanas-instrumenti-un-iekartas\/","og_site_name":"sdapakuote.lt","article_modified_time":"2025-10-08T07:14:20+00:00","twitter_card":"summary_large_image","twitter_misc":{"Est. reading time":"2 minutes"},"schema":{"@context":"https:\/\/schema.org","@graph":[{"@type":"WebPage","@id":"https:\/\/www.sdapakuote.lt\/lv\/produkti\/iepakosanas-instrumenti-un-iekartas\/","url":"https:\/\/www.sdapakuote.lt\/lv\/produkti\/iepakosanas-instrumenti-un-iekartas\/","name":"Iepako\u0161anas instrumenti un iek\u0101rtas - sdapakuote.lt","isPartOf":{"@id":"https:\/\/www.sdapakuote.lt\/lv\/#website"},"datePublished":"2025-10-08T07:13:23+00:00","dateModified":"2025-10-08T07:14:20+00:00","description":"Pla\u0161s iepako\u0161anas instrumentu un iek\u0101rtu kl\u0101sts \u2013 l\u012bmlentes apar\u0101ti, maisi\u0146u aizz\u012bmogo\u0161anas un stiep\u0161anas r\u012bki. Uzticami risin\u0101jumi biznesam.","breadcrumb":{"@id":"https:\/\/www.sdapakuote.lt\/lv\/produkti\/iepakosanas-instrumenti-un-iekartas\/#breadcrumb"},"inLanguage":"lv-LV","potentialAction":[{"@type":"ReadAction","target":["https:\/\/www.sdapakuote.lt\/lv\/produkti\/iepakosanas-instrumenti-un-iekartas\/"]}]},{"@type":"BreadcrumbList","@id":"https:\/\/www.sdapakuote.lt\/lv\/produkti\/iepakosanas-instrumenti-un-iekartas\/#breadcrumb","itemListElement":[{"@type":"ListItem","position":1,"name":"Home","item":"https:\/\/www.sdapakuote.lt\/lv\/"},{"@type":"ListItem","position":2,"name":"Produkti","item":"https:\/\/www.sdapakuote.lt\/lv\/produkti\/"},{"@type":"ListItem","position":3,"name":"Iepako\u0161anas instrumenti un iek\u0101rtas"}]},{"@type":"WebSite","@id":"https:\/\/www.sdapakuote.lt\/lv\/#website","url":"https:\/\/www.sdapakuote.lt\/lv\/","name":"sdapakuote.lt","description":"Kol kas tik dar vienas WordPress tinklalapis","potentialAction":[{"@type":"SearchAction","target":{"@type":"EntryPoint","urlTemplate":"https:\/\/www.sdapakuote.lt\/lv\/?s={search_term_string}"},"query-input":{"@type":"PropertyValueSpecification","valueRequired":true,"valueName":"search_term_string"}}],"inLanguage":"lv-LV"}]}},"_links":{"self":[{"href":"https:\/\/www.sdapakuote.lt\/lv\/wp-json\/wp\/v2\/pages\/4603","targetHints":{"allow":["GET"]}}],"collection":[{"href":"https:\/\/www.sdapakuote.lt\/lv\/wp-json\/wp\/v2\/pages"}],"about":[{"href":"https:\/\/www.sdapakuote.lt\/lv\/wp-json\/wp\/v2\/types\/page"}],"author":[{"embeddable":true,"href":"https:\/\/www.sdapakuote.lt\/lv\/wp-json\/wp\/v2\/users\/2"}],"replies":[{"embeddable":true,"href":"https:\/\/www.sdapakuote.lt\/lv\/wp-json\/wp\/v2\/comments?post=4603"}],"version-history":[{"count":1,"href":"https:\/\/www.sdapakuote.lt\/lv\/wp-json\/wp\/v2\/pages\/4603\/revisions"}],"predecessor-version":[{"id":4606,"href":"https:\/\/www.sdapakuote.lt\/lv\/wp-json\/wp\/v2\/pages\/4603\/revisions\/4606"}],"up":[{"embeddable":true,"href":"https:\/\/www.sdapakuote.lt\/lv\/wp-json\/wp\/v2\/pages\/4370"}],"wp:attachment":[{"href":"https:\/\/www.sdapakuote.lt\/lv\/wp-json\/wp\/v2\/media?parent=4603"}],"curies":[{"name":"wp","href":"https:\/\/api.w.org\/{rel}","templated":true}]}}