{"id":4599,"date":"2025-10-08T07:08:36","date_gmt":"2025-10-08T07:08:36","guid":{"rendered":"https:\/\/www.sdapakuote.lt\/?page_id=4599"},"modified":"2025-10-08T07:09:01","modified_gmt":"2025-10-08T07:09:01","slug":"metala-skavas-stieples-aizdares","status":"publish","type":"page","link":"https:\/\/www.sdapakuote.lt\/lv\/produkti\/paligmateriali-iepakosanai\/metala-skavas-stieples-aizdares\/","title":{"rendered":"Met\u0101la skavas (stieples aizdares)"},"content":{"rendered":"<h2 data-start=\"199\" data-end=\"291\">\ud83e\uddf0 <strong data-start=\"205\" data-end=\"291\">Met\u0101la skavas (stieples aizdares) stiep\u0161anas lent\u0113m \u2013 dro\u0161ai un stiprai fiks\u0101cijai<\/strong><\/h2>\n<p data-start=\"293\" data-end=\"549\"><strong data-start=\"293\" data-end=\"308\">SDA Pakuot\u0117<\/strong> pied\u0101v\u0101 augstas kvalit\u0101tes <strong data-start=\"336\" data-end=\"364\">met\u0101la (stieples) skavas<\/strong>, kas paredz\u0113tas <strong data-start=\"381\" data-end=\"433\">polipropil\u0113na stiprin\u0101\u0161anas un sai\u0146o\u0161anas lent\u0113m<\/strong>.<br data-start=\"434\" data-end=\"437\" \/><br \/>\nT\u0101s nodro\u0161ina <strong data-start=\"451\" data-end=\"483\">dro\u0161u siksnas nostiprin\u0101\u0161anu<\/strong> un <strong data-start=\"487\" data-end=\"509\">kravas stabilit\u0101ti<\/strong> transport\u0113\u0161anas vai uzglab\u0101\u0161anas laik\u0101.<\/p>\n<p data-start=\"551\" data-end=\"637\">Noliktav\u0101 past\u0101v\u012bgi pieejamas <strong data-start=\"581\" data-end=\"637\">skavas, kas piem\u0113rotas 12 mm un 15 mm plat\u0101m lent\u0113m.<\/strong><\/p>\n<hr data-start=\"639\" data-end=\"642\" \/>\n<h3 data-start=\"644\" data-end=\"685\">\ud83d\udd39 <strong data-start=\"651\" data-end=\"685\">Tehniskie dati un piem\u0113rot\u012bba:<\/strong><\/h3>\n<div class=\"_tableContainer_1rjym_1\">\n<div class=\"group _tableWrapper_1rjym_13 flex w-fit flex-col-reverse\" tabindex=\"-1\">\n<table class=\"w-fit min-w-(--thread-content-width)\" data-start=\"687\" data-end=\"832\">\n<thead data-start=\"687\" data-end=\"740\">\n<tr data-start=\"687\" data-end=\"740\">\n<th data-start=\"687\" data-end=\"704\" data-col-size=\"sm\">Lentes platums<\/th>\n<th data-start=\"704\" data-end=\"722\" data-col-size=\"sm\">Ieteicam\u0101 skava<\/th>\n<th data-start=\"722\" data-end=\"740\" data-col-size=\"sm\">Skavas platums<\/th>\n<\/tr>\n<\/thead>\n<tbody data-start=\"755\" data-end=\"832\">\n<tr data-start=\"755\" data-end=\"793\">\n<td data-start=\"755\" data-end=\"763\" data-col-size=\"sm\">12 mm<\/td>\n<td data-start=\"763\" data-end=\"784\" data-col-size=\"sm\">Met\u0101la skava 13 mm<\/td>\n<td data-start=\"784\" data-end=\"793\" data-col-size=\"sm\">13 mm<\/td>\n<\/tr>\n<tr data-start=\"794\" data-end=\"832\">\n<td data-start=\"794\" data-end=\"802\" data-col-size=\"sm\">15 mm<\/td>\n<td data-start=\"802\" data-end=\"823\" data-col-size=\"sm\">Met\u0101la skava 16 mm<\/td>\n<td data-start=\"823\" data-end=\"832\" data-col-size=\"sm\">16 mm<\/td>\n<\/tr>\n<\/tbody>\n<\/table>\n<\/div>\n<\/div>\n<hr data-start=\"834\" data-end=\"837\" \/>\n<h3 data-start=\"839\" data-end=\"885\">\ud83d\udd39 <strong data-start=\"846\" data-end=\"885\">Galven\u0101s \u012bpa\u0161\u012bbas un priek\u0161roc\u012bbas:<\/strong><\/h3>\n<ul data-start=\"886\" data-end=\"1259\">\n<li data-start=\"886\" data-end=\"964\">\n<p data-start=\"888\" data-end=\"964\"><strong data-start=\"888\" data-end=\"924\">Izgatavotas no cinkotas stieples<\/strong> \u2013 iztur\u012bgas pret koroziju un mitrumu;<\/p>\n<\/li>\n<li data-start=\"965\" data-end=\"1051\">\n<p data-start=\"967\" data-end=\"1051\"><strong data-start=\"967\" data-end=\"991\">Dro\u0161a nostiprin\u0101\u0161ana<\/strong> \u2013 krava paliek stabila ar\u012b intens\u012bvas p\u0101rvad\u0101\u0161anas laik\u0101;<\/p>\n<\/li>\n<li data-start=\"1052\" data-end=\"1158\">\n<p data-start=\"1054\" data-end=\"1158\"><strong data-start=\"1054\" data-end=\"1075\">Viegli lietojamas<\/strong> \u2013 piem\u0113rotas gan manu\u0101lajiem, gan autom\u0101tiskajiem nostiprin\u0101\u0161anas instrumentiem;<\/p>\n<\/li>\n<li data-start=\"1159\" data-end=\"1259\">\n<p data-start=\"1161\" data-end=\"1259\"><strong data-start=\"1161\" data-end=\"1176\">Univers\u0101las<\/strong> \u2013 der gan <strong data-start=\"1187\" data-end=\"1209\">polipropil\u0113na (PP)<\/strong>, gan <strong data-start=\"1215\" data-end=\"1235\">poliestera (PET)<\/strong> stiprin\u0101\u0161anas lent\u0113m.<\/p>\n<\/li>\n<\/ul>\n<hr data-start=\"1261\" data-end=\"1264\" \/>\n<p data-start=\"1266\" data-end=\"1532\"><strong data-start=\"1266\" data-end=\"1294\">Met\u0101la (stieples) skavas<\/strong> ir <strong data-start=\"1298\" data-end=\"1335\">uzticams un ekonomisks risin\u0101jums<\/strong>, kas nodro\u0161ina efekt\u012bvu un dro\u0161u kravu nostiprin\u0101\u0161anu uz palet\u0113m vai p\u0101rvad\u0101jot.<br data-start=\"1416\" data-end=\"1419\" \/><br \/>\nIzv\u0113loties pareizu skavas izm\u0113ru atbilsto\u0161i lentes platumam, j\u016bs garant\u0113jat <strong data-start=\"1495\" data-end=\"1531\">100 % dro\u0161u un stabilu fiks\u0101ciju<\/strong>.<\/p>\n","protected":false},"excerpt":{"rendered":"<p>\ud83e\uddf0 Met\u0101la skavas (stieples aizdares) stiep\u0161anas lent\u0113m \u2013 dro\u0161ai un stiprai fiks\u0101cijai SDA Pakuot\u0117 pied\u0101v\u0101 augstas kvalit\u0101tes met\u0101la (stieples) skavas, kas paredz\u0113tas polipropil\u0113na stiprin\u0101\u0161anas un sai\u0146o\u0161anas lent\u0113m. T\u0101s nodro\u0161ina dro\u0161u siksnas nostiprin\u0101\u0161anu un kravas stabilit\u0101ti transport\u0113\u0161anas vai uzglab\u0101\u0161anas laik\u0101. Noliktav\u0101 past\u0101v\u012bgi pieejamas skavas, kas piem\u0113rotas 12 mm un 15 mm plat\u0101m lent\u0113m. \ud83d\udd39 Tehniskie dati [&hellip;]<\/p>\n","protected":false},"author":2,"featured_media":4600,"parent":4550,"menu_order":0,"comment_status":"closed","ping_status":"closed","template":"page-single-product.php","meta":{"_acf_changed":false,"footnotes":""},"class_list":["post-4599","page","type-page","status-publish","has-post-thumbnail","hentry"],"acf":[],"yoast_head":"<!-- This site is optimized with the Yoast SEO plugin v27.4 - https:\/\/yoast.com\/product\/yoast-seo-wordpress\/ -->\n<title>Met\u0101la skavas (stieples aizdares) - sdapakuote.lt<\/title>\n<meta name=\"description\" content=\"Met\u0101la skavas PP lent\u0113m. 13 mm skavas \u2013 12 mm lent\u0113m, 16 mm skavas \u2013 15 mm lent\u0113m. Dro\u0161a kravu nostiprin\u0101\u0161ana.\" \/>\n<meta name=\"robots\" content=\"index, follow, max-snippet:-1, max-image-preview:large, max-video-preview:-1\" \/>\n<link rel=\"canonical\" href=\"https:\/\/www.sdapakuote.lt\/lv\/produkti\/paligmateriali-iepakosanai\/metala-skavas-stieples-aizdares\/\" \/>\n<meta property=\"og:locale\" content=\"lv_LV\" \/>\n<meta property=\"og:type\" content=\"article\" \/>\n<meta property=\"og:title\" content=\"Met\u0101la skavas (stieples aizdares) - sdapakuote.lt\" \/>\n<meta property=\"og:description\" content=\"Met\u0101la skavas PP lent\u0113m. 13 mm skavas \u2013 12 mm lent\u0113m, 16 mm skavas \u2013 15 mm lent\u0113m. Dro\u0161a kravu nostiprin\u0101\u0161ana.\" \/>\n<meta property=\"og:url\" content=\"https:\/\/www.sdapakuote.lt\/lv\/produkti\/paligmateriali-iepakosanai\/metala-skavas-stieples-aizdares\/\" \/>\n<meta property=\"og:site_name\" content=\"sdapakuote.lt\" \/>\n<meta property=\"article:modified_time\" content=\"2025-10-08T07:09:01+00:00\" \/>\n<meta property=\"og:image\" content=\"https:\/\/www.sdapakuote.lt\/wp-content\/uploads\/2021\/10\/vielines-sagteles-scaled.jpg\" \/>\n\t<meta property=\"og:image:width\" content=\"2560\" \/>\n\t<meta property=\"og:image:height\" content=\"1406\" \/>\n\t<meta property=\"og:image:type\" content=\"image\/jpeg\" \/>\n<meta name=\"twitter:card\" content=\"summary_large_image\" \/>\n<meta name=\"twitter:label1\" content=\"Est. reading time\" \/>\n\t<meta name=\"twitter:data1\" content=\"2 minutes\" \/>\n<script type=\"application\/ld+json\" class=\"yoast-schema-graph\">{\"@context\":\"https:\\\/\\\/schema.org\",\"@graph\":[{\"@type\":\"WebPage\",\"@id\":\"https:\\\/\\\/www.sdapakuote.lt\\\/lv\\\/produkti\\\/paligmateriali-iepakosanai\\\/metala-skavas-stieples-aizdares\\\/\",\"url\":\"https:\\\/\\\/www.sdapakuote.lt\\\/lv\\\/produkti\\\/paligmateriali-iepakosanai\\\/metala-skavas-stieples-aizdares\\\/\",\"name\":\"Met\u0101la skavas (stieples aizdares) - sdapakuote.lt\",\"isPartOf\":{\"@id\":\"https:\\\/\\\/www.sdapakuote.lt\\\/lv\\\/#website\"},\"primaryImageOfPage\":{\"@id\":\"https:\\\/\\\/www.sdapakuote.lt\\\/lv\\\/produkti\\\/paligmateriali-iepakosanai\\\/metala-skavas-stieples-aizdares\\\/#primaryimage\"},\"image\":{\"@id\":\"https:\\\/\\\/www.sdapakuote.lt\\\/lv\\\/produkti\\\/paligmateriali-iepakosanai\\\/metala-skavas-stieples-aizdares\\\/#primaryimage\"},\"thumbnailUrl\":\"https:\\\/\\\/www.sdapakuote.lt\\\/wp-content\\\/uploads\\\/2021\\\/10\\\/vielines-sagteles-scaled.jpg\",\"datePublished\":\"2025-10-08T07:08:36+00:00\",\"dateModified\":\"2025-10-08T07:09:01+00:00\",\"description\":\"Met\u0101la skavas PP lent\u0113m. 13 mm skavas \u2013 12 mm lent\u0113m, 16 mm skavas \u2013 15 mm lent\u0113m. Dro\u0161a kravu nostiprin\u0101\u0161ana.\",\"breadcrumb\":{\"@id\":\"https:\\\/\\\/www.sdapakuote.lt\\\/lv\\\/produkti\\\/paligmateriali-iepakosanai\\\/metala-skavas-stieples-aizdares\\\/#breadcrumb\"},\"inLanguage\":\"lv-LV\",\"potentialAction\":[{\"@type\":\"ReadAction\",\"target\":[\"https:\\\/\\\/www.sdapakuote.lt\\\/lv\\\/produkti\\\/paligmateriali-iepakosanai\\\/metala-skavas-stieples-aizdares\\\/\"]}]},{\"@type\":\"ImageObject\",\"inLanguage\":\"lv-LV\",\"@id\":\"https:\\\/\\\/www.sdapakuote.lt\\\/lv\\\/produkti\\\/paligmateriali-iepakosanai\\\/metala-skavas-stieples-aizdares\\\/#primaryimage\",\"url\":\"https:\\\/\\\/www.sdapakuote.lt\\\/wp-content\\\/uploads\\\/2021\\\/10\\\/vielines-sagteles-scaled.jpg\",\"contentUrl\":\"https:\\\/\\\/www.sdapakuote.lt\\\/wp-content\\\/uploads\\\/2021\\\/10\\\/vielines-sagteles-scaled.jpg\",\"width\":2560,\"height\":1406,\"caption\":\"Vielin\u0117s sagtel\u0117s\"},{\"@type\":\"BreadcrumbList\",\"@id\":\"https:\\\/\\\/www.sdapakuote.lt\\\/lv\\\/produkti\\\/paligmateriali-iepakosanai\\\/metala-skavas-stieples-aizdares\\\/#breadcrumb\",\"itemListElement\":[{\"@type\":\"ListItem\",\"position\":1,\"name\":\"Home\",\"item\":\"https:\\\/\\\/www.sdapakuote.lt\\\/lv\\\/\"},{\"@type\":\"ListItem\",\"position\":2,\"name\":\"Produkti\",\"item\":\"https:\\\/\\\/www.sdapakuote.lt\\\/lv\\\/produkti\\\/\"},{\"@type\":\"ListItem\",\"position\":3,\"name\":\"Pal\u012bgmateri\u0101li iepako\u0161anai\",\"item\":\"https:\\\/\\\/www.sdapakuote.lt\\\/lv\\\/produkti\\\/paligmateriali-iepakosanai\\\/\"},{\"@type\":\"ListItem\",\"position\":4,\"name\":\"Met\u0101la skavas (stieples aizdares)\"}]},{\"@type\":\"WebSite\",\"@id\":\"https:\\\/\\\/www.sdapakuote.lt\\\/lv\\\/#website\",\"url\":\"https:\\\/\\\/www.sdapakuote.lt\\\/lv\\\/\",\"name\":\"sdapakuote.lt\",\"description\":\"Kol kas tik dar vienas WordPress tinklalapis\",\"potentialAction\":[{\"@type\":\"SearchAction\",\"target\":{\"@type\":\"EntryPoint\",\"urlTemplate\":\"https:\\\/\\\/www.sdapakuote.lt\\\/lv\\\/?s={search_term_string}\"},\"query-input\":{\"@type\":\"PropertyValueSpecification\",\"valueRequired\":true,\"valueName\":\"search_term_string\"}}],\"inLanguage\":\"lv-LV\"}]}<\/script>\n<!-- \/ Yoast SEO plugin. -->","yoast_head_json":{"title":"Met\u0101la skavas (stieples aizdares) - sdapakuote.lt","description":"Met\u0101la skavas PP lent\u0113m. 13 mm skavas \u2013 12 mm lent\u0113m, 16 mm skavas \u2013 15 mm lent\u0113m. Dro\u0161a kravu nostiprin\u0101\u0161ana.","robots":{"index":"index","follow":"follow","max-snippet":"max-snippet:-1","max-image-preview":"max-image-preview:large","max-video-preview":"max-video-preview:-1"},"canonical":"https:\/\/www.sdapakuote.lt\/lv\/produkti\/paligmateriali-iepakosanai\/metala-skavas-stieples-aizdares\/","og_locale":"lv_LV","og_type":"article","og_title":"Met\u0101la skavas (stieples aizdares) - sdapakuote.lt","og_description":"Met\u0101la skavas PP lent\u0113m. 13 mm skavas \u2013 12 mm lent\u0113m, 16 mm skavas \u2013 15 mm lent\u0113m. Dro\u0161a kravu nostiprin\u0101\u0161ana.","og_url":"https:\/\/www.sdapakuote.lt\/lv\/produkti\/paligmateriali-iepakosanai\/metala-skavas-stieples-aizdares\/","og_site_name":"sdapakuote.lt","article_modified_time":"2025-10-08T07:09:01+00:00","og_image":[{"width":2560,"height":1406,"url":"https:\/\/www.sdapakuote.lt\/wp-content\/uploads\/2021\/10\/vielines-sagteles-scaled.jpg","type":"image\/jpeg"}],"twitter_card":"summary_large_image","twitter_misc":{"Est. reading time":"2 minutes"},"schema":{"@context":"https:\/\/schema.org","@graph":[{"@type":"WebPage","@id":"https:\/\/www.sdapakuote.lt\/lv\/produkti\/paligmateriali-iepakosanai\/metala-skavas-stieples-aizdares\/","url":"https:\/\/www.sdapakuote.lt\/lv\/produkti\/paligmateriali-iepakosanai\/metala-skavas-stieples-aizdares\/","name":"Met\u0101la skavas (stieples aizdares) - sdapakuote.lt","isPartOf":{"@id":"https:\/\/www.sdapakuote.lt\/lv\/#website"},"primaryImageOfPage":{"@id":"https:\/\/www.sdapakuote.lt\/lv\/produkti\/paligmateriali-iepakosanai\/metala-skavas-stieples-aizdares\/#primaryimage"},"image":{"@id":"https:\/\/www.sdapakuote.lt\/lv\/produkti\/paligmateriali-iepakosanai\/metala-skavas-stieples-aizdares\/#primaryimage"},"thumbnailUrl":"https:\/\/www.sdapakuote.lt\/wp-content\/uploads\/2021\/10\/vielines-sagteles-scaled.jpg","datePublished":"2025-10-08T07:08:36+00:00","dateModified":"2025-10-08T07:09:01+00:00","description":"Met\u0101la skavas PP lent\u0113m. 13 mm skavas \u2013 12 mm lent\u0113m, 16 mm skavas \u2013 15 mm lent\u0113m. Dro\u0161a kravu nostiprin\u0101\u0161ana.","breadcrumb":{"@id":"https:\/\/www.sdapakuote.lt\/lv\/produkti\/paligmateriali-iepakosanai\/metala-skavas-stieples-aizdares\/#breadcrumb"},"inLanguage":"lv-LV","potentialAction":[{"@type":"ReadAction","target":["https:\/\/www.sdapakuote.lt\/lv\/produkti\/paligmateriali-iepakosanai\/metala-skavas-stieples-aizdares\/"]}]},{"@type":"ImageObject","inLanguage":"lv-LV","@id":"https:\/\/www.sdapakuote.lt\/lv\/produkti\/paligmateriali-iepakosanai\/metala-skavas-stieples-aizdares\/#primaryimage","url":"https:\/\/www.sdapakuote.lt\/wp-content\/uploads\/2021\/10\/vielines-sagteles-scaled.jpg","contentUrl":"https:\/\/www.sdapakuote.lt\/wp-content\/uploads\/2021\/10\/vielines-sagteles-scaled.jpg","width":2560,"height":1406,"caption":"Vielin\u0117s sagtel\u0117s"},{"@type":"BreadcrumbList","@id":"https:\/\/www.sdapakuote.lt\/lv\/produkti\/paligmateriali-iepakosanai\/metala-skavas-stieples-aizdares\/#breadcrumb","itemListElement":[{"@type":"ListItem","position":1,"name":"Home","item":"https:\/\/www.sdapakuote.lt\/lv\/"},{"@type":"ListItem","position":2,"name":"Produkti","item":"https:\/\/www.sdapakuote.lt\/lv\/produkti\/"},{"@type":"ListItem","position":3,"name":"Pal\u012bgmateri\u0101li iepako\u0161anai","item":"https:\/\/www.sdapakuote.lt\/lv\/produkti\/paligmateriali-iepakosanai\/"},{"@type":"ListItem","position":4,"name":"Met\u0101la skavas (stieples aizdares)"}]},{"@type":"WebSite","@id":"https:\/\/www.sdapakuote.lt\/lv\/#website","url":"https:\/\/www.sdapakuote.lt\/lv\/","name":"sdapakuote.lt","description":"Kol kas tik dar vienas WordPress tinklalapis","potentialAction":[{"@type":"SearchAction","target":{"@type":"EntryPoint","urlTemplate":"https:\/\/www.sdapakuote.lt\/lv\/?s={search_term_string}"},"query-input":{"@type":"PropertyValueSpecification","valueRequired":true,"valueName":"search_term_string"}}],"inLanguage":"lv-LV"}]}},"_links":{"self":[{"href":"https:\/\/www.sdapakuote.lt\/lv\/wp-json\/wp\/v2\/pages\/4599","targetHints":{"allow":["GET"]}}],"collection":[{"href":"https:\/\/www.sdapakuote.lt\/lv\/wp-json\/wp\/v2\/pages"}],"about":[{"href":"https:\/\/www.sdapakuote.lt\/lv\/wp-json\/wp\/v2\/types\/page"}],"author":[{"embeddable":true,"href":"https:\/\/www.sdapakuote.lt\/lv\/wp-json\/wp\/v2\/users\/2"}],"replies":[{"embeddable":true,"href":"https:\/\/www.sdapakuote.lt\/lv\/wp-json\/wp\/v2\/comments?post=4599"}],"version-history":[{"count":2,"href":"https:\/\/www.sdapakuote.lt\/lv\/wp-json\/wp\/v2\/pages\/4599\/revisions"}],"predecessor-version":[{"id":4602,"href":"https:\/\/www.sdapakuote.lt\/lv\/wp-json\/wp\/v2\/pages\/4599\/revisions\/4602"}],"up":[{"embeddable":true,"href":"https:\/\/www.sdapakuote.lt\/lv\/wp-json\/wp\/v2\/pages\/4550"}],"wp:featuredmedia":[{"embeddable":true,"href":"https:\/\/www.sdapakuote.lt\/lv\/wp-json\/wp\/v2\/media\/4600"}],"wp:attachment":[{"href":"https:\/\/www.sdapakuote.lt\/lv\/wp-json\/wp\/v2\/media?parent=4599"}],"curies":[{"name":"wp","href":"https:\/\/api.w.org\/{rel}","templated":true}]}}