{"id":4593,"date":"2025-10-08T06:56:39","date_gmt":"2025-10-08T06:56:39","guid":{"rendered":"https:\/\/www.sdapakuote.lt\/?page_id=4593"},"modified":"2025-10-08T06:57:20","modified_gmt":"2025-10-08T06:57:20","slug":"polipropilena-stiprinasanas-sainosanas-lentes","status":"publish","type":"page","link":"https:\/\/www.sdapakuote.lt\/lv\/produkti\/paligmateriali-iepakosanai\/polipropilena-stiprinasanas-sainosanas-lentes\/","title":{"rendered":"Polipropil\u0113na stiprin\u0101\u0161anas (sai\u0146o\u0161anas) lentes"},"content":{"rendered":"<h2 data-start=\"213\" data-end=\"301\">\ud83e\uddf7 <strong data-start=\"219\" data-end=\"301\">Polipropil\u0113na stiprin\u0101\u0161anas (sai\u0146o\u0161anas) lentes \u2013 dro\u0161ai kravu nostiprin\u0101\u0161anai<\/strong><\/h2>\n<p data-start=\"303\" data-end=\"613\"><strong data-start=\"303\" data-end=\"318\">SDA Pakuot\u0117<\/strong> pied\u0101v\u0101 <strong data-start=\"327\" data-end=\"397\">polipropil\u0113na stiprin\u0101\u0161anas (sai\u0146o\u0161anas) lentes vairumtirdzniec\u012bb\u0101<\/strong>, kas paredz\u0113tas pre\u010du, kastu un pale\u0161u nostiprin\u0101\u0161anai transport\u0113\u0161anas un uzglab\u0101\u0161anas laik\u0101.<br data-start=\"491\" data-end=\"494\" \/><br \/>\n\u0160\u012bs <strong data-start=\"498\" data-end=\"511\">PP lentes<\/strong> nodro\u0161ina <strong data-start=\"522\" data-end=\"558\">dro\u0161u un stingru kravu fiks\u0101ciju<\/strong>, kad ar <strong data-start=\"567\" data-end=\"588\">stiepjam\u0101s pl\u0113ves<\/strong> aizsardz\u012bbu nepietiek.<\/p>\n<hr data-start=\"615\" data-end=\"618\" \/>\n<h3 data-start=\"620\" data-end=\"648\">\ud83d\udd39 <strong data-start=\"627\" data-end=\"648\">Pieejamie izm\u0113ri:<\/strong><\/h3>\n<div class=\"_tableContainer_1rjym_1\">\n<div class=\"group _tableWrapper_1rjym_13 flex w-fit flex-col-reverse\" tabindex=\"-1\">\n<table class=\"w-fit min-w-(--thread-content-width)\" style=\"width: 90.6653%; height: 69px;\" data-start=\"650\" data-end=\"778\">\n<thead data-start=\"650\" data-end=\"688\">\n<tr style=\"height: 23px;\" data-start=\"650\" data-end=\"688\">\n<th style=\"height: 23px; width: 18.8406%;\" data-start=\"650\" data-end=\"658\" data-col-size=\"sm\">Kr\u0101sa<\/th>\n<th style=\"height: 23px; width: 25.7246%;\" data-start=\"658\" data-end=\"668\" data-col-size=\"sm\">Platums<\/th>\n<th style=\"height: 23px; width: 26.8116%;\" data-start=\"668\" data-end=\"678\" data-col-size=\"sm\">Biezums<\/th>\n<th style=\"height: 23px; width: 209.149%;\" data-start=\"678\" data-end=\"688\" data-col-size=\"sm\">Garums<\/th>\n<\/tr>\n<\/thead>\n<tbody data-start=\"707\" data-end=\"778\">\n<tr style=\"height: 23px;\" data-start=\"707\" data-end=\"742\">\n<td style=\"height: 23px; width: 18.8406%;\" data-start=\"707\" data-end=\"715\" data-col-size=\"sm\">Balta<\/td>\n<td style=\"height: 23px; width: 25.7246%;\" data-start=\"715\" data-end=\"723\" data-col-size=\"sm\">12 mm<\/td>\n<td style=\"height: 23px; width: 26.8116%;\" data-start=\"723\" data-end=\"732\" data-col-size=\"sm\">0,8 mm<\/td>\n<td style=\"height: 23px; width: 209.149%;\" data-start=\"732\" data-end=\"742\" data-col-size=\"sm\">2000 m<\/td>\n<\/tr>\n<tr style=\"height: 23px;\" data-start=\"743\" data-end=\"778\">\n<td style=\"height: 23px; width: 18.8406%;\" data-start=\"743\" data-end=\"751\" data-col-size=\"sm\">Melna<\/td>\n<td style=\"height: 23px; width: 25.7246%;\" data-start=\"751\" data-end=\"759\" data-col-size=\"sm\">15 mm<\/td>\n<td style=\"height: 23px; width: 26.8116%;\" data-start=\"759\" data-end=\"768\" data-col-size=\"sm\">0,8 mm<\/td>\n<td style=\"height: 23px; width: 209.149%;\" data-start=\"768\" data-end=\"778\" data-col-size=\"sm\">1700 m<\/td>\n<\/tr>\n<\/tbody>\n<\/table>\n<\/div>\n<\/div>\n<hr data-start=\"780\" data-end=\"783\" \/>\n<h3 data-start=\"785\" data-end=\"831\">\ud83d\udd39 <strong data-start=\"792\" data-end=\"831\">Galven\u0101s \u012bpa\u0161\u012bbas un priek\u0161roc\u012bbas:<\/strong><\/h3>\n<ul data-start=\"832\" data-end=\"1193\">\n<li data-start=\"832\" data-end=\"906\">\n<p data-start=\"834\" data-end=\"906\"><strong data-start=\"834\" data-end=\"862\">\u013boti iztur\u012bgas un dro\u0161as<\/strong> \u2013 piem\u0113rotas smagu kravu nostiprin\u0101\u0161anai;<\/p>\n<\/li>\n<li data-start=\"907\" data-end=\"983\">\n<p data-start=\"909\" data-end=\"983\"><strong data-start=\"909\" data-end=\"980\">Aizsarg\u0101 no kravas izsl\u012bd\u0113\u0161anas vai apg\u0101\u0161an\u0101s transport\u0113\u0161anas laik\u0101<\/strong>;<\/p>\n<\/li>\n<li data-start=\"984\" data-end=\"1069\">\n<p data-start=\"986\" data-end=\"1069\"><strong data-start=\"986\" data-end=\"1007\">Viegli lietojamas<\/strong> \u2013 sader ar da\u017e\u0101diem stiep\u0161anas un sai\u0146o\u0161anas instrumentiem;<\/p>\n<\/li>\n<li data-start=\"1070\" data-end=\"1128\">\n<p data-start=\"1072\" data-end=\"1128\"><strong data-start=\"1072\" data-end=\"1125\">Iztur\u012bgas pret mitrumu un temperat\u016bras sv\u0101rst\u012bb\u0101m<\/strong>;<\/p>\n<\/li>\n<li data-start=\"1129\" data-end=\"1193\">\n<p data-start=\"1131\" data-end=\"1193\"><strong data-start=\"1131\" data-end=\"1156\">Ekonomisks risin\u0101jums<\/strong> \u2013 iesp\u0113jama atk\u0101rtota izmanto\u0161ana.<\/p>\n<\/li>\n<\/ul>\n<hr data-start=\"1195\" data-end=\"1198\" \/>\n<p data-start=\"1200\" data-end=\"1232\"><strong data-start=\"1200\" data-end=\"1221\">Sai\u0146o\u0161anas lentes<\/strong> izmanto:<\/p>\n<ul data-start=\"1233\" data-end=\"1358\">\n<li data-start=\"1233\" data-end=\"1278\">\n<p data-start=\"1235\" data-end=\"1278\">pre\u010du nostiprin\u0101\u0161anai uz pale\u0161u pamatn\u0113m,<\/p>\n<\/li>\n<li data-start=\"1279\" data-end=\"1309\">\n<p data-start=\"1281\" data-end=\"1309\">kastu un kravu sasie\u0161anai,<\/p>\n<\/li>\n<li data-start=\"1310\" data-end=\"1358\">\n<p data-start=\"1312\" data-end=\"1358\">lo\u0123istikas, ra\u017eo\u0161anas un noliktavu procesos.<\/p>\n<\/li>\n<\/ul>\n<p data-start=\"1360\" data-end=\"1521\">Izmantojot <strong data-start=\"1371\" data-end=\"1408\">polipropil\u0113na stiprin\u0101\u0161anas lenti<\/strong>, krava tiek piln\u012bb\u0101 nostiprin\u0101ta \u2013 <strong data-start=\"1444\" data-end=\"1465\">100 % stabilit\u0101te<\/strong> bez sl\u012bd\u0113\u0161anas un boj\u0101jumu riska transport\u0113\u0161anas laik\u0101.<\/p>\n","protected":false},"excerpt":{"rendered":"<p>\ud83e\uddf7 Polipropil\u0113na stiprin\u0101\u0161anas (sai\u0146o\u0161anas) lentes \u2013 dro\u0161ai kravu nostiprin\u0101\u0161anai SDA Pakuot\u0117 pied\u0101v\u0101 polipropil\u0113na stiprin\u0101\u0161anas (sai\u0146o\u0161anas) lentes vairumtirdzniec\u012bb\u0101, kas paredz\u0113tas pre\u010du, kastu un pale\u0161u nostiprin\u0101\u0161anai transport\u0113\u0161anas un uzglab\u0101\u0161anas laik\u0101. \u0160\u012bs PP lentes nodro\u0161ina dro\u0161u un stingru kravu fiks\u0101ciju, kad ar stiepjam\u0101s pl\u0113ves aizsardz\u012bbu nepietiek. \ud83d\udd39 Pieejamie izm\u0113ri: Kr\u0101sa Platums Biezums Garums Balta 12 mm 0,8 mm [&hellip;]<\/p>\n","protected":false},"author":2,"featured_media":4594,"parent":4550,"menu_order":0,"comment_status":"closed","ping_status":"closed","template":"page-single-product.php","meta":{"_acf_changed":false,"footnotes":""},"class_list":["post-4593","page","type-page","status-publish","has-post-thumbnail","hentry"],"acf":[],"yoast_head":"<!-- This site is optimized with the Yoast SEO plugin v27.5 - https:\/\/yoast.com\/product\/yoast-seo-wordpress\/ -->\n<title>Polipropil\u0113na stiprin\u0101\u0161anas (sai\u0146o\u0161anas) lentes - sdapakuote.lt<\/title>\n<meta name=\"description\" content=\"Vairumtirdzniec\u012bba ar PP stiprin\u0101\u0161anas lent\u0113m. Balta 12 mm \u00d7 2000 m, melna 15 mm \u00d7 1700 m. Dro\u0161a kravu nostiprin\u0101\u0161ana uz palet\u0113m.\" \/>\n<meta name=\"robots\" content=\"index, follow, max-snippet:-1, max-image-preview:large, max-video-preview:-1\" \/>\n<link rel=\"canonical\" href=\"https:\/\/www.sdapakuote.lt\/lv\/produkti\/paligmateriali-iepakosanai\/polipropilena-stiprinasanas-sainosanas-lentes\/\" \/>\n<meta property=\"og:locale\" content=\"lv_LV\" \/>\n<meta property=\"og:type\" content=\"article\" \/>\n<meta property=\"og:title\" content=\"Polipropil\u0113na stiprin\u0101\u0161anas (sai\u0146o\u0161anas) lentes - sdapakuote.lt\" \/>\n<meta property=\"og:description\" content=\"Vairumtirdzniec\u012bba ar PP stiprin\u0101\u0161anas lent\u0113m. Balta 12 mm \u00d7 2000 m, melna 15 mm \u00d7 1700 m. Dro\u0161a kravu nostiprin\u0101\u0161ana uz palet\u0113m.\" \/>\n<meta property=\"og:url\" content=\"https:\/\/www.sdapakuote.lt\/lv\/produkti\/paligmateriali-iepakosanai\/polipropilena-stiprinasanas-sainosanas-lentes\/\" \/>\n<meta property=\"og:site_name\" content=\"sdapakuote.lt\" \/>\n<meta property=\"article:modified_time\" content=\"2025-10-08T06:57:20+00:00\" \/>\n<meta property=\"og:image\" content=\"https:\/\/www.sdapakuote.lt\/wp-content\/uploads\/2021\/09\/stropavimo-juosta-scaled.jpg\" \/>\n\t<meta property=\"og:image:width\" content=\"2391\" \/>\n\t<meta property=\"og:image:height\" content=\"2560\" \/>\n\t<meta property=\"og:image:type\" content=\"image\/jpeg\" \/>\n<meta name=\"twitter:card\" content=\"summary_large_image\" \/>\n<meta name=\"twitter:label1\" content=\"Est. reading time\" \/>\n\t<meta name=\"twitter:data1\" content=\"1 minute\" \/>\n<script type=\"application\/ld+json\" class=\"yoast-schema-graph\">{\"@context\":\"https:\\\/\\\/schema.org\",\"@graph\":[{\"@type\":\"WebPage\",\"@id\":\"https:\\\/\\\/www.sdapakuote.lt\\\/lv\\\/produkti\\\/paligmateriali-iepakosanai\\\/polipropilena-stiprinasanas-sainosanas-lentes\\\/\",\"url\":\"https:\\\/\\\/www.sdapakuote.lt\\\/lv\\\/produkti\\\/paligmateriali-iepakosanai\\\/polipropilena-stiprinasanas-sainosanas-lentes\\\/\",\"name\":\"Polipropil\u0113na stiprin\u0101\u0161anas (sai\u0146o\u0161anas) lentes - sdapakuote.lt\",\"isPartOf\":{\"@id\":\"https:\\\/\\\/www.sdapakuote.lt\\\/lv\\\/#website\"},\"primaryImageOfPage\":{\"@id\":\"https:\\\/\\\/www.sdapakuote.lt\\\/lv\\\/produkti\\\/paligmateriali-iepakosanai\\\/polipropilena-stiprinasanas-sainosanas-lentes\\\/#primaryimage\"},\"image\":{\"@id\":\"https:\\\/\\\/www.sdapakuote.lt\\\/lv\\\/produkti\\\/paligmateriali-iepakosanai\\\/polipropilena-stiprinasanas-sainosanas-lentes\\\/#primaryimage\"},\"thumbnailUrl\":\"https:\\\/\\\/www.sdapakuote.lt\\\/wp-content\\\/uploads\\\/2021\\\/09\\\/stropavimo-juosta-scaled.jpg\",\"datePublished\":\"2025-10-08T06:56:39+00:00\",\"dateModified\":\"2025-10-08T06:57:20+00:00\",\"description\":\"Vairumtirdzniec\u012bba ar PP stiprin\u0101\u0161anas lent\u0113m. Balta 12 mm \u00d7 2000 m, melna 15 mm \u00d7 1700 m. Dro\u0161a kravu nostiprin\u0101\u0161ana uz palet\u0113m.\",\"breadcrumb\":{\"@id\":\"https:\\\/\\\/www.sdapakuote.lt\\\/lv\\\/produkti\\\/paligmateriali-iepakosanai\\\/polipropilena-stiprinasanas-sainosanas-lentes\\\/#breadcrumb\"},\"inLanguage\":\"lv-LV\",\"potentialAction\":[{\"@type\":\"ReadAction\",\"target\":[\"https:\\\/\\\/www.sdapakuote.lt\\\/lv\\\/produkti\\\/paligmateriali-iepakosanai\\\/polipropilena-stiprinasanas-sainosanas-lentes\\\/\"]}]},{\"@type\":\"ImageObject\",\"inLanguage\":\"lv-LV\",\"@id\":\"https:\\\/\\\/www.sdapakuote.lt\\\/lv\\\/produkti\\\/paligmateriali-iepakosanai\\\/polipropilena-stiprinasanas-sainosanas-lentes\\\/#primaryimage\",\"url\":\"https:\\\/\\\/www.sdapakuote.lt\\\/wp-content\\\/uploads\\\/2021\\\/09\\\/stropavimo-juosta-scaled.jpg\",\"contentUrl\":\"https:\\\/\\\/www.sdapakuote.lt\\\/wp-content\\\/uploads\\\/2021\\\/09\\\/stropavimo-juosta-scaled.jpg\",\"width\":2391,\"height\":2560,\"caption\":\"Stropavimo, ri\u0161imo juosta\"},{\"@type\":\"BreadcrumbList\",\"@id\":\"https:\\\/\\\/www.sdapakuote.lt\\\/lv\\\/produkti\\\/paligmateriali-iepakosanai\\\/polipropilena-stiprinasanas-sainosanas-lentes\\\/#breadcrumb\",\"itemListElement\":[{\"@type\":\"ListItem\",\"position\":1,\"name\":\"Home\",\"item\":\"https:\\\/\\\/www.sdapakuote.lt\\\/lv\\\/\"},{\"@type\":\"ListItem\",\"position\":2,\"name\":\"Produkti\",\"item\":\"https:\\\/\\\/www.sdapakuote.lt\\\/lv\\\/produkti\\\/\"},{\"@type\":\"ListItem\",\"position\":3,\"name\":\"Pal\u012bgmateri\u0101li iepako\u0161anai\",\"item\":\"https:\\\/\\\/www.sdapakuote.lt\\\/lv\\\/produkti\\\/paligmateriali-iepakosanai\\\/\"},{\"@type\":\"ListItem\",\"position\":4,\"name\":\"Polipropil\u0113na stiprin\u0101\u0161anas (sai\u0146o\u0161anas) lentes\"}]},{\"@type\":\"WebSite\",\"@id\":\"https:\\\/\\\/www.sdapakuote.lt\\\/lv\\\/#website\",\"url\":\"https:\\\/\\\/www.sdapakuote.lt\\\/lv\\\/\",\"name\":\"sdapakuote.lt\",\"description\":\"Kol kas tik dar vienas WordPress tinklalapis\",\"potentialAction\":[{\"@type\":\"SearchAction\",\"target\":{\"@type\":\"EntryPoint\",\"urlTemplate\":\"https:\\\/\\\/www.sdapakuote.lt\\\/lv\\\/?s={search_term_string}\"},\"query-input\":{\"@type\":\"PropertyValueSpecification\",\"valueRequired\":true,\"valueName\":\"search_term_string\"}}],\"inLanguage\":\"lv-LV\"}]}<\/script>\n<!-- \/ Yoast SEO plugin. -->","yoast_head_json":{"title":"Polipropil\u0113na stiprin\u0101\u0161anas (sai\u0146o\u0161anas) lentes - sdapakuote.lt","description":"Vairumtirdzniec\u012bba ar PP stiprin\u0101\u0161anas lent\u0113m. Balta 12 mm \u00d7 2000 m, melna 15 mm \u00d7 1700 m. Dro\u0161a kravu nostiprin\u0101\u0161ana uz palet\u0113m.","robots":{"index":"index","follow":"follow","max-snippet":"max-snippet:-1","max-image-preview":"max-image-preview:large","max-video-preview":"max-video-preview:-1"},"canonical":"https:\/\/www.sdapakuote.lt\/lv\/produkti\/paligmateriali-iepakosanai\/polipropilena-stiprinasanas-sainosanas-lentes\/","og_locale":"lv_LV","og_type":"article","og_title":"Polipropil\u0113na stiprin\u0101\u0161anas (sai\u0146o\u0161anas) lentes - sdapakuote.lt","og_description":"Vairumtirdzniec\u012bba ar PP stiprin\u0101\u0161anas lent\u0113m. Balta 12 mm \u00d7 2000 m, melna 15 mm \u00d7 1700 m. Dro\u0161a kravu nostiprin\u0101\u0161ana uz palet\u0113m.","og_url":"https:\/\/www.sdapakuote.lt\/lv\/produkti\/paligmateriali-iepakosanai\/polipropilena-stiprinasanas-sainosanas-lentes\/","og_site_name":"sdapakuote.lt","article_modified_time":"2025-10-08T06:57:20+00:00","og_image":[{"width":2391,"height":2560,"url":"https:\/\/www.sdapakuote.lt\/wp-content\/uploads\/2021\/09\/stropavimo-juosta-scaled.jpg","type":"image\/jpeg"}],"twitter_card":"summary_large_image","twitter_misc":{"Est. reading time":"1 minute"},"schema":{"@context":"https:\/\/schema.org","@graph":[{"@type":"WebPage","@id":"https:\/\/www.sdapakuote.lt\/lv\/produkti\/paligmateriali-iepakosanai\/polipropilena-stiprinasanas-sainosanas-lentes\/","url":"https:\/\/www.sdapakuote.lt\/lv\/produkti\/paligmateriali-iepakosanai\/polipropilena-stiprinasanas-sainosanas-lentes\/","name":"Polipropil\u0113na stiprin\u0101\u0161anas (sai\u0146o\u0161anas) lentes - sdapakuote.lt","isPartOf":{"@id":"https:\/\/www.sdapakuote.lt\/lv\/#website"},"primaryImageOfPage":{"@id":"https:\/\/www.sdapakuote.lt\/lv\/produkti\/paligmateriali-iepakosanai\/polipropilena-stiprinasanas-sainosanas-lentes\/#primaryimage"},"image":{"@id":"https:\/\/www.sdapakuote.lt\/lv\/produkti\/paligmateriali-iepakosanai\/polipropilena-stiprinasanas-sainosanas-lentes\/#primaryimage"},"thumbnailUrl":"https:\/\/www.sdapakuote.lt\/wp-content\/uploads\/2021\/09\/stropavimo-juosta-scaled.jpg","datePublished":"2025-10-08T06:56:39+00:00","dateModified":"2025-10-08T06:57:20+00:00","description":"Vairumtirdzniec\u012bba ar PP stiprin\u0101\u0161anas lent\u0113m. Balta 12 mm \u00d7 2000 m, melna 15 mm \u00d7 1700 m. Dro\u0161a kravu nostiprin\u0101\u0161ana uz palet\u0113m.","breadcrumb":{"@id":"https:\/\/www.sdapakuote.lt\/lv\/produkti\/paligmateriali-iepakosanai\/polipropilena-stiprinasanas-sainosanas-lentes\/#breadcrumb"},"inLanguage":"lv-LV","potentialAction":[{"@type":"ReadAction","target":["https:\/\/www.sdapakuote.lt\/lv\/produkti\/paligmateriali-iepakosanai\/polipropilena-stiprinasanas-sainosanas-lentes\/"]}]},{"@type":"ImageObject","inLanguage":"lv-LV","@id":"https:\/\/www.sdapakuote.lt\/lv\/produkti\/paligmateriali-iepakosanai\/polipropilena-stiprinasanas-sainosanas-lentes\/#primaryimage","url":"https:\/\/www.sdapakuote.lt\/wp-content\/uploads\/2021\/09\/stropavimo-juosta-scaled.jpg","contentUrl":"https:\/\/www.sdapakuote.lt\/wp-content\/uploads\/2021\/09\/stropavimo-juosta-scaled.jpg","width":2391,"height":2560,"caption":"Stropavimo, ri\u0161imo juosta"},{"@type":"BreadcrumbList","@id":"https:\/\/www.sdapakuote.lt\/lv\/produkti\/paligmateriali-iepakosanai\/polipropilena-stiprinasanas-sainosanas-lentes\/#breadcrumb","itemListElement":[{"@type":"ListItem","position":1,"name":"Home","item":"https:\/\/www.sdapakuote.lt\/lv\/"},{"@type":"ListItem","position":2,"name":"Produkti","item":"https:\/\/www.sdapakuote.lt\/lv\/produkti\/"},{"@type":"ListItem","position":3,"name":"Pal\u012bgmateri\u0101li iepako\u0161anai","item":"https:\/\/www.sdapakuote.lt\/lv\/produkti\/paligmateriali-iepakosanai\/"},{"@type":"ListItem","position":4,"name":"Polipropil\u0113na stiprin\u0101\u0161anas (sai\u0146o\u0161anas) lentes"}]},{"@type":"WebSite","@id":"https:\/\/www.sdapakuote.lt\/lv\/#website","url":"https:\/\/www.sdapakuote.lt\/lv\/","name":"sdapakuote.lt","description":"Kol kas tik dar vienas WordPress tinklalapis","potentialAction":[{"@type":"SearchAction","target":{"@type":"EntryPoint","urlTemplate":"https:\/\/www.sdapakuote.lt\/lv\/?s={search_term_string}"},"query-input":{"@type":"PropertyValueSpecification","valueRequired":true,"valueName":"search_term_string"}}],"inLanguage":"lv-LV"}]}},"_links":{"self":[{"href":"https:\/\/www.sdapakuote.lt\/lv\/wp-json\/wp\/v2\/pages\/4593","targetHints":{"allow":["GET"]}}],"collection":[{"href":"https:\/\/www.sdapakuote.lt\/lv\/wp-json\/wp\/v2\/pages"}],"about":[{"href":"https:\/\/www.sdapakuote.lt\/lv\/wp-json\/wp\/v2\/types\/page"}],"author":[{"embeddable":true,"href":"https:\/\/www.sdapakuote.lt\/lv\/wp-json\/wp\/v2\/users\/2"}],"replies":[{"embeddable":true,"href":"https:\/\/www.sdapakuote.lt\/lv\/wp-json\/wp\/v2\/comments?post=4593"}],"version-history":[{"count":0,"href":"https:\/\/www.sdapakuote.lt\/lv\/wp-json\/wp\/v2\/pages\/4593\/revisions"}],"up":[{"embeddable":true,"href":"https:\/\/www.sdapakuote.lt\/lv\/wp-json\/wp\/v2\/pages\/4550"}],"wp:featuredmedia":[{"embeddable":true,"href":"https:\/\/www.sdapakuote.lt\/lv\/wp-json\/wp\/v2\/media\/4594"}],"wp:attachment":[{"href":"https:\/\/www.sdapakuote.lt\/lv\/wp-json\/wp\/v2\/media?parent=4593"}],"curies":[{"name":"wp","href":"https:\/\/api.w.org\/{rel}","templated":true}]}}