{"id":4588,"date":"2025-10-08T06:50:04","date_gmt":"2025-10-08T06:50:04","guid":{"rendered":"https:\/\/www.sdapakuote.lt\/?page_id=4588"},"modified":"2025-10-08T06:51:47","modified_gmt":"2025-10-08T06:51:47","slug":"savita-dzutas-aukla","status":"publish","type":"page","link":"https:\/\/www.sdapakuote.lt\/lv\/produkti\/paligmateriali-iepakosanai\/savita-dzutas-aukla\/","title":{"rendered":"Sav\u012bta d\u017eutas aukla"},"content":{"rendered":"<h2 data-start=\"184\" data-end=\"264\">\ud83c\udf3f <strong data-start=\"190\" data-end=\"264\">Sav\u012bta d\u017eutas aukla \u2013 dab\u012bga izv\u0113le d\u0101vanu iesai\u0146o\u0161anai un dekor\u0113\u0161anai<\/strong><\/h2>\n<p data-start=\"266\" data-end=\"603\"><strong data-start=\"266\" data-end=\"281\">SDA Pakuot\u0117<\/strong> pied\u0101v\u0101 augstas kvalit\u0101tes <strong data-start=\"309\" data-end=\"332\">sav\u012btu d\u017eutas auklu<\/strong>, kas pla\u0161i tiek izmantota <strong data-start=\"359\" data-end=\"432\">d\u0101vanu iesai\u0146o\u0161anai, dekor\u0101cij\u0101m, floristikas darbiem un amatniec\u012bbai<\/strong>.<br data-start=\"433\" data-end=\"436\" \/><br \/>\nDab\u012bg\u0101 d\u017eutas virve pie\u0161\u0137ir iepakojumam <strong data-start=\"476\" data-end=\"514\">siltumu, dabiskumu un autentiskumu<\/strong>, lieliski sader ar <strong data-start=\"534\" data-end=\"602\">kraft pap\u012bru, kartona kast\u0113m vai citiem ekolo\u0123iskiem materi\u0101liem<\/strong>.<\/p>\n<hr data-start=\"605\" data-end=\"608\" \/>\n<h3 data-start=\"610\" data-end=\"639\">\ud83d\udd39 <strong data-start=\"617\" data-end=\"639\">Galven\u0101s \u012bpa\u0161\u012bbas:<\/strong><\/h3>\n<ul data-start=\"640\" data-end=\"945\">\n<li data-start=\"640\" data-end=\"708\">\n<p data-start=\"642\" data-end=\"708\"><strong data-start=\"642\" data-end=\"664\">100 % dab\u012bga d\u017euta<\/strong> \u2013 videi draudz\u012bga un biolo\u0123iski no\u0101rd\u0101ma,<\/p>\n<\/li>\n<li data-start=\"709\" data-end=\"804\">\n<p data-start=\"711\" data-end=\"804\"><strong data-start=\"711\" data-end=\"737\">Iztur\u012bga un univers\u0101la<\/strong> \u2013 piem\u0113rota gan d\u0101van\u0101m, gan rokdarbiem un interjera elementiem,<\/p>\n<\/li>\n<li data-start=\"805\" data-end=\"883\">\n<p data-start=\"807\" data-end=\"883\"><strong data-start=\"807\" data-end=\"820\">Est\u0113tiska<\/strong> \u2013 pie\u0161\u0137ir iesai\u0146ojumam rokdarbu raksturu un dabisku izskatu,<\/p>\n<\/li>\n<li data-start=\"884\" data-end=\"945\">\n<p data-start=\"886\" data-end=\"945\"><strong data-start=\"886\" data-end=\"906\">Viegli lietojama<\/strong> \u2013 m\u012bksta, bet iztur\u012bga pret stiep\u0161anu.<\/p>\n<\/li>\n<\/ul>\n<hr data-start=\"947\" data-end=\"950\" \/>\n<h3 data-start=\"952\" data-end=\"982\">\ud83d\udd39 <strong data-start=\"959\" data-end=\"982\">Pieejamie varianti:<\/strong><\/h3>\n<ul data-start=\"983\" data-end=\"1058\">\n<li data-start=\"983\" data-end=\"1021\">\n<p data-start=\"985\" data-end=\"1021\"><strong data-start=\"985\" data-end=\"1018\">300 g rullis \u2013 300 metru gar\u0161<\/strong>,<\/p>\n<\/li>\n<li data-start=\"1022\" data-end=\"1058\">\n<p data-start=\"1024\" data-end=\"1058\"><strong data-start=\"1024\" data-end=\"1058\">500 g rullis \u2013 500 metru gar\u0161.<\/strong><\/p>\n<\/li>\n<\/ul>\n<hr data-start=\"1060\" data-end=\"1063\" \/>\n<p data-start=\"1065\" data-end=\"1285\"><strong data-start=\"1065\" data-end=\"1081\">D\u017eutas aukla<\/strong> ir lieliska izv\u0113le <strong data-start=\"1101\" data-end=\"1181\">d\u0101vanu noform\u0113\u0161anai, pu\u0161\u0137u sie\u0161anai, floristikas kompoz\u012bcij\u0101m vai rokdarbiem<\/strong>. T\u0101 apvieno praktiskumu un est\u0113tiku, vienlaikus uzsverot j\u016bsu produkcijas dabiskumu un individualit\u0101ti.<\/p>\n","protected":false},"excerpt":{"rendered":"<p>\ud83c\udf3f Sav\u012bta d\u017eutas aukla \u2013 dab\u012bga izv\u0113le d\u0101vanu iesai\u0146o\u0161anai un dekor\u0113\u0161anai SDA Pakuot\u0117 pied\u0101v\u0101 augstas kvalit\u0101tes sav\u012btu d\u017eutas auklu, kas pla\u0161i tiek izmantota d\u0101vanu iesai\u0146o\u0161anai, dekor\u0101cij\u0101m, floristikas darbiem un amatniec\u012bbai. Dab\u012bg\u0101 d\u017eutas virve pie\u0161\u0137ir iepakojumam siltumu, dabiskumu un autentiskumu, lieliski sader ar kraft pap\u012bru, kartona kast\u0113m vai citiem ekolo\u0123iskiem materi\u0101liem. \ud83d\udd39 Galven\u0101s \u012bpa\u0161\u012bbas: 100 % [&hellip;]<\/p>\n","protected":false},"author":2,"featured_media":4589,"parent":4550,"menu_order":0,"comment_status":"closed","ping_status":"closed","template":"page-single-product.php","meta":{"_acf_changed":false,"footnotes":""},"class_list":["post-4588","page","type-page","status-publish","has-post-thumbnail","hentry"],"acf":[],"yoast_head":"<!-- This site is optimized with the Yoast SEO plugin v27.5 - https:\/\/yoast.com\/product\/yoast-seo-wordpress\/ -->\n<title>Sav\u012bta d\u017eutas aukla - sdapakuote.lt<\/title>\n<meta name=\"description\" content=\"Dab\u012bga d\u017eutas aukla \u2013 300 m un 500 m ru\u013c\u013ci. Ide\u0101li piem\u0113rota d\u0101vanu iesai\u0146o\u0161anai, dekor\u0101cij\u0101m un rokdarbiem. \u0100tra pieg\u0101de Latvij\u0101.\" \/>\n<meta name=\"robots\" content=\"index, follow, max-snippet:-1, max-image-preview:large, max-video-preview:-1\" \/>\n<link rel=\"canonical\" href=\"https:\/\/www.sdapakuote.lt\/lv\/produkti\/paligmateriali-iepakosanai\/savita-dzutas-aukla\/\" \/>\n<meta property=\"og:locale\" content=\"lv_LV\" \/>\n<meta property=\"og:type\" content=\"article\" \/>\n<meta property=\"og:title\" content=\"Sav\u012bta d\u017eutas aukla - sdapakuote.lt\" \/>\n<meta property=\"og:description\" content=\"Dab\u012bga d\u017eutas aukla \u2013 300 m un 500 m ru\u013c\u013ci. Ide\u0101li piem\u0113rota d\u0101vanu iesai\u0146o\u0161anai, dekor\u0101cij\u0101m un rokdarbiem. \u0100tra pieg\u0101de Latvij\u0101.\" \/>\n<meta property=\"og:url\" content=\"https:\/\/www.sdapakuote.lt\/lv\/produkti\/paligmateriali-iepakosanai\/savita-dzutas-aukla\/\" \/>\n<meta property=\"og:site_name\" content=\"sdapakuote.lt\" \/>\n<meta property=\"article:modified_time\" content=\"2025-10-08T06:51:47+00:00\" \/>\n<meta property=\"og:image\" content=\"https:\/\/www.sdapakuote.lt\/wp-content\/uploads\/2023\/05\/20230524_133729-1.jpg\" \/>\n\t<meta property=\"og:image:width\" content=\"1979\" \/>\n\t<meta property=\"og:image:height\" content=\"1585\" \/>\n\t<meta property=\"og:image:type\" content=\"image\/jpeg\" \/>\n<meta name=\"twitter:card\" content=\"summary_large_image\" \/>\n<meta name=\"twitter:label1\" content=\"Est. reading time\" \/>\n\t<meta name=\"twitter:data1\" content=\"1 minute\" \/>\n<script type=\"application\/ld+json\" class=\"yoast-schema-graph\">{\"@context\":\"https:\\\/\\\/schema.org\",\"@graph\":[{\"@type\":\"WebPage\",\"@id\":\"https:\\\/\\\/www.sdapakuote.lt\\\/lv\\\/produkti\\\/paligmateriali-iepakosanai\\\/savita-dzutas-aukla\\\/\",\"url\":\"https:\\\/\\\/www.sdapakuote.lt\\\/lv\\\/produkti\\\/paligmateriali-iepakosanai\\\/savita-dzutas-aukla\\\/\",\"name\":\"Sav\u012bta d\u017eutas aukla - sdapakuote.lt\",\"isPartOf\":{\"@id\":\"https:\\\/\\\/www.sdapakuote.lt\\\/lv\\\/#website\"},\"primaryImageOfPage\":{\"@id\":\"https:\\\/\\\/www.sdapakuote.lt\\\/lv\\\/produkti\\\/paligmateriali-iepakosanai\\\/savita-dzutas-aukla\\\/#primaryimage\"},\"image\":{\"@id\":\"https:\\\/\\\/www.sdapakuote.lt\\\/lv\\\/produkti\\\/paligmateriali-iepakosanai\\\/savita-dzutas-aukla\\\/#primaryimage\"},\"thumbnailUrl\":\"https:\\\/\\\/www.sdapakuote.lt\\\/wp-content\\\/uploads\\\/2023\\\/05\\\/20230524_133729-1.jpg\",\"datePublished\":\"2025-10-08T06:50:04+00:00\",\"dateModified\":\"2025-10-08T06:51:47+00:00\",\"description\":\"Dab\u012bga d\u017eutas aukla \u2013 300 m un 500 m ru\u013c\u013ci. Ide\u0101li piem\u0113rota d\u0101vanu iesai\u0146o\u0161anai, dekor\u0101cij\u0101m un rokdarbiem. \u0100tra pieg\u0101de Latvij\u0101.\",\"breadcrumb\":{\"@id\":\"https:\\\/\\\/www.sdapakuote.lt\\\/lv\\\/produkti\\\/paligmateriali-iepakosanai\\\/savita-dzutas-aukla\\\/#breadcrumb\"},\"inLanguage\":\"lv-LV\",\"potentialAction\":[{\"@type\":\"ReadAction\",\"target\":[\"https:\\\/\\\/www.sdapakuote.lt\\\/lv\\\/produkti\\\/paligmateriali-iepakosanai\\\/savita-dzutas-aukla\\\/\"]}]},{\"@type\":\"ImageObject\",\"inLanguage\":\"lv-LV\",\"@id\":\"https:\\\/\\\/www.sdapakuote.lt\\\/lv\\\/produkti\\\/paligmateriali-iepakosanai\\\/savita-dzutas-aukla\\\/#primaryimage\",\"url\":\"https:\\\/\\\/www.sdapakuote.lt\\\/wp-content\\\/uploads\\\/2023\\\/05\\\/20230524_133729-1.jpg\",\"contentUrl\":\"https:\\\/\\\/www.sdapakuote.lt\\\/wp-content\\\/uploads\\\/2023\\\/05\\\/20230524_133729-1.jpg\",\"width\":1979,\"height\":1585,\"caption\":\"Suktas d\u017eiuto \u0161pagatas\"},{\"@type\":\"BreadcrumbList\",\"@id\":\"https:\\\/\\\/www.sdapakuote.lt\\\/lv\\\/produkti\\\/paligmateriali-iepakosanai\\\/savita-dzutas-aukla\\\/#breadcrumb\",\"itemListElement\":[{\"@type\":\"ListItem\",\"position\":1,\"name\":\"Home\",\"item\":\"https:\\\/\\\/www.sdapakuote.lt\\\/lv\\\/\"},{\"@type\":\"ListItem\",\"position\":2,\"name\":\"Produkti\",\"item\":\"https:\\\/\\\/www.sdapakuote.lt\\\/lv\\\/produkti\\\/\"},{\"@type\":\"ListItem\",\"position\":3,\"name\":\"Pal\u012bgmateri\u0101li iepako\u0161anai\",\"item\":\"https:\\\/\\\/www.sdapakuote.lt\\\/lv\\\/produkti\\\/paligmateriali-iepakosanai\\\/\"},{\"@type\":\"ListItem\",\"position\":4,\"name\":\"Sav\u012bta d\u017eutas aukla\"}]},{\"@type\":\"WebSite\",\"@id\":\"https:\\\/\\\/www.sdapakuote.lt\\\/lv\\\/#website\",\"url\":\"https:\\\/\\\/www.sdapakuote.lt\\\/lv\\\/\",\"name\":\"sdapakuote.lt\",\"description\":\"Kol kas tik dar vienas WordPress tinklalapis\",\"potentialAction\":[{\"@type\":\"SearchAction\",\"target\":{\"@type\":\"EntryPoint\",\"urlTemplate\":\"https:\\\/\\\/www.sdapakuote.lt\\\/lv\\\/?s={search_term_string}\"},\"query-input\":{\"@type\":\"PropertyValueSpecification\",\"valueRequired\":true,\"valueName\":\"search_term_string\"}}],\"inLanguage\":\"lv-LV\"}]}<\/script>\n<!-- \/ Yoast SEO plugin. -->","yoast_head_json":{"title":"Sav\u012bta d\u017eutas aukla - sdapakuote.lt","description":"Dab\u012bga d\u017eutas aukla \u2013 300 m un 500 m ru\u013c\u013ci. Ide\u0101li piem\u0113rota d\u0101vanu iesai\u0146o\u0161anai, dekor\u0101cij\u0101m un rokdarbiem. \u0100tra pieg\u0101de Latvij\u0101.","robots":{"index":"index","follow":"follow","max-snippet":"max-snippet:-1","max-image-preview":"max-image-preview:large","max-video-preview":"max-video-preview:-1"},"canonical":"https:\/\/www.sdapakuote.lt\/lv\/produkti\/paligmateriali-iepakosanai\/savita-dzutas-aukla\/","og_locale":"lv_LV","og_type":"article","og_title":"Sav\u012bta d\u017eutas aukla - sdapakuote.lt","og_description":"Dab\u012bga d\u017eutas aukla \u2013 300 m un 500 m ru\u013c\u013ci. Ide\u0101li piem\u0113rota d\u0101vanu iesai\u0146o\u0161anai, dekor\u0101cij\u0101m un rokdarbiem. \u0100tra pieg\u0101de Latvij\u0101.","og_url":"https:\/\/www.sdapakuote.lt\/lv\/produkti\/paligmateriali-iepakosanai\/savita-dzutas-aukla\/","og_site_name":"sdapakuote.lt","article_modified_time":"2025-10-08T06:51:47+00:00","og_image":[{"width":1979,"height":1585,"url":"https:\/\/www.sdapakuote.lt\/wp-content\/uploads\/2023\/05\/20230524_133729-1.jpg","type":"image\/jpeg"}],"twitter_card":"summary_large_image","twitter_misc":{"Est. reading time":"1 minute"},"schema":{"@context":"https:\/\/schema.org","@graph":[{"@type":"WebPage","@id":"https:\/\/www.sdapakuote.lt\/lv\/produkti\/paligmateriali-iepakosanai\/savita-dzutas-aukla\/","url":"https:\/\/www.sdapakuote.lt\/lv\/produkti\/paligmateriali-iepakosanai\/savita-dzutas-aukla\/","name":"Sav\u012bta d\u017eutas aukla - sdapakuote.lt","isPartOf":{"@id":"https:\/\/www.sdapakuote.lt\/lv\/#website"},"primaryImageOfPage":{"@id":"https:\/\/www.sdapakuote.lt\/lv\/produkti\/paligmateriali-iepakosanai\/savita-dzutas-aukla\/#primaryimage"},"image":{"@id":"https:\/\/www.sdapakuote.lt\/lv\/produkti\/paligmateriali-iepakosanai\/savita-dzutas-aukla\/#primaryimage"},"thumbnailUrl":"https:\/\/www.sdapakuote.lt\/wp-content\/uploads\/2023\/05\/20230524_133729-1.jpg","datePublished":"2025-10-08T06:50:04+00:00","dateModified":"2025-10-08T06:51:47+00:00","description":"Dab\u012bga d\u017eutas aukla \u2013 300 m un 500 m ru\u013c\u013ci. Ide\u0101li piem\u0113rota d\u0101vanu iesai\u0146o\u0161anai, dekor\u0101cij\u0101m un rokdarbiem. \u0100tra pieg\u0101de Latvij\u0101.","breadcrumb":{"@id":"https:\/\/www.sdapakuote.lt\/lv\/produkti\/paligmateriali-iepakosanai\/savita-dzutas-aukla\/#breadcrumb"},"inLanguage":"lv-LV","potentialAction":[{"@type":"ReadAction","target":["https:\/\/www.sdapakuote.lt\/lv\/produkti\/paligmateriali-iepakosanai\/savita-dzutas-aukla\/"]}]},{"@type":"ImageObject","inLanguage":"lv-LV","@id":"https:\/\/www.sdapakuote.lt\/lv\/produkti\/paligmateriali-iepakosanai\/savita-dzutas-aukla\/#primaryimage","url":"https:\/\/www.sdapakuote.lt\/wp-content\/uploads\/2023\/05\/20230524_133729-1.jpg","contentUrl":"https:\/\/www.sdapakuote.lt\/wp-content\/uploads\/2023\/05\/20230524_133729-1.jpg","width":1979,"height":1585,"caption":"Suktas d\u017eiuto \u0161pagatas"},{"@type":"BreadcrumbList","@id":"https:\/\/www.sdapakuote.lt\/lv\/produkti\/paligmateriali-iepakosanai\/savita-dzutas-aukla\/#breadcrumb","itemListElement":[{"@type":"ListItem","position":1,"name":"Home","item":"https:\/\/www.sdapakuote.lt\/lv\/"},{"@type":"ListItem","position":2,"name":"Produkti","item":"https:\/\/www.sdapakuote.lt\/lv\/produkti\/"},{"@type":"ListItem","position":3,"name":"Pal\u012bgmateri\u0101li iepako\u0161anai","item":"https:\/\/www.sdapakuote.lt\/lv\/produkti\/paligmateriali-iepakosanai\/"},{"@type":"ListItem","position":4,"name":"Sav\u012bta d\u017eutas aukla"}]},{"@type":"WebSite","@id":"https:\/\/www.sdapakuote.lt\/lv\/#website","url":"https:\/\/www.sdapakuote.lt\/lv\/","name":"sdapakuote.lt","description":"Kol kas tik dar vienas WordPress tinklalapis","potentialAction":[{"@type":"SearchAction","target":{"@type":"EntryPoint","urlTemplate":"https:\/\/www.sdapakuote.lt\/lv\/?s={search_term_string}"},"query-input":{"@type":"PropertyValueSpecification","valueRequired":true,"valueName":"search_term_string"}}],"inLanguage":"lv-LV"}]}},"_links":{"self":[{"href":"https:\/\/www.sdapakuote.lt\/lv\/wp-json\/wp\/v2\/pages\/4588","targetHints":{"allow":["GET"]}}],"collection":[{"href":"https:\/\/www.sdapakuote.lt\/lv\/wp-json\/wp\/v2\/pages"}],"about":[{"href":"https:\/\/www.sdapakuote.lt\/lv\/wp-json\/wp\/v2\/types\/page"}],"author":[{"embeddable":true,"href":"https:\/\/www.sdapakuote.lt\/lv\/wp-json\/wp\/v2\/users\/2"}],"replies":[{"embeddable":true,"href":"https:\/\/www.sdapakuote.lt\/lv\/wp-json\/wp\/v2\/comments?post=4588"}],"version-history":[{"count":0,"href":"https:\/\/www.sdapakuote.lt\/lv\/wp-json\/wp\/v2\/pages\/4588\/revisions"}],"up":[{"embeddable":true,"href":"https:\/\/www.sdapakuote.lt\/lv\/wp-json\/wp\/v2\/pages\/4550"}],"wp:featuredmedia":[{"embeddable":true,"href":"https:\/\/www.sdapakuote.lt\/lv\/wp-json\/wp\/v2\/media\/4589"}],"wp:attachment":[{"href":"https:\/\/www.sdapakuote.lt\/lv\/wp-json\/wp\/v2\/media?parent=4588"}],"curies":[{"name":"wp","href":"https:\/\/api.w.org\/{rel}","templated":true}]}}