{"id":4570,"date":"2025-10-08T06:33:40","date_gmt":"2025-10-08T06:33:40","guid":{"rendered":"https:\/\/www.sdapakuote.lt\/?page_id=4570"},"modified":"2025-10-08T06:34:13","modified_gmt":"2025-10-08T06:34:13","slug":"lipigas-lentes","status":"publish","type":"page","link":"https:\/\/www.sdapakuote.lt\/lv\/produkti\/paligmateriali-iepakosanai\/lipigas-lentes\/","title":{"rendered":"Lip\u012bg\u0101s lentes"},"content":{"rendered":"<h2 data-start=\"159\" data-end=\"229\">\ud83d\udce6 <strong data-start=\"165\" data-end=\"229\">L\u012bmlentes vairumtirdzniec\u012bba \u2013 SOLVENT, ACRIL un KRAFT veidi<\/strong><\/h2>\n<p data-start=\"231\" data-end=\"445\"><strong data-start=\"231\" data-end=\"246\">SDA Pakuot\u0117<\/strong> pied\u0101v\u0101 pla\u0161u <strong data-start=\"261\" data-end=\"280\">l\u012bmlen\u0161u kl\u0101stu<\/strong>, kas paredz\u0113tas dro\u0161ai un profesion\u0101lai iepakojuma aizz\u012bmogo\u0161anai. M\u0113s tirgojam <strong data-start=\"361\" data-end=\"372\">SOLVENT<\/strong> un <strong data-start=\"376\" data-end=\"385\">ACRIL<\/strong> l\u012bmlentes, k\u0101 ar\u012b <strong data-start=\"404\" data-end=\"442\">ekolo\u0123isk\u0101s KRAFT pap\u012bra l\u012bmlentes<\/strong>.<\/p>\n<p data-start=\"447\" data-end=\"655\">Visas lentes ir <strong data-start=\"463\" data-end=\"505\">48\u201350 mm platum\u0101 un 50\u201366 metru garum\u0101<\/strong>, pieejamas da\u017e\u0101d\u0101s <strong data-start=\"525\" data-end=\"535\">kr\u0101s\u0101s<\/strong> \u2013 caursp\u012bd\u012bgas, br\u016bnas, baltas vai kr\u0101sainas. T\u0101s ir piem\u0113rotas gan noliktav\u0101m, gan ra\u017eo\u0161anas un lo\u0123istikas uz\u0146\u0113mumiem.<\/p>\n<hr data-start=\"657\" data-end=\"660\" \/>\n<h3 data-start=\"662\" data-end=\"704\">\ud83d\udd39 <strong data-start=\"669\" data-end=\"704\">L\u012bmlentes ar SOLVENT l\u012bmes b\u0101zi<\/strong><\/h3>\n<p data-start=\"705\" data-end=\"839\">\u0160\u012bs lentes ir ieteicamas viet\u0101s, kur <strong data-start=\"742\" data-end=\"800\">vide ir putek\u013caina vai virsmas ir net\u012bras un taukainas<\/strong>.<br data-start=\"801\" data-end=\"804\" \/><br \/>\n<strong data-start=\"804\" data-end=\"815\">SOLVENT<\/strong> l\u012bmlen\u0161u priek\u0161roc\u012bbas:<\/p>\n<ul data-start=\"840\" data-end=\"1033\">\n<li data-start=\"840\" data-end=\"898\">\n<p data-start=\"842\" data-end=\"898\">Nodro\u0161ina <strong data-start=\"852\" data-end=\"870\">sp\u0113c\u012bgu sa\u0137eri<\/strong> ar\u012b sare\u017e\u0123\u012btos apst\u0101k\u013cos,<\/p>\n<\/li>\n<li data-start=\"899\" data-end=\"966\">\n<p data-start=\"901\" data-end=\"966\"><strong data-start=\"901\" data-end=\"936\">Iztur\u012bgas pret zemu temperat\u016bru<\/strong>, piem\u0113rotas aukst\u0101m telp\u0101m,<\/p>\n<\/li>\n<li data-start=\"967\" data-end=\"1033\">\n<p data-start=\"969\" data-end=\"1033\"><strong data-start=\"969\" data-end=\"989\">Nav UV notur\u012bgas<\/strong>, t\u0101p\u0113c <strong data-start=\"997\" data-end=\"1030\">nav ieteicamas lieto\u0161anai \u0101r\u0101<\/strong>.<\/p>\n<\/li>\n<\/ul>\n<p data-start=\"1035\" data-end=\"1138\">Ide\u0101ls risin\u0101jums <strong data-start=\"1053\" data-end=\"1103\">noliktav\u0101m, lo\u0123istikas un ra\u017eo\u0161anas uz\u0146\u0113mumiem<\/strong>, kur nepiecie\u0161ama uzticama sa\u0137ere.<\/p>\n<hr data-start=\"1140\" data-end=\"1143\" \/>\n<h3 data-start=\"1145\" data-end=\"1185\">\ud83d\udd39 <strong data-start=\"1152\" data-end=\"1185\">L\u012bmlentes ar ACRIL l\u012bmes b\u0101zi<\/strong><\/h3>\n<p data-start=\"1186\" data-end=\"1292\"><strong data-start=\"1186\" data-end=\"1204\">ACRIL (akrila)<\/strong> lentes ir <strong data-start=\"1215\" data-end=\"1276\">ekonomisks un uzticams risin\u0101jums ilgtermi\u0146a uzglab\u0101\u0161anai<\/strong>.<br data-start=\"1277\" data-end=\"1280\" \/><br \/>\nTo \u012bpa\u0161\u012bbas:<\/p>\n<ul data-start=\"1293\" data-end=\"1447\">\n<li data-start=\"1293\" data-end=\"1349\">\n<p data-start=\"1295\" data-end=\"1349\">Saglab\u0101 <strong data-start=\"1303\" data-end=\"1320\">caursp\u012bd\u012bgumu<\/strong>, <strong data-start=\"1322\" data-end=\"1334\">nedzelt\u0113<\/strong> laika gait\u0101,<\/p>\n<\/li>\n<li data-start=\"1350\" data-end=\"1394\">\n<p data-start=\"1352\" data-end=\"1394\">Labi piel\u012bp pie <strong data-start=\"1368\" data-end=\"1391\">p\u0101rstr\u0101d\u0101ta kartona<\/strong>,<\/p>\n<\/li>\n<li data-start=\"1395\" data-end=\"1447\">\n<p data-start=\"1397\" data-end=\"1447\">Saglab\u0101 \u012bpa\u0161\u012bbas tikai <strong data-start=\"1420\" data-end=\"1444\">pozit\u012bv\u0101 temperat\u016br\u0101<\/strong>.<\/p>\n<\/li>\n<\/ul>\n<p data-start=\"1449\" data-end=\"1530\">Ide\u0101li piem\u0113rotas <strong data-start=\"1467\" data-end=\"1491\">t\u012br\u0101m, saus\u0101m telp\u0101m<\/strong> un ilgsto\u0161ai produkcijas uzglab\u0101\u0161anai.<\/p>\n<hr data-start=\"1532\" data-end=\"1535\" \/>\n<h3 data-start=\"1537\" data-end=\"1599\">\ud83d\udd39 <strong data-start=\"1544\" data-end=\"1599\">KRAFT pap\u012bra l\u012bmlente \u2013 videi draudz\u012bga alternat\u012bva<\/strong><\/h3>\n<p data-start=\"1600\" data-end=\"1663\">Izgatavota no <strong data-start=\"1614\" data-end=\"1649\">augstas kvalit\u0101tes KRAFT pap\u012bra<\/strong>, \u0161\u012b lente ir:<\/p>\n<ul data-start=\"1664\" data-end=\"1895\">\n<li data-start=\"1664\" data-end=\"1730\">\n<p data-start=\"1666\" data-end=\"1730\"><strong data-start=\"1666\" data-end=\"1680\">Ekolo\u0123iska<\/strong> \u2013 piln\u012bb\u0101 p\u0101rstr\u0101d\u0101jama kop\u0101 ar kartona kast\u0113m,<\/p>\n<\/li>\n<li data-start=\"1731\" data-end=\"1808\">\n<p data-start=\"1733\" data-end=\"1808\">Apr\u012bkota ar <strong data-start=\"1745\" data-end=\"1767\">SOLVENT l\u012bmes b\u0101zi<\/strong>, kas nodro\u0161ina stipru un dro\u0161u sa\u0137eri,<\/p>\n<\/li>\n<li data-start=\"1809\" data-end=\"1895\">\n<p data-start=\"1811\" data-end=\"1895\"><strong data-start=\"1811\" data-end=\"1837\">Ilgtsp\u0113j\u012bgs risin\u0101jums<\/strong> uz\u0146\u0113mumiem, kas v\u0113las samazin\u0101t plastmasas izmanto\u0161anu.<\/p>\n<\/li>\n<\/ul>\n<p data-start=\"1897\" data-end=\"2003\"><strong data-start=\"1897\" data-end=\"1920\">Pap\u012bra KRAFT lentes<\/strong> k\u013c\u016bst arvien popul\u0101r\u0101kas starp uz\u0146\u0113mumiem, kas v\u0113rt\u0113 dabai draudz\u012bgus risin\u0101jumus.<\/p>\n<hr data-start=\"2005\" data-end=\"2008\" \/>\n<p data-start=\"2010\" data-end=\"2172\">Mazumtirdzniec\u012bb\u0101 \u0161\u012bs preces var ieg\u0101d\u0101ties <strong data-start=\"2054\" data-end=\"2080\">m\u016bsu interneta veikal\u0101<\/strong>, bet liel\u0101kiem vai nestandarta pas\u016bt\u012bjumiem <strong data-start=\"2125\" data-end=\"2171\">sazinieties ar mums pa e-pastu vai t\u0101lruni<\/strong>.<\/p>\n","protected":false},"excerpt":{"rendered":"<p>\ud83d\udce6 L\u012bmlentes vairumtirdzniec\u012bba \u2013 SOLVENT, ACRIL un KRAFT veidi SDA Pakuot\u0117 pied\u0101v\u0101 pla\u0161u l\u012bmlen\u0161u kl\u0101stu, kas paredz\u0113tas dro\u0161ai un profesion\u0101lai iepakojuma aizz\u012bmogo\u0161anai. M\u0113s tirgojam SOLVENT un ACRIL l\u012bmlentes, k\u0101 ar\u012b ekolo\u0123isk\u0101s KRAFT pap\u012bra l\u012bmlentes. Visas lentes ir 48\u201350 mm platum\u0101 un 50\u201366 metru garum\u0101, pieejamas da\u017e\u0101d\u0101s kr\u0101s\u0101s \u2013 caursp\u012bd\u012bgas, br\u016bnas, baltas vai kr\u0101sainas. T\u0101s ir [&hellip;]<\/p>\n","protected":false},"author":2,"featured_media":4572,"parent":4550,"menu_order":0,"comment_status":"closed","ping_status":"closed","template":"page-single-product.php","meta":{"_acf_changed":false,"footnotes":""},"class_list":["post-4570","page","type-page","status-publish","has-post-thumbnail","hentry"],"acf":[],"yoast_head":"<!-- This site is optimized with the Yoast SEO plugin v27.5 - https:\/\/yoast.com\/product\/yoast-seo-wordpress\/ -->\n<title>Lip\u012bg\u0101s lentes - sdapakuote.lt<\/title>\n<meta name=\"description\" content=\"L\u012bmlen\u0161u vairumtirdzniec\u012bba \u2013 SOLVENT, ACRIL un KRAFT pap\u012bra lentes da\u017e\u0101d\u0101s kr\u0101s\u0101s. \u0100tra pieg\u0101de no noliktavas vis\u0101 Latvij\u0101.\" \/>\n<meta name=\"robots\" content=\"index, follow, max-snippet:-1, max-image-preview:large, max-video-preview:-1\" \/>\n<link rel=\"canonical\" href=\"https:\/\/www.sdapakuote.lt\/lv\/produkti\/paligmateriali-iepakosanai\/lipigas-lentes\/\" \/>\n<meta property=\"og:locale\" content=\"lv_LV\" \/>\n<meta property=\"og:type\" content=\"article\" \/>\n<meta property=\"og:title\" content=\"Lip\u012bg\u0101s lentes - sdapakuote.lt\" \/>\n<meta property=\"og:description\" content=\"L\u012bmlen\u0161u vairumtirdzniec\u012bba \u2013 SOLVENT, ACRIL un KRAFT pap\u012bra lentes da\u017e\u0101d\u0101s kr\u0101s\u0101s. \u0100tra pieg\u0101de no noliktavas vis\u0101 Latvij\u0101.\" \/>\n<meta property=\"og:url\" content=\"https:\/\/www.sdapakuote.lt\/lv\/produkti\/paligmateriali-iepakosanai\/lipigas-lentes\/\" \/>\n<meta property=\"og:site_name\" content=\"sdapakuote.lt\" \/>\n<meta property=\"article:modified_time\" content=\"2025-10-08T06:34:13+00:00\" \/>\n<meta property=\"og:image\" content=\"https:\/\/www.sdapakuote.lt\/wp-content\/uploads\/2021\/09\/Lipnios-juostos-1024x922.jpg\" \/>\n\t<meta property=\"og:image:width\" content=\"1024\" \/>\n\t<meta property=\"og:image:height\" content=\"922\" \/>\n\t<meta property=\"og:image:type\" content=\"image\/jpeg\" \/>\n<meta name=\"twitter:card\" content=\"summary_large_image\" \/>\n<meta name=\"twitter:label1\" content=\"Est. reading time\" \/>\n\t<meta name=\"twitter:data1\" content=\"2 minutes\" \/>\n<script type=\"application\/ld+json\" class=\"yoast-schema-graph\">{\"@context\":\"https:\\\/\\\/schema.org\",\"@graph\":[{\"@type\":\"WebPage\",\"@id\":\"https:\\\/\\\/www.sdapakuote.lt\\\/lv\\\/produkti\\\/paligmateriali-iepakosanai\\\/lipigas-lentes\\\/\",\"url\":\"https:\\\/\\\/www.sdapakuote.lt\\\/lv\\\/produkti\\\/paligmateriali-iepakosanai\\\/lipigas-lentes\\\/\",\"name\":\"Lip\u012bg\u0101s lentes - sdapakuote.lt\",\"isPartOf\":{\"@id\":\"https:\\\/\\\/www.sdapakuote.lt\\\/lv\\\/#website\"},\"primaryImageOfPage\":{\"@id\":\"https:\\\/\\\/www.sdapakuote.lt\\\/lv\\\/produkti\\\/paligmateriali-iepakosanai\\\/lipigas-lentes\\\/#primaryimage\"},\"image\":{\"@id\":\"https:\\\/\\\/www.sdapakuote.lt\\\/lv\\\/produkti\\\/paligmateriali-iepakosanai\\\/lipigas-lentes\\\/#primaryimage\"},\"thumbnailUrl\":\"https:\\\/\\\/www.sdapakuote.lt\\\/wp-content\\\/uploads\\\/2021\\\/09\\\/Lipnios-juostos.jpg\",\"datePublished\":\"2025-10-08T06:33:40+00:00\",\"dateModified\":\"2025-10-08T06:34:13+00:00\",\"description\":\"L\u012bmlen\u0161u vairumtirdzniec\u012bba \u2013 SOLVENT, ACRIL un KRAFT pap\u012bra lentes da\u017e\u0101d\u0101s kr\u0101s\u0101s. \u0100tra pieg\u0101de no noliktavas vis\u0101 Latvij\u0101.\",\"breadcrumb\":{\"@id\":\"https:\\\/\\\/www.sdapakuote.lt\\\/lv\\\/produkti\\\/paligmateriali-iepakosanai\\\/lipigas-lentes\\\/#breadcrumb\"},\"inLanguage\":\"lv-LV\",\"potentialAction\":[{\"@type\":\"ReadAction\",\"target\":[\"https:\\\/\\\/www.sdapakuote.lt\\\/lv\\\/produkti\\\/paligmateriali-iepakosanai\\\/lipigas-lentes\\\/\"]}]},{\"@type\":\"ImageObject\",\"inLanguage\":\"lv-LV\",\"@id\":\"https:\\\/\\\/www.sdapakuote.lt\\\/lv\\\/produkti\\\/paligmateriali-iepakosanai\\\/lipigas-lentes\\\/#primaryimage\",\"url\":\"https:\\\/\\\/www.sdapakuote.lt\\\/wp-content\\\/uploads\\\/2021\\\/09\\\/Lipnios-juostos.jpg\",\"contentUrl\":\"https:\\\/\\\/www.sdapakuote.lt\\\/wp-content\\\/uploads\\\/2021\\\/09\\\/Lipnios-juostos.jpg\",\"width\":2304,\"height\":2074,\"caption\":\"Lipnios juostos\"},{\"@type\":\"BreadcrumbList\",\"@id\":\"https:\\\/\\\/www.sdapakuote.lt\\\/lv\\\/produkti\\\/paligmateriali-iepakosanai\\\/lipigas-lentes\\\/#breadcrumb\",\"itemListElement\":[{\"@type\":\"ListItem\",\"position\":1,\"name\":\"Home\",\"item\":\"https:\\\/\\\/www.sdapakuote.lt\\\/lv\\\/\"},{\"@type\":\"ListItem\",\"position\":2,\"name\":\"Produkti\",\"item\":\"https:\\\/\\\/www.sdapakuote.lt\\\/lv\\\/produkti\\\/\"},{\"@type\":\"ListItem\",\"position\":3,\"name\":\"Pal\u012bgmateri\u0101li iepako\u0161anai\",\"item\":\"https:\\\/\\\/www.sdapakuote.lt\\\/lv\\\/produkti\\\/paligmateriali-iepakosanai\\\/\"},{\"@type\":\"ListItem\",\"position\":4,\"name\":\"Lip\u012bg\u0101s lentes\"}]},{\"@type\":\"WebSite\",\"@id\":\"https:\\\/\\\/www.sdapakuote.lt\\\/lv\\\/#website\",\"url\":\"https:\\\/\\\/www.sdapakuote.lt\\\/lv\\\/\",\"name\":\"sdapakuote.lt\",\"description\":\"Kol kas tik dar vienas WordPress tinklalapis\",\"potentialAction\":[{\"@type\":\"SearchAction\",\"target\":{\"@type\":\"EntryPoint\",\"urlTemplate\":\"https:\\\/\\\/www.sdapakuote.lt\\\/lv\\\/?s={search_term_string}\"},\"query-input\":{\"@type\":\"PropertyValueSpecification\",\"valueRequired\":true,\"valueName\":\"search_term_string\"}}],\"inLanguage\":\"lv-LV\"}]}<\/script>\n<!-- \/ Yoast SEO plugin. -->","yoast_head_json":{"title":"Lip\u012bg\u0101s lentes - sdapakuote.lt","description":"L\u012bmlen\u0161u vairumtirdzniec\u012bba \u2013 SOLVENT, ACRIL un KRAFT pap\u012bra lentes da\u017e\u0101d\u0101s kr\u0101s\u0101s. \u0100tra pieg\u0101de no noliktavas vis\u0101 Latvij\u0101.","robots":{"index":"index","follow":"follow","max-snippet":"max-snippet:-1","max-image-preview":"max-image-preview:large","max-video-preview":"max-video-preview:-1"},"canonical":"https:\/\/www.sdapakuote.lt\/lv\/produkti\/paligmateriali-iepakosanai\/lipigas-lentes\/","og_locale":"lv_LV","og_type":"article","og_title":"Lip\u012bg\u0101s lentes - sdapakuote.lt","og_description":"L\u012bmlen\u0161u vairumtirdzniec\u012bba \u2013 SOLVENT, ACRIL un KRAFT pap\u012bra lentes da\u017e\u0101d\u0101s kr\u0101s\u0101s. \u0100tra pieg\u0101de no noliktavas vis\u0101 Latvij\u0101.","og_url":"https:\/\/www.sdapakuote.lt\/lv\/produkti\/paligmateriali-iepakosanai\/lipigas-lentes\/","og_site_name":"sdapakuote.lt","article_modified_time":"2025-10-08T06:34:13+00:00","og_image":[{"width":1024,"height":922,"url":"https:\/\/www.sdapakuote.lt\/wp-content\/uploads\/2021\/09\/Lipnios-juostos-1024x922.jpg","type":"image\/jpeg"}],"twitter_card":"summary_large_image","twitter_misc":{"Est. reading time":"2 minutes"},"schema":{"@context":"https:\/\/schema.org","@graph":[{"@type":"WebPage","@id":"https:\/\/www.sdapakuote.lt\/lv\/produkti\/paligmateriali-iepakosanai\/lipigas-lentes\/","url":"https:\/\/www.sdapakuote.lt\/lv\/produkti\/paligmateriali-iepakosanai\/lipigas-lentes\/","name":"Lip\u012bg\u0101s lentes - sdapakuote.lt","isPartOf":{"@id":"https:\/\/www.sdapakuote.lt\/lv\/#website"},"primaryImageOfPage":{"@id":"https:\/\/www.sdapakuote.lt\/lv\/produkti\/paligmateriali-iepakosanai\/lipigas-lentes\/#primaryimage"},"image":{"@id":"https:\/\/www.sdapakuote.lt\/lv\/produkti\/paligmateriali-iepakosanai\/lipigas-lentes\/#primaryimage"},"thumbnailUrl":"https:\/\/www.sdapakuote.lt\/wp-content\/uploads\/2021\/09\/Lipnios-juostos.jpg","datePublished":"2025-10-08T06:33:40+00:00","dateModified":"2025-10-08T06:34:13+00:00","description":"L\u012bmlen\u0161u vairumtirdzniec\u012bba \u2013 SOLVENT, ACRIL un KRAFT pap\u012bra lentes da\u017e\u0101d\u0101s kr\u0101s\u0101s. \u0100tra pieg\u0101de no noliktavas vis\u0101 Latvij\u0101.","breadcrumb":{"@id":"https:\/\/www.sdapakuote.lt\/lv\/produkti\/paligmateriali-iepakosanai\/lipigas-lentes\/#breadcrumb"},"inLanguage":"lv-LV","potentialAction":[{"@type":"ReadAction","target":["https:\/\/www.sdapakuote.lt\/lv\/produkti\/paligmateriali-iepakosanai\/lipigas-lentes\/"]}]},{"@type":"ImageObject","inLanguage":"lv-LV","@id":"https:\/\/www.sdapakuote.lt\/lv\/produkti\/paligmateriali-iepakosanai\/lipigas-lentes\/#primaryimage","url":"https:\/\/www.sdapakuote.lt\/wp-content\/uploads\/2021\/09\/Lipnios-juostos.jpg","contentUrl":"https:\/\/www.sdapakuote.lt\/wp-content\/uploads\/2021\/09\/Lipnios-juostos.jpg","width":2304,"height":2074,"caption":"Lipnios juostos"},{"@type":"BreadcrumbList","@id":"https:\/\/www.sdapakuote.lt\/lv\/produkti\/paligmateriali-iepakosanai\/lipigas-lentes\/#breadcrumb","itemListElement":[{"@type":"ListItem","position":1,"name":"Home","item":"https:\/\/www.sdapakuote.lt\/lv\/"},{"@type":"ListItem","position":2,"name":"Produkti","item":"https:\/\/www.sdapakuote.lt\/lv\/produkti\/"},{"@type":"ListItem","position":3,"name":"Pal\u012bgmateri\u0101li iepako\u0161anai","item":"https:\/\/www.sdapakuote.lt\/lv\/produkti\/paligmateriali-iepakosanai\/"},{"@type":"ListItem","position":4,"name":"Lip\u012bg\u0101s lentes"}]},{"@type":"WebSite","@id":"https:\/\/www.sdapakuote.lt\/lv\/#website","url":"https:\/\/www.sdapakuote.lt\/lv\/","name":"sdapakuote.lt","description":"Kol kas tik dar vienas WordPress tinklalapis","potentialAction":[{"@type":"SearchAction","target":{"@type":"EntryPoint","urlTemplate":"https:\/\/www.sdapakuote.lt\/lv\/?s={search_term_string}"},"query-input":{"@type":"PropertyValueSpecification","valueRequired":true,"valueName":"search_term_string"}}],"inLanguage":"lv-LV"}]}},"_links":{"self":[{"href":"https:\/\/www.sdapakuote.lt\/lv\/wp-json\/wp\/v2\/pages\/4570","targetHints":{"allow":["GET"]}}],"collection":[{"href":"https:\/\/www.sdapakuote.lt\/lv\/wp-json\/wp\/v2\/pages"}],"about":[{"href":"https:\/\/www.sdapakuote.lt\/lv\/wp-json\/wp\/v2\/types\/page"}],"author":[{"embeddable":true,"href":"https:\/\/www.sdapakuote.lt\/lv\/wp-json\/wp\/v2\/users\/2"}],"replies":[{"embeddable":true,"href":"https:\/\/www.sdapakuote.lt\/lv\/wp-json\/wp\/v2\/comments?post=4570"}],"version-history":[{"count":0,"href":"https:\/\/www.sdapakuote.lt\/lv\/wp-json\/wp\/v2\/pages\/4570\/revisions"}],"up":[{"embeddable":true,"href":"https:\/\/www.sdapakuote.lt\/lv\/wp-json\/wp\/v2\/pages\/4550"}],"wp:featuredmedia":[{"embeddable":true,"href":"https:\/\/www.sdapakuote.lt\/lv\/wp-json\/wp\/v2\/media\/4572"}],"wp:attachment":[{"href":"https:\/\/www.sdapakuote.lt\/lv\/wp-json\/wp\/v2\/media?parent=4570"}],"curies":[{"name":"wp","href":"https:\/\/api.w.org\/{rel}","templated":true}]}}