{"id":4564,"date":"2025-10-08T06:28:22","date_gmt":"2025-10-08T06:28:22","guid":{"rendered":"https:\/\/www.sdapakuote.lt\/?page_id=4564"},"modified":"2025-10-08T06:28:45","modified_gmt":"2025-10-08T06:28:45","slug":"kartonskiedras-iepakojuma-pildijumam","status":"publish","type":"page","link":"https:\/\/www.sdapakuote.lt\/lv\/produkti\/paligmateriali-iepakosanai\/kartonskiedras-iepakojuma-pildijumam\/","title":{"rendered":"Karton\u0161\u0137iedras (iepakojuma pild\u012bjumam)"},"content":{"rendered":"<h2 data-start=\"196\" data-end=\"264\">\ud83c\udf3f <strong data-start=\"202\" data-end=\"264\">Karton\u0161\u0137iedras \u2013 ekolo\u0123isks iepakojuma un d\u0101vanu pild\u012bjums<\/strong><\/h2>\n<p data-start=\"266\" data-end=\"604\"><strong data-start=\"266\" data-end=\"281\">SDA Pakuot\u0117<\/strong> pied\u0101v\u0101 augstas kvalit\u0101tes <strong data-start=\"309\" data-end=\"327\">karton\u0161\u0137iedras<\/strong>, kas paredz\u0113tas da\u017e\u0101du izstr\u0101d\u0101jumu, d\u0101vanu un pre\u010du iepakojuma pild\u012b\u0161anai un aizsardz\u012bbai.<br data-start=\"419\" data-end=\"422\" \/><br \/>\nKarton\u0161\u0137iedras ir ne tikai <strong data-start=\"449\" data-end=\"492\">praktisks, bet ar\u012b est\u0113tisks risin\u0101jums<\/strong> \u2013 t\u0101s pie\u0161\u0137ir iepakojumam sakoptu, reprezentablu izskatu un vienlaikus pasarg\u0101 produktus transport\u0113\u0161anas laik\u0101.<\/p>\n<h3 data-start=\"606\" data-end=\"645\"><strong data-start=\"610\" data-end=\"645\">M\u016bsu pied\u0101v\u0101t\u0101s karton\u0161\u0137iedras:<\/strong><\/h3>\n<ul data-start=\"646\" data-end=\"966\">\n<li data-start=\"646\" data-end=\"723\">\n<p data-start=\"648\" data-end=\"723\"><strong data-start=\"648\" data-end=\"659\">Kr\u0101sas:<\/strong> br\u016bna un za\u013ca \u2013 lieliski saskan ar ekolo\u0123iskiem iepakojumiem,<\/p>\n<\/li>\n<li data-start=\"724\" data-end=\"805\">\n<p data-start=\"726\" data-end=\"805\"><strong data-start=\"726\" data-end=\"743\">Pielietojums:<\/strong> kast\u012b\u0161u, d\u0101vanu komplektu, rokdarbu un s\u016bt\u012bjumu pild\u012b\u0161anai,<\/p>\n<\/li>\n<li data-start=\"806\" data-end=\"882\">\n<p data-start=\"808\" data-end=\"882\"><strong data-start=\"808\" data-end=\"823\">Iepakojums:<\/strong> pieejamas kast\u0113s pa <strong data-start=\"844\" data-end=\"852\">1 kg<\/strong> un iepakojumos pa <strong data-start=\"871\" data-end=\"879\">50 g<\/strong>,<\/p>\n<\/li>\n<li data-start=\"883\" data-end=\"966\">\n<p data-start=\"885\" data-end=\"966\"><strong data-start=\"885\" data-end=\"903\">P\u0113c pas\u016bt\u012bjuma<\/strong> \u2013 varam safas\u0113t \u0161\u0137iedras p\u0113c j\u016bsu v\u0113lam\u0101 svara vai daudzuma.<\/p>\n<\/li>\n<\/ul>\n<p data-start=\"968\" data-end=\"1136\">Standarta iepakojumus maz\u0101kos daudzumos var ieg\u0101d\u0101ties <strong data-start=\"1023\" data-end=\"1049\">m\u016bsu interneta veikal\u0101<\/strong>, savuk\u0101rt par <strong data-start=\"1064\" data-end=\"1106\">liel\u0101kiem vai nestandarta pas\u016bt\u012bjumiem<\/strong> \u2013 sazinieties <strong data-start=\"1121\" data-end=\"1135\">pa e-pastu<\/strong>.<\/p>\n<h3 data-start=\"1138\" data-end=\"1190\"><strong data-start=\"1142\" data-end=\"1190\">K\u0101p\u0113c izv\u0113l\u0113ties SDA Pakuot\u0117 karton\u0161\u0137iedras:<\/strong><\/h3>\n<ul data-start=\"1191\" data-end=\"1483\">\n<li data-start=\"1191\" data-end=\"1261\">\n<p data-start=\"1193\" data-end=\"1261\">\u267b\ufe0f <strong data-start=\"1196\" data-end=\"1221\">Ekolo\u0123isks risin\u0101jums<\/strong> \u2013 izgatavotas no p\u0101rstr\u0101d\u0101ta kartona,<\/p>\n<\/li>\n<li data-start=\"1262\" data-end=\"1338\">\n<p data-start=\"1264\" data-end=\"1338\">\ud83e\udded <strong data-start=\"1267\" data-end=\"1293\">Dro\u0161\u012bba un stabilit\u0101te<\/strong> \u2013 pasarg\u0101 produktus transport\u0113\u0161anas laik\u0101,<\/p>\n<\/li>\n<li data-start=\"1339\" data-end=\"1407\">\n<p data-start=\"1341\" data-end=\"1407\">\ud83c\udf81 <strong data-start=\"1344\" data-end=\"1365\">Est\u0113tisks izskats<\/strong> \u2013 ide\u0101li piem\u0113rotas d\u0101vanu iepakojumam,<\/p>\n<\/li>\n<li data-start=\"1408\" data-end=\"1483\">\n<p data-start=\"1410\" data-end=\"1483\">\u2699\ufe0f <strong data-start=\"1413\" data-end=\"1434\">Elast\u012bga ra\u017eo\u0161ana<\/strong> \u2013 iesp\u0113jams piel\u0101got svaru, kr\u0101su un daudzumu.<\/p>\n<\/li>\n<\/ul>\n<p data-start=\"1485\" data-end=\"1593\"><strong data-start=\"1485\" data-end=\"1503\">Karton\u0161\u0137iedras<\/strong> ir lieliska izv\u0113le uz\u0146\u0113mumiem, kuri nov\u0113rt\u0113 <strong data-start=\"1548\" data-end=\"1593\">ilgtsp\u0113ju, t\u012bru izskatu un pre\u010du dro\u0161\u012bbu.<\/strong><\/p>\n","protected":false},"excerpt":{"rendered":"<p>\ud83c\udf3f Karton\u0161\u0137iedras \u2013 ekolo\u0123isks iepakojuma un d\u0101vanu pild\u012bjums SDA Pakuot\u0117 pied\u0101v\u0101 augstas kvalit\u0101tes karton\u0161\u0137iedras, kas paredz\u0113tas da\u017e\u0101du izstr\u0101d\u0101jumu, d\u0101vanu un pre\u010du iepakojuma pild\u012b\u0161anai un aizsardz\u012bbai. Karton\u0161\u0137iedras ir ne tikai praktisks, bet ar\u012b est\u0113tisks risin\u0101jums \u2013 t\u0101s pie\u0161\u0137ir iepakojumam sakoptu, reprezentablu izskatu un vienlaikus pasarg\u0101 produktus transport\u0113\u0161anas laik\u0101. M\u016bsu pied\u0101v\u0101t\u0101s karton\u0161\u0137iedras: Kr\u0101sas: br\u016bna un za\u013ca \u2013 [&hellip;]<\/p>\n","protected":false},"author":2,"featured_media":4567,"parent":4550,"menu_order":0,"comment_status":"closed","ping_status":"closed","template":"page-single-product.php","meta":{"_acf_changed":false,"footnotes":""},"class_list":["post-4564","page","type-page","status-publish","has-post-thumbnail","hentry"],"acf":[],"yoast_head":"<!-- This site is optimized with the Yoast SEO plugin v27.5 - https:\/\/yoast.com\/product\/yoast-seo-wordpress\/ -->\n<title>Karton\u0161\u0137iedras (iepakojuma pild\u012bjumam) - sdapakuote.lt<\/title>\n<meta name=\"description\" content=\"Ekolo\u0123iskas karton\u0161\u0137iedras iepakojuma pild\u012b\u0161anai. Br\u016bna un za\u013ca kr\u0101sa, 1 kg un 50 g iepakojumi. Pieejamas uzreiz no noliktavas.\" \/>\n<meta name=\"robots\" content=\"index, follow, max-snippet:-1, max-image-preview:large, max-video-preview:-1\" \/>\n<link rel=\"canonical\" href=\"https:\/\/www.sdapakuote.lt\/lv\/produkti\/paligmateriali-iepakosanai\/kartonskiedras-iepakojuma-pildijumam\/\" \/>\n<meta property=\"og:locale\" content=\"lv_LV\" \/>\n<meta property=\"og:type\" content=\"article\" \/>\n<meta property=\"og:title\" content=\"Karton\u0161\u0137iedras (iepakojuma pild\u012bjumam) - sdapakuote.lt\" \/>\n<meta property=\"og:description\" content=\"Ekolo\u0123iskas karton\u0161\u0137iedras iepakojuma pild\u012b\u0161anai. Br\u016bna un za\u013ca kr\u0101sa, 1 kg un 50 g iepakojumi. Pieejamas uzreiz no noliktavas.\" \/>\n<meta property=\"og:url\" content=\"https:\/\/www.sdapakuote.lt\/lv\/produkti\/paligmateriali-iepakosanai\/kartonskiedras-iepakojuma-pildijumam\/\" \/>\n<meta property=\"og:site_name\" content=\"sdapakuote.lt\" \/>\n<meta property=\"article:modified_time\" content=\"2025-10-08T06:28:45+00:00\" \/>\n<meta property=\"og:image\" content=\"https:\/\/www.sdapakuote.lt\/wp-content\/uploads\/2021\/12\/Kartono-drozles-scaled.jpg\" \/>\n\t<meta property=\"og:image:width\" content=\"2560\" \/>\n\t<meta property=\"og:image:height\" content=\"1550\" \/>\n\t<meta property=\"og:image:type\" content=\"image\/jpeg\" \/>\n<meta name=\"twitter:card\" content=\"summary_large_image\" \/>\n<meta name=\"twitter:label1\" content=\"Est. reading time\" \/>\n\t<meta name=\"twitter:data1\" content=\"2 minutes\" \/>\n<script type=\"application\/ld+json\" class=\"yoast-schema-graph\">{\"@context\":\"https:\\\/\\\/schema.org\",\"@graph\":[{\"@type\":\"WebPage\",\"@id\":\"https:\\\/\\\/www.sdapakuote.lt\\\/lv\\\/produkti\\\/paligmateriali-iepakosanai\\\/kartonskiedras-iepakojuma-pildijumam\\\/\",\"url\":\"https:\\\/\\\/www.sdapakuote.lt\\\/lv\\\/produkti\\\/paligmateriali-iepakosanai\\\/kartonskiedras-iepakojuma-pildijumam\\\/\",\"name\":\"Karton\u0161\u0137iedras (iepakojuma pild\u012bjumam) - sdapakuote.lt\",\"isPartOf\":{\"@id\":\"https:\\\/\\\/www.sdapakuote.lt\\\/lv\\\/#website\"},\"primaryImageOfPage\":{\"@id\":\"https:\\\/\\\/www.sdapakuote.lt\\\/lv\\\/produkti\\\/paligmateriali-iepakosanai\\\/kartonskiedras-iepakojuma-pildijumam\\\/#primaryimage\"},\"image\":{\"@id\":\"https:\\\/\\\/www.sdapakuote.lt\\\/lv\\\/produkti\\\/paligmateriali-iepakosanai\\\/kartonskiedras-iepakojuma-pildijumam\\\/#primaryimage\"},\"thumbnailUrl\":\"https:\\\/\\\/www.sdapakuote.lt\\\/wp-content\\\/uploads\\\/2021\\\/12\\\/Kartono-drozles-scaled.jpg\",\"datePublished\":\"2025-10-08T06:28:22+00:00\",\"dateModified\":\"2025-10-08T06:28:45+00:00\",\"description\":\"Ekolo\u0123iskas karton\u0161\u0137iedras iepakojuma pild\u012b\u0161anai. Br\u016bna un za\u013ca kr\u0101sa, 1 kg un 50 g iepakojumi. Pieejamas uzreiz no noliktavas.\",\"breadcrumb\":{\"@id\":\"https:\\\/\\\/www.sdapakuote.lt\\\/lv\\\/produkti\\\/paligmateriali-iepakosanai\\\/kartonskiedras-iepakojuma-pildijumam\\\/#breadcrumb\"},\"inLanguage\":\"lv-LV\",\"potentialAction\":[{\"@type\":\"ReadAction\",\"target\":[\"https:\\\/\\\/www.sdapakuote.lt\\\/lv\\\/produkti\\\/paligmateriali-iepakosanai\\\/kartonskiedras-iepakojuma-pildijumam\\\/\"]}]},{\"@type\":\"ImageObject\",\"inLanguage\":\"lv-LV\",\"@id\":\"https:\\\/\\\/www.sdapakuote.lt\\\/lv\\\/produkti\\\/paligmateriali-iepakosanai\\\/kartonskiedras-iepakojuma-pildijumam\\\/#primaryimage\",\"url\":\"https:\\\/\\\/www.sdapakuote.lt\\\/wp-content\\\/uploads\\\/2021\\\/12\\\/Kartono-drozles-scaled.jpg\",\"contentUrl\":\"https:\\\/\\\/www.sdapakuote.lt\\\/wp-content\\\/uploads\\\/2021\\\/12\\\/Kartono-drozles-scaled.jpg\",\"width\":2560,\"height\":1550,\"caption\":\"Kartono dro\u017el\u0117s\"},{\"@type\":\"BreadcrumbList\",\"@id\":\"https:\\\/\\\/www.sdapakuote.lt\\\/lv\\\/produkti\\\/paligmateriali-iepakosanai\\\/kartonskiedras-iepakojuma-pildijumam\\\/#breadcrumb\",\"itemListElement\":[{\"@type\":\"ListItem\",\"position\":1,\"name\":\"Home\",\"item\":\"https:\\\/\\\/www.sdapakuote.lt\\\/lv\\\/\"},{\"@type\":\"ListItem\",\"position\":2,\"name\":\"Produkti\",\"item\":\"https:\\\/\\\/www.sdapakuote.lt\\\/lv\\\/produkti\\\/\"},{\"@type\":\"ListItem\",\"position\":3,\"name\":\"Pal\u012bgmateri\u0101li iepako\u0161anai\",\"item\":\"https:\\\/\\\/www.sdapakuote.lt\\\/lv\\\/produkti\\\/paligmateriali-iepakosanai\\\/\"},{\"@type\":\"ListItem\",\"position\":4,\"name\":\"Karton\u0161\u0137iedras (iepakojuma pild\u012bjumam)\"}]},{\"@type\":\"WebSite\",\"@id\":\"https:\\\/\\\/www.sdapakuote.lt\\\/lv\\\/#website\",\"url\":\"https:\\\/\\\/www.sdapakuote.lt\\\/lv\\\/\",\"name\":\"sdapakuote.lt\",\"description\":\"Kol kas tik dar vienas WordPress tinklalapis\",\"potentialAction\":[{\"@type\":\"SearchAction\",\"target\":{\"@type\":\"EntryPoint\",\"urlTemplate\":\"https:\\\/\\\/www.sdapakuote.lt\\\/lv\\\/?s={search_term_string}\"},\"query-input\":{\"@type\":\"PropertyValueSpecification\",\"valueRequired\":true,\"valueName\":\"search_term_string\"}}],\"inLanguage\":\"lv-LV\"}]}<\/script>\n<!-- \/ Yoast SEO plugin. -->","yoast_head_json":{"title":"Karton\u0161\u0137iedras (iepakojuma pild\u012bjumam) - sdapakuote.lt","description":"Ekolo\u0123iskas karton\u0161\u0137iedras iepakojuma pild\u012b\u0161anai. Br\u016bna un za\u013ca kr\u0101sa, 1 kg un 50 g iepakojumi. Pieejamas uzreiz no noliktavas.","robots":{"index":"index","follow":"follow","max-snippet":"max-snippet:-1","max-image-preview":"max-image-preview:large","max-video-preview":"max-video-preview:-1"},"canonical":"https:\/\/www.sdapakuote.lt\/lv\/produkti\/paligmateriali-iepakosanai\/kartonskiedras-iepakojuma-pildijumam\/","og_locale":"lv_LV","og_type":"article","og_title":"Karton\u0161\u0137iedras (iepakojuma pild\u012bjumam) - sdapakuote.lt","og_description":"Ekolo\u0123iskas karton\u0161\u0137iedras iepakojuma pild\u012b\u0161anai. Br\u016bna un za\u013ca kr\u0101sa, 1 kg un 50 g iepakojumi. Pieejamas uzreiz no noliktavas.","og_url":"https:\/\/www.sdapakuote.lt\/lv\/produkti\/paligmateriali-iepakosanai\/kartonskiedras-iepakojuma-pildijumam\/","og_site_name":"sdapakuote.lt","article_modified_time":"2025-10-08T06:28:45+00:00","og_image":[{"width":2560,"height":1550,"url":"https:\/\/www.sdapakuote.lt\/wp-content\/uploads\/2021\/12\/Kartono-drozles-scaled.jpg","type":"image\/jpeg"}],"twitter_card":"summary_large_image","twitter_misc":{"Est. reading time":"2 minutes"},"schema":{"@context":"https:\/\/schema.org","@graph":[{"@type":"WebPage","@id":"https:\/\/www.sdapakuote.lt\/lv\/produkti\/paligmateriali-iepakosanai\/kartonskiedras-iepakojuma-pildijumam\/","url":"https:\/\/www.sdapakuote.lt\/lv\/produkti\/paligmateriali-iepakosanai\/kartonskiedras-iepakojuma-pildijumam\/","name":"Karton\u0161\u0137iedras (iepakojuma pild\u012bjumam) - sdapakuote.lt","isPartOf":{"@id":"https:\/\/www.sdapakuote.lt\/lv\/#website"},"primaryImageOfPage":{"@id":"https:\/\/www.sdapakuote.lt\/lv\/produkti\/paligmateriali-iepakosanai\/kartonskiedras-iepakojuma-pildijumam\/#primaryimage"},"image":{"@id":"https:\/\/www.sdapakuote.lt\/lv\/produkti\/paligmateriali-iepakosanai\/kartonskiedras-iepakojuma-pildijumam\/#primaryimage"},"thumbnailUrl":"https:\/\/www.sdapakuote.lt\/wp-content\/uploads\/2021\/12\/Kartono-drozles-scaled.jpg","datePublished":"2025-10-08T06:28:22+00:00","dateModified":"2025-10-08T06:28:45+00:00","description":"Ekolo\u0123iskas karton\u0161\u0137iedras iepakojuma pild\u012b\u0161anai. Br\u016bna un za\u013ca kr\u0101sa, 1 kg un 50 g iepakojumi. Pieejamas uzreiz no noliktavas.","breadcrumb":{"@id":"https:\/\/www.sdapakuote.lt\/lv\/produkti\/paligmateriali-iepakosanai\/kartonskiedras-iepakojuma-pildijumam\/#breadcrumb"},"inLanguage":"lv-LV","potentialAction":[{"@type":"ReadAction","target":["https:\/\/www.sdapakuote.lt\/lv\/produkti\/paligmateriali-iepakosanai\/kartonskiedras-iepakojuma-pildijumam\/"]}]},{"@type":"ImageObject","inLanguage":"lv-LV","@id":"https:\/\/www.sdapakuote.lt\/lv\/produkti\/paligmateriali-iepakosanai\/kartonskiedras-iepakojuma-pildijumam\/#primaryimage","url":"https:\/\/www.sdapakuote.lt\/wp-content\/uploads\/2021\/12\/Kartono-drozles-scaled.jpg","contentUrl":"https:\/\/www.sdapakuote.lt\/wp-content\/uploads\/2021\/12\/Kartono-drozles-scaled.jpg","width":2560,"height":1550,"caption":"Kartono dro\u017el\u0117s"},{"@type":"BreadcrumbList","@id":"https:\/\/www.sdapakuote.lt\/lv\/produkti\/paligmateriali-iepakosanai\/kartonskiedras-iepakojuma-pildijumam\/#breadcrumb","itemListElement":[{"@type":"ListItem","position":1,"name":"Home","item":"https:\/\/www.sdapakuote.lt\/lv\/"},{"@type":"ListItem","position":2,"name":"Produkti","item":"https:\/\/www.sdapakuote.lt\/lv\/produkti\/"},{"@type":"ListItem","position":3,"name":"Pal\u012bgmateri\u0101li iepako\u0161anai","item":"https:\/\/www.sdapakuote.lt\/lv\/produkti\/paligmateriali-iepakosanai\/"},{"@type":"ListItem","position":4,"name":"Karton\u0161\u0137iedras (iepakojuma pild\u012bjumam)"}]},{"@type":"WebSite","@id":"https:\/\/www.sdapakuote.lt\/lv\/#website","url":"https:\/\/www.sdapakuote.lt\/lv\/","name":"sdapakuote.lt","description":"Kol kas tik dar vienas WordPress tinklalapis","potentialAction":[{"@type":"SearchAction","target":{"@type":"EntryPoint","urlTemplate":"https:\/\/www.sdapakuote.lt\/lv\/?s={search_term_string}"},"query-input":{"@type":"PropertyValueSpecification","valueRequired":true,"valueName":"search_term_string"}}],"inLanguage":"lv-LV"}]}},"_links":{"self":[{"href":"https:\/\/www.sdapakuote.lt\/lv\/wp-json\/wp\/v2\/pages\/4564","targetHints":{"allow":["GET"]}}],"collection":[{"href":"https:\/\/www.sdapakuote.lt\/lv\/wp-json\/wp\/v2\/pages"}],"about":[{"href":"https:\/\/www.sdapakuote.lt\/lv\/wp-json\/wp\/v2\/types\/page"}],"author":[{"embeddable":true,"href":"https:\/\/www.sdapakuote.lt\/lv\/wp-json\/wp\/v2\/users\/2"}],"replies":[{"embeddable":true,"href":"https:\/\/www.sdapakuote.lt\/lv\/wp-json\/wp\/v2\/comments?post=4564"}],"version-history":[{"count":0,"href":"https:\/\/www.sdapakuote.lt\/lv\/wp-json\/wp\/v2\/pages\/4564\/revisions"}],"up":[{"embeddable":true,"href":"https:\/\/www.sdapakuote.lt\/lv\/wp-json\/wp\/v2\/pages\/4550"}],"wp:featuredmedia":[{"embeddable":true,"href":"https:\/\/www.sdapakuote.lt\/lv\/wp-json\/wp\/v2\/media\/4567"}],"wp:attachment":[{"href":"https:\/\/www.sdapakuote.lt\/lv\/wp-json\/wp\/v2\/media?parent=4564"}],"curies":[{"name":"wp","href":"https:\/\/api.w.org\/{rel}","templated":true}]}}