{"id":4561,"date":"2025-10-08T06:22:38","date_gmt":"2025-10-08T06:22:38","guid":{"rendered":"https:\/\/www.sdapakuote.lt\/?page_id=4561"},"modified":"2025-10-08T06:23:19","modified_gmt":"2025-10-08T06:23:19","slug":"aizsargvoki","status":"publish","type":"page","link":"https:\/\/www.sdapakuote.lt\/lv\/produkti\/paligmateriali-iepakosanai\/aizsargvoki\/","title":{"rendered":"Aizsargvoki"},"content":{"rendered":"<p data-start=\"275\" data-end=\"545\"><strong data-start=\"275\" data-end=\"290\">SDA Pakuot\u0117<\/strong> pied\u0101v\u0101 pla\u0161u <strong data-start=\"305\" data-end=\"334\">aizsargvoku izm\u0113ru kl\u0101stu<\/strong>, kas \u013cauj atrast tie\u0161i j\u016bsu vajadz\u012bb\u0101m piem\u0113rotu variantu.<br data-start=\"393\" data-end=\"396\" \/><br \/>\n<strong data-start=\"396\" data-end=\"431\">Voka iek\u0161pus\u0113 eso\u0161\u0101 burbu\u013cpl\u0113ve<\/strong> nodro\u0161ina lielisku <strong data-start=\"451\" data-end=\"501\">triecienu, mitruma un saules staru aizsardz\u012bbu<\/strong>, pasarg\u0101jot produktu transport\u0113\u0161anas laik\u0101.<\/p>\n<h3 data-start=\"547\" data-end=\"576\"><strong data-start=\"551\" data-end=\"576\">Aizsargvoku \u012bpa\u0161\u012bbas:<\/strong><\/h3>\n<ul data-start=\"577\" data-end=\"906\">\n<li data-start=\"577\" data-end=\"630\">\n<p data-start=\"579\" data-end=\"630\">Voka <strong data-start=\"584\" data-end=\"627\">\u0101rpuse izgatavota no kvalitat\u012bva pap\u012bra<\/strong>,<\/p>\n<\/li>\n<li data-start=\"631\" data-end=\"720\">\n<p data-start=\"633\" data-end=\"720\"><strong data-start=\"633\" data-end=\"692\">Iek\u0161puse p\u0101rkl\u0101ta ar polietil\u0113na pl\u0113vi ar gaisa kabat\u0101m<\/strong>, kas amortiz\u0113 triecienus,<\/p>\n<\/li>\n<li data-start=\"721\" data-end=\"800\">\n<p data-start=\"723\" data-end=\"800\">Apr\u012bkoti ar <strong data-start=\"735\" data-end=\"754\">aizsargl\u012bmlenti<\/strong> \u2013 no\u0146emiet pl\u0113vi un dro\u0161i aizl\u012bm\u0113jiet voku,<\/p>\n<\/li>\n<li data-start=\"801\" data-end=\"906\">\n<p data-start=\"803\" data-end=\"906\">Pieejami da\u017e\u0101di <strong data-start=\"819\" data-end=\"840\">izm\u0113ri un form\u0101ti<\/strong>, piem\u0113roti dokumentiem, elektronikai, kosm\u0113tikai un cit\u0101m prec\u0113m.<\/p>\n<\/li>\n<\/ul>\n<h3 data-start=\"908\" data-end=\"953\"><strong data-start=\"912\" data-end=\"953\">Personaliz\u0113\u0161ana un z\u012bmola identit\u0101te:<\/strong><\/h3>\n<p data-start=\"954\" data-end=\"1139\">Uz \u0161iem vokiem iesp\u0113jams <strong data-start=\"979\" data-end=\"1020\">uzdruk\u0101t j\u016bsu logotipu vai pre\u010du z\u012bmi<\/strong> \u2013 s\u0101kot <strong data-start=\"1029\" data-end=\"1045\">no 1 gabala!<\/strong><br data-start=\"1045\" data-end=\"1048\" \/><br \/>\nTas ir ide\u0101ls risin\u0101jums uz\u0146\u0113mumiem, kas v\u0113las apvienot <strong data-start=\"1104\" data-end=\"1138\">praktiskumu un rekl\u0101mas efektu<\/strong>.<\/p>\n<p data-start=\"1141\" data-end=\"1342\"><strong data-start=\"1141\" data-end=\"1171\">Aizsargvoki ar burbu\u013cpl\u0113vi<\/strong> ir dro\u0161s, ekonomisks un profesion\u0101ls risin\u0101jums e-komercijai, birojiem un lo\u0123istikas uz\u0146\u0113mumiem, kas v\u0113las pas\u016bt\u012bjumus pieg\u0101d\u0101t <strong data-start=\"1300\" data-end=\"1342\">bez boj\u0101jumiem un ar augstu kvalit\u0101ti.<\/strong><\/p>\n","protected":false},"excerpt":{"rendered":"<p>SDA Pakuot\u0117 pied\u0101v\u0101 pla\u0161u aizsargvoku izm\u0113ru kl\u0101stu, kas \u013cauj atrast tie\u0161i j\u016bsu vajadz\u012bb\u0101m piem\u0113rotu variantu. Voka iek\u0161pus\u0113 eso\u0161\u0101 burbu\u013cpl\u0113ve nodro\u0161ina lielisku triecienu, mitruma un saules staru aizsardz\u012bbu, pasarg\u0101jot produktu transport\u0113\u0161anas laik\u0101. Aizsargvoku \u012bpa\u0161\u012bbas: Voka \u0101rpuse izgatavota no kvalitat\u012bva pap\u012bra, Iek\u0161puse p\u0101rkl\u0101ta ar polietil\u0113na pl\u0113vi ar gaisa kabat\u0101m, kas amortiz\u0113 triecienus, Apr\u012bkoti ar aizsargl\u012bmlenti \u2013 no\u0146emiet [&hellip;]<\/p>\n","protected":false},"author":2,"featured_media":3803,"parent":4550,"menu_order":0,"comment_status":"closed","ping_status":"closed","template":"page-single-product.php","meta":{"_acf_changed":false,"footnotes":""},"class_list":["post-4561","page","type-page","status-publish","has-post-thumbnail","hentry"],"acf":[],"yoast_head":"<!-- This site is optimized with the Yoast SEO plugin v27.5 - https:\/\/yoast.com\/product\/yoast-seo-wordpress\/ -->\n<title>Aizsargvoki - sdapakuote.lt<\/title>\n<meta name=\"description\" content=\"Dro\u0161i aizsargvoki ar burbu\u013cpl\u0113ves iek\u0161pusi. Ide\u0101li piem\u0113roti s\u016bt\u012bjumiem un pre\u010du aizsardz\u012bbai transport\u0113\u0161anas laik\u0101.\" \/>\n<meta name=\"robots\" content=\"index, follow, max-snippet:-1, max-image-preview:large, max-video-preview:-1\" \/>\n<link rel=\"canonical\" href=\"https:\/\/www.sdapakuote.lt\/lv\/produkti\/paligmateriali-iepakosanai\/aizsargvoki\/\" \/>\n<meta property=\"og:locale\" content=\"lv_LV\" \/>\n<meta property=\"og:type\" content=\"article\" \/>\n<meta property=\"og:title\" content=\"Aizsargvoki - sdapakuote.lt\" \/>\n<meta property=\"og:description\" content=\"Dro\u0161i aizsargvoki ar burbu\u013cpl\u0113ves iek\u0161pusi. Ide\u0101li piem\u0113roti s\u016bt\u012bjumiem un pre\u010du aizsardz\u012bbai transport\u0113\u0161anas laik\u0101.\" \/>\n<meta property=\"og:url\" content=\"https:\/\/www.sdapakuote.lt\/lv\/produkti\/paligmateriali-iepakosanai\/aizsargvoki\/\" \/>\n<meta property=\"og:site_name\" content=\"sdapakuote.lt\" \/>\n<meta property=\"article:modified_time\" content=\"2025-10-08T06:23:19+00:00\" \/>\n<meta property=\"og:image\" content=\"https:\/\/www.sdapakuote.lt\/wp-content\/uploads\/2022\/06\/Balti-burbuliniai-vokai-su-logo.jpg\" \/>\n\t<meta property=\"og:image:width\" content=\"1595\" \/>\n\t<meta property=\"og:image:height\" content=\"1638\" \/>\n\t<meta property=\"og:image:type\" content=\"image\/jpeg\" \/>\n<meta name=\"twitter:card\" content=\"summary_large_image\" \/>\n<meta name=\"twitter:label1\" content=\"Est. reading time\" \/>\n\t<meta name=\"twitter:data1\" content=\"1 minute\" \/>\n<script type=\"application\/ld+json\" class=\"yoast-schema-graph\">{\"@context\":\"https:\\\/\\\/schema.org\",\"@graph\":[{\"@type\":\"WebPage\",\"@id\":\"https:\\\/\\\/www.sdapakuote.lt\\\/lv\\\/produkti\\\/paligmateriali-iepakosanai\\\/aizsargvoki\\\/\",\"url\":\"https:\\\/\\\/www.sdapakuote.lt\\\/lv\\\/produkti\\\/paligmateriali-iepakosanai\\\/aizsargvoki\\\/\",\"name\":\"Aizsargvoki - sdapakuote.lt\",\"isPartOf\":{\"@id\":\"https:\\\/\\\/www.sdapakuote.lt\\\/lv\\\/#website\"},\"primaryImageOfPage\":{\"@id\":\"https:\\\/\\\/www.sdapakuote.lt\\\/lv\\\/produkti\\\/paligmateriali-iepakosanai\\\/aizsargvoki\\\/#primaryimage\"},\"image\":{\"@id\":\"https:\\\/\\\/www.sdapakuote.lt\\\/lv\\\/produkti\\\/paligmateriali-iepakosanai\\\/aizsargvoki\\\/#primaryimage\"},\"thumbnailUrl\":\"https:\\\/\\\/www.sdapakuote.lt\\\/wp-content\\\/uploads\\\/2022\\\/06\\\/Balti-burbuliniai-vokai-su-logo.jpg\",\"datePublished\":\"2025-10-08T06:22:38+00:00\",\"dateModified\":\"2025-10-08T06:23:19+00:00\",\"description\":\"Dro\u0161i aizsargvoki ar burbu\u013cpl\u0113ves iek\u0161pusi. Ide\u0101li piem\u0113roti s\u016bt\u012bjumiem un pre\u010du aizsardz\u012bbai transport\u0113\u0161anas laik\u0101.\",\"breadcrumb\":{\"@id\":\"https:\\\/\\\/www.sdapakuote.lt\\\/lv\\\/produkti\\\/paligmateriali-iepakosanai\\\/aizsargvoki\\\/#breadcrumb\"},\"inLanguage\":\"lv-LV\",\"potentialAction\":[{\"@type\":\"ReadAction\",\"target\":[\"https:\\\/\\\/www.sdapakuote.lt\\\/lv\\\/produkti\\\/paligmateriali-iepakosanai\\\/aizsargvoki\\\/\"]}]},{\"@type\":\"ImageObject\",\"inLanguage\":\"lv-LV\",\"@id\":\"https:\\\/\\\/www.sdapakuote.lt\\\/lv\\\/produkti\\\/paligmateriali-iepakosanai\\\/aizsargvoki\\\/#primaryimage\",\"url\":\"https:\\\/\\\/www.sdapakuote.lt\\\/wp-content\\\/uploads\\\/2022\\\/06\\\/Balti-burbuliniai-vokai-su-logo.jpg\",\"contentUrl\":\"https:\\\/\\\/www.sdapakuote.lt\\\/wp-content\\\/uploads\\\/2022\\\/06\\\/Balti-burbuliniai-vokai-su-logo.jpg\",\"width\":1595,\"height\":1638,\"caption\":\"Balti burbuliniai vokai su logo\"},{\"@type\":\"BreadcrumbList\",\"@id\":\"https:\\\/\\\/www.sdapakuote.lt\\\/lv\\\/produkti\\\/paligmateriali-iepakosanai\\\/aizsargvoki\\\/#breadcrumb\",\"itemListElement\":[{\"@type\":\"ListItem\",\"position\":1,\"name\":\"Home\",\"item\":\"https:\\\/\\\/www.sdapakuote.lt\\\/lv\\\/\"},{\"@type\":\"ListItem\",\"position\":2,\"name\":\"Produkti\",\"item\":\"https:\\\/\\\/www.sdapakuote.lt\\\/lv\\\/produkti\\\/\"},{\"@type\":\"ListItem\",\"position\":3,\"name\":\"Pal\u012bgmateri\u0101li iepako\u0161anai\",\"item\":\"https:\\\/\\\/www.sdapakuote.lt\\\/lv\\\/produkti\\\/paligmateriali-iepakosanai\\\/\"},{\"@type\":\"ListItem\",\"position\":4,\"name\":\"Aizsargvoki\"}]},{\"@type\":\"WebSite\",\"@id\":\"https:\\\/\\\/www.sdapakuote.lt\\\/lv\\\/#website\",\"url\":\"https:\\\/\\\/www.sdapakuote.lt\\\/lv\\\/\",\"name\":\"sdapakuote.lt\",\"description\":\"Kol kas tik dar vienas WordPress tinklalapis\",\"potentialAction\":[{\"@type\":\"SearchAction\",\"target\":{\"@type\":\"EntryPoint\",\"urlTemplate\":\"https:\\\/\\\/www.sdapakuote.lt\\\/lv\\\/?s={search_term_string}\"},\"query-input\":{\"@type\":\"PropertyValueSpecification\",\"valueRequired\":true,\"valueName\":\"search_term_string\"}}],\"inLanguage\":\"lv-LV\"}]}<\/script>\n<!-- \/ Yoast SEO plugin. -->","yoast_head_json":{"title":"Aizsargvoki - sdapakuote.lt","description":"Dro\u0161i aizsargvoki ar burbu\u013cpl\u0113ves iek\u0161pusi. Ide\u0101li piem\u0113roti s\u016bt\u012bjumiem un pre\u010du aizsardz\u012bbai transport\u0113\u0161anas laik\u0101.","robots":{"index":"index","follow":"follow","max-snippet":"max-snippet:-1","max-image-preview":"max-image-preview:large","max-video-preview":"max-video-preview:-1"},"canonical":"https:\/\/www.sdapakuote.lt\/lv\/produkti\/paligmateriali-iepakosanai\/aizsargvoki\/","og_locale":"lv_LV","og_type":"article","og_title":"Aizsargvoki - sdapakuote.lt","og_description":"Dro\u0161i aizsargvoki ar burbu\u013cpl\u0113ves iek\u0161pusi. Ide\u0101li piem\u0113roti s\u016bt\u012bjumiem un pre\u010du aizsardz\u012bbai transport\u0113\u0161anas laik\u0101.","og_url":"https:\/\/www.sdapakuote.lt\/lv\/produkti\/paligmateriali-iepakosanai\/aizsargvoki\/","og_site_name":"sdapakuote.lt","article_modified_time":"2025-10-08T06:23:19+00:00","og_image":[{"width":1595,"height":1638,"url":"https:\/\/www.sdapakuote.lt\/wp-content\/uploads\/2022\/06\/Balti-burbuliniai-vokai-su-logo.jpg","type":"image\/jpeg"}],"twitter_card":"summary_large_image","twitter_misc":{"Est. reading time":"1 minute"},"schema":{"@context":"https:\/\/schema.org","@graph":[{"@type":"WebPage","@id":"https:\/\/www.sdapakuote.lt\/lv\/produkti\/paligmateriali-iepakosanai\/aizsargvoki\/","url":"https:\/\/www.sdapakuote.lt\/lv\/produkti\/paligmateriali-iepakosanai\/aizsargvoki\/","name":"Aizsargvoki - sdapakuote.lt","isPartOf":{"@id":"https:\/\/www.sdapakuote.lt\/lv\/#website"},"primaryImageOfPage":{"@id":"https:\/\/www.sdapakuote.lt\/lv\/produkti\/paligmateriali-iepakosanai\/aizsargvoki\/#primaryimage"},"image":{"@id":"https:\/\/www.sdapakuote.lt\/lv\/produkti\/paligmateriali-iepakosanai\/aizsargvoki\/#primaryimage"},"thumbnailUrl":"https:\/\/www.sdapakuote.lt\/wp-content\/uploads\/2022\/06\/Balti-burbuliniai-vokai-su-logo.jpg","datePublished":"2025-10-08T06:22:38+00:00","dateModified":"2025-10-08T06:23:19+00:00","description":"Dro\u0161i aizsargvoki ar burbu\u013cpl\u0113ves iek\u0161pusi. Ide\u0101li piem\u0113roti s\u016bt\u012bjumiem un pre\u010du aizsardz\u012bbai transport\u0113\u0161anas laik\u0101.","breadcrumb":{"@id":"https:\/\/www.sdapakuote.lt\/lv\/produkti\/paligmateriali-iepakosanai\/aizsargvoki\/#breadcrumb"},"inLanguage":"lv-LV","potentialAction":[{"@type":"ReadAction","target":["https:\/\/www.sdapakuote.lt\/lv\/produkti\/paligmateriali-iepakosanai\/aizsargvoki\/"]}]},{"@type":"ImageObject","inLanguage":"lv-LV","@id":"https:\/\/www.sdapakuote.lt\/lv\/produkti\/paligmateriali-iepakosanai\/aizsargvoki\/#primaryimage","url":"https:\/\/www.sdapakuote.lt\/wp-content\/uploads\/2022\/06\/Balti-burbuliniai-vokai-su-logo.jpg","contentUrl":"https:\/\/www.sdapakuote.lt\/wp-content\/uploads\/2022\/06\/Balti-burbuliniai-vokai-su-logo.jpg","width":1595,"height":1638,"caption":"Balti burbuliniai vokai su logo"},{"@type":"BreadcrumbList","@id":"https:\/\/www.sdapakuote.lt\/lv\/produkti\/paligmateriali-iepakosanai\/aizsargvoki\/#breadcrumb","itemListElement":[{"@type":"ListItem","position":1,"name":"Home","item":"https:\/\/www.sdapakuote.lt\/lv\/"},{"@type":"ListItem","position":2,"name":"Produkti","item":"https:\/\/www.sdapakuote.lt\/lv\/produkti\/"},{"@type":"ListItem","position":3,"name":"Pal\u012bgmateri\u0101li iepako\u0161anai","item":"https:\/\/www.sdapakuote.lt\/lv\/produkti\/paligmateriali-iepakosanai\/"},{"@type":"ListItem","position":4,"name":"Aizsargvoki"}]},{"@type":"WebSite","@id":"https:\/\/www.sdapakuote.lt\/lv\/#website","url":"https:\/\/www.sdapakuote.lt\/lv\/","name":"sdapakuote.lt","description":"Kol kas tik dar vienas WordPress tinklalapis","potentialAction":[{"@type":"SearchAction","target":{"@type":"EntryPoint","urlTemplate":"https:\/\/www.sdapakuote.lt\/lv\/?s={search_term_string}"},"query-input":{"@type":"PropertyValueSpecification","valueRequired":true,"valueName":"search_term_string"}}],"inLanguage":"lv-LV"}]}},"_links":{"self":[{"href":"https:\/\/www.sdapakuote.lt\/lv\/wp-json\/wp\/v2\/pages\/4561","targetHints":{"allow":["GET"]}}],"collection":[{"href":"https:\/\/www.sdapakuote.lt\/lv\/wp-json\/wp\/v2\/pages"}],"about":[{"href":"https:\/\/www.sdapakuote.lt\/lv\/wp-json\/wp\/v2\/types\/page"}],"author":[{"embeddable":true,"href":"https:\/\/www.sdapakuote.lt\/lv\/wp-json\/wp\/v2\/users\/2"}],"replies":[{"embeddable":true,"href":"https:\/\/www.sdapakuote.lt\/lv\/wp-json\/wp\/v2\/comments?post=4561"}],"version-history":[{"count":0,"href":"https:\/\/www.sdapakuote.lt\/lv\/wp-json\/wp\/v2\/pages\/4561\/revisions"}],"up":[{"embeddable":true,"href":"https:\/\/www.sdapakuote.lt\/lv\/wp-json\/wp\/v2\/pages\/4550"}],"wp:featuredmedia":[{"embeddable":true,"href":"https:\/\/www.sdapakuote.lt\/lv\/wp-json\/wp\/v2\/media\/3803"}],"wp:attachment":[{"href":"https:\/\/www.sdapakuote.lt\/lv\/wp-json\/wp\/v2\/media?parent=4561"}],"curies":[{"name":"wp","href":"https:\/\/api.w.org\/{rel}","templated":true}]}}