{"id":4550,"date":"2025-10-08T05:56:47","date_gmt":"2025-10-08T05:56:47","guid":{"rendered":"https:\/\/www.sdapakuote.lt\/?page_id=4550"},"modified":"2025-10-08T06:01:33","modified_gmt":"2025-10-08T06:01:33","slug":"paligmateriali-iepakosanai","status":"publish","type":"page","link":"https:\/\/www.sdapakuote.lt\/lv\/produkti\/paligmateriali-iepakosanai\/","title":{"rendered":"Pal\u012bgmateri\u0101li iepako\u0161anai"},"content":{"rendered":"<p><img loading=\"lazy\" decoding=\"async\" class=\"wp-image-4554 alignleft\" src=\"https:\/\/www.sdapakuote.lt\/wp-content\/uploads\/2024\/03\/file-9MiyMuuSgVvm6pNHLwt2phs8.webp\" alt=\"Pla\u0161s iepako\u0161anas pal\u012bgmateri\u0101lu un iek\u0101rtu kl\u0101sts. Dro\u0161i, efekt\u012bvi un kvalitat\u012bvi risin\u0101jumi ra\u017eo\u0161anai un lo\u0123istikai.\" width=\"248\" height=\"248\" \/><\/p>\n<p data-start=\"313\" data-end=\"576\">\u00a0<\/p>\n<p data-start=\"313\" data-end=\"576\"><strong data-start=\"313\" data-end=\"328\">SDA Pakuot\u0117<\/strong> pied\u0101v\u0101 pla\u0161u <strong data-start=\"343\" data-end=\"391\">iepako\u0161anas pal\u012bgmateri\u0101lu un iek\u0101rtu kl\u0101stu<\/strong>, kas paredz\u0113ts \u0113rtam, dro\u0161am un efekt\u012bvam iepako\u0161anas procesam.<br data-start=\"455\" data-end=\"458\" \/><br \/>\nM\u016bsu m\u0113r\u0137is \u2013 nodro\u0161in\u0101t, lai j\u016bsu produkti b\u016btu pien\u0101c\u012bgi aizsarg\u0101ti, bet iepako\u0161anas darbi norit\u0113tu \u0101tri un prec\u012bzi.<\/p>\n<h3 data-start=\"578\" data-end=\"613\">\u00a0<\/h3>\n<h3 data-start=\"578\" data-end=\"613\"><strong data-start=\"582\" data-end=\"613\">M\u016bsu sortiment\u0101 atrad\u012bsiet:<\/strong><\/h3>\n<ul data-start=\"614\" data-end=\"1060\">\n<li data-start=\"614\" data-end=\"711\">\n<p data-start=\"616\" data-end=\"711\"><strong data-start=\"616\" data-end=\"645\">L\u012bmlentes un to dozatorus<\/strong> \u2013 uzticams risin\u0101jums kastes, kartona un s\u016bt\u012bjumu aizl\u012bm\u0113\u0161anai,<\/p>\n<\/li>\n<li data-start=\"712\" data-end=\"813\">\n<p data-start=\"714\" data-end=\"813\"><strong data-start=\"714\" data-end=\"748\">Maisi\u0146u aizkaus\u0113\u0161anas iek\u0101rtas<\/strong> \u2013 \u0101trai un herm\u0113tiskai p\u0101rtikas vai citu produktu iepako\u0161anai,<\/p>\n<\/li>\n<li data-start=\"814\" data-end=\"936\">\n<p data-start=\"816\" data-end=\"936\"><strong data-start=\"816\" data-end=\"865\">Saites un strop\u0113\u0161anas lentes ar instrumentiem<\/strong> \u2013 dro\u0161ai kravu nostiprin\u0101\u0161anai transport\u0113\u0161anas un noliktavu proces\u0101,<\/p>\n<\/li>\n<li data-start=\"937\" data-end=\"1060\">\n<p data-start=\"939\" data-end=\"1060\"><strong data-start=\"939\" data-end=\"983\">Iepakojuma mar\u0137\u0113\u0161anas un drukas iek\u0101rtas<\/strong> \u2013 individu\u0101lai produkcijas mar\u0137\u0113\u0161anai un inform\u0101cijas nor\u0101dei uz iepakojuma.<\/p>\n<\/li>\n<\/ul>\n<p data-start=\"1062\" data-end=\"1349\">Visi m\u016bsu <strong data-start=\"1072\" data-end=\"1114\">iepako\u0161anas pal\u012bgmateri\u0101li un iek\u0101rtas<\/strong> atbilst augstiem kvalit\u0101tes standartiem un ir piem\u0113roti gan <strong data-start=\"1175\" data-end=\"1198\">mazajiem uz\u0146\u0113mumiem<\/strong>, gan <strong data-start=\"1204\" data-end=\"1250\">liel\u0101m ra\u017eo\u0161anas un lo\u0123istikas komp\u0101nij\u0101m.<\/strong><br data-start=\"1250\" data-end=\"1253\" \/><br \/>\nPreces tiek pieg\u0101d\u0101tas <strong data-start=\"1276\" data-end=\"1299\">tie\u0161i no noliktavas<\/strong>, nodro\u0161inot \u0101tru pieg\u0101di un uzticamu apkalpo\u0161anu.<\/p>\n<p data-start=\"1351\" data-end=\"1539\">Izv\u0113loties <strong data-start=\"1362\" data-end=\"1377\">SDA Pakuot\u0117<\/strong>, j\u016bs ieg\u016bstat ne tikai kvalitat\u012bvu produkciju, bet ar\u012b <strong data-start=\"1433\" data-end=\"1454\">uzticamu partneri<\/strong>, kas pied\u0101v\u0101 <strong data-start=\"1468\" data-end=\"1539\">efekt\u012bvus, ekonomiskus un videi draudz\u012bgus iepako\u0161anas risin\u0101jumus.<\/strong><\/p>\n","protected":false},"excerpt":{"rendered":"<p>\u00a0 SDA Pakuot\u0117 pied\u0101v\u0101 pla\u0161u iepako\u0161anas pal\u012bgmateri\u0101lu un iek\u0101rtu kl\u0101stu, kas paredz\u0113ts \u0113rtam, dro\u0161am un efekt\u012bvam iepako\u0161anas procesam. M\u016bsu m\u0113r\u0137is \u2013 nodro\u0161in\u0101t, lai j\u016bsu produkti b\u016btu pien\u0101c\u012bgi aizsarg\u0101ti, bet iepako\u0161anas darbi norit\u0113tu \u0101tri un prec\u012bzi. \u00a0 M\u016bsu sortiment\u0101 atrad\u012bsiet: L\u012bmlentes un to dozatorus \u2013 uzticams risin\u0101jums kastes, kartona un s\u016bt\u012bjumu aizl\u012bm\u0113\u0161anai, Maisi\u0146u aizkaus\u0113\u0161anas iek\u0101rtas \u2013 [&hellip;]<\/p>\n","protected":false},"author":2,"featured_media":0,"parent":4370,"menu_order":0,"comment_status":"closed","ping_status":"closed","template":"page-products-category.php","meta":{"_acf_changed":false,"footnotes":""},"class_list":["post-4550","page","type-page","status-publish","hentry"],"acf":[],"yoast_head":"<!-- This site is optimized with the Yoast SEO plugin v27.5 - https:\/\/yoast.com\/product\/yoast-seo-wordpress\/ -->\n<title>Pal\u012bgmateri\u0101li iepako\u0161anai - sdapakuote.lt<\/title>\n<meta name=\"description\" content=\"Pla\u0161s iepako\u0161anas pal\u012bgmateri\u0101lu un iek\u0101rtu kl\u0101sts. Dro\u0161i, efekt\u012bvi un kvalitat\u012bvi risin\u0101jumi ra\u017eo\u0161anai un lo\u0123istikai.\" \/>\n<meta name=\"robots\" content=\"index, follow, max-snippet:-1, max-image-preview:large, max-video-preview:-1\" \/>\n<link rel=\"canonical\" href=\"https:\/\/www.sdapakuote.lt\/lv\/produkti\/paligmateriali-iepakosanai\/\" \/>\n<meta property=\"og:locale\" content=\"lv_LV\" \/>\n<meta property=\"og:type\" content=\"article\" \/>\n<meta property=\"og:title\" content=\"Pal\u012bgmateri\u0101li iepako\u0161anai - sdapakuote.lt\" \/>\n<meta property=\"og:description\" content=\"Pla\u0161s iepako\u0161anas pal\u012bgmateri\u0101lu un iek\u0101rtu kl\u0101sts. Dro\u0161i, efekt\u012bvi un kvalitat\u012bvi risin\u0101jumi ra\u017eo\u0161anai un lo\u0123istikai.\" \/>\n<meta property=\"og:url\" content=\"https:\/\/www.sdapakuote.lt\/lv\/produkti\/paligmateriali-iepakosanai\/\" \/>\n<meta property=\"og:site_name\" content=\"sdapakuote.lt\" \/>\n<meta property=\"article:modified_time\" content=\"2025-10-08T06:01:33+00:00\" \/>\n<meta property=\"og:image\" content=\"https:\/\/www.sdapakuote.lt\/wp-content\/uploads\/2024\/03\/file-9MiyMuuSgVvm6pNHLwt2phs8.webp\" \/>\n\t<meta property=\"og:image:width\" content=\"1024\" \/>\n\t<meta property=\"og:image:height\" content=\"1024\" \/>\n\t<meta property=\"og:image:type\" content=\"image\/webp\" \/>\n<meta name=\"twitter:card\" content=\"summary_large_image\" \/>\n<meta name=\"twitter:label1\" content=\"Est. reading time\" \/>\n\t<meta name=\"twitter:data1\" content=\"1 minute\" \/>\n<script type=\"application\/ld+json\" class=\"yoast-schema-graph\">{\"@context\":\"https:\\\/\\\/schema.org\",\"@graph\":[{\"@type\":\"WebPage\",\"@id\":\"https:\\\/\\\/www.sdapakuote.lt\\\/lv\\\/produkti\\\/paligmateriali-iepakosanai\\\/\",\"url\":\"https:\\\/\\\/www.sdapakuote.lt\\\/lv\\\/produkti\\\/paligmateriali-iepakosanai\\\/\",\"name\":\"Pal\u012bgmateri\u0101li iepako\u0161anai - sdapakuote.lt\",\"isPartOf\":{\"@id\":\"https:\\\/\\\/www.sdapakuote.lt\\\/lv\\\/#website\"},\"primaryImageOfPage\":{\"@id\":\"https:\\\/\\\/www.sdapakuote.lt\\\/lv\\\/produkti\\\/paligmateriali-iepakosanai\\\/#primaryimage\"},\"image\":{\"@id\":\"https:\\\/\\\/www.sdapakuote.lt\\\/lv\\\/produkti\\\/paligmateriali-iepakosanai\\\/#primaryimage\"},\"thumbnailUrl\":\"https:\\\/\\\/www.sdapakuote.lt\\\/wp-content\\\/uploads\\\/2024\\\/03\\\/file-9MiyMuuSgVvm6pNHLwt2phs8.webp\",\"datePublished\":\"2025-10-08T05:56:47+00:00\",\"dateModified\":\"2025-10-08T06:01:33+00:00\",\"description\":\"Pla\u0161s iepako\u0161anas pal\u012bgmateri\u0101lu un iek\u0101rtu kl\u0101sts. Dro\u0161i, efekt\u012bvi un kvalitat\u012bvi risin\u0101jumi ra\u017eo\u0161anai un lo\u0123istikai.\",\"breadcrumb\":{\"@id\":\"https:\\\/\\\/www.sdapakuote.lt\\\/lv\\\/produkti\\\/paligmateriali-iepakosanai\\\/#breadcrumb\"},\"inLanguage\":\"lv-LV\",\"potentialAction\":[{\"@type\":\"ReadAction\",\"target\":[\"https:\\\/\\\/www.sdapakuote.lt\\\/lv\\\/produkti\\\/paligmateriali-iepakosanai\\\/\"]}]},{\"@type\":\"ImageObject\",\"inLanguage\":\"lv-LV\",\"@id\":\"https:\\\/\\\/www.sdapakuote.lt\\\/lv\\\/produkti\\\/paligmateriali-iepakosanai\\\/#primaryimage\",\"url\":\"https:\\\/\\\/www.sdapakuote.lt\\\/wp-content\\\/uploads\\\/2024\\\/03\\\/file-9MiyMuuSgVvm6pNHLwt2phs8.webp\",\"contentUrl\":\"https:\\\/\\\/www.sdapakuote.lt\\\/wp-content\\\/uploads\\\/2024\\\/03\\\/file-9MiyMuuSgVvm6pNHLwt2phs8.webp\"},{\"@type\":\"BreadcrumbList\",\"@id\":\"https:\\\/\\\/www.sdapakuote.lt\\\/lv\\\/produkti\\\/paligmateriali-iepakosanai\\\/#breadcrumb\",\"itemListElement\":[{\"@type\":\"ListItem\",\"position\":1,\"name\":\"Home\",\"item\":\"https:\\\/\\\/www.sdapakuote.lt\\\/lv\\\/\"},{\"@type\":\"ListItem\",\"position\":2,\"name\":\"Produkti\",\"item\":\"https:\\\/\\\/www.sdapakuote.lt\\\/lv\\\/produkti\\\/\"},{\"@type\":\"ListItem\",\"position\":3,\"name\":\"Pal\u012bgmateri\u0101li iepako\u0161anai\"}]},{\"@type\":\"WebSite\",\"@id\":\"https:\\\/\\\/www.sdapakuote.lt\\\/lv\\\/#website\",\"url\":\"https:\\\/\\\/www.sdapakuote.lt\\\/lv\\\/\",\"name\":\"sdapakuote.lt\",\"description\":\"Kol kas tik dar vienas WordPress tinklalapis\",\"potentialAction\":[{\"@type\":\"SearchAction\",\"target\":{\"@type\":\"EntryPoint\",\"urlTemplate\":\"https:\\\/\\\/www.sdapakuote.lt\\\/lv\\\/?s={search_term_string}\"},\"query-input\":{\"@type\":\"PropertyValueSpecification\",\"valueRequired\":true,\"valueName\":\"search_term_string\"}}],\"inLanguage\":\"lv-LV\"}]}<\/script>\n<!-- \/ Yoast SEO plugin. -->","yoast_head_json":{"title":"Pal\u012bgmateri\u0101li iepako\u0161anai - sdapakuote.lt","description":"Pla\u0161s iepako\u0161anas pal\u012bgmateri\u0101lu un iek\u0101rtu kl\u0101sts. Dro\u0161i, efekt\u012bvi un kvalitat\u012bvi risin\u0101jumi ra\u017eo\u0161anai un lo\u0123istikai.","robots":{"index":"index","follow":"follow","max-snippet":"max-snippet:-1","max-image-preview":"max-image-preview:large","max-video-preview":"max-video-preview:-1"},"canonical":"https:\/\/www.sdapakuote.lt\/lv\/produkti\/paligmateriali-iepakosanai\/","og_locale":"lv_LV","og_type":"article","og_title":"Pal\u012bgmateri\u0101li iepako\u0161anai - sdapakuote.lt","og_description":"Pla\u0161s iepako\u0161anas pal\u012bgmateri\u0101lu un iek\u0101rtu kl\u0101sts. Dro\u0161i, efekt\u012bvi un kvalitat\u012bvi risin\u0101jumi ra\u017eo\u0161anai un lo\u0123istikai.","og_url":"https:\/\/www.sdapakuote.lt\/lv\/produkti\/paligmateriali-iepakosanai\/","og_site_name":"sdapakuote.lt","article_modified_time":"2025-10-08T06:01:33+00:00","og_image":[{"width":1024,"height":1024,"url":"https:\/\/www.sdapakuote.lt\/wp-content\/uploads\/2024\/03\/file-9MiyMuuSgVvm6pNHLwt2phs8.webp","type":"image\/webp"}],"twitter_card":"summary_large_image","twitter_misc":{"Est. reading time":"1 minute"},"schema":{"@context":"https:\/\/schema.org","@graph":[{"@type":"WebPage","@id":"https:\/\/www.sdapakuote.lt\/lv\/produkti\/paligmateriali-iepakosanai\/","url":"https:\/\/www.sdapakuote.lt\/lv\/produkti\/paligmateriali-iepakosanai\/","name":"Pal\u012bgmateri\u0101li iepako\u0161anai - sdapakuote.lt","isPartOf":{"@id":"https:\/\/www.sdapakuote.lt\/lv\/#website"},"primaryImageOfPage":{"@id":"https:\/\/www.sdapakuote.lt\/lv\/produkti\/paligmateriali-iepakosanai\/#primaryimage"},"image":{"@id":"https:\/\/www.sdapakuote.lt\/lv\/produkti\/paligmateriali-iepakosanai\/#primaryimage"},"thumbnailUrl":"https:\/\/www.sdapakuote.lt\/wp-content\/uploads\/2024\/03\/file-9MiyMuuSgVvm6pNHLwt2phs8.webp","datePublished":"2025-10-08T05:56:47+00:00","dateModified":"2025-10-08T06:01:33+00:00","description":"Pla\u0161s iepako\u0161anas pal\u012bgmateri\u0101lu un iek\u0101rtu kl\u0101sts. Dro\u0161i, efekt\u012bvi un kvalitat\u012bvi risin\u0101jumi ra\u017eo\u0161anai un lo\u0123istikai.","breadcrumb":{"@id":"https:\/\/www.sdapakuote.lt\/lv\/produkti\/paligmateriali-iepakosanai\/#breadcrumb"},"inLanguage":"lv-LV","potentialAction":[{"@type":"ReadAction","target":["https:\/\/www.sdapakuote.lt\/lv\/produkti\/paligmateriali-iepakosanai\/"]}]},{"@type":"ImageObject","inLanguage":"lv-LV","@id":"https:\/\/www.sdapakuote.lt\/lv\/produkti\/paligmateriali-iepakosanai\/#primaryimage","url":"https:\/\/www.sdapakuote.lt\/wp-content\/uploads\/2024\/03\/file-9MiyMuuSgVvm6pNHLwt2phs8.webp","contentUrl":"https:\/\/www.sdapakuote.lt\/wp-content\/uploads\/2024\/03\/file-9MiyMuuSgVvm6pNHLwt2phs8.webp"},{"@type":"BreadcrumbList","@id":"https:\/\/www.sdapakuote.lt\/lv\/produkti\/paligmateriali-iepakosanai\/#breadcrumb","itemListElement":[{"@type":"ListItem","position":1,"name":"Home","item":"https:\/\/www.sdapakuote.lt\/lv\/"},{"@type":"ListItem","position":2,"name":"Produkti","item":"https:\/\/www.sdapakuote.lt\/lv\/produkti\/"},{"@type":"ListItem","position":3,"name":"Pal\u012bgmateri\u0101li iepako\u0161anai"}]},{"@type":"WebSite","@id":"https:\/\/www.sdapakuote.lt\/lv\/#website","url":"https:\/\/www.sdapakuote.lt\/lv\/","name":"sdapakuote.lt","description":"Kol kas tik dar vienas WordPress tinklalapis","potentialAction":[{"@type":"SearchAction","target":{"@type":"EntryPoint","urlTemplate":"https:\/\/www.sdapakuote.lt\/lv\/?s={search_term_string}"},"query-input":{"@type":"PropertyValueSpecification","valueRequired":true,"valueName":"search_term_string"}}],"inLanguage":"lv-LV"}]}},"_links":{"self":[{"href":"https:\/\/www.sdapakuote.lt\/lv\/wp-json\/wp\/v2\/pages\/4550","targetHints":{"allow":["GET"]}}],"collection":[{"href":"https:\/\/www.sdapakuote.lt\/lv\/wp-json\/wp\/v2\/pages"}],"about":[{"href":"https:\/\/www.sdapakuote.lt\/lv\/wp-json\/wp\/v2\/types\/page"}],"author":[{"embeddable":true,"href":"https:\/\/www.sdapakuote.lt\/lv\/wp-json\/wp\/v2\/users\/2"}],"replies":[{"embeddable":true,"href":"https:\/\/www.sdapakuote.lt\/lv\/wp-json\/wp\/v2\/comments?post=4550"}],"version-history":[{"count":0,"href":"https:\/\/www.sdapakuote.lt\/lv\/wp-json\/wp\/v2\/pages\/4550\/revisions"}],"up":[{"embeddable":true,"href":"https:\/\/www.sdapakuote.lt\/lv\/wp-json\/wp\/v2\/pages\/4370"}],"wp:attachment":[{"href":"https:\/\/www.sdapakuote.lt\/lv\/wp-json\/wp\/v2\/media?parent=4550"}],"curies":[{"name":"wp","href":"https:\/\/api.w.org\/{rel}","templated":true}]}}