{"id":4543,"date":"2025-10-07T11:23:37","date_gmt":"2025-10-07T11:23:37","guid":{"rendered":"https:\/\/www.sdapakuote.lt\/?page_id=4543"},"modified":"2025-10-07T11:23:52","modified_gmt":"2025-10-07T11:23:52","slug":"maisi-no-dazadiem-materialiem","status":"publish","type":"page","link":"https:\/\/www.sdapakuote.lt\/lv\/produkti\/polietilena-maisini\/maisi-no-dazadiem-materialiem\/","title":{"rendered":"Maisi no da\u017e\u0101diem materi\u0101liem"},"content":{"rendered":"<p data-start=\"285\" data-end=\"413\"><strong data-start=\"285\" data-end=\"300\">SDA Pakuot\u0117<\/strong> pied\u0101v\u0101 pla\u0161u <strong data-start=\"315\" data-end=\"352\">vair\u0101kk\u0101rt lietojamu maisu kl\u0101stu<\/strong>, kas apvieno funkcionalit\u0101ti, iztur\u012bbu un draudz\u012bbu videi.<\/p>\n<h3 data-start=\"415\" data-end=\"446\"><strong data-start=\"419\" data-end=\"446\">Neausta materi\u0101la maisi<\/strong><\/h3>\n<p data-start=\"447\" data-end=\"628\">Viegls un iztur\u012bgs risin\u0101jums ikdienas lieto\u0161anai vai tirdzniec\u012bbai.<br data-start=\"515\" data-end=\"518\" \/><br \/>\nPopul\u0101ri k\u0101 <strong data-start=\"530\" data-end=\"569\">atk\u0101rtoti lietojami iepirkumu maisi<\/strong>, kas var tikt ra\u017eoti ar <strong data-start=\"594\" data-end=\"628\">uzdruku vai uz\u0146\u0113muma logotipu.<\/strong><\/p>\n<h3 data-start=\"630\" data-end=\"649\"><strong data-start=\"634\" data-end=\"649\">T\u012bkla maisi<\/strong><\/h3>\n<p data-start=\"650\" data-end=\"823\">Ide\u0101li piem\u0113roti <strong data-start=\"667\" data-end=\"722\">d\u0101rze\u0146u, aug\u013cu un citu svaigu produktu iepako\u0161anai.<\/strong><br data-start=\"722\" data-end=\"725\" \/><br \/>\nTie \u013cauj produktiem \u201celpot\u201d, t\u0101d\u0113\u013c ir \u012bpa\u0161i piem\u0113roti <strong data-start=\"779\" data-end=\"823\">svaigu pre\u010du uzglab\u0101\u0161anai un p\u0101rdo\u0161anai.<\/strong><\/p>\n<h3 data-start=\"825\" data-end=\"854\"><strong data-start=\"829\" data-end=\"854\">Austa materi\u0101la maisi<\/strong><\/h3>\n<p data-start=\"855\" data-end=\"1016\">\u012apa\u0161i iztur\u012bgi un ilglaic\u012bgi, izgatavoti no biez\u0101ka auduma.<br data-start=\"914\" data-end=\"917\" \/><br \/>\nLieliski piem\u0113roti <strong data-start=\"936\" data-end=\"976\">tirdzniec\u012bbai un ikdienas lieto\u0161anai<\/strong> k\u0101 daudzreiz lietojami iepirkumu maisi.<\/p>\n<h3 data-start=\"1018\" data-end=\"1049\"><strong data-start=\"1022\" data-end=\"1049\">Galven\u0101s priek\u0161roc\u012bbas:<\/strong><\/h3>\n<ul data-start=\"1050\" data-end=\"1254\">\n<li data-start=\"1050\" data-end=\"1116\">\n<p data-start=\"1052\" data-end=\"1116\">Visi \u0161ie maisi ir <strong data-start=\"1070\" data-end=\"1113\">videi draudz\u012bgi un vair\u0101kk\u0101rt lietojami<\/strong>,<\/p>\n<\/li>\n<li data-start=\"1117\" data-end=\"1182\">\n<p data-start=\"1119\" data-end=\"1182\"><strong data-start=\"1119\" data-end=\"1144\">Ekonomisks risin\u0101jums<\/strong> gan uz\u0146\u0113mumiem, gan priv\u0101tperson\u0101m,<\/p>\n<\/li>\n<li data-start=\"1183\" data-end=\"1254\">\n<p data-start=\"1185\" data-end=\"1254\">Pieejami <strong data-start=\"1194\" data-end=\"1254\">da\u017e\u0101dos izm\u0113ros, kr\u0101s\u0101s un ar j\u016bsu logotipu vai dizainu.<\/strong><\/p>\n<\/li>\n<\/ul>\n<p data-start=\"1256\" data-end=\"1415\">\u0160ie maisi vienm\u0113r ir pieejami m\u016bsu noliktav\u0101, t\u0101p\u0113c nodro\u0161in\u0101m <strong data-start=\"1319\" data-end=\"1349\">\u0101tru pieg\u0101di vis\u0101 Lietuv\u0101.<\/strong><br data-start=\"1349\" data-end=\"1352\" \/><br \/>\nUz tiem iesp\u0113jams uzdruk\u0101t <strong data-start=\"1379\" data-end=\"1415\">logotipus un grafiskos dizainus.<\/strong><\/p>\n<p data-start=\"1417\" data-end=\"1516\">\ud83d\udc49 <a class=\"decorated-link\" href=\"https:\/\/www.sdapakuote.lt\/lv\/pakalpojumi\/papira-iepakojums-ar-apdruku\/\" target=\"_new\" rel=\"noopener\" data-start=\"1420\" data-end=\"1516\">Pap\u012bra iepakojums ar apdruku<\/a><\/p>\n","protected":false},"excerpt":{"rendered":"<p>SDA Pakuot\u0117 pied\u0101v\u0101 pla\u0161u vair\u0101kk\u0101rt lietojamu maisu kl\u0101stu, kas apvieno funkcionalit\u0101ti, iztur\u012bbu un draudz\u012bbu videi. Neausta materi\u0101la maisi Viegls un iztur\u012bgs risin\u0101jums ikdienas lieto\u0161anai vai tirdzniec\u012bbai. Popul\u0101ri k\u0101 atk\u0101rtoti lietojami iepirkumu maisi, kas var tikt ra\u017eoti ar uzdruku vai uz\u0146\u0113muma logotipu. T\u012bkla maisi Ide\u0101li piem\u0113roti d\u0101rze\u0146u, aug\u013cu un citu svaigu produktu iepako\u0161anai. Tie \u013cauj produktiem [&hellip;]<\/p>\n","protected":false},"author":2,"featured_media":4318,"parent":4434,"menu_order":0,"comment_status":"closed","ping_status":"closed","template":"page-products-category.php","meta":{"_acf_changed":false,"footnotes":""},"class_list":["post-4543","page","type-page","status-publish","has-post-thumbnail","hentry"],"acf":[],"yoast_head":"<!-- This site is optimized with the Yoast SEO plugin v27.4 - https:\/\/yoast.com\/product\/yoast-seo-wordpress\/ -->\n<title>Maisi no da\u017e\u0101diem materi\u0101liem - sdapakuote.lt<\/title>\n<meta name=\"description\" content=\"Atk\u0101rtoti lietojami neausta, t\u012bkla un austa materi\u0101la maisi ar logotipu. Videi draudz\u012bgs un praktisks risin\u0101jums uz\u0146\u0113mumiem.\" \/>\n<meta name=\"robots\" content=\"index, follow, max-snippet:-1, max-image-preview:large, max-video-preview:-1\" \/>\n<link rel=\"canonical\" href=\"https:\/\/www.sdapakuote.lt\/lv\/produkti\/polietilena-maisini\/maisi-no-dazadiem-materialiem\/\" \/>\n<meta property=\"og:locale\" content=\"lv_LV\" \/>\n<meta property=\"og:type\" content=\"article\" \/>\n<meta property=\"og:title\" content=\"Maisi no da\u017e\u0101diem materi\u0101liem - sdapakuote.lt\" \/>\n<meta property=\"og:description\" content=\"Atk\u0101rtoti lietojami neausta, t\u012bkla un austa materi\u0101la maisi ar logotipu. Videi draudz\u012bgs un praktisks risin\u0101jums uz\u0146\u0113mumiem.\" \/>\n<meta property=\"og:url\" content=\"https:\/\/www.sdapakuote.lt\/lv\/produkti\/polietilena-maisini\/maisi-no-dazadiem-materialiem\/\" \/>\n<meta property=\"og:site_name\" content=\"sdapakuote.lt\" \/>\n<meta property=\"article:modified_time\" content=\"2025-10-07T11:23:52+00:00\" \/>\n<meta property=\"og:image\" content=\"https:\/\/www.sdapakuote.lt\/wp-content\/uploads\/2025\/10\/Tinkliniai-maisai-neaustines-medziagos-maiseliai-e1759475697717.png\" \/>\n\t<meta property=\"og:image:width\" content=\"1024\" \/>\n\t<meta property=\"og:image:height\" content=\"1024\" \/>\n\t<meta property=\"og:image:type\" content=\"image\/png\" \/>\n<meta name=\"twitter:card\" content=\"summary_large_image\" \/>\n<meta name=\"twitter:label1\" content=\"Est. reading time\" \/>\n\t<meta name=\"twitter:data1\" content=\"1 minute\" \/>\n<script type=\"application\/ld+json\" class=\"yoast-schema-graph\">{\"@context\":\"https:\\\/\\\/schema.org\",\"@graph\":[{\"@type\":\"WebPage\",\"@id\":\"https:\\\/\\\/www.sdapakuote.lt\\\/lv\\\/produkti\\\/polietilena-maisini\\\/maisi-no-dazadiem-materialiem\\\/\",\"url\":\"https:\\\/\\\/www.sdapakuote.lt\\\/lv\\\/produkti\\\/polietilena-maisini\\\/maisi-no-dazadiem-materialiem\\\/\",\"name\":\"Maisi no da\u017e\u0101diem materi\u0101liem - sdapakuote.lt\",\"isPartOf\":{\"@id\":\"https:\\\/\\\/www.sdapakuote.lt\\\/lv\\\/#website\"},\"primaryImageOfPage\":{\"@id\":\"https:\\\/\\\/www.sdapakuote.lt\\\/lv\\\/produkti\\\/polietilena-maisini\\\/maisi-no-dazadiem-materialiem\\\/#primaryimage\"},\"image\":{\"@id\":\"https:\\\/\\\/www.sdapakuote.lt\\\/lv\\\/produkti\\\/polietilena-maisini\\\/maisi-no-dazadiem-materialiem\\\/#primaryimage\"},\"thumbnailUrl\":\"https:\\\/\\\/www.sdapakuote.lt\\\/wp-content\\\/uploads\\\/2025\\\/10\\\/Tinkliniai-maisai-neaustines-medziagos-maiseliai-e1759475697717.png\",\"datePublished\":\"2025-10-07T11:23:37+00:00\",\"dateModified\":\"2025-10-07T11:23:52+00:00\",\"description\":\"Atk\u0101rtoti lietojami neausta, t\u012bkla un austa materi\u0101la maisi ar logotipu. Videi draudz\u012bgs un praktisks risin\u0101jums uz\u0146\u0113mumiem.\",\"breadcrumb\":{\"@id\":\"https:\\\/\\\/www.sdapakuote.lt\\\/lv\\\/produkti\\\/polietilena-maisini\\\/maisi-no-dazadiem-materialiem\\\/#breadcrumb\"},\"inLanguage\":\"lv-LV\",\"potentialAction\":[{\"@type\":\"ReadAction\",\"target\":[\"https:\\\/\\\/www.sdapakuote.lt\\\/lv\\\/produkti\\\/polietilena-maisini\\\/maisi-no-dazadiem-materialiem\\\/\"]}]},{\"@type\":\"ImageObject\",\"inLanguage\":\"lv-LV\",\"@id\":\"https:\\\/\\\/www.sdapakuote.lt\\\/lv\\\/produkti\\\/polietilena-maisini\\\/maisi-no-dazadiem-materialiem\\\/#primaryimage\",\"url\":\"https:\\\/\\\/www.sdapakuote.lt\\\/wp-content\\\/uploads\\\/2025\\\/10\\\/Tinkliniai-maisai-neaustines-medziagos-maiseliai-e1759475697717.png\",\"contentUrl\":\"https:\\\/\\\/www.sdapakuote.lt\\\/wp-content\\\/uploads\\\/2025\\\/10\\\/Tinkliniai-maisai-neaustines-medziagos-maiseliai-e1759475697717.png\",\"width\":1024,\"height\":1024,\"caption\":\"Tinkliniai mai\u0161ai, neaustin\u0117s med\u017eiagos mai\u0161eliai\"},{\"@type\":\"BreadcrumbList\",\"@id\":\"https:\\\/\\\/www.sdapakuote.lt\\\/lv\\\/produkti\\\/polietilena-maisini\\\/maisi-no-dazadiem-materialiem\\\/#breadcrumb\",\"itemListElement\":[{\"@type\":\"ListItem\",\"position\":1,\"name\":\"Home\",\"item\":\"https:\\\/\\\/www.sdapakuote.lt\\\/lv\\\/\"},{\"@type\":\"ListItem\",\"position\":2,\"name\":\"Produkti\",\"item\":\"https:\\\/\\\/www.sdapakuote.lt\\\/lv\\\/produkti\\\/\"},{\"@type\":\"ListItem\",\"position\":3,\"name\":\"Polietil\u0113na maisi\u0146i\",\"item\":\"https:\\\/\\\/www.sdapakuote.lt\\\/lv\\\/produkti\\\/polietilena-maisini\\\/\"},{\"@type\":\"ListItem\",\"position\":4,\"name\":\"Maisi no da\u017e\u0101diem materi\u0101liem\"}]},{\"@type\":\"WebSite\",\"@id\":\"https:\\\/\\\/www.sdapakuote.lt\\\/lv\\\/#website\",\"url\":\"https:\\\/\\\/www.sdapakuote.lt\\\/lv\\\/\",\"name\":\"sdapakuote.lt\",\"description\":\"Kol kas tik dar vienas WordPress tinklalapis\",\"potentialAction\":[{\"@type\":\"SearchAction\",\"target\":{\"@type\":\"EntryPoint\",\"urlTemplate\":\"https:\\\/\\\/www.sdapakuote.lt\\\/lv\\\/?s={search_term_string}\"},\"query-input\":{\"@type\":\"PropertyValueSpecification\",\"valueRequired\":true,\"valueName\":\"search_term_string\"}}],\"inLanguage\":\"lv-LV\"}]}<\/script>\n<!-- \/ Yoast SEO plugin. -->","yoast_head_json":{"title":"Maisi no da\u017e\u0101diem materi\u0101liem - sdapakuote.lt","description":"Atk\u0101rtoti lietojami neausta, t\u012bkla un austa materi\u0101la maisi ar logotipu. Videi draudz\u012bgs un praktisks risin\u0101jums uz\u0146\u0113mumiem.","robots":{"index":"index","follow":"follow","max-snippet":"max-snippet:-1","max-image-preview":"max-image-preview:large","max-video-preview":"max-video-preview:-1"},"canonical":"https:\/\/www.sdapakuote.lt\/lv\/produkti\/polietilena-maisini\/maisi-no-dazadiem-materialiem\/","og_locale":"lv_LV","og_type":"article","og_title":"Maisi no da\u017e\u0101diem materi\u0101liem - sdapakuote.lt","og_description":"Atk\u0101rtoti lietojami neausta, t\u012bkla un austa materi\u0101la maisi ar logotipu. Videi draudz\u012bgs un praktisks risin\u0101jums uz\u0146\u0113mumiem.","og_url":"https:\/\/www.sdapakuote.lt\/lv\/produkti\/polietilena-maisini\/maisi-no-dazadiem-materialiem\/","og_site_name":"sdapakuote.lt","article_modified_time":"2025-10-07T11:23:52+00:00","og_image":[{"width":1024,"height":1024,"url":"https:\/\/www.sdapakuote.lt\/wp-content\/uploads\/2025\/10\/Tinkliniai-maisai-neaustines-medziagos-maiseliai-e1759475697717.png","type":"image\/png"}],"twitter_card":"summary_large_image","twitter_misc":{"Est. reading time":"1 minute"},"schema":{"@context":"https:\/\/schema.org","@graph":[{"@type":"WebPage","@id":"https:\/\/www.sdapakuote.lt\/lv\/produkti\/polietilena-maisini\/maisi-no-dazadiem-materialiem\/","url":"https:\/\/www.sdapakuote.lt\/lv\/produkti\/polietilena-maisini\/maisi-no-dazadiem-materialiem\/","name":"Maisi no da\u017e\u0101diem materi\u0101liem - sdapakuote.lt","isPartOf":{"@id":"https:\/\/www.sdapakuote.lt\/lv\/#website"},"primaryImageOfPage":{"@id":"https:\/\/www.sdapakuote.lt\/lv\/produkti\/polietilena-maisini\/maisi-no-dazadiem-materialiem\/#primaryimage"},"image":{"@id":"https:\/\/www.sdapakuote.lt\/lv\/produkti\/polietilena-maisini\/maisi-no-dazadiem-materialiem\/#primaryimage"},"thumbnailUrl":"https:\/\/www.sdapakuote.lt\/wp-content\/uploads\/2025\/10\/Tinkliniai-maisai-neaustines-medziagos-maiseliai-e1759475697717.png","datePublished":"2025-10-07T11:23:37+00:00","dateModified":"2025-10-07T11:23:52+00:00","description":"Atk\u0101rtoti lietojami neausta, t\u012bkla un austa materi\u0101la maisi ar logotipu. Videi draudz\u012bgs un praktisks risin\u0101jums uz\u0146\u0113mumiem.","breadcrumb":{"@id":"https:\/\/www.sdapakuote.lt\/lv\/produkti\/polietilena-maisini\/maisi-no-dazadiem-materialiem\/#breadcrumb"},"inLanguage":"lv-LV","potentialAction":[{"@type":"ReadAction","target":["https:\/\/www.sdapakuote.lt\/lv\/produkti\/polietilena-maisini\/maisi-no-dazadiem-materialiem\/"]}]},{"@type":"ImageObject","inLanguage":"lv-LV","@id":"https:\/\/www.sdapakuote.lt\/lv\/produkti\/polietilena-maisini\/maisi-no-dazadiem-materialiem\/#primaryimage","url":"https:\/\/www.sdapakuote.lt\/wp-content\/uploads\/2025\/10\/Tinkliniai-maisai-neaustines-medziagos-maiseliai-e1759475697717.png","contentUrl":"https:\/\/www.sdapakuote.lt\/wp-content\/uploads\/2025\/10\/Tinkliniai-maisai-neaustines-medziagos-maiseliai-e1759475697717.png","width":1024,"height":1024,"caption":"Tinkliniai mai\u0161ai, neaustin\u0117s med\u017eiagos mai\u0161eliai"},{"@type":"BreadcrumbList","@id":"https:\/\/www.sdapakuote.lt\/lv\/produkti\/polietilena-maisini\/maisi-no-dazadiem-materialiem\/#breadcrumb","itemListElement":[{"@type":"ListItem","position":1,"name":"Home","item":"https:\/\/www.sdapakuote.lt\/lv\/"},{"@type":"ListItem","position":2,"name":"Produkti","item":"https:\/\/www.sdapakuote.lt\/lv\/produkti\/"},{"@type":"ListItem","position":3,"name":"Polietil\u0113na maisi\u0146i","item":"https:\/\/www.sdapakuote.lt\/lv\/produkti\/polietilena-maisini\/"},{"@type":"ListItem","position":4,"name":"Maisi no da\u017e\u0101diem materi\u0101liem"}]},{"@type":"WebSite","@id":"https:\/\/www.sdapakuote.lt\/lv\/#website","url":"https:\/\/www.sdapakuote.lt\/lv\/","name":"sdapakuote.lt","description":"Kol kas tik dar vienas WordPress tinklalapis","potentialAction":[{"@type":"SearchAction","target":{"@type":"EntryPoint","urlTemplate":"https:\/\/www.sdapakuote.lt\/lv\/?s={search_term_string}"},"query-input":{"@type":"PropertyValueSpecification","valueRequired":true,"valueName":"search_term_string"}}],"inLanguage":"lv-LV"}]}},"_links":{"self":[{"href":"https:\/\/www.sdapakuote.lt\/lv\/wp-json\/wp\/v2\/pages\/4543","targetHints":{"allow":["GET"]}}],"collection":[{"href":"https:\/\/www.sdapakuote.lt\/lv\/wp-json\/wp\/v2\/pages"}],"about":[{"href":"https:\/\/www.sdapakuote.lt\/lv\/wp-json\/wp\/v2\/types\/page"}],"author":[{"embeddable":true,"href":"https:\/\/www.sdapakuote.lt\/lv\/wp-json\/wp\/v2\/users\/2"}],"replies":[{"embeddable":true,"href":"https:\/\/www.sdapakuote.lt\/lv\/wp-json\/wp\/v2\/comments?post=4543"}],"version-history":[{"count":2,"href":"https:\/\/www.sdapakuote.lt\/lv\/wp-json\/wp\/v2\/pages\/4543\/revisions"}],"predecessor-version":[{"id":4546,"href":"https:\/\/www.sdapakuote.lt\/lv\/wp-json\/wp\/v2\/pages\/4543\/revisions\/4546"}],"up":[{"embeddable":true,"href":"https:\/\/www.sdapakuote.lt\/lv\/wp-json\/wp\/v2\/pages\/4434"}],"wp:featuredmedia":[{"embeddable":true,"href":"https:\/\/www.sdapakuote.lt\/lv\/wp-json\/wp\/v2\/media\/4318"}],"wp:attachment":[{"href":"https:\/\/www.sdapakuote.lt\/lv\/wp-json\/wp\/v2\/media?parent=4543"}],"curies":[{"name":"wp","href":"https:\/\/api.w.org\/{rel}","templated":true}]}}