{"id":4532,"date":"2025-10-07T11:14:56","date_gmt":"2025-10-07T11:14:56","guid":{"rendered":"https:\/\/www.sdapakuote.lt\/?page_id=4532"},"modified":"2025-10-07T11:15:01","modified_gmt":"2025-10-07T11:15:01","slug":"maisi-galas-karkasiem","status":"publish","type":"page","link":"https:\/\/www.sdapakuote.lt\/lv\/produkti\/polietilena-maisini\/hdpe-mdpe-maisini\/maisi-galas-karkasiem\/","title":{"rendered":"Maisi ga\u013cas karkasiem"},"content":{"rendered":"<p data-start=\"257\" data-end=\"513\"><strong data-start=\"257\" data-end=\"272\">SDA Pakuot\u0117<\/strong> ra\u017eo <strong data-start=\"278\" data-end=\"314\">augstas kvalit\u0101tes HDPE maisi\u0146us<\/strong>, kas pla\u0161i tiek izmantoti <strong data-start=\"341\" data-end=\"372\">ga\u013cas p\u0101rstr\u0101des uz\u0146\u0113mumos.<\/strong><br data-start=\"372\" data-end=\"375\" \/><br \/>\n\u0160ie maisi ir lieliska izv\u0113le, ja nepiecie\u0161ams iepakojums, kas sp\u0113j iztur\u0113t liel\u0101ku svaru un dro\u0161i aizsarg\u0101 produktu transport\u0113\u0161anas laik\u0101.<\/p>\n<h3 data-start=\"515\" data-end=\"554\"><strong data-start=\"519\" data-end=\"554\">K\u0101p\u0113c izv\u0113l\u0113ties HDPE maisi\u0146us?<\/strong><\/h3>\n<ul data-start=\"555\" data-end=\"902\">\n<li data-start=\"555\" data-end=\"638\">\n<p data-start=\"557\" data-end=\"638\"><strong data-start=\"557\" data-end=\"580\">Iztur\u012bg\u0101ki par LDPE<\/strong>, pie t\u0101da pa\u0161a biezuma \u2013 sp\u0113j notur\u0113t liel\u0101kas slodzes,<\/p>\n<\/li>\n<li data-start=\"639\" data-end=\"743\">\n<p data-start=\"641\" data-end=\"743\"><strong data-start=\"641\" data-end=\"677\">Iztur\u012bgi pret asiem priek\u0161metiem<\/strong> \u2013 ide\u0101li piem\u0113roti ga\u013cai ar kauliem un citiem asiem produktiem,<\/p>\n<\/li>\n<li data-start=\"744\" data-end=\"838\">\n<p data-start=\"746\" data-end=\"838\"><strong data-start=\"746\" data-end=\"760\">Ekonomiski<\/strong> \u2013 maisa cena atkar\u012bga no pl\u0113ves biezuma, iesp\u0113jams piel\u0101got p\u0113c vajadz\u012bbas,<\/p>\n<\/li>\n<li data-start=\"839\" data-end=\"902\">\n<p data-start=\"841\" data-end=\"902\"><strong data-start=\"841\" data-end=\"855\">Univers\u0101li<\/strong> \u2013 piem\u0113roti gan svaigai, gan sald\u0113tai ga\u013cai.<\/p>\n<\/li>\n<\/ul>\n<p data-start=\"904\" data-end=\"1057\">Lai gan <strong data-start=\"912\" data-end=\"926\">HDPE maisi<\/strong> ir maz\u0101k caursp\u012bd\u012bgi, to galven\u0101 priek\u0161roc\u012bba ir <strong data-start=\"976\" data-end=\"1002\">iztur\u012bba un uzticam\u012bba<\/strong>, kas padara tos \u012bpa\u0161i nov\u0113rt\u0113tus <strong data-start=\"1036\" data-end=\"1056\">ga\u013cas r\u016bpniec\u012bb\u0101<\/strong>.<\/p>\n","protected":false},"excerpt":{"rendered":"<p>SDA Pakuot\u0117 ra\u017eo augstas kvalit\u0101tes HDPE maisi\u0146us, kas pla\u0161i tiek izmantoti ga\u013cas p\u0101rstr\u0101des uz\u0146\u0113mumos. \u0160ie maisi ir lieliska izv\u0113le, ja nepiecie\u0161ams iepakojums, kas sp\u0113j iztur\u0113t liel\u0101ku svaru un dro\u0161i aizsarg\u0101 produktu transport\u0113\u0161anas laik\u0101. K\u0101p\u0113c izv\u0113l\u0113ties HDPE maisi\u0146us? Iztur\u012bg\u0101ki par LDPE, pie t\u0101da pa\u0161a biezuma \u2013 sp\u0113j notur\u0113t liel\u0101kas slodzes, Iztur\u012bgi pret asiem priek\u0161metiem \u2013 ide\u0101li [&hellip;]<\/p>\n","protected":false},"author":2,"featured_media":4533,"parent":4485,"menu_order":0,"comment_status":"closed","ping_status":"closed","template":"page-single-product.php","meta":{"_acf_changed":false,"footnotes":""},"class_list":["post-4532","page","type-page","status-publish","has-post-thumbnail","hentry"],"acf":[],"yoast_head":"<!-- This site is optimized with the Yoast SEO plugin v27.4 - https:\/\/yoast.com\/product\/yoast-seo-wordpress\/ -->\n<title>Maisi ga\u013cas karkasiem - sdapakuote.lt<\/title>\n<meta name=\"description\" content=\"Iztur\u012bgi un uzticami HDPE maisi ga\u013cas r\u016bpniec\u012bbai. Piem\u0113roti svaigai un sald\u0113tai ga\u013cai, dro\u0161i un ekonomiski risin\u0101jumi.\" \/>\n<meta name=\"robots\" content=\"index, follow, max-snippet:-1, max-image-preview:large, max-video-preview:-1\" \/>\n<link rel=\"canonical\" href=\"https:\/\/www.sdapakuote.lt\/lv\/produkti\/polietilena-maisini\/hdpe-mdpe-maisini\/maisi-galas-karkasiem\/\" \/>\n<meta property=\"og:locale\" content=\"lv_LV\" \/>\n<meta property=\"og:type\" content=\"article\" \/>\n<meta property=\"og:title\" content=\"Maisi ga\u013cas karkasiem - sdapakuote.lt\" \/>\n<meta property=\"og:description\" content=\"Iztur\u012bgi un uzticami HDPE maisi ga\u013cas r\u016bpniec\u012bbai. Piem\u0113roti svaigai un sald\u0113tai ga\u013cai, dro\u0161i un ekonomiski risin\u0101jumi.\" \/>\n<meta property=\"og:url\" content=\"https:\/\/www.sdapakuote.lt\/lv\/produkti\/polietilena-maisini\/hdpe-mdpe-maisini\/maisi-galas-karkasiem\/\" \/>\n<meta property=\"og:site_name\" content=\"sdapakuote.lt\" \/>\n<meta property=\"article:modified_time\" content=\"2025-10-07T11:15:01+00:00\" \/>\n<meta property=\"og:image\" content=\"https:\/\/www.sdapakuote.lt\/wp-content\/uploads\/2021\/09\/maisai-kaulams-ir-skerdienai.jpg\" \/>\n\t<meta property=\"og:image:width\" content=\"476\" \/>\n\t<meta property=\"og:image:height\" content=\"479\" \/>\n\t<meta property=\"og:image:type\" content=\"image\/jpeg\" \/>\n<meta name=\"twitter:card\" content=\"summary_large_image\" \/>\n<meta name=\"twitter:label1\" content=\"Est. reading time\" \/>\n\t<meta name=\"twitter:data1\" content=\"1 minute\" \/>\n<script type=\"application\/ld+json\" class=\"yoast-schema-graph\">{\"@context\":\"https:\\\/\\\/schema.org\",\"@graph\":[{\"@type\":\"WebPage\",\"@id\":\"https:\\\/\\\/www.sdapakuote.lt\\\/lv\\\/produkti\\\/polietilena-maisini\\\/hdpe-mdpe-maisini\\\/maisi-galas-karkasiem\\\/\",\"url\":\"https:\\\/\\\/www.sdapakuote.lt\\\/lv\\\/produkti\\\/polietilena-maisini\\\/hdpe-mdpe-maisini\\\/maisi-galas-karkasiem\\\/\",\"name\":\"Maisi ga\u013cas karkasiem - sdapakuote.lt\",\"isPartOf\":{\"@id\":\"https:\\\/\\\/www.sdapakuote.lt\\\/lv\\\/#website\"},\"primaryImageOfPage\":{\"@id\":\"https:\\\/\\\/www.sdapakuote.lt\\\/lv\\\/produkti\\\/polietilena-maisini\\\/hdpe-mdpe-maisini\\\/maisi-galas-karkasiem\\\/#primaryimage\"},\"image\":{\"@id\":\"https:\\\/\\\/www.sdapakuote.lt\\\/lv\\\/produkti\\\/polietilena-maisini\\\/hdpe-mdpe-maisini\\\/maisi-galas-karkasiem\\\/#primaryimage\"},\"thumbnailUrl\":\"https:\\\/\\\/www.sdapakuote.lt\\\/wp-content\\\/uploads\\\/2021\\\/09\\\/maisai-kaulams-ir-skerdienai.jpg\",\"datePublished\":\"2025-10-07T11:14:56+00:00\",\"dateModified\":\"2025-10-07T11:15:01+00:00\",\"description\":\"Iztur\u012bgi un uzticami HDPE maisi ga\u013cas r\u016bpniec\u012bbai. Piem\u0113roti svaigai un sald\u0113tai ga\u013cai, dro\u0161i un ekonomiski risin\u0101jumi.\",\"breadcrumb\":{\"@id\":\"https:\\\/\\\/www.sdapakuote.lt\\\/lv\\\/produkti\\\/polietilena-maisini\\\/hdpe-mdpe-maisini\\\/maisi-galas-karkasiem\\\/#breadcrumb\"},\"inLanguage\":\"lv-LV\",\"potentialAction\":[{\"@type\":\"ReadAction\",\"target\":[\"https:\\\/\\\/www.sdapakuote.lt\\\/lv\\\/produkti\\\/polietilena-maisini\\\/hdpe-mdpe-maisini\\\/maisi-galas-karkasiem\\\/\"]}]},{\"@type\":\"ImageObject\",\"inLanguage\":\"lv-LV\",\"@id\":\"https:\\\/\\\/www.sdapakuote.lt\\\/lv\\\/produkti\\\/polietilena-maisini\\\/hdpe-mdpe-maisini\\\/maisi-galas-karkasiem\\\/#primaryimage\",\"url\":\"https:\\\/\\\/www.sdapakuote.lt\\\/wp-content\\\/uploads\\\/2021\\\/09\\\/maisai-kaulams-ir-skerdienai.jpg\",\"contentUrl\":\"https:\\\/\\\/www.sdapakuote.lt\\\/wp-content\\\/uploads\\\/2021\\\/09\\\/maisai-kaulams-ir-skerdienai.jpg\",\"width\":476,\"height\":479},{\"@type\":\"BreadcrumbList\",\"@id\":\"https:\\\/\\\/www.sdapakuote.lt\\\/lv\\\/produkti\\\/polietilena-maisini\\\/hdpe-mdpe-maisini\\\/maisi-galas-karkasiem\\\/#breadcrumb\",\"itemListElement\":[{\"@type\":\"ListItem\",\"position\":1,\"name\":\"Home\",\"item\":\"https:\\\/\\\/www.sdapakuote.lt\\\/lv\\\/\"},{\"@type\":\"ListItem\",\"position\":2,\"name\":\"Produkti\",\"item\":\"https:\\\/\\\/www.sdapakuote.lt\\\/lv\\\/produkti\\\/\"},{\"@type\":\"ListItem\",\"position\":3,\"name\":\"Polietil\u0113na maisi\u0146i\",\"item\":\"https:\\\/\\\/www.sdapakuote.lt\\\/lv\\\/produkti\\\/polietilena-maisini\\\/\"},{\"@type\":\"ListItem\",\"position\":4,\"name\":\"HDPE \\\/ MDPE maisi\u0146i\",\"item\":\"https:\\\/\\\/www.sdapakuote.lt\\\/lv\\\/produkti\\\/polietilena-maisini\\\/hdpe-mdpe-maisini\\\/\"},{\"@type\":\"ListItem\",\"position\":5,\"name\":\"Maisi ga\u013cas karkasiem\"}]},{\"@type\":\"WebSite\",\"@id\":\"https:\\\/\\\/www.sdapakuote.lt\\\/lv\\\/#website\",\"url\":\"https:\\\/\\\/www.sdapakuote.lt\\\/lv\\\/\",\"name\":\"sdapakuote.lt\",\"description\":\"Kol kas tik dar vienas WordPress tinklalapis\",\"potentialAction\":[{\"@type\":\"SearchAction\",\"target\":{\"@type\":\"EntryPoint\",\"urlTemplate\":\"https:\\\/\\\/www.sdapakuote.lt\\\/lv\\\/?s={search_term_string}\"},\"query-input\":{\"@type\":\"PropertyValueSpecification\",\"valueRequired\":true,\"valueName\":\"search_term_string\"}}],\"inLanguage\":\"lv-LV\"}]}<\/script>\n<!-- \/ Yoast SEO plugin. -->","yoast_head_json":{"title":"Maisi ga\u013cas karkasiem - sdapakuote.lt","description":"Iztur\u012bgi un uzticami HDPE maisi ga\u013cas r\u016bpniec\u012bbai. Piem\u0113roti svaigai un sald\u0113tai ga\u013cai, dro\u0161i un ekonomiski risin\u0101jumi.","robots":{"index":"index","follow":"follow","max-snippet":"max-snippet:-1","max-image-preview":"max-image-preview:large","max-video-preview":"max-video-preview:-1"},"canonical":"https:\/\/www.sdapakuote.lt\/lv\/produkti\/polietilena-maisini\/hdpe-mdpe-maisini\/maisi-galas-karkasiem\/","og_locale":"lv_LV","og_type":"article","og_title":"Maisi ga\u013cas karkasiem - sdapakuote.lt","og_description":"Iztur\u012bgi un uzticami HDPE maisi ga\u013cas r\u016bpniec\u012bbai. Piem\u0113roti svaigai un sald\u0113tai ga\u013cai, dro\u0161i un ekonomiski risin\u0101jumi.","og_url":"https:\/\/www.sdapakuote.lt\/lv\/produkti\/polietilena-maisini\/hdpe-mdpe-maisini\/maisi-galas-karkasiem\/","og_site_name":"sdapakuote.lt","article_modified_time":"2025-10-07T11:15:01+00:00","og_image":[{"width":476,"height":479,"url":"https:\/\/www.sdapakuote.lt\/wp-content\/uploads\/2021\/09\/maisai-kaulams-ir-skerdienai.jpg","type":"image\/jpeg"}],"twitter_card":"summary_large_image","twitter_misc":{"Est. reading time":"1 minute"},"schema":{"@context":"https:\/\/schema.org","@graph":[{"@type":"WebPage","@id":"https:\/\/www.sdapakuote.lt\/lv\/produkti\/polietilena-maisini\/hdpe-mdpe-maisini\/maisi-galas-karkasiem\/","url":"https:\/\/www.sdapakuote.lt\/lv\/produkti\/polietilena-maisini\/hdpe-mdpe-maisini\/maisi-galas-karkasiem\/","name":"Maisi ga\u013cas karkasiem - sdapakuote.lt","isPartOf":{"@id":"https:\/\/www.sdapakuote.lt\/lv\/#website"},"primaryImageOfPage":{"@id":"https:\/\/www.sdapakuote.lt\/lv\/produkti\/polietilena-maisini\/hdpe-mdpe-maisini\/maisi-galas-karkasiem\/#primaryimage"},"image":{"@id":"https:\/\/www.sdapakuote.lt\/lv\/produkti\/polietilena-maisini\/hdpe-mdpe-maisini\/maisi-galas-karkasiem\/#primaryimage"},"thumbnailUrl":"https:\/\/www.sdapakuote.lt\/wp-content\/uploads\/2021\/09\/maisai-kaulams-ir-skerdienai.jpg","datePublished":"2025-10-07T11:14:56+00:00","dateModified":"2025-10-07T11:15:01+00:00","description":"Iztur\u012bgi un uzticami HDPE maisi ga\u013cas r\u016bpniec\u012bbai. Piem\u0113roti svaigai un sald\u0113tai ga\u013cai, dro\u0161i un ekonomiski risin\u0101jumi.","breadcrumb":{"@id":"https:\/\/www.sdapakuote.lt\/lv\/produkti\/polietilena-maisini\/hdpe-mdpe-maisini\/maisi-galas-karkasiem\/#breadcrumb"},"inLanguage":"lv-LV","potentialAction":[{"@type":"ReadAction","target":["https:\/\/www.sdapakuote.lt\/lv\/produkti\/polietilena-maisini\/hdpe-mdpe-maisini\/maisi-galas-karkasiem\/"]}]},{"@type":"ImageObject","inLanguage":"lv-LV","@id":"https:\/\/www.sdapakuote.lt\/lv\/produkti\/polietilena-maisini\/hdpe-mdpe-maisini\/maisi-galas-karkasiem\/#primaryimage","url":"https:\/\/www.sdapakuote.lt\/wp-content\/uploads\/2021\/09\/maisai-kaulams-ir-skerdienai.jpg","contentUrl":"https:\/\/www.sdapakuote.lt\/wp-content\/uploads\/2021\/09\/maisai-kaulams-ir-skerdienai.jpg","width":476,"height":479},{"@type":"BreadcrumbList","@id":"https:\/\/www.sdapakuote.lt\/lv\/produkti\/polietilena-maisini\/hdpe-mdpe-maisini\/maisi-galas-karkasiem\/#breadcrumb","itemListElement":[{"@type":"ListItem","position":1,"name":"Home","item":"https:\/\/www.sdapakuote.lt\/lv\/"},{"@type":"ListItem","position":2,"name":"Produkti","item":"https:\/\/www.sdapakuote.lt\/lv\/produkti\/"},{"@type":"ListItem","position":3,"name":"Polietil\u0113na maisi\u0146i","item":"https:\/\/www.sdapakuote.lt\/lv\/produkti\/polietilena-maisini\/"},{"@type":"ListItem","position":4,"name":"HDPE \/ MDPE maisi\u0146i","item":"https:\/\/www.sdapakuote.lt\/lv\/produkti\/polietilena-maisini\/hdpe-mdpe-maisini\/"},{"@type":"ListItem","position":5,"name":"Maisi ga\u013cas karkasiem"}]},{"@type":"WebSite","@id":"https:\/\/www.sdapakuote.lt\/lv\/#website","url":"https:\/\/www.sdapakuote.lt\/lv\/","name":"sdapakuote.lt","description":"Kol kas tik dar vienas WordPress tinklalapis","potentialAction":[{"@type":"SearchAction","target":{"@type":"EntryPoint","urlTemplate":"https:\/\/www.sdapakuote.lt\/lv\/?s={search_term_string}"},"query-input":{"@type":"PropertyValueSpecification","valueRequired":true,"valueName":"search_term_string"}}],"inLanguage":"lv-LV"}]}},"_links":{"self":[{"href":"https:\/\/www.sdapakuote.lt\/lv\/wp-json\/wp\/v2\/pages\/4532","targetHints":{"allow":["GET"]}}],"collection":[{"href":"https:\/\/www.sdapakuote.lt\/lv\/wp-json\/wp\/v2\/pages"}],"about":[{"href":"https:\/\/www.sdapakuote.lt\/lv\/wp-json\/wp\/v2\/types\/page"}],"author":[{"embeddable":true,"href":"https:\/\/www.sdapakuote.lt\/lv\/wp-json\/wp\/v2\/users\/2"}],"replies":[{"embeddable":true,"href":"https:\/\/www.sdapakuote.lt\/lv\/wp-json\/wp\/v2\/comments?post=4532"}],"version-history":[{"count":1,"href":"https:\/\/www.sdapakuote.lt\/lv\/wp-json\/wp\/v2\/pages\/4532\/revisions"}],"predecessor-version":[{"id":4534,"href":"https:\/\/www.sdapakuote.lt\/lv\/wp-json\/wp\/v2\/pages\/4532\/revisions\/4534"}],"up":[{"embeddable":true,"href":"https:\/\/www.sdapakuote.lt\/lv\/wp-json\/wp\/v2\/pages\/4485"}],"wp:featuredmedia":[{"embeddable":true,"href":"https:\/\/www.sdapakuote.lt\/lv\/wp-json\/wp\/v2\/media\/4533"}],"wp:attachment":[{"href":"https:\/\/www.sdapakuote.lt\/lv\/wp-json\/wp\/v2\/media?parent=4532"}],"curies":[{"name":"wp","href":"https:\/\/api.w.org\/{rel}","templated":true}]}}