{"id":4525,"date":"2025-10-07T11:08:40","date_gmt":"2025-10-07T11:08:40","guid":{"rendered":"https:\/\/www.sdapakuote.lt\/?page_id=4525"},"modified":"2025-10-07T11:09:45","modified_gmt":"2025-10-07T11:09:45","slug":"maisi-sedeklu-parklasanai","status":"publish","type":"page","link":"https:\/\/www.sdapakuote.lt\/lv\/produkti\/polietilena-maisini\/hdpe-mdpe-maisini\/maisi-sedeklu-parklasanai\/","title":{"rendered":"Maisi s\u0113dek\u013cu p\u0101rkl\u0101\u0161anai"},"content":{"rendered":"<p data-start=\"215\" data-end=\"496\"><strong data-start=\"215\" data-end=\"230\">SDA Pakuot\u0117<\/strong> pied\u0101v\u0101 <strong data-start=\"239\" data-end=\"270\">HDPE pl\u0113ves aizsargmaisi\u0146us<\/strong>, kas paredz\u0113ti <strong data-start=\"286\" data-end=\"321\">automa\u0161\u012bnas salona aizsardz\u012bbai<\/strong> no net\u012brumiem, putek\u013ciem un e\u013c\u013cas remonta laik\u0101.<br data-start=\"370\" data-end=\"373\" \/><br \/>\nTas ir <strong data-start=\"380\" data-end=\"423\">vienk\u0101r\u0161s, bet \u013coti efekt\u012bvs risin\u0101jums<\/strong>, kas pal\u012bdz autoservisiem uztur\u0113t <strong data-start=\"458\" data-end=\"496\">t\u012br\u012bbu un profesion\u0101lu darba vidi.<\/strong><\/p>\n<p data-start=\"498\" data-end=\"573\">\u0160ie <strong data-start=\"502\" data-end=\"531\">maisi automa\u0161\u012bnas salonam<\/strong> tiek izmantoti k\u0101 aizsardz\u012bbas l\u012bdzeklis:<\/p>\n<ul data-start=\"574\" data-end=\"715\">\n<li data-start=\"574\" data-end=\"601\">\n<p data-start=\"576\" data-end=\"601\">uzvelkami uz s\u0113dek\u013ciem,<\/p>\n<\/li>\n<li data-start=\"602\" data-end=\"638\">\n<p data-start=\"604\" data-end=\"638\">pasarg\u0101 no nejau\u0161iem net\u012brumiem,<\/p>\n<\/li>\n<li data-start=\"639\" data-end=\"715\">\n<p data-start=\"641\" data-end=\"715\">\u013cauj klientam b\u016bt p\u0101rliecin\u0101tam, ka vi\u0146a automa\u0161\u012bnas salons paliks t\u012brs.<\/p>\n<\/li>\n<\/ul>\n<h3 data-start=\"717\" data-end=\"748\"><strong data-start=\"721\" data-end=\"748\">Galven\u0101s priek\u0161roc\u012bbas:<\/strong><\/h3>\n<ul data-start=\"749\" data-end=\"910\">\n<li data-start=\"749\" data-end=\"793\">\n<p data-start=\"751\" data-end=\"793\">Izgatavoti no iztur\u012bgas <strong data-start=\"775\" data-end=\"790\">HDPE pl\u0113ves<\/strong>,<\/p>\n<\/li>\n<li data-start=\"794\" data-end=\"822\">\n<p data-start=\"796\" data-end=\"822\">Notur\u012bgi pret pl\u012bsumiem,<\/p>\n<\/li>\n<li data-start=\"823\" data-end=\"863\">\n<p data-start=\"825\" data-end=\"863\">Ekonomisks risin\u0101jums autoservisiem,<\/p>\n<\/li>\n<li data-start=\"864\" data-end=\"910\">\n<p data-start=\"866\" data-end=\"910\">Nodro\u0161ina t\u012bru un profesion\u0101lu darba vidi.<\/p>\n<\/li>\n<\/ul>\n<p data-start=\"912\" data-end=\"1084\"><strong data-start=\"912\" data-end=\"946\">HDPE maisi automa\u0161\u012bnas salonam<\/strong> ir <strong data-start=\"950\" data-end=\"996\">nepiecie\u0161ams l\u012bdzeklis katram autoservisam<\/strong>, kas v\u0113las nodro\u0161in\u0101t <strong data-start=\"1019\" data-end=\"1054\">augstas kvalit\u0101tes pakalpojumus<\/strong> un <strong data-start=\"1058\" data-end=\"1084\">klientu apmierin\u0101t\u012bbu.<\/strong><\/p>\n","protected":false},"excerpt":{"rendered":"<p>SDA Pakuot\u0117 pied\u0101v\u0101 HDPE pl\u0113ves aizsargmaisi\u0146us, kas paredz\u0113ti automa\u0161\u012bnas salona aizsardz\u012bbai no net\u012brumiem, putek\u013ciem un e\u013c\u013cas remonta laik\u0101. Tas ir vienk\u0101r\u0161s, bet \u013coti efekt\u012bvs risin\u0101jums, kas pal\u012bdz autoservisiem uztur\u0113t t\u012br\u012bbu un profesion\u0101lu darba vidi. \u0160ie maisi automa\u0161\u012bnas salonam tiek izmantoti k\u0101 aizsardz\u012bbas l\u012bdzeklis: uzvelkami uz s\u0113dek\u013ciem, pasarg\u0101 no nejau\u0161iem net\u012brumiem, \u013cauj klientam b\u016bt p\u0101rliecin\u0101tam, ka [&hellip;]<\/p>\n","protected":false},"author":2,"featured_media":4526,"parent":4485,"menu_order":0,"comment_status":"closed","ping_status":"closed","template":"page-single-product.php","meta":{"_acf_changed":false,"footnotes":""},"class_list":["post-4525","page","type-page","status-publish","has-post-thumbnail","hentry"],"acf":[],"yoast_head":"<!-- This site is optimized with the Yoast SEO plugin v27.4 - https:\/\/yoast.com\/product\/yoast-seo-wordpress\/ -->\n<title>Maisi s\u0113dek\u013cu p\u0101rkl\u0101\u0161anai - sdapakuote.lt<\/title>\n<meta name=\"description\" content=\"Iztur\u012bgi HDPE maisi automa\u0161\u012bnas salonam. Pasarg\u0101 s\u0113dek\u013cus un salonu no net\u012brumiem un e\u013c\u013cas autoservisa laik\u0101.\" \/>\n<meta name=\"robots\" content=\"index, follow, max-snippet:-1, max-image-preview:large, max-video-preview:-1\" \/>\n<link rel=\"canonical\" href=\"https:\/\/www.sdapakuote.lt\/lv\/produkti\/polietilena-maisini\/hdpe-mdpe-maisini\/maisi-sedeklu-parklasanai\/\" \/>\n<meta property=\"og:locale\" content=\"lv_LV\" \/>\n<meta property=\"og:type\" content=\"article\" \/>\n<meta property=\"og:title\" content=\"Maisi s\u0113dek\u013cu p\u0101rkl\u0101\u0161anai - sdapakuote.lt\" \/>\n<meta property=\"og:description\" content=\"Iztur\u012bgi HDPE maisi automa\u0161\u012bnas salonam. Pasarg\u0101 s\u0113dek\u013cus un salonu no net\u012brumiem un e\u013c\u013cas autoservisa laik\u0101.\" \/>\n<meta property=\"og:url\" content=\"https:\/\/www.sdapakuote.lt\/lv\/produkti\/polietilena-maisini\/hdpe-mdpe-maisini\/maisi-sedeklu-parklasanai\/\" \/>\n<meta property=\"og:site_name\" content=\"sdapakuote.lt\" \/>\n<meta property=\"article:modified_time\" content=\"2025-10-07T11:09:45+00:00\" \/>\n<meta property=\"og:image\" content=\"https:\/\/www.sdapakuote.lt\/wp-content\/uploads\/2021\/09\/maisai-sedynems-apvilkti.jpg\" \/>\n\t<meta property=\"og:image:width\" content=\"1000\" \/>\n\t<meta property=\"og:image:height\" content=\"988\" \/>\n\t<meta property=\"og:image:type\" content=\"image\/jpeg\" \/>\n<meta name=\"twitter:card\" content=\"summary_large_image\" \/>\n<meta name=\"twitter:label1\" content=\"Est. reading time\" \/>\n\t<meta name=\"twitter:data1\" content=\"1 minute\" \/>\n<script type=\"application\/ld+json\" class=\"yoast-schema-graph\">{\"@context\":\"https:\\\/\\\/schema.org\",\"@graph\":[{\"@type\":\"WebPage\",\"@id\":\"https:\\\/\\\/www.sdapakuote.lt\\\/lv\\\/produkti\\\/polietilena-maisini\\\/hdpe-mdpe-maisini\\\/maisi-sedeklu-parklasanai\\\/\",\"url\":\"https:\\\/\\\/www.sdapakuote.lt\\\/lv\\\/produkti\\\/polietilena-maisini\\\/hdpe-mdpe-maisini\\\/maisi-sedeklu-parklasanai\\\/\",\"name\":\"Maisi s\u0113dek\u013cu p\u0101rkl\u0101\u0161anai - sdapakuote.lt\",\"isPartOf\":{\"@id\":\"https:\\\/\\\/www.sdapakuote.lt\\\/lv\\\/#website\"},\"primaryImageOfPage\":{\"@id\":\"https:\\\/\\\/www.sdapakuote.lt\\\/lv\\\/produkti\\\/polietilena-maisini\\\/hdpe-mdpe-maisini\\\/maisi-sedeklu-parklasanai\\\/#primaryimage\"},\"image\":{\"@id\":\"https:\\\/\\\/www.sdapakuote.lt\\\/lv\\\/produkti\\\/polietilena-maisini\\\/hdpe-mdpe-maisini\\\/maisi-sedeklu-parklasanai\\\/#primaryimage\"},\"thumbnailUrl\":\"https:\\\/\\\/www.sdapakuote.lt\\\/wp-content\\\/uploads\\\/2021\\\/09\\\/maisai-sedynems-apvilkti.jpg\",\"datePublished\":\"2025-10-07T11:08:40+00:00\",\"dateModified\":\"2025-10-07T11:09:45+00:00\",\"description\":\"Iztur\u012bgi HDPE maisi automa\u0161\u012bnas salonam. Pasarg\u0101 s\u0113dek\u013cus un salonu no net\u012brumiem un e\u013c\u013cas autoservisa laik\u0101.\",\"breadcrumb\":{\"@id\":\"https:\\\/\\\/www.sdapakuote.lt\\\/lv\\\/produkti\\\/polietilena-maisini\\\/hdpe-mdpe-maisini\\\/maisi-sedeklu-parklasanai\\\/#breadcrumb\"},\"inLanguage\":\"lv-LV\",\"potentialAction\":[{\"@type\":\"ReadAction\",\"target\":[\"https:\\\/\\\/www.sdapakuote.lt\\\/lv\\\/produkti\\\/polietilena-maisini\\\/hdpe-mdpe-maisini\\\/maisi-sedeklu-parklasanai\\\/\"]}]},{\"@type\":\"ImageObject\",\"inLanguage\":\"lv-LV\",\"@id\":\"https:\\\/\\\/www.sdapakuote.lt\\\/lv\\\/produkti\\\/polietilena-maisini\\\/hdpe-mdpe-maisini\\\/maisi-sedeklu-parklasanai\\\/#primaryimage\",\"url\":\"https:\\\/\\\/www.sdapakuote.lt\\\/wp-content\\\/uploads\\\/2021\\\/09\\\/maisai-sedynems-apvilkti.jpg\",\"contentUrl\":\"https:\\\/\\\/www.sdapakuote.lt\\\/wp-content\\\/uploads\\\/2021\\\/09\\\/maisai-sedynems-apvilkti.jpg\",\"width\":1000,\"height\":988,\"caption\":\"Mai\u0161ai s\u0117dyn\u0117ms apvilkti\"},{\"@type\":\"BreadcrumbList\",\"@id\":\"https:\\\/\\\/www.sdapakuote.lt\\\/lv\\\/produkti\\\/polietilena-maisini\\\/hdpe-mdpe-maisini\\\/maisi-sedeklu-parklasanai\\\/#breadcrumb\",\"itemListElement\":[{\"@type\":\"ListItem\",\"position\":1,\"name\":\"Home\",\"item\":\"https:\\\/\\\/www.sdapakuote.lt\\\/lv\\\/\"},{\"@type\":\"ListItem\",\"position\":2,\"name\":\"Produkti\",\"item\":\"https:\\\/\\\/www.sdapakuote.lt\\\/lv\\\/produkti\\\/\"},{\"@type\":\"ListItem\",\"position\":3,\"name\":\"Polietil\u0113na maisi\u0146i\",\"item\":\"https:\\\/\\\/www.sdapakuote.lt\\\/lv\\\/produkti\\\/polietilena-maisini\\\/\"},{\"@type\":\"ListItem\",\"position\":4,\"name\":\"HDPE \\\/ MDPE maisi\u0146i\",\"item\":\"https:\\\/\\\/www.sdapakuote.lt\\\/lv\\\/produkti\\\/polietilena-maisini\\\/hdpe-mdpe-maisini\\\/\"},{\"@type\":\"ListItem\",\"position\":5,\"name\":\"Maisi s\u0113dek\u013cu p\u0101rkl\u0101\u0161anai\"}]},{\"@type\":\"WebSite\",\"@id\":\"https:\\\/\\\/www.sdapakuote.lt\\\/lv\\\/#website\",\"url\":\"https:\\\/\\\/www.sdapakuote.lt\\\/lv\\\/\",\"name\":\"sdapakuote.lt\",\"description\":\"Kol kas tik dar vienas WordPress tinklalapis\",\"potentialAction\":[{\"@type\":\"SearchAction\",\"target\":{\"@type\":\"EntryPoint\",\"urlTemplate\":\"https:\\\/\\\/www.sdapakuote.lt\\\/lv\\\/?s={search_term_string}\"},\"query-input\":{\"@type\":\"PropertyValueSpecification\",\"valueRequired\":true,\"valueName\":\"search_term_string\"}}],\"inLanguage\":\"lv-LV\"}]}<\/script>\n<!-- \/ Yoast SEO plugin. -->","yoast_head_json":{"title":"Maisi s\u0113dek\u013cu p\u0101rkl\u0101\u0161anai - sdapakuote.lt","description":"Iztur\u012bgi HDPE maisi automa\u0161\u012bnas salonam. Pasarg\u0101 s\u0113dek\u013cus un salonu no net\u012brumiem un e\u013c\u013cas autoservisa laik\u0101.","robots":{"index":"index","follow":"follow","max-snippet":"max-snippet:-1","max-image-preview":"max-image-preview:large","max-video-preview":"max-video-preview:-1"},"canonical":"https:\/\/www.sdapakuote.lt\/lv\/produkti\/polietilena-maisini\/hdpe-mdpe-maisini\/maisi-sedeklu-parklasanai\/","og_locale":"lv_LV","og_type":"article","og_title":"Maisi s\u0113dek\u013cu p\u0101rkl\u0101\u0161anai - sdapakuote.lt","og_description":"Iztur\u012bgi HDPE maisi automa\u0161\u012bnas salonam. Pasarg\u0101 s\u0113dek\u013cus un salonu no net\u012brumiem un e\u013c\u013cas autoservisa laik\u0101.","og_url":"https:\/\/www.sdapakuote.lt\/lv\/produkti\/polietilena-maisini\/hdpe-mdpe-maisini\/maisi-sedeklu-parklasanai\/","og_site_name":"sdapakuote.lt","article_modified_time":"2025-10-07T11:09:45+00:00","og_image":[{"width":1000,"height":988,"url":"https:\/\/www.sdapakuote.lt\/wp-content\/uploads\/2021\/09\/maisai-sedynems-apvilkti.jpg","type":"image\/jpeg"}],"twitter_card":"summary_large_image","twitter_misc":{"Est. reading time":"1 minute"},"schema":{"@context":"https:\/\/schema.org","@graph":[{"@type":"WebPage","@id":"https:\/\/www.sdapakuote.lt\/lv\/produkti\/polietilena-maisini\/hdpe-mdpe-maisini\/maisi-sedeklu-parklasanai\/","url":"https:\/\/www.sdapakuote.lt\/lv\/produkti\/polietilena-maisini\/hdpe-mdpe-maisini\/maisi-sedeklu-parklasanai\/","name":"Maisi s\u0113dek\u013cu p\u0101rkl\u0101\u0161anai - sdapakuote.lt","isPartOf":{"@id":"https:\/\/www.sdapakuote.lt\/lv\/#website"},"primaryImageOfPage":{"@id":"https:\/\/www.sdapakuote.lt\/lv\/produkti\/polietilena-maisini\/hdpe-mdpe-maisini\/maisi-sedeklu-parklasanai\/#primaryimage"},"image":{"@id":"https:\/\/www.sdapakuote.lt\/lv\/produkti\/polietilena-maisini\/hdpe-mdpe-maisini\/maisi-sedeklu-parklasanai\/#primaryimage"},"thumbnailUrl":"https:\/\/www.sdapakuote.lt\/wp-content\/uploads\/2021\/09\/maisai-sedynems-apvilkti.jpg","datePublished":"2025-10-07T11:08:40+00:00","dateModified":"2025-10-07T11:09:45+00:00","description":"Iztur\u012bgi HDPE maisi automa\u0161\u012bnas salonam. Pasarg\u0101 s\u0113dek\u013cus un salonu no net\u012brumiem un e\u013c\u013cas autoservisa laik\u0101.","breadcrumb":{"@id":"https:\/\/www.sdapakuote.lt\/lv\/produkti\/polietilena-maisini\/hdpe-mdpe-maisini\/maisi-sedeklu-parklasanai\/#breadcrumb"},"inLanguage":"lv-LV","potentialAction":[{"@type":"ReadAction","target":["https:\/\/www.sdapakuote.lt\/lv\/produkti\/polietilena-maisini\/hdpe-mdpe-maisini\/maisi-sedeklu-parklasanai\/"]}]},{"@type":"ImageObject","inLanguage":"lv-LV","@id":"https:\/\/www.sdapakuote.lt\/lv\/produkti\/polietilena-maisini\/hdpe-mdpe-maisini\/maisi-sedeklu-parklasanai\/#primaryimage","url":"https:\/\/www.sdapakuote.lt\/wp-content\/uploads\/2021\/09\/maisai-sedynems-apvilkti.jpg","contentUrl":"https:\/\/www.sdapakuote.lt\/wp-content\/uploads\/2021\/09\/maisai-sedynems-apvilkti.jpg","width":1000,"height":988,"caption":"Mai\u0161ai s\u0117dyn\u0117ms apvilkti"},{"@type":"BreadcrumbList","@id":"https:\/\/www.sdapakuote.lt\/lv\/produkti\/polietilena-maisini\/hdpe-mdpe-maisini\/maisi-sedeklu-parklasanai\/#breadcrumb","itemListElement":[{"@type":"ListItem","position":1,"name":"Home","item":"https:\/\/www.sdapakuote.lt\/lv\/"},{"@type":"ListItem","position":2,"name":"Produkti","item":"https:\/\/www.sdapakuote.lt\/lv\/produkti\/"},{"@type":"ListItem","position":3,"name":"Polietil\u0113na maisi\u0146i","item":"https:\/\/www.sdapakuote.lt\/lv\/produkti\/polietilena-maisini\/"},{"@type":"ListItem","position":4,"name":"HDPE \/ MDPE maisi\u0146i","item":"https:\/\/www.sdapakuote.lt\/lv\/produkti\/polietilena-maisini\/hdpe-mdpe-maisini\/"},{"@type":"ListItem","position":5,"name":"Maisi s\u0113dek\u013cu p\u0101rkl\u0101\u0161anai"}]},{"@type":"WebSite","@id":"https:\/\/www.sdapakuote.lt\/lv\/#website","url":"https:\/\/www.sdapakuote.lt\/lv\/","name":"sdapakuote.lt","description":"Kol kas tik dar vienas WordPress tinklalapis","potentialAction":[{"@type":"SearchAction","target":{"@type":"EntryPoint","urlTemplate":"https:\/\/www.sdapakuote.lt\/lv\/?s={search_term_string}"},"query-input":{"@type":"PropertyValueSpecification","valueRequired":true,"valueName":"search_term_string"}}],"inLanguage":"lv-LV"}]}},"_links":{"self":[{"href":"https:\/\/www.sdapakuote.lt\/lv\/wp-json\/wp\/v2\/pages\/4525","targetHints":{"allow":["GET"]}}],"collection":[{"href":"https:\/\/www.sdapakuote.lt\/lv\/wp-json\/wp\/v2\/pages"}],"about":[{"href":"https:\/\/www.sdapakuote.lt\/lv\/wp-json\/wp\/v2\/types\/page"}],"author":[{"embeddable":true,"href":"https:\/\/www.sdapakuote.lt\/lv\/wp-json\/wp\/v2\/users\/2"}],"replies":[{"embeddable":true,"href":"https:\/\/www.sdapakuote.lt\/lv\/wp-json\/wp\/v2\/comments?post=4525"}],"version-history":[{"count":1,"href":"https:\/\/www.sdapakuote.lt\/lv\/wp-json\/wp\/v2\/pages\/4525\/revisions"}],"predecessor-version":[{"id":4527,"href":"https:\/\/www.sdapakuote.lt\/lv\/wp-json\/wp\/v2\/pages\/4525\/revisions\/4527"}],"up":[{"embeddable":true,"href":"https:\/\/www.sdapakuote.lt\/lv\/wp-json\/wp\/v2\/pages\/4485"}],"wp:featuredmedia":[{"embeddable":true,"href":"https:\/\/www.sdapakuote.lt\/lv\/wp-json\/wp\/v2\/media\/4526"}],"wp:attachment":[{"href":"https:\/\/www.sdapakuote.lt\/lv\/wp-json\/wp\/v2\/media?parent=4525"}],"curies":[{"name":"wp","href":"https:\/\/api.w.org\/{rel}","templated":true}]}}