{"id":4521,"date":"2025-10-07T11:05:37","date_gmt":"2025-10-07T11:05:37","guid":{"rendered":"https:\/\/www.sdapakuote.lt\/?page_id=4521"},"modified":"2025-10-07T11:06:06","modified_gmt":"2025-10-07T11:06:06","slug":"maisi-rullos","status":"publish","type":"page","link":"https:\/\/www.sdapakuote.lt\/lv\/produkti\/polietilena-maisini\/hdpe-mdpe-maisini\/maisi-rullos\/","title":{"rendered":"Maisi ru\u013c\u013cos"},"content":{"rendered":"<p data-start=\"277\" data-end=\"552\"><strong data-start=\"277\" data-end=\"292\">SDA Pakuot\u0117<\/strong> ra\u017eo da\u017e\u0101du izm\u0113ru <strong data-start=\"312\" data-end=\"331\">maisi\u0146us ru\u013c\u013cos<\/strong>, kuri <strong data-start=\"338\" data-end=\"398\">pateicoties perfor\u0101cijas \u0161uvei, viegli atdal\u0101s no ru\u013c\u013ca.<\/strong><br data-start=\"398\" data-end=\"401\" \/><br \/>\nTas ir viens no <strong data-start=\"417\" data-end=\"460\">praktisk\u0101kajiem iepakojuma risin\u0101jumiem<\/strong>, \u012bpa\u0161i piem\u0113rots gan <strong data-start=\"482\" data-end=\"496\">noliktav\u0101m<\/strong>, gan <strong data-start=\"502\" data-end=\"552\">ikdienas lieto\u0161anai ra\u017eo\u0161an\u0101 vai tirdzniec\u012bb\u0101.<\/strong><\/p>\n<h3 data-start=\"554\" data-end=\"585\"><strong data-start=\"558\" data-end=\"585\">Galven\u0101s priek\u0161roc\u012bbas:<\/strong><\/h3>\n<ul data-start=\"586\" data-end=\"888\">\n<li data-start=\"586\" data-end=\"696\">\n<p data-start=\"588\" data-end=\"696\">Iesp\u0113jams izgatavot \u013coti platus un garus maisus \u2013 l\u012bdz <strong data-start=\"643\" data-end=\"694\">1700 mm garum\u0101 un 1200 mm platum\u0101 (ar ieloc\u0113m);<\/strong><\/p>\n<\/li>\n<li data-start=\"697\" data-end=\"788\">\n<p data-start=\"699\" data-end=\"788\">Maisi \u0113rti piekarami uz stenda un <strong data-start=\"733\" data-end=\"751\">\u0101tri nopl\u0113\u0161ami<\/strong>, kas pa\u0101trina iepako\u0161anas procesu;<\/p>\n<\/li>\n<li data-start=\"789\" data-end=\"836\">\n<p data-start=\"791\" data-end=\"836\">Ru\u013c\u013ca forma <strong data-start=\"803\" data-end=\"833\">ietaupa uzglab\u0101\u0161anas vietu<\/strong>;<\/p>\n<\/li>\n<li data-start=\"837\" data-end=\"888\">\n<p data-start=\"839\" data-end=\"888\">Pieejama <strong data-start=\"848\" data-end=\"888\">ra\u017eo\u0161ana p\u0113c individu\u0101la pas\u016bt\u012bjuma.<\/strong><\/p>\n<\/li>\n<\/ul>\n<h3 data-start=\"890\" data-end=\"919\"><strong data-start=\"894\" data-end=\"919\">Past\u0101v\u012bg\u0101 sortiment\u0101:<\/strong><\/h3>\n<ul data-start=\"920\" data-end=\"1080\">\n<li data-start=\"920\" data-end=\"999\">\n<p data-start=\"922\" data-end=\"999\"><strong data-start=\"922\" data-end=\"961\">700 mm (platums) x 1500 mm (garums)<\/strong> \u2013 200 gab. iepakojum\u0101 (15 mikroni),<\/p>\n<\/li>\n<li data-start=\"1000\" data-end=\"1080\">\n<p data-start=\"1002\" data-end=\"1080\"><strong data-start=\"1002\" data-end=\"1042\">1000 mm (platums) x 1500 mm (garums)<\/strong> \u2013 200 gab. iepakojum\u0101 (20 mikroni).<\/p>\n<\/li>\n<\/ul>\n<p data-start=\"1082\" data-end=\"1213\">Ja neatrodat piem\u0113rotu izm\u0113ru \u2013 <strong data-start=\"1114\" data-end=\"1156\">izgatavosim maisus p\u0113c j\u016bsu vajadz\u012bb\u0101m<\/strong>, izv\u0113loties nepiecie\u0161amo <strong data-start=\"1182\" data-end=\"1213\">garumu, platumu un biezumu.<\/strong><\/p>\n","protected":false},"excerpt":{"rendered":"<p>SDA Pakuot\u0117 ra\u017eo da\u017e\u0101du izm\u0113ru maisi\u0146us ru\u013c\u013cos, kuri pateicoties perfor\u0101cijas \u0161uvei, viegli atdal\u0101s no ru\u013c\u013ca. Tas ir viens no praktisk\u0101kajiem iepakojuma risin\u0101jumiem, \u012bpa\u0161i piem\u0113rots gan noliktav\u0101m, gan ikdienas lieto\u0161anai ra\u017eo\u0161an\u0101 vai tirdzniec\u012bb\u0101. Galven\u0101s priek\u0161roc\u012bbas: Iesp\u0113jams izgatavot \u013coti platus un garus maisus \u2013 l\u012bdz 1700 mm garum\u0101 un 1200 mm platum\u0101 (ar ieloc\u0113m); Maisi \u0113rti piekarami [&hellip;]<\/p>\n","protected":false},"author":2,"featured_media":4522,"parent":4485,"menu_order":0,"comment_status":"closed","ping_status":"closed","template":"page-single-product.php","meta":{"_acf_changed":false,"footnotes":""},"class_list":["post-4521","page","type-page","status-publish","has-post-thumbnail","hentry"],"acf":[],"yoast_head":"<!-- This site is optimized with the Yoast SEO plugin v27.4 - https:\/\/yoast.com\/product\/yoast-seo-wordpress\/ -->\n<title>Maisi ru\u013c\u013cos - sdapakuote.lt<\/title>\n<meta name=\"description\" content=\"Iztur\u012bgi maisi ru\u013c\u013cos ar perfor\u0101ciju. \u0112rts un ekonomisks risin\u0101jums produktu iepako\u0161anai un uzglab\u0101\u0161anai.\" \/>\n<meta name=\"robots\" content=\"index, follow, max-snippet:-1, max-image-preview:large, max-video-preview:-1\" \/>\n<link rel=\"canonical\" href=\"https:\/\/www.sdapakuote.lt\/lv\/produkti\/polietilena-maisini\/hdpe-mdpe-maisini\/maisi-rullos\/\" \/>\n<meta property=\"og:locale\" content=\"lv_LV\" \/>\n<meta property=\"og:type\" content=\"article\" \/>\n<meta property=\"og:title\" content=\"Maisi ru\u013c\u013cos - sdapakuote.lt\" \/>\n<meta property=\"og:description\" content=\"Iztur\u012bgi maisi ru\u013c\u013cos ar perfor\u0101ciju. \u0112rts un ekonomisks risin\u0101jums produktu iepako\u0161anai un uzglab\u0101\u0161anai.\" \/>\n<meta property=\"og:url\" content=\"https:\/\/www.sdapakuote.lt\/lv\/produkti\/polietilena-maisini\/hdpe-mdpe-maisini\/maisi-rullos\/\" \/>\n<meta property=\"og:site_name\" content=\"sdapakuote.lt\" \/>\n<meta property=\"article:modified_time\" content=\"2025-10-07T11:06:06+00:00\" \/>\n<meta property=\"og:image\" content=\"https:\/\/www.sdapakuote.lt\/wp-content\/uploads\/2022\/02\/20220209_141312-scaled.jpg\" \/>\n\t<meta property=\"og:image:width\" content=\"2560\" \/>\n\t<meta property=\"og:image:height\" content=\"2560\" \/>\n\t<meta property=\"og:image:type\" content=\"image\/jpeg\" \/>\n<meta name=\"twitter:card\" content=\"summary_large_image\" \/>\n<meta name=\"twitter:label1\" content=\"Est. reading time\" \/>\n\t<meta name=\"twitter:data1\" content=\"1 minute\" \/>\n<script type=\"application\/ld+json\" class=\"yoast-schema-graph\">{\"@context\":\"https:\\\/\\\/schema.org\",\"@graph\":[{\"@type\":\"WebPage\",\"@id\":\"https:\\\/\\\/www.sdapakuote.lt\\\/lv\\\/produkti\\\/polietilena-maisini\\\/hdpe-mdpe-maisini\\\/maisi-rullos\\\/\",\"url\":\"https:\\\/\\\/www.sdapakuote.lt\\\/lv\\\/produkti\\\/polietilena-maisini\\\/hdpe-mdpe-maisini\\\/maisi-rullos\\\/\",\"name\":\"Maisi ru\u013c\u013cos - sdapakuote.lt\",\"isPartOf\":{\"@id\":\"https:\\\/\\\/www.sdapakuote.lt\\\/lv\\\/#website\"},\"primaryImageOfPage\":{\"@id\":\"https:\\\/\\\/www.sdapakuote.lt\\\/lv\\\/produkti\\\/polietilena-maisini\\\/hdpe-mdpe-maisini\\\/maisi-rullos\\\/#primaryimage\"},\"image\":{\"@id\":\"https:\\\/\\\/www.sdapakuote.lt\\\/lv\\\/produkti\\\/polietilena-maisini\\\/hdpe-mdpe-maisini\\\/maisi-rullos\\\/#primaryimage\"},\"thumbnailUrl\":\"https:\\\/\\\/www.sdapakuote.lt\\\/wp-content\\\/uploads\\\/2022\\\/02\\\/20220209_141312-scaled.jpg\",\"datePublished\":\"2025-10-07T11:05:37+00:00\",\"dateModified\":\"2025-10-07T11:06:06+00:00\",\"description\":\"Iztur\u012bgi maisi ru\u013c\u013cos ar perfor\u0101ciju. \u0112rts un ekonomisks risin\u0101jums produktu iepako\u0161anai un uzglab\u0101\u0161anai.\",\"breadcrumb\":{\"@id\":\"https:\\\/\\\/www.sdapakuote.lt\\\/lv\\\/produkti\\\/polietilena-maisini\\\/hdpe-mdpe-maisini\\\/maisi-rullos\\\/#breadcrumb\"},\"inLanguage\":\"lv-LV\",\"potentialAction\":[{\"@type\":\"ReadAction\",\"target\":[\"https:\\\/\\\/www.sdapakuote.lt\\\/lv\\\/produkti\\\/polietilena-maisini\\\/hdpe-mdpe-maisini\\\/maisi-rullos\\\/\"]}]},{\"@type\":\"ImageObject\",\"inLanguage\":\"lv-LV\",\"@id\":\"https:\\\/\\\/www.sdapakuote.lt\\\/lv\\\/produkti\\\/polietilena-maisini\\\/hdpe-mdpe-maisini\\\/maisi-rullos\\\/#primaryimage\",\"url\":\"https:\\\/\\\/www.sdapakuote.lt\\\/wp-content\\\/uploads\\\/2022\\\/02\\\/20220209_141312-scaled.jpg\",\"contentUrl\":\"https:\\\/\\\/www.sdapakuote.lt\\\/wp-content\\\/uploads\\\/2022\\\/02\\\/20220209_141312-scaled.jpg\",\"width\":2560,\"height\":2560,\"caption\":\"Mai\u0161ai rulonuose\"},{\"@type\":\"BreadcrumbList\",\"@id\":\"https:\\\/\\\/www.sdapakuote.lt\\\/lv\\\/produkti\\\/polietilena-maisini\\\/hdpe-mdpe-maisini\\\/maisi-rullos\\\/#breadcrumb\",\"itemListElement\":[{\"@type\":\"ListItem\",\"position\":1,\"name\":\"Home\",\"item\":\"https:\\\/\\\/www.sdapakuote.lt\\\/lv\\\/\"},{\"@type\":\"ListItem\",\"position\":2,\"name\":\"Produkti\",\"item\":\"https:\\\/\\\/www.sdapakuote.lt\\\/lv\\\/produkti\\\/\"},{\"@type\":\"ListItem\",\"position\":3,\"name\":\"Polietil\u0113na maisi\u0146i\",\"item\":\"https:\\\/\\\/www.sdapakuote.lt\\\/lv\\\/produkti\\\/polietilena-maisini\\\/\"},{\"@type\":\"ListItem\",\"position\":4,\"name\":\"HDPE \\\/ MDPE maisi\u0146i\",\"item\":\"https:\\\/\\\/www.sdapakuote.lt\\\/lv\\\/produkti\\\/polietilena-maisini\\\/hdpe-mdpe-maisini\\\/\"},{\"@type\":\"ListItem\",\"position\":5,\"name\":\"Maisi ru\u013c\u013cos\"}]},{\"@type\":\"WebSite\",\"@id\":\"https:\\\/\\\/www.sdapakuote.lt\\\/lv\\\/#website\",\"url\":\"https:\\\/\\\/www.sdapakuote.lt\\\/lv\\\/\",\"name\":\"sdapakuote.lt\",\"description\":\"Kol kas tik dar vienas WordPress tinklalapis\",\"potentialAction\":[{\"@type\":\"SearchAction\",\"target\":{\"@type\":\"EntryPoint\",\"urlTemplate\":\"https:\\\/\\\/www.sdapakuote.lt\\\/lv\\\/?s={search_term_string}\"},\"query-input\":{\"@type\":\"PropertyValueSpecification\",\"valueRequired\":true,\"valueName\":\"search_term_string\"}}],\"inLanguage\":\"lv-LV\"}]}<\/script>\n<!-- \/ Yoast SEO plugin. -->","yoast_head_json":{"title":"Maisi ru\u013c\u013cos - sdapakuote.lt","description":"Iztur\u012bgi maisi ru\u013c\u013cos ar perfor\u0101ciju. \u0112rts un ekonomisks risin\u0101jums produktu iepako\u0161anai un uzglab\u0101\u0161anai.","robots":{"index":"index","follow":"follow","max-snippet":"max-snippet:-1","max-image-preview":"max-image-preview:large","max-video-preview":"max-video-preview:-1"},"canonical":"https:\/\/www.sdapakuote.lt\/lv\/produkti\/polietilena-maisini\/hdpe-mdpe-maisini\/maisi-rullos\/","og_locale":"lv_LV","og_type":"article","og_title":"Maisi ru\u013c\u013cos - sdapakuote.lt","og_description":"Iztur\u012bgi maisi ru\u013c\u013cos ar perfor\u0101ciju. \u0112rts un ekonomisks risin\u0101jums produktu iepako\u0161anai un uzglab\u0101\u0161anai.","og_url":"https:\/\/www.sdapakuote.lt\/lv\/produkti\/polietilena-maisini\/hdpe-mdpe-maisini\/maisi-rullos\/","og_site_name":"sdapakuote.lt","article_modified_time":"2025-10-07T11:06:06+00:00","og_image":[{"width":2560,"height":2560,"url":"https:\/\/www.sdapakuote.lt\/wp-content\/uploads\/2022\/02\/20220209_141312-scaled.jpg","type":"image\/jpeg"}],"twitter_card":"summary_large_image","twitter_misc":{"Est. reading time":"1 minute"},"schema":{"@context":"https:\/\/schema.org","@graph":[{"@type":"WebPage","@id":"https:\/\/www.sdapakuote.lt\/lv\/produkti\/polietilena-maisini\/hdpe-mdpe-maisini\/maisi-rullos\/","url":"https:\/\/www.sdapakuote.lt\/lv\/produkti\/polietilena-maisini\/hdpe-mdpe-maisini\/maisi-rullos\/","name":"Maisi ru\u013c\u013cos - sdapakuote.lt","isPartOf":{"@id":"https:\/\/www.sdapakuote.lt\/lv\/#website"},"primaryImageOfPage":{"@id":"https:\/\/www.sdapakuote.lt\/lv\/produkti\/polietilena-maisini\/hdpe-mdpe-maisini\/maisi-rullos\/#primaryimage"},"image":{"@id":"https:\/\/www.sdapakuote.lt\/lv\/produkti\/polietilena-maisini\/hdpe-mdpe-maisini\/maisi-rullos\/#primaryimage"},"thumbnailUrl":"https:\/\/www.sdapakuote.lt\/wp-content\/uploads\/2022\/02\/20220209_141312-scaled.jpg","datePublished":"2025-10-07T11:05:37+00:00","dateModified":"2025-10-07T11:06:06+00:00","description":"Iztur\u012bgi maisi ru\u013c\u013cos ar perfor\u0101ciju. \u0112rts un ekonomisks risin\u0101jums produktu iepako\u0161anai un uzglab\u0101\u0161anai.","breadcrumb":{"@id":"https:\/\/www.sdapakuote.lt\/lv\/produkti\/polietilena-maisini\/hdpe-mdpe-maisini\/maisi-rullos\/#breadcrumb"},"inLanguage":"lv-LV","potentialAction":[{"@type":"ReadAction","target":["https:\/\/www.sdapakuote.lt\/lv\/produkti\/polietilena-maisini\/hdpe-mdpe-maisini\/maisi-rullos\/"]}]},{"@type":"ImageObject","inLanguage":"lv-LV","@id":"https:\/\/www.sdapakuote.lt\/lv\/produkti\/polietilena-maisini\/hdpe-mdpe-maisini\/maisi-rullos\/#primaryimage","url":"https:\/\/www.sdapakuote.lt\/wp-content\/uploads\/2022\/02\/20220209_141312-scaled.jpg","contentUrl":"https:\/\/www.sdapakuote.lt\/wp-content\/uploads\/2022\/02\/20220209_141312-scaled.jpg","width":2560,"height":2560,"caption":"Mai\u0161ai rulonuose"},{"@type":"BreadcrumbList","@id":"https:\/\/www.sdapakuote.lt\/lv\/produkti\/polietilena-maisini\/hdpe-mdpe-maisini\/maisi-rullos\/#breadcrumb","itemListElement":[{"@type":"ListItem","position":1,"name":"Home","item":"https:\/\/www.sdapakuote.lt\/lv\/"},{"@type":"ListItem","position":2,"name":"Produkti","item":"https:\/\/www.sdapakuote.lt\/lv\/produkti\/"},{"@type":"ListItem","position":3,"name":"Polietil\u0113na maisi\u0146i","item":"https:\/\/www.sdapakuote.lt\/lv\/produkti\/polietilena-maisini\/"},{"@type":"ListItem","position":4,"name":"HDPE \/ MDPE maisi\u0146i","item":"https:\/\/www.sdapakuote.lt\/lv\/produkti\/polietilena-maisini\/hdpe-mdpe-maisini\/"},{"@type":"ListItem","position":5,"name":"Maisi ru\u013c\u013cos"}]},{"@type":"WebSite","@id":"https:\/\/www.sdapakuote.lt\/lv\/#website","url":"https:\/\/www.sdapakuote.lt\/lv\/","name":"sdapakuote.lt","description":"Kol kas tik dar vienas WordPress tinklalapis","potentialAction":[{"@type":"SearchAction","target":{"@type":"EntryPoint","urlTemplate":"https:\/\/www.sdapakuote.lt\/lv\/?s={search_term_string}"},"query-input":{"@type":"PropertyValueSpecification","valueRequired":true,"valueName":"search_term_string"}}],"inLanguage":"lv-LV"}]}},"_links":{"self":[{"href":"https:\/\/www.sdapakuote.lt\/lv\/wp-json\/wp\/v2\/pages\/4521","targetHints":{"allow":["GET"]}}],"collection":[{"href":"https:\/\/www.sdapakuote.lt\/lv\/wp-json\/wp\/v2\/pages"}],"about":[{"href":"https:\/\/www.sdapakuote.lt\/lv\/wp-json\/wp\/v2\/types\/page"}],"author":[{"embeddable":true,"href":"https:\/\/www.sdapakuote.lt\/lv\/wp-json\/wp\/v2\/users\/2"}],"replies":[{"embeddable":true,"href":"https:\/\/www.sdapakuote.lt\/lv\/wp-json\/wp\/v2\/comments?post=4521"}],"version-history":[{"count":2,"href":"https:\/\/www.sdapakuote.lt\/lv\/wp-json\/wp\/v2\/pages\/4521\/revisions"}],"predecessor-version":[{"id":4524,"href":"https:\/\/www.sdapakuote.lt\/lv\/wp-json\/wp\/v2\/pages\/4521\/revisions\/4524"}],"up":[{"embeddable":true,"href":"https:\/\/www.sdapakuote.lt\/lv\/wp-json\/wp\/v2\/pages\/4485"}],"wp:featuredmedia":[{"embeddable":true,"href":"https:\/\/www.sdapakuote.lt\/lv\/wp-json\/wp\/v2\/media\/4522"}],"wp:attachment":[{"href":"https:\/\/www.sdapakuote.lt\/lv\/wp-json\/wp\/v2\/media?parent=4521"}],"curies":[{"name":"wp","href":"https:\/\/api.w.org\/{rel}","templated":true}]}}