{"id":4518,"date":"2025-10-07T11:03:42","date_gmt":"2025-10-07T11:03:42","guid":{"rendered":"https:\/\/www.sdapakuote.lt\/?page_id=4518"},"modified":"2025-10-07T11:03:42","modified_gmt":"2025-10-07T11:03:42","slug":"maisi-apgerbiem","status":"publish","type":"page","link":"https:\/\/www.sdapakuote.lt\/lv\/produkti\/polietilena-maisini\/hdpe-mdpe-maisini\/maisi-apgerbiem\/","title":{"rendered":"Maisi ap\u0123\u0113rbiem"},"content":{"rendered":"<p data-start=\"238\" data-end=\"482\"><strong data-start=\"238\" data-end=\"253\">SDA Pakuot\u0117<\/strong> ra\u017eo <strong data-start=\"259\" data-end=\"286\">ap\u0123\u0113rbu aizsargmaisi\u0146us<\/strong>, kas izgatavoti no <strong data-start=\"306\" data-end=\"349\">puscaursp\u012bd\u012bgas, baltganas HDPE pl\u0113ves.<\/strong><br data-start=\"349\" data-end=\"352\" \/><br \/>\n\u0160ie maisi nodro\u0161ina <strong data-start=\"372\" data-end=\"434\">efekt\u012bvu aizsardz\u012bbu pret putek\u013ciem, mitrumu un net\u012brumiem<\/strong> ap\u0123\u0113rbu transport\u0113\u0161anas vai uzglab\u0101\u0161anas laik\u0101.<\/p>\n<p data-start=\"484\" data-end=\"719\">Maisa aug\u0161pus\u0113 ir <strong data-start=\"502\" data-end=\"535\">iegriezts caurums pakaramajam<\/strong>, kas nodro\u0161ina \u0113rtu dr\u0113bju pakarin\u0101\u0161anu.<br data-start=\"576\" data-end=\"579\" \/><br \/>\nLai gan pl\u0113ve nav piln\u012bgi caursp\u012bd\u012bga, t\u0101 <strong data-start=\"621\" data-end=\"662\">\u013cauj viegli saskat\u012bt ap\u0123\u0113rbu iek\u0161pus\u0113<\/strong>, t\u0101p\u0113c dr\u0113bes iesp\u0113jams \u0113rti atpaz\u012bt starp pas\u016bt\u012bjumiem.<\/p>\n<h3 data-start=\"721\" data-end=\"752\"><strong data-start=\"725\" data-end=\"752\">Galven\u0101s priek\u0161roc\u012bbas:<\/strong><\/h3>\n<ul data-start=\"753\" data-end=\"1000\">\n<li data-start=\"753\" data-end=\"810\">\n<p data-start=\"755\" data-end=\"810\">Pasarg\u0101 ap\u0123\u0113rbus no putek\u013ciem, net\u012brumiem un mitruma,<\/p>\n<\/li>\n<li data-start=\"811\" data-end=\"871\">\n<p data-start=\"813\" data-end=\"871\">Baltgana HDPE pl\u0113ve \u2013 ekonomisks un iztur\u012bgs risin\u0101jums,<\/p>\n<\/li>\n<li data-start=\"872\" data-end=\"921\">\n<p data-start=\"874\" data-end=\"921\">\u0112rta pakaram\u0101 atvere \u2013 vienk\u0101r\u0161ai lieto\u0161anai,<\/p>\n<\/li>\n<li data-start=\"922\" data-end=\"1000\">\n<p data-start=\"924\" data-end=\"1000\">Piem\u0113roti <strong data-start=\"934\" data-end=\"1000\">\u0137\u012bmiskaj\u0101m t\u012br\u012btav\u0101m, veikaliem un pas\u016bt\u012bjumu transport\u0113\u0161anai.<\/strong><\/p>\n<\/li>\n<\/ul>\n<p data-start=\"1002\" data-end=\"1136\"><strong data-start=\"1002\" data-end=\"1021\">Maisi ap\u0123\u0113rbiem<\/strong> ir <strong data-start=\"1025\" data-end=\"1073\">praktisks, ekonomisks un uzticams risin\u0101jums<\/strong>, kas pal\u012bdz saglab\u0101t ap\u0123\u0113rbu <strong data-start=\"1103\" data-end=\"1136\">t\u012bru, k\u0101rt\u012bgu un prezentablu.<\/strong><\/p>\n","protected":false},"excerpt":{"rendered":"<p>SDA Pakuot\u0117 ra\u017eo ap\u0123\u0113rbu aizsargmaisi\u0146us, kas izgatavoti no puscaursp\u012bd\u012bgas, baltganas HDPE pl\u0113ves. \u0160ie maisi nodro\u0161ina efekt\u012bvu aizsardz\u012bbu pret putek\u013ciem, mitrumu un net\u012brumiem ap\u0123\u0113rbu transport\u0113\u0161anas vai uzglab\u0101\u0161anas laik\u0101. Maisa aug\u0161pus\u0113 ir iegriezts caurums pakaramajam, kas nodro\u0161ina \u0113rtu dr\u0113bju pakarin\u0101\u0161anu. Lai gan pl\u0113ve nav piln\u012bgi caursp\u012bd\u012bga, t\u0101 \u013cauj viegli saskat\u012bt ap\u0123\u0113rbu iek\u0161pus\u0113, t\u0101p\u0113c dr\u0113bes iesp\u0113jams \u0113rti atpaz\u012bt [&hellip;]<\/p>\n","protected":false},"author":2,"featured_media":4519,"parent":4485,"menu_order":0,"comment_status":"closed","ping_status":"closed","template":"page-single-product.php","meta":{"_acf_changed":false,"footnotes":""},"class_list":["post-4518","page","type-page","status-publish","has-post-thumbnail","hentry"],"acf":[],"yoast_head":"<!-- This site is optimized with the Yoast SEO plugin v27.4 - https:\/\/yoast.com\/product\/yoast-seo-wordpress\/ -->\n<title>Maisi ap\u0123\u0113rbiem - sdapakuote.lt<\/title>\n<meta name=\"description\" content=\"Iztur\u012bgi HDPE maisi ap\u0123\u0113rbiem. Pasarg\u0101 dr\u0113bes no putek\u013ciem un mitruma \u2013 ide\u0101li t\u012br\u012btav\u0101m un tirdzniec\u012bbai.\" \/>\n<meta name=\"robots\" content=\"index, follow, max-snippet:-1, max-image-preview:large, max-video-preview:-1\" \/>\n<link rel=\"canonical\" href=\"https:\/\/www.sdapakuote.lt\/lv\/produkti\/polietilena-maisini\/hdpe-mdpe-maisini\/maisi-apgerbiem\/\" \/>\n<meta property=\"og:locale\" content=\"lv_LV\" \/>\n<meta property=\"og:type\" content=\"article\" \/>\n<meta property=\"og:title\" content=\"Maisi ap\u0123\u0113rbiem - sdapakuote.lt\" \/>\n<meta property=\"og:description\" content=\"Iztur\u012bgi HDPE maisi ap\u0123\u0113rbiem. Pasarg\u0101 dr\u0113bes no putek\u013ciem un mitruma \u2013 ide\u0101li t\u012br\u012btav\u0101m un tirdzniec\u012bbai.\" \/>\n<meta property=\"og:url\" content=\"https:\/\/www.sdapakuote.lt\/lv\/produkti\/polietilena-maisini\/hdpe-mdpe-maisini\/maisi-apgerbiem\/\" \/>\n<meta property=\"og:site_name\" content=\"sdapakuote.lt\" \/>\n<meta property=\"og:image\" content=\"https:\/\/www.sdapakuote.lt\/wp-content\/uploads\/2021\/09\/maisai-rubams-apvilkti.jpg\" \/>\n\t<meta property=\"og:image:width\" content=\"606\" \/>\n\t<meta property=\"og:image:height\" content=\"1000\" \/>\n\t<meta property=\"og:image:type\" content=\"image\/jpeg\" \/>\n<meta name=\"twitter:card\" content=\"summary_large_image\" \/>\n<meta name=\"twitter:label1\" content=\"Est. reading time\" \/>\n\t<meta name=\"twitter:data1\" content=\"1 minute\" \/>\n<script type=\"application\/ld+json\" class=\"yoast-schema-graph\">{\"@context\":\"https:\\\/\\\/schema.org\",\"@graph\":[{\"@type\":\"WebPage\",\"@id\":\"https:\\\/\\\/www.sdapakuote.lt\\\/lv\\\/produkti\\\/polietilena-maisini\\\/hdpe-mdpe-maisini\\\/maisi-apgerbiem\\\/\",\"url\":\"https:\\\/\\\/www.sdapakuote.lt\\\/lv\\\/produkti\\\/polietilena-maisini\\\/hdpe-mdpe-maisini\\\/maisi-apgerbiem\\\/\",\"name\":\"Maisi ap\u0123\u0113rbiem - sdapakuote.lt\",\"isPartOf\":{\"@id\":\"https:\\\/\\\/www.sdapakuote.lt\\\/lv\\\/#website\"},\"primaryImageOfPage\":{\"@id\":\"https:\\\/\\\/www.sdapakuote.lt\\\/lv\\\/produkti\\\/polietilena-maisini\\\/hdpe-mdpe-maisini\\\/maisi-apgerbiem\\\/#primaryimage\"},\"image\":{\"@id\":\"https:\\\/\\\/www.sdapakuote.lt\\\/lv\\\/produkti\\\/polietilena-maisini\\\/hdpe-mdpe-maisini\\\/maisi-apgerbiem\\\/#primaryimage\"},\"thumbnailUrl\":\"https:\\\/\\\/www.sdapakuote.lt\\\/wp-content\\\/uploads\\\/2021\\\/09\\\/maisai-rubams-apvilkti.jpg\",\"datePublished\":\"2025-10-07T11:03:42+00:00\",\"description\":\"Iztur\u012bgi HDPE maisi ap\u0123\u0113rbiem. Pasarg\u0101 dr\u0113bes no putek\u013ciem un mitruma \u2013 ide\u0101li t\u012br\u012btav\u0101m un tirdzniec\u012bbai.\",\"breadcrumb\":{\"@id\":\"https:\\\/\\\/www.sdapakuote.lt\\\/lv\\\/produkti\\\/polietilena-maisini\\\/hdpe-mdpe-maisini\\\/maisi-apgerbiem\\\/#breadcrumb\"},\"inLanguage\":\"lv-LV\",\"potentialAction\":[{\"@type\":\"ReadAction\",\"target\":[\"https:\\\/\\\/www.sdapakuote.lt\\\/lv\\\/produkti\\\/polietilena-maisini\\\/hdpe-mdpe-maisini\\\/maisi-apgerbiem\\\/\"]}]},{\"@type\":\"ImageObject\",\"inLanguage\":\"lv-LV\",\"@id\":\"https:\\\/\\\/www.sdapakuote.lt\\\/lv\\\/produkti\\\/polietilena-maisini\\\/hdpe-mdpe-maisini\\\/maisi-apgerbiem\\\/#primaryimage\",\"url\":\"https:\\\/\\\/www.sdapakuote.lt\\\/wp-content\\\/uploads\\\/2021\\\/09\\\/maisai-rubams-apvilkti.jpg\",\"contentUrl\":\"https:\\\/\\\/www.sdapakuote.lt\\\/wp-content\\\/uploads\\\/2021\\\/09\\\/maisai-rubams-apvilkti.jpg\",\"width\":606,\"height\":1000},{\"@type\":\"BreadcrumbList\",\"@id\":\"https:\\\/\\\/www.sdapakuote.lt\\\/lv\\\/produkti\\\/polietilena-maisini\\\/hdpe-mdpe-maisini\\\/maisi-apgerbiem\\\/#breadcrumb\",\"itemListElement\":[{\"@type\":\"ListItem\",\"position\":1,\"name\":\"Home\",\"item\":\"https:\\\/\\\/www.sdapakuote.lt\\\/lv\\\/\"},{\"@type\":\"ListItem\",\"position\":2,\"name\":\"Produkti\",\"item\":\"https:\\\/\\\/www.sdapakuote.lt\\\/lv\\\/produkti\\\/\"},{\"@type\":\"ListItem\",\"position\":3,\"name\":\"Polietil\u0113na maisi\u0146i\",\"item\":\"https:\\\/\\\/www.sdapakuote.lt\\\/lv\\\/produkti\\\/polietilena-maisini\\\/\"},{\"@type\":\"ListItem\",\"position\":4,\"name\":\"HDPE \\\/ MDPE maisi\u0146i\",\"item\":\"https:\\\/\\\/www.sdapakuote.lt\\\/lv\\\/produkti\\\/polietilena-maisini\\\/hdpe-mdpe-maisini\\\/\"},{\"@type\":\"ListItem\",\"position\":5,\"name\":\"Maisi ap\u0123\u0113rbiem\"}]},{\"@type\":\"WebSite\",\"@id\":\"https:\\\/\\\/www.sdapakuote.lt\\\/lv\\\/#website\",\"url\":\"https:\\\/\\\/www.sdapakuote.lt\\\/lv\\\/\",\"name\":\"sdapakuote.lt\",\"description\":\"Kol kas tik dar vienas WordPress tinklalapis\",\"potentialAction\":[{\"@type\":\"SearchAction\",\"target\":{\"@type\":\"EntryPoint\",\"urlTemplate\":\"https:\\\/\\\/www.sdapakuote.lt\\\/lv\\\/?s={search_term_string}\"},\"query-input\":{\"@type\":\"PropertyValueSpecification\",\"valueRequired\":true,\"valueName\":\"search_term_string\"}}],\"inLanguage\":\"lv-LV\"}]}<\/script>\n<!-- \/ Yoast SEO plugin. -->","yoast_head_json":{"title":"Maisi ap\u0123\u0113rbiem - sdapakuote.lt","description":"Iztur\u012bgi HDPE maisi ap\u0123\u0113rbiem. Pasarg\u0101 dr\u0113bes no putek\u013ciem un mitruma \u2013 ide\u0101li t\u012br\u012btav\u0101m un tirdzniec\u012bbai.","robots":{"index":"index","follow":"follow","max-snippet":"max-snippet:-1","max-image-preview":"max-image-preview:large","max-video-preview":"max-video-preview:-1"},"canonical":"https:\/\/www.sdapakuote.lt\/lv\/produkti\/polietilena-maisini\/hdpe-mdpe-maisini\/maisi-apgerbiem\/","og_locale":"lv_LV","og_type":"article","og_title":"Maisi ap\u0123\u0113rbiem - sdapakuote.lt","og_description":"Iztur\u012bgi HDPE maisi ap\u0123\u0113rbiem. Pasarg\u0101 dr\u0113bes no putek\u013ciem un mitruma \u2013 ide\u0101li t\u012br\u012btav\u0101m un tirdzniec\u012bbai.","og_url":"https:\/\/www.sdapakuote.lt\/lv\/produkti\/polietilena-maisini\/hdpe-mdpe-maisini\/maisi-apgerbiem\/","og_site_name":"sdapakuote.lt","og_image":[{"width":606,"height":1000,"url":"https:\/\/www.sdapakuote.lt\/wp-content\/uploads\/2021\/09\/maisai-rubams-apvilkti.jpg","type":"image\/jpeg"}],"twitter_card":"summary_large_image","twitter_misc":{"Est. reading time":"1 minute"},"schema":{"@context":"https:\/\/schema.org","@graph":[{"@type":"WebPage","@id":"https:\/\/www.sdapakuote.lt\/lv\/produkti\/polietilena-maisini\/hdpe-mdpe-maisini\/maisi-apgerbiem\/","url":"https:\/\/www.sdapakuote.lt\/lv\/produkti\/polietilena-maisini\/hdpe-mdpe-maisini\/maisi-apgerbiem\/","name":"Maisi ap\u0123\u0113rbiem - sdapakuote.lt","isPartOf":{"@id":"https:\/\/www.sdapakuote.lt\/lv\/#website"},"primaryImageOfPage":{"@id":"https:\/\/www.sdapakuote.lt\/lv\/produkti\/polietilena-maisini\/hdpe-mdpe-maisini\/maisi-apgerbiem\/#primaryimage"},"image":{"@id":"https:\/\/www.sdapakuote.lt\/lv\/produkti\/polietilena-maisini\/hdpe-mdpe-maisini\/maisi-apgerbiem\/#primaryimage"},"thumbnailUrl":"https:\/\/www.sdapakuote.lt\/wp-content\/uploads\/2021\/09\/maisai-rubams-apvilkti.jpg","datePublished":"2025-10-07T11:03:42+00:00","description":"Iztur\u012bgi HDPE maisi ap\u0123\u0113rbiem. Pasarg\u0101 dr\u0113bes no putek\u013ciem un mitruma \u2013 ide\u0101li t\u012br\u012btav\u0101m un tirdzniec\u012bbai.","breadcrumb":{"@id":"https:\/\/www.sdapakuote.lt\/lv\/produkti\/polietilena-maisini\/hdpe-mdpe-maisini\/maisi-apgerbiem\/#breadcrumb"},"inLanguage":"lv-LV","potentialAction":[{"@type":"ReadAction","target":["https:\/\/www.sdapakuote.lt\/lv\/produkti\/polietilena-maisini\/hdpe-mdpe-maisini\/maisi-apgerbiem\/"]}]},{"@type":"ImageObject","inLanguage":"lv-LV","@id":"https:\/\/www.sdapakuote.lt\/lv\/produkti\/polietilena-maisini\/hdpe-mdpe-maisini\/maisi-apgerbiem\/#primaryimage","url":"https:\/\/www.sdapakuote.lt\/wp-content\/uploads\/2021\/09\/maisai-rubams-apvilkti.jpg","contentUrl":"https:\/\/www.sdapakuote.lt\/wp-content\/uploads\/2021\/09\/maisai-rubams-apvilkti.jpg","width":606,"height":1000},{"@type":"BreadcrumbList","@id":"https:\/\/www.sdapakuote.lt\/lv\/produkti\/polietilena-maisini\/hdpe-mdpe-maisini\/maisi-apgerbiem\/#breadcrumb","itemListElement":[{"@type":"ListItem","position":1,"name":"Home","item":"https:\/\/www.sdapakuote.lt\/lv\/"},{"@type":"ListItem","position":2,"name":"Produkti","item":"https:\/\/www.sdapakuote.lt\/lv\/produkti\/"},{"@type":"ListItem","position":3,"name":"Polietil\u0113na maisi\u0146i","item":"https:\/\/www.sdapakuote.lt\/lv\/produkti\/polietilena-maisini\/"},{"@type":"ListItem","position":4,"name":"HDPE \/ MDPE maisi\u0146i","item":"https:\/\/www.sdapakuote.lt\/lv\/produkti\/polietilena-maisini\/hdpe-mdpe-maisini\/"},{"@type":"ListItem","position":5,"name":"Maisi ap\u0123\u0113rbiem"}]},{"@type":"WebSite","@id":"https:\/\/www.sdapakuote.lt\/lv\/#website","url":"https:\/\/www.sdapakuote.lt\/lv\/","name":"sdapakuote.lt","description":"Kol kas tik dar vienas WordPress tinklalapis","potentialAction":[{"@type":"SearchAction","target":{"@type":"EntryPoint","urlTemplate":"https:\/\/www.sdapakuote.lt\/lv\/?s={search_term_string}"},"query-input":{"@type":"PropertyValueSpecification","valueRequired":true,"valueName":"search_term_string"}}],"inLanguage":"lv-LV"}]}},"_links":{"self":[{"href":"https:\/\/www.sdapakuote.lt\/lv\/wp-json\/wp\/v2\/pages\/4518","targetHints":{"allow":["GET"]}}],"collection":[{"href":"https:\/\/www.sdapakuote.lt\/lv\/wp-json\/wp\/v2\/pages"}],"about":[{"href":"https:\/\/www.sdapakuote.lt\/lv\/wp-json\/wp\/v2\/types\/page"}],"author":[{"embeddable":true,"href":"https:\/\/www.sdapakuote.lt\/lv\/wp-json\/wp\/v2\/users\/2"}],"replies":[{"embeddable":true,"href":"https:\/\/www.sdapakuote.lt\/lv\/wp-json\/wp\/v2\/comments?post=4518"}],"version-history":[{"count":1,"href":"https:\/\/www.sdapakuote.lt\/lv\/wp-json\/wp\/v2\/pages\/4518\/revisions"}],"predecessor-version":[{"id":4520,"href":"https:\/\/www.sdapakuote.lt\/lv\/wp-json\/wp\/v2\/pages\/4518\/revisions\/4520"}],"up":[{"embeddable":true,"href":"https:\/\/www.sdapakuote.lt\/lv\/wp-json\/wp\/v2\/pages\/4485"}],"wp:featuredmedia":[{"embeddable":true,"href":"https:\/\/www.sdapakuote.lt\/lv\/wp-json\/wp\/v2\/media\/4519"}],"wp:attachment":[{"href":"https:\/\/www.sdapakuote.lt\/lv\/wp-json\/wp\/v2\/media?parent=4518"}],"curies":[{"name":"wp","href":"https:\/\/api.w.org\/{rel}","templated":true}]}}