{"id":4515,"date":"2025-10-07T11:01:28","date_gmt":"2025-10-07T11:01:28","guid":{"rendered":"https:\/\/www.sdapakuote.lt\/?page_id=4515"},"modified":"2025-10-07T11:01:34","modified_gmt":"2025-10-07T11:01:34","slug":"maisi-riepam","status":"publish","type":"page","link":"https:\/\/www.sdapakuote.lt\/lv\/produkti\/polietilena-maisini\/hdpe-mdpe-maisini\/maisi-riepam\/","title":{"rendered":"Maisi riep\u0101m"},"content":{"rendered":"<p data-start=\"466\" data-end=\"537\"><strong data-start=\"466\" data-end=\"535\">Mai\u0161ai padangoms \u2013 patikima pakuot\u0117 autoservisams ir vairuotojams<\/strong><\/p>\n<p data-start=\"539\" data-end=\"779\"><strong data-start=\"539\" data-end=\"571\">Polietileno mai\u0161ai padangoms<\/strong> \u2013 viena populiariausi\u0173 pakuo\u010di\u0173 r\u016b\u0161i\u0173, naudojam\u0173 automobili\u0173 servis\u0173 srityje. Jie yra nepakei\u010diami <strong data-start=\"671\" data-end=\"736\">sezonini\u0173 padang\u0173 pakavimui, transportavimui ir sand\u0117liavimui<\/strong>, nes u\u017etikrina tvark\u0105, \u0161var\u0105 ir apsaug\u0105.<\/p>\n<p data-start=\"781\" data-end=\"982\">Viename mai\u0161e telpa <strong data-start=\"801\" data-end=\"817\">1\u20132 padangos<\/strong> (priklausomai nuo j\u0173 dyd\u017eio). <strong data-start=\"848\" data-end=\"868\">Mai\u0161ai padangoms<\/strong> yra tvirti, atspar\u016bs ply\u0161imui, neleid\u017eia ne\u0161varumams patekti \u012f aplink\u0105 ir saugo padangas nuo dulki\u0173 ar dr\u0117gm\u0117s.<\/p>\n<p data-start=\"984\" data-end=\"1015\">\u0160ie mai\u0161ai pla\u010diai naudojami:<\/p>\n<ul data-start=\"1016\" data-end=\"1138\">\n<li data-start=\"1016\" data-end=\"1047\">\n<p data-start=\"1018\" data-end=\"1047\"><strong data-start=\"1018\" data-end=\"1044\">automobili\u0173 servisuose<\/strong>,<\/p>\n<\/li>\n<li data-start=\"1048\" data-end=\"1105\">\n<p data-start=\"1050\" data-end=\"1105\"><strong data-start=\"1050\" data-end=\"1102\">padang\u0173 saugojimo paslaugas teikian\u010diose \u012fmon\u0117se<\/strong>,<\/p>\n<\/li>\n<li data-start=\"1106\" data-end=\"1138\">\n<p data-start=\"1108\" data-end=\"1138\">priva\u010di\u0173 vairuotoj\u0173 buityje.<\/p>\n<\/li>\n<\/ul>\n<p data-start=\"1140\" data-end=\"1288\"><strong data-start=\"1140\" data-end=\"1172\">Polietileno mai\u0161ai padangoms<\/strong> \u2013 prakti\u0161kas ir ekonomi\u0161kas sprendimas, u\u017etikrinantis tvarking\u0105 padang\u0173 laikym\u0105 tiek sand\u0117liuose, tiek gara\u017euose.<\/p>\n","protected":false},"excerpt":{"rendered":"<p>Mai\u0161ai padangoms \u2013 patikima pakuot\u0117 autoservisams ir vairuotojams Polietileno mai\u0161ai padangoms \u2013 viena populiariausi\u0173 pakuo\u010di\u0173 r\u016b\u0161i\u0173, naudojam\u0173 automobili\u0173 servis\u0173 srityje. Jie yra nepakei\u010diami sezonini\u0173 padang\u0173 pakavimui, transportavimui ir sand\u0117liavimui, nes u\u017etikrina tvark\u0105, \u0161var\u0105 ir apsaug\u0105. Viename mai\u0161e telpa 1\u20132 padangos (priklausomai nuo j\u0173 dyd\u017eio). Mai\u0161ai padangoms yra tvirti, atspar\u016bs ply\u0161imui, neleid\u017eia ne\u0161varumams patekti \u012f aplink\u0105 [&hellip;]<\/p>\n","protected":false},"author":2,"featured_media":4516,"parent":4485,"menu_order":0,"comment_status":"closed","ping_status":"closed","template":"page-single-product.php","meta":{"_acf_changed":false,"footnotes":""},"class_list":["post-4515","page","type-page","status-publish","has-post-thumbnail","hentry"],"acf":[],"yoast_head":"<!-- This site is optimized with the Yoast SEO plugin v27.4 - https:\/\/yoast.com\/product\/yoast-seo-wordpress\/ -->\n<title>Maisi riep\u0101m - sdapakuote.lt<\/title>\n<meta name=\"description\" content=\"Iztur\u012bgi HDPE un LDPE maisi riep\u0101m. Aizsarg\u0101 no net\u012brumiem un mitruma \u2013 ide\u0101li riepu uzglab\u0101\u0161anai un transport\u0113\u0161anai.\" \/>\n<meta name=\"robots\" content=\"index, follow, max-snippet:-1, max-image-preview:large, max-video-preview:-1\" \/>\n<link rel=\"canonical\" href=\"https:\/\/www.sdapakuote.lt\/lv\/produkti\/polietilena-maisini\/hdpe-mdpe-maisini\/maisi-riepam\/\" \/>\n<meta property=\"og:locale\" content=\"lv_LV\" \/>\n<meta property=\"og:type\" content=\"article\" \/>\n<meta property=\"og:title\" content=\"Maisi riep\u0101m - sdapakuote.lt\" \/>\n<meta property=\"og:description\" content=\"Iztur\u012bgi HDPE un LDPE maisi riep\u0101m. Aizsarg\u0101 no net\u012brumiem un mitruma \u2013 ide\u0101li riepu uzglab\u0101\u0161anai un transport\u0113\u0161anai.\" \/>\n<meta property=\"og:url\" content=\"https:\/\/www.sdapakuote.lt\/lv\/produkti\/polietilena-maisini\/hdpe-mdpe-maisini\/maisi-riepam\/\" \/>\n<meta property=\"og:site_name\" content=\"sdapakuote.lt\" \/>\n<meta property=\"article:modified_time\" content=\"2025-10-07T11:01:34+00:00\" \/>\n<meta property=\"og:image\" content=\"https:\/\/www.sdapakuote.lt\/wp-content\/uploads\/2021\/09\/maisai-padangoms.jpg\" \/>\n\t<meta property=\"og:image:width\" content=\"753\" \/>\n\t<meta property=\"og:image:height\" content=\"1000\" \/>\n\t<meta property=\"og:image:type\" content=\"image\/jpeg\" \/>\n<meta name=\"twitter:card\" content=\"summary_large_image\" \/>\n<meta name=\"twitter:label1\" content=\"Est. reading time\" \/>\n\t<meta name=\"twitter:data1\" content=\"1 minute\" \/>\n<script type=\"application\/ld+json\" class=\"yoast-schema-graph\">{\"@context\":\"https:\\\/\\\/schema.org\",\"@graph\":[{\"@type\":\"WebPage\",\"@id\":\"https:\\\/\\\/www.sdapakuote.lt\\\/lv\\\/produkti\\\/polietilena-maisini\\\/hdpe-mdpe-maisini\\\/maisi-riepam\\\/\",\"url\":\"https:\\\/\\\/www.sdapakuote.lt\\\/lv\\\/produkti\\\/polietilena-maisini\\\/hdpe-mdpe-maisini\\\/maisi-riepam\\\/\",\"name\":\"Maisi riep\u0101m - sdapakuote.lt\",\"isPartOf\":{\"@id\":\"https:\\\/\\\/www.sdapakuote.lt\\\/lv\\\/#website\"},\"primaryImageOfPage\":{\"@id\":\"https:\\\/\\\/www.sdapakuote.lt\\\/lv\\\/produkti\\\/polietilena-maisini\\\/hdpe-mdpe-maisini\\\/maisi-riepam\\\/#primaryimage\"},\"image\":{\"@id\":\"https:\\\/\\\/www.sdapakuote.lt\\\/lv\\\/produkti\\\/polietilena-maisini\\\/hdpe-mdpe-maisini\\\/maisi-riepam\\\/#primaryimage\"},\"thumbnailUrl\":\"https:\\\/\\\/www.sdapakuote.lt\\\/wp-content\\\/uploads\\\/2021\\\/09\\\/maisai-padangoms.jpg\",\"datePublished\":\"2025-10-07T11:01:28+00:00\",\"dateModified\":\"2025-10-07T11:01:34+00:00\",\"description\":\"Iztur\u012bgi HDPE un LDPE maisi riep\u0101m. Aizsarg\u0101 no net\u012brumiem un mitruma \u2013 ide\u0101li riepu uzglab\u0101\u0161anai un transport\u0113\u0161anai.\",\"breadcrumb\":{\"@id\":\"https:\\\/\\\/www.sdapakuote.lt\\\/lv\\\/produkti\\\/polietilena-maisini\\\/hdpe-mdpe-maisini\\\/maisi-riepam\\\/#breadcrumb\"},\"inLanguage\":\"lv-LV\",\"potentialAction\":[{\"@type\":\"ReadAction\",\"target\":[\"https:\\\/\\\/www.sdapakuote.lt\\\/lv\\\/produkti\\\/polietilena-maisini\\\/hdpe-mdpe-maisini\\\/maisi-riepam\\\/\"]}]},{\"@type\":\"ImageObject\",\"inLanguage\":\"lv-LV\",\"@id\":\"https:\\\/\\\/www.sdapakuote.lt\\\/lv\\\/produkti\\\/polietilena-maisini\\\/hdpe-mdpe-maisini\\\/maisi-riepam\\\/#primaryimage\",\"url\":\"https:\\\/\\\/www.sdapakuote.lt\\\/wp-content\\\/uploads\\\/2021\\\/09\\\/maisai-padangoms.jpg\",\"contentUrl\":\"https:\\\/\\\/www.sdapakuote.lt\\\/wp-content\\\/uploads\\\/2021\\\/09\\\/maisai-padangoms.jpg\",\"width\":753,\"height\":1000,\"caption\":\"Mai\u0161ai padangoms\"},{\"@type\":\"BreadcrumbList\",\"@id\":\"https:\\\/\\\/www.sdapakuote.lt\\\/lv\\\/produkti\\\/polietilena-maisini\\\/hdpe-mdpe-maisini\\\/maisi-riepam\\\/#breadcrumb\",\"itemListElement\":[{\"@type\":\"ListItem\",\"position\":1,\"name\":\"Home\",\"item\":\"https:\\\/\\\/www.sdapakuote.lt\\\/lv\\\/\"},{\"@type\":\"ListItem\",\"position\":2,\"name\":\"Produkti\",\"item\":\"https:\\\/\\\/www.sdapakuote.lt\\\/lv\\\/produkti\\\/\"},{\"@type\":\"ListItem\",\"position\":3,\"name\":\"Polietil\u0113na maisi\u0146i\",\"item\":\"https:\\\/\\\/www.sdapakuote.lt\\\/lv\\\/produkti\\\/polietilena-maisini\\\/\"},{\"@type\":\"ListItem\",\"position\":4,\"name\":\"HDPE \\\/ MDPE maisi\u0146i\",\"item\":\"https:\\\/\\\/www.sdapakuote.lt\\\/lv\\\/produkti\\\/polietilena-maisini\\\/hdpe-mdpe-maisini\\\/\"},{\"@type\":\"ListItem\",\"position\":5,\"name\":\"Maisi riep\u0101m\"}]},{\"@type\":\"WebSite\",\"@id\":\"https:\\\/\\\/www.sdapakuote.lt\\\/lv\\\/#website\",\"url\":\"https:\\\/\\\/www.sdapakuote.lt\\\/lv\\\/\",\"name\":\"sdapakuote.lt\",\"description\":\"Kol kas tik dar vienas WordPress tinklalapis\",\"potentialAction\":[{\"@type\":\"SearchAction\",\"target\":{\"@type\":\"EntryPoint\",\"urlTemplate\":\"https:\\\/\\\/www.sdapakuote.lt\\\/lv\\\/?s={search_term_string}\"},\"query-input\":{\"@type\":\"PropertyValueSpecification\",\"valueRequired\":true,\"valueName\":\"search_term_string\"}}],\"inLanguage\":\"lv-LV\"}]}<\/script>\n<!-- \/ Yoast SEO plugin. -->","yoast_head_json":{"title":"Maisi riep\u0101m - sdapakuote.lt","description":"Iztur\u012bgi HDPE un LDPE maisi riep\u0101m. Aizsarg\u0101 no net\u012brumiem un mitruma \u2013 ide\u0101li riepu uzglab\u0101\u0161anai un transport\u0113\u0161anai.","robots":{"index":"index","follow":"follow","max-snippet":"max-snippet:-1","max-image-preview":"max-image-preview:large","max-video-preview":"max-video-preview:-1"},"canonical":"https:\/\/www.sdapakuote.lt\/lv\/produkti\/polietilena-maisini\/hdpe-mdpe-maisini\/maisi-riepam\/","og_locale":"lv_LV","og_type":"article","og_title":"Maisi riep\u0101m - sdapakuote.lt","og_description":"Iztur\u012bgi HDPE un LDPE maisi riep\u0101m. Aizsarg\u0101 no net\u012brumiem un mitruma \u2013 ide\u0101li riepu uzglab\u0101\u0161anai un transport\u0113\u0161anai.","og_url":"https:\/\/www.sdapakuote.lt\/lv\/produkti\/polietilena-maisini\/hdpe-mdpe-maisini\/maisi-riepam\/","og_site_name":"sdapakuote.lt","article_modified_time":"2025-10-07T11:01:34+00:00","og_image":[{"width":753,"height":1000,"url":"https:\/\/www.sdapakuote.lt\/wp-content\/uploads\/2021\/09\/maisai-padangoms.jpg","type":"image\/jpeg"}],"twitter_card":"summary_large_image","twitter_misc":{"Est. reading time":"1 minute"},"schema":{"@context":"https:\/\/schema.org","@graph":[{"@type":"WebPage","@id":"https:\/\/www.sdapakuote.lt\/lv\/produkti\/polietilena-maisini\/hdpe-mdpe-maisini\/maisi-riepam\/","url":"https:\/\/www.sdapakuote.lt\/lv\/produkti\/polietilena-maisini\/hdpe-mdpe-maisini\/maisi-riepam\/","name":"Maisi riep\u0101m - sdapakuote.lt","isPartOf":{"@id":"https:\/\/www.sdapakuote.lt\/lv\/#website"},"primaryImageOfPage":{"@id":"https:\/\/www.sdapakuote.lt\/lv\/produkti\/polietilena-maisini\/hdpe-mdpe-maisini\/maisi-riepam\/#primaryimage"},"image":{"@id":"https:\/\/www.sdapakuote.lt\/lv\/produkti\/polietilena-maisini\/hdpe-mdpe-maisini\/maisi-riepam\/#primaryimage"},"thumbnailUrl":"https:\/\/www.sdapakuote.lt\/wp-content\/uploads\/2021\/09\/maisai-padangoms.jpg","datePublished":"2025-10-07T11:01:28+00:00","dateModified":"2025-10-07T11:01:34+00:00","description":"Iztur\u012bgi HDPE un LDPE maisi riep\u0101m. Aizsarg\u0101 no net\u012brumiem un mitruma \u2013 ide\u0101li riepu uzglab\u0101\u0161anai un transport\u0113\u0161anai.","breadcrumb":{"@id":"https:\/\/www.sdapakuote.lt\/lv\/produkti\/polietilena-maisini\/hdpe-mdpe-maisini\/maisi-riepam\/#breadcrumb"},"inLanguage":"lv-LV","potentialAction":[{"@type":"ReadAction","target":["https:\/\/www.sdapakuote.lt\/lv\/produkti\/polietilena-maisini\/hdpe-mdpe-maisini\/maisi-riepam\/"]}]},{"@type":"ImageObject","inLanguage":"lv-LV","@id":"https:\/\/www.sdapakuote.lt\/lv\/produkti\/polietilena-maisini\/hdpe-mdpe-maisini\/maisi-riepam\/#primaryimage","url":"https:\/\/www.sdapakuote.lt\/wp-content\/uploads\/2021\/09\/maisai-padangoms.jpg","contentUrl":"https:\/\/www.sdapakuote.lt\/wp-content\/uploads\/2021\/09\/maisai-padangoms.jpg","width":753,"height":1000,"caption":"Mai\u0161ai padangoms"},{"@type":"BreadcrumbList","@id":"https:\/\/www.sdapakuote.lt\/lv\/produkti\/polietilena-maisini\/hdpe-mdpe-maisini\/maisi-riepam\/#breadcrumb","itemListElement":[{"@type":"ListItem","position":1,"name":"Home","item":"https:\/\/www.sdapakuote.lt\/lv\/"},{"@type":"ListItem","position":2,"name":"Produkti","item":"https:\/\/www.sdapakuote.lt\/lv\/produkti\/"},{"@type":"ListItem","position":3,"name":"Polietil\u0113na maisi\u0146i","item":"https:\/\/www.sdapakuote.lt\/lv\/produkti\/polietilena-maisini\/"},{"@type":"ListItem","position":4,"name":"HDPE \/ MDPE maisi\u0146i","item":"https:\/\/www.sdapakuote.lt\/lv\/produkti\/polietilena-maisini\/hdpe-mdpe-maisini\/"},{"@type":"ListItem","position":5,"name":"Maisi riep\u0101m"}]},{"@type":"WebSite","@id":"https:\/\/www.sdapakuote.lt\/lv\/#website","url":"https:\/\/www.sdapakuote.lt\/lv\/","name":"sdapakuote.lt","description":"Kol kas tik dar vienas WordPress tinklalapis","potentialAction":[{"@type":"SearchAction","target":{"@type":"EntryPoint","urlTemplate":"https:\/\/www.sdapakuote.lt\/lv\/?s={search_term_string}"},"query-input":{"@type":"PropertyValueSpecification","valueRequired":true,"valueName":"search_term_string"}}],"inLanguage":"lv-LV"}]}},"_links":{"self":[{"href":"https:\/\/www.sdapakuote.lt\/lv\/wp-json\/wp\/v2\/pages\/4515","targetHints":{"allow":["GET"]}}],"collection":[{"href":"https:\/\/www.sdapakuote.lt\/lv\/wp-json\/wp\/v2\/pages"}],"about":[{"href":"https:\/\/www.sdapakuote.lt\/lv\/wp-json\/wp\/v2\/types\/page"}],"author":[{"embeddable":true,"href":"https:\/\/www.sdapakuote.lt\/lv\/wp-json\/wp\/v2\/users\/2"}],"replies":[{"embeddable":true,"href":"https:\/\/www.sdapakuote.lt\/lv\/wp-json\/wp\/v2\/comments?post=4515"}],"version-history":[{"count":1,"href":"https:\/\/www.sdapakuote.lt\/lv\/wp-json\/wp\/v2\/pages\/4515\/revisions"}],"predecessor-version":[{"id":4517,"href":"https:\/\/www.sdapakuote.lt\/lv\/wp-json\/wp\/v2\/pages\/4515\/revisions\/4517"}],"up":[{"embeddable":true,"href":"https:\/\/www.sdapakuote.lt\/lv\/wp-json\/wp\/v2\/pages\/4485"}],"wp:featuredmedia":[{"embeddable":true,"href":"https:\/\/www.sdapakuote.lt\/lv\/wp-json\/wp\/v2\/media\/4516"}],"wp:attachment":[{"href":"https:\/\/www.sdapakuote.lt\/lv\/wp-json\/wp\/v2\/media?parent=4515"}],"curies":[{"name":"wp","href":"https:\/\/api.w.org\/{rel}","templated":true}]}}