{"id":4512,"date":"2025-10-07T10:59:52","date_gmt":"2025-10-07T10:59:52","guid":{"rendered":"https:\/\/www.sdapakuote.lt\/?page_id=4512"},"modified":"2025-10-07T11:00:00","modified_gmt":"2025-10-07T11:00:00","slug":"maisi-kompostam","status":"publish","type":"page","link":"https:\/\/www.sdapakuote.lt\/lv\/produkti\/polietilena-maisini\/hdpe-mdpe-maisini\/maisi-kompostam\/","title":{"rendered":"Maisi kompostam"},"content":{"rendered":"<p data-start=\"248\" data-end=\"541\"><strong data-start=\"248\" data-end=\"263\">SDA Pakuot\u0117<\/strong> pied\u0101v\u0101 <strong data-start=\"272\" data-end=\"316\">augstas kvalit\u0101tes HDPE maisus kompostam<\/strong>, kas ir neaizvietojami <strong data-start=\"340\" data-end=\"406\">sadz\u012bves, d\u0101rza un lauksaimniec\u012bbas atkritumu apsaimnieko\u0161an\u0101.<\/strong><br data-start=\"406\" data-end=\"409\" \/><br \/>\n\u0160ie maisi izce\u013cas ar <strong data-start=\"430\" data-end=\"465\">augstu iztur\u012bbu un ekonomiskumu<\/strong>, t\u0101p\u0113c tie ir piem\u0113roti lieto\u0161anai gan <strong data-start=\"505\" data-end=\"541\">m\u0101jsaimniec\u012bb\u0101s, gan r\u016bpniec\u012bb\u0101.<\/strong><\/p>\n<p data-start=\"543\" data-end=\"780\"><strong data-start=\"543\" data-end=\"557\">HDPE pl\u0113ve<\/strong>, no kuras tiek ra\u017eoti maisi, ir <strong data-start=\"590\" data-end=\"611\">stipr\u0101ka par LDPE<\/strong>, nodro\u0161inot <strong data-start=\"624\" data-end=\"671\">liel\u0101ku notur\u012bbu pret pl\u012bsumiem un smagumu.<\/strong><br data-start=\"671\" data-end=\"674\" \/><br \/>\nTurkl\u0101t maisu cena ir atkar\u012bga no pl\u0113ves biezuma, kas \u013cauj <strong data-start=\"733\" data-end=\"780\">piel\u0101got risin\u0101jumu konkr\u0113taj\u0101m vajadz\u012bb\u0101m.<\/strong><\/p>\n<h3 data-start=\"782\" data-end=\"813\"><strong data-start=\"786\" data-end=\"813\">Galven\u0101s priek\u0161roc\u012bbas:<\/strong><\/h3>\n<ul data-start=\"814\" data-end=\"987\">\n<li data-start=\"814\" data-end=\"866\">\n<p data-start=\"816\" data-end=\"866\">Iztur\u012bgi pret mitrumu un meh\u0101niskiem boj\u0101jumiem,<\/p>\n<\/li>\n<li data-start=\"867\" data-end=\"914\">\n<p data-start=\"869\" data-end=\"914\">Piem\u0113roti komposta un atkritumu sav\u0101k\u0161anai,<\/p>\n<\/li>\n<li data-start=\"915\" data-end=\"948\">\n<p data-start=\"917\" data-end=\"948\">Ekonomiski un \u0113rti lieto\u0161an\u0101,<\/p>\n<\/li>\n<li data-start=\"949\" data-end=\"987\">\n<p data-start=\"951\" data-end=\"987\">Pieejami da\u017e\u0101di izm\u0113ri un biezumi.<\/p>\n<\/li>\n<\/ul>\n<p data-start=\"989\" data-end=\"1173\"><strong data-start=\"989\" data-end=\"1013\">HDPE maisi kompostam<\/strong> ir <strong data-start=\"1017\" data-end=\"1053\">praktisks un uzticams risin\u0101jums<\/strong>, kas pal\u012bdz <strong data-start=\"1066\" data-end=\"1084\">uztur\u0113t t\u012br\u012bbu<\/strong>, nov\u0113r\u0161 <strong data-start=\"1093\" data-end=\"1118\">net\u012brumu izplat\u012b\u0161anos<\/strong> un nodro\u0161ina <strong data-start=\"1132\" data-end=\"1173\">\u0113rtu komposta un atkritumu sav\u0101k\u0161anu.<\/strong><\/p>\n","protected":false},"excerpt":{"rendered":"<p>SDA Pakuot\u0117 pied\u0101v\u0101 augstas kvalit\u0101tes HDPE maisus kompostam, kas ir neaizvietojami sadz\u012bves, d\u0101rza un lauksaimniec\u012bbas atkritumu apsaimnieko\u0161an\u0101. \u0160ie maisi izce\u013cas ar augstu iztur\u012bbu un ekonomiskumu, t\u0101p\u0113c tie ir piem\u0113roti lieto\u0161anai gan m\u0101jsaimniec\u012bb\u0101s, gan r\u016bpniec\u012bb\u0101. HDPE pl\u0113ve, no kuras tiek ra\u017eoti maisi, ir stipr\u0101ka par LDPE, nodro\u0161inot liel\u0101ku notur\u012bbu pret pl\u012bsumiem un smagumu. Turkl\u0101t maisu cena [&hellip;]<\/p>\n","protected":false},"author":2,"featured_media":4513,"parent":4485,"menu_order":0,"comment_status":"closed","ping_status":"closed","template":"page-single-product.php","meta":{"_acf_changed":false,"footnotes":""},"class_list":["post-4512","page","type-page","status-publish","has-post-thumbnail","hentry"],"acf":[],"yoast_head":"<!-- This site is optimized with the Yoast SEO plugin v27.4 - https:\/\/yoast.com\/product\/yoast-seo-wordpress\/ -->\n<title>Maisi kompostam - sdapakuote.lt<\/title>\n<meta name=\"description\" content=\"Iztur\u012bgi un ekonomiski HDPE maisi kompostam. Dro\u0161s risin\u0101jums d\u0101rza un sadz\u012bves atkritumu sav\u0101k\u0161anai un uzglab\u0101\u0161anai.\" \/>\n<meta name=\"robots\" content=\"index, follow, max-snippet:-1, max-image-preview:large, max-video-preview:-1\" \/>\n<link rel=\"canonical\" href=\"https:\/\/www.sdapakuote.lt\/lv\/produkti\/polietilena-maisini\/hdpe-mdpe-maisini\/maisi-kompostam\/\" \/>\n<meta property=\"og:locale\" content=\"lv_LV\" \/>\n<meta property=\"og:type\" content=\"article\" \/>\n<meta property=\"og:title\" content=\"Maisi kompostam - sdapakuote.lt\" \/>\n<meta property=\"og:description\" content=\"Iztur\u012bgi un ekonomiski HDPE maisi kompostam. Dro\u0161s risin\u0101jums d\u0101rza un sadz\u012bves atkritumu sav\u0101k\u0161anai un uzglab\u0101\u0161anai.\" \/>\n<meta property=\"og:url\" content=\"https:\/\/www.sdapakuote.lt\/lv\/produkti\/polietilena-maisini\/hdpe-mdpe-maisini\/maisi-kompostam\/\" \/>\n<meta property=\"og:site_name\" content=\"sdapakuote.lt\" \/>\n<meta property=\"article:modified_time\" content=\"2025-10-07T11:00:00+00:00\" \/>\n<meta property=\"og:image\" content=\"https:\/\/www.sdapakuote.lt\/wp-content\/uploads\/2021\/09\/maisai-kompostui.jpg\" \/>\n\t<meta property=\"og:image:width\" content=\"781\" \/>\n\t<meta property=\"og:image:height\" content=\"1000\" \/>\n\t<meta property=\"og:image:type\" content=\"image\/jpeg\" \/>\n<meta name=\"twitter:card\" content=\"summary_large_image\" \/>\n<meta name=\"twitter:label1\" content=\"Est. reading time\" \/>\n\t<meta name=\"twitter:data1\" content=\"1 minute\" \/>\n<script type=\"application\/ld+json\" class=\"yoast-schema-graph\">{\"@context\":\"https:\\\/\\\/schema.org\",\"@graph\":[{\"@type\":\"WebPage\",\"@id\":\"https:\\\/\\\/www.sdapakuote.lt\\\/lv\\\/produkti\\\/polietilena-maisini\\\/hdpe-mdpe-maisini\\\/maisi-kompostam\\\/\",\"url\":\"https:\\\/\\\/www.sdapakuote.lt\\\/lv\\\/produkti\\\/polietilena-maisini\\\/hdpe-mdpe-maisini\\\/maisi-kompostam\\\/\",\"name\":\"Maisi kompostam - sdapakuote.lt\",\"isPartOf\":{\"@id\":\"https:\\\/\\\/www.sdapakuote.lt\\\/lv\\\/#website\"},\"primaryImageOfPage\":{\"@id\":\"https:\\\/\\\/www.sdapakuote.lt\\\/lv\\\/produkti\\\/polietilena-maisini\\\/hdpe-mdpe-maisini\\\/maisi-kompostam\\\/#primaryimage\"},\"image\":{\"@id\":\"https:\\\/\\\/www.sdapakuote.lt\\\/lv\\\/produkti\\\/polietilena-maisini\\\/hdpe-mdpe-maisini\\\/maisi-kompostam\\\/#primaryimage\"},\"thumbnailUrl\":\"https:\\\/\\\/www.sdapakuote.lt\\\/wp-content\\\/uploads\\\/2021\\\/09\\\/maisai-kompostui.jpg\",\"datePublished\":\"2025-10-07T10:59:52+00:00\",\"dateModified\":\"2025-10-07T11:00:00+00:00\",\"description\":\"Iztur\u012bgi un ekonomiski HDPE maisi kompostam. Dro\u0161s risin\u0101jums d\u0101rza un sadz\u012bves atkritumu sav\u0101k\u0161anai un uzglab\u0101\u0161anai.\",\"breadcrumb\":{\"@id\":\"https:\\\/\\\/www.sdapakuote.lt\\\/lv\\\/produkti\\\/polietilena-maisini\\\/hdpe-mdpe-maisini\\\/maisi-kompostam\\\/#breadcrumb\"},\"inLanguage\":\"lv-LV\",\"potentialAction\":[{\"@type\":\"ReadAction\",\"target\":[\"https:\\\/\\\/www.sdapakuote.lt\\\/lv\\\/produkti\\\/polietilena-maisini\\\/hdpe-mdpe-maisini\\\/maisi-kompostam\\\/\"]}]},{\"@type\":\"ImageObject\",\"inLanguage\":\"lv-LV\",\"@id\":\"https:\\\/\\\/www.sdapakuote.lt\\\/lv\\\/produkti\\\/polietilena-maisini\\\/hdpe-mdpe-maisini\\\/maisi-kompostam\\\/#primaryimage\",\"url\":\"https:\\\/\\\/www.sdapakuote.lt\\\/wp-content\\\/uploads\\\/2021\\\/09\\\/maisai-kompostui.jpg\",\"contentUrl\":\"https:\\\/\\\/www.sdapakuote.lt\\\/wp-content\\\/uploads\\\/2021\\\/09\\\/maisai-kompostui.jpg\",\"width\":781,\"height\":1000,\"caption\":\"Mai\u0161ai kompostui\"},{\"@type\":\"BreadcrumbList\",\"@id\":\"https:\\\/\\\/www.sdapakuote.lt\\\/lv\\\/produkti\\\/polietilena-maisini\\\/hdpe-mdpe-maisini\\\/maisi-kompostam\\\/#breadcrumb\",\"itemListElement\":[{\"@type\":\"ListItem\",\"position\":1,\"name\":\"Home\",\"item\":\"https:\\\/\\\/www.sdapakuote.lt\\\/lv\\\/\"},{\"@type\":\"ListItem\",\"position\":2,\"name\":\"Produkti\",\"item\":\"https:\\\/\\\/www.sdapakuote.lt\\\/lv\\\/produkti\\\/\"},{\"@type\":\"ListItem\",\"position\":3,\"name\":\"Polietil\u0113na maisi\u0146i\",\"item\":\"https:\\\/\\\/www.sdapakuote.lt\\\/lv\\\/produkti\\\/polietilena-maisini\\\/\"},{\"@type\":\"ListItem\",\"position\":4,\"name\":\"HDPE \\\/ MDPE maisi\u0146i\",\"item\":\"https:\\\/\\\/www.sdapakuote.lt\\\/lv\\\/produkti\\\/polietilena-maisini\\\/hdpe-mdpe-maisini\\\/\"},{\"@type\":\"ListItem\",\"position\":5,\"name\":\"Maisi kompostam\"}]},{\"@type\":\"WebSite\",\"@id\":\"https:\\\/\\\/www.sdapakuote.lt\\\/lv\\\/#website\",\"url\":\"https:\\\/\\\/www.sdapakuote.lt\\\/lv\\\/\",\"name\":\"sdapakuote.lt\",\"description\":\"Kol kas tik dar vienas WordPress tinklalapis\",\"potentialAction\":[{\"@type\":\"SearchAction\",\"target\":{\"@type\":\"EntryPoint\",\"urlTemplate\":\"https:\\\/\\\/www.sdapakuote.lt\\\/lv\\\/?s={search_term_string}\"},\"query-input\":{\"@type\":\"PropertyValueSpecification\",\"valueRequired\":true,\"valueName\":\"search_term_string\"}}],\"inLanguage\":\"lv-LV\"}]}<\/script>\n<!-- \/ Yoast SEO plugin. -->","yoast_head_json":{"title":"Maisi kompostam - sdapakuote.lt","description":"Iztur\u012bgi un ekonomiski HDPE maisi kompostam. Dro\u0161s risin\u0101jums d\u0101rza un sadz\u012bves atkritumu sav\u0101k\u0161anai un uzglab\u0101\u0161anai.","robots":{"index":"index","follow":"follow","max-snippet":"max-snippet:-1","max-image-preview":"max-image-preview:large","max-video-preview":"max-video-preview:-1"},"canonical":"https:\/\/www.sdapakuote.lt\/lv\/produkti\/polietilena-maisini\/hdpe-mdpe-maisini\/maisi-kompostam\/","og_locale":"lv_LV","og_type":"article","og_title":"Maisi kompostam - sdapakuote.lt","og_description":"Iztur\u012bgi un ekonomiski HDPE maisi kompostam. Dro\u0161s risin\u0101jums d\u0101rza un sadz\u012bves atkritumu sav\u0101k\u0161anai un uzglab\u0101\u0161anai.","og_url":"https:\/\/www.sdapakuote.lt\/lv\/produkti\/polietilena-maisini\/hdpe-mdpe-maisini\/maisi-kompostam\/","og_site_name":"sdapakuote.lt","article_modified_time":"2025-10-07T11:00:00+00:00","og_image":[{"width":781,"height":1000,"url":"https:\/\/www.sdapakuote.lt\/wp-content\/uploads\/2021\/09\/maisai-kompostui.jpg","type":"image\/jpeg"}],"twitter_card":"summary_large_image","twitter_misc":{"Est. reading time":"1 minute"},"schema":{"@context":"https:\/\/schema.org","@graph":[{"@type":"WebPage","@id":"https:\/\/www.sdapakuote.lt\/lv\/produkti\/polietilena-maisini\/hdpe-mdpe-maisini\/maisi-kompostam\/","url":"https:\/\/www.sdapakuote.lt\/lv\/produkti\/polietilena-maisini\/hdpe-mdpe-maisini\/maisi-kompostam\/","name":"Maisi kompostam - sdapakuote.lt","isPartOf":{"@id":"https:\/\/www.sdapakuote.lt\/lv\/#website"},"primaryImageOfPage":{"@id":"https:\/\/www.sdapakuote.lt\/lv\/produkti\/polietilena-maisini\/hdpe-mdpe-maisini\/maisi-kompostam\/#primaryimage"},"image":{"@id":"https:\/\/www.sdapakuote.lt\/lv\/produkti\/polietilena-maisini\/hdpe-mdpe-maisini\/maisi-kompostam\/#primaryimage"},"thumbnailUrl":"https:\/\/www.sdapakuote.lt\/wp-content\/uploads\/2021\/09\/maisai-kompostui.jpg","datePublished":"2025-10-07T10:59:52+00:00","dateModified":"2025-10-07T11:00:00+00:00","description":"Iztur\u012bgi un ekonomiski HDPE maisi kompostam. Dro\u0161s risin\u0101jums d\u0101rza un sadz\u012bves atkritumu sav\u0101k\u0161anai un uzglab\u0101\u0161anai.","breadcrumb":{"@id":"https:\/\/www.sdapakuote.lt\/lv\/produkti\/polietilena-maisini\/hdpe-mdpe-maisini\/maisi-kompostam\/#breadcrumb"},"inLanguage":"lv-LV","potentialAction":[{"@type":"ReadAction","target":["https:\/\/www.sdapakuote.lt\/lv\/produkti\/polietilena-maisini\/hdpe-mdpe-maisini\/maisi-kompostam\/"]}]},{"@type":"ImageObject","inLanguage":"lv-LV","@id":"https:\/\/www.sdapakuote.lt\/lv\/produkti\/polietilena-maisini\/hdpe-mdpe-maisini\/maisi-kompostam\/#primaryimage","url":"https:\/\/www.sdapakuote.lt\/wp-content\/uploads\/2021\/09\/maisai-kompostui.jpg","contentUrl":"https:\/\/www.sdapakuote.lt\/wp-content\/uploads\/2021\/09\/maisai-kompostui.jpg","width":781,"height":1000,"caption":"Mai\u0161ai kompostui"},{"@type":"BreadcrumbList","@id":"https:\/\/www.sdapakuote.lt\/lv\/produkti\/polietilena-maisini\/hdpe-mdpe-maisini\/maisi-kompostam\/#breadcrumb","itemListElement":[{"@type":"ListItem","position":1,"name":"Home","item":"https:\/\/www.sdapakuote.lt\/lv\/"},{"@type":"ListItem","position":2,"name":"Produkti","item":"https:\/\/www.sdapakuote.lt\/lv\/produkti\/"},{"@type":"ListItem","position":3,"name":"Polietil\u0113na maisi\u0146i","item":"https:\/\/www.sdapakuote.lt\/lv\/produkti\/polietilena-maisini\/"},{"@type":"ListItem","position":4,"name":"HDPE \/ MDPE maisi\u0146i","item":"https:\/\/www.sdapakuote.lt\/lv\/produkti\/polietilena-maisini\/hdpe-mdpe-maisini\/"},{"@type":"ListItem","position":5,"name":"Maisi kompostam"}]},{"@type":"WebSite","@id":"https:\/\/www.sdapakuote.lt\/lv\/#website","url":"https:\/\/www.sdapakuote.lt\/lv\/","name":"sdapakuote.lt","description":"Kol kas tik dar vienas WordPress tinklalapis","potentialAction":[{"@type":"SearchAction","target":{"@type":"EntryPoint","urlTemplate":"https:\/\/www.sdapakuote.lt\/lv\/?s={search_term_string}"},"query-input":{"@type":"PropertyValueSpecification","valueRequired":true,"valueName":"search_term_string"}}],"inLanguage":"lv-LV"}]}},"_links":{"self":[{"href":"https:\/\/www.sdapakuote.lt\/lv\/wp-json\/wp\/v2\/pages\/4512","targetHints":{"allow":["GET"]}}],"collection":[{"href":"https:\/\/www.sdapakuote.lt\/lv\/wp-json\/wp\/v2\/pages"}],"about":[{"href":"https:\/\/www.sdapakuote.lt\/lv\/wp-json\/wp\/v2\/types\/page"}],"author":[{"embeddable":true,"href":"https:\/\/www.sdapakuote.lt\/lv\/wp-json\/wp\/v2\/users\/2"}],"replies":[{"embeddable":true,"href":"https:\/\/www.sdapakuote.lt\/lv\/wp-json\/wp\/v2\/comments?post=4512"}],"version-history":[{"count":1,"href":"https:\/\/www.sdapakuote.lt\/lv\/wp-json\/wp\/v2\/pages\/4512\/revisions"}],"predecessor-version":[{"id":4514,"href":"https:\/\/www.sdapakuote.lt\/lv\/wp-json\/wp\/v2\/pages\/4512\/revisions\/4514"}],"up":[{"embeddable":true,"href":"https:\/\/www.sdapakuote.lt\/lv\/wp-json\/wp\/v2\/pages\/4485"}],"wp:featuredmedia":[{"embeddable":true,"href":"https:\/\/www.sdapakuote.lt\/lv\/wp-json\/wp\/v2\/media\/4513"}],"wp:attachment":[{"href":"https:\/\/www.sdapakuote.lt\/lv\/wp-json\/wp\/v2\/media?parent=4512"}],"curies":[{"name":"wp","href":"https:\/\/api.w.org\/{rel}","templated":true}]}}