{"id":4509,"date":"2025-10-07T10:57:42","date_gmt":"2025-10-07T10:57:42","guid":{"rendered":"https:\/\/www.sdapakuote.lt\/?page_id=4509"},"modified":"2025-10-07T10:57:47","modified_gmt":"2025-10-07T10:57:47","slug":"maisi-mucam","status":"publish","type":"page","link":"https:\/\/www.sdapakuote.lt\/lv\/produkti\/polietilena-maisini\/hdpe-mdpe-maisini\/maisi-mucam\/","title":{"rendered":"Maisi muc\u0101m"},"content":{"rendered":"<p data-start=\"262\" data-end=\"570\"><strong data-start=\"262\" data-end=\"277\">SDA Pakuot\u0117<\/strong> ra\u017eo da\u017e\u0101da izm\u0113ra <strong data-start=\"297\" data-end=\"322\">maisi mucu izkl\u0101\u0161anai<\/strong>, kas tiek pla\u0161i izmantoti gan <strong data-start=\"353\" data-end=\"376\">p\u0101rtikas r\u016bpniec\u012bb\u0101<\/strong>, gan <strong data-start=\"382\" data-end=\"400\">cit\u0101s nozar\u0113s.<\/strong><br data-start=\"400\" data-end=\"403\" \/><br \/>\n\u0160ie ielikt\u0146i nodro\u0161ina <strong data-start=\"426\" data-end=\"459\">t\u012br\u012bbu, higi\u0113nu un \u0113rtu darbu<\/strong> ar \u0161\u0137idriem vai beramiem produktiem, jo tie <strong data-start=\"504\" data-end=\"570\">pasarg\u0101 mucu no pies\u0101r\u0146ojuma un pagarina t\u0101s kalpo\u0161anas laiku.<\/strong><\/p>\n<p data-start=\"572\" data-end=\"710\"><strong data-start=\"572\" data-end=\"593\">Standarta izm\u0113ri:<\/strong> 130 cm x 150 cm,<br data-start=\"610\" data-end=\"613\" \/><br \/>\nta\u010du iesp\u0113jams izgatavot ar\u012b <strong data-start=\"642\" data-end=\"682\">individu\u0101la izm\u0113ra un biezuma maisus<\/strong> atbilsto\u0161i j\u016bsu vajadz\u012bb\u0101m.<\/p>\n<p data-start=\"712\" data-end=\"757\"><strong data-start=\"712\" data-end=\"757\">Maisi mucu izkl\u0101\u0161anai tiek izgatavoti no:<\/strong><\/p>\n<ul data-start=\"758\" data-end=\"902\">\n<li data-start=\"758\" data-end=\"812\">\n<p data-start=\"760\" data-end=\"812\"><strong data-start=\"760\" data-end=\"784\">HDPE vai LDPE pl\u0113ves<\/strong> \u2013 iztur\u012bgi un herm\u0113tiski,<\/p>\n<\/li>\n<li data-start=\"813\" data-end=\"902\">\n<p data-start=\"815\" data-end=\"902\"><strong data-start=\"815\" data-end=\"852\">p\u0101rstr\u0101d\u0101ta polietil\u0113na materi\u0101la<\/strong> \u2013 videi draudz\u012bg\u0101ks un ekonomisk\u0101ks risin\u0101jums.<\/p>\n<\/li>\n<\/ul>\n<p data-start=\"904\" data-end=\"1159\">P\u0113c pas\u016bt\u012bjuma iesp\u0113jams izv\u0113l\u0113ties <strong data-start=\"940\" data-end=\"969\">da\u017e\u0101dus izm\u0113rus un kr\u0101sas<\/strong>, kas \u013cauj piel\u0101got produktus <strong data-start=\"999\" data-end=\"1021\">p\u0101rtikas ra\u017eo\u0161anai<\/strong> (piem\u0113ram, ga\u013cas, zivju vai piena produktiem), k\u0101 ar\u012b <strong data-start=\"1076\" data-end=\"1102\">citu nozaru uz\u0146\u0113mumiem<\/strong>, kuriem nepiecie\u0161ams <strong data-start=\"1124\" data-end=\"1159\">dro\u0161s un higi\u0113nisks iepakojums.<\/strong><\/p>\n","protected":false},"excerpt":{"rendered":"<p>SDA Pakuot\u0117 ra\u017eo da\u017e\u0101da izm\u0113ra maisi mucu izkl\u0101\u0161anai, kas tiek pla\u0161i izmantoti gan p\u0101rtikas r\u016bpniec\u012bb\u0101, gan cit\u0101s nozar\u0113s. \u0160ie ielikt\u0146i nodro\u0161ina t\u012br\u012bbu, higi\u0113nu un \u0113rtu darbu ar \u0161\u0137idriem vai beramiem produktiem, jo tie pasarg\u0101 mucu no pies\u0101r\u0146ojuma un pagarina t\u0101s kalpo\u0161anas laiku. Standarta izm\u0113ri: 130 cm x 150 cm, ta\u010du iesp\u0113jams izgatavot ar\u012b individu\u0101la izm\u0113ra [&hellip;]<\/p>\n","protected":false},"author":2,"featured_media":4510,"parent":4485,"menu_order":0,"comment_status":"closed","ping_status":"closed","template":"page-single-product.php","meta":{"_acf_changed":false,"footnotes":""},"class_list":["post-4509","page","type-page","status-publish","has-post-thumbnail","hentry"],"acf":[],"yoast_head":"<!-- This site is optimized with the Yoast SEO plugin v27.4 - https:\/\/yoast.com\/product\/yoast-seo-wordpress\/ -->\n<title>Maisi muc\u0101m - sdapakuote.lt<\/title>\n<meta name=\"description\" content=\"Iztur\u012bgi HDPE un LDPE maisi mucu izkl\u0101\u0161anai. Higi\u0113nisks un dro\u0161s risin\u0101jums p\u0101rtikas un r\u016bpniec\u012bbas vajadz\u012bb\u0101m.\" \/>\n<meta name=\"robots\" content=\"index, follow, max-snippet:-1, max-image-preview:large, max-video-preview:-1\" \/>\n<link rel=\"canonical\" href=\"https:\/\/www.sdapakuote.lt\/lv\/produkti\/polietilena-maisini\/hdpe-mdpe-maisini\/maisi-mucam\/\" \/>\n<meta property=\"og:locale\" content=\"lv_LV\" \/>\n<meta property=\"og:type\" content=\"article\" \/>\n<meta property=\"og:title\" content=\"Maisi muc\u0101m - sdapakuote.lt\" \/>\n<meta property=\"og:description\" content=\"Iztur\u012bgi HDPE un LDPE maisi mucu izkl\u0101\u0161anai. Higi\u0113nisks un dro\u0161s risin\u0101jums p\u0101rtikas un r\u016bpniec\u012bbas vajadz\u012bb\u0101m.\" \/>\n<meta property=\"og:url\" content=\"https:\/\/www.sdapakuote.lt\/lv\/produkti\/polietilena-maisini\/hdpe-mdpe-maisini\/maisi-mucam\/\" \/>\n<meta property=\"og:site_name\" content=\"sdapakuote.lt\" \/>\n<meta property=\"article:modified_time\" content=\"2025-10-07T10:57:47+00:00\" \/>\n<meta property=\"og:image\" content=\"https:\/\/www.sdapakuote.lt\/wp-content\/uploads\/2022\/03\/iklotai-i-statines.png\" \/>\n\t<meta property=\"og:image:width\" content=\"330\" \/>\n\t<meta property=\"og:image:height\" content=\"540\" \/>\n\t<meta property=\"og:image:type\" content=\"image\/png\" \/>\n<meta name=\"twitter:card\" content=\"summary_large_image\" \/>\n<meta name=\"twitter:label1\" content=\"Est. reading time\" \/>\n\t<meta name=\"twitter:data1\" content=\"1 minute\" \/>\n<script type=\"application\/ld+json\" class=\"yoast-schema-graph\">{\"@context\":\"https:\\\/\\\/schema.org\",\"@graph\":[{\"@type\":\"WebPage\",\"@id\":\"https:\\\/\\\/www.sdapakuote.lt\\\/lv\\\/produkti\\\/polietilena-maisini\\\/hdpe-mdpe-maisini\\\/maisi-mucam\\\/\",\"url\":\"https:\\\/\\\/www.sdapakuote.lt\\\/lv\\\/produkti\\\/polietilena-maisini\\\/hdpe-mdpe-maisini\\\/maisi-mucam\\\/\",\"name\":\"Maisi muc\u0101m - sdapakuote.lt\",\"isPartOf\":{\"@id\":\"https:\\\/\\\/www.sdapakuote.lt\\\/lv\\\/#website\"},\"primaryImageOfPage\":{\"@id\":\"https:\\\/\\\/www.sdapakuote.lt\\\/lv\\\/produkti\\\/polietilena-maisini\\\/hdpe-mdpe-maisini\\\/maisi-mucam\\\/#primaryimage\"},\"image\":{\"@id\":\"https:\\\/\\\/www.sdapakuote.lt\\\/lv\\\/produkti\\\/polietilena-maisini\\\/hdpe-mdpe-maisini\\\/maisi-mucam\\\/#primaryimage\"},\"thumbnailUrl\":\"https:\\\/\\\/www.sdapakuote.lt\\\/wp-content\\\/uploads\\\/2022\\\/03\\\/iklotai-i-statines.png\",\"datePublished\":\"2025-10-07T10:57:42+00:00\",\"dateModified\":\"2025-10-07T10:57:47+00:00\",\"description\":\"Iztur\u012bgi HDPE un LDPE maisi mucu izkl\u0101\u0161anai. Higi\u0113nisks un dro\u0161s risin\u0101jums p\u0101rtikas un r\u016bpniec\u012bbas vajadz\u012bb\u0101m.\",\"breadcrumb\":{\"@id\":\"https:\\\/\\\/www.sdapakuote.lt\\\/lv\\\/produkti\\\/polietilena-maisini\\\/hdpe-mdpe-maisini\\\/maisi-mucam\\\/#breadcrumb\"},\"inLanguage\":\"lv-LV\",\"potentialAction\":[{\"@type\":\"ReadAction\",\"target\":[\"https:\\\/\\\/www.sdapakuote.lt\\\/lv\\\/produkti\\\/polietilena-maisini\\\/hdpe-mdpe-maisini\\\/maisi-mucam\\\/\"]}]},{\"@type\":\"ImageObject\",\"inLanguage\":\"lv-LV\",\"@id\":\"https:\\\/\\\/www.sdapakuote.lt\\\/lv\\\/produkti\\\/polietilena-maisini\\\/hdpe-mdpe-maisini\\\/maisi-mucam\\\/#primaryimage\",\"url\":\"https:\\\/\\\/www.sdapakuote.lt\\\/wp-content\\\/uploads\\\/2022\\\/03\\\/iklotai-i-statines.png\",\"contentUrl\":\"https:\\\/\\\/www.sdapakuote.lt\\\/wp-content\\\/uploads\\\/2022\\\/03\\\/iklotai-i-statines.png\",\"width\":330,\"height\":540,\"caption\":\"\u012eklotai \u012f statines\"},{\"@type\":\"BreadcrumbList\",\"@id\":\"https:\\\/\\\/www.sdapakuote.lt\\\/lv\\\/produkti\\\/polietilena-maisini\\\/hdpe-mdpe-maisini\\\/maisi-mucam\\\/#breadcrumb\",\"itemListElement\":[{\"@type\":\"ListItem\",\"position\":1,\"name\":\"Home\",\"item\":\"https:\\\/\\\/www.sdapakuote.lt\\\/lv\\\/\"},{\"@type\":\"ListItem\",\"position\":2,\"name\":\"Produkti\",\"item\":\"https:\\\/\\\/www.sdapakuote.lt\\\/lv\\\/produkti\\\/\"},{\"@type\":\"ListItem\",\"position\":3,\"name\":\"Polietil\u0113na maisi\u0146i\",\"item\":\"https:\\\/\\\/www.sdapakuote.lt\\\/lv\\\/produkti\\\/polietilena-maisini\\\/\"},{\"@type\":\"ListItem\",\"position\":4,\"name\":\"HDPE \\\/ MDPE maisi\u0146i\",\"item\":\"https:\\\/\\\/www.sdapakuote.lt\\\/lv\\\/produkti\\\/polietilena-maisini\\\/hdpe-mdpe-maisini\\\/\"},{\"@type\":\"ListItem\",\"position\":5,\"name\":\"Maisi muc\u0101m\"}]},{\"@type\":\"WebSite\",\"@id\":\"https:\\\/\\\/www.sdapakuote.lt\\\/lv\\\/#website\",\"url\":\"https:\\\/\\\/www.sdapakuote.lt\\\/lv\\\/\",\"name\":\"sdapakuote.lt\",\"description\":\"Kol kas tik dar vienas WordPress tinklalapis\",\"potentialAction\":[{\"@type\":\"SearchAction\",\"target\":{\"@type\":\"EntryPoint\",\"urlTemplate\":\"https:\\\/\\\/www.sdapakuote.lt\\\/lv\\\/?s={search_term_string}\"},\"query-input\":{\"@type\":\"PropertyValueSpecification\",\"valueRequired\":true,\"valueName\":\"search_term_string\"}}],\"inLanguage\":\"lv-LV\"}]}<\/script>\n<!-- \/ Yoast SEO plugin. -->","yoast_head_json":{"title":"Maisi muc\u0101m - sdapakuote.lt","description":"Iztur\u012bgi HDPE un LDPE maisi mucu izkl\u0101\u0161anai. Higi\u0113nisks un dro\u0161s risin\u0101jums p\u0101rtikas un r\u016bpniec\u012bbas vajadz\u012bb\u0101m.","robots":{"index":"index","follow":"follow","max-snippet":"max-snippet:-1","max-image-preview":"max-image-preview:large","max-video-preview":"max-video-preview:-1"},"canonical":"https:\/\/www.sdapakuote.lt\/lv\/produkti\/polietilena-maisini\/hdpe-mdpe-maisini\/maisi-mucam\/","og_locale":"lv_LV","og_type":"article","og_title":"Maisi muc\u0101m - sdapakuote.lt","og_description":"Iztur\u012bgi HDPE un LDPE maisi mucu izkl\u0101\u0161anai. Higi\u0113nisks un dro\u0161s risin\u0101jums p\u0101rtikas un r\u016bpniec\u012bbas vajadz\u012bb\u0101m.","og_url":"https:\/\/www.sdapakuote.lt\/lv\/produkti\/polietilena-maisini\/hdpe-mdpe-maisini\/maisi-mucam\/","og_site_name":"sdapakuote.lt","article_modified_time":"2025-10-07T10:57:47+00:00","og_image":[{"width":330,"height":540,"url":"https:\/\/www.sdapakuote.lt\/wp-content\/uploads\/2022\/03\/iklotai-i-statines.png","type":"image\/png"}],"twitter_card":"summary_large_image","twitter_misc":{"Est. reading time":"1 minute"},"schema":{"@context":"https:\/\/schema.org","@graph":[{"@type":"WebPage","@id":"https:\/\/www.sdapakuote.lt\/lv\/produkti\/polietilena-maisini\/hdpe-mdpe-maisini\/maisi-mucam\/","url":"https:\/\/www.sdapakuote.lt\/lv\/produkti\/polietilena-maisini\/hdpe-mdpe-maisini\/maisi-mucam\/","name":"Maisi muc\u0101m - sdapakuote.lt","isPartOf":{"@id":"https:\/\/www.sdapakuote.lt\/lv\/#website"},"primaryImageOfPage":{"@id":"https:\/\/www.sdapakuote.lt\/lv\/produkti\/polietilena-maisini\/hdpe-mdpe-maisini\/maisi-mucam\/#primaryimage"},"image":{"@id":"https:\/\/www.sdapakuote.lt\/lv\/produkti\/polietilena-maisini\/hdpe-mdpe-maisini\/maisi-mucam\/#primaryimage"},"thumbnailUrl":"https:\/\/www.sdapakuote.lt\/wp-content\/uploads\/2022\/03\/iklotai-i-statines.png","datePublished":"2025-10-07T10:57:42+00:00","dateModified":"2025-10-07T10:57:47+00:00","description":"Iztur\u012bgi HDPE un LDPE maisi mucu izkl\u0101\u0161anai. Higi\u0113nisks un dro\u0161s risin\u0101jums p\u0101rtikas un r\u016bpniec\u012bbas vajadz\u012bb\u0101m.","breadcrumb":{"@id":"https:\/\/www.sdapakuote.lt\/lv\/produkti\/polietilena-maisini\/hdpe-mdpe-maisini\/maisi-mucam\/#breadcrumb"},"inLanguage":"lv-LV","potentialAction":[{"@type":"ReadAction","target":["https:\/\/www.sdapakuote.lt\/lv\/produkti\/polietilena-maisini\/hdpe-mdpe-maisini\/maisi-mucam\/"]}]},{"@type":"ImageObject","inLanguage":"lv-LV","@id":"https:\/\/www.sdapakuote.lt\/lv\/produkti\/polietilena-maisini\/hdpe-mdpe-maisini\/maisi-mucam\/#primaryimage","url":"https:\/\/www.sdapakuote.lt\/wp-content\/uploads\/2022\/03\/iklotai-i-statines.png","contentUrl":"https:\/\/www.sdapakuote.lt\/wp-content\/uploads\/2022\/03\/iklotai-i-statines.png","width":330,"height":540,"caption":"\u012eklotai \u012f statines"},{"@type":"BreadcrumbList","@id":"https:\/\/www.sdapakuote.lt\/lv\/produkti\/polietilena-maisini\/hdpe-mdpe-maisini\/maisi-mucam\/#breadcrumb","itemListElement":[{"@type":"ListItem","position":1,"name":"Home","item":"https:\/\/www.sdapakuote.lt\/lv\/"},{"@type":"ListItem","position":2,"name":"Produkti","item":"https:\/\/www.sdapakuote.lt\/lv\/produkti\/"},{"@type":"ListItem","position":3,"name":"Polietil\u0113na maisi\u0146i","item":"https:\/\/www.sdapakuote.lt\/lv\/produkti\/polietilena-maisini\/"},{"@type":"ListItem","position":4,"name":"HDPE \/ MDPE maisi\u0146i","item":"https:\/\/www.sdapakuote.lt\/lv\/produkti\/polietilena-maisini\/hdpe-mdpe-maisini\/"},{"@type":"ListItem","position":5,"name":"Maisi muc\u0101m"}]},{"@type":"WebSite","@id":"https:\/\/www.sdapakuote.lt\/lv\/#website","url":"https:\/\/www.sdapakuote.lt\/lv\/","name":"sdapakuote.lt","description":"Kol kas tik dar vienas WordPress tinklalapis","potentialAction":[{"@type":"SearchAction","target":{"@type":"EntryPoint","urlTemplate":"https:\/\/www.sdapakuote.lt\/lv\/?s={search_term_string}"},"query-input":{"@type":"PropertyValueSpecification","valueRequired":true,"valueName":"search_term_string"}}],"inLanguage":"lv-LV"}]}},"_links":{"self":[{"href":"https:\/\/www.sdapakuote.lt\/lv\/wp-json\/wp\/v2\/pages\/4509","targetHints":{"allow":["GET"]}}],"collection":[{"href":"https:\/\/www.sdapakuote.lt\/lv\/wp-json\/wp\/v2\/pages"}],"about":[{"href":"https:\/\/www.sdapakuote.lt\/lv\/wp-json\/wp\/v2\/types\/page"}],"author":[{"embeddable":true,"href":"https:\/\/www.sdapakuote.lt\/lv\/wp-json\/wp\/v2\/users\/2"}],"replies":[{"embeddable":true,"href":"https:\/\/www.sdapakuote.lt\/lv\/wp-json\/wp\/v2\/comments?post=4509"}],"version-history":[{"count":1,"href":"https:\/\/www.sdapakuote.lt\/lv\/wp-json\/wp\/v2\/pages\/4509\/revisions"}],"predecessor-version":[{"id":4511,"href":"https:\/\/www.sdapakuote.lt\/lv\/wp-json\/wp\/v2\/pages\/4509\/revisions\/4511"}],"up":[{"embeddable":true,"href":"https:\/\/www.sdapakuote.lt\/lv\/wp-json\/wp\/v2\/pages\/4485"}],"wp:featuredmedia":[{"embeddable":true,"href":"https:\/\/www.sdapakuote.lt\/lv\/wp-json\/wp\/v2\/media\/4510"}],"wp:attachment":[{"href":"https:\/\/www.sdapakuote.lt\/lv\/wp-json\/wp\/v2\/media?parent=4509"}],"curies":[{"name":"wp","href":"https:\/\/api.w.org\/{rel}","templated":true}]}}