{"id":4506,"date":"2025-10-07T10:54:32","date_gmt":"2025-10-07T10:54:32","guid":{"rendered":"https:\/\/www.sdapakuote.lt\/?page_id=4506"},"modified":"2025-10-07T10:55:27","modified_gmt":"2025-10-07T10:55:27","slug":"maisi-kastem","status":"publish","type":"page","link":"https:\/\/www.sdapakuote.lt\/lv\/produkti\/polietilena-maisini\/hdpe-mdpe-maisini\/maisi-kastem\/","title":{"rendered":"Maisi kast\u0113m"},"content":{"rendered":"<p data-start=\"288\" data-end=\"556\"><strong data-start=\"288\" data-end=\"303\">SDA Pakuot\u0117<\/strong> pied\u0101v\u0101 <strong data-start=\"312\" data-end=\"348\">augstas kvalit\u0101tes maisus kast\u0113m<\/strong>, kas ir neaizvietojami gandr\u012bz vis\u0101s r\u016bpniec\u012bbas nozar\u0113s.<br data-start=\"406\" data-end=\"409\" \/><br \/>\nTie tiek izmantoti k\u0101 <strong data-start=\"431\" data-end=\"471\">sekund\u0101rais un terci\u0101rais iepakojums<\/strong>, nodro\u0161inot aizsardz\u012bbu gan <strong data-start=\"500\" data-end=\"516\">pa\u0161ai kastei<\/strong>, gan <strong data-start=\"522\" data-end=\"556\">iepakojum\u0101 eso\u0161ajam produktam.<\/strong><\/p>\n<p data-start=\"558\" data-end=\"591\"><strong data-start=\"558\" data-end=\"574\">Maisi kast\u0113m<\/strong> pal\u012bdz pasarg\u0101t:<\/p>\n<ul data-start=\"592\" data-end=\"783\">\n<li data-start=\"592\" data-end=\"656\">\n<p data-start=\"594\" data-end=\"656\">kasti no mitruma, ja tiek fas\u0113ti mitri vai sald\u0113ti produkti,<\/p>\n<\/li>\n<li data-start=\"657\" data-end=\"733\">\n<p data-start=\"659\" data-end=\"733\">produktu no pies\u0101r\u0146ojuma, izb\u0113r\u0161an\u0101s vai nopl\u016bd\u0113m transport\u0113\u0161anas laik\u0101,<\/p>\n<\/li>\n<li data-start=\"734\" data-end=\"783\">\n<p data-start=\"736\" data-end=\"783\">preces no tie\u0161a saskarsmes ar kartona virsmu.<\/p>\n<\/li>\n<\/ul>\n<p data-start=\"785\" data-end=\"896\">\u0160\u0101dos maisos var iepakot no <strong data-start=\"813\" data-end=\"841\">5 l\u012bdz 15 kg produkcijas<\/strong> \u2013 tie ir iztur\u012bgi un <strong data-start=\"863\" data-end=\"896\">nepl\u012bst, ce\u013cot \u0101r\u0101 no kast\u0113m.<\/strong><\/p>\n<p data-start=\"898\" data-end=\"1116\">Popul\u0101r\u0101kie ir <strong data-start=\"913\" data-end=\"938\">maisi ar s\u0101nu ieloc\u0113m<\/strong>, kas ir ietilp\u012bgi, bet kompakti uzglab\u0101\u0161an\u0101.<br data-start=\"983\" data-end=\"986\" \/><br \/>\nTirg\u016b ierasts izmantot <strong data-start=\"1009\" data-end=\"1035\">zilus maisus eksportam<\/strong>, savuk\u0101rt <strong data-start=\"1046\" data-end=\"1080\">caursp\u012bd\u012bgus \u2013 viet\u0113jam tirgum<\/strong>, kur svar\u012bga ir produkta redzam\u012bba.<\/p>\n<p data-start=\"1118\" data-end=\"1240\"><strong data-start=\"1118\" data-end=\"1134\">Maisi kast\u0113m<\/strong> ir <strong data-start=\"1138\" data-end=\"1187\">ekonomisks, uzticams un higi\u0113nisks risin\u0101jums<\/strong> gan p\u0101rtikas, gan nep\u0101rtikas produktu iepako\u0161anai.<\/p>\n","protected":false},"excerpt":{"rendered":"<p>SDA Pakuot\u0117 pied\u0101v\u0101 augstas kvalit\u0101tes maisus kast\u0113m, kas ir neaizvietojami gandr\u012bz vis\u0101s r\u016bpniec\u012bbas nozar\u0113s. Tie tiek izmantoti k\u0101 sekund\u0101rais un terci\u0101rais iepakojums, nodro\u0161inot aizsardz\u012bbu gan pa\u0161ai kastei, gan iepakojum\u0101 eso\u0161ajam produktam. Maisi kast\u0113m pal\u012bdz pasarg\u0101t: kasti no mitruma, ja tiek fas\u0113ti mitri vai sald\u0113ti produkti, produktu no pies\u0101r\u0146ojuma, izb\u0113r\u0161an\u0101s vai nopl\u016bd\u0113m transport\u0113\u0161anas laik\u0101, preces no [&hellip;]<\/p>\n","protected":false},"author":2,"featured_media":4507,"parent":4485,"menu_order":0,"comment_status":"closed","ping_status":"closed","template":"page-single-product.php","meta":{"_acf_changed":false,"footnotes":""},"class_list":["post-4506","page","type-page","status-publish","has-post-thumbnail","hentry"],"acf":[],"yoast_head":"<!-- This site is optimized with the Yoast SEO plugin v27.4 - https:\/\/yoast.com\/product\/yoast-seo-wordpress\/ -->\n<title>Maisi kast\u0113m - sdapakuote.lt<\/title>\n<meta name=\"description\" content=\"Iztur\u012bgi un higi\u0113niski maisi kast\u0113m. Aizsarg\u0101 produktus no mitruma, net\u012brumiem un boj\u0101jumiem p\u0101rtikas un r\u016bpniec\u012bbas nozar\u0113s.\" \/>\n<meta name=\"robots\" content=\"index, follow, max-snippet:-1, max-image-preview:large, max-video-preview:-1\" \/>\n<link rel=\"canonical\" href=\"https:\/\/www.sdapakuote.lt\/lv\/produkti\/polietilena-maisini\/hdpe-mdpe-maisini\/maisi-kastem\/\" \/>\n<meta property=\"og:locale\" content=\"lv_LV\" \/>\n<meta property=\"og:type\" content=\"article\" \/>\n<meta property=\"og:title\" content=\"Maisi kast\u0113m - sdapakuote.lt\" \/>\n<meta property=\"og:description\" content=\"Iztur\u012bgi un higi\u0113niski maisi kast\u0113m. Aizsarg\u0101 produktus no mitruma, net\u012brumiem un boj\u0101jumiem p\u0101rtikas un r\u016bpniec\u012bbas nozar\u0113s.\" \/>\n<meta property=\"og:url\" content=\"https:\/\/www.sdapakuote.lt\/lv\/produkti\/polietilena-maisini\/hdpe-mdpe-maisini\/maisi-kastem\/\" \/>\n<meta property=\"og:site_name\" content=\"sdapakuote.lt\" \/>\n<meta property=\"article:modified_time\" content=\"2025-10-07T10:55:27+00:00\" \/>\n<meta property=\"og:image\" content=\"https:\/\/www.sdapakuote.lt\/wp-content\/uploads\/2021\/09\/iklotai-i-dezutes.jpg\" \/>\n\t<meta property=\"og:image:width\" content=\"1000\" \/>\n\t<meta property=\"og:image:height\" content=\"917\" \/>\n\t<meta property=\"og:image:type\" content=\"image\/jpeg\" \/>\n<meta name=\"twitter:card\" content=\"summary_large_image\" \/>\n<meta name=\"twitter:label1\" content=\"Est. reading time\" \/>\n\t<meta name=\"twitter:data1\" content=\"1 minute\" \/>\n<script type=\"application\/ld+json\" class=\"yoast-schema-graph\">{\"@context\":\"https:\\\/\\\/schema.org\",\"@graph\":[{\"@type\":\"WebPage\",\"@id\":\"https:\\\/\\\/www.sdapakuote.lt\\\/lv\\\/produkti\\\/polietilena-maisini\\\/hdpe-mdpe-maisini\\\/maisi-kastem\\\/\",\"url\":\"https:\\\/\\\/www.sdapakuote.lt\\\/lv\\\/produkti\\\/polietilena-maisini\\\/hdpe-mdpe-maisini\\\/maisi-kastem\\\/\",\"name\":\"Maisi kast\u0113m - sdapakuote.lt\",\"isPartOf\":{\"@id\":\"https:\\\/\\\/www.sdapakuote.lt\\\/lv\\\/#website\"},\"primaryImageOfPage\":{\"@id\":\"https:\\\/\\\/www.sdapakuote.lt\\\/lv\\\/produkti\\\/polietilena-maisini\\\/hdpe-mdpe-maisini\\\/maisi-kastem\\\/#primaryimage\"},\"image\":{\"@id\":\"https:\\\/\\\/www.sdapakuote.lt\\\/lv\\\/produkti\\\/polietilena-maisini\\\/hdpe-mdpe-maisini\\\/maisi-kastem\\\/#primaryimage\"},\"thumbnailUrl\":\"https:\\\/\\\/www.sdapakuote.lt\\\/wp-content\\\/uploads\\\/2021\\\/09\\\/iklotai-i-dezutes.jpg\",\"datePublished\":\"2025-10-07T10:54:32+00:00\",\"dateModified\":\"2025-10-07T10:55:27+00:00\",\"description\":\"Iztur\u012bgi un higi\u0113niski maisi kast\u0113m. Aizsarg\u0101 produktus no mitruma, net\u012brumiem un boj\u0101jumiem p\u0101rtikas un r\u016bpniec\u012bbas nozar\u0113s.\",\"breadcrumb\":{\"@id\":\"https:\\\/\\\/www.sdapakuote.lt\\\/lv\\\/produkti\\\/polietilena-maisini\\\/hdpe-mdpe-maisini\\\/maisi-kastem\\\/#breadcrumb\"},\"inLanguage\":\"lv-LV\",\"potentialAction\":[{\"@type\":\"ReadAction\",\"target\":[\"https:\\\/\\\/www.sdapakuote.lt\\\/lv\\\/produkti\\\/polietilena-maisini\\\/hdpe-mdpe-maisini\\\/maisi-kastem\\\/\"]}]},{\"@type\":\"ImageObject\",\"inLanguage\":\"lv-LV\",\"@id\":\"https:\\\/\\\/www.sdapakuote.lt\\\/lv\\\/produkti\\\/polietilena-maisini\\\/hdpe-mdpe-maisini\\\/maisi-kastem\\\/#primaryimage\",\"url\":\"https:\\\/\\\/www.sdapakuote.lt\\\/wp-content\\\/uploads\\\/2021\\\/09\\\/iklotai-i-dezutes.jpg\",\"contentUrl\":\"https:\\\/\\\/www.sdapakuote.lt\\\/wp-content\\\/uploads\\\/2021\\\/09\\\/iklotai-i-dezutes.jpg\",\"width\":1000,\"height\":917,\"caption\":\"Mai\u0161ai \u012f d\u0117\u017ees\"},{\"@type\":\"BreadcrumbList\",\"@id\":\"https:\\\/\\\/www.sdapakuote.lt\\\/lv\\\/produkti\\\/polietilena-maisini\\\/hdpe-mdpe-maisini\\\/maisi-kastem\\\/#breadcrumb\",\"itemListElement\":[{\"@type\":\"ListItem\",\"position\":1,\"name\":\"Home\",\"item\":\"https:\\\/\\\/www.sdapakuote.lt\\\/lv\\\/\"},{\"@type\":\"ListItem\",\"position\":2,\"name\":\"Produkti\",\"item\":\"https:\\\/\\\/www.sdapakuote.lt\\\/lv\\\/produkti\\\/\"},{\"@type\":\"ListItem\",\"position\":3,\"name\":\"Polietil\u0113na maisi\u0146i\",\"item\":\"https:\\\/\\\/www.sdapakuote.lt\\\/lv\\\/produkti\\\/polietilena-maisini\\\/\"},{\"@type\":\"ListItem\",\"position\":4,\"name\":\"HDPE \\\/ MDPE maisi\u0146i\",\"item\":\"https:\\\/\\\/www.sdapakuote.lt\\\/lv\\\/produkti\\\/polietilena-maisini\\\/hdpe-mdpe-maisini\\\/\"},{\"@type\":\"ListItem\",\"position\":5,\"name\":\"Maisi kast\u0113m\"}]},{\"@type\":\"WebSite\",\"@id\":\"https:\\\/\\\/www.sdapakuote.lt\\\/lv\\\/#website\",\"url\":\"https:\\\/\\\/www.sdapakuote.lt\\\/lv\\\/\",\"name\":\"sdapakuote.lt\",\"description\":\"Kol kas tik dar vienas WordPress tinklalapis\",\"potentialAction\":[{\"@type\":\"SearchAction\",\"target\":{\"@type\":\"EntryPoint\",\"urlTemplate\":\"https:\\\/\\\/www.sdapakuote.lt\\\/lv\\\/?s={search_term_string}\"},\"query-input\":{\"@type\":\"PropertyValueSpecification\",\"valueRequired\":true,\"valueName\":\"search_term_string\"}}],\"inLanguage\":\"lv-LV\"}]}<\/script>\n<!-- \/ Yoast SEO plugin. -->","yoast_head_json":{"title":"Maisi kast\u0113m - sdapakuote.lt","description":"Iztur\u012bgi un higi\u0113niski maisi kast\u0113m. Aizsarg\u0101 produktus no mitruma, net\u012brumiem un boj\u0101jumiem p\u0101rtikas un r\u016bpniec\u012bbas nozar\u0113s.","robots":{"index":"index","follow":"follow","max-snippet":"max-snippet:-1","max-image-preview":"max-image-preview:large","max-video-preview":"max-video-preview:-1"},"canonical":"https:\/\/www.sdapakuote.lt\/lv\/produkti\/polietilena-maisini\/hdpe-mdpe-maisini\/maisi-kastem\/","og_locale":"lv_LV","og_type":"article","og_title":"Maisi kast\u0113m - sdapakuote.lt","og_description":"Iztur\u012bgi un higi\u0113niski maisi kast\u0113m. Aizsarg\u0101 produktus no mitruma, net\u012brumiem un boj\u0101jumiem p\u0101rtikas un r\u016bpniec\u012bbas nozar\u0113s.","og_url":"https:\/\/www.sdapakuote.lt\/lv\/produkti\/polietilena-maisini\/hdpe-mdpe-maisini\/maisi-kastem\/","og_site_name":"sdapakuote.lt","article_modified_time":"2025-10-07T10:55:27+00:00","og_image":[{"width":1000,"height":917,"url":"https:\/\/www.sdapakuote.lt\/wp-content\/uploads\/2021\/09\/iklotai-i-dezutes.jpg","type":"image\/jpeg"}],"twitter_card":"summary_large_image","twitter_misc":{"Est. reading time":"1 minute"},"schema":{"@context":"https:\/\/schema.org","@graph":[{"@type":"WebPage","@id":"https:\/\/www.sdapakuote.lt\/lv\/produkti\/polietilena-maisini\/hdpe-mdpe-maisini\/maisi-kastem\/","url":"https:\/\/www.sdapakuote.lt\/lv\/produkti\/polietilena-maisini\/hdpe-mdpe-maisini\/maisi-kastem\/","name":"Maisi kast\u0113m - sdapakuote.lt","isPartOf":{"@id":"https:\/\/www.sdapakuote.lt\/lv\/#website"},"primaryImageOfPage":{"@id":"https:\/\/www.sdapakuote.lt\/lv\/produkti\/polietilena-maisini\/hdpe-mdpe-maisini\/maisi-kastem\/#primaryimage"},"image":{"@id":"https:\/\/www.sdapakuote.lt\/lv\/produkti\/polietilena-maisini\/hdpe-mdpe-maisini\/maisi-kastem\/#primaryimage"},"thumbnailUrl":"https:\/\/www.sdapakuote.lt\/wp-content\/uploads\/2021\/09\/iklotai-i-dezutes.jpg","datePublished":"2025-10-07T10:54:32+00:00","dateModified":"2025-10-07T10:55:27+00:00","description":"Iztur\u012bgi un higi\u0113niski maisi kast\u0113m. Aizsarg\u0101 produktus no mitruma, net\u012brumiem un boj\u0101jumiem p\u0101rtikas un r\u016bpniec\u012bbas nozar\u0113s.","breadcrumb":{"@id":"https:\/\/www.sdapakuote.lt\/lv\/produkti\/polietilena-maisini\/hdpe-mdpe-maisini\/maisi-kastem\/#breadcrumb"},"inLanguage":"lv-LV","potentialAction":[{"@type":"ReadAction","target":["https:\/\/www.sdapakuote.lt\/lv\/produkti\/polietilena-maisini\/hdpe-mdpe-maisini\/maisi-kastem\/"]}]},{"@type":"ImageObject","inLanguage":"lv-LV","@id":"https:\/\/www.sdapakuote.lt\/lv\/produkti\/polietilena-maisini\/hdpe-mdpe-maisini\/maisi-kastem\/#primaryimage","url":"https:\/\/www.sdapakuote.lt\/wp-content\/uploads\/2021\/09\/iklotai-i-dezutes.jpg","contentUrl":"https:\/\/www.sdapakuote.lt\/wp-content\/uploads\/2021\/09\/iklotai-i-dezutes.jpg","width":1000,"height":917,"caption":"Mai\u0161ai \u012f d\u0117\u017ees"},{"@type":"BreadcrumbList","@id":"https:\/\/www.sdapakuote.lt\/lv\/produkti\/polietilena-maisini\/hdpe-mdpe-maisini\/maisi-kastem\/#breadcrumb","itemListElement":[{"@type":"ListItem","position":1,"name":"Home","item":"https:\/\/www.sdapakuote.lt\/lv\/"},{"@type":"ListItem","position":2,"name":"Produkti","item":"https:\/\/www.sdapakuote.lt\/lv\/produkti\/"},{"@type":"ListItem","position":3,"name":"Polietil\u0113na maisi\u0146i","item":"https:\/\/www.sdapakuote.lt\/lv\/produkti\/polietilena-maisini\/"},{"@type":"ListItem","position":4,"name":"HDPE \/ MDPE maisi\u0146i","item":"https:\/\/www.sdapakuote.lt\/lv\/produkti\/polietilena-maisini\/hdpe-mdpe-maisini\/"},{"@type":"ListItem","position":5,"name":"Maisi kast\u0113m"}]},{"@type":"WebSite","@id":"https:\/\/www.sdapakuote.lt\/lv\/#website","url":"https:\/\/www.sdapakuote.lt\/lv\/","name":"sdapakuote.lt","description":"Kol kas tik dar vienas WordPress tinklalapis","potentialAction":[{"@type":"SearchAction","target":{"@type":"EntryPoint","urlTemplate":"https:\/\/www.sdapakuote.lt\/lv\/?s={search_term_string}"},"query-input":{"@type":"PropertyValueSpecification","valueRequired":true,"valueName":"search_term_string"}}],"inLanguage":"lv-LV"}]}},"_links":{"self":[{"href":"https:\/\/www.sdapakuote.lt\/lv\/wp-json\/wp\/v2\/pages\/4506","targetHints":{"allow":["GET"]}}],"collection":[{"href":"https:\/\/www.sdapakuote.lt\/lv\/wp-json\/wp\/v2\/pages"}],"about":[{"href":"https:\/\/www.sdapakuote.lt\/lv\/wp-json\/wp\/v2\/types\/page"}],"author":[{"embeddable":true,"href":"https:\/\/www.sdapakuote.lt\/lv\/wp-json\/wp\/v2\/users\/2"}],"replies":[{"embeddable":true,"href":"https:\/\/www.sdapakuote.lt\/lv\/wp-json\/wp\/v2\/comments?post=4506"}],"version-history":[{"count":1,"href":"https:\/\/www.sdapakuote.lt\/lv\/wp-json\/wp\/v2\/pages\/4506\/revisions"}],"predecessor-version":[{"id":4508,"href":"https:\/\/www.sdapakuote.lt\/lv\/wp-json\/wp\/v2\/pages\/4506\/revisions\/4508"}],"up":[{"embeddable":true,"href":"https:\/\/www.sdapakuote.lt\/lv\/wp-json\/wp\/v2\/pages\/4485"}],"wp:featuredmedia":[{"embeddable":true,"href":"https:\/\/www.sdapakuote.lt\/lv\/wp-json\/wp\/v2\/media\/4507"}],"wp:attachment":[{"href":"https:\/\/www.sdapakuote.lt\/lv\/wp-json\/wp\/v2\/media?parent=4506"}],"curies":[{"name":"wp","href":"https:\/\/api.w.org\/{rel}","templated":true}]}}