{"id":4502,"date":"2025-10-07T10:50:51","date_gmt":"2025-10-07T10:50:51","guid":{"rendered":"https:\/\/www.sdapakuote.lt\/?page_id=4502"},"modified":"2025-10-07T10:51:09","modified_gmt":"2025-10-07T10:51:09","slug":"maisi-granulam","status":"publish","type":"page","link":"https:\/\/www.sdapakuote.lt\/lv\/produkti\/polietilena-maisini\/hdpe-mdpe-maisini\/maisi-granulam\/","title":{"rendered":"Maisi granul\u0101m"},"content":{"rendered":"<p data-start=\"384\" data-end=\"621\"><strong data-start=\"384\" data-end=\"399\">SDA Pakuot\u0117<\/strong> pied\u0101v\u0101 da\u017e\u0101du izm\u0113ru un biezumu <strong data-start=\"433\" data-end=\"448\">HDPE maisus<\/strong>, kas ir \u012bpa\u0161i popul\u0101ri <strong data-start=\"472\" data-end=\"538\">granulu, brike\u0161u, m\u0113slojuma un citu beramo produktu fas\u0113\u0161anai.<\/strong><br data-start=\"538\" data-end=\"541\" \/><br \/>\n\u0160ie maisi ir <strong data-start=\"554\" data-end=\"577\">uzticams risin\u0101jums<\/strong>, kad galvenais ir <strong data-start=\"596\" data-end=\"621\">iztur\u012bba un notur\u012bba.<\/strong><\/p>\n<p data-start=\"623\" data-end=\"872\"><strong data-start=\"623\" data-end=\"637\">HDPE pl\u0113ve<\/strong> ir <strong data-start=\"641\" data-end=\"662\">stipr\u0101ka par LDPE<\/strong>, t\u0101d\u0113\u013c, pat pie vien\u0101da biezuma, t\u0101 <strong data-start=\"699\" data-end=\"726\">iztur liel\u0101kas slodzes.<\/strong><br data-start=\"726\" data-end=\"729\" \/><br \/>\n\u0160\u012b iemesla d\u0113\u013c <strong data-start=\"744\" data-end=\"758\">HDPE maisi<\/strong> tiek uzskat\u012bti par <strong data-start=\"778\" data-end=\"831\">vienu no ekonomisk\u0101kajiem iepakojuma risin\u0101jumiem<\/strong> r\u016bpniec\u012bbas un lauksaimniec\u012bbas sektor\u0101.<\/p>\n<h3 data-start=\"874\" data-end=\"905\"><strong data-start=\"878\" data-end=\"905\">Galven\u0101s priek\u0161roc\u012bbas:<\/strong><\/h3>\n<ul data-start=\"906\" data-end=\"1184\">\n<li data-start=\"906\" data-end=\"967\">\n<p data-start=\"908\" data-end=\"967\"><strong data-start=\"908\" data-end=\"927\">Augsta iztur\u012bba<\/strong> \u2013 maisi lieliski iztur liel\u0101ku svaru;<\/p>\n<\/li>\n<li data-start=\"968\" data-end=\"1070\">\n<p data-start=\"970\" data-end=\"1070\"><strong data-start=\"970\" data-end=\"986\">Ekonomiskums<\/strong> \u2013 cena ir atkar\u012bga no pl\u0113ves biezuma, iesp\u0113jams piel\u0101got individu\u0101l\u0101m vajadz\u012bb\u0101m;<\/p>\n<\/li>\n<li data-start=\"1071\" data-end=\"1184\">\n<p data-start=\"1073\" data-end=\"1184\"><strong data-start=\"1073\" data-end=\"1089\">Univers\u0101lums<\/strong> \u2013 izmantojami da\u017e\u0101du veidu beramajiem produktiem, kur nav nepiecie\u0161ams augsts caursp\u012bd\u012bgums.<\/p>\n<\/li>\n<\/ul>\n<p data-start=\"1186\" data-end=\"1376\">Izv\u0113loties <strong data-start=\"1197\" data-end=\"1212\">HDPE maisus<\/strong>, j\u016bs ieg\u016bstat <strong data-start=\"1227\" data-end=\"1261\">uzticamu iepakojuma risin\u0101jumu<\/strong>, kas ne tikai <strong data-start=\"1276\" data-end=\"1297\">samazina izmaksas<\/strong>, bet ar\u012b <strong data-start=\"1307\" data-end=\"1335\">garant\u0113 produktu dro\u0161\u012bbu<\/strong> transport\u0113\u0161anas un uzglab\u0101\u0161anas laik\u0101.<\/p>\n","protected":false},"excerpt":{"rendered":"<p>SDA Pakuot\u0117 pied\u0101v\u0101 da\u017e\u0101du izm\u0113ru un biezumu HDPE maisus, kas ir \u012bpa\u0161i popul\u0101ri granulu, brike\u0161u, m\u0113slojuma un citu beramo produktu fas\u0113\u0161anai. \u0160ie maisi ir uzticams risin\u0101jums, kad galvenais ir iztur\u012bba un notur\u012bba. HDPE pl\u0113ve ir stipr\u0101ka par LDPE, t\u0101d\u0113\u013c, pat pie vien\u0101da biezuma, t\u0101 iztur liel\u0101kas slodzes. \u0160\u012b iemesla d\u0113\u013c HDPE maisi tiek uzskat\u012bti par [&hellip;]<\/p>\n","protected":false},"author":2,"featured_media":4285,"parent":4485,"menu_order":0,"comment_status":"closed","ping_status":"closed","template":"page-single-product.php","meta":{"_acf_changed":false,"footnotes":""},"class_list":["post-4502","page","type-page","status-publish","has-post-thumbnail","hentry"],"acf":[],"yoast_head":"<!-- This site is optimized with the Yoast SEO plugin v27.4 - https:\/\/yoast.com\/product\/yoast-seo-wordpress\/ -->\n<title>Maisi granul\u0101m - sdapakuote.lt<\/title>\n<meta name=\"description\" content=\"Iztur\u012bgi un ekonomiski HDPE maisi granul\u0101m, briket\u0113m un m\u0113slojumam. Uzticams risin\u0101jums r\u016bpniec\u012bbai un lauksaimniec\u012bbai.\" \/>\n<meta name=\"robots\" content=\"index, follow, max-snippet:-1, max-image-preview:large, max-video-preview:-1\" \/>\n<link rel=\"canonical\" href=\"https:\/\/www.sdapakuote.lt\/lv\/produkti\/polietilena-maisini\/hdpe-mdpe-maisini\/maisi-granulam\/\" \/>\n<meta property=\"og:locale\" content=\"lv_LV\" \/>\n<meta property=\"og:type\" content=\"article\" \/>\n<meta property=\"og:title\" content=\"Maisi granul\u0101m - sdapakuote.lt\" \/>\n<meta property=\"og:description\" content=\"Iztur\u012bgi un ekonomiski HDPE maisi granul\u0101m, briket\u0113m un m\u0113slojumam. Uzticams risin\u0101jums r\u016bpniec\u012bbai un lauksaimniec\u012bbai.\" \/>\n<meta property=\"og:url\" content=\"https:\/\/www.sdapakuote.lt\/lv\/produkti\/polietilena-maisini\/hdpe-mdpe-maisini\/maisi-granulam\/\" \/>\n<meta property=\"og:site_name\" content=\"sdapakuote.lt\" \/>\n<meta property=\"article:modified_time\" content=\"2025-10-07T10:51:09+00:00\" \/>\n<meta property=\"og:image\" content=\"https:\/\/www.sdapakuote.lt\/wp-content\/uploads\/2025\/10\/Maisai-granulems.png\" \/>\n\t<meta property=\"og:image:width\" content=\"1024\" \/>\n\t<meta property=\"og:image:height\" content=\"1024\" \/>\n\t<meta property=\"og:image:type\" content=\"image\/png\" \/>\n<meta name=\"twitter:card\" content=\"summary_large_image\" \/>\n<meta name=\"twitter:label1\" content=\"Est. reading time\" \/>\n\t<meta name=\"twitter:data1\" content=\"1 minute\" \/>\n<script type=\"application\/ld+json\" class=\"yoast-schema-graph\">{\"@context\":\"https:\\\/\\\/schema.org\",\"@graph\":[{\"@type\":\"WebPage\",\"@id\":\"https:\\\/\\\/www.sdapakuote.lt\\\/lv\\\/produkti\\\/polietilena-maisini\\\/hdpe-mdpe-maisini\\\/maisi-granulam\\\/\",\"url\":\"https:\\\/\\\/www.sdapakuote.lt\\\/lv\\\/produkti\\\/polietilena-maisini\\\/hdpe-mdpe-maisini\\\/maisi-granulam\\\/\",\"name\":\"Maisi granul\u0101m - sdapakuote.lt\",\"isPartOf\":{\"@id\":\"https:\\\/\\\/www.sdapakuote.lt\\\/lv\\\/#website\"},\"primaryImageOfPage\":{\"@id\":\"https:\\\/\\\/www.sdapakuote.lt\\\/lv\\\/produkti\\\/polietilena-maisini\\\/hdpe-mdpe-maisini\\\/maisi-granulam\\\/#primaryimage\"},\"image\":{\"@id\":\"https:\\\/\\\/www.sdapakuote.lt\\\/lv\\\/produkti\\\/polietilena-maisini\\\/hdpe-mdpe-maisini\\\/maisi-granulam\\\/#primaryimage\"},\"thumbnailUrl\":\"https:\\\/\\\/www.sdapakuote.lt\\\/wp-content\\\/uploads\\\/2025\\\/10\\\/Maisai-granulems.png\",\"datePublished\":\"2025-10-07T10:50:51+00:00\",\"dateModified\":\"2025-10-07T10:51:09+00:00\",\"description\":\"Iztur\u012bgi un ekonomiski HDPE maisi granul\u0101m, briket\u0113m un m\u0113slojumam. Uzticams risin\u0101jums r\u016bpniec\u012bbai un lauksaimniec\u012bbai.\",\"breadcrumb\":{\"@id\":\"https:\\\/\\\/www.sdapakuote.lt\\\/lv\\\/produkti\\\/polietilena-maisini\\\/hdpe-mdpe-maisini\\\/maisi-granulam\\\/#breadcrumb\"},\"inLanguage\":\"lv-LV\",\"potentialAction\":[{\"@type\":\"ReadAction\",\"target\":[\"https:\\\/\\\/www.sdapakuote.lt\\\/lv\\\/produkti\\\/polietilena-maisini\\\/hdpe-mdpe-maisini\\\/maisi-granulam\\\/\"]}]},{\"@type\":\"ImageObject\",\"inLanguage\":\"lv-LV\",\"@id\":\"https:\\\/\\\/www.sdapakuote.lt\\\/lv\\\/produkti\\\/polietilena-maisini\\\/hdpe-mdpe-maisini\\\/maisi-granulam\\\/#primaryimage\",\"url\":\"https:\\\/\\\/www.sdapakuote.lt\\\/wp-content\\\/uploads\\\/2025\\\/10\\\/Maisai-granulems.png\",\"contentUrl\":\"https:\\\/\\\/www.sdapakuote.lt\\\/wp-content\\\/uploads\\\/2025\\\/10\\\/Maisai-granulems.png\",\"width\":1024,\"height\":1024,\"caption\":\"Mai\u0161ai granul\u0117ms\"},{\"@type\":\"BreadcrumbList\",\"@id\":\"https:\\\/\\\/www.sdapakuote.lt\\\/lv\\\/produkti\\\/polietilena-maisini\\\/hdpe-mdpe-maisini\\\/maisi-granulam\\\/#breadcrumb\",\"itemListElement\":[{\"@type\":\"ListItem\",\"position\":1,\"name\":\"Home\",\"item\":\"https:\\\/\\\/www.sdapakuote.lt\\\/lv\\\/\"},{\"@type\":\"ListItem\",\"position\":2,\"name\":\"Produkti\",\"item\":\"https:\\\/\\\/www.sdapakuote.lt\\\/lv\\\/produkti\\\/\"},{\"@type\":\"ListItem\",\"position\":3,\"name\":\"Polietil\u0113na maisi\u0146i\",\"item\":\"https:\\\/\\\/www.sdapakuote.lt\\\/lv\\\/produkti\\\/polietilena-maisini\\\/\"},{\"@type\":\"ListItem\",\"position\":4,\"name\":\"HDPE \\\/ MDPE maisi\u0146i\",\"item\":\"https:\\\/\\\/www.sdapakuote.lt\\\/lv\\\/produkti\\\/polietilena-maisini\\\/hdpe-mdpe-maisini\\\/\"},{\"@type\":\"ListItem\",\"position\":5,\"name\":\"Maisi granul\u0101m\"}]},{\"@type\":\"WebSite\",\"@id\":\"https:\\\/\\\/www.sdapakuote.lt\\\/lv\\\/#website\",\"url\":\"https:\\\/\\\/www.sdapakuote.lt\\\/lv\\\/\",\"name\":\"sdapakuote.lt\",\"description\":\"Kol kas tik dar vienas WordPress tinklalapis\",\"potentialAction\":[{\"@type\":\"SearchAction\",\"target\":{\"@type\":\"EntryPoint\",\"urlTemplate\":\"https:\\\/\\\/www.sdapakuote.lt\\\/lv\\\/?s={search_term_string}\"},\"query-input\":{\"@type\":\"PropertyValueSpecification\",\"valueRequired\":true,\"valueName\":\"search_term_string\"}}],\"inLanguage\":\"lv-LV\"}]}<\/script>\n<!-- \/ Yoast SEO plugin. -->","yoast_head_json":{"title":"Maisi granul\u0101m - sdapakuote.lt","description":"Iztur\u012bgi un ekonomiski HDPE maisi granul\u0101m, briket\u0113m un m\u0113slojumam. Uzticams risin\u0101jums r\u016bpniec\u012bbai un lauksaimniec\u012bbai.","robots":{"index":"index","follow":"follow","max-snippet":"max-snippet:-1","max-image-preview":"max-image-preview:large","max-video-preview":"max-video-preview:-1"},"canonical":"https:\/\/www.sdapakuote.lt\/lv\/produkti\/polietilena-maisini\/hdpe-mdpe-maisini\/maisi-granulam\/","og_locale":"lv_LV","og_type":"article","og_title":"Maisi granul\u0101m - sdapakuote.lt","og_description":"Iztur\u012bgi un ekonomiski HDPE maisi granul\u0101m, briket\u0113m un m\u0113slojumam. Uzticams risin\u0101jums r\u016bpniec\u012bbai un lauksaimniec\u012bbai.","og_url":"https:\/\/www.sdapakuote.lt\/lv\/produkti\/polietilena-maisini\/hdpe-mdpe-maisini\/maisi-granulam\/","og_site_name":"sdapakuote.lt","article_modified_time":"2025-10-07T10:51:09+00:00","og_image":[{"width":1024,"height":1024,"url":"https:\/\/www.sdapakuote.lt\/wp-content\/uploads\/2025\/10\/Maisai-granulems.png","type":"image\/png"}],"twitter_card":"summary_large_image","twitter_misc":{"Est. reading time":"1 minute"},"schema":{"@context":"https:\/\/schema.org","@graph":[{"@type":"WebPage","@id":"https:\/\/www.sdapakuote.lt\/lv\/produkti\/polietilena-maisini\/hdpe-mdpe-maisini\/maisi-granulam\/","url":"https:\/\/www.sdapakuote.lt\/lv\/produkti\/polietilena-maisini\/hdpe-mdpe-maisini\/maisi-granulam\/","name":"Maisi granul\u0101m - sdapakuote.lt","isPartOf":{"@id":"https:\/\/www.sdapakuote.lt\/lv\/#website"},"primaryImageOfPage":{"@id":"https:\/\/www.sdapakuote.lt\/lv\/produkti\/polietilena-maisini\/hdpe-mdpe-maisini\/maisi-granulam\/#primaryimage"},"image":{"@id":"https:\/\/www.sdapakuote.lt\/lv\/produkti\/polietilena-maisini\/hdpe-mdpe-maisini\/maisi-granulam\/#primaryimage"},"thumbnailUrl":"https:\/\/www.sdapakuote.lt\/wp-content\/uploads\/2025\/10\/Maisai-granulems.png","datePublished":"2025-10-07T10:50:51+00:00","dateModified":"2025-10-07T10:51:09+00:00","description":"Iztur\u012bgi un ekonomiski HDPE maisi granul\u0101m, briket\u0113m un m\u0113slojumam. Uzticams risin\u0101jums r\u016bpniec\u012bbai un lauksaimniec\u012bbai.","breadcrumb":{"@id":"https:\/\/www.sdapakuote.lt\/lv\/produkti\/polietilena-maisini\/hdpe-mdpe-maisini\/maisi-granulam\/#breadcrumb"},"inLanguage":"lv-LV","potentialAction":[{"@type":"ReadAction","target":["https:\/\/www.sdapakuote.lt\/lv\/produkti\/polietilena-maisini\/hdpe-mdpe-maisini\/maisi-granulam\/"]}]},{"@type":"ImageObject","inLanguage":"lv-LV","@id":"https:\/\/www.sdapakuote.lt\/lv\/produkti\/polietilena-maisini\/hdpe-mdpe-maisini\/maisi-granulam\/#primaryimage","url":"https:\/\/www.sdapakuote.lt\/wp-content\/uploads\/2025\/10\/Maisai-granulems.png","contentUrl":"https:\/\/www.sdapakuote.lt\/wp-content\/uploads\/2025\/10\/Maisai-granulems.png","width":1024,"height":1024,"caption":"Mai\u0161ai granul\u0117ms"},{"@type":"BreadcrumbList","@id":"https:\/\/www.sdapakuote.lt\/lv\/produkti\/polietilena-maisini\/hdpe-mdpe-maisini\/maisi-granulam\/#breadcrumb","itemListElement":[{"@type":"ListItem","position":1,"name":"Home","item":"https:\/\/www.sdapakuote.lt\/lv\/"},{"@type":"ListItem","position":2,"name":"Produkti","item":"https:\/\/www.sdapakuote.lt\/lv\/produkti\/"},{"@type":"ListItem","position":3,"name":"Polietil\u0113na maisi\u0146i","item":"https:\/\/www.sdapakuote.lt\/lv\/produkti\/polietilena-maisini\/"},{"@type":"ListItem","position":4,"name":"HDPE \/ MDPE maisi\u0146i","item":"https:\/\/www.sdapakuote.lt\/lv\/produkti\/polietilena-maisini\/hdpe-mdpe-maisini\/"},{"@type":"ListItem","position":5,"name":"Maisi granul\u0101m"}]},{"@type":"WebSite","@id":"https:\/\/www.sdapakuote.lt\/lv\/#website","url":"https:\/\/www.sdapakuote.lt\/lv\/","name":"sdapakuote.lt","description":"Kol kas tik dar vienas WordPress tinklalapis","potentialAction":[{"@type":"SearchAction","target":{"@type":"EntryPoint","urlTemplate":"https:\/\/www.sdapakuote.lt\/lv\/?s={search_term_string}"},"query-input":{"@type":"PropertyValueSpecification","valueRequired":true,"valueName":"search_term_string"}}],"inLanguage":"lv-LV"}]}},"_links":{"self":[{"href":"https:\/\/www.sdapakuote.lt\/lv\/wp-json\/wp\/v2\/pages\/4502","targetHints":{"allow":["GET"]}}],"collection":[{"href":"https:\/\/www.sdapakuote.lt\/lv\/wp-json\/wp\/v2\/pages"}],"about":[{"href":"https:\/\/www.sdapakuote.lt\/lv\/wp-json\/wp\/v2\/types\/page"}],"author":[{"embeddable":true,"href":"https:\/\/www.sdapakuote.lt\/lv\/wp-json\/wp\/v2\/users\/2"}],"replies":[{"embeddable":true,"href":"https:\/\/www.sdapakuote.lt\/lv\/wp-json\/wp\/v2\/comments?post=4502"}],"version-history":[{"count":2,"href":"https:\/\/www.sdapakuote.lt\/lv\/wp-json\/wp\/v2\/pages\/4502\/revisions"}],"predecessor-version":[{"id":4505,"href":"https:\/\/www.sdapakuote.lt\/lv\/wp-json\/wp\/v2\/pages\/4502\/revisions\/4505"}],"up":[{"embeddable":true,"href":"https:\/\/www.sdapakuote.lt\/lv\/wp-json\/wp\/v2\/pages\/4485"}],"wp:featuredmedia":[{"embeddable":true,"href":"https:\/\/www.sdapakuote.lt\/lv\/wp-json\/wp\/v2\/media\/4285"}],"wp:attachment":[{"href":"https:\/\/www.sdapakuote.lt\/lv\/wp-json\/wp\/v2\/media?parent=4502"}],"curies":[{"name":"wp","href":"https:\/\/api.w.org\/{rel}","templated":true}]}}