{"id":4498,"date":"2025-10-07T10:47:55","date_gmt":"2025-10-07T10:47:55","guid":{"rendered":"https:\/\/www.sdapakuote.lt\/?page_id=4498"},"modified":"2025-10-07T10:48:04","modified_gmt":"2025-10-07T10:48:04","slug":"maisi-briketem","status":"publish","type":"page","link":"https:\/\/www.sdapakuote.lt\/lv\/produkti\/polietilena-maisini\/hdpe-mdpe-maisini\/maisi-briketem\/","title":{"rendered":"Maisi briket\u0113m"},"content":{"rendered":"<p data-start=\"386\" data-end=\"623\"><strong data-start=\"386\" data-end=\"401\">SDA Pakuot\u0117<\/strong> pied\u0101v\u0101 da\u017e\u0101du izm\u0113ru <strong data-start=\"424\" data-end=\"439\">HDPE maisus<\/strong>, kas pla\u0161i tiek izmantoti <strong data-start=\"466\" data-end=\"532\">granulu, brike\u0161u, m\u0113slojuma un citu beramo produktu fas\u0113\u0161anai.<\/strong><br data-start=\"532\" data-end=\"535\" \/><br \/>\nMaisi tiek ra\u017eoti no <strong data-start=\"556\" data-end=\"571\">HDPE pl\u0113ves<\/strong>, kas izce\u013cas ar <strong data-start=\"588\" data-end=\"623\">\u012bpa\u0161u iztur\u012bbu un ekonomiskumu.<\/strong><\/p>\n<h3 data-start=\"625\" data-end=\"662\"><strong data-start=\"629\" data-end=\"662\">K\u0101p\u0113c izv\u0113l\u0113ties HDPE maisus?<\/strong><\/h3>\n<ul data-start=\"664\" data-end=\"967\">\n<li data-start=\"664\" data-end=\"736\">\n<p data-start=\"666\" data-end=\"736\"><strong data-start=\"666\" data-end=\"678\">Iztur\u012bba<\/strong> \u2013 HDPE pl\u0113ve ir stipr\u0101ka nek\u0101 LDPE pie t\u0101 pa\u0161a biezuma;<\/p>\n<\/li>\n<li data-start=\"737\" data-end=\"847\">\n<p data-start=\"739\" data-end=\"847\"><strong data-start=\"739\" data-end=\"755\">Ekonomiskums<\/strong> \u2013 cena ir atkar\u012bga no pl\u0113ves biezuma, t\u0101p\u0113c risin\u0101jumu var piel\u0101got konkr\u0113t\u0101m vajadz\u012bb\u0101m;<\/p>\n<\/li>\n<li data-start=\"848\" data-end=\"967\">\n<p data-start=\"850\" data-end=\"967\"><strong data-start=\"850\" data-end=\"866\">Univers\u0101lums<\/strong> \u2013 piem\u0113roti da\u017e\u0101du veidu beramajiem produktiem, kad nav nepiecie\u0161ams augsts caursp\u012bd\u012bguma l\u012bmenis.<\/p>\n<\/li>\n<\/ul>\n<p data-start=\"969\" data-end=\"1137\"><strong data-start=\"969\" data-end=\"990\">Standarta izm\u0113ri:<\/strong> 20\/8 x 65 cm, <strong data-start=\"1005\" data-end=\"1030\">biezums \u2013 35 mikroni.<\/strong><br data-start=\"1030\" data-end=\"1033\" \/><br \/>\nP\u0113c piepras\u012bjuma iesp\u0113jams izgatavot ar\u012b citus izm\u0113rus un biezumus, atbilsto\u0161i klienta specifik\u0101cij\u0101m.<\/p>\n<p data-start=\"1139\" data-end=\"1295\"><strong data-start=\"1139\" data-end=\"1153\">HDPE maisi<\/strong> ir lieliska izv\u0113le, ja nepiecie\u0161ams <strong data-start=\"1190\" data-end=\"1248\">uzticams, iztur\u012bgs un ekonomisks iepakojuma risin\u0101jums<\/strong> r\u016bpniec\u012bbas vai lauksaimniec\u012bbas produktiem.<\/p>\n","protected":false},"excerpt":{"rendered":"<p>SDA Pakuot\u0117 pied\u0101v\u0101 da\u017e\u0101du izm\u0113ru HDPE maisus, kas pla\u0161i tiek izmantoti granulu, brike\u0161u, m\u0113slojuma un citu beramo produktu fas\u0113\u0161anai. Maisi tiek ra\u017eoti no HDPE pl\u0113ves, kas izce\u013cas ar \u012bpa\u0161u iztur\u012bbu un ekonomiskumu. K\u0101p\u0113c izv\u0113l\u0113ties HDPE maisus? Iztur\u012bba \u2013 HDPE pl\u0113ve ir stipr\u0101ka nek\u0101 LDPE pie t\u0101 pa\u0161a biezuma; Ekonomiskums \u2013 cena ir atkar\u012bga no pl\u0113ves [&hellip;]<\/p>\n","protected":false},"author":2,"featured_media":4499,"parent":4485,"menu_order":0,"comment_status":"closed","ping_status":"closed","template":"page-single-product.php","meta":{"_acf_changed":false,"footnotes":""},"class_list":["post-4498","page","type-page","status-publish","has-post-thumbnail","hentry"],"acf":[],"yoast_head":"<!-- This site is optimized with the Yoast SEO plugin v27.4 - https:\/\/yoast.com\/product\/yoast-seo-wordpress\/ -->\n<title>Maisi briket\u0113m - sdapakuote.lt<\/title>\n<meta name=\"description\" content=\"Iztur\u012bgi un ekonomiski HDPE maisi granulu, brike\u0161u un m\u0113slojuma fas\u0113\u0161anai. Pieejami da\u017e\u0101di izm\u0113ri un biezumi.\" \/>\n<meta name=\"robots\" content=\"index, follow, max-snippet:-1, max-image-preview:large, max-video-preview:-1\" \/>\n<link rel=\"canonical\" href=\"https:\/\/www.sdapakuote.lt\/lv\/produkti\/polietilena-maisini\/hdpe-mdpe-maisini\/maisi-briketem\/\" \/>\n<meta property=\"og:locale\" content=\"lv_LV\" \/>\n<meta property=\"og:type\" content=\"article\" \/>\n<meta property=\"og:title\" content=\"Maisi briket\u0113m - sdapakuote.lt\" \/>\n<meta property=\"og:description\" content=\"Iztur\u012bgi un ekonomiski HDPE maisi granulu, brike\u0161u un m\u0113slojuma fas\u0113\u0161anai. Pieejami da\u017e\u0101di izm\u0113ri un biezumi.\" \/>\n<meta property=\"og:url\" content=\"https:\/\/www.sdapakuote.lt\/lv\/produkti\/polietilena-maisini\/hdpe-mdpe-maisini\/maisi-briketem\/\" \/>\n<meta property=\"og:site_name\" content=\"sdapakuote.lt\" \/>\n<meta property=\"article:modified_time\" content=\"2025-10-07T10:48:04+00:00\" \/>\n<meta property=\"og:image\" content=\"https:\/\/www.sdapakuote.lt\/wp-content\/uploads\/2021\/09\/maisai-briketams-142d.png\" \/>\n\t<meta property=\"og:image:width\" content=\"340\" \/>\n\t<meta property=\"og:image:height\" content=\"373\" \/>\n\t<meta property=\"og:image:type\" content=\"image\/png\" \/>\n<meta name=\"twitter:card\" content=\"summary_large_image\" \/>\n<meta name=\"twitter:label1\" content=\"Est. reading time\" \/>\n\t<meta name=\"twitter:data1\" content=\"1 minute\" \/>\n<script type=\"application\/ld+json\" class=\"yoast-schema-graph\">{\"@context\":\"https:\\\/\\\/schema.org\",\"@graph\":[{\"@type\":\"WebPage\",\"@id\":\"https:\\\/\\\/www.sdapakuote.lt\\\/lv\\\/produkti\\\/polietilena-maisini\\\/hdpe-mdpe-maisini\\\/maisi-briketem\\\/\",\"url\":\"https:\\\/\\\/www.sdapakuote.lt\\\/lv\\\/produkti\\\/polietilena-maisini\\\/hdpe-mdpe-maisini\\\/maisi-briketem\\\/\",\"name\":\"Maisi briket\u0113m - sdapakuote.lt\",\"isPartOf\":{\"@id\":\"https:\\\/\\\/www.sdapakuote.lt\\\/lv\\\/#website\"},\"primaryImageOfPage\":{\"@id\":\"https:\\\/\\\/www.sdapakuote.lt\\\/lv\\\/produkti\\\/polietilena-maisini\\\/hdpe-mdpe-maisini\\\/maisi-briketem\\\/#primaryimage\"},\"image\":{\"@id\":\"https:\\\/\\\/www.sdapakuote.lt\\\/lv\\\/produkti\\\/polietilena-maisini\\\/hdpe-mdpe-maisini\\\/maisi-briketem\\\/#primaryimage\"},\"thumbnailUrl\":\"https:\\\/\\\/www.sdapakuote.lt\\\/wp-content\\\/uploads\\\/2021\\\/09\\\/maisai-briketams-142d.png\",\"datePublished\":\"2025-10-07T10:47:55+00:00\",\"dateModified\":\"2025-10-07T10:48:04+00:00\",\"description\":\"Iztur\u012bgi un ekonomiski HDPE maisi granulu, brike\u0161u un m\u0113slojuma fas\u0113\u0161anai. Pieejami da\u017e\u0101di izm\u0113ri un biezumi.\",\"breadcrumb\":{\"@id\":\"https:\\\/\\\/www.sdapakuote.lt\\\/lv\\\/produkti\\\/polietilena-maisini\\\/hdpe-mdpe-maisini\\\/maisi-briketem\\\/#breadcrumb\"},\"inLanguage\":\"lv-LV\",\"potentialAction\":[{\"@type\":\"ReadAction\",\"target\":[\"https:\\\/\\\/www.sdapakuote.lt\\\/lv\\\/produkti\\\/polietilena-maisini\\\/hdpe-mdpe-maisini\\\/maisi-briketem\\\/\"]}]},{\"@type\":\"ImageObject\",\"inLanguage\":\"lv-LV\",\"@id\":\"https:\\\/\\\/www.sdapakuote.lt\\\/lv\\\/produkti\\\/polietilena-maisini\\\/hdpe-mdpe-maisini\\\/maisi-briketem\\\/#primaryimage\",\"url\":\"https:\\\/\\\/www.sdapakuote.lt\\\/wp-content\\\/uploads\\\/2021\\\/09\\\/maisai-briketams-142d.png\",\"contentUrl\":\"https:\\\/\\\/www.sdapakuote.lt\\\/wp-content\\\/uploads\\\/2021\\\/09\\\/maisai-briketams-142d.png\",\"width\":340,\"height\":373,\"caption\":\"Mai\u0161ai briketams\"},{\"@type\":\"BreadcrumbList\",\"@id\":\"https:\\\/\\\/www.sdapakuote.lt\\\/lv\\\/produkti\\\/polietilena-maisini\\\/hdpe-mdpe-maisini\\\/maisi-briketem\\\/#breadcrumb\",\"itemListElement\":[{\"@type\":\"ListItem\",\"position\":1,\"name\":\"Home\",\"item\":\"https:\\\/\\\/www.sdapakuote.lt\\\/lv\\\/\"},{\"@type\":\"ListItem\",\"position\":2,\"name\":\"Produkti\",\"item\":\"https:\\\/\\\/www.sdapakuote.lt\\\/lv\\\/produkti\\\/\"},{\"@type\":\"ListItem\",\"position\":3,\"name\":\"Polietil\u0113na maisi\u0146i\",\"item\":\"https:\\\/\\\/www.sdapakuote.lt\\\/lv\\\/produkti\\\/polietilena-maisini\\\/\"},{\"@type\":\"ListItem\",\"position\":4,\"name\":\"HDPE \\\/ MDPE maisi\u0146i\",\"item\":\"https:\\\/\\\/www.sdapakuote.lt\\\/lv\\\/produkti\\\/polietilena-maisini\\\/hdpe-mdpe-maisini\\\/\"},{\"@type\":\"ListItem\",\"position\":5,\"name\":\"Maisi briket\u0113m\"}]},{\"@type\":\"WebSite\",\"@id\":\"https:\\\/\\\/www.sdapakuote.lt\\\/lv\\\/#website\",\"url\":\"https:\\\/\\\/www.sdapakuote.lt\\\/lv\\\/\",\"name\":\"sdapakuote.lt\",\"description\":\"Kol kas tik dar vienas WordPress tinklalapis\",\"potentialAction\":[{\"@type\":\"SearchAction\",\"target\":{\"@type\":\"EntryPoint\",\"urlTemplate\":\"https:\\\/\\\/www.sdapakuote.lt\\\/lv\\\/?s={search_term_string}\"},\"query-input\":{\"@type\":\"PropertyValueSpecification\",\"valueRequired\":true,\"valueName\":\"search_term_string\"}}],\"inLanguage\":\"lv-LV\"}]}<\/script>\n<!-- \/ Yoast SEO plugin. -->","yoast_head_json":{"title":"Maisi briket\u0113m - sdapakuote.lt","description":"Iztur\u012bgi un ekonomiski HDPE maisi granulu, brike\u0161u un m\u0113slojuma fas\u0113\u0161anai. Pieejami da\u017e\u0101di izm\u0113ri un biezumi.","robots":{"index":"index","follow":"follow","max-snippet":"max-snippet:-1","max-image-preview":"max-image-preview:large","max-video-preview":"max-video-preview:-1"},"canonical":"https:\/\/www.sdapakuote.lt\/lv\/produkti\/polietilena-maisini\/hdpe-mdpe-maisini\/maisi-briketem\/","og_locale":"lv_LV","og_type":"article","og_title":"Maisi briket\u0113m - sdapakuote.lt","og_description":"Iztur\u012bgi un ekonomiski HDPE maisi granulu, brike\u0161u un m\u0113slojuma fas\u0113\u0161anai. Pieejami da\u017e\u0101di izm\u0113ri un biezumi.","og_url":"https:\/\/www.sdapakuote.lt\/lv\/produkti\/polietilena-maisini\/hdpe-mdpe-maisini\/maisi-briketem\/","og_site_name":"sdapakuote.lt","article_modified_time":"2025-10-07T10:48:04+00:00","og_image":[{"width":340,"height":373,"url":"https:\/\/www.sdapakuote.lt\/wp-content\/uploads\/2021\/09\/maisai-briketams-142d.png","type":"image\/png"}],"twitter_card":"summary_large_image","twitter_misc":{"Est. reading time":"1 minute"},"schema":{"@context":"https:\/\/schema.org","@graph":[{"@type":"WebPage","@id":"https:\/\/www.sdapakuote.lt\/lv\/produkti\/polietilena-maisini\/hdpe-mdpe-maisini\/maisi-briketem\/","url":"https:\/\/www.sdapakuote.lt\/lv\/produkti\/polietilena-maisini\/hdpe-mdpe-maisini\/maisi-briketem\/","name":"Maisi briket\u0113m - sdapakuote.lt","isPartOf":{"@id":"https:\/\/www.sdapakuote.lt\/lv\/#website"},"primaryImageOfPage":{"@id":"https:\/\/www.sdapakuote.lt\/lv\/produkti\/polietilena-maisini\/hdpe-mdpe-maisini\/maisi-briketem\/#primaryimage"},"image":{"@id":"https:\/\/www.sdapakuote.lt\/lv\/produkti\/polietilena-maisini\/hdpe-mdpe-maisini\/maisi-briketem\/#primaryimage"},"thumbnailUrl":"https:\/\/www.sdapakuote.lt\/wp-content\/uploads\/2021\/09\/maisai-briketams-142d.png","datePublished":"2025-10-07T10:47:55+00:00","dateModified":"2025-10-07T10:48:04+00:00","description":"Iztur\u012bgi un ekonomiski HDPE maisi granulu, brike\u0161u un m\u0113slojuma fas\u0113\u0161anai. Pieejami da\u017e\u0101di izm\u0113ri un biezumi.","breadcrumb":{"@id":"https:\/\/www.sdapakuote.lt\/lv\/produkti\/polietilena-maisini\/hdpe-mdpe-maisini\/maisi-briketem\/#breadcrumb"},"inLanguage":"lv-LV","potentialAction":[{"@type":"ReadAction","target":["https:\/\/www.sdapakuote.lt\/lv\/produkti\/polietilena-maisini\/hdpe-mdpe-maisini\/maisi-briketem\/"]}]},{"@type":"ImageObject","inLanguage":"lv-LV","@id":"https:\/\/www.sdapakuote.lt\/lv\/produkti\/polietilena-maisini\/hdpe-mdpe-maisini\/maisi-briketem\/#primaryimage","url":"https:\/\/www.sdapakuote.lt\/wp-content\/uploads\/2021\/09\/maisai-briketams-142d.png","contentUrl":"https:\/\/www.sdapakuote.lt\/wp-content\/uploads\/2021\/09\/maisai-briketams-142d.png","width":340,"height":373,"caption":"Mai\u0161ai briketams"},{"@type":"BreadcrumbList","@id":"https:\/\/www.sdapakuote.lt\/lv\/produkti\/polietilena-maisini\/hdpe-mdpe-maisini\/maisi-briketem\/#breadcrumb","itemListElement":[{"@type":"ListItem","position":1,"name":"Home","item":"https:\/\/www.sdapakuote.lt\/lv\/"},{"@type":"ListItem","position":2,"name":"Produkti","item":"https:\/\/www.sdapakuote.lt\/lv\/produkti\/"},{"@type":"ListItem","position":3,"name":"Polietil\u0113na maisi\u0146i","item":"https:\/\/www.sdapakuote.lt\/lv\/produkti\/polietilena-maisini\/"},{"@type":"ListItem","position":4,"name":"HDPE \/ MDPE maisi\u0146i","item":"https:\/\/www.sdapakuote.lt\/lv\/produkti\/polietilena-maisini\/hdpe-mdpe-maisini\/"},{"@type":"ListItem","position":5,"name":"Maisi briket\u0113m"}]},{"@type":"WebSite","@id":"https:\/\/www.sdapakuote.lt\/lv\/#website","url":"https:\/\/www.sdapakuote.lt\/lv\/","name":"sdapakuote.lt","description":"Kol kas tik dar vienas WordPress tinklalapis","potentialAction":[{"@type":"SearchAction","target":{"@type":"EntryPoint","urlTemplate":"https:\/\/www.sdapakuote.lt\/lv\/?s={search_term_string}"},"query-input":{"@type":"PropertyValueSpecification","valueRequired":true,"valueName":"search_term_string"}}],"inLanguage":"lv-LV"}]}},"_links":{"self":[{"href":"https:\/\/www.sdapakuote.lt\/lv\/wp-json\/wp\/v2\/pages\/4498","targetHints":{"allow":["GET"]}}],"collection":[{"href":"https:\/\/www.sdapakuote.lt\/lv\/wp-json\/wp\/v2\/pages"}],"about":[{"href":"https:\/\/www.sdapakuote.lt\/lv\/wp-json\/wp\/v2\/types\/page"}],"author":[{"embeddable":true,"href":"https:\/\/www.sdapakuote.lt\/lv\/wp-json\/wp\/v2\/users\/2"}],"replies":[{"embeddable":true,"href":"https:\/\/www.sdapakuote.lt\/lv\/wp-json\/wp\/v2\/comments?post=4498"}],"version-history":[{"count":1,"href":"https:\/\/www.sdapakuote.lt\/lv\/wp-json\/wp\/v2\/pages\/4498\/revisions"}],"predecessor-version":[{"id":4500,"href":"https:\/\/www.sdapakuote.lt\/lv\/wp-json\/wp\/v2\/pages\/4498\/revisions\/4500"}],"up":[{"embeddable":true,"href":"https:\/\/www.sdapakuote.lt\/lv\/wp-json\/wp\/v2\/pages\/4485"}],"wp:featuredmedia":[{"embeddable":true,"href":"https:\/\/www.sdapakuote.lt\/lv\/wp-json\/wp\/v2\/media\/4499"}],"wp:attachment":[{"href":"https:\/\/www.sdapakuote.lt\/lv\/wp-json\/wp\/v2\/media?parent=4498"}],"curies":[{"name":"wp","href":"https:\/\/api.w.org\/{rel}","templated":true}]}}