{"id":4495,"date":"2025-10-07T10:44:33","date_gmt":"2025-10-07T10:44:33","guid":{"rendered":"https:\/\/www.sdapakuote.lt\/?page_id=4495"},"modified":"2025-10-07T10:44:45","modified_gmt":"2025-10-07T10:44:45","slug":"kreklinveida-maisini","status":"publish","type":"page","link":"https:\/\/www.sdapakuote.lt\/lv\/produkti\/polietilena-maisini\/hdpe-mdpe-maisini\/kreklinveida-maisini\/","title":{"rendered":"Krekli\u0146veida maisi\u0146i"},"content":{"rendered":"<p data-start=\"264\" data-end=\"577\"><strong data-start=\"264\" data-end=\"279\">SDA Pakuot\u0117<\/strong> pied\u0101v\u0101 <strong data-start=\"288\" data-end=\"355\">mazumtirdzniec\u012bbas un vairumtirdzniec\u012bbas maisi\u0146us ar rokturiem<\/strong>, kas bie\u017ei tiek d\u0113v\u0113ti par <strong data-start=\"383\" data-end=\"411\">\u201ckrekli\u0146veida maisi\u0146iem\u201d<\/strong>.<br data-start=\"412\" data-end=\"415\" \/><br \/>\nTie ir vieni no <strong data-start=\"431\" data-end=\"501\">popul\u0101r\u0101kajiem iepakojuma veidiem da\u017e\u0101da tipa tirdzniec\u012bbas viet\u0101s<\/strong> \u2013 s\u0101kot no <strong data-start=\"513\" data-end=\"577\">p\u0101rtikas veikaliem l\u012bdz ap\u0123\u0113rbu un s\u012bko pre\u010du tirdzniec\u012bbai.<\/strong><\/p>\n<p data-start=\"579\" data-end=\"596\">\u0160ie maisi\u0146i ir:<\/p>\n<ul data-start=\"597\" data-end=\"861\">\n<li data-start=\"597\" data-end=\"640\">\n<p data-start=\"599\" data-end=\"640\"><strong data-start=\"599\" data-end=\"611\">kompakti<\/strong>, t\u0101d\u0113\u013c viegli uzglab\u0101jami;<\/p>\n<\/li>\n<li data-start=\"641\" data-end=\"721\">\n<p data-start=\"643\" data-end=\"721\"><strong data-start=\"643\" data-end=\"656\">ietilp\u012bgi<\/strong>, jo tiem ir <strong data-start=\"669\" data-end=\"687\">s\u0101nu krokojumi<\/strong>, kas papla\u0161ina iek\u0161\u0113jo tilpumu;<\/p>\n<\/li>\n<li data-start=\"722\" data-end=\"861\">\n<p data-start=\"724\" data-end=\"861\"><strong data-start=\"724\" data-end=\"738\">ekonomiski<\/strong> \u2013 viens no <strong data-start=\"750\" data-end=\"792\">izdev\u012bg\u0101kajiem iepakojuma risin\u0101jumiem<\/strong>, ko pla\u0161i izmanto gan <strong data-start=\"815\" data-end=\"861\">mazumtirdzniec\u012bb\u0101, gan vairumtirdzniec\u012bb\u0101.<\/strong><\/p>\n<\/li>\n<\/ul>\n<p data-start=\"863\" data-end=\"1106\"><strong data-start=\"863\" data-end=\"887\">Maisi\u0146i ar rokturiem<\/strong> tiek ra\u017eoti no <strong data-start=\"903\" data-end=\"918\">polietil\u0113na<\/strong>, tie ir <strong data-start=\"927\" data-end=\"982\">viegls, iztur\u012bgs un atk\u0101rtoti lietojams iepakojums.<\/strong><br data-start=\"982\" data-end=\"985\" \/><br \/>\nPateicoties to praktiskumam un pieejamajai cenai, tie joproj\u0101m ir <strong data-start=\"1051\" data-end=\"1106\">viens no piepras\u012bt\u0101kajiem iepakojuma veidiem tirg\u016b.<\/strong><\/p>\n","protected":false},"excerpt":{"rendered":"<p>SDA Pakuot\u0117 pied\u0101v\u0101 mazumtirdzniec\u012bbas un vairumtirdzniec\u012bbas maisi\u0146us ar rokturiem, kas bie\u017ei tiek d\u0113v\u0113ti par \u201ckrekli\u0146veida maisi\u0146iem\u201d. Tie ir vieni no popul\u0101r\u0101kajiem iepakojuma veidiem da\u017e\u0101da tipa tirdzniec\u012bbas viet\u0101s \u2013 s\u0101kot no p\u0101rtikas veikaliem l\u012bdz ap\u0123\u0113rbu un s\u012bko pre\u010du tirdzniec\u012bbai. \u0160ie maisi\u0146i ir: kompakti, t\u0101d\u0113\u013c viegli uzglab\u0101jami; ietilp\u012bgi, jo tiem ir s\u0101nu krokojumi, kas papla\u0161ina iek\u0161\u0113jo tilpumu; [&hellip;]<\/p>\n","protected":false},"author":2,"featured_media":4496,"parent":4485,"menu_order":0,"comment_status":"closed","ping_status":"closed","template":"page-single-product.php","meta":{"_acf_changed":false,"footnotes":""},"class_list":["post-4495","page","type-page","status-publish","has-post-thumbnail","hentry"],"acf":[],"yoast_head":"<!-- This site is optimized with the Yoast SEO plugin v27.4 - https:\/\/yoast.com\/product\/yoast-seo-wordpress\/ -->\n<title>Krekli\u0146veida maisi\u0146i - sdapakuote.lt<\/title>\n<meta name=\"description\" content=\"Iztur\u012bgi un \u0113rti polietil\u0113na maisi\u0146i ar rokturiem. Popul\u0101rs, ekonomisks un atk\u0101rtoti lietojams iepakojuma risin\u0101jums.\" \/>\n<meta name=\"robots\" content=\"index, follow, max-snippet:-1, max-image-preview:large, max-video-preview:-1\" \/>\n<link rel=\"canonical\" href=\"https:\/\/www.sdapakuote.lt\/lv\/produkti\/polietilena-maisini\/hdpe-mdpe-maisini\/kreklinveida-maisini\/\" \/>\n<meta property=\"og:locale\" content=\"lv_LV\" \/>\n<meta property=\"og:type\" content=\"article\" \/>\n<meta property=\"og:title\" content=\"Krekli\u0146veida maisi\u0146i - sdapakuote.lt\" \/>\n<meta property=\"og:description\" content=\"Iztur\u012bgi un \u0113rti polietil\u0113na maisi\u0146i ar rokturiem. Popul\u0101rs, ekonomisks un atk\u0101rtoti lietojams iepakojuma risin\u0101jums.\" \/>\n<meta property=\"og:url\" content=\"https:\/\/www.sdapakuote.lt\/lv\/produkti\/polietilena-maisini\/hdpe-mdpe-maisini\/kreklinveida-maisini\/\" \/>\n<meta property=\"og:site_name\" content=\"sdapakuote.lt\" \/>\n<meta property=\"article:modified_time\" content=\"2025-10-07T10:44:45+00:00\" \/>\n<meta property=\"og:image\" content=\"https:\/\/www.sdapakuote.lt\/wp-content\/uploads\/2021\/09\/maikutes-formos-maiseliai.jpg\" \/>\n\t<meta property=\"og:image:width\" content=\"2540\" \/>\n\t<meta property=\"og:image:height\" content=\"1969\" \/>\n\t<meta property=\"og:image:type\" content=\"image\/jpeg\" \/>\n<meta name=\"twitter:card\" content=\"summary_large_image\" \/>\n<meta name=\"twitter:label1\" content=\"Est. reading time\" \/>\n\t<meta name=\"twitter:data1\" content=\"1 minute\" \/>\n<script type=\"application\/ld+json\" class=\"yoast-schema-graph\">{\"@context\":\"https:\\\/\\\/schema.org\",\"@graph\":[{\"@type\":\"WebPage\",\"@id\":\"https:\\\/\\\/www.sdapakuote.lt\\\/lv\\\/produkti\\\/polietilena-maisini\\\/hdpe-mdpe-maisini\\\/kreklinveida-maisini\\\/\",\"url\":\"https:\\\/\\\/www.sdapakuote.lt\\\/lv\\\/produkti\\\/polietilena-maisini\\\/hdpe-mdpe-maisini\\\/kreklinveida-maisini\\\/\",\"name\":\"Krekli\u0146veida maisi\u0146i - sdapakuote.lt\",\"isPartOf\":{\"@id\":\"https:\\\/\\\/www.sdapakuote.lt\\\/lv\\\/#website\"},\"primaryImageOfPage\":{\"@id\":\"https:\\\/\\\/www.sdapakuote.lt\\\/lv\\\/produkti\\\/polietilena-maisini\\\/hdpe-mdpe-maisini\\\/kreklinveida-maisini\\\/#primaryimage\"},\"image\":{\"@id\":\"https:\\\/\\\/www.sdapakuote.lt\\\/lv\\\/produkti\\\/polietilena-maisini\\\/hdpe-mdpe-maisini\\\/kreklinveida-maisini\\\/#primaryimage\"},\"thumbnailUrl\":\"https:\\\/\\\/www.sdapakuote.lt\\\/wp-content\\\/uploads\\\/2021\\\/09\\\/maikutes-formos-maiseliai.jpg\",\"datePublished\":\"2025-10-07T10:44:33+00:00\",\"dateModified\":\"2025-10-07T10:44:45+00:00\",\"description\":\"Iztur\u012bgi un \u0113rti polietil\u0113na maisi\u0146i ar rokturiem. Popul\u0101rs, ekonomisks un atk\u0101rtoti lietojams iepakojuma risin\u0101jums.\",\"breadcrumb\":{\"@id\":\"https:\\\/\\\/www.sdapakuote.lt\\\/lv\\\/produkti\\\/polietilena-maisini\\\/hdpe-mdpe-maisini\\\/kreklinveida-maisini\\\/#breadcrumb\"},\"inLanguage\":\"lv-LV\",\"potentialAction\":[{\"@type\":\"ReadAction\",\"target\":[\"https:\\\/\\\/www.sdapakuote.lt\\\/lv\\\/produkti\\\/polietilena-maisini\\\/hdpe-mdpe-maisini\\\/kreklinveida-maisini\\\/\"]}]},{\"@type\":\"ImageObject\",\"inLanguage\":\"lv-LV\",\"@id\":\"https:\\\/\\\/www.sdapakuote.lt\\\/lv\\\/produkti\\\/polietilena-maisini\\\/hdpe-mdpe-maisini\\\/kreklinveida-maisini\\\/#primaryimage\",\"url\":\"https:\\\/\\\/www.sdapakuote.lt\\\/wp-content\\\/uploads\\\/2021\\\/09\\\/maikutes-formos-maiseliai.jpg\",\"contentUrl\":\"https:\\\/\\\/www.sdapakuote.lt\\\/wp-content\\\/uploads\\\/2021\\\/09\\\/maikutes-formos-maiseliai.jpg\",\"width\":2540,\"height\":1969},{\"@type\":\"BreadcrumbList\",\"@id\":\"https:\\\/\\\/www.sdapakuote.lt\\\/lv\\\/produkti\\\/polietilena-maisini\\\/hdpe-mdpe-maisini\\\/kreklinveida-maisini\\\/#breadcrumb\",\"itemListElement\":[{\"@type\":\"ListItem\",\"position\":1,\"name\":\"Home\",\"item\":\"https:\\\/\\\/www.sdapakuote.lt\\\/lv\\\/\"},{\"@type\":\"ListItem\",\"position\":2,\"name\":\"Produkti\",\"item\":\"https:\\\/\\\/www.sdapakuote.lt\\\/lv\\\/produkti\\\/\"},{\"@type\":\"ListItem\",\"position\":3,\"name\":\"Polietil\u0113na maisi\u0146i\",\"item\":\"https:\\\/\\\/www.sdapakuote.lt\\\/lv\\\/produkti\\\/polietilena-maisini\\\/\"},{\"@type\":\"ListItem\",\"position\":4,\"name\":\"HDPE \\\/ MDPE maisi\u0146i\",\"item\":\"https:\\\/\\\/www.sdapakuote.lt\\\/lv\\\/produkti\\\/polietilena-maisini\\\/hdpe-mdpe-maisini\\\/\"},{\"@type\":\"ListItem\",\"position\":5,\"name\":\"Krekli\u0146veida maisi\u0146i\"}]},{\"@type\":\"WebSite\",\"@id\":\"https:\\\/\\\/www.sdapakuote.lt\\\/lv\\\/#website\",\"url\":\"https:\\\/\\\/www.sdapakuote.lt\\\/lv\\\/\",\"name\":\"sdapakuote.lt\",\"description\":\"Kol kas tik dar vienas WordPress tinklalapis\",\"potentialAction\":[{\"@type\":\"SearchAction\",\"target\":{\"@type\":\"EntryPoint\",\"urlTemplate\":\"https:\\\/\\\/www.sdapakuote.lt\\\/lv\\\/?s={search_term_string}\"},\"query-input\":{\"@type\":\"PropertyValueSpecification\",\"valueRequired\":true,\"valueName\":\"search_term_string\"}}],\"inLanguage\":\"lv-LV\"}]}<\/script>\n<!-- \/ Yoast SEO plugin. -->","yoast_head_json":{"title":"Krekli\u0146veida maisi\u0146i - sdapakuote.lt","description":"Iztur\u012bgi un \u0113rti polietil\u0113na maisi\u0146i ar rokturiem. Popul\u0101rs, ekonomisks un atk\u0101rtoti lietojams iepakojuma risin\u0101jums.","robots":{"index":"index","follow":"follow","max-snippet":"max-snippet:-1","max-image-preview":"max-image-preview:large","max-video-preview":"max-video-preview:-1"},"canonical":"https:\/\/www.sdapakuote.lt\/lv\/produkti\/polietilena-maisini\/hdpe-mdpe-maisini\/kreklinveida-maisini\/","og_locale":"lv_LV","og_type":"article","og_title":"Krekli\u0146veida maisi\u0146i - sdapakuote.lt","og_description":"Iztur\u012bgi un \u0113rti polietil\u0113na maisi\u0146i ar rokturiem. Popul\u0101rs, ekonomisks un atk\u0101rtoti lietojams iepakojuma risin\u0101jums.","og_url":"https:\/\/www.sdapakuote.lt\/lv\/produkti\/polietilena-maisini\/hdpe-mdpe-maisini\/kreklinveida-maisini\/","og_site_name":"sdapakuote.lt","article_modified_time":"2025-10-07T10:44:45+00:00","og_image":[{"width":2540,"height":1969,"url":"https:\/\/www.sdapakuote.lt\/wp-content\/uploads\/2021\/09\/maikutes-formos-maiseliai.jpg","type":"image\/jpeg"}],"twitter_card":"summary_large_image","twitter_misc":{"Est. reading time":"1 minute"},"schema":{"@context":"https:\/\/schema.org","@graph":[{"@type":"WebPage","@id":"https:\/\/www.sdapakuote.lt\/lv\/produkti\/polietilena-maisini\/hdpe-mdpe-maisini\/kreklinveida-maisini\/","url":"https:\/\/www.sdapakuote.lt\/lv\/produkti\/polietilena-maisini\/hdpe-mdpe-maisini\/kreklinveida-maisini\/","name":"Krekli\u0146veida maisi\u0146i - sdapakuote.lt","isPartOf":{"@id":"https:\/\/www.sdapakuote.lt\/lv\/#website"},"primaryImageOfPage":{"@id":"https:\/\/www.sdapakuote.lt\/lv\/produkti\/polietilena-maisini\/hdpe-mdpe-maisini\/kreklinveida-maisini\/#primaryimage"},"image":{"@id":"https:\/\/www.sdapakuote.lt\/lv\/produkti\/polietilena-maisini\/hdpe-mdpe-maisini\/kreklinveida-maisini\/#primaryimage"},"thumbnailUrl":"https:\/\/www.sdapakuote.lt\/wp-content\/uploads\/2021\/09\/maikutes-formos-maiseliai.jpg","datePublished":"2025-10-07T10:44:33+00:00","dateModified":"2025-10-07T10:44:45+00:00","description":"Iztur\u012bgi un \u0113rti polietil\u0113na maisi\u0146i ar rokturiem. Popul\u0101rs, ekonomisks un atk\u0101rtoti lietojams iepakojuma risin\u0101jums.","breadcrumb":{"@id":"https:\/\/www.sdapakuote.lt\/lv\/produkti\/polietilena-maisini\/hdpe-mdpe-maisini\/kreklinveida-maisini\/#breadcrumb"},"inLanguage":"lv-LV","potentialAction":[{"@type":"ReadAction","target":["https:\/\/www.sdapakuote.lt\/lv\/produkti\/polietilena-maisini\/hdpe-mdpe-maisini\/kreklinveida-maisini\/"]}]},{"@type":"ImageObject","inLanguage":"lv-LV","@id":"https:\/\/www.sdapakuote.lt\/lv\/produkti\/polietilena-maisini\/hdpe-mdpe-maisini\/kreklinveida-maisini\/#primaryimage","url":"https:\/\/www.sdapakuote.lt\/wp-content\/uploads\/2021\/09\/maikutes-formos-maiseliai.jpg","contentUrl":"https:\/\/www.sdapakuote.lt\/wp-content\/uploads\/2021\/09\/maikutes-formos-maiseliai.jpg","width":2540,"height":1969},{"@type":"BreadcrumbList","@id":"https:\/\/www.sdapakuote.lt\/lv\/produkti\/polietilena-maisini\/hdpe-mdpe-maisini\/kreklinveida-maisini\/#breadcrumb","itemListElement":[{"@type":"ListItem","position":1,"name":"Home","item":"https:\/\/www.sdapakuote.lt\/lv\/"},{"@type":"ListItem","position":2,"name":"Produkti","item":"https:\/\/www.sdapakuote.lt\/lv\/produkti\/"},{"@type":"ListItem","position":3,"name":"Polietil\u0113na maisi\u0146i","item":"https:\/\/www.sdapakuote.lt\/lv\/produkti\/polietilena-maisini\/"},{"@type":"ListItem","position":4,"name":"HDPE \/ MDPE maisi\u0146i","item":"https:\/\/www.sdapakuote.lt\/lv\/produkti\/polietilena-maisini\/hdpe-mdpe-maisini\/"},{"@type":"ListItem","position":5,"name":"Krekli\u0146veida maisi\u0146i"}]},{"@type":"WebSite","@id":"https:\/\/www.sdapakuote.lt\/lv\/#website","url":"https:\/\/www.sdapakuote.lt\/lv\/","name":"sdapakuote.lt","description":"Kol kas tik dar vienas WordPress tinklalapis","potentialAction":[{"@type":"SearchAction","target":{"@type":"EntryPoint","urlTemplate":"https:\/\/www.sdapakuote.lt\/lv\/?s={search_term_string}"},"query-input":{"@type":"PropertyValueSpecification","valueRequired":true,"valueName":"search_term_string"}}],"inLanguage":"lv-LV"}]}},"_links":{"self":[{"href":"https:\/\/www.sdapakuote.lt\/lv\/wp-json\/wp\/v2\/pages\/4495","targetHints":{"allow":["GET"]}}],"collection":[{"href":"https:\/\/www.sdapakuote.lt\/lv\/wp-json\/wp\/v2\/pages"}],"about":[{"href":"https:\/\/www.sdapakuote.lt\/lv\/wp-json\/wp\/v2\/types\/page"}],"author":[{"embeddable":true,"href":"https:\/\/www.sdapakuote.lt\/lv\/wp-json\/wp\/v2\/users\/2"}],"replies":[{"embeddable":true,"href":"https:\/\/www.sdapakuote.lt\/lv\/wp-json\/wp\/v2\/comments?post=4495"}],"version-history":[{"count":1,"href":"https:\/\/www.sdapakuote.lt\/lv\/wp-json\/wp\/v2\/pages\/4495\/revisions"}],"predecessor-version":[{"id":4497,"href":"https:\/\/www.sdapakuote.lt\/lv\/wp-json\/wp\/v2\/pages\/4495\/revisions\/4497"}],"up":[{"embeddable":true,"href":"https:\/\/www.sdapakuote.lt\/lv\/wp-json\/wp\/v2\/pages\/4485"}],"wp:featuredmedia":[{"embeddable":true,"href":"https:\/\/www.sdapakuote.lt\/lv\/wp-json\/wp\/v2\/media\/4496"}],"wp:attachment":[{"href":"https:\/\/www.sdapakuote.lt\/lv\/wp-json\/wp\/v2\/media?parent=4495"}],"curies":[{"name":"wp","href":"https:\/\/api.w.org\/{rel}","templated":true}]}}