{"id":4492,"date":"2025-10-07T10:42:34","date_gmt":"2025-10-07T10:42:34","guid":{"rendered":"https:\/\/www.sdapakuote.lt\/?page_id=4492"},"modified":"2025-10-07T10:42:43","modified_gmt":"2025-10-07T10:42:43","slug":"loksnes-kastu-izklasanai","status":"publish","type":"page","link":"https:\/\/www.sdapakuote.lt\/lv\/produkti\/polietilena-maisini\/hdpe-mdpe-maisini\/loksnes-kastu-izklasanai\/","title":{"rendered":"Loksnes kastu izkl\u0101\u0161anai"},"content":{"rendered":"<p data-start=\"530\" data-end=\"600\"><strong data-start=\"530\" data-end=\"598\">Polietileno lak\u0161tai d\u0117\u017ei\u0173 dugnams \u2013 patikima apsauga produkcijai<\/strong><\/p>\n<p data-start=\"602\" data-end=\"885\">SDA Pakuot\u0117 si\u016blo auk\u0161tos kokyb\u0117s <strong data-start=\"636\" data-end=\"670\">permatomus polietileno lak\u0161tus<\/strong>, skirtus <strong data-start=\"680\" data-end=\"705\">d\u0117\u017ei\u0173 dugnams i\u0161kloti<\/strong>. Tai vienas i\u0161 populiariausi\u0173 sprendim\u0173 maisto pramon\u0117je ir logistikos srityje, kai reikia u\u017etikrinti, kad produkcija b\u016bt\u0173 tvarkingai supakuota ir apsaugota transportavimo metu.<\/p>\n<p data-start=\"887\" data-end=\"949\"><strong data-start=\"887\" data-end=\"924\">Polietileno lak\u0161tai d\u0117\u017ei\u0173 dugnams<\/strong> apsaugo produktus nuo:<\/p>\n<ul data-start=\"950\" data-end=\"1052\">\n<li data-start=\"950\" data-end=\"962\">\n<p data-start=\"952\" data-end=\"962\">dr\u0117gm\u0117s,<\/p>\n<\/li>\n<li data-start=\"963\" data-end=\"974\">\n<p data-start=\"965\" data-end=\"974\">dulki\u0173,<\/p>\n<\/li>\n<li data-start=\"975\" data-end=\"1005\">\n<p data-start=\"977\" data-end=\"1005\">riebal\u0173 ar kit\u0173 ne\u0161varum\u0173,<\/p>\n<\/li>\n<li data-start=\"1006\" data-end=\"1052\">\n<p data-start=\"1008\" data-end=\"1052\">tiesioginio s\u0105ly\u010dio su kartono pavir\u0161iumi.<\/p>\n<\/li>\n<\/ul>\n<p data-start=\"1054\" data-end=\"1191\">\u0160ie <strong data-start=\"1058\" data-end=\"1102\">lak\u0161tai yra \u0161iek tiek balk\u0161vi, permatomi<\/strong>, tod\u0117l esteti\u0161kai atrodo pakuot\u0117je ir yra patog\u016bs naudoti gamyboje. Jie puikiai tinka:<\/p>\n<ul data-start=\"1192\" data-end=\"1350\">\n<li data-start=\"1192\" data-end=\"1271\">\n<p data-start=\"1194\" data-end=\"1271\"><strong data-start=\"1194\" data-end=\"1220\">maisto produkt\u0173 d\u0117\u017e\u0117ms<\/strong> (m\u0117sai, \u017euviai, kepiniams, dar\u017eov\u0117ms, vaisiams),<\/p>\n<\/li>\n<li data-start=\"1272\" data-end=\"1350\">\n<p data-start=\"1274\" data-end=\"1350\"><strong data-start=\"1274\" data-end=\"1300\">pramoninei produkcijai<\/strong>, kai reikalinga papildoma apsauga nuo sutepimo.<\/p>\n<\/li>\n<\/ul>\n<p data-start=\"1352\" data-end=\"1464\">Tiekiame \u012fvairi\u0173 i\u0161matavim\u0173 <strong data-start=\"1380\" data-end=\"1403\">polietileno lak\u0161tus<\/strong>, pritaikytus pagal kliento poreikius ir gamybos specifik\u0105.<\/p>\n","protected":false},"excerpt":{"rendered":"<p>Polietileno lak\u0161tai d\u0117\u017ei\u0173 dugnams \u2013 patikima apsauga produkcijai SDA Pakuot\u0117 si\u016blo auk\u0161tos kokyb\u0117s permatomus polietileno lak\u0161tus, skirtus d\u0117\u017ei\u0173 dugnams i\u0161kloti. Tai vienas i\u0161 populiariausi\u0173 sprendim\u0173 maisto pramon\u0117je ir logistikos srityje, kai reikia u\u017etikrinti, kad produkcija b\u016bt\u0173 tvarkingai supakuota ir apsaugota transportavimo metu. Polietileno lak\u0161tai d\u0117\u017ei\u0173 dugnams apsaugo produktus nuo: dr\u0117gm\u0117s, dulki\u0173, riebal\u0173 ar kit\u0173 ne\u0161varum\u0173, [&hellip;]<\/p>\n","protected":false},"author":2,"featured_media":4493,"parent":4485,"menu_order":0,"comment_status":"closed","ping_status":"closed","template":"page-single-product.php","meta":{"_acf_changed":false,"footnotes":""},"class_list":["post-4492","page","type-page","status-publish","has-post-thumbnail","hentry"],"acf":[],"yoast_head":"<!-- This site is optimized with the Yoast SEO plugin v27.4 - https:\/\/yoast.com\/product\/yoast-seo-wordpress\/ -->\n<title>Loksnes kastu izkl\u0101\u0161anai - sdapakuote.lt<\/title>\n<meta name=\"description\" content=\"Iztur\u012bgas polietil\u0113na loksnes kastu izkl\u0101\u0161anai. Aizsarg\u0101 produktus no mitruma un net\u012brumiem transport\u0113\u0161anas laik\u0101.\" \/>\n<meta name=\"robots\" content=\"index, follow, max-snippet:-1, max-image-preview:large, max-video-preview:-1\" \/>\n<link rel=\"canonical\" href=\"https:\/\/www.sdapakuote.lt\/lv\/produkti\/polietilena-maisini\/hdpe-mdpe-maisini\/loksnes-kastu-izklasanai\/\" \/>\n<meta property=\"og:locale\" content=\"lv_LV\" \/>\n<meta property=\"og:type\" content=\"article\" \/>\n<meta property=\"og:title\" content=\"Loksnes kastu izkl\u0101\u0161anai - sdapakuote.lt\" \/>\n<meta property=\"og:description\" content=\"Iztur\u012bgas polietil\u0113na loksnes kastu izkl\u0101\u0161anai. Aizsarg\u0101 produktus no mitruma un net\u012brumiem transport\u0113\u0161anas laik\u0101.\" \/>\n<meta property=\"og:url\" content=\"https:\/\/www.sdapakuote.lt\/lv\/produkti\/polietilena-maisini\/hdpe-mdpe-maisini\/loksnes-kastu-izklasanai\/\" \/>\n<meta property=\"og:site_name\" content=\"sdapakuote.lt\" \/>\n<meta property=\"article:modified_time\" content=\"2025-10-07T10:42:43+00:00\" \/>\n<meta property=\"og:image\" content=\"https:\/\/www.sdapakuote.lt\/wp-content\/uploads\/2021\/09\/lakstai-dezems-iskloti.jpg\" \/>\n\t<meta property=\"og:image:width\" content=\"737\" \/>\n\t<meta property=\"og:image:height\" content=\"1000\" \/>\n\t<meta property=\"og:image:type\" content=\"image\/jpeg\" \/>\n<meta name=\"twitter:card\" content=\"summary_large_image\" \/>\n<meta name=\"twitter:label1\" content=\"Est. reading time\" \/>\n\t<meta name=\"twitter:data1\" content=\"1 minute\" \/>\n<script type=\"application\/ld+json\" class=\"yoast-schema-graph\">{\"@context\":\"https:\\\/\\\/schema.org\",\"@graph\":[{\"@type\":\"WebPage\",\"@id\":\"https:\\\/\\\/www.sdapakuote.lt\\\/lv\\\/produkti\\\/polietilena-maisini\\\/hdpe-mdpe-maisini\\\/loksnes-kastu-izklasanai\\\/\",\"url\":\"https:\\\/\\\/www.sdapakuote.lt\\\/lv\\\/produkti\\\/polietilena-maisini\\\/hdpe-mdpe-maisini\\\/loksnes-kastu-izklasanai\\\/\",\"name\":\"Loksnes kastu izkl\u0101\u0161anai - sdapakuote.lt\",\"isPartOf\":{\"@id\":\"https:\\\/\\\/www.sdapakuote.lt\\\/lv\\\/#website\"},\"primaryImageOfPage\":{\"@id\":\"https:\\\/\\\/www.sdapakuote.lt\\\/lv\\\/produkti\\\/polietilena-maisini\\\/hdpe-mdpe-maisini\\\/loksnes-kastu-izklasanai\\\/#primaryimage\"},\"image\":{\"@id\":\"https:\\\/\\\/www.sdapakuote.lt\\\/lv\\\/produkti\\\/polietilena-maisini\\\/hdpe-mdpe-maisini\\\/loksnes-kastu-izklasanai\\\/#primaryimage\"},\"thumbnailUrl\":\"https:\\\/\\\/www.sdapakuote.lt\\\/wp-content\\\/uploads\\\/2021\\\/09\\\/lakstai-dezems-iskloti.jpg\",\"datePublished\":\"2025-10-07T10:42:34+00:00\",\"dateModified\":\"2025-10-07T10:42:43+00:00\",\"description\":\"Iztur\u012bgas polietil\u0113na loksnes kastu izkl\u0101\u0161anai. Aizsarg\u0101 produktus no mitruma un net\u012brumiem transport\u0113\u0161anas laik\u0101.\",\"breadcrumb\":{\"@id\":\"https:\\\/\\\/www.sdapakuote.lt\\\/lv\\\/produkti\\\/polietilena-maisini\\\/hdpe-mdpe-maisini\\\/loksnes-kastu-izklasanai\\\/#breadcrumb\"},\"inLanguage\":\"lv-LV\",\"potentialAction\":[{\"@type\":\"ReadAction\",\"target\":[\"https:\\\/\\\/www.sdapakuote.lt\\\/lv\\\/produkti\\\/polietilena-maisini\\\/hdpe-mdpe-maisini\\\/loksnes-kastu-izklasanai\\\/\"]}]},{\"@type\":\"ImageObject\",\"inLanguage\":\"lv-LV\",\"@id\":\"https:\\\/\\\/www.sdapakuote.lt\\\/lv\\\/produkti\\\/polietilena-maisini\\\/hdpe-mdpe-maisini\\\/loksnes-kastu-izklasanai\\\/#primaryimage\",\"url\":\"https:\\\/\\\/www.sdapakuote.lt\\\/wp-content\\\/uploads\\\/2021\\\/09\\\/lakstai-dezems-iskloti.jpg\",\"contentUrl\":\"https:\\\/\\\/www.sdapakuote.lt\\\/wp-content\\\/uploads\\\/2021\\\/09\\\/lakstai-dezems-iskloti.jpg\",\"width\":737,\"height\":1000,\"caption\":\"Lak\u0161tai d\u0117\u017e\u0117ms i\u0161kloti\"},{\"@type\":\"BreadcrumbList\",\"@id\":\"https:\\\/\\\/www.sdapakuote.lt\\\/lv\\\/produkti\\\/polietilena-maisini\\\/hdpe-mdpe-maisini\\\/loksnes-kastu-izklasanai\\\/#breadcrumb\",\"itemListElement\":[{\"@type\":\"ListItem\",\"position\":1,\"name\":\"Home\",\"item\":\"https:\\\/\\\/www.sdapakuote.lt\\\/lv\\\/\"},{\"@type\":\"ListItem\",\"position\":2,\"name\":\"Produkti\",\"item\":\"https:\\\/\\\/www.sdapakuote.lt\\\/lv\\\/produkti\\\/\"},{\"@type\":\"ListItem\",\"position\":3,\"name\":\"Polietil\u0113na maisi\u0146i\",\"item\":\"https:\\\/\\\/www.sdapakuote.lt\\\/lv\\\/produkti\\\/polietilena-maisini\\\/\"},{\"@type\":\"ListItem\",\"position\":4,\"name\":\"HDPE \\\/ MDPE maisi\u0146i\",\"item\":\"https:\\\/\\\/www.sdapakuote.lt\\\/lv\\\/produkti\\\/polietilena-maisini\\\/hdpe-mdpe-maisini\\\/\"},{\"@type\":\"ListItem\",\"position\":5,\"name\":\"Loksnes kastu izkl\u0101\u0161anai\"}]},{\"@type\":\"WebSite\",\"@id\":\"https:\\\/\\\/www.sdapakuote.lt\\\/lv\\\/#website\",\"url\":\"https:\\\/\\\/www.sdapakuote.lt\\\/lv\\\/\",\"name\":\"sdapakuote.lt\",\"description\":\"Kol kas tik dar vienas WordPress tinklalapis\",\"potentialAction\":[{\"@type\":\"SearchAction\",\"target\":{\"@type\":\"EntryPoint\",\"urlTemplate\":\"https:\\\/\\\/www.sdapakuote.lt\\\/lv\\\/?s={search_term_string}\"},\"query-input\":{\"@type\":\"PropertyValueSpecification\",\"valueRequired\":true,\"valueName\":\"search_term_string\"}}],\"inLanguage\":\"lv-LV\"}]}<\/script>\n<!-- \/ Yoast SEO plugin. -->","yoast_head_json":{"title":"Loksnes kastu izkl\u0101\u0161anai - sdapakuote.lt","description":"Iztur\u012bgas polietil\u0113na loksnes kastu izkl\u0101\u0161anai. Aizsarg\u0101 produktus no mitruma un net\u012brumiem transport\u0113\u0161anas laik\u0101.","robots":{"index":"index","follow":"follow","max-snippet":"max-snippet:-1","max-image-preview":"max-image-preview:large","max-video-preview":"max-video-preview:-1"},"canonical":"https:\/\/www.sdapakuote.lt\/lv\/produkti\/polietilena-maisini\/hdpe-mdpe-maisini\/loksnes-kastu-izklasanai\/","og_locale":"lv_LV","og_type":"article","og_title":"Loksnes kastu izkl\u0101\u0161anai - sdapakuote.lt","og_description":"Iztur\u012bgas polietil\u0113na loksnes kastu izkl\u0101\u0161anai. Aizsarg\u0101 produktus no mitruma un net\u012brumiem transport\u0113\u0161anas laik\u0101.","og_url":"https:\/\/www.sdapakuote.lt\/lv\/produkti\/polietilena-maisini\/hdpe-mdpe-maisini\/loksnes-kastu-izklasanai\/","og_site_name":"sdapakuote.lt","article_modified_time":"2025-10-07T10:42:43+00:00","og_image":[{"width":737,"height":1000,"url":"https:\/\/www.sdapakuote.lt\/wp-content\/uploads\/2021\/09\/lakstai-dezems-iskloti.jpg","type":"image\/jpeg"}],"twitter_card":"summary_large_image","twitter_misc":{"Est. reading time":"1 minute"},"schema":{"@context":"https:\/\/schema.org","@graph":[{"@type":"WebPage","@id":"https:\/\/www.sdapakuote.lt\/lv\/produkti\/polietilena-maisini\/hdpe-mdpe-maisini\/loksnes-kastu-izklasanai\/","url":"https:\/\/www.sdapakuote.lt\/lv\/produkti\/polietilena-maisini\/hdpe-mdpe-maisini\/loksnes-kastu-izklasanai\/","name":"Loksnes kastu izkl\u0101\u0161anai - sdapakuote.lt","isPartOf":{"@id":"https:\/\/www.sdapakuote.lt\/lv\/#website"},"primaryImageOfPage":{"@id":"https:\/\/www.sdapakuote.lt\/lv\/produkti\/polietilena-maisini\/hdpe-mdpe-maisini\/loksnes-kastu-izklasanai\/#primaryimage"},"image":{"@id":"https:\/\/www.sdapakuote.lt\/lv\/produkti\/polietilena-maisini\/hdpe-mdpe-maisini\/loksnes-kastu-izklasanai\/#primaryimage"},"thumbnailUrl":"https:\/\/www.sdapakuote.lt\/wp-content\/uploads\/2021\/09\/lakstai-dezems-iskloti.jpg","datePublished":"2025-10-07T10:42:34+00:00","dateModified":"2025-10-07T10:42:43+00:00","description":"Iztur\u012bgas polietil\u0113na loksnes kastu izkl\u0101\u0161anai. Aizsarg\u0101 produktus no mitruma un net\u012brumiem transport\u0113\u0161anas laik\u0101.","breadcrumb":{"@id":"https:\/\/www.sdapakuote.lt\/lv\/produkti\/polietilena-maisini\/hdpe-mdpe-maisini\/loksnes-kastu-izklasanai\/#breadcrumb"},"inLanguage":"lv-LV","potentialAction":[{"@type":"ReadAction","target":["https:\/\/www.sdapakuote.lt\/lv\/produkti\/polietilena-maisini\/hdpe-mdpe-maisini\/loksnes-kastu-izklasanai\/"]}]},{"@type":"ImageObject","inLanguage":"lv-LV","@id":"https:\/\/www.sdapakuote.lt\/lv\/produkti\/polietilena-maisini\/hdpe-mdpe-maisini\/loksnes-kastu-izklasanai\/#primaryimage","url":"https:\/\/www.sdapakuote.lt\/wp-content\/uploads\/2021\/09\/lakstai-dezems-iskloti.jpg","contentUrl":"https:\/\/www.sdapakuote.lt\/wp-content\/uploads\/2021\/09\/lakstai-dezems-iskloti.jpg","width":737,"height":1000,"caption":"Lak\u0161tai d\u0117\u017e\u0117ms i\u0161kloti"},{"@type":"BreadcrumbList","@id":"https:\/\/www.sdapakuote.lt\/lv\/produkti\/polietilena-maisini\/hdpe-mdpe-maisini\/loksnes-kastu-izklasanai\/#breadcrumb","itemListElement":[{"@type":"ListItem","position":1,"name":"Home","item":"https:\/\/www.sdapakuote.lt\/lv\/"},{"@type":"ListItem","position":2,"name":"Produkti","item":"https:\/\/www.sdapakuote.lt\/lv\/produkti\/"},{"@type":"ListItem","position":3,"name":"Polietil\u0113na maisi\u0146i","item":"https:\/\/www.sdapakuote.lt\/lv\/produkti\/polietilena-maisini\/"},{"@type":"ListItem","position":4,"name":"HDPE \/ MDPE maisi\u0146i","item":"https:\/\/www.sdapakuote.lt\/lv\/produkti\/polietilena-maisini\/hdpe-mdpe-maisini\/"},{"@type":"ListItem","position":5,"name":"Loksnes kastu izkl\u0101\u0161anai"}]},{"@type":"WebSite","@id":"https:\/\/www.sdapakuote.lt\/lv\/#website","url":"https:\/\/www.sdapakuote.lt\/lv\/","name":"sdapakuote.lt","description":"Kol kas tik dar vienas WordPress tinklalapis","potentialAction":[{"@type":"SearchAction","target":{"@type":"EntryPoint","urlTemplate":"https:\/\/www.sdapakuote.lt\/lv\/?s={search_term_string}"},"query-input":{"@type":"PropertyValueSpecification","valueRequired":true,"valueName":"search_term_string"}}],"inLanguage":"lv-LV"}]}},"_links":{"self":[{"href":"https:\/\/www.sdapakuote.lt\/lv\/wp-json\/wp\/v2\/pages\/4492","targetHints":{"allow":["GET"]}}],"collection":[{"href":"https:\/\/www.sdapakuote.lt\/lv\/wp-json\/wp\/v2\/pages"}],"about":[{"href":"https:\/\/www.sdapakuote.lt\/lv\/wp-json\/wp\/v2\/types\/page"}],"author":[{"embeddable":true,"href":"https:\/\/www.sdapakuote.lt\/lv\/wp-json\/wp\/v2\/users\/2"}],"replies":[{"embeddable":true,"href":"https:\/\/www.sdapakuote.lt\/lv\/wp-json\/wp\/v2\/comments?post=4492"}],"version-history":[{"count":1,"href":"https:\/\/www.sdapakuote.lt\/lv\/wp-json\/wp\/v2\/pages\/4492\/revisions"}],"predecessor-version":[{"id":4494,"href":"https:\/\/www.sdapakuote.lt\/lv\/wp-json\/wp\/v2\/pages\/4492\/revisions\/4494"}],"up":[{"embeddable":true,"href":"https:\/\/www.sdapakuote.lt\/lv\/wp-json\/wp\/v2\/pages\/4485"}],"wp:featuredmedia":[{"embeddable":true,"href":"https:\/\/www.sdapakuote.lt\/lv\/wp-json\/wp\/v2\/media\/4493"}],"wp:attachment":[{"href":"https:\/\/www.sdapakuote.lt\/lv\/wp-json\/wp\/v2\/media?parent=4492"}],"curies":[{"name":"wp","href":"https:\/\/api.w.org\/{rel}","templated":true}]}}