{"id":4482,"date":"2025-10-07T07:49:51","date_gmt":"2025-10-07T07:49:51","guid":{"rendered":"https:\/\/www.sdapakuote.lt\/?page_id=4482"},"modified":"2025-10-07T07:49:56","modified_gmt":"2025-10-07T07:49:56","slug":"caurspidigi-maisini-apgerbu-iepakosanai","status":"publish","type":"page","link":"https:\/\/www.sdapakuote.lt\/lv\/produkti\/polietilena-maisini\/cpp-bopp-maisini\/caurspidigi-maisini-apgerbu-iepakosanai\/","title":{"rendered":"Caursp\u012bd\u012bgi maisi\u0146i ap\u0123\u0113rbu iepako\u0161anai"},"content":{"rendered":"<p data-start=\"324\" data-end=\"588\"><strong data-start=\"324\" data-end=\"339\">SDA Pakuot\u0117<\/strong> ra\u017eo da\u017e\u0101du izm\u0113ru <strong data-start=\"359\" data-end=\"391\">maisi\u0146us ap\u0123\u0113rbu iepako\u0161anai<\/strong>, kas tiek piel\u0101goti klienta vajadz\u012bb\u0101m.<br data-start=\"431\" data-end=\"434\" \/><br \/>\nMaisi\u0146i izgatavoti no <strong data-start=\"456\" data-end=\"471\">BOPP pl\u0113ves<\/strong>, kas izce\u013cas ar <strong data-start=\"488\" data-end=\"512\">izcilu caursp\u012bd\u012bgumu<\/strong>, t\u0101d\u0113j\u0101di iepakotais ap\u0123\u0113rbs izskat\u0101s <strong data-start=\"551\" data-end=\"588\">est\u0113tiski, k\u0101rt\u012bgi un pievilc\u012bgi.<\/strong><\/p>\n<p data-start=\"590\" data-end=\"846\">\u0160ie maisi\u0146i bie\u017ei tiek izmantoti <strong data-start=\"623\" data-end=\"712\">T\u2013kreklu, bl\u016b\u017eu, d\u017eemperu, aksesu\u0101ru, tekstila izstr\u0101d\u0101jumu un pat apavu iepako\u0161anai.<\/strong><br data-start=\"712\" data-end=\"715\" \/><br \/>\nCaursp\u012bd\u012bgums \u013cauj skaidri redz\u0113t produktu, t\u0101d\u0113\u013c \u0161\u0101da veida iepakojums ir \u012bpa\u0161i <strong data-start=\"796\" data-end=\"846\">\u0113rts gan veikalos, gan interneta tirdzniec\u012bb\u0101.<\/strong><\/p>\n<p data-start=\"848\" data-end=\"1072\">Maisi\u0146a aug\u0161da\u013c\u0101 ir <strong data-start=\"868\" data-end=\"880\">l\u012bmlente<\/strong> \u2014 p\u0113c produkta ievieto\u0161anas <strong data-start=\"909\" data-end=\"963\">no\u0146em aizsargpl\u0113vi, aizlokiet un piel\u012bm\u0113jiet malu.<\/strong><br data-start=\"963\" data-end=\"966\" \/><br \/>\nTas nodro\u0161ina <strong data-start=\"980\" data-end=\"1002\">k\u0101rt\u012bgu aizv\u0113r\u0161anu<\/strong> un pasarg\u0101 ap\u0123\u0113rbu no <strong data-start=\"1025\" data-end=\"1072\">putek\u013ciem, mitruma un nev\u0113lama piesk\u0101riena.<\/strong><\/p>\n<p data-start=\"1074\" data-end=\"1226\"><strong data-start=\"1074\" data-end=\"1113\">Caursp\u012bd\u012bgie BOPP maisi\u0146i ap\u0123\u0113rbiem<\/strong> ir <strong data-start=\"1117\" data-end=\"1158\">ekonomisks un profesion\u0101ls risin\u0101jums<\/strong>, kas piem\u0113rots gan <strong data-start=\"1178\" data-end=\"1226\">mazumtirdzniec\u012bbai, gan vairumtirdzniec\u012bbai.<\/strong><\/p>\n","protected":false},"excerpt":{"rendered":"<p>SDA Pakuot\u0117 ra\u017eo da\u017e\u0101du izm\u0113ru maisi\u0146us ap\u0123\u0113rbu iepako\u0161anai, kas tiek piel\u0101goti klienta vajadz\u012bb\u0101m. Maisi\u0146i izgatavoti no BOPP pl\u0113ves, kas izce\u013cas ar izcilu caursp\u012bd\u012bgumu, t\u0101d\u0113j\u0101di iepakotais ap\u0123\u0113rbs izskat\u0101s est\u0113tiski, k\u0101rt\u012bgi un pievilc\u012bgi. \u0160ie maisi\u0146i bie\u017ei tiek izmantoti T\u2013kreklu, bl\u016b\u017eu, d\u017eemperu, aksesu\u0101ru, tekstila izstr\u0101d\u0101jumu un pat apavu iepako\u0161anai. Caursp\u012bd\u012bgums \u013cauj skaidri redz\u0113t produktu, t\u0101d\u0113\u013c \u0161\u0101da veida iepakojums [&hellip;]<\/p>\n","protected":false},"author":2,"featured_media":4483,"parent":4439,"menu_order":0,"comment_status":"closed","ping_status":"closed","template":"page-single-product.php","meta":{"_acf_changed":false,"footnotes":""},"class_list":["post-4482","page","type-page","status-publish","has-post-thumbnail","hentry"],"acf":[],"yoast_head":"<!-- This site is optimized with the Yoast SEO plugin v27.4 - https:\/\/yoast.com\/product\/yoast-seo-wordpress\/ -->\n<title>Caursp\u012bd\u012bgi maisi\u0146i ap\u0123\u0113rbu iepako\u0161anai - sdapakuote.lt<\/title>\n<meta name=\"description\" content=\"Caursp\u012bd\u012bgi BOPP maisi\u0146i ap\u0123\u0113rbu iepako\u0161anai. Aizsarg\u0101 no putek\u013ciem un mitruma, nodro\u0161ina est\u0113tisku izskatu.\" \/>\n<meta name=\"robots\" content=\"index, follow, max-snippet:-1, max-image-preview:large, max-video-preview:-1\" \/>\n<link rel=\"canonical\" href=\"https:\/\/www.sdapakuote.lt\/lv\/produkti\/polietilena-maisini\/cpp-bopp-maisini\/caurspidigi-maisini-apgerbu-iepakosanai\/\" \/>\n<meta property=\"og:locale\" content=\"lv_LV\" \/>\n<meta property=\"og:type\" content=\"article\" \/>\n<meta property=\"og:title\" content=\"Caursp\u012bd\u012bgi maisi\u0146i ap\u0123\u0113rbu iepako\u0161anai - sdapakuote.lt\" \/>\n<meta property=\"og:description\" content=\"Caursp\u012bd\u012bgi BOPP maisi\u0146i ap\u0123\u0113rbu iepako\u0161anai. Aizsarg\u0101 no putek\u013ciem un mitruma, nodro\u0161ina est\u0113tisku izskatu.\" \/>\n<meta property=\"og:url\" content=\"https:\/\/www.sdapakuote.lt\/lv\/produkti\/polietilena-maisini\/cpp-bopp-maisini\/caurspidigi-maisini-apgerbu-iepakosanai\/\" \/>\n<meta property=\"og:site_name\" content=\"sdapakuote.lt\" \/>\n<meta property=\"article:modified_time\" content=\"2025-10-07T07:49:56+00:00\" \/>\n<meta property=\"og:image\" content=\"https:\/\/www.sdapakuote.lt\/wp-content\/uploads\/2021\/09\/bopp-maiseliai-rubams-pakuoti.jpg\" \/>\n\t<meta property=\"og:image:width\" content=\"1200\" \/>\n\t<meta property=\"og:image:height\" content=\"711\" \/>\n\t<meta property=\"og:image:type\" content=\"image\/jpeg\" \/>\n<meta name=\"twitter:card\" content=\"summary_large_image\" \/>\n<meta name=\"twitter:label1\" content=\"Est. reading time\" \/>\n\t<meta name=\"twitter:data1\" content=\"1 minute\" \/>\n<script type=\"application\/ld+json\" class=\"yoast-schema-graph\">{\"@context\":\"https:\\\/\\\/schema.org\",\"@graph\":[{\"@type\":\"WebPage\",\"@id\":\"https:\\\/\\\/www.sdapakuote.lt\\\/lv\\\/produkti\\\/polietilena-maisini\\\/cpp-bopp-maisini\\\/caurspidigi-maisini-apgerbu-iepakosanai\\\/\",\"url\":\"https:\\\/\\\/www.sdapakuote.lt\\\/lv\\\/produkti\\\/polietilena-maisini\\\/cpp-bopp-maisini\\\/caurspidigi-maisini-apgerbu-iepakosanai\\\/\",\"name\":\"Caursp\u012bd\u012bgi maisi\u0146i ap\u0123\u0113rbu iepako\u0161anai - sdapakuote.lt\",\"isPartOf\":{\"@id\":\"https:\\\/\\\/www.sdapakuote.lt\\\/lv\\\/#website\"},\"primaryImageOfPage\":{\"@id\":\"https:\\\/\\\/www.sdapakuote.lt\\\/lv\\\/produkti\\\/polietilena-maisini\\\/cpp-bopp-maisini\\\/caurspidigi-maisini-apgerbu-iepakosanai\\\/#primaryimage\"},\"image\":{\"@id\":\"https:\\\/\\\/www.sdapakuote.lt\\\/lv\\\/produkti\\\/polietilena-maisini\\\/cpp-bopp-maisini\\\/caurspidigi-maisini-apgerbu-iepakosanai\\\/#primaryimage\"},\"thumbnailUrl\":\"https:\\\/\\\/www.sdapakuote.lt\\\/wp-content\\\/uploads\\\/2021\\\/09\\\/bopp-maiseliai-rubams-pakuoti.jpg\",\"datePublished\":\"2025-10-07T07:49:51+00:00\",\"dateModified\":\"2025-10-07T07:49:56+00:00\",\"description\":\"Caursp\u012bd\u012bgi BOPP maisi\u0146i ap\u0123\u0113rbu iepako\u0161anai. Aizsarg\u0101 no putek\u013ciem un mitruma, nodro\u0161ina est\u0113tisku izskatu.\",\"breadcrumb\":{\"@id\":\"https:\\\/\\\/www.sdapakuote.lt\\\/lv\\\/produkti\\\/polietilena-maisini\\\/cpp-bopp-maisini\\\/caurspidigi-maisini-apgerbu-iepakosanai\\\/#breadcrumb\"},\"inLanguage\":\"lv-LV\",\"potentialAction\":[{\"@type\":\"ReadAction\",\"target\":[\"https:\\\/\\\/www.sdapakuote.lt\\\/lv\\\/produkti\\\/polietilena-maisini\\\/cpp-bopp-maisini\\\/caurspidigi-maisini-apgerbu-iepakosanai\\\/\"]}]},{\"@type\":\"ImageObject\",\"inLanguage\":\"lv-LV\",\"@id\":\"https:\\\/\\\/www.sdapakuote.lt\\\/lv\\\/produkti\\\/polietilena-maisini\\\/cpp-bopp-maisini\\\/caurspidigi-maisini-apgerbu-iepakosanai\\\/#primaryimage\",\"url\":\"https:\\\/\\\/www.sdapakuote.lt\\\/wp-content\\\/uploads\\\/2021\\\/09\\\/bopp-maiseliai-rubams-pakuoti.jpg\",\"contentUrl\":\"https:\\\/\\\/www.sdapakuote.lt\\\/wp-content\\\/uploads\\\/2021\\\/09\\\/bopp-maiseliai-rubams-pakuoti.jpg\",\"width\":1200,\"height\":711},{\"@type\":\"BreadcrumbList\",\"@id\":\"https:\\\/\\\/www.sdapakuote.lt\\\/lv\\\/produkti\\\/polietilena-maisini\\\/cpp-bopp-maisini\\\/caurspidigi-maisini-apgerbu-iepakosanai\\\/#breadcrumb\",\"itemListElement\":[{\"@type\":\"ListItem\",\"position\":1,\"name\":\"Home\",\"item\":\"https:\\\/\\\/www.sdapakuote.lt\\\/lv\\\/\"},{\"@type\":\"ListItem\",\"position\":2,\"name\":\"Produkti\",\"item\":\"https:\\\/\\\/www.sdapakuote.lt\\\/lv\\\/produkti\\\/\"},{\"@type\":\"ListItem\",\"position\":3,\"name\":\"Polietil\u0113na maisi\u0146i\",\"item\":\"https:\\\/\\\/www.sdapakuote.lt\\\/lv\\\/produkti\\\/polietilena-maisini\\\/\"},{\"@type\":\"ListItem\",\"position\":4,\"name\":\"CPP \\\/ BOPP maisi\u0146i\",\"item\":\"https:\\\/\\\/www.sdapakuote.lt\\\/lv\\\/produkti\\\/polietilena-maisini\\\/cpp-bopp-maisini\\\/\"},{\"@type\":\"ListItem\",\"position\":5,\"name\":\"Caursp\u012bd\u012bgi maisi\u0146i ap\u0123\u0113rbu iepako\u0161anai\"}]},{\"@type\":\"WebSite\",\"@id\":\"https:\\\/\\\/www.sdapakuote.lt\\\/lv\\\/#website\",\"url\":\"https:\\\/\\\/www.sdapakuote.lt\\\/lv\\\/\",\"name\":\"sdapakuote.lt\",\"description\":\"Kol kas tik dar vienas WordPress tinklalapis\",\"potentialAction\":[{\"@type\":\"SearchAction\",\"target\":{\"@type\":\"EntryPoint\",\"urlTemplate\":\"https:\\\/\\\/www.sdapakuote.lt\\\/lv\\\/?s={search_term_string}\"},\"query-input\":{\"@type\":\"PropertyValueSpecification\",\"valueRequired\":true,\"valueName\":\"search_term_string\"}}],\"inLanguage\":\"lv-LV\"}]}<\/script>\n<!-- \/ Yoast SEO plugin. -->","yoast_head_json":{"title":"Caursp\u012bd\u012bgi maisi\u0146i ap\u0123\u0113rbu iepako\u0161anai - sdapakuote.lt","description":"Caursp\u012bd\u012bgi BOPP maisi\u0146i ap\u0123\u0113rbu iepako\u0161anai. Aizsarg\u0101 no putek\u013ciem un mitruma, nodro\u0161ina est\u0113tisku izskatu.","robots":{"index":"index","follow":"follow","max-snippet":"max-snippet:-1","max-image-preview":"max-image-preview:large","max-video-preview":"max-video-preview:-1"},"canonical":"https:\/\/www.sdapakuote.lt\/lv\/produkti\/polietilena-maisini\/cpp-bopp-maisini\/caurspidigi-maisini-apgerbu-iepakosanai\/","og_locale":"lv_LV","og_type":"article","og_title":"Caursp\u012bd\u012bgi maisi\u0146i ap\u0123\u0113rbu iepako\u0161anai - sdapakuote.lt","og_description":"Caursp\u012bd\u012bgi BOPP maisi\u0146i ap\u0123\u0113rbu iepako\u0161anai. Aizsarg\u0101 no putek\u013ciem un mitruma, nodro\u0161ina est\u0113tisku izskatu.","og_url":"https:\/\/www.sdapakuote.lt\/lv\/produkti\/polietilena-maisini\/cpp-bopp-maisini\/caurspidigi-maisini-apgerbu-iepakosanai\/","og_site_name":"sdapakuote.lt","article_modified_time":"2025-10-07T07:49:56+00:00","og_image":[{"width":1200,"height":711,"url":"https:\/\/www.sdapakuote.lt\/wp-content\/uploads\/2021\/09\/bopp-maiseliai-rubams-pakuoti.jpg","type":"image\/jpeg"}],"twitter_card":"summary_large_image","twitter_misc":{"Est. reading time":"1 minute"},"schema":{"@context":"https:\/\/schema.org","@graph":[{"@type":"WebPage","@id":"https:\/\/www.sdapakuote.lt\/lv\/produkti\/polietilena-maisini\/cpp-bopp-maisini\/caurspidigi-maisini-apgerbu-iepakosanai\/","url":"https:\/\/www.sdapakuote.lt\/lv\/produkti\/polietilena-maisini\/cpp-bopp-maisini\/caurspidigi-maisini-apgerbu-iepakosanai\/","name":"Caursp\u012bd\u012bgi maisi\u0146i ap\u0123\u0113rbu iepako\u0161anai - sdapakuote.lt","isPartOf":{"@id":"https:\/\/www.sdapakuote.lt\/lv\/#website"},"primaryImageOfPage":{"@id":"https:\/\/www.sdapakuote.lt\/lv\/produkti\/polietilena-maisini\/cpp-bopp-maisini\/caurspidigi-maisini-apgerbu-iepakosanai\/#primaryimage"},"image":{"@id":"https:\/\/www.sdapakuote.lt\/lv\/produkti\/polietilena-maisini\/cpp-bopp-maisini\/caurspidigi-maisini-apgerbu-iepakosanai\/#primaryimage"},"thumbnailUrl":"https:\/\/www.sdapakuote.lt\/wp-content\/uploads\/2021\/09\/bopp-maiseliai-rubams-pakuoti.jpg","datePublished":"2025-10-07T07:49:51+00:00","dateModified":"2025-10-07T07:49:56+00:00","description":"Caursp\u012bd\u012bgi BOPP maisi\u0146i ap\u0123\u0113rbu iepako\u0161anai. Aizsarg\u0101 no putek\u013ciem un mitruma, nodro\u0161ina est\u0113tisku izskatu.","breadcrumb":{"@id":"https:\/\/www.sdapakuote.lt\/lv\/produkti\/polietilena-maisini\/cpp-bopp-maisini\/caurspidigi-maisini-apgerbu-iepakosanai\/#breadcrumb"},"inLanguage":"lv-LV","potentialAction":[{"@type":"ReadAction","target":["https:\/\/www.sdapakuote.lt\/lv\/produkti\/polietilena-maisini\/cpp-bopp-maisini\/caurspidigi-maisini-apgerbu-iepakosanai\/"]}]},{"@type":"ImageObject","inLanguage":"lv-LV","@id":"https:\/\/www.sdapakuote.lt\/lv\/produkti\/polietilena-maisini\/cpp-bopp-maisini\/caurspidigi-maisini-apgerbu-iepakosanai\/#primaryimage","url":"https:\/\/www.sdapakuote.lt\/wp-content\/uploads\/2021\/09\/bopp-maiseliai-rubams-pakuoti.jpg","contentUrl":"https:\/\/www.sdapakuote.lt\/wp-content\/uploads\/2021\/09\/bopp-maiseliai-rubams-pakuoti.jpg","width":1200,"height":711},{"@type":"BreadcrumbList","@id":"https:\/\/www.sdapakuote.lt\/lv\/produkti\/polietilena-maisini\/cpp-bopp-maisini\/caurspidigi-maisini-apgerbu-iepakosanai\/#breadcrumb","itemListElement":[{"@type":"ListItem","position":1,"name":"Home","item":"https:\/\/www.sdapakuote.lt\/lv\/"},{"@type":"ListItem","position":2,"name":"Produkti","item":"https:\/\/www.sdapakuote.lt\/lv\/produkti\/"},{"@type":"ListItem","position":3,"name":"Polietil\u0113na maisi\u0146i","item":"https:\/\/www.sdapakuote.lt\/lv\/produkti\/polietilena-maisini\/"},{"@type":"ListItem","position":4,"name":"CPP \/ BOPP maisi\u0146i","item":"https:\/\/www.sdapakuote.lt\/lv\/produkti\/polietilena-maisini\/cpp-bopp-maisini\/"},{"@type":"ListItem","position":5,"name":"Caursp\u012bd\u012bgi maisi\u0146i ap\u0123\u0113rbu iepako\u0161anai"}]},{"@type":"WebSite","@id":"https:\/\/www.sdapakuote.lt\/lv\/#website","url":"https:\/\/www.sdapakuote.lt\/lv\/","name":"sdapakuote.lt","description":"Kol kas tik dar vienas WordPress tinklalapis","potentialAction":[{"@type":"SearchAction","target":{"@type":"EntryPoint","urlTemplate":"https:\/\/www.sdapakuote.lt\/lv\/?s={search_term_string}"},"query-input":{"@type":"PropertyValueSpecification","valueRequired":true,"valueName":"search_term_string"}}],"inLanguage":"lv-LV"}]}},"_links":{"self":[{"href":"https:\/\/www.sdapakuote.lt\/lv\/wp-json\/wp\/v2\/pages\/4482","targetHints":{"allow":["GET"]}}],"collection":[{"href":"https:\/\/www.sdapakuote.lt\/lv\/wp-json\/wp\/v2\/pages"}],"about":[{"href":"https:\/\/www.sdapakuote.lt\/lv\/wp-json\/wp\/v2\/types\/page"}],"author":[{"embeddable":true,"href":"https:\/\/www.sdapakuote.lt\/lv\/wp-json\/wp\/v2\/users\/2"}],"replies":[{"embeddable":true,"href":"https:\/\/www.sdapakuote.lt\/lv\/wp-json\/wp\/v2\/comments?post=4482"}],"version-history":[{"count":1,"href":"https:\/\/www.sdapakuote.lt\/lv\/wp-json\/wp\/v2\/pages\/4482\/revisions"}],"predecessor-version":[{"id":4484,"href":"https:\/\/www.sdapakuote.lt\/lv\/wp-json\/wp\/v2\/pages\/4482\/revisions\/4484"}],"up":[{"embeddable":true,"href":"https:\/\/www.sdapakuote.lt\/lv\/wp-json\/wp\/v2\/pages\/4439"}],"wp:featuredmedia":[{"embeddable":true,"href":"https:\/\/www.sdapakuote.lt\/lv\/wp-json\/wp\/v2\/media\/4483"}],"wp:attachment":[{"href":"https:\/\/www.sdapakuote.lt\/lv\/wp-json\/wp\/v2\/media?parent=4482"}],"curies":[{"name":"wp","href":"https:\/\/api.w.org\/{rel}","templated":true}]}}