{"id":4478,"date":"2025-10-07T07:47:42","date_gmt":"2025-10-07T07:47:42","guid":{"rendered":"https:\/\/www.sdapakuote.lt\/?page_id=4478"},"modified":"2025-10-07T07:47:51","modified_gmt":"2025-10-07T07:47:51","slug":"caurspidigas-loksnes-sasu-kukam-un-skudru-kukam","status":"publish","type":"page","link":"https:\/\/www.sdapakuote.lt\/lv\/produkti\/polietilena-maisini\/cpp-bopp-maisini\/caurspidigas-loksnes-sasu-kukam-un-skudru-kukam\/","title":{"rendered":"Caursp\u012bd\u012bgas loksnes \u0161a\u0161u k\u016bk\u0101m un skudru k\u016bk\u0101m"},"content":{"rendered":"<p data-start=\"383\" data-end=\"720\"><strong data-start=\"383\" data-end=\"398\">SDA Pakuot\u0117<\/strong> pied\u0101v\u0101 da\u017e\u0101du izm\u0113ru <strong data-start=\"421\" data-end=\"444\">polietil\u0113na loksnes<\/strong>, kas ir lieliska alternat\u012bva maisi\u0146iem, kad nepiecie\u0161ams iepakot <strong data-start=\"510\" data-end=\"553\">nestandarta vai lielgabar\u012bta produktus.<\/strong><br data-start=\"553\" data-end=\"556\" \/><br \/>\nT\u0101 k\u0101 <strong data-start=\"562\" data-end=\"644\">maisi\u0146u augstums un platums ir ierobe\u017eots ra\u017eo\u0161anas iek\u0101rtu specifik\u0101cijas d\u0113\u013c<\/strong>, \u012bpa\u0161i <strong data-start=\"652\" data-end=\"678\">lieliem izstr\u0101d\u0101jumiem<\/strong> \u0113rt\u0101k izmantot <strong data-start=\"694\" data-end=\"718\">polietil\u0113na loksnes.<\/strong><\/p>\n<p data-start=\"722\" data-end=\"949\">M\u016bsu ra\u017eot\u0101s loksnes var sasniegt pat <strong data-start=\"760\" data-end=\"779\">2 metrus garum\u0101<\/strong>, t\u0101p\u0113c t\u0101s ir ide\u0101li piem\u0113rotas <strong data-start=\"812\" data-end=\"842\">lielu produktu iepako\u0161anai<\/strong> \u2014 sv\u0113tku \u0161a\u0161u k\u016bk\u0101m, nestandarta d\u0101van\u0101m vai citiem izstr\u0101d\u0101jumiem, kuru augstums p\u0101rsniedz vienu metru.<\/p>\n<p data-start=\"951\" data-end=\"1186\"><strong data-start=\"951\" data-end=\"974\">Polietil\u0113na loksnes<\/strong> ir <strong data-start=\"978\" data-end=\"1050\">caursp\u012bd\u012bgas, iztur\u012bgas un piem\u0113rotas lieto\u0161anai p\u0101rtikas r\u016bpniec\u012bb\u0101<\/strong>, nodro\u0161inot <strong data-start=\"1063\" data-end=\"1099\">produktu aizsardz\u012bbu un higi\u0113nu.<\/strong><br data-start=\"1099\" data-end=\"1102\" \/><br \/>\nTas ir <strong data-start=\"1109\" data-end=\"1147\">praktisks un ekonomisks risin\u0101jums<\/strong>, ja parastie maisi\u0146i nav pietiekami.<\/p>\n<p data-start=\"1188\" data-end=\"1352\">Izv\u0113loties <strong data-start=\"1199\" data-end=\"1214\">SDA Pakuot\u0117<\/strong>, j\u016bs ieg\u016bstat ne tikai <strong data-start=\"1238\" data-end=\"1259\">standarta loksnes<\/strong>, bet ar\u012b iesp\u0113ju <strong data-start=\"1277\" data-end=\"1309\">pas\u016bt\u012bt individu\u0101lus izm\u0113rus<\/strong>, kas piel\u0101goti j\u016bsu produktu vajadz\u012bb\u0101m.<\/p>\n","protected":false},"excerpt":{"rendered":"<p>SDA Pakuot\u0117 pied\u0101v\u0101 da\u017e\u0101du izm\u0113ru polietil\u0113na loksnes, kas ir lieliska alternat\u012bva maisi\u0146iem, kad nepiecie\u0161ams iepakot nestandarta vai lielgabar\u012bta produktus. T\u0101 k\u0101 maisi\u0146u augstums un platums ir ierobe\u017eots ra\u017eo\u0161anas iek\u0101rtu specifik\u0101cijas d\u0113\u013c, \u012bpa\u0161i lieliem izstr\u0101d\u0101jumiem \u0113rt\u0101k izmantot polietil\u0113na loksnes. M\u016bsu ra\u017eot\u0101s loksnes var sasniegt pat 2 metrus garum\u0101, t\u0101p\u0113c t\u0101s ir ide\u0101li piem\u0113rotas lielu produktu iepako\u0161anai [&hellip;]<\/p>\n","protected":false},"author":2,"featured_media":4480,"parent":4439,"menu_order":0,"comment_status":"closed","ping_status":"closed","template":"page-single-product.php","meta":{"_acf_changed":false,"footnotes":""},"class_list":["post-4478","page","type-page","status-publish","has-post-thumbnail","hentry"],"acf":[],"yoast_head":"<!-- This site is optimized with the Yoast SEO plugin v27.4 - https:\/\/yoast.com\/product\/yoast-seo-wordpress\/ -->\n<title>Caursp\u012bd\u012bgas loksnes \u0161a\u0161u k\u016bk\u0101m un skudru k\u016bk\u0101m - sdapakuote.lt<\/title>\n<meta name=\"description\" content=\"Iztur\u012bgas un caursp\u012bd\u012bgas polietil\u0113na loksnes lielu un nestandarta produktu iepako\u0161anai. Piem\u0113rotas p\u0101rtikas r\u016bpniec\u012bbai.\" \/>\n<meta name=\"robots\" content=\"index, follow, max-snippet:-1, max-image-preview:large, max-video-preview:-1\" \/>\n<link rel=\"canonical\" href=\"https:\/\/www.sdapakuote.lt\/lv\/produkti\/polietilena-maisini\/cpp-bopp-maisini\/caurspidigas-loksnes-sasu-kukam-un-skudru-kukam\/\" \/>\n<meta property=\"og:locale\" content=\"lv_LV\" \/>\n<meta property=\"og:type\" content=\"article\" \/>\n<meta property=\"og:title\" content=\"Caursp\u012bd\u012bgas loksnes \u0161a\u0161u k\u016bk\u0101m un skudru k\u016bk\u0101m - sdapakuote.lt\" \/>\n<meta property=\"og:description\" content=\"Iztur\u012bgas un caursp\u012bd\u012bgas polietil\u0113na loksnes lielu un nestandarta produktu iepako\u0161anai. Piem\u0113rotas p\u0101rtikas r\u016bpniec\u012bbai.\" \/>\n<meta property=\"og:url\" content=\"https:\/\/www.sdapakuote.lt\/lv\/produkti\/polietilena-maisini\/cpp-bopp-maisini\/caurspidigas-loksnes-sasu-kukam-un-skudru-kukam\/\" \/>\n<meta property=\"og:site_name\" content=\"sdapakuote.lt\" \/>\n<meta property=\"article:modified_time\" content=\"2025-10-07T07:47:51+00:00\" \/>\n<meta property=\"og:image\" content=\"https:\/\/www.sdapakuote.lt\/wp-content\/uploads\/2021\/09\/20170324_124459-1_burned-e1673791173270.jpg\" \/>\n\t<meta property=\"og:image:width\" content=\"200\" \/>\n\t<meta property=\"og:image:height\" content=\"191\" \/>\n\t<meta property=\"og:image:type\" content=\"image\/jpeg\" \/>\n<meta name=\"twitter:card\" content=\"summary_large_image\" \/>\n<meta name=\"twitter:label1\" content=\"Est. reading time\" \/>\n\t<meta name=\"twitter:data1\" content=\"1 minute\" \/>\n<script type=\"application\/ld+json\" class=\"yoast-schema-graph\">{\"@context\":\"https:\\\/\\\/schema.org\",\"@graph\":[{\"@type\":\"WebPage\",\"@id\":\"https:\\\/\\\/www.sdapakuote.lt\\\/lv\\\/produkti\\\/polietilena-maisini\\\/cpp-bopp-maisini\\\/caurspidigas-loksnes-sasu-kukam-un-skudru-kukam\\\/\",\"url\":\"https:\\\/\\\/www.sdapakuote.lt\\\/lv\\\/produkti\\\/polietilena-maisini\\\/cpp-bopp-maisini\\\/caurspidigas-loksnes-sasu-kukam-un-skudru-kukam\\\/\",\"name\":\"Caursp\u012bd\u012bgas loksnes \u0161a\u0161u k\u016bk\u0101m un skudru k\u016bk\u0101m - sdapakuote.lt\",\"isPartOf\":{\"@id\":\"https:\\\/\\\/www.sdapakuote.lt\\\/lv\\\/#website\"},\"primaryImageOfPage\":{\"@id\":\"https:\\\/\\\/www.sdapakuote.lt\\\/lv\\\/produkti\\\/polietilena-maisini\\\/cpp-bopp-maisini\\\/caurspidigas-loksnes-sasu-kukam-un-skudru-kukam\\\/#primaryimage\"},\"image\":{\"@id\":\"https:\\\/\\\/www.sdapakuote.lt\\\/lv\\\/produkti\\\/polietilena-maisini\\\/cpp-bopp-maisini\\\/caurspidigas-loksnes-sasu-kukam-un-skudru-kukam\\\/#primaryimage\"},\"thumbnailUrl\":\"https:\\\/\\\/www.sdapakuote.lt\\\/wp-content\\\/uploads\\\/2021\\\/09\\\/20170324_124459-1_burned-e1673791173270.jpg\",\"datePublished\":\"2025-10-07T07:47:42+00:00\",\"dateModified\":\"2025-10-07T07:47:51+00:00\",\"description\":\"Iztur\u012bgas un caursp\u012bd\u012bgas polietil\u0113na loksnes lielu un nestandarta produktu iepako\u0161anai. Piem\u0113rotas p\u0101rtikas r\u016bpniec\u012bbai.\",\"breadcrumb\":{\"@id\":\"https:\\\/\\\/www.sdapakuote.lt\\\/lv\\\/produkti\\\/polietilena-maisini\\\/cpp-bopp-maisini\\\/caurspidigas-loksnes-sasu-kukam-un-skudru-kukam\\\/#breadcrumb\"},\"inLanguage\":\"lv-LV\",\"potentialAction\":[{\"@type\":\"ReadAction\",\"target\":[\"https:\\\/\\\/www.sdapakuote.lt\\\/lv\\\/produkti\\\/polietilena-maisini\\\/cpp-bopp-maisini\\\/caurspidigas-loksnes-sasu-kukam-un-skudru-kukam\\\/\"]}]},{\"@type\":\"ImageObject\",\"inLanguage\":\"lv-LV\",\"@id\":\"https:\\\/\\\/www.sdapakuote.lt\\\/lv\\\/produkti\\\/polietilena-maisini\\\/cpp-bopp-maisini\\\/caurspidigas-loksnes-sasu-kukam-un-skudru-kukam\\\/#primaryimage\",\"url\":\"https:\\\/\\\/www.sdapakuote.lt\\\/wp-content\\\/uploads\\\/2021\\\/09\\\/20170324_124459-1_burned-e1673791173270.jpg\",\"contentUrl\":\"https:\\\/\\\/www.sdapakuote.lt\\\/wp-content\\\/uploads\\\/2021\\\/09\\\/20170324_124459-1_burned-e1673791173270.jpg\",\"width\":200,\"height\":191,\"caption\":\"Lak\u0161tai \u0161ako\u010diams\"},{\"@type\":\"BreadcrumbList\",\"@id\":\"https:\\\/\\\/www.sdapakuote.lt\\\/lv\\\/produkti\\\/polietilena-maisini\\\/cpp-bopp-maisini\\\/caurspidigas-loksnes-sasu-kukam-un-skudru-kukam\\\/#breadcrumb\",\"itemListElement\":[{\"@type\":\"ListItem\",\"position\":1,\"name\":\"Home\",\"item\":\"https:\\\/\\\/www.sdapakuote.lt\\\/lv\\\/\"},{\"@type\":\"ListItem\",\"position\":2,\"name\":\"Produkti\",\"item\":\"https:\\\/\\\/www.sdapakuote.lt\\\/lv\\\/produkti\\\/\"},{\"@type\":\"ListItem\",\"position\":3,\"name\":\"Polietil\u0113na maisi\u0146i\",\"item\":\"https:\\\/\\\/www.sdapakuote.lt\\\/lv\\\/produkti\\\/polietilena-maisini\\\/\"},{\"@type\":\"ListItem\",\"position\":4,\"name\":\"CPP \\\/ BOPP maisi\u0146i\",\"item\":\"https:\\\/\\\/www.sdapakuote.lt\\\/lv\\\/produkti\\\/polietilena-maisini\\\/cpp-bopp-maisini\\\/\"},{\"@type\":\"ListItem\",\"position\":5,\"name\":\"Caursp\u012bd\u012bgas loksnes \u0161a\u0161u k\u016bk\u0101m un skudru k\u016bk\u0101m\"}]},{\"@type\":\"WebSite\",\"@id\":\"https:\\\/\\\/www.sdapakuote.lt\\\/lv\\\/#website\",\"url\":\"https:\\\/\\\/www.sdapakuote.lt\\\/lv\\\/\",\"name\":\"sdapakuote.lt\",\"description\":\"Kol kas tik dar vienas WordPress tinklalapis\",\"potentialAction\":[{\"@type\":\"SearchAction\",\"target\":{\"@type\":\"EntryPoint\",\"urlTemplate\":\"https:\\\/\\\/www.sdapakuote.lt\\\/lv\\\/?s={search_term_string}\"},\"query-input\":{\"@type\":\"PropertyValueSpecification\",\"valueRequired\":true,\"valueName\":\"search_term_string\"}}],\"inLanguage\":\"lv-LV\"}]}<\/script>\n<!-- \/ Yoast SEO plugin. -->","yoast_head_json":{"title":"Caursp\u012bd\u012bgas loksnes \u0161a\u0161u k\u016bk\u0101m un skudru k\u016bk\u0101m - sdapakuote.lt","description":"Iztur\u012bgas un caursp\u012bd\u012bgas polietil\u0113na loksnes lielu un nestandarta produktu iepako\u0161anai. Piem\u0113rotas p\u0101rtikas r\u016bpniec\u012bbai.","robots":{"index":"index","follow":"follow","max-snippet":"max-snippet:-1","max-image-preview":"max-image-preview:large","max-video-preview":"max-video-preview:-1"},"canonical":"https:\/\/www.sdapakuote.lt\/lv\/produkti\/polietilena-maisini\/cpp-bopp-maisini\/caurspidigas-loksnes-sasu-kukam-un-skudru-kukam\/","og_locale":"lv_LV","og_type":"article","og_title":"Caursp\u012bd\u012bgas loksnes \u0161a\u0161u k\u016bk\u0101m un skudru k\u016bk\u0101m - sdapakuote.lt","og_description":"Iztur\u012bgas un caursp\u012bd\u012bgas polietil\u0113na loksnes lielu un nestandarta produktu iepako\u0161anai. Piem\u0113rotas p\u0101rtikas r\u016bpniec\u012bbai.","og_url":"https:\/\/www.sdapakuote.lt\/lv\/produkti\/polietilena-maisini\/cpp-bopp-maisini\/caurspidigas-loksnes-sasu-kukam-un-skudru-kukam\/","og_site_name":"sdapakuote.lt","article_modified_time":"2025-10-07T07:47:51+00:00","og_image":[{"width":200,"height":191,"url":"https:\/\/www.sdapakuote.lt\/wp-content\/uploads\/2021\/09\/20170324_124459-1_burned-e1673791173270.jpg","type":"image\/jpeg"}],"twitter_card":"summary_large_image","twitter_misc":{"Est. reading time":"1 minute"},"schema":{"@context":"https:\/\/schema.org","@graph":[{"@type":"WebPage","@id":"https:\/\/www.sdapakuote.lt\/lv\/produkti\/polietilena-maisini\/cpp-bopp-maisini\/caurspidigas-loksnes-sasu-kukam-un-skudru-kukam\/","url":"https:\/\/www.sdapakuote.lt\/lv\/produkti\/polietilena-maisini\/cpp-bopp-maisini\/caurspidigas-loksnes-sasu-kukam-un-skudru-kukam\/","name":"Caursp\u012bd\u012bgas loksnes \u0161a\u0161u k\u016bk\u0101m un skudru k\u016bk\u0101m - sdapakuote.lt","isPartOf":{"@id":"https:\/\/www.sdapakuote.lt\/lv\/#website"},"primaryImageOfPage":{"@id":"https:\/\/www.sdapakuote.lt\/lv\/produkti\/polietilena-maisini\/cpp-bopp-maisini\/caurspidigas-loksnes-sasu-kukam-un-skudru-kukam\/#primaryimage"},"image":{"@id":"https:\/\/www.sdapakuote.lt\/lv\/produkti\/polietilena-maisini\/cpp-bopp-maisini\/caurspidigas-loksnes-sasu-kukam-un-skudru-kukam\/#primaryimage"},"thumbnailUrl":"https:\/\/www.sdapakuote.lt\/wp-content\/uploads\/2021\/09\/20170324_124459-1_burned-e1673791173270.jpg","datePublished":"2025-10-07T07:47:42+00:00","dateModified":"2025-10-07T07:47:51+00:00","description":"Iztur\u012bgas un caursp\u012bd\u012bgas polietil\u0113na loksnes lielu un nestandarta produktu iepako\u0161anai. Piem\u0113rotas p\u0101rtikas r\u016bpniec\u012bbai.","breadcrumb":{"@id":"https:\/\/www.sdapakuote.lt\/lv\/produkti\/polietilena-maisini\/cpp-bopp-maisini\/caurspidigas-loksnes-sasu-kukam-un-skudru-kukam\/#breadcrumb"},"inLanguage":"lv-LV","potentialAction":[{"@type":"ReadAction","target":["https:\/\/www.sdapakuote.lt\/lv\/produkti\/polietilena-maisini\/cpp-bopp-maisini\/caurspidigas-loksnes-sasu-kukam-un-skudru-kukam\/"]}]},{"@type":"ImageObject","inLanguage":"lv-LV","@id":"https:\/\/www.sdapakuote.lt\/lv\/produkti\/polietilena-maisini\/cpp-bopp-maisini\/caurspidigas-loksnes-sasu-kukam-un-skudru-kukam\/#primaryimage","url":"https:\/\/www.sdapakuote.lt\/wp-content\/uploads\/2021\/09\/20170324_124459-1_burned-e1673791173270.jpg","contentUrl":"https:\/\/www.sdapakuote.lt\/wp-content\/uploads\/2021\/09\/20170324_124459-1_burned-e1673791173270.jpg","width":200,"height":191,"caption":"Lak\u0161tai \u0161ako\u010diams"},{"@type":"BreadcrumbList","@id":"https:\/\/www.sdapakuote.lt\/lv\/produkti\/polietilena-maisini\/cpp-bopp-maisini\/caurspidigas-loksnes-sasu-kukam-un-skudru-kukam\/#breadcrumb","itemListElement":[{"@type":"ListItem","position":1,"name":"Home","item":"https:\/\/www.sdapakuote.lt\/lv\/"},{"@type":"ListItem","position":2,"name":"Produkti","item":"https:\/\/www.sdapakuote.lt\/lv\/produkti\/"},{"@type":"ListItem","position":3,"name":"Polietil\u0113na maisi\u0146i","item":"https:\/\/www.sdapakuote.lt\/lv\/produkti\/polietilena-maisini\/"},{"@type":"ListItem","position":4,"name":"CPP \/ BOPP maisi\u0146i","item":"https:\/\/www.sdapakuote.lt\/lv\/produkti\/polietilena-maisini\/cpp-bopp-maisini\/"},{"@type":"ListItem","position":5,"name":"Caursp\u012bd\u012bgas loksnes \u0161a\u0161u k\u016bk\u0101m un skudru k\u016bk\u0101m"}]},{"@type":"WebSite","@id":"https:\/\/www.sdapakuote.lt\/lv\/#website","url":"https:\/\/www.sdapakuote.lt\/lv\/","name":"sdapakuote.lt","description":"Kol kas tik dar vienas WordPress tinklalapis","potentialAction":[{"@type":"SearchAction","target":{"@type":"EntryPoint","urlTemplate":"https:\/\/www.sdapakuote.lt\/lv\/?s={search_term_string}"},"query-input":{"@type":"PropertyValueSpecification","valueRequired":true,"valueName":"search_term_string"}}],"inLanguage":"lv-LV"}]}},"_links":{"self":[{"href":"https:\/\/www.sdapakuote.lt\/lv\/wp-json\/wp\/v2\/pages\/4478","targetHints":{"allow":["GET"]}}],"collection":[{"href":"https:\/\/www.sdapakuote.lt\/lv\/wp-json\/wp\/v2\/pages"}],"about":[{"href":"https:\/\/www.sdapakuote.lt\/lv\/wp-json\/wp\/v2\/types\/page"}],"author":[{"embeddable":true,"href":"https:\/\/www.sdapakuote.lt\/lv\/wp-json\/wp\/v2\/users\/2"}],"replies":[{"embeddable":true,"href":"https:\/\/www.sdapakuote.lt\/lv\/wp-json\/wp\/v2\/comments?post=4478"}],"version-history":[{"count":1,"href":"https:\/\/www.sdapakuote.lt\/lv\/wp-json\/wp\/v2\/pages\/4478\/revisions"}],"predecessor-version":[{"id":4481,"href":"https:\/\/www.sdapakuote.lt\/lv\/wp-json\/wp\/v2\/pages\/4478\/revisions\/4481"}],"up":[{"embeddable":true,"href":"https:\/\/www.sdapakuote.lt\/lv\/wp-json\/wp\/v2\/pages\/4439"}],"wp:featuredmedia":[{"embeddable":true,"href":"https:\/\/www.sdapakuote.lt\/lv\/wp-json\/wp\/v2\/media\/4480"}],"wp:attachment":[{"href":"https:\/\/www.sdapakuote.lt\/lv\/wp-json\/wp\/v2\/media?parent=4478"}],"curies":[{"name":"wp","href":"https:\/\/api.w.org\/{rel}","templated":true}]}}