{"id":4475,"date":"2025-10-07T07:45:30","date_gmt":"2025-10-07T07:45:30","guid":{"rendered":"https:\/\/www.sdapakuote.lt\/?page_id=4475"},"modified":"2025-10-07T07:45:35","modified_gmt":"2025-10-07T07:45:35","slug":"caurspidigi-loksnes","status":"publish","type":"page","link":"https:\/\/www.sdapakuote.lt\/lv\/produkti\/polietilena-maisini\/cpp-bopp-maisini\/caurspidigi-loksnes\/","title":{"rendered":"Caursp\u012bd\u012bgi loksnes"},"content":{"rendered":"<p data-start=\"354\" data-end=\"642\"><strong data-start=\"354\" data-end=\"369\">SDA Pakuot\u0117<\/strong> pied\u0101v\u0101 augstas kvalit\u0101tes <strong data-start=\"397\" data-end=\"420\">polietil\u0113na loksnes<\/strong>, kas ir lieliska alternat\u012bva tradicion\u0101lajiem maisi\u0146iem.<br data-start=\"477\" data-end=\"480\" \/><br \/>\nT\u0101 k\u0101 <strong data-start=\"486\" data-end=\"549\">maisi\u0146u platums un augstums ra\u017eo\u0161anas proces\u0101 ir ierobe\u017eots<\/strong>, \u012bpa\u0161i <strong data-start=\"557\" data-end=\"602\">lieliem vai nestandarta izm\u0113ra produktiem<\/strong> ieteicams izmantot tie\u0161i <strong data-start=\"628\" data-end=\"639\">loksnes<\/strong>.<\/p>\n<p data-start=\"644\" data-end=\"809\"><strong data-start=\"644\" data-end=\"667\">Polietil\u0113na loksnes<\/strong> var sasniegt l\u012bdz <strong data-start=\"686\" data-end=\"706\">2 metriem garum\u0101<\/strong>, t\u0101d\u0113\u013c t\u0101s ir piem\u0113rotas pat \u013coti lieliem produktiem.<br data-start=\"760\" data-end=\"763\" \/><br \/>\nT\u0101s visbie\u017e\u0101k tiek izmantotas, lai iepakotu:<\/p>\n<ul data-start=\"810\" data-end=\"959\">\n<li data-start=\"810\" data-end=\"850\">\n<p data-start=\"812\" data-end=\"850\">sv\u0113tku k\u016bkas (piem\u0113ram, \u0161a\u0161u k\u016bkas),<\/p>\n<\/li>\n<li data-start=\"851\" data-end=\"882\">\n<p data-start=\"853\" data-end=\"882\">nestandarta izm\u0113ra d\u0101vanas,<\/p>\n<\/li>\n<li data-start=\"883\" data-end=\"959\">\n<p data-start=\"885\" data-end=\"959\">augstus vai mas\u012bvus izstr\u0101d\u0101jumus, kurus maisi\u0146os iepakot nav iesp\u0113jams.<\/p>\n<\/li>\n<\/ul>\n<p data-start=\"961\" data-end=\"1208\">\u0160is iepakojuma risin\u0101jums <strong data-start=\"987\" data-end=\"1081\">nodro\u0161ina \u0113rtu produktu aizsardz\u012bbu, saglab\u0101 est\u0113tisku izskatu un atvieglo transport\u0113\u0161anu.<\/strong><br data-start=\"1081\" data-end=\"1084\" \/><br \/>\n<strong data-start=\"1084\" data-end=\"1107\">Polietil\u0113na loksnes<\/strong> ir <strong data-start=\"1111\" data-end=\"1138\">iztur\u012bgas, mitrumdro\u0161as<\/strong> un sniedz <strong data-start=\"1149\" data-end=\"1206\">uzticamu aizsardz\u012bbu pret apk\u0101rt\u0113j\u0101s vides iedarb\u012bbu.<\/strong><\/p>\n<p data-start=\"1210\" data-end=\"1360\">Izv\u0113loties <strong data-start=\"1221\" data-end=\"1236\">SDA Pakuot\u0117<\/strong>, j\u016bs ieg\u016bstat ne tikai <strong data-start=\"1260\" data-end=\"1284\">kvalitat\u012bvas loksnes<\/strong>, bet ar\u012b <strong data-start=\"1294\" data-end=\"1330\">individu\u0101li piel\u0101gotu risin\u0101jumu<\/strong> atbilsto\u0161i j\u016bsu vajadz\u012bb\u0101m.<\/p>\n","protected":false},"excerpt":{"rendered":"<p>SDA Pakuot\u0117 pied\u0101v\u0101 augstas kvalit\u0101tes polietil\u0113na loksnes, kas ir lieliska alternat\u012bva tradicion\u0101lajiem maisi\u0146iem. T\u0101 k\u0101 maisi\u0146u platums un augstums ra\u017eo\u0161anas proces\u0101 ir ierobe\u017eots, \u012bpa\u0161i lieliem vai nestandarta izm\u0113ra produktiem ieteicams izmantot tie\u0161i loksnes. Polietil\u0113na loksnes var sasniegt l\u012bdz 2 metriem garum\u0101, t\u0101d\u0113\u013c t\u0101s ir piem\u0113rotas pat \u013coti lieliem produktiem. T\u0101s visbie\u017e\u0101k tiek izmantotas, lai iepakotu: [&hellip;]<\/p>\n","protected":false},"author":2,"featured_media":4476,"parent":4439,"menu_order":0,"comment_status":"closed","ping_status":"closed","template":"page-single-product.php","meta":{"_acf_changed":false,"footnotes":""},"class_list":["post-4475","page","type-page","status-publish","has-post-thumbnail","hentry"],"acf":[],"yoast_head":"<!-- This site is optimized with the Yoast SEO plugin v27.4 - https:\/\/yoast.com\/product\/yoast-seo-wordpress\/ -->\n<title>Caursp\u012bd\u012bgi loksnes - sdapakuote.lt<\/title>\n<meta name=\"description\" content=\"Iztur\u012bgas polietil\u0113na loksnes lieliem vai nestandarta produktiem. Lieliska alternat\u012bva maisi\u0146iem \u2013 l\u012bdz 2 m garum\u0101.\" \/>\n<meta name=\"robots\" content=\"index, follow, max-snippet:-1, max-image-preview:large, max-video-preview:-1\" \/>\n<link rel=\"canonical\" href=\"https:\/\/www.sdapakuote.lt\/lv\/produkti\/polietilena-maisini\/cpp-bopp-maisini\/caurspidigi-loksnes\/\" \/>\n<meta property=\"og:locale\" content=\"lv_LV\" \/>\n<meta property=\"og:type\" content=\"article\" \/>\n<meta property=\"og:title\" content=\"Caursp\u012bd\u012bgi loksnes - sdapakuote.lt\" \/>\n<meta property=\"og:description\" content=\"Iztur\u012bgas polietil\u0113na loksnes lieliem vai nestandarta produktiem. Lieliska alternat\u012bva maisi\u0146iem \u2013 l\u012bdz 2 m garum\u0101.\" \/>\n<meta property=\"og:url\" content=\"https:\/\/www.sdapakuote.lt\/lv\/produkti\/polietilena-maisini\/cpp-bopp-maisini\/caurspidigi-loksnes\/\" \/>\n<meta property=\"og:site_name\" content=\"sdapakuote.lt\" \/>\n<meta property=\"article:modified_time\" content=\"2025-10-07T07:45:35+00:00\" \/>\n<meta property=\"og:image\" content=\"https:\/\/www.sdapakuote.lt\/wp-content\/uploads\/2021\/09\/cpp-lakstai.jpg\" \/>\n\t<meta property=\"og:image:width\" content=\"500\" \/>\n\t<meta property=\"og:image:height\" content=\"341\" \/>\n\t<meta property=\"og:image:type\" content=\"image\/jpeg\" \/>\n<meta name=\"twitter:card\" content=\"summary_large_image\" \/>\n<meta name=\"twitter:label1\" content=\"Est. reading time\" \/>\n\t<meta name=\"twitter:data1\" content=\"1 minute\" \/>\n<script type=\"application\/ld+json\" class=\"yoast-schema-graph\">{\"@context\":\"https:\\\/\\\/schema.org\",\"@graph\":[{\"@type\":\"WebPage\",\"@id\":\"https:\\\/\\\/www.sdapakuote.lt\\\/lv\\\/produkti\\\/polietilena-maisini\\\/cpp-bopp-maisini\\\/caurspidigi-loksnes\\\/\",\"url\":\"https:\\\/\\\/www.sdapakuote.lt\\\/lv\\\/produkti\\\/polietilena-maisini\\\/cpp-bopp-maisini\\\/caurspidigi-loksnes\\\/\",\"name\":\"Caursp\u012bd\u012bgi loksnes - sdapakuote.lt\",\"isPartOf\":{\"@id\":\"https:\\\/\\\/www.sdapakuote.lt\\\/lv\\\/#website\"},\"primaryImageOfPage\":{\"@id\":\"https:\\\/\\\/www.sdapakuote.lt\\\/lv\\\/produkti\\\/polietilena-maisini\\\/cpp-bopp-maisini\\\/caurspidigi-loksnes\\\/#primaryimage\"},\"image\":{\"@id\":\"https:\\\/\\\/www.sdapakuote.lt\\\/lv\\\/produkti\\\/polietilena-maisini\\\/cpp-bopp-maisini\\\/caurspidigi-loksnes\\\/#primaryimage\"},\"thumbnailUrl\":\"https:\\\/\\\/www.sdapakuote.lt\\\/wp-content\\\/uploads\\\/2021\\\/09\\\/cpp-lakstai.jpg\",\"datePublished\":\"2025-10-07T07:45:30+00:00\",\"dateModified\":\"2025-10-07T07:45:35+00:00\",\"description\":\"Iztur\u012bgas polietil\u0113na loksnes lieliem vai nestandarta produktiem. Lieliska alternat\u012bva maisi\u0146iem \u2013 l\u012bdz 2 m garum\u0101.\",\"breadcrumb\":{\"@id\":\"https:\\\/\\\/www.sdapakuote.lt\\\/lv\\\/produkti\\\/polietilena-maisini\\\/cpp-bopp-maisini\\\/caurspidigi-loksnes\\\/#breadcrumb\"},\"inLanguage\":\"lv-LV\",\"potentialAction\":[{\"@type\":\"ReadAction\",\"target\":[\"https:\\\/\\\/www.sdapakuote.lt\\\/lv\\\/produkti\\\/polietilena-maisini\\\/cpp-bopp-maisini\\\/caurspidigi-loksnes\\\/\"]}]},{\"@type\":\"ImageObject\",\"inLanguage\":\"lv-LV\",\"@id\":\"https:\\\/\\\/www.sdapakuote.lt\\\/lv\\\/produkti\\\/polietilena-maisini\\\/cpp-bopp-maisini\\\/caurspidigi-loksnes\\\/#primaryimage\",\"url\":\"https:\\\/\\\/www.sdapakuote.lt\\\/wp-content\\\/uploads\\\/2021\\\/09\\\/cpp-lakstai.jpg\",\"contentUrl\":\"https:\\\/\\\/www.sdapakuote.lt\\\/wp-content\\\/uploads\\\/2021\\\/09\\\/cpp-lakstai.jpg\",\"width\":500,\"height\":341},{\"@type\":\"BreadcrumbList\",\"@id\":\"https:\\\/\\\/www.sdapakuote.lt\\\/lv\\\/produkti\\\/polietilena-maisini\\\/cpp-bopp-maisini\\\/caurspidigi-loksnes\\\/#breadcrumb\",\"itemListElement\":[{\"@type\":\"ListItem\",\"position\":1,\"name\":\"Home\",\"item\":\"https:\\\/\\\/www.sdapakuote.lt\\\/lv\\\/\"},{\"@type\":\"ListItem\",\"position\":2,\"name\":\"Produkti\",\"item\":\"https:\\\/\\\/www.sdapakuote.lt\\\/lv\\\/produkti\\\/\"},{\"@type\":\"ListItem\",\"position\":3,\"name\":\"Polietil\u0113na maisi\u0146i\",\"item\":\"https:\\\/\\\/www.sdapakuote.lt\\\/lv\\\/produkti\\\/polietilena-maisini\\\/\"},{\"@type\":\"ListItem\",\"position\":4,\"name\":\"CPP \\\/ BOPP maisi\u0146i\",\"item\":\"https:\\\/\\\/www.sdapakuote.lt\\\/lv\\\/produkti\\\/polietilena-maisini\\\/cpp-bopp-maisini\\\/\"},{\"@type\":\"ListItem\",\"position\":5,\"name\":\"Caursp\u012bd\u012bgi loksnes\"}]},{\"@type\":\"WebSite\",\"@id\":\"https:\\\/\\\/www.sdapakuote.lt\\\/lv\\\/#website\",\"url\":\"https:\\\/\\\/www.sdapakuote.lt\\\/lv\\\/\",\"name\":\"sdapakuote.lt\",\"description\":\"Kol kas tik dar vienas WordPress tinklalapis\",\"potentialAction\":[{\"@type\":\"SearchAction\",\"target\":{\"@type\":\"EntryPoint\",\"urlTemplate\":\"https:\\\/\\\/www.sdapakuote.lt\\\/lv\\\/?s={search_term_string}\"},\"query-input\":{\"@type\":\"PropertyValueSpecification\",\"valueRequired\":true,\"valueName\":\"search_term_string\"}}],\"inLanguage\":\"lv-LV\"}]}<\/script>\n<!-- \/ Yoast SEO plugin. -->","yoast_head_json":{"title":"Caursp\u012bd\u012bgi loksnes - sdapakuote.lt","description":"Iztur\u012bgas polietil\u0113na loksnes lieliem vai nestandarta produktiem. Lieliska alternat\u012bva maisi\u0146iem \u2013 l\u012bdz 2 m garum\u0101.","robots":{"index":"index","follow":"follow","max-snippet":"max-snippet:-1","max-image-preview":"max-image-preview:large","max-video-preview":"max-video-preview:-1"},"canonical":"https:\/\/www.sdapakuote.lt\/lv\/produkti\/polietilena-maisini\/cpp-bopp-maisini\/caurspidigi-loksnes\/","og_locale":"lv_LV","og_type":"article","og_title":"Caursp\u012bd\u012bgi loksnes - sdapakuote.lt","og_description":"Iztur\u012bgas polietil\u0113na loksnes lieliem vai nestandarta produktiem. Lieliska alternat\u012bva maisi\u0146iem \u2013 l\u012bdz 2 m garum\u0101.","og_url":"https:\/\/www.sdapakuote.lt\/lv\/produkti\/polietilena-maisini\/cpp-bopp-maisini\/caurspidigi-loksnes\/","og_site_name":"sdapakuote.lt","article_modified_time":"2025-10-07T07:45:35+00:00","og_image":[{"width":500,"height":341,"url":"https:\/\/www.sdapakuote.lt\/wp-content\/uploads\/2021\/09\/cpp-lakstai.jpg","type":"image\/jpeg"}],"twitter_card":"summary_large_image","twitter_misc":{"Est. reading time":"1 minute"},"schema":{"@context":"https:\/\/schema.org","@graph":[{"@type":"WebPage","@id":"https:\/\/www.sdapakuote.lt\/lv\/produkti\/polietilena-maisini\/cpp-bopp-maisini\/caurspidigi-loksnes\/","url":"https:\/\/www.sdapakuote.lt\/lv\/produkti\/polietilena-maisini\/cpp-bopp-maisini\/caurspidigi-loksnes\/","name":"Caursp\u012bd\u012bgi loksnes - sdapakuote.lt","isPartOf":{"@id":"https:\/\/www.sdapakuote.lt\/lv\/#website"},"primaryImageOfPage":{"@id":"https:\/\/www.sdapakuote.lt\/lv\/produkti\/polietilena-maisini\/cpp-bopp-maisini\/caurspidigi-loksnes\/#primaryimage"},"image":{"@id":"https:\/\/www.sdapakuote.lt\/lv\/produkti\/polietilena-maisini\/cpp-bopp-maisini\/caurspidigi-loksnes\/#primaryimage"},"thumbnailUrl":"https:\/\/www.sdapakuote.lt\/wp-content\/uploads\/2021\/09\/cpp-lakstai.jpg","datePublished":"2025-10-07T07:45:30+00:00","dateModified":"2025-10-07T07:45:35+00:00","description":"Iztur\u012bgas polietil\u0113na loksnes lieliem vai nestandarta produktiem. Lieliska alternat\u012bva maisi\u0146iem \u2013 l\u012bdz 2 m garum\u0101.","breadcrumb":{"@id":"https:\/\/www.sdapakuote.lt\/lv\/produkti\/polietilena-maisini\/cpp-bopp-maisini\/caurspidigi-loksnes\/#breadcrumb"},"inLanguage":"lv-LV","potentialAction":[{"@type":"ReadAction","target":["https:\/\/www.sdapakuote.lt\/lv\/produkti\/polietilena-maisini\/cpp-bopp-maisini\/caurspidigi-loksnes\/"]}]},{"@type":"ImageObject","inLanguage":"lv-LV","@id":"https:\/\/www.sdapakuote.lt\/lv\/produkti\/polietilena-maisini\/cpp-bopp-maisini\/caurspidigi-loksnes\/#primaryimage","url":"https:\/\/www.sdapakuote.lt\/wp-content\/uploads\/2021\/09\/cpp-lakstai.jpg","contentUrl":"https:\/\/www.sdapakuote.lt\/wp-content\/uploads\/2021\/09\/cpp-lakstai.jpg","width":500,"height":341},{"@type":"BreadcrumbList","@id":"https:\/\/www.sdapakuote.lt\/lv\/produkti\/polietilena-maisini\/cpp-bopp-maisini\/caurspidigi-loksnes\/#breadcrumb","itemListElement":[{"@type":"ListItem","position":1,"name":"Home","item":"https:\/\/www.sdapakuote.lt\/lv\/"},{"@type":"ListItem","position":2,"name":"Produkti","item":"https:\/\/www.sdapakuote.lt\/lv\/produkti\/"},{"@type":"ListItem","position":3,"name":"Polietil\u0113na maisi\u0146i","item":"https:\/\/www.sdapakuote.lt\/lv\/produkti\/polietilena-maisini\/"},{"@type":"ListItem","position":4,"name":"CPP \/ BOPP maisi\u0146i","item":"https:\/\/www.sdapakuote.lt\/lv\/produkti\/polietilena-maisini\/cpp-bopp-maisini\/"},{"@type":"ListItem","position":5,"name":"Caursp\u012bd\u012bgi loksnes"}]},{"@type":"WebSite","@id":"https:\/\/www.sdapakuote.lt\/lv\/#website","url":"https:\/\/www.sdapakuote.lt\/lv\/","name":"sdapakuote.lt","description":"Kol kas tik dar vienas WordPress tinklalapis","potentialAction":[{"@type":"SearchAction","target":{"@type":"EntryPoint","urlTemplate":"https:\/\/www.sdapakuote.lt\/lv\/?s={search_term_string}"},"query-input":{"@type":"PropertyValueSpecification","valueRequired":true,"valueName":"search_term_string"}}],"inLanguage":"lv-LV"}]}},"_links":{"self":[{"href":"https:\/\/www.sdapakuote.lt\/lv\/wp-json\/wp\/v2\/pages\/4475","targetHints":{"allow":["GET"]}}],"collection":[{"href":"https:\/\/www.sdapakuote.lt\/lv\/wp-json\/wp\/v2\/pages"}],"about":[{"href":"https:\/\/www.sdapakuote.lt\/lv\/wp-json\/wp\/v2\/types\/page"}],"author":[{"embeddable":true,"href":"https:\/\/www.sdapakuote.lt\/lv\/wp-json\/wp\/v2\/users\/2"}],"replies":[{"embeddable":true,"href":"https:\/\/www.sdapakuote.lt\/lv\/wp-json\/wp\/v2\/comments?post=4475"}],"version-history":[{"count":1,"href":"https:\/\/www.sdapakuote.lt\/lv\/wp-json\/wp\/v2\/pages\/4475\/revisions"}],"predecessor-version":[{"id":4477,"href":"https:\/\/www.sdapakuote.lt\/lv\/wp-json\/wp\/v2\/pages\/4475\/revisions\/4477"}],"up":[{"embeddable":true,"href":"https:\/\/www.sdapakuote.lt\/lv\/wp-json\/wp\/v2\/pages\/4439"}],"wp:featuredmedia":[{"embeddable":true,"href":"https:\/\/www.sdapakuote.lt\/lv\/wp-json\/wp\/v2\/media\/4476"}],"wp:attachment":[{"href":"https:\/\/www.sdapakuote.lt\/lv\/wp-json\/wp\/v2\/media?parent=4475"}],"curies":[{"name":"wp","href":"https:\/\/api.w.org\/{rel}","templated":true}]}}