{"id":4471,"date":"2025-10-07T07:43:01","date_gmt":"2025-10-07T07:43:01","guid":{"rendered":"https:\/\/www.sdapakuote.lt\/?page_id=4471"},"modified":"2025-10-07T07:43:11","modified_gmt":"2025-10-07T07:43:11","slug":"perforetie-maisini","status":"publish","type":"page","link":"https:\/\/www.sdapakuote.lt\/lv\/produkti\/polietilena-maisini\/cpp-bopp-maisini\/perforetie-maisini\/","title":{"rendered":"Perfor\u0113tie maisi\u0146i"},"content":{"rendered":"<p data-start=\"376\" data-end=\"688\"><strong data-start=\"376\" data-end=\"391\">SDA Pakuot\u0117<\/strong> ra\u017eo da\u017e\u0101du veidu <strong data-start=\"410\" data-end=\"433\">perfor\u0113tos maisi\u0146us<\/strong>, kas paz\u012bstami ar\u012b k\u0101 <strong data-start=\"456\" data-end=\"496\">maisi\u0146i ar ventil\u0101cijas caurumi\u0146iem.<\/strong><br data-start=\"496\" data-end=\"499\" \/><br \/>\n\u0160\u0101da veida iepakojums ir <strong data-start=\"524\" data-end=\"612\">neaizvietojams maizes, \u0161a\u0161u k\u016bku, p\u012br\u0101gu un citu konditorejas izstr\u0101d\u0101jumu fas\u0113\u0161anai<\/strong>, jo nodro\u0161ina <strong data-start=\"627\" data-end=\"686\">gaisa cirkul\u0101ciju un pal\u012bdz saglab\u0101t produktu svaigumu.<\/strong><\/p>\n<p data-start=\"690\" data-end=\"738\">Pied\u0101v\u0101jam vair\u0101kas <strong data-start=\"710\" data-end=\"736\">perfor\u0101cijas iesp\u0113jas:<\/strong><\/p>\n<ul data-start=\"739\" data-end=\"956\">\n<li data-start=\"739\" data-end=\"828\">\n<p data-start=\"741\" data-end=\"828\"><strong data-start=\"741\" data-end=\"771\">4 caurumi ar 8 mm diametru<\/strong> \u2014 visbie\u017e\u0101k izmantoti maizes un \u0161a\u0161u k\u016bku iepako\u0161anai;<\/p>\n<\/li>\n<li data-start=\"829\" data-end=\"956\">\n<p data-start=\"831\" data-end=\"956\"><strong data-start=\"831\" data-end=\"855\">daudz mazu caurumi\u0146u<\/strong> \u2014 nodro\u0161ina vienm\u0113r\u012bg\u0101ku ventil\u0101ciju, \u012bpa\u0161i piem\u0113roti citiem konditorejas vai p\u0101rtikas produktiem.<\/p>\n<\/li>\n<\/ul>\n<p data-start=\"958\" data-end=\"1128\"><strong data-start=\"958\" data-end=\"982\">Ventil\u0101cijas caurumi<\/strong> maisi\u0146os \u013cauj produktam \u201celpot\u201d un nov\u0113r\u0161 mitruma uzkr\u0101\u0161anos, t\u0101d\u0113j\u0101di <strong data-start=\"1054\" data-end=\"1080\">pasarg\u0101jot no pel\u0113juma<\/strong> un <strong data-start=\"1084\" data-end=\"1126\">pagarinot svaiguma saglab\u0101\u0161anas laiku.<\/strong><\/p>\n<p data-start=\"1130\" data-end=\"1274\">M\u0113s varam <strong data-start=\"1140\" data-end=\"1199\">izgatavot perfor\u0113tos maisi\u0146us da\u017e\u0101dos izm\u0113ros un form\u0101s<\/strong>, piel\u0101gojot tos j\u016bsu <strong data-start=\"1221\" data-end=\"1272\">produkcijas un p\u0101rtikas r\u016bpniec\u012bbas vajadz\u012bb\u0101m.<\/strong><\/p>\n","protected":false},"excerpt":{"rendered":"<p>SDA Pakuot\u0117 ra\u017eo da\u017e\u0101du veidu perfor\u0113tos maisi\u0146us, kas paz\u012bstami ar\u012b k\u0101 maisi\u0146i ar ventil\u0101cijas caurumi\u0146iem. \u0160\u0101da veida iepakojums ir neaizvietojams maizes, \u0161a\u0161u k\u016bku, p\u012br\u0101gu un citu konditorejas izstr\u0101d\u0101jumu fas\u0113\u0161anai, jo nodro\u0161ina gaisa cirkul\u0101ciju un pal\u012bdz saglab\u0101t produktu svaigumu. Pied\u0101v\u0101jam vair\u0101kas perfor\u0101cijas iesp\u0113jas: 4 caurumi ar 8 mm diametru \u2014 visbie\u017e\u0101k izmantoti maizes un \u0161a\u0161u k\u016bku [&hellip;]<\/p>\n","protected":false},"author":2,"featured_media":4472,"parent":4439,"menu_order":0,"comment_status":"closed","ping_status":"closed","template":"page-single-product.php","meta":{"_acf_changed":false,"footnotes":""},"class_list":["post-4471","page","type-page","status-publish","has-post-thumbnail","hentry"],"acf":[],"yoast_head":"<!-- This site is optimized with the Yoast SEO plugin v27.4 - https:\/\/yoast.com\/product\/yoast-seo-wordpress\/ -->\n<title>Perfor\u0113tie maisi\u0146i - sdapakuote.lt<\/title>\n<meta name=\"description\" content=\"Perfor\u0113tie maisi\u0146i ar ventil\u0101cijas caurumiem. Ide\u0101li maizes un konditorejas izstr\u0101d\u0101jumu iepako\u0161anai, saglab\u0101 svaigumu un higi\u0113nu.\" \/>\n<meta name=\"robots\" content=\"index, follow, max-snippet:-1, max-image-preview:large, max-video-preview:-1\" \/>\n<link rel=\"canonical\" href=\"https:\/\/www.sdapakuote.lt\/lv\/produkti\/polietilena-maisini\/cpp-bopp-maisini\/perforetie-maisini\/\" \/>\n<meta property=\"og:locale\" content=\"lv_LV\" \/>\n<meta property=\"og:type\" content=\"article\" \/>\n<meta property=\"og:title\" content=\"Perfor\u0113tie maisi\u0146i - sdapakuote.lt\" \/>\n<meta property=\"og:description\" content=\"Perfor\u0113tie maisi\u0146i ar ventil\u0101cijas caurumiem. Ide\u0101li maizes un konditorejas izstr\u0101d\u0101jumu iepako\u0161anai, saglab\u0101 svaigumu un higi\u0113nu.\" \/>\n<meta property=\"og:url\" content=\"https:\/\/www.sdapakuote.lt\/lv\/produkti\/polietilena-maisini\/cpp-bopp-maisini\/perforetie-maisini\/\" \/>\n<meta property=\"og:site_name\" content=\"sdapakuote.lt\" \/>\n<meta property=\"article:modified_time\" content=\"2025-10-07T07:43:11+00:00\" \/>\n<meta property=\"og:image\" content=\"https:\/\/www.sdapakuote.lt\/wp-content\/uploads\/2022\/02\/perforuoti-maiseliai-scaled.jpg\" \/>\n\t<meta property=\"og:image:width\" content=\"2560\" \/>\n\t<meta property=\"og:image:height\" content=\"2560\" \/>\n\t<meta property=\"og:image:type\" content=\"image\/jpeg\" \/>\n<meta name=\"twitter:card\" content=\"summary_large_image\" \/>\n<meta name=\"twitter:label1\" content=\"Est. reading time\" \/>\n\t<meta name=\"twitter:data1\" content=\"1 minute\" \/>\n<script type=\"application\/ld+json\" class=\"yoast-schema-graph\">{\"@context\":\"https:\\\/\\\/schema.org\",\"@graph\":[{\"@type\":\"WebPage\",\"@id\":\"https:\\\/\\\/www.sdapakuote.lt\\\/lv\\\/produkti\\\/polietilena-maisini\\\/cpp-bopp-maisini\\\/perforetie-maisini\\\/\",\"url\":\"https:\\\/\\\/www.sdapakuote.lt\\\/lv\\\/produkti\\\/polietilena-maisini\\\/cpp-bopp-maisini\\\/perforetie-maisini\\\/\",\"name\":\"Perfor\u0113tie maisi\u0146i - sdapakuote.lt\",\"isPartOf\":{\"@id\":\"https:\\\/\\\/www.sdapakuote.lt\\\/lv\\\/#website\"},\"primaryImageOfPage\":{\"@id\":\"https:\\\/\\\/www.sdapakuote.lt\\\/lv\\\/produkti\\\/polietilena-maisini\\\/cpp-bopp-maisini\\\/perforetie-maisini\\\/#primaryimage\"},\"image\":{\"@id\":\"https:\\\/\\\/www.sdapakuote.lt\\\/lv\\\/produkti\\\/polietilena-maisini\\\/cpp-bopp-maisini\\\/perforetie-maisini\\\/#primaryimage\"},\"thumbnailUrl\":\"https:\\\/\\\/www.sdapakuote.lt\\\/wp-content\\\/uploads\\\/2022\\\/02\\\/perforuoti-maiseliai-scaled.jpg\",\"datePublished\":\"2025-10-07T07:43:01+00:00\",\"dateModified\":\"2025-10-07T07:43:11+00:00\",\"description\":\"Perfor\u0113tie maisi\u0146i ar ventil\u0101cijas caurumiem. Ide\u0101li maizes un konditorejas izstr\u0101d\u0101jumu iepako\u0161anai, saglab\u0101 svaigumu un higi\u0113nu.\",\"breadcrumb\":{\"@id\":\"https:\\\/\\\/www.sdapakuote.lt\\\/lv\\\/produkti\\\/polietilena-maisini\\\/cpp-bopp-maisini\\\/perforetie-maisini\\\/#breadcrumb\"},\"inLanguage\":\"lv-LV\",\"potentialAction\":[{\"@type\":\"ReadAction\",\"target\":[\"https:\\\/\\\/www.sdapakuote.lt\\\/lv\\\/produkti\\\/polietilena-maisini\\\/cpp-bopp-maisini\\\/perforetie-maisini\\\/\"]}]},{\"@type\":\"ImageObject\",\"inLanguage\":\"lv-LV\",\"@id\":\"https:\\\/\\\/www.sdapakuote.lt\\\/lv\\\/produkti\\\/polietilena-maisini\\\/cpp-bopp-maisini\\\/perforetie-maisini\\\/#primaryimage\",\"url\":\"https:\\\/\\\/www.sdapakuote.lt\\\/wp-content\\\/uploads\\\/2022\\\/02\\\/perforuoti-maiseliai-scaled.jpg\",\"contentUrl\":\"https:\\\/\\\/www.sdapakuote.lt\\\/wp-content\\\/uploads\\\/2022\\\/02\\\/perforuoti-maiseliai-scaled.jpg\",\"width\":2560,\"height\":2560,\"caption\":\"Mai\u0161eliai su perforacija\"},{\"@type\":\"BreadcrumbList\",\"@id\":\"https:\\\/\\\/www.sdapakuote.lt\\\/lv\\\/produkti\\\/polietilena-maisini\\\/cpp-bopp-maisini\\\/perforetie-maisini\\\/#breadcrumb\",\"itemListElement\":[{\"@type\":\"ListItem\",\"position\":1,\"name\":\"Home\",\"item\":\"https:\\\/\\\/www.sdapakuote.lt\\\/lv\\\/\"},{\"@type\":\"ListItem\",\"position\":2,\"name\":\"Produkti\",\"item\":\"https:\\\/\\\/www.sdapakuote.lt\\\/lv\\\/produkti\\\/\"},{\"@type\":\"ListItem\",\"position\":3,\"name\":\"Polietil\u0113na maisi\u0146i\",\"item\":\"https:\\\/\\\/www.sdapakuote.lt\\\/lv\\\/produkti\\\/polietilena-maisini\\\/\"},{\"@type\":\"ListItem\",\"position\":4,\"name\":\"CPP \\\/ BOPP maisi\u0146i\",\"item\":\"https:\\\/\\\/www.sdapakuote.lt\\\/lv\\\/produkti\\\/polietilena-maisini\\\/cpp-bopp-maisini\\\/\"},{\"@type\":\"ListItem\",\"position\":5,\"name\":\"Perfor\u0113tie maisi\u0146i\"}]},{\"@type\":\"WebSite\",\"@id\":\"https:\\\/\\\/www.sdapakuote.lt\\\/lv\\\/#website\",\"url\":\"https:\\\/\\\/www.sdapakuote.lt\\\/lv\\\/\",\"name\":\"sdapakuote.lt\",\"description\":\"Kol kas tik dar vienas WordPress tinklalapis\",\"potentialAction\":[{\"@type\":\"SearchAction\",\"target\":{\"@type\":\"EntryPoint\",\"urlTemplate\":\"https:\\\/\\\/www.sdapakuote.lt\\\/lv\\\/?s={search_term_string}\"},\"query-input\":{\"@type\":\"PropertyValueSpecification\",\"valueRequired\":true,\"valueName\":\"search_term_string\"}}],\"inLanguage\":\"lv-LV\"}]}<\/script>\n<!-- \/ Yoast SEO plugin. -->","yoast_head_json":{"title":"Perfor\u0113tie maisi\u0146i - sdapakuote.lt","description":"Perfor\u0113tie maisi\u0146i ar ventil\u0101cijas caurumiem. Ide\u0101li maizes un konditorejas izstr\u0101d\u0101jumu iepako\u0161anai, saglab\u0101 svaigumu un higi\u0113nu.","robots":{"index":"index","follow":"follow","max-snippet":"max-snippet:-1","max-image-preview":"max-image-preview:large","max-video-preview":"max-video-preview:-1"},"canonical":"https:\/\/www.sdapakuote.lt\/lv\/produkti\/polietilena-maisini\/cpp-bopp-maisini\/perforetie-maisini\/","og_locale":"lv_LV","og_type":"article","og_title":"Perfor\u0113tie maisi\u0146i - sdapakuote.lt","og_description":"Perfor\u0113tie maisi\u0146i ar ventil\u0101cijas caurumiem. Ide\u0101li maizes un konditorejas izstr\u0101d\u0101jumu iepako\u0161anai, saglab\u0101 svaigumu un higi\u0113nu.","og_url":"https:\/\/www.sdapakuote.lt\/lv\/produkti\/polietilena-maisini\/cpp-bopp-maisini\/perforetie-maisini\/","og_site_name":"sdapakuote.lt","article_modified_time":"2025-10-07T07:43:11+00:00","og_image":[{"width":2560,"height":2560,"url":"https:\/\/www.sdapakuote.lt\/wp-content\/uploads\/2022\/02\/perforuoti-maiseliai-scaled.jpg","type":"image\/jpeg"}],"twitter_card":"summary_large_image","twitter_misc":{"Est. reading time":"1 minute"},"schema":{"@context":"https:\/\/schema.org","@graph":[{"@type":"WebPage","@id":"https:\/\/www.sdapakuote.lt\/lv\/produkti\/polietilena-maisini\/cpp-bopp-maisini\/perforetie-maisini\/","url":"https:\/\/www.sdapakuote.lt\/lv\/produkti\/polietilena-maisini\/cpp-bopp-maisini\/perforetie-maisini\/","name":"Perfor\u0113tie maisi\u0146i - sdapakuote.lt","isPartOf":{"@id":"https:\/\/www.sdapakuote.lt\/lv\/#website"},"primaryImageOfPage":{"@id":"https:\/\/www.sdapakuote.lt\/lv\/produkti\/polietilena-maisini\/cpp-bopp-maisini\/perforetie-maisini\/#primaryimage"},"image":{"@id":"https:\/\/www.sdapakuote.lt\/lv\/produkti\/polietilena-maisini\/cpp-bopp-maisini\/perforetie-maisini\/#primaryimage"},"thumbnailUrl":"https:\/\/www.sdapakuote.lt\/wp-content\/uploads\/2022\/02\/perforuoti-maiseliai-scaled.jpg","datePublished":"2025-10-07T07:43:01+00:00","dateModified":"2025-10-07T07:43:11+00:00","description":"Perfor\u0113tie maisi\u0146i ar ventil\u0101cijas caurumiem. Ide\u0101li maizes un konditorejas izstr\u0101d\u0101jumu iepako\u0161anai, saglab\u0101 svaigumu un higi\u0113nu.","breadcrumb":{"@id":"https:\/\/www.sdapakuote.lt\/lv\/produkti\/polietilena-maisini\/cpp-bopp-maisini\/perforetie-maisini\/#breadcrumb"},"inLanguage":"lv-LV","potentialAction":[{"@type":"ReadAction","target":["https:\/\/www.sdapakuote.lt\/lv\/produkti\/polietilena-maisini\/cpp-bopp-maisini\/perforetie-maisini\/"]}]},{"@type":"ImageObject","inLanguage":"lv-LV","@id":"https:\/\/www.sdapakuote.lt\/lv\/produkti\/polietilena-maisini\/cpp-bopp-maisini\/perforetie-maisini\/#primaryimage","url":"https:\/\/www.sdapakuote.lt\/wp-content\/uploads\/2022\/02\/perforuoti-maiseliai-scaled.jpg","contentUrl":"https:\/\/www.sdapakuote.lt\/wp-content\/uploads\/2022\/02\/perforuoti-maiseliai-scaled.jpg","width":2560,"height":2560,"caption":"Mai\u0161eliai su perforacija"},{"@type":"BreadcrumbList","@id":"https:\/\/www.sdapakuote.lt\/lv\/produkti\/polietilena-maisini\/cpp-bopp-maisini\/perforetie-maisini\/#breadcrumb","itemListElement":[{"@type":"ListItem","position":1,"name":"Home","item":"https:\/\/www.sdapakuote.lt\/lv\/"},{"@type":"ListItem","position":2,"name":"Produkti","item":"https:\/\/www.sdapakuote.lt\/lv\/produkti\/"},{"@type":"ListItem","position":3,"name":"Polietil\u0113na maisi\u0146i","item":"https:\/\/www.sdapakuote.lt\/lv\/produkti\/polietilena-maisini\/"},{"@type":"ListItem","position":4,"name":"CPP \/ BOPP maisi\u0146i","item":"https:\/\/www.sdapakuote.lt\/lv\/produkti\/polietilena-maisini\/cpp-bopp-maisini\/"},{"@type":"ListItem","position":5,"name":"Perfor\u0113tie maisi\u0146i"}]},{"@type":"WebSite","@id":"https:\/\/www.sdapakuote.lt\/lv\/#website","url":"https:\/\/www.sdapakuote.lt\/lv\/","name":"sdapakuote.lt","description":"Kol kas tik dar vienas WordPress tinklalapis","potentialAction":[{"@type":"SearchAction","target":{"@type":"EntryPoint","urlTemplate":"https:\/\/www.sdapakuote.lt\/lv\/?s={search_term_string}"},"query-input":{"@type":"PropertyValueSpecification","valueRequired":true,"valueName":"search_term_string"}}],"inLanguage":"lv-LV"}]}},"_links":{"self":[{"href":"https:\/\/www.sdapakuote.lt\/lv\/wp-json\/wp\/v2\/pages\/4471","targetHints":{"allow":["GET"]}}],"collection":[{"href":"https:\/\/www.sdapakuote.lt\/lv\/wp-json\/wp\/v2\/pages"}],"about":[{"href":"https:\/\/www.sdapakuote.lt\/lv\/wp-json\/wp\/v2\/types\/page"}],"author":[{"embeddable":true,"href":"https:\/\/www.sdapakuote.lt\/lv\/wp-json\/wp\/v2\/users\/2"}],"replies":[{"embeddable":true,"href":"https:\/\/www.sdapakuote.lt\/lv\/wp-json\/wp\/v2\/comments?post=4471"}],"version-history":[{"count":2,"href":"https:\/\/www.sdapakuote.lt\/lv\/wp-json\/wp\/v2\/pages\/4471\/revisions"}],"predecessor-version":[{"id":4474,"href":"https:\/\/www.sdapakuote.lt\/lv\/wp-json\/wp\/v2\/pages\/4471\/revisions\/4474"}],"up":[{"embeddable":true,"href":"https:\/\/www.sdapakuote.lt\/lv\/wp-json\/wp\/v2\/pages\/4439"}],"wp:featuredmedia":[{"embeddable":true,"href":"https:\/\/www.sdapakuote.lt\/lv\/wp-json\/wp\/v2\/media\/4472"}],"wp:attachment":[{"href":"https:\/\/www.sdapakuote.lt\/lv\/wp-json\/wp\/v2\/media?parent=4471"}],"curies":[{"name":"wp","href":"https:\/\/api.w.org\/{rel}","templated":true}]}}