{"id":4468,"date":"2025-10-07T07:40:49","date_gmt":"2025-10-07T07:40:49","guid":{"rendered":"https:\/\/www.sdapakuote.lt\/?page_id=4468"},"modified":"2025-10-07T07:41:00","modified_gmt":"2025-10-07T07:41:00","slug":"maisini-ar-limlenti","status":"publish","type":"page","link":"https:\/\/www.sdapakuote.lt\/lv\/produkti\/polietilena-maisini\/cpp-bopp-maisini\/maisini-ar-limlenti\/","title":{"rendered":"Maisi\u0146i ar l\u012bmlenti"},"content":{"rendered":"<p data-start=\"403\" data-end=\"741\"><strong data-start=\"403\" data-end=\"418\">SDA Pakuot\u0117<\/strong> pied\u0101v\u0101 augstas kvalit\u0101tes <strong data-start=\"446\" data-end=\"482\">caursp\u012bd\u012bgus CPP \/ BOPP maisi\u0146us<\/strong>, kas izce\u013cas ar <strong data-start=\"499\" data-end=\"523\">izcilu caursp\u012bd\u012bgumu<\/strong> un <strong data-start=\"527\" data-end=\"567\">est\u0113tisku iepakot\u0101 produkta izskatu.<\/strong><br data-start=\"567\" data-end=\"570\" \/><br \/>\n\u0160ie maisi\u0146i tiek pla\u0161i izmantoti <strong data-start=\"603\" data-end=\"636\">mazu izstr\u0101d\u0101jumu iepako\u0161anai<\/strong> \u2014 s\u0101kot no \u0161okol\u0101des, konfekt\u0113m un cepumiem l\u012bdz <strong data-start=\"686\" data-end=\"739\">atsl\u0113gu piekari\u0146iem, d\u0101vanu kart\u0113m un CD diskiem.<\/strong><\/p>\n<p data-start=\"743\" data-end=\"966\">Pateicoties to <strong data-start=\"758\" data-end=\"800\">caursp\u012bd\u012bgumam un elegantajam sp\u012bdumam<\/strong>, \u0161ie maisi\u0146i ir <strong data-start=\"817\" data-end=\"857\">\u012bpa\u0161i popul\u0101ri kalend\u0101ru iepako\u0161anai<\/strong> \u2014 tie <strong data-start=\"864\" data-end=\"927\">pasarg\u0101 produktu no net\u012brumiem un apk\u0101rt\u0113j\u0101s vides ietekmes<\/strong>, l\u012bdz tas non\u0101k pie gala pat\u0113r\u0113t\u0101ja.<\/p>\n<p data-start=\"968\" data-end=\"1252\"><strong data-start=\"968\" data-end=\"983\">Praktiskums<\/strong> ir v\u0113l viena \u0161o maisi\u0146u priek\u0161roc\u012bba.<br data-start=\"1021\" data-end=\"1024\" \/><br \/>\nAug\u0161pus\u0113 eso\u0161\u0101 <strong data-start=\"1039\" data-end=\"1071\">daudzk\u0101rt lietojam\u0101 l\u012bmlente<\/strong> \u013cauj <strong data-start=\"1077\" data-end=\"1113\">\u0101tri un \u0113rti aizv\u0113rt iepakojumu.<\/strong><br data-start=\"1113\" data-end=\"1116\" \/><br \/>\nIevietojot produktu, pietiek <strong data-start=\"1145\" data-end=\"1195\">no\u0146emt aizsargpl\u0113vi, aizloc\u012bt un piel\u012bm\u0113t malu<\/strong> \u2014 tas nodro\u0161ina <strong data-start=\"1212\" data-end=\"1250\">k\u0101rt\u012bgu izskatu un aizsarg\u0101 preci.<\/strong><\/p>\n<p data-start=\"1254\" data-end=\"1451\"><strong data-start=\"1254\" data-end=\"1288\">CPP \/ BOPP maisi\u0146i ar l\u012bmlenti<\/strong> ir <strong data-start=\"1292\" data-end=\"1309\">ide\u0101la izv\u0113le<\/strong> gan <strong data-start=\"1314\" data-end=\"1348\">d\u0101van\u0101m un rekl\u0101mas produktiem<\/strong>, gan <strong data-start=\"1354\" data-end=\"1381\">p\u0101rtikas izstr\u0101d\u0101jumiem<\/strong>, kad ir svar\u012bgi <strong data-start=\"1398\" data-end=\"1449\">saglab\u0101t est\u0113tiku, t\u012br\u012bbu un lieto\u0161anas \u0113rtumu.<\/strong><\/p>\n","protected":false},"excerpt":{"rendered":"<p>SDA Pakuot\u0117 pied\u0101v\u0101 augstas kvalit\u0101tes caursp\u012bd\u012bgus CPP \/ BOPP maisi\u0146us, kas izce\u013cas ar izcilu caursp\u012bd\u012bgumu un est\u0113tisku iepakot\u0101 produkta izskatu. \u0160ie maisi\u0146i tiek pla\u0161i izmantoti mazu izstr\u0101d\u0101jumu iepako\u0161anai \u2014 s\u0101kot no \u0161okol\u0101des, konfekt\u0113m un cepumiem l\u012bdz atsl\u0113gu piekari\u0146iem, d\u0101vanu kart\u0113m un CD diskiem. Pateicoties to caursp\u012bd\u012bgumam un elegantajam sp\u012bdumam, \u0161ie maisi\u0146i ir \u012bpa\u0161i popul\u0101ri kalend\u0101ru [&hellip;]<\/p>\n","protected":false},"author":2,"featured_media":4469,"parent":4439,"menu_order":0,"comment_status":"closed","ping_status":"closed","template":"page-single-product.php","meta":{"_acf_changed":false,"footnotes":""},"class_list":["post-4468","page","type-page","status-publish","has-post-thumbnail","hentry"],"acf":[],"yoast_head":"<!-- This site is optimized with the Yoast SEO plugin v27.4 - https:\/\/yoast.com\/product\/yoast-seo-wordpress\/ -->\n<title>Maisi\u0146i ar l\u012bmlenti - sdapakuote.lt<\/title>\n<meta name=\"description\" content=\"Caursp\u012bd\u012bgi CPP\/BOPP maisi\u0146i ar l\u012bmlenti d\u0101van\u0101m, p\u0101rtikai un rekl\u0101mas produktiem. Est\u0113tiski, \u0113rti un atk\u0101rtoti aizverami.\" \/>\n<meta name=\"robots\" content=\"index, follow, max-snippet:-1, max-image-preview:large, max-video-preview:-1\" \/>\n<link rel=\"canonical\" href=\"https:\/\/www.sdapakuote.lt\/lv\/produkti\/polietilena-maisini\/cpp-bopp-maisini\/maisini-ar-limlenti\/\" \/>\n<meta property=\"og:locale\" content=\"lv_LV\" \/>\n<meta property=\"og:type\" content=\"article\" \/>\n<meta property=\"og:title\" content=\"Maisi\u0146i ar l\u012bmlenti - sdapakuote.lt\" \/>\n<meta property=\"og:description\" content=\"Caursp\u012bd\u012bgi CPP\/BOPP maisi\u0146i ar l\u012bmlenti d\u0101van\u0101m, p\u0101rtikai un rekl\u0101mas produktiem. Est\u0113tiski, \u0113rti un atk\u0101rtoti aizverami.\" \/>\n<meta property=\"og:url\" content=\"https:\/\/www.sdapakuote.lt\/lv\/produkti\/polietilena-maisini\/cpp-bopp-maisini\/maisini-ar-limlenti\/\" \/>\n<meta property=\"og:site_name\" content=\"sdapakuote.lt\" \/>\n<meta property=\"article:modified_time\" content=\"2025-10-07T07:41:00+00:00\" \/>\n<meta property=\"og:image\" content=\"https:\/\/www.sdapakuote.lt\/wp-content\/uploads\/2021\/09\/maiseliai-su-lipnia-juostele.jpg\" \/>\n\t<meta property=\"og:image:width\" content=\"1000\" \/>\n\t<meta property=\"og:image:height\" content=\"756\" \/>\n\t<meta property=\"og:image:type\" content=\"image\/jpeg\" \/>\n<meta name=\"twitter:card\" content=\"summary_large_image\" \/>\n<meta name=\"twitter:label1\" content=\"Est. reading time\" \/>\n\t<meta name=\"twitter:data1\" content=\"1 minute\" \/>\n<script type=\"application\/ld+json\" class=\"yoast-schema-graph\">{\"@context\":\"https:\\\/\\\/schema.org\",\"@graph\":[{\"@type\":\"WebPage\",\"@id\":\"https:\\\/\\\/www.sdapakuote.lt\\\/lv\\\/produkti\\\/polietilena-maisini\\\/cpp-bopp-maisini\\\/maisini-ar-limlenti\\\/\",\"url\":\"https:\\\/\\\/www.sdapakuote.lt\\\/lv\\\/produkti\\\/polietilena-maisini\\\/cpp-bopp-maisini\\\/maisini-ar-limlenti\\\/\",\"name\":\"Maisi\u0146i ar l\u012bmlenti - sdapakuote.lt\",\"isPartOf\":{\"@id\":\"https:\\\/\\\/www.sdapakuote.lt\\\/lv\\\/#website\"},\"primaryImageOfPage\":{\"@id\":\"https:\\\/\\\/www.sdapakuote.lt\\\/lv\\\/produkti\\\/polietilena-maisini\\\/cpp-bopp-maisini\\\/maisini-ar-limlenti\\\/#primaryimage\"},\"image\":{\"@id\":\"https:\\\/\\\/www.sdapakuote.lt\\\/lv\\\/produkti\\\/polietilena-maisini\\\/cpp-bopp-maisini\\\/maisini-ar-limlenti\\\/#primaryimage\"},\"thumbnailUrl\":\"https:\\\/\\\/www.sdapakuote.lt\\\/wp-content\\\/uploads\\\/2021\\\/09\\\/maiseliai-su-lipnia-juostele.jpg\",\"datePublished\":\"2025-10-07T07:40:49+00:00\",\"dateModified\":\"2025-10-07T07:41:00+00:00\",\"description\":\"Caursp\u012bd\u012bgi CPP\\\/BOPP maisi\u0146i ar l\u012bmlenti d\u0101van\u0101m, p\u0101rtikai un rekl\u0101mas produktiem. Est\u0113tiski, \u0113rti un atk\u0101rtoti aizverami.\",\"breadcrumb\":{\"@id\":\"https:\\\/\\\/www.sdapakuote.lt\\\/lv\\\/produkti\\\/polietilena-maisini\\\/cpp-bopp-maisini\\\/maisini-ar-limlenti\\\/#breadcrumb\"},\"inLanguage\":\"lv-LV\",\"potentialAction\":[{\"@type\":\"ReadAction\",\"target\":[\"https:\\\/\\\/www.sdapakuote.lt\\\/lv\\\/produkti\\\/polietilena-maisini\\\/cpp-bopp-maisini\\\/maisini-ar-limlenti\\\/\"]}]},{\"@type\":\"ImageObject\",\"inLanguage\":\"lv-LV\",\"@id\":\"https:\\\/\\\/www.sdapakuote.lt\\\/lv\\\/produkti\\\/polietilena-maisini\\\/cpp-bopp-maisini\\\/maisini-ar-limlenti\\\/#primaryimage\",\"url\":\"https:\\\/\\\/www.sdapakuote.lt\\\/wp-content\\\/uploads\\\/2021\\\/09\\\/maiseliai-su-lipnia-juostele.jpg\",\"contentUrl\":\"https:\\\/\\\/www.sdapakuote.lt\\\/wp-content\\\/uploads\\\/2021\\\/09\\\/maiseliai-su-lipnia-juostele.jpg\",\"width\":1000,\"height\":756},{\"@type\":\"BreadcrumbList\",\"@id\":\"https:\\\/\\\/www.sdapakuote.lt\\\/lv\\\/produkti\\\/polietilena-maisini\\\/cpp-bopp-maisini\\\/maisini-ar-limlenti\\\/#breadcrumb\",\"itemListElement\":[{\"@type\":\"ListItem\",\"position\":1,\"name\":\"Home\",\"item\":\"https:\\\/\\\/www.sdapakuote.lt\\\/lv\\\/\"},{\"@type\":\"ListItem\",\"position\":2,\"name\":\"Produkti\",\"item\":\"https:\\\/\\\/www.sdapakuote.lt\\\/lv\\\/produkti\\\/\"},{\"@type\":\"ListItem\",\"position\":3,\"name\":\"Polietil\u0113na maisi\u0146i\",\"item\":\"https:\\\/\\\/www.sdapakuote.lt\\\/lv\\\/produkti\\\/polietilena-maisini\\\/\"},{\"@type\":\"ListItem\",\"position\":4,\"name\":\"CPP \\\/ BOPP maisi\u0146i\",\"item\":\"https:\\\/\\\/www.sdapakuote.lt\\\/lv\\\/produkti\\\/polietilena-maisini\\\/cpp-bopp-maisini\\\/\"},{\"@type\":\"ListItem\",\"position\":5,\"name\":\"Maisi\u0146i ar l\u012bmlenti\"}]},{\"@type\":\"WebSite\",\"@id\":\"https:\\\/\\\/www.sdapakuote.lt\\\/lv\\\/#website\",\"url\":\"https:\\\/\\\/www.sdapakuote.lt\\\/lv\\\/\",\"name\":\"sdapakuote.lt\",\"description\":\"Kol kas tik dar vienas WordPress tinklalapis\",\"potentialAction\":[{\"@type\":\"SearchAction\",\"target\":{\"@type\":\"EntryPoint\",\"urlTemplate\":\"https:\\\/\\\/www.sdapakuote.lt\\\/lv\\\/?s={search_term_string}\"},\"query-input\":{\"@type\":\"PropertyValueSpecification\",\"valueRequired\":true,\"valueName\":\"search_term_string\"}}],\"inLanguage\":\"lv-LV\"}]}<\/script>\n<!-- \/ Yoast SEO plugin. -->","yoast_head_json":{"title":"Maisi\u0146i ar l\u012bmlenti - sdapakuote.lt","description":"Caursp\u012bd\u012bgi CPP\/BOPP maisi\u0146i ar l\u012bmlenti d\u0101van\u0101m, p\u0101rtikai un rekl\u0101mas produktiem. Est\u0113tiski, \u0113rti un atk\u0101rtoti aizverami.","robots":{"index":"index","follow":"follow","max-snippet":"max-snippet:-1","max-image-preview":"max-image-preview:large","max-video-preview":"max-video-preview:-1"},"canonical":"https:\/\/www.sdapakuote.lt\/lv\/produkti\/polietilena-maisini\/cpp-bopp-maisini\/maisini-ar-limlenti\/","og_locale":"lv_LV","og_type":"article","og_title":"Maisi\u0146i ar l\u012bmlenti - sdapakuote.lt","og_description":"Caursp\u012bd\u012bgi CPP\/BOPP maisi\u0146i ar l\u012bmlenti d\u0101van\u0101m, p\u0101rtikai un rekl\u0101mas produktiem. Est\u0113tiski, \u0113rti un atk\u0101rtoti aizverami.","og_url":"https:\/\/www.sdapakuote.lt\/lv\/produkti\/polietilena-maisini\/cpp-bopp-maisini\/maisini-ar-limlenti\/","og_site_name":"sdapakuote.lt","article_modified_time":"2025-10-07T07:41:00+00:00","og_image":[{"width":1000,"height":756,"url":"https:\/\/www.sdapakuote.lt\/wp-content\/uploads\/2021\/09\/maiseliai-su-lipnia-juostele.jpg","type":"image\/jpeg"}],"twitter_card":"summary_large_image","twitter_misc":{"Est. reading time":"1 minute"},"schema":{"@context":"https:\/\/schema.org","@graph":[{"@type":"WebPage","@id":"https:\/\/www.sdapakuote.lt\/lv\/produkti\/polietilena-maisini\/cpp-bopp-maisini\/maisini-ar-limlenti\/","url":"https:\/\/www.sdapakuote.lt\/lv\/produkti\/polietilena-maisini\/cpp-bopp-maisini\/maisini-ar-limlenti\/","name":"Maisi\u0146i ar l\u012bmlenti - sdapakuote.lt","isPartOf":{"@id":"https:\/\/www.sdapakuote.lt\/lv\/#website"},"primaryImageOfPage":{"@id":"https:\/\/www.sdapakuote.lt\/lv\/produkti\/polietilena-maisini\/cpp-bopp-maisini\/maisini-ar-limlenti\/#primaryimage"},"image":{"@id":"https:\/\/www.sdapakuote.lt\/lv\/produkti\/polietilena-maisini\/cpp-bopp-maisini\/maisini-ar-limlenti\/#primaryimage"},"thumbnailUrl":"https:\/\/www.sdapakuote.lt\/wp-content\/uploads\/2021\/09\/maiseliai-su-lipnia-juostele.jpg","datePublished":"2025-10-07T07:40:49+00:00","dateModified":"2025-10-07T07:41:00+00:00","description":"Caursp\u012bd\u012bgi CPP\/BOPP maisi\u0146i ar l\u012bmlenti d\u0101van\u0101m, p\u0101rtikai un rekl\u0101mas produktiem. Est\u0113tiski, \u0113rti un atk\u0101rtoti aizverami.","breadcrumb":{"@id":"https:\/\/www.sdapakuote.lt\/lv\/produkti\/polietilena-maisini\/cpp-bopp-maisini\/maisini-ar-limlenti\/#breadcrumb"},"inLanguage":"lv-LV","potentialAction":[{"@type":"ReadAction","target":["https:\/\/www.sdapakuote.lt\/lv\/produkti\/polietilena-maisini\/cpp-bopp-maisini\/maisini-ar-limlenti\/"]}]},{"@type":"ImageObject","inLanguage":"lv-LV","@id":"https:\/\/www.sdapakuote.lt\/lv\/produkti\/polietilena-maisini\/cpp-bopp-maisini\/maisini-ar-limlenti\/#primaryimage","url":"https:\/\/www.sdapakuote.lt\/wp-content\/uploads\/2021\/09\/maiseliai-su-lipnia-juostele.jpg","contentUrl":"https:\/\/www.sdapakuote.lt\/wp-content\/uploads\/2021\/09\/maiseliai-su-lipnia-juostele.jpg","width":1000,"height":756},{"@type":"BreadcrumbList","@id":"https:\/\/www.sdapakuote.lt\/lv\/produkti\/polietilena-maisini\/cpp-bopp-maisini\/maisini-ar-limlenti\/#breadcrumb","itemListElement":[{"@type":"ListItem","position":1,"name":"Home","item":"https:\/\/www.sdapakuote.lt\/lv\/"},{"@type":"ListItem","position":2,"name":"Produkti","item":"https:\/\/www.sdapakuote.lt\/lv\/produkti\/"},{"@type":"ListItem","position":3,"name":"Polietil\u0113na maisi\u0146i","item":"https:\/\/www.sdapakuote.lt\/lv\/produkti\/polietilena-maisini\/"},{"@type":"ListItem","position":4,"name":"CPP \/ BOPP maisi\u0146i","item":"https:\/\/www.sdapakuote.lt\/lv\/produkti\/polietilena-maisini\/cpp-bopp-maisini\/"},{"@type":"ListItem","position":5,"name":"Maisi\u0146i ar l\u012bmlenti"}]},{"@type":"WebSite","@id":"https:\/\/www.sdapakuote.lt\/lv\/#website","url":"https:\/\/www.sdapakuote.lt\/lv\/","name":"sdapakuote.lt","description":"Kol kas tik dar vienas WordPress tinklalapis","potentialAction":[{"@type":"SearchAction","target":{"@type":"EntryPoint","urlTemplate":"https:\/\/www.sdapakuote.lt\/lv\/?s={search_term_string}"},"query-input":{"@type":"PropertyValueSpecification","valueRequired":true,"valueName":"search_term_string"}}],"inLanguage":"lv-LV"}]}},"_links":{"self":[{"href":"https:\/\/www.sdapakuote.lt\/lv\/wp-json\/wp\/v2\/pages\/4468","targetHints":{"allow":["GET"]}}],"collection":[{"href":"https:\/\/www.sdapakuote.lt\/lv\/wp-json\/wp\/v2\/pages"}],"about":[{"href":"https:\/\/www.sdapakuote.lt\/lv\/wp-json\/wp\/v2\/types\/page"}],"author":[{"embeddable":true,"href":"https:\/\/www.sdapakuote.lt\/lv\/wp-json\/wp\/v2\/users\/2"}],"replies":[{"embeddable":true,"href":"https:\/\/www.sdapakuote.lt\/lv\/wp-json\/wp\/v2\/comments?post=4468"}],"version-history":[{"count":1,"href":"https:\/\/www.sdapakuote.lt\/lv\/wp-json\/wp\/v2\/pages\/4468\/revisions"}],"predecessor-version":[{"id":4470,"href":"https:\/\/www.sdapakuote.lt\/lv\/wp-json\/wp\/v2\/pages\/4468\/revisions\/4470"}],"up":[{"embeddable":true,"href":"https:\/\/www.sdapakuote.lt\/lv\/wp-json\/wp\/v2\/pages\/4439"}],"wp:featuredmedia":[{"embeddable":true,"href":"https:\/\/www.sdapakuote.lt\/lv\/wp-json\/wp\/v2\/media\/4469"}],"wp:attachment":[{"href":"https:\/\/www.sdapakuote.lt\/lv\/wp-json\/wp\/v2\/media?parent=4468"}],"curies":[{"name":"wp","href":"https:\/\/api.w.org\/{rel}","templated":true}]}}