{"id":4464,"date":"2025-10-07T07:38:19","date_gmt":"2025-10-07T07:38:19","guid":{"rendered":"https:\/\/www.sdapakuote.lt\/?page_id=4464"},"modified":"2025-10-07T07:38:30","modified_gmt":"2025-10-07T07:38:30","slug":"maisini-ar-euro-piekarinu-euro-caurumu","status":"publish","type":"page","link":"https:\/\/www.sdapakuote.lt\/lv\/produkti\/polietilena-maisini\/cpp-bopp-maisini\/maisini-ar-euro-piekarinu-euro-caurumu\/","title":{"rendered":"Maisi\u0146i ar Euro piekari\u0146u (Euro caurumu)"},"content":{"rendered":"<p data-start=\"358\" data-end=\"669\"><strong data-start=\"358\" data-end=\"373\">SDA Pakuot\u0117<\/strong> ra\u017eo da\u017e\u0101du izm\u0113ru <strong data-start=\"393\" data-end=\"423\">maisi\u0146us ar piekari\u0146u da\u013cu<\/strong>, kas paz\u012bstami ar\u012b k\u0101 <strong data-start=\"446\" data-end=\"474\">maisi\u0146i ar Euro caurumu.<\/strong><br data-start=\"474\" data-end=\"477\" \/><br \/>\n\u0160\u0101da veida iepakojums tiek <strong data-start=\"504\" data-end=\"536\">pla\u0161i izmantots tirdzniec\u012bb\u0101<\/strong>, jo \u013cauj <strong data-start=\"546\" data-end=\"613\">\u0113rti pakarin\u0101t produktus uz stendiem vai ekspoz\u012bcijas plauktiem<\/strong>, uzlabojot <strong data-start=\"625\" data-end=\"667\">pre\u010du redzam\u012bbu un veicinot p\u0101rdo\u0161anu.<\/strong><\/p>\n<p data-start=\"671\" data-end=\"885\">Maisi\u0146us ar Euro piekari\u0146u varam <strong data-start=\"704\" data-end=\"748\">izgatavot p\u0113c j\u016bsu nor\u0101d\u012btajiem izm\u0113riem<\/strong>, t\u0101d\u0113\u013c tie ir piem\u0113roti gan <strong data-start=\"777\" data-end=\"800\">maz\u0101kiem produktiem<\/strong> (piem\u0113ram, aksesu\u0101riem, saldumiem, piekari\u0146iem), gan <strong data-start=\"854\" data-end=\"883\">liel\u0101kiem izstr\u0101d\u0101jumiem.<\/strong><\/p>\n<p data-start=\"887\" data-end=\"1072\">Ra\u017eo\u0161an\u0101 izmantojam <strong data-start=\"907\" data-end=\"942\">da\u017e\u0101du veidu polietil\u0113na pl\u0113ves<\/strong> \u2014 <strong data-start=\"945\" data-end=\"970\">HDPE, LDPE, BOPP, CPP<\/strong> un citas.<br data-start=\"980\" data-end=\"983\" \/><br \/>\nP\u0113c izv\u0113les var pas\u016bt\u012bt <strong data-start=\"1007\" data-end=\"1049\">caursp\u012bd\u012bgus, kr\u0101sainus vai ar apdruku<\/strong> paredz\u0113tus maisi\u0146us.<\/p>\n<p data-start=\"1074\" data-end=\"1246\">Katrs projekts tiek <strong data-start=\"1094\" data-end=\"1120\">izstr\u0101d\u0101ts individu\u0101li<\/strong> \u2014 sazinieties ar mums, un m\u0113s pied\u0101v\u0101sim <strong data-start=\"1162\" data-end=\"1244\">risin\u0101jumu, kas vislab\u0101k atbilst j\u016bsu produkcijai un tirdzniec\u012bbas vajadz\u012bb\u0101m.<\/strong><\/p>\n","protected":false},"excerpt":{"rendered":"<p>SDA Pakuot\u0117 ra\u017eo da\u017e\u0101du izm\u0113ru maisi\u0146us ar piekari\u0146u da\u013cu, kas paz\u012bstami ar\u012b k\u0101 maisi\u0146i ar Euro caurumu. \u0160\u0101da veida iepakojums tiek pla\u0161i izmantots tirdzniec\u012bb\u0101, jo \u013cauj \u0113rti pakarin\u0101t produktus uz stendiem vai ekspoz\u012bcijas plauktiem, uzlabojot pre\u010du redzam\u012bbu un veicinot p\u0101rdo\u0161anu. Maisi\u0146us ar Euro piekari\u0146u varam izgatavot p\u0113c j\u016bsu nor\u0101d\u012btajiem izm\u0113riem, t\u0101d\u0113\u013c tie ir piem\u0113roti gan [&hellip;]<\/p>\n","protected":false},"author":2,"featured_media":4466,"parent":4439,"menu_order":0,"comment_status":"closed","ping_status":"closed","template":"page-single-product.php","meta":{"_acf_changed":false,"footnotes":""},"class_list":["post-4464","page","type-page","status-publish","has-post-thumbnail","hentry"],"acf":[],"yoast_head":"<!-- This site is optimized with the Yoast SEO plugin v27.4 - https:\/\/yoast.com\/product\/yoast-seo-wordpress\/ -->\n<title>Maisi\u0146i ar Euro piekari\u0146u (Euro caurumu) - sdapakuote.lt<\/title>\n<meta name=\"description\" content=\"Maisi\u0146i ar Euro caurumu \u0113rtai pre\u010du ekspoz\u012bcijai. Pieejami da\u017e\u0101dos izm\u0113ros, ar apdruku vai kr\u0101sainu pl\u0113vi p\u0113c pas\u016bt\u012bjuma.\" \/>\n<meta name=\"robots\" content=\"index, follow, max-snippet:-1, max-image-preview:large, max-video-preview:-1\" \/>\n<link rel=\"canonical\" href=\"https:\/\/www.sdapakuote.lt\/lv\/produkti\/polietilena-maisini\/cpp-bopp-maisini\/maisini-ar-euro-piekarinu-euro-caurumu\/\" \/>\n<meta property=\"og:locale\" content=\"lv_LV\" \/>\n<meta property=\"og:type\" content=\"article\" \/>\n<meta property=\"og:title\" content=\"Maisi\u0146i ar Euro piekari\u0146u (Euro caurumu) - sdapakuote.lt\" \/>\n<meta property=\"og:description\" content=\"Maisi\u0146i ar Euro caurumu \u0113rtai pre\u010du ekspoz\u012bcijai. Pieejami da\u017e\u0101dos izm\u0113ros, ar apdruku vai kr\u0101sainu pl\u0113vi p\u0113c pas\u016bt\u012bjuma.\" \/>\n<meta property=\"og:url\" content=\"https:\/\/www.sdapakuote.lt\/lv\/produkti\/polietilena-maisini\/cpp-bopp-maisini\/maisini-ar-euro-piekarinu-euro-caurumu\/\" \/>\n<meta property=\"og:site_name\" content=\"sdapakuote.lt\" \/>\n<meta property=\"article:modified_time\" content=\"2025-10-07T07:38:30+00:00\" \/>\n<meta property=\"og:image\" content=\"https:\/\/www.sdapakuote.lt\/wp-content\/uploads\/2022\/03\/Maiseliai-su-euro-pakabuku-2.jpg\" \/>\n\t<meta property=\"og:image:width\" content=\"1549\" \/>\n\t<meta property=\"og:image:height\" content=\"1539\" \/>\n\t<meta property=\"og:image:type\" content=\"image\/jpeg\" \/>\n<meta name=\"twitter:card\" content=\"summary_large_image\" \/>\n<meta name=\"twitter:label1\" content=\"Est. reading time\" \/>\n\t<meta name=\"twitter:data1\" content=\"1 minute\" \/>\n<script type=\"application\/ld+json\" class=\"yoast-schema-graph\">{\"@context\":\"https:\\\/\\\/schema.org\",\"@graph\":[{\"@type\":\"WebPage\",\"@id\":\"https:\\\/\\\/www.sdapakuote.lt\\\/lv\\\/produkti\\\/polietilena-maisini\\\/cpp-bopp-maisini\\\/maisini-ar-euro-piekarinu-euro-caurumu\\\/\",\"url\":\"https:\\\/\\\/www.sdapakuote.lt\\\/lv\\\/produkti\\\/polietilena-maisini\\\/cpp-bopp-maisini\\\/maisini-ar-euro-piekarinu-euro-caurumu\\\/\",\"name\":\"Maisi\u0146i ar Euro piekari\u0146u (Euro caurumu) - sdapakuote.lt\",\"isPartOf\":{\"@id\":\"https:\\\/\\\/www.sdapakuote.lt\\\/lv\\\/#website\"},\"primaryImageOfPage\":{\"@id\":\"https:\\\/\\\/www.sdapakuote.lt\\\/lv\\\/produkti\\\/polietilena-maisini\\\/cpp-bopp-maisini\\\/maisini-ar-euro-piekarinu-euro-caurumu\\\/#primaryimage\"},\"image\":{\"@id\":\"https:\\\/\\\/www.sdapakuote.lt\\\/lv\\\/produkti\\\/polietilena-maisini\\\/cpp-bopp-maisini\\\/maisini-ar-euro-piekarinu-euro-caurumu\\\/#primaryimage\"},\"thumbnailUrl\":\"https:\\\/\\\/www.sdapakuote.lt\\\/wp-content\\\/uploads\\\/2022\\\/03\\\/Maiseliai-su-euro-pakabuku-2.jpg\",\"datePublished\":\"2025-10-07T07:38:19+00:00\",\"dateModified\":\"2025-10-07T07:38:30+00:00\",\"description\":\"Maisi\u0146i ar Euro caurumu \u0113rtai pre\u010du ekspoz\u012bcijai. Pieejami da\u017e\u0101dos izm\u0113ros, ar apdruku vai kr\u0101sainu pl\u0113vi p\u0113c pas\u016bt\u012bjuma.\",\"breadcrumb\":{\"@id\":\"https:\\\/\\\/www.sdapakuote.lt\\\/lv\\\/produkti\\\/polietilena-maisini\\\/cpp-bopp-maisini\\\/maisini-ar-euro-piekarinu-euro-caurumu\\\/#breadcrumb\"},\"inLanguage\":\"lv-LV\",\"potentialAction\":[{\"@type\":\"ReadAction\",\"target\":[\"https:\\\/\\\/www.sdapakuote.lt\\\/lv\\\/produkti\\\/polietilena-maisini\\\/cpp-bopp-maisini\\\/maisini-ar-euro-piekarinu-euro-caurumu\\\/\"]}]},{\"@type\":\"ImageObject\",\"inLanguage\":\"lv-LV\",\"@id\":\"https:\\\/\\\/www.sdapakuote.lt\\\/lv\\\/produkti\\\/polietilena-maisini\\\/cpp-bopp-maisini\\\/maisini-ar-euro-piekarinu-euro-caurumu\\\/#primaryimage\",\"url\":\"https:\\\/\\\/www.sdapakuote.lt\\\/wp-content\\\/uploads\\\/2022\\\/03\\\/Maiseliai-su-euro-pakabuku-2.jpg\",\"contentUrl\":\"https:\\\/\\\/www.sdapakuote.lt\\\/wp-content\\\/uploads\\\/2022\\\/03\\\/Maiseliai-su-euro-pakabuku-2.jpg\",\"width\":1549,\"height\":1539,\"caption\":\"Mai\u0161eliai su euro pakabuku\"},{\"@type\":\"BreadcrumbList\",\"@id\":\"https:\\\/\\\/www.sdapakuote.lt\\\/lv\\\/produkti\\\/polietilena-maisini\\\/cpp-bopp-maisini\\\/maisini-ar-euro-piekarinu-euro-caurumu\\\/#breadcrumb\",\"itemListElement\":[{\"@type\":\"ListItem\",\"position\":1,\"name\":\"Home\",\"item\":\"https:\\\/\\\/www.sdapakuote.lt\\\/lv\\\/\"},{\"@type\":\"ListItem\",\"position\":2,\"name\":\"Produkti\",\"item\":\"https:\\\/\\\/www.sdapakuote.lt\\\/lv\\\/produkti\\\/\"},{\"@type\":\"ListItem\",\"position\":3,\"name\":\"Polietil\u0113na maisi\u0146i\",\"item\":\"https:\\\/\\\/www.sdapakuote.lt\\\/lv\\\/produkti\\\/polietilena-maisini\\\/\"},{\"@type\":\"ListItem\",\"position\":4,\"name\":\"CPP \\\/ BOPP maisi\u0146i\",\"item\":\"https:\\\/\\\/www.sdapakuote.lt\\\/lv\\\/produkti\\\/polietilena-maisini\\\/cpp-bopp-maisini\\\/\"},{\"@type\":\"ListItem\",\"position\":5,\"name\":\"Maisi\u0146i ar Euro piekari\u0146u (Euro caurumu)\"}]},{\"@type\":\"WebSite\",\"@id\":\"https:\\\/\\\/www.sdapakuote.lt\\\/lv\\\/#website\",\"url\":\"https:\\\/\\\/www.sdapakuote.lt\\\/lv\\\/\",\"name\":\"sdapakuote.lt\",\"description\":\"Kol kas tik dar vienas WordPress tinklalapis\",\"potentialAction\":[{\"@type\":\"SearchAction\",\"target\":{\"@type\":\"EntryPoint\",\"urlTemplate\":\"https:\\\/\\\/www.sdapakuote.lt\\\/lv\\\/?s={search_term_string}\"},\"query-input\":{\"@type\":\"PropertyValueSpecification\",\"valueRequired\":true,\"valueName\":\"search_term_string\"}}],\"inLanguage\":\"lv-LV\"}]}<\/script>\n<!-- \/ Yoast SEO plugin. -->","yoast_head_json":{"title":"Maisi\u0146i ar Euro piekari\u0146u (Euro caurumu) - sdapakuote.lt","description":"Maisi\u0146i ar Euro caurumu \u0113rtai pre\u010du ekspoz\u012bcijai. Pieejami da\u017e\u0101dos izm\u0113ros, ar apdruku vai kr\u0101sainu pl\u0113vi p\u0113c pas\u016bt\u012bjuma.","robots":{"index":"index","follow":"follow","max-snippet":"max-snippet:-1","max-image-preview":"max-image-preview:large","max-video-preview":"max-video-preview:-1"},"canonical":"https:\/\/www.sdapakuote.lt\/lv\/produkti\/polietilena-maisini\/cpp-bopp-maisini\/maisini-ar-euro-piekarinu-euro-caurumu\/","og_locale":"lv_LV","og_type":"article","og_title":"Maisi\u0146i ar Euro piekari\u0146u (Euro caurumu) - sdapakuote.lt","og_description":"Maisi\u0146i ar Euro caurumu \u0113rtai pre\u010du ekspoz\u012bcijai. Pieejami da\u017e\u0101dos izm\u0113ros, ar apdruku vai kr\u0101sainu pl\u0113vi p\u0113c pas\u016bt\u012bjuma.","og_url":"https:\/\/www.sdapakuote.lt\/lv\/produkti\/polietilena-maisini\/cpp-bopp-maisini\/maisini-ar-euro-piekarinu-euro-caurumu\/","og_site_name":"sdapakuote.lt","article_modified_time":"2025-10-07T07:38:30+00:00","og_image":[{"width":1549,"height":1539,"url":"https:\/\/www.sdapakuote.lt\/wp-content\/uploads\/2022\/03\/Maiseliai-su-euro-pakabuku-2.jpg","type":"image\/jpeg"}],"twitter_card":"summary_large_image","twitter_misc":{"Est. reading time":"1 minute"},"schema":{"@context":"https:\/\/schema.org","@graph":[{"@type":"WebPage","@id":"https:\/\/www.sdapakuote.lt\/lv\/produkti\/polietilena-maisini\/cpp-bopp-maisini\/maisini-ar-euro-piekarinu-euro-caurumu\/","url":"https:\/\/www.sdapakuote.lt\/lv\/produkti\/polietilena-maisini\/cpp-bopp-maisini\/maisini-ar-euro-piekarinu-euro-caurumu\/","name":"Maisi\u0146i ar Euro piekari\u0146u (Euro caurumu) - sdapakuote.lt","isPartOf":{"@id":"https:\/\/www.sdapakuote.lt\/lv\/#website"},"primaryImageOfPage":{"@id":"https:\/\/www.sdapakuote.lt\/lv\/produkti\/polietilena-maisini\/cpp-bopp-maisini\/maisini-ar-euro-piekarinu-euro-caurumu\/#primaryimage"},"image":{"@id":"https:\/\/www.sdapakuote.lt\/lv\/produkti\/polietilena-maisini\/cpp-bopp-maisini\/maisini-ar-euro-piekarinu-euro-caurumu\/#primaryimage"},"thumbnailUrl":"https:\/\/www.sdapakuote.lt\/wp-content\/uploads\/2022\/03\/Maiseliai-su-euro-pakabuku-2.jpg","datePublished":"2025-10-07T07:38:19+00:00","dateModified":"2025-10-07T07:38:30+00:00","description":"Maisi\u0146i ar Euro caurumu \u0113rtai pre\u010du ekspoz\u012bcijai. Pieejami da\u017e\u0101dos izm\u0113ros, ar apdruku vai kr\u0101sainu pl\u0113vi p\u0113c pas\u016bt\u012bjuma.","breadcrumb":{"@id":"https:\/\/www.sdapakuote.lt\/lv\/produkti\/polietilena-maisini\/cpp-bopp-maisini\/maisini-ar-euro-piekarinu-euro-caurumu\/#breadcrumb"},"inLanguage":"lv-LV","potentialAction":[{"@type":"ReadAction","target":["https:\/\/www.sdapakuote.lt\/lv\/produkti\/polietilena-maisini\/cpp-bopp-maisini\/maisini-ar-euro-piekarinu-euro-caurumu\/"]}]},{"@type":"ImageObject","inLanguage":"lv-LV","@id":"https:\/\/www.sdapakuote.lt\/lv\/produkti\/polietilena-maisini\/cpp-bopp-maisini\/maisini-ar-euro-piekarinu-euro-caurumu\/#primaryimage","url":"https:\/\/www.sdapakuote.lt\/wp-content\/uploads\/2022\/03\/Maiseliai-su-euro-pakabuku-2.jpg","contentUrl":"https:\/\/www.sdapakuote.lt\/wp-content\/uploads\/2022\/03\/Maiseliai-su-euro-pakabuku-2.jpg","width":1549,"height":1539,"caption":"Mai\u0161eliai su euro pakabuku"},{"@type":"BreadcrumbList","@id":"https:\/\/www.sdapakuote.lt\/lv\/produkti\/polietilena-maisini\/cpp-bopp-maisini\/maisini-ar-euro-piekarinu-euro-caurumu\/#breadcrumb","itemListElement":[{"@type":"ListItem","position":1,"name":"Home","item":"https:\/\/www.sdapakuote.lt\/lv\/"},{"@type":"ListItem","position":2,"name":"Produkti","item":"https:\/\/www.sdapakuote.lt\/lv\/produkti\/"},{"@type":"ListItem","position":3,"name":"Polietil\u0113na maisi\u0146i","item":"https:\/\/www.sdapakuote.lt\/lv\/produkti\/polietilena-maisini\/"},{"@type":"ListItem","position":4,"name":"CPP \/ BOPP maisi\u0146i","item":"https:\/\/www.sdapakuote.lt\/lv\/produkti\/polietilena-maisini\/cpp-bopp-maisini\/"},{"@type":"ListItem","position":5,"name":"Maisi\u0146i ar Euro piekari\u0146u (Euro caurumu)"}]},{"@type":"WebSite","@id":"https:\/\/www.sdapakuote.lt\/lv\/#website","url":"https:\/\/www.sdapakuote.lt\/lv\/","name":"sdapakuote.lt","description":"Kol kas tik dar vienas WordPress tinklalapis","potentialAction":[{"@type":"SearchAction","target":{"@type":"EntryPoint","urlTemplate":"https:\/\/www.sdapakuote.lt\/lv\/?s={search_term_string}"},"query-input":{"@type":"PropertyValueSpecification","valueRequired":true,"valueName":"search_term_string"}}],"inLanguage":"lv-LV"}]}},"_links":{"self":[{"href":"https:\/\/www.sdapakuote.lt\/lv\/wp-json\/wp\/v2\/pages\/4464","targetHints":{"allow":["GET"]}}],"collection":[{"href":"https:\/\/www.sdapakuote.lt\/lv\/wp-json\/wp\/v2\/pages"}],"about":[{"href":"https:\/\/www.sdapakuote.lt\/lv\/wp-json\/wp\/v2\/types\/page"}],"author":[{"embeddable":true,"href":"https:\/\/www.sdapakuote.lt\/lv\/wp-json\/wp\/v2\/users\/2"}],"replies":[{"embeddable":true,"href":"https:\/\/www.sdapakuote.lt\/lv\/wp-json\/wp\/v2\/comments?post=4464"}],"version-history":[{"count":1,"href":"https:\/\/www.sdapakuote.lt\/lv\/wp-json\/wp\/v2\/pages\/4464\/revisions"}],"predecessor-version":[{"id":4467,"href":"https:\/\/www.sdapakuote.lt\/lv\/wp-json\/wp\/v2\/pages\/4464\/revisions\/4467"}],"up":[{"embeddable":true,"href":"https:\/\/www.sdapakuote.lt\/lv\/wp-json\/wp\/v2\/pages\/4439"}],"wp:featuredmedia":[{"embeddable":true,"href":"https:\/\/www.sdapakuote.lt\/lv\/wp-json\/wp\/v2\/media\/4466"}],"wp:attachment":[{"href":"https:\/\/www.sdapakuote.lt\/lv\/wp-json\/wp\/v2\/media?parent=4464"}],"curies":[{"name":"wp","href":"https:\/\/api.w.org\/{rel}","templated":true}]}}